{"id":43804,"date":"2023-10-11T11:06:16","date_gmt":"2023-10-11T15:06:16","guid":{"rendered":"https:\/\/www.sisinternational.com\/?page_id=43804"},"modified":"2026-03-24T18:21:47","modified_gmt":"2026-03-24T22:21:47","slug":"etude-de-marche-sur-les-points-de-vente","status":"publish","type":"page","link":"https:\/\/www.sisinternational.com\/fr\/competence\/etude-de-marche-sur-les-points-de-vente\/","title":{"rendered":"\u00c9tude de march\u00e9 sur les points d\u2019achat"},"content":{"rendered":"<h1 class=\"wp-block-heading\">\u00c9tude de march\u00e9 sur les points d\u2019achat<\/h1>\n\n\n\n<figure class=\"gb-block-image gb-block-image-d05a9467\"><img loading=\"lazy\" decoding=\"async\" width=\"1456\" height=\"816\" class=\"gb-image gb-image-d05a9467\" src=\"https:\/\/www.sisinternational.com\/wp-content\/uploads\/2025\/08\/Point-of-sale-point-of-purchase-9.jpg\" alt=\"\u00c9tudes de march\u00e9 et strat\u00e9gie internationales SIS\" title=\"Point of sale point of purchase (9)\" srcset=\"https:\/\/www.sisinternational.com\/wp-content\/uploads\/2025\/08\/Point-of-sale-point-of-purchase-9.jpg 1456w, https:\/\/www.sisinternational.com\/wp-content\/uploads\/2025\/08\/Point-of-sale-point-of-purchase-9-300x168.jpg 300w, https:\/\/www.sisinternational.com\/wp-content\/uploads\/2025\/08\/Point-of-sale-point-of-purchase-9-1024x574.jpg 1024w, https:\/\/www.sisinternational.com\/wp-content\/uploads\/2025\/08\/Point-of-sale-point-of-purchase-9-768x430.jpg 768w, https:\/\/www.sisinternational.com\/wp-content\/uploads\/2025\/08\/Point-of-sale-point-of-purchase-9-18x10.jpg 18w\" sizes=\"auto, (max-width: 1456px) 100vw, 1456px\"><\/figure>\n\n\n\n<p><\/p>\n\n\n\n<p>Comment les consommateurs prennent-ils des d\u00e9cisions au moment m\u00eame o\u00f9 ils sont confront\u00e9s \u00e0 une multitude de choix de produits ? Les \u00e9tudes de march\u00e9 sur les points d&#039;achat (PoP) approfondissent ce facteur critique, en explorant les d\u00e9clencheurs et les influenceurs qui fa\u00e7onnent les comportements d&#039;achat directement au point de vente. Alors que les entreprises s&#039;efforcent d&#039;optimiser leurs pr\u00e9sentations en magasin, leurs strat\u00e9gies promotionnelles et la conception de leurs emballages, comprendre la dynamique en jeu pendant ces moments d\u00e9cisifs peut \u00eatre la cl\u00e9 pour d\u00e9bloquer des ventes am\u00e9lior\u00e9es et la fid\u00e9lisation des clients.<\/p>\n\n\n\n<h2 class=\"wp-block-heading\">Qu\u2019est-ce que l\u2019\u00e9tude de march\u00e9 sur les points d\u2019achat (PoP) ?<\/h2>\n\n\n\n<p><a href=\"https:\/\/www.sisinternational.com\/fr\/competence\/les-industries\/etude-de-marche-sur-les-points-de-vente-2\/\" title=\"\u00c9tude de march\u00e9 sur les points de vente\"  data-wpil-monitor-id=\"4912\">Point of purchase market research<\/a> involves aims to understand how consumers interact with products and make buying decisions in real-time. This research is typically conducted in retail environments such as supermarkets, malls, or online platforms, where customers have direct access to products.<\/p>\n\n\n\n<p><a href=\"https:\/\/www.sisinternational.com\/fr\/vox-pops-et-etudes-de-marche\/\" title=\"\u00c9tude de march\u00e9 Vox Pops\"  data-wpil-monitor-id=\"4316\">PoP market research<\/a> also helps in optimizing the customer&#8217;s purchasing experience. By studying consumer behavior at the point of purchase, companies can make informed decisions about product placement, pricing strategies, and marketing campaigns.<\/p>\n\n\n\n<h2 class=\"wp-block-heading\">Importance de l\u2019\u00e9tude de march\u00e9 sur les points d\u2019achat<\/h2>\n\n\n\n<p>Les \u00e9tudes de march\u00e9 PoP sont d\u2019une importance capitale pour les entreprises de tous les secteurs. Voici quelques principales raisons pour lesquelles\u00a0:<\/p>\n\n\n\n<ul class=\"wp-block-list\">\n<li><strong>Compr\u00e9hension <\/strong><a href=\"https:\/\/www.sisinternational.com\/fr\/etude-de-marche-sur-la-pop-coreenne-k-pop\/\" title=\"\u00c9tude de march\u00e9 sur la pop cor\u00e9enne | K-pop\"  data-wpil-monitor-id=\"2638\">Consumer Behavior: By conducting PoP market research<\/a>, businesses gain valuable insights into consumer behavior patterns. They can identify the factors that impact purchasing decisions such as price sensitivity, brand loyalty, product features, and packaging. This understanding enables companies to align their marketing strategies and product offerings accordingly, resulting in higher customer satisfaction and increased sales.<\/li>\n\n\n\n<li><strong>Optimiser le placement de produits\u00a0:<\/strong> Le placement strat\u00e9gique de produits est crucial pour influencer les d\u00e9cisions d\u2019achat des clients. Les \u00e9tudes de march\u00e9 sur les points de vente aident les entreprises \u00e0 d\u00e9terminer les emplacements les plus efficaces au sein d&#039;un magasin ou d&#039;un site Web pour afficher leurs produits. En analysant les mod\u00e8les de fr\u00e9quentation, les pr\u00e9f\u00e9rences des clients et les donn\u00e9es de vente, les entreprises peuvent optimiser le placement des produits pour maximiser la visibilit\u00e9 et am\u00e9liorer la probabilit\u00e9 d&#039;achat.<\/li>\n\n\n\n<li><strong>Am\u00e9liorer l&#039;exp\u00e9rience client\u00a0:<\/strong> En \u00e9tudiant le comportement des consommateurs au point d&#039;achat, les entreprises peuvent identifier les points faibles et les domaines \u00e0 am\u00e9liorer dans l&#039;exp\u00e9rience client. Ces informations permettent aux entreprises de prendre des d\u00e9cisions \u00e9clair\u00e9es concernant l&#039;am\u00e9nagement des magasins, l&#039;assortiment de produits, la formation du personnel et l&#039;am\u00e9lioration du service client.<\/li>\n\n\n\n<li><strong>Informer les strat\u00e9gies de tarification\u00a0:<\/strong> Les \u00e9tudes de march\u00e9 sur les points de vente fournissent aux entreprises un aper\u00e7u de la fa\u00e7on dont les clients per\u00e7oivent et r\u00e9agissent aux diff\u00e9rents niveaux de prix. En analysant les donn\u00e9es sur la sensibilit\u00e9 aux prix, les prix des concurrents et les pr\u00e9f\u00e9rences des clients, les entreprises peuvent d\u00e9velopper des strat\u00e9gies de tarification efficaces pour maximiser la rentabilit\u00e9 tout en restant comp\u00e9titives sur le march\u00e9.<\/li>\n<\/ul>\n\n\n\n<h2 class=\"wp-block-heading\">Avantages de l\u2019\u00e9tude de march\u00e9 sur les points d\u2019achat<\/h2>\n\n\n\n<figure class=\"gb-block-image gb-block-image-f87f009f\"><img loading=\"lazy\" decoding=\"async\" width=\"1456\" height=\"816\" class=\"gb-image gb-image-f87f009f\" src=\"https:\/\/www.sisinternational.com\/wp-content\/uploads\/2025\/08\/Point-of-sale-point-of-purchase-6.jpg\" alt=\"\u00c9tudes de march\u00e9 et strat\u00e9gie internationales SIS\" title=\"Point of sale point of purchase (6)\" srcset=\"https:\/\/www.sisinternational.com\/wp-content\/uploads\/2025\/08\/Point-of-sale-point-of-purchase-6.jpg 1456w, https:\/\/www.sisinternational.com\/wp-content\/uploads\/2025\/08\/Point-of-sale-point-of-purchase-6-300x168.jpg 300w, https:\/\/www.sisinternational.com\/wp-content\/uploads\/2025\/08\/Point-of-sale-point-of-purchase-6-1024x574.jpg 1024w, https:\/\/www.sisinternational.com\/wp-content\/uploads\/2025\/08\/Point-of-sale-point-of-purchase-6-768x430.jpg 768w, https:\/\/www.sisinternational.com\/wp-content\/uploads\/2025\/08\/Point-of-sale-point-of-purchase-6-18x10.jpg 18w\" sizes=\"auto, (max-width: 1456px) 100vw, 1456px\"><\/figure>\n\n\n\n<p><\/p>\n\n\n\n<p>Les avantages de mener une \u00e9tude de march\u00e9 PoP sont multiples. Voici quelques avantages cl\u00e9s dont les entreprises peuvent b\u00e9n\u00e9ficier\u00a0:<\/p>\n\n\n\n<ul class=\"wp-block-list\">\n<li><strong>Prise de d\u00e9cision am\u00e9lior\u00e9e\u00a0:<\/strong> En tirant parti des \u00e9tudes de march\u00e9 sur les points de vente, les entreprises peuvent prendre des d\u00e9cisions fond\u00e9es sur des donn\u00e9es concernant le d\u00e9veloppement de produits, les campagnes marketing, les strat\u00e9gies de prix et l&#039;agencement des magasins. Cela conduit \u00e0 une allocation plus efficace des ressources et \u00e0 des chances de succ\u00e8s plus \u00e9lev\u00e9es sur le march\u00e9.<\/li>\n\n\n\n<li><strong>Avantage comp\u00e9titif:<\/strong> Comprendre le comportement et les pr\u00e9f\u00e9rences des consommateurs au moment de l&#039;achat donne aux entreprises un avantage concurrentiel. En adaptant leurs offres et leurs strat\u00e9gies marketing en fonction des informations client, les entreprises peuvent se diff\u00e9rencier de leurs concurrents et attirer davantage de clients.<\/li>\n\n\n\n<li><strong>Augmentation des ventes:<\/strong> En optimisant le placement de produits, la tarification et l&#039;exp\u00e9rience client sur la base des r\u00e9sultats d&#039;\u00e9tudes de march\u00e9 sur les points de vente, les entreprises peuvent avoir un impact significatif sur leurs ventes. Une visibilit\u00e9 am\u00e9lior\u00e9e, des promotions cibl\u00e9es et un processus d&#039;achat fluide peuvent tous contribuer \u00e0 augmenter les taux de conversion et la croissance des revenus.<\/li>\n\n\n\n<li><strong>Satisfaction et fid\u00e9lisation des clients\u00a0:<\/strong> Lorsque les entreprises alignent leurs offres sur les pr\u00e9f\u00e9rences des clients et offrent une exp\u00e9rience d&#039;achat positive, elles favorisent la satisfaction et la fid\u00e9lit\u00e9 des clients. Les \u00e9tudes de march\u00e9 PoP permettent aux entreprises de mieux comprendre les attentes des clients et d&#039;y r\u00e9pondre efficacement, conduisant ainsi \u00e0 des relations clients \u00e0 long terme.<\/li>\n<\/ul>\n\n\n\n<h2 class=\"wp-block-heading\">Tendances actuelles et technologie appliqu\u00e9es aux \u00e9tudes de march\u00e9 sur les points d\u2019achat<\/h2>\n\n\n\n<p>Le domaine des \u00e9tudes de march\u00e9 sur les points de vente \u00e9volue continuellement, stimul\u00e9 par les progr\u00e8s technologiques et l\u2019\u00e9volution du comportement des consommateurs. Voici quelques tendances et technologies actuelles appliqu\u00e9es aux \u00e9tudes de march\u00e9 PoP\u00a0:<\/p>\n\n\n\n<ul class=\"wp-block-list\">\n<li><strong>Intelligence artificielle (IA) et apprentissage automatique\u00a0:<\/strong> Les algorithmes d\u2019IA et d\u2019apprentissage automatique sont de plus en plus utilis\u00e9s pour analyser de vastes ensembles de donn\u00e9es collect\u00e9es lors d\u2019\u00e9tudes de march\u00e9 PoP. Ces technologies peuvent identifier des mod\u00e8les et des tendances dans le comportement des consommateurs, permettant ainsi aux entreprises de prendre des d\u00e9cisions fond\u00e9es sur des donn\u00e9es. Les chatbots et les assistants virtuels bas\u00e9s sur l&#039;IA am\u00e9liorent \u00e9galement l&#039;exp\u00e9rience client en fournissant des recommandations et une assistance personnalis\u00e9es.<\/li>\n\n\n\n<li><strong>R\u00e9alit\u00e9 augment\u00e9e (AR) et r\u00e9alit\u00e9 virtuelle (VR)\u00a0:<\/strong> Les technologies AR et VR transforment la fa\u00e7on dont les consommateurs interagissent avec les produits. En utilisant ces technologies, les entreprises peuvent cr\u00e9er des exp\u00e9riences d&#039;achat immersives, permettant aux clients de visualiser les produits en temps r\u00e9el et de prendre des d\u00e9cisions d&#039;achat plus \u00e9clair\u00e9es. AR et VR offrent \u00e9galement des opportunit\u00e9s de simulation de magasin virtuel et de test de diff\u00e9rentes configurations de magasin.<\/li>\n\n\n\n<li><strong>\u00c9coute des m\u00e9dias sociaux et analyse des sentiments\u00a0:<\/strong> Social media platforms provide a wealth of data for PoP <a href=\"https:\/\/www.sisinternational.com\/fr\/competence\/etudes-de-marche-sur-les-licences-de-films-musicaux-et-de-medias\/\" title=\"\u00c9tude de march\u00e9 sur les licences pour les films musicaux et les m\u00e9dias\"  data-wpil-monitor-id=\"11438\">market<\/a> research. By monitoring social media conversations and analyzing sentiment, businesses can understand consumer perceptions, preferences, and trends. This information can be used to tailor marketing campaigns, improve product offerings, and address customer concerns promptly.<\/li>\n<\/ul>\n\n\n\n<h2 class=\"wp-block-heading\">Opportunit\u00e9s d\u2019\u00e9tudes de march\u00e9 sur les points d\u2019achat pour les entreprises<\/h2>\n\n\n\n<figure class=\"gb-block-image gb-block-image-a42abbd1\"><img loading=\"lazy\" decoding=\"async\" width=\"1456\" height=\"816\" class=\"gb-image gb-image-a42abbd1\" src=\"https:\/\/www.sisinternational.com\/wp-content\/uploads\/2025\/08\/Point-of-sale-point-of-purchase-1.jpg\" alt=\"\u00c9tudes de march\u00e9 et strat\u00e9gie internationales SIS\" title=\"Point of sale point of purchase (1)\" srcset=\"https:\/\/www.sisinternational.com\/wp-content\/uploads\/2025\/08\/Point-of-sale-point-of-purchase-1.jpg 1456w, https:\/\/www.sisinternational.com\/wp-content\/uploads\/2025\/08\/Point-of-sale-point-of-purchase-1-300x168.jpg 300w, https:\/\/www.sisinternational.com\/wp-content\/uploads\/2025\/08\/Point-of-sale-point-of-purchase-1-1024x574.jpg 1024w, https:\/\/www.sisinternational.com\/wp-content\/uploads\/2025\/08\/Point-of-sale-point-of-purchase-1-768x430.jpg 768w, https:\/\/www.sisinternational.com\/wp-content\/uploads\/2025\/08\/Point-of-sale-point-of-purchase-1-18x10.jpg 18w\" sizes=\"auto, (max-width: 1456px) 100vw, 1456px\"><\/figure>\n\n\n\n<p><\/p>\n\n\n\n<p>Le paysage \u00e9volutif des \u00e9tudes de march\u00e9 sur les points de vente pr\u00e9sente diverses opportunit\u00e9s pour les entreprises. Voici quelques domaines cl\u00e9s dans lesquels les entreprises peuvent tirer parti des \u00e9tudes de march\u00e9 PoP\u00a0:<\/p>\n\n\n\n<ul class=\"wp-block-list\">\n<li><strong>Personnalisation et personnalisation\u00a0:<\/strong> En comprenant les pr\u00e9f\u00e9rences individuelles des clients gr\u00e2ce \u00e0 des \u00e9tudes de march\u00e9 PoP, les entreprises peuvent proposer des recommandations de produits personnalis\u00e9es et personnalis\u00e9es. Cela am\u00e9liore non seulement l&#039;exp\u00e9rience client, mais augmente \u00e9galement les chances de conversion et de fid\u00e9lisation des clients.<\/li>\n\n\n\n<li><strong>Int\u00e9gration omnicanal\u00a0:<\/strong> Avec l\u2019essor des achats en ligne, les entreprises ont la possibilit\u00e9 d\u2019int\u00e9grer de mani\u00e8re transparente leurs canaux hors ligne et en ligne. Les \u00e9tudes de march\u00e9 PoP peuvent fournir des informations sur le comportement des clients sur diff\u00e9rents canaux, permettant ainsi aux entreprises de cr\u00e9er une exp\u00e9rience d&#039;achat coh\u00e9rente et personnalis\u00e9e.<\/li>\n\n\n\n<li><strong>Collaboration avec les d\u00e9taillants\u00a0:<\/strong> La collaboration avec les d\u00e9taillants peut permettre aux entreprises d&#039;acc\u00e9der \u00e0 des donn\u00e9es et \u00e0 des informations pr\u00e9cieuses. En travaillant en \u00e9troite collaboration avec les d\u00e9taillants, les entreprises peuvent recueillir des donn\u00e9es en temps r\u00e9el sur le comportement des clients, tester de nouveaux concepts de produits et optimiser les strat\u00e9gies de placement de produits.<\/li>\n\n\n\n<li><strong>Engagement client am\u00e9lior\u00e9\u00a0:<\/strong> Les \u00e9tudes de march\u00e9 au point d\u2019achat offrent aux entreprises la possibilit\u00e9 d\u2019interagir activement avec les clients au point d\u2019achat. En tirant parti de technologies telles que les applications mobiles, la r\u00e9alit\u00e9 augment\u00e9e et la r\u00e9alit\u00e9 virtuelle, les entreprises peuvent cr\u00e9er des exp\u00e9riences interactives et immersives qui captivent les clients et stimulent les ventes.<\/li>\n<\/ul>\n\n\n\n<h2 class=\"wp-block-heading\">Perspectives futures des \u00e9tudes de march\u00e9 sur les points d\u2019achat<\/h2>\n\n\n\n<p>L\u2019avenir des \u00e9tudes de march\u00e9 sur les points de vente semble prometteur avec plusieurs tendances qui fa\u00e7onnent sa trajectoire et de nouvelles technologies qui am\u00e9lioreront cette recherche.<\/p>\n\n\n\n<ul class=\"wp-block-list\">\n<li><strong>Int\u00e9gration de l&#039;Internet des objets (IoT)\u00a0:<\/strong> L&#039;int\u00e9gration des appareils IoT aux environnements de vente au d\u00e9tail fournira aux entreprises des donn\u00e9es en temps r\u00e9el sur le comportement des clients. Les \u00e9tag\u00e8res intelligentes, les balises et les \u00e9tiquettes RFID peuvent collecter des donn\u00e9es sur les interactions avec les produits, permettant ainsi aux entreprises d&#039;optimiser le placement des produits et d&#039;am\u00e9liorer l&#039;exp\u00e9rience d&#039;achat.<\/li>\n\n\n\n<li><strong>Analyse des m\u00e9gadonn\u00e9es\u00a0:<\/strong> \u00c0 mesure que le volume de donn\u00e9es g\u00e9n\u00e9r\u00e9es continue d\u2019augmenter, les entreprises s\u2019appuieront sur des outils d\u2019analyse avanc\u00e9s pour obtenir des informations pr\u00e9cieuses. L\u2019analyse du Big Data permettra aux entreprises d\u2019identifier des mod\u00e8les et des corr\u00e9lations cach\u00e9s, conduisant ainsi \u00e0 des pr\u00e9dictions plus pr\u00e9cises et \u00e0 des campagnes marketing cibl\u00e9es.<\/li>\n\n\n\n<li><strong>Achats \u00e0 commande vocale\u00a0:<\/strong> Voice-activated assistants are gaining popularity. Businesses will need to adapt their PoP market research <a href=\"https:\/\/www.sisinternational.com\/fr\/plusieurs-groupes-dinfluenceurs-indirects-dans-les-achats-des-consommateurs\/\" title=\"Plusieurs influenceurs dans les achats des consommateurs\"  data-wpil-monitor-id=\"2264\">strategies<\/a> to understand how voice-activated shopping influences consumer behavior and preferences.<\/li>\n<\/ul>","protected":false},"excerpt":{"rendered":"<p>L\u2019\u00e9tude de march\u00e9 au point d\u2019achat vise \u00e0 comprendre comment les consommateurs interagissent avec les produits et prennent des d\u00e9cisions d\u2019achat en temps r\u00e9el.<\/p>","protected":false},"author":1,"featured_media":64429,"parent":14514,"menu_order":397,"comment_status":"closed","ping_status":"closed","template":"","meta":{"footnotes":""},"class_list":["post-43804","page","type-page","status-publish","has-post-thumbnail"],"_links":{"self":[{"href":"https:\/\/www.sisinternational.com\/fr\/wp-json\/wp\/v2\/pages\/43804","targetHints":{"allow":["GET"]}}],"collection":[{"href":"https:\/\/www.sisinternational.com\/fr\/wp-json\/wp\/v2\/pages"}],"about":[{"href":"https:\/\/www.sisinternational.com\/fr\/wp-json\/wp\/v2\/types\/page"}],"author":[{"embeddable":true,"href":"https:\/\/www.sisinternational.com\/fr\/wp-json\/wp\/v2\/users\/1"}],"replies":[{"embeddable":true,"href":"https:\/\/www.sisinternational.com\/fr\/wp-json\/wp\/v2\/comments?post=43804"}],"version-history":[{"count":8,"href":"https:\/\/www.sisinternational.com\/fr\/wp-json\/wp\/v2\/pages\/43804\/revisions"}],"predecessor-version":[{"id":85024,"href":"https:\/\/www.sisinternational.com\/fr\/wp-json\/wp\/v2\/pages\/43804\/revisions\/85024"}],"up":[{"embeddable":true,"href":"https:\/\/www.sisinternational.com\/fr\/wp-json\/wp\/v2\/pages\/14514"}],"wp:featuredmedia":[{"embeddable":true,"href":"https:\/\/www.sisinternational.com\/fr\/wp-json\/wp\/v2\/media\/64429"}],"wp:attachment":[{"href":"https:\/\/www.sisinternational.com\/fr\/wp-json\/wp\/v2\/media?parent=43804"}],"curies":[{"name":"wp","href":"https:\/\/api.w.org\/{rel}","templated":true}]}}