{"id":43777,"date":"2023-10-10T18:36:13","date_gmt":"2023-10-10T22:36:13","guid":{"rendered":"https:\/\/www.sisinternational.com\/?page_id=43777"},"modified":"2026-01-27T16:38:54","modified_gmt":"2026-01-27T21:38:54","slug":"etude-de-marche-sur-lexperience-client-hoteliere","status":"publish","type":"page","link":"https:\/\/www.sisinternational.com\/fr\/competence\/etude-de-marche-sur-lexperience-client-hoteliere\/","title":{"rendered":"\u00c9tude de march\u00e9 sur l\u2019exp\u00e9rience client h\u00f4teli\u00e8re"},"content":{"rendered":"<h1 class=\"wp-block-heading\">\u00c9tude de march\u00e9 sur l\u2019exp\u00e9rience client h\u00f4teli\u00e8re<\/h1>\n\n\n\n<figure class=\"gb-block-image gb-block-image-91d34be2\"><img loading=\"lazy\" decoding=\"async\" width=\"1456\" height=\"816\" class=\"gb-image gb-image-91d34be2\" src=\"https:\/\/www.sisinternational.com\/wp-content\/uploads\/2025\/08\/hotel-1.jpg\" alt=\"\u00c9tudes de march\u00e9 et strat\u00e9gie internationales SIS\" title=\"hotel (1)\" srcset=\"https:\/\/www.sisinternational.com\/wp-content\/uploads\/2025\/08\/hotel-1.jpg 1456w, https:\/\/www.sisinternational.com\/wp-content\/uploads\/2025\/08\/hotel-1-300x168.jpg 300w, https:\/\/www.sisinternational.com\/wp-content\/uploads\/2025\/08\/hotel-1-1024x574.jpg 1024w, https:\/\/www.sisinternational.com\/wp-content\/uploads\/2025\/08\/hotel-1-768x430.jpg 768w, https:\/\/www.sisinternational.com\/wp-content\/uploads\/2025\/08\/hotel-1-18x10.jpg 18w\" sizes=\"auto, (max-width: 1456px) 100vw, 1456px\"><\/figure>\n\n\n\n<p><\/p>\n\n\n\n<p>Dans un secteur o\u00f9 chaque d\u00e9tail compte, comprendre l&#039;exp\u00e9rience client n&#039;est pas seulement b\u00e9n\u00e9fique, c&#039;est essentiel. C&#039;est pourquoi offrir une exp\u00e9rience client exceptionnelle est crucial pour que les h\u00f4tels puissent se d\u00e9marquer et prosp\u00e9rer. C\u2019est l\u00e0 que l\u2019\u00e9tude de march\u00e9 sur l\u2019exp\u00e9rience client h\u00f4teli\u00e8re joue un r\u00f4le essentiel.<\/p>\n\n\n\n<p>En comprenant les facteurs cl\u00e9s qui contribuent \u00e0 une exp\u00e9rience client positive, les h\u00f4tels peuvent prendre des d\u00e9cisions \u00e9clair\u00e9es et mettre en \u0153uvre des strat\u00e9gies pour am\u00e9liorer la satisfaction et la fid\u00e9lit\u00e9 des clients.<\/p>\n\n\n\n<h2 class=\"wp-block-heading\">L\u2019importance de l\u2019\u00e9tude de march\u00e9 sur l\u2019exp\u00e9rience client h\u00f4teli\u00e8re<\/h2>\n\n\n\n<p>How do guests truly feel during their stay at a hotel? Hotel customer <a href=\"https:\/\/www.sisinternational.com\/fr\/competence\/cv-dexperience\/cv-dexperience-en-etudes-ethnographiques\/\" title=\"Exp\u00e9rience d\u2019\u00e9tude de march\u00e9 ethnographique\"  data-wpil-monitor-id=\"6350\">experience market research<\/a> regularly answers this question and uncovers insights that can elevate service standards, refine amenities, and create unforgettable stays that lead to loyal patronage.<\/p>\n\n\n\n<p>Thus, <a href=\"https:\/\/www.sisinternational.com\/fr\/competence\/les-industries\/etude-de-marche-sur-le-mobilier-hotelier\/\" title=\"\u00c9tude de march\u00e9 sur le mobilier h\u00f4telier\"  data-wpil-monitor-id=\"7191\">\u00e9tude de march\u00e9 sur l&#039;exp\u00e9rience client h\u00f4teli\u00e8re<\/a> emerges as a cornerstone in this endeavor, providing businesses with insights that go beyond mere satisfaction metrics. It analyzes guest preferences to understand what guests truly value. It goes beyond basic amenities and delves into nuanced preferences, be it the ambiance of a room, the promptness of service, or the quality of in-house dining.<\/p>\n\n\n\n<p>Cette recherche permet \u00e9galement aux entreprises de comparer leurs offres \u00e0 celles de leurs concurrents, en identifiant les points forts et les am\u00e9liorations potentielles. De plus, il permet d&#039;analyser l&#039;ensemble du parcours client, de la r\u00e9servation au paiement, en mettant en \u00e9vidence les points de friction ou les domaines dans lesquels les clients pourraient \u00eatre confront\u00e9s \u00e0 des difficult\u00e9s.<\/p>\n\n\n\n<h2 class=\"wp-block-heading\">Avantages de l\u2019\u00e9tude de march\u00e9 sur l\u2019exp\u00e9rience client h\u00f4teli\u00e8re<\/h2>\n\n\n\n<figure class=\"gb-block-image gb-block-image-ab492934\"><img loading=\"lazy\" decoding=\"async\" width=\"1456\" height=\"816\" class=\"gb-image gb-image-ab492934\" src=\"https:\/\/www.sisinternational.com\/wp-content\/uploads\/2025\/08\/hotel-22.jpg\" alt=\"\u00c9tudes de march\u00e9 et strat\u00e9gie internationales SIS\" title=\"hotel (22)\" srcset=\"https:\/\/www.sisinternational.com\/wp-content\/uploads\/2025\/08\/hotel-22.jpg 1456w, https:\/\/www.sisinternational.com\/wp-content\/uploads\/2025\/08\/hotel-22-300x168.jpg 300w, https:\/\/www.sisinternational.com\/wp-content\/uploads\/2025\/08\/hotel-22-1024x574.jpg 1024w, https:\/\/www.sisinternational.com\/wp-content\/uploads\/2025\/08\/hotel-22-768x430.jpg 768w, https:\/\/www.sisinternational.com\/wp-content\/uploads\/2025\/08\/hotel-22-18x10.jpg 18w\" sizes=\"auto, (max-width: 1456px) 100vw, 1456px\"><\/figure>\n\n\n\n<p><\/p>\n\n\n\n<p>Dans un secteur aussi centr\u00e9 sur le client que celui de l\u2019h\u00f4tellerie, comprendre et optimiser l\u2019exp\u00e9rience client est primordial. Les \u00e9tudes de march\u00e9 sur l\u2019exp\u00e9rience client h\u00f4teli\u00e8re constituent un outil crucial pour les h\u00f4tels qui souhaitent prosp\u00e9rer dans un paysage concurrentiel. En approfondissant le parcours et les perceptions du client, cette forme de recherche offre une multitude d&#039;avantages aux h\u00f4teliers tels que :<\/p>\n\n\n\n<ul class=\"wp-block-list\">\n<li><strong>Satisfaction am\u00e9lior\u00e9e des clients\u00a0:<\/strong> En comprenant les besoins, les pr\u00e9f\u00e9rences et les probl\u00e8mes des clients, les h\u00f4tels peuvent mettre en \u0153uvre des changements qui conduisent \u00e0 une meilleure satisfaction des clients. Les commentaires peuvent identifier les domaines dans lesquels une formation du personnel pourrait \u00eatre n\u00e9cessaire ou dans lesquels les protocoles de service peuvent \u00eatre am\u00e9lior\u00e9s, garantissant ainsi aux clients un service coh\u00e9rent et de haute qualit\u00e9.<\/li>\n\n\n\n<li><strong>Augmentation des revenus\u00a0:<\/strong> Une meilleure compr\u00e9hension des pr\u00e9f\u00e9rences des clients peut guider les strat\u00e9gies de vente incitative et crois\u00e9e, conduisant \u00e0 une augmentation des d\u00e9penses par client pour des services tels que la restauration, les soins de spa et le surclassement des chambres. De plus, les commentaires peuvent mettre en \u00e9vidence des domaines d&#039;inefficacit\u00e9 op\u00e9rationnelle, tels que la lenteur des processus d&#039;enregistrement ou les retards du service en chambre, permettant ainsi \u00e0 la direction de rationaliser les op\u00e9rations.<\/li>\n\n\n\n<li><strong>Fid\u00e9lisation et r\u00e9tention\u00a0:<\/strong> En s&#039;appuyant sur les enseignements des \u00e9tudes de march\u00e9, les h\u00f4tels peuvent fid\u00e9liser leurs clients et r\u00e9duire les co\u00fbts associ\u00e9s \u00e0 l&#039;acquisition de nouveaux clients. De plus, des informations sur les donn\u00e9es d\u00e9mographiques, les pr\u00e9f\u00e9rences et les comportements des clients peuvent orienter les campagnes marketing cibl\u00e9es, les rendant plus efficaces et offrant un retour sur investissement plus \u00e9lev\u00e9.<\/li>\n\n\n\n<li><strong>Avantage comp\u00e9titif:<\/strong> Dans un march\u00e9 satur\u00e9, comprendre l\u2019exp\u00e9rience client peut mettre en \u00e9vidence des arguments de vente uniques et des diff\u00e9renciateurs qui distinguent un h\u00f4tel de ses concurrents. Gr\u00e2ce \u00e0 des informations bas\u00e9es sur les donn\u00e9es, les h\u00f4teliers peuvent prendre des d\u00e9cisions plus \u00e9clair\u00e9es concernant les r\u00e9novations, les ajouts de services, la mise en \u0153uvre de technologies et d&#039;autres investissements importants.<\/li>\n\n\n\n<li><strong>Confiance des parties prenantes\u00a0:<\/strong> Pour les cha\u00eenes h\u00f4teli\u00e8res ou les propri\u00e9t\u00e9s \u00e0 la recherche d&#039;investisseurs, une \u00e9tude de march\u00e9 solide peut fournir des donn\u00e9es qui renforcent la confiance des parties prenantes dans l&#039;orientation de l&#039;entreprise et sa rentabilit\u00e9 potentielle.<\/li>\n<\/ul>\n\n\n\n<h2 class=\"wp-block-heading\">Facteurs cl\u00e9s influen\u00e7ant l\u2019exp\u00e9rience client des h\u00f4tels<\/h2>\n\n\n\n<p>Plusieurs facteurs cl\u00e9s contribuent \u00e0 l\u2019exp\u00e9rience client globale dans les h\u00f4tels. En comprenant et en hi\u00e9rarchisant ces facteurs, les h\u00f4tels peuvent cr\u00e9er des strat\u00e9gies pour d\u00e9passer les attentes des clients et g\u00e9n\u00e9rer des avis positifs.<\/p>\n\n\n\n<ul class=\"wp-block-list\">\n<li><strong>Excellence du service client\u00a0:<\/strong> Le service client est une pierre angulaire de l\u2019industrie h\u00f4teli\u00e8re. Des membres du personnel bien form\u00e9s, courtois et attentifs peuvent avoir un impact significatif sur la satisfaction des clients. Un service client efficace comprend des r\u00e9ponses rapides aux demandes de renseignements, des interactions personnalis\u00e9es et une volont\u00e9 d&#039;aller au-del\u00e0 des attentes pour r\u00e9pondre aux besoins des clients.<\/li>\n\n\n\n<li><strong>Processus d&#039;enregistrement et de d\u00e9part fluides\u00a0:<\/strong> The check-in and check-out <a href=\"https:\/\/www.sisinternational.com\/fr\/b2b-customer-experience-the-ultimate-guide-to-building-loyalty-that-lasts\/\" title=\"B2B Customer Experience: The Ultimate Guide to Building Loyalty That Lasts\"  data-wpil-monitor-id=\"507\">experiences greatly influence guests&#8217; first and last<\/a> impressions of a hotel. Streamlining these processes, reducing waiting times, and offering self-check-in options can enhance the overall guest experience.<\/li>\n\n\n\n<li><strong>H\u00e9bergement confortable\u00a0:<\/strong> Des chambres confortables et bien am\u00e9nag\u00e9es sont essentielles pour une exp\u00e9rience client positive. La propret\u00e9, les lits confortables, les \u00e9quipements de qualit\u00e9 et la technologie fonctionnelle contribuent tous \u00e0 la satisfaction des clients.<\/li>\n\n\n\n<li><strong>Exp\u00e9riences culinaires\u00a0:<\/strong> Les offres de restauration et de boissons sont des \u00e9l\u00e9ments cruciaux de l\u2019exp\u00e9rience h\u00f4teli\u00e8re globale. Proposer une gamme d&#039;options de restauration de haute qualit\u00e9, notamment un service d&#039;\u00e9tage, des restaurants sur place et des choix de petit-d\u00e9jeuner, peut avoir un impact significatif sur la satisfaction des clients.<\/li>\n\n\n\n<li><strong>Communication efficace\u00a0:<\/strong> Une communication claire et efficace entre l\u2019h\u00f4tel et les clients est essentielle. Cela inclut la fourniture d\u2019informations pr\u00e9cises sur les commodit\u00e9s, les services et les attractions locales de l\u2019h\u00f4tel. L&#039;utilisation de plateformes num\u00e9riques, telles que des applications mobiles ou des tablettes dans la chambre, peut faciliter une communication transparente.<\/li>\n\n\n\n<li><strong>Personnalisation et personnalisation\u00a0:<\/strong> Les clients appr\u00e9cient les exp\u00e9riences personnalis\u00e9es qui r\u00e9pondent \u00e0 leurs pr\u00e9f\u00e9rences individuelles. Les h\u00f4tels peuvent exploiter les donn\u00e9es des clients pour proposer des recommandations sur mesure, des pr\u00e9f\u00e9rences de chambre et des services personnalis\u00e9s afin de cr\u00e9er un s\u00e9jour m\u00e9morable et unique.<\/li>\n\n\n\n<li><strong>Le rapport qualit\u00e9 prix:<\/strong> Les clients attendent un bon rapport qualit\u00e9-prix, quelle que soit la cat\u00e9gorie de l&#039;h\u00f4tel. Proposer des prix comp\u00e9titifs, une facturation transparente et fournir les services promis contribuent \u00e0 la satisfaction des clients.<\/li>\n<\/ul>\n\n\n\n<h2 class=\"wp-block-heading\">Opportunit\u00e9s dans les \u00e9tudes de march\u00e9 sur l\u2019exp\u00e9rience client h\u00f4teli\u00e8re<\/h2>\n\n\n\n<figure class=\"gb-block-image gb-block-image-9914a4d9\"><img loading=\"lazy\" decoding=\"async\" width=\"1456\" height=\"816\" class=\"gb-image gb-image-9914a4d9\" src=\"https:\/\/www.sisinternational.com\/wp-content\/uploads\/2025\/08\/hotel-13.jpg\" alt=\"\u00c9tudes de march\u00e9 et strat\u00e9gie internationales SIS\" title=\"hotel (13)\" srcset=\"https:\/\/www.sisinternational.com\/wp-content\/uploads\/2025\/08\/hotel-13.jpg 1456w, https:\/\/www.sisinternational.com\/wp-content\/uploads\/2025\/08\/hotel-13-300x168.jpg 300w, https:\/\/www.sisinternational.com\/wp-content\/uploads\/2025\/08\/hotel-13-1024x574.jpg 1024w, https:\/\/www.sisinternational.com\/wp-content\/uploads\/2025\/08\/hotel-13-768x430.jpg 768w, https:\/\/www.sisinternational.com\/wp-content\/uploads\/2025\/08\/hotel-13-18x10.jpg 18w\" sizes=\"auto, (max-width: 1456px) 100vw, 1456px\"><\/figure>\n\n\n\n<p><\/p>\n\n\n\n<p>Hotel customer <a href=\"https:\/\/www.sisinternational.com\/fr\/financial-services-consulting\/financial-services-customer-satisfaction\/\" title=\"Financial Services Customer Satisfaction\"  data-wpil-monitor-id=\"7514\">experience market research<\/a> is more than just a tool to assess guest satisfaction; it&#8217;s a gateway to several opportunities for businesses in the hospitality sector. Therefore, by tapping into the rich insights offered by this research, businesses can position themselves for growth, innovation, and sustained success.<\/p>\n\n\n\n<h3 class=\"wp-block-heading\">Voici quelques-unes des principales opportunit\u00e9s d\u00e9voil\u00e9es par l\u2019\u00e9tude de march\u00e9 sur l\u2019exp\u00e9rience client h\u00f4teli\u00e8re\u00a0:<\/h3>\n\n\n\n<ul class=\"wp-block-list\">\n<li><strong>Innovation produits et services\u00a0:<\/strong> En comprenant les pr\u00e9f\u00e9rences, les besoins et les probl\u00e8mes des clients, les entreprises peuvent d\u00e9velopper de nouveaux produits ou services adapt\u00e9s pour r\u00e9pondre \u00e0 ces besoins. Cela peut aller de l\u2019introduction de contr\u00f4les de chambre ax\u00e9s sur la technologie \u00e0 l\u2019organisation d\u2019exp\u00e9riences locales uniques pour les clients.<\/li>\n\n\n\n<li><strong>Marketing et promotions cibl\u00e9s\u00a0:<\/strong> Les informations issues des \u00e9tudes de march\u00e9 sur l&#039;exp\u00e9rience client h\u00f4teli\u00e8re permettent aux entreprises d&#039;affiner leurs strat\u00e9gies marketing, en garantissant que les campagnes trouvent un \u00e9cho aupr\u00e8s du public cible, ce qui entra\u00eene des conversions et un retour sur investissement plus \u00e9lev\u00e9s.<\/li>\n\n\n\n<li><strong>Expansion strat\u00e9gique\u00a0:<\/strong> Pour les entreprises qui cherchent \u00e0 se d\u00e9velopper, cette recherche fournit des donn\u00e9es sur ce que les clients potentiels sur de nouveaux march\u00e9s ou segments appr\u00e9cient le plus. Cela garantit que les extensions ou les lancements de nouvelles propri\u00e9t\u00e9s correspondent aux demandes du march\u00e9.<\/li>\n\n\n\n<li><strong>Diversification des sources de revenus\u00a0:<\/strong> En comprenant les besoins et les pr\u00e9f\u00e9rences plus larges des clients, les h\u00f4tels peuvent identifier les opportunit\u00e9s d&#039;introduire des sources de revenus auxiliaires telles que des programmes de bien-\u00eatre, des visites organis\u00e9es ou des exp\u00e9riences culinaires sp\u00e9cialis\u00e9es.<\/li>\n\n\n\n<li><strong>Exp\u00e9riences num\u00e9riques am\u00e9lior\u00e9es\u00a0:<\/strong> Alors que les points de contact num\u00e9riques deviennent de plus en plus cruciaux dans le parcours client, les informations issues des \u00e9tudes de march\u00e9 peuvent guider le d\u00e9veloppement d&#039;applications, de sites Web et de services de conciergerie num\u00e9riques conviviaux.<\/li>\n\n\n\n<li><strong>Opportunit\u00e9s de partenariat et de collaboration\u00a0:<\/strong> Comprendre les int\u00e9r\u00eats et les pr\u00e9f\u00e9rences des clients peut r\u00e9v\u00e9ler des opportunit\u00e9s de partenariats strat\u00e9giques, qu&#039;il s&#039;agisse d&#039;attractions locales, d&#039;organisateurs d&#039;\u00e9v\u00e9nements ou m\u00eame d&#039;entreprises technologiques pour am\u00e9liorer l&#039;exp\u00e9rience client.<\/li>\n<\/ul>","protected":false},"excerpt":{"rendered":"<p>Offrir une exp\u00e9rience client exceptionnelle est crucial pour que les h\u00f4tels se d\u00e9marquent et prosp\u00e8rent. Les \u00e9tudes de march\u00e9 sur l\u2019exp\u00e9rience client h\u00f4teli\u00e8re sont vitales.<\/p>","protected":false},"author":1,"featured_media":63501,"parent":14514,"menu_order":389,"comment_status":"closed","ping_status":"closed","template":"","meta":{"footnotes":""},"class_list":["post-43777","page","type-page","status-publish","has-post-thumbnail"],"_links":{"self":[{"href":"https:\/\/www.sisinternational.com\/fr\/wp-json\/wp\/v2\/pages\/43777","targetHints":{"allow":["GET"]}}],"collection":[{"href":"https:\/\/www.sisinternational.com\/fr\/wp-json\/wp\/v2\/pages"}],"about":[{"href":"https:\/\/www.sisinternational.com\/fr\/wp-json\/wp\/v2\/types\/page"}],"author":[{"embeddable":true,"href":"https:\/\/www.sisinternational.com\/fr\/wp-json\/wp\/v2\/users\/1"}],"replies":[{"embeddable":true,"href":"https:\/\/www.sisinternational.com\/fr\/wp-json\/wp\/v2\/comments?post=43777"}],"version-history":[{"count":7,"href":"https:\/\/www.sisinternational.com\/fr\/wp-json\/wp\/v2\/pages\/43777\/revisions"}],"predecessor-version":[{"id":81141,"href":"https:\/\/www.sisinternational.com\/fr\/wp-json\/wp\/v2\/pages\/43777\/revisions\/81141"}],"up":[{"embeddable":true,"href":"https:\/\/www.sisinternational.com\/fr\/wp-json\/wp\/v2\/pages\/14514"}],"wp:featuredmedia":[{"embeddable":true,"href":"https:\/\/www.sisinternational.com\/fr\/wp-json\/wp\/v2\/media\/63501"}],"wp:attachment":[{"href":"https:\/\/www.sisinternational.com\/fr\/wp-json\/wp\/v2\/media?parent=43777"}],"curies":[{"name":"wp","href":"https:\/\/api.w.org\/{rel}","templated":true}]}}