{"id":43774,"date":"2023-10-10T18:26:18","date_gmt":"2023-10-10T22:26:18","guid":{"rendered":"https:\/\/www.sisinternational.com\/?page_id=43774"},"modified":"2026-03-12T13:17:27","modified_gmt":"2026-03-12T17:17:27","slug":"etude-de-marche-sur-les-boissons-alimentaires-et-les-organismes-genetiquement-modifies","status":"publish","type":"page","link":"https:\/\/www.sisinternational.com\/fr\/solutions\/etude-de-marche-sur-lindustrie-des-boissons-alimentaires\/etude-de-marche-sur-les-boissons-alimentaires-et-les-organismes-genetiquement-modifies\/","title":{"rendered":"\u00c9tude de march\u00e9 sur les aliments et les boissons issus d\u2019organismes g\u00e9n\u00e9tiquement modifi\u00e9s"},"content":{"rendered":"<h1 class=\"wp-block-heading\">\u00c9tude de march\u00e9 sur les aliments et les boissons issus d\u2019organismes g\u00e9n\u00e9tiquement modifi\u00e9s<\/h1>\n\n\n\n<figure class=\"gb-block-image gb-block-image-f97a4d54\"><img loading=\"lazy\" decoding=\"async\" width=\"1456\" height=\"816\" class=\"gb-image gb-image-f97a4d54\" src=\"https:\/\/www.sisinternational.com\/wp-content\/uploads\/2025\/08\/Ready-to-Drink-RTD-Beverage-2.jpg\" alt=\"\u00c9tudes de march\u00e9 et strat\u00e9gie internationales SIS\" title=\"Ready to Drink (RTD) Beverage (2)\" srcset=\"https:\/\/www.sisinternational.com\/wp-content\/uploads\/2025\/08\/Ready-to-Drink-RTD-Beverage-2.jpg 1456w, https:\/\/www.sisinternational.com\/wp-content\/uploads\/2025\/08\/Ready-to-Drink-RTD-Beverage-2-300x168.jpg 300w, https:\/\/www.sisinternational.com\/wp-content\/uploads\/2025\/08\/Ready-to-Drink-RTD-Beverage-2-1024x574.jpg 1024w, https:\/\/www.sisinternational.com\/wp-content\/uploads\/2025\/08\/Ready-to-Drink-RTD-Beverage-2-768x430.jpg 768w, https:\/\/www.sisinternational.com\/wp-content\/uploads\/2025\/08\/Ready-to-Drink-RTD-Beverage-2-18x10.jpg 18w\" sizes=\"auto, (max-width: 1456px) 100vw, 1456px\"><\/figure>\n\n\n\n<p><\/p>\n\n\n\n<p>Que savons-nous r\u00e9ellement des aliments que nous consommons quotidiennement, en particulier lorsqu\u2019il s\u2019agit d\u2019organismes g\u00e9n\u00e9tiquement modifi\u00e9s (OGM)\u00a0? Le d\u00e9bat autour des aliments OGM est complexe, certaines parties prenantes louant la technologie pour son potentiel \u00e0 r\u00e9soudre les crises alimentaires mondiales, tandis que d&#039;autres s&#039;inqui\u00e8tent de ses effets sur la sant\u00e9 et l&#039;environnement.<\/p>\n\n\n\n<p>Aujourd\u2019hui, alors que les consommateurs sont aux prises avec ces discours concurrents, les \u00e9tudes de march\u00e9 sur les aliments OGM apparaissent comme un outil essentiel pour faire la lumi\u00e8re sur la dynamique, les pr\u00e9f\u00e9rences et les d\u00e9fis complexes de cette industrie.<\/p>\n\n\n\n<h2 class=\"wp-block-heading\">Qu\u2019est-ce que l\u2019\u00e9tude de march\u00e9 sur les aliments et boissons OGM ?<\/h2>\n\n\n\n<p>GMO food market research focuses on analyzing genetically modified foods and their market implications. This research encompasses various factors, including consumer sentiment, market trends, regulatory landscapes, and technological advancements, among others. So, by undertaking genetically modified <a href=\"https:\/\/www.sisinternational.com\/fr\/creation-dorgue-par-imprimantes-3d\/\" title=\"\u00c9tude de march\u00e9 sur la cr\u00e9ation d\u2019organes et les imprimantes 3D\"  data-wpil-monitor-id=\"2303\">organism food and beverage market research<\/a>, businesses, policymakers, and other stakeholders can gain a clearer picture of the existing market dynamics, potential opportunities, and challenges.<\/p>\n\n\n\n<h2 class=\"wp-block-heading\">Avantages de l\u2019\u00e9tude de march\u00e9 sur les aliments et les boissons issus d\u2019organismes g\u00e9n\u00e9tiquement modifi\u00e9s<\/h2>\n\n\n\n<p>Les \u00e9tudes de march\u00e9 sur les aliments OGM offrent des informations inestimables aux entreprises, et voici quelques-uns des principaux avantages de se plonger en profondeur dans ce domaine de recherche sp\u00e9cialis\u00e9\u00a0:<\/p>\n\n\n\n<ul class=\"wp-block-list\">\n<li><strong>Prise de d\u00e9cision \u00e9clair\u00e9e\u00a0:<\/strong> Les \u00e9tudes de march\u00e9 sur les aliments OGM fournissent aux entreprises des informations bas\u00e9es sur des donn\u00e9es, leur permettant de prendre des d\u00e9cisions \u00e9clair\u00e9es concernant le d\u00e9veloppement, le marketing et la distribution de produits.<\/li>\n\n\n\n<li><strong>Gestion des risques:<\/strong> Des recherches approfondies peuvent aider les entreprises \u00e0 \u00e9valuer les d\u00e9fis r\u00e9glementaires potentiels, les changements d\u2019opinion du public et d\u2019autres risques associ\u00e9s aux aliments OGM, permettant ainsi des strat\u00e9gies proactives d\u2019att\u00e9nuation des risques.<\/li>\n\n\n\n<li><strong>Opportunit\u00e9s d&#039;innovation\u00a0:<\/strong> Genetically modified organism <a href=\"https:\/\/www.sisinternational.com\/fr\/competence\/les-industries\/etude-de-marche-sur-les-ingredients-des-boissons-alimentaires\/\" title=\"\u00c9tude de march\u00e9 sur les ingr\u00e9dients alimentaires et de boissons\"  data-wpil-monitor-id=\"3149\">food and beverage market research<\/a> can identify gaps in the current market, paving the way for the introduction of innovative GMO-based products that cater to specific consumer needs or niches.<\/li>\n\n\n\n<li><strong>Avantage concurrentiel\u00a0:<\/strong> Gr\u00e2ce \u00e0 une compr\u00e9hension claire de la dynamique du march\u00e9, les entreprises peuvent identifier les menaces et les opportunit\u00e9s concurrentielles et se positionner favorablement dans le paysage du march\u00e9 des aliments OGM.<\/li>\n\n\n\n<li><strong>Perspective globale:<\/strong> Given the varied regulatory environments and consumer perceptions across different regions, GMO food <a href=\"https:\/\/www.sisinternational.com\/fr\/transporteurs-low-cost-dans-lindustrie-aeronautique\/\" title=\"\u00c9tude de march\u00e9 sur les compagnies a\u00e9riennes \u00e0 bas prix\"  data-wpil-monitor-id=\"7634\">market research can offer a global<\/a> perspective, assisting businesses in tailoring strategies for different geographies.<\/li>\n\n\n\n<li><strong>Gestion de la cha\u00eene d&#039;approvisionnement:<\/strong> Comprendre le march\u00e9 des OGM peut aider les entreprises \u00e0 optimiser leurs cha\u00eenes d&#039;approvisionnement, en garantissant que l&#039;approvisionnement, la production et la distribution d&#039;aliments OGM sont efficaces et conformes \u00e0 la r\u00e9glementation.<\/li>\n\n\n\n<li><strong>Engagement des parties prenantes\u00a0:<\/strong> Gr\u00e2ce aux informations issues des \u00e9tudes de march\u00e9, les entreprises peuvent interagir plus efficacement avec diverses parties prenantes, des r\u00e9gulateurs et ONG aux agriculteurs et consommateurs, en \u00e9tablissant des relations de confiance et de collaboration.<\/li>\n<\/ul>\n\n\n\n<h2 class=\"wp-block-heading\">Acteurs cl\u00e9s du march\u00e9 des aliments et des boissons OGM<\/h2>\n\n\n\n<figure class=\"gb-block-image gb-block-image-692122e0\"><img loading=\"lazy\" decoding=\"async\" width=\"1456\" height=\"816\" class=\"gb-image gb-image-692122e0\" src=\"https:\/\/www.sisinternational.com\/wp-content\/uploads\/2025\/08\/Beverages-4.jpg\" alt=\"\u00c9tudes de march\u00e9 et strat\u00e9gie internationales SIS\" title=\"Beverages (4)\" srcset=\"https:\/\/www.sisinternational.com\/wp-content\/uploads\/2025\/08\/Beverages-4.jpg 1456w, https:\/\/www.sisinternational.com\/wp-content\/uploads\/2025\/08\/Beverages-4-300x168.jpg 300w, https:\/\/www.sisinternational.com\/wp-content\/uploads\/2025\/08\/Beverages-4-1024x574.jpg 1024w, https:\/\/www.sisinternational.com\/wp-content\/uploads\/2025\/08\/Beverages-4-768x430.jpg 768w, https:\/\/www.sisinternational.com\/wp-content\/uploads\/2025\/08\/Beverages-4-18x10.jpg 18w\" sizes=\"auto, (max-width: 1456px) 100vw, 1456px\"><\/figure>\n\n\n\n<p><\/p>\n\n\n\n<p>Plusieurs acteurs dominants dirigent le march\u00e9 des aliments OGM, et les entreprises suivantes ont une influence consid\u00e9rable sur l\u2019\u00e9volution du secteur\u00a0:<\/p>\n\n\n\n<ul class=\"wp-block-list\">\n<li><strong>Science des cultures Bayer\u00a0:<\/strong> G\u00e9ant mondial du secteur agricole, Bayer, apr\u00e8s son acquisition de Monsanto, jouit d&#039;une pr\u00e9sence significative sur le march\u00e9 des OGM avec une gamme de semences et de solutions de culture g\u00e9n\u00e9tiquement modifi\u00e9es.<\/li>\n\n\n\n<li><strong>Syngenta\u00a0:<\/strong> Une entreprise mondiale qui produit des produits agrochimiques et des semences, notamment des semences g\u00e9n\u00e9tiquement modifi\u00e9es pour des cultures comme le ma\u00efs, le soja et le coton.<\/li>\n\n\n\n<li><strong>Cibus\u00a0:<\/strong> Une entreprise de biotechnologie qui emploie des techniques similaires \u00e0 la modification g\u00e9n\u00e9tique mais consid\u00e8re ses produits comme non transg\u00e9niques.<\/li>\n\n\n\n<li><strong>AgBiome\u00a0:<\/strong> Se concentre sur l\u2019exploitation des microbes b\u00e9n\u00e9fiques pour d\u00e9velopper des produits qui combattent les ravageurs, dans le but d\u2019un avenir agricole plus durable.<\/li>\n<\/ul>\n\n\n\n<h2 class=\"wp-block-heading\">Les nouvelles technologies fa\u00e7onnent l\u2019\u00e9tude de march\u00e9 sur les aliments et les boissons \u00e0 base d\u2019organismes g\u00e9n\u00e9tiquement modifi\u00e9s<\/h2>\n\n\n\n<p>The GMO food market isn&#8217;t static. It&#8217;s being continually reshaped by cutting-edge technologies. These innovations possess the potential to redefine the relationship with food and the environment \u2013 and since genetically modified <a href=\"https:\/\/www.sisinternational.com\/fr\/competence\/les-industries\/etude-de-marche-sur-les-produits-chimiques-organiques\/\" title=\"\u00c9tude de march\u00e9 sur les produits chimiques organiques\"  data-wpil-monitor-id=\"3308\">organism food and beverage market research<\/a> dives into these technological shifts, it reveals a glimpse of the future and some of the technologies that are changing the GMO landscape.<\/p>\n\n\n\n<ul class=\"wp-block-list\">\n<li><strong>CRISPR\/Cas9\u00a0:<\/strong> Cette technologie r\u00e9volutionnaire d\u2019\u00e9dition g\u00e9n\u00e9tique a transform\u00e9 les \u00e9tudes de march\u00e9 sur les aliments OGM en permettant des modifications pr\u00e9cises avec une efficacit\u00e9 accrue.<\/li>\n\n\n\n<li><strong>Nanotechnologie\u00a0:<\/strong> En manipulant les aliments au niveau mol\u00e9culaire, la nanotechnologie offre des potentiels tels qu\u2019un apport am\u00e9lior\u00e9 de nutriments et une meilleure conservation des aliments.<\/li>\n\n\n\n<li><strong>Bioinformatique\u00a0:<\/strong> Avec l\u2019augmentation des donn\u00e9es, la bioinformatique joue un r\u00f4le essentiel dans la compr\u00e9hension des s\u00e9quences g\u00e9n\u00e9tiques et la pr\u00e9diction des traits potentiels des OGM.<\/li>\n<\/ul>\n\n\n\n<h2 class=\"wp-block-heading\">Opportunit\u00e9s dans les \u00e9tudes de march\u00e9 sur les aliments et les boissons \u00e0 base d\u2019organismes g\u00e9n\u00e9tiquement modifi\u00e9s pour les entreprises<\/h2>\n\n\n\n<p>The realm of GMO foods is full of possibilities for businesses. By leveraging the insights gleaned from <a href=\"https:\/\/www.sisinternational.com\/fr\/global-beverage-market\/\" title=\"Global Beverage Market: Market Dynamics, Growth Projections &amp; Consumer Insights\"  data-wpil-monitor-id=\"1093\">genetically modified organism food and beverage<\/a> market research, enterprises can identify burgeoning trends, tap into consumer desires, and carve a niche in this competitive landscape. With the world&#8217;s population booming and resources dwindling, the stakes have never been higher.<\/p>\n\n\n\n<ul class=\"wp-block-list\">\n<li><strong>D\u00e9veloppement de produits\u00a0:<\/strong> En comprenant les pr\u00e9f\u00e9rences et les pr\u00e9occupations des consommateurs li\u00e9es aux aliments OGM, les entreprises peuvent adapter leurs strat\u00e9gies de d\u00e9veloppement de produits pour r\u00e9pondre plus efficacement aux demandes du march\u00e9.<\/li>\n\n\n\n<li><strong>Conformit\u00e9 r\u00e9glementaire\u00a0:<\/strong> Genetically modified organism <a href=\"https:\/\/www.sisinternational.com\/fr\/competence\/les-industries\/etude-de-marche-sur-les-boissons-et-les-aliments-pour-le-diner\/\" title=\"\u00c9tude de march\u00e9 sur les aliments et boissons pour le d\u00eener\"  data-wpil-monitor-id=\"3854\">food and beverage market research<\/a> provides insights into evolving global regulatory landscapes. Businesses can proactively adjust their practices to remain compliant and foresee potential regulatory shifts.<\/li>\n\n\n\n<li><strong>Marketing et communication cibl\u00e9s :<\/strong> Obtenir des informations sur l&#039;opinion publique et les id\u00e9es fausses sur les OGM permet aux entreprises de d\u00e9velopper des campagnes marketing cibl\u00e9es qui r\u00e9pondent aux pr\u00e9occupations des consommateurs et mettent en \u00e9vidence les avantages des produits OGM.<\/li>\n\n\n\n<li><strong>Expansion vers de nouvelles zones g\u00e9ographiques\u00a0:<\/strong> En comprenant les attitudes r\u00e9gionales \u00e0 l&#039;\u00e9gard des aliments OGM, les entreprises peuvent identifier les march\u00e9s potentiels o\u00f9 les produits OGM pourraient \u00eatre plus facilement accept\u00e9s ou o\u00f9 des campagnes d&#039;\u00e9ducation pourraient \u00eatre n\u00e9cessaires.<\/li>\n\n\n\n<li><strong>Optimisation de la cha\u00eene d&#039;approvisionnement\u00a0:<\/strong> Genetically modified organism <a href=\"https:\/\/www.sisinternational.com\/fr\/competence\/les-industries\/etude-de-marche-sur-linsecurite-des-boissons-alimentaires\/\" title=\"\u00c9tude de march\u00e9 sur l\u2019ins\u00e9curit\u00e9 alimentaire et des boissons\"  data-wpil-monitor-id=\"4138\">food and beverage market research<\/a> can identify potential disruptions or challenges in the GMO supply chain, from seed production to distribution, allowing for better risk management.<\/li>\n\n\n\n<li><strong>Perspectives d&#039;investissement\u00a0:<\/strong> Pour les investisseurs et les investisseurs en capital-risque, cette \u00e9tude de march\u00e9 offre une compr\u00e9hension compl\u00e8te des mod\u00e8les de croissance du secteur des aliments OGM, des technologies \u00e9mergentes et des risques potentiels.<\/li>\n\n\n\n<li><strong>\u00c9ducation du consommateur\u00a0:<\/strong> En identifiant les lacunes dans les connaissances des consommateurs sur les aliments OGM, les entreprises peuvent prendre la t\u00eate des campagnes \u00e9ducatives, garantissant ainsi que les consommateurs font des choix \u00e9clair\u00e9s.<\/li>\n\n\n\n<li><strong>Orientations Innovation et R&amp;D\u00a0:<\/strong> Genetically modified organism <a href=\"https:\/\/www.sisinternational.com\/fr\/competence\/les-industries\/etude-de-marche-sur-la-securite-alimentaire\/\" title=\"\u00c9tude de march\u00e9 sur la s\u00e9curit\u00e9 des aliments et des boissons\"  data-wpil-monitor-id=\"4292\">food and beverage market research<\/a> can spotlight emerging biotechnologies or innovations, guiding businesses in directing their R&amp;D efforts fruitfully.<\/li>\n<\/ul>\n\n\n\n<h2 class=\"wp-block-heading\">D\u00e9fis des \u00e9tudes de march\u00e9 sur les aliments et boissons OGM pour les entreprises<\/h2>\n\n\n\n<figure class=\"gb-block-image gb-block-image-14e9e366\"><img loading=\"lazy\" decoding=\"async\" width=\"1456\" height=\"816\" class=\"gb-image gb-image-14e9e366\" src=\"https:\/\/www.sisinternational.com\/wp-content\/uploads\/2025\/08\/Beverages-6.jpg\" alt=\"\u00c9tudes de march\u00e9 et strat\u00e9gie internationales SIS\" title=\"Beverages (6)\" srcset=\"https:\/\/www.sisinternational.com\/wp-content\/uploads\/2025\/08\/Beverages-6.jpg 1456w, https:\/\/www.sisinternational.com\/wp-content\/uploads\/2025\/08\/Beverages-6-300x168.jpg 300w, https:\/\/www.sisinternational.com\/wp-content\/uploads\/2025\/08\/Beverages-6-1024x574.jpg 1024w, https:\/\/www.sisinternational.com\/wp-content\/uploads\/2025\/08\/Beverages-6-768x430.jpg 768w, https:\/\/www.sisinternational.com\/wp-content\/uploads\/2025\/08\/Beverages-6-18x10.jpg 18w\" sizes=\"auto, (max-width: 1456px) 100vw, 1456px\"><\/figure>\n\n\n\n<p><\/p>\n\n\n\n<p>M\u00eame si le secteur des aliments OGM pr\u00e9sente un grand potentiel, il n&#039;est pas sans obstacles. Ces d\u00e9fis n\u00e9cessitent une approche nuanc\u00e9e \u2013 et pour les entreprises d\u00e9sireuses de se d\u00e9marquer dans ce secteur, il est primordial de comprendre ces d\u00e9fis \u00e0 travers le prisme des \u00e9tudes de march\u00e9 sur les aliments OGM.<\/p>\n\n\n\n<ul class=\"wp-block-list\">\n<li><strong>Obstacles r\u00e9glementaires\u00a0:<\/strong> Les r\u00e9glementations sur les OGM ne sont pas uniformes \u00e0 l\u2019\u00e9chelle mondiale. Comprendre et suivre le paysage r\u00e9glementaire en constante \u00e9volution dans les diff\u00e9rents pays est un d\u00e9fi.<\/li>\n\n\n\n<li><strong>Divers int\u00e9r\u00eats des parties prenantes\u00a0:<\/strong> \u00c9quilibrer les int\u00e9r\u00eats et les pr\u00e9occupations des diff\u00e9rentes parties prenantes, des agriculteurs et consommateurs aux activistes et r\u00e9gulateurs, ajoute des niveaux de complexit\u00e9 \u00e0 la recherche.<\/li>\n\n\n\n<li><strong>Pr\u00e9occupations \u00e9thiques:<\/strong> Ethical issues, such as concerns about biodiversity, cross-pollination, and long-term ecological impact, further complicate <a href=\"https:\/\/www.sisinternational.com\/fr\/solutions\/innovation\/etude-de-marche-sur-la-genetique\/\" title=\"\u00c9tude de march\u00e9 sur la g\u00e9n\u00e9tique\"  data-wpil-monitor-id=\"5002\">genetically modified organism food and beverage market<\/a> research.<\/li>\n\n\n\n<li><strong>Communication efficace\u00a0:<\/strong> Traduire des concepts scientifiques complexes et des r\u00e9sultats de recherche en informations compr\u00e9hensibles pour les consommateurs, les investisseurs et les autres parties prenantes constitue \u00e9galement un d\u00e9fi permanent.<\/li>\n<\/ul>","protected":false},"excerpt":{"rendered":"<p>Les \u00e9tudes de march\u00e9 sur les aliments et les boissons \u00e0 base d\u2019organismes g\u00e9n\u00e9tiquement modifi\u00e9s analysent les aliments g\u00e9n\u00e9tiquement modifi\u00e9s et leurs implications sur le march\u00e9.<\/p>","protected":false},"author":1,"featured_media":64853,"parent":22018,"menu_order":388,"comment_status":"closed","ping_status":"closed","template":"","meta":{"footnotes":""},"class_list":["post-43774","page","type-page","status-publish","has-post-thumbnail"],"_links":{"self":[{"href":"https:\/\/www.sisinternational.com\/fr\/wp-json\/wp\/v2\/pages\/43774","targetHints":{"allow":["GET"]}}],"collection":[{"href":"https:\/\/www.sisinternational.com\/fr\/wp-json\/wp\/v2\/pages"}],"about":[{"href":"https:\/\/www.sisinternational.com\/fr\/wp-json\/wp\/v2\/types\/page"}],"author":[{"embeddable":true,"href":"https:\/\/www.sisinternational.com\/fr\/wp-json\/wp\/v2\/users\/1"}],"replies":[{"embeddable":true,"href":"https:\/\/www.sisinternational.com\/fr\/wp-json\/wp\/v2\/comments?post=43774"}],"version-history":[{"count":14,"href":"https:\/\/www.sisinternational.com\/fr\/wp-json\/wp\/v2\/pages\/43774\/revisions"}],"predecessor-version":[{"id":81257,"href":"https:\/\/www.sisinternational.com\/fr\/wp-json\/wp\/v2\/pages\/43774\/revisions\/81257"}],"up":[{"embeddable":true,"href":"https:\/\/www.sisinternational.com\/fr\/wp-json\/wp\/v2\/pages\/22018"}],"wp:featuredmedia":[{"embeddable":true,"href":"https:\/\/www.sisinternational.com\/fr\/wp-json\/wp\/v2\/media\/64853"}],"wp:attachment":[{"href":"https:\/\/www.sisinternational.com\/fr\/wp-json\/wp\/v2\/media?parent=43774"}],"curies":[{"name":"wp","href":"https:\/\/api.w.org\/{rel}","templated":true}]}}