{"id":43772,"date":"2023-10-10T18:17:23","date_gmt":"2023-10-10T22:17:23","guid":{"rendered":"https:\/\/www.sisinternational.com\/?page_id=43772"},"modified":"2026-03-12T13:17:10","modified_gmt":"2026-03-12T17:17:10","slug":"etude-de-marche-sur-les-boissons-alimentaires-et-la-voix-du-client","status":"publish","type":"page","link":"https:\/\/www.sisinternational.com\/fr\/solutions\/etude-de-marche-sur-lindustrie-des-boissons-alimentaires\/etude-de-marche-sur-les-boissons-alimentaires-et-la-voix-du-client\/","title":{"rendered":"\u00c9tude de march\u00e9 sur la voix du client dans le secteur des aliments et des boissons"},"content":{"rendered":"<h1 class=\"wp-block-heading\">\u00c9tude de march\u00e9 sur la voix du client dans le secteur des aliments et des boissons<\/h1>\n\n\n\n<figure class=\"gb-block-image gb-block-image-db011e8c\"><img loading=\"lazy\" decoding=\"async\" width=\"1456\" height=\"816\" class=\"gb-image gb-image-db011e8c\" src=\"https:\/\/www.sisinternational.com\/wp-content\/uploads\/2025\/10\/Hotel-restaurant-1.jpg\" alt=\"\u00c9tudes de march\u00e9 et strat\u00e9gie internationales SIS\" title=\"Hotel restaurant (1)\" srcset=\"https:\/\/www.sisinternational.com\/wp-content\/uploads\/2025\/10\/Hotel-restaurant-1.jpg 1456w, https:\/\/www.sisinternational.com\/wp-content\/uploads\/2025\/10\/Hotel-restaurant-1-300x168.jpg 300w, https:\/\/www.sisinternational.com\/wp-content\/uploads\/2025\/10\/Hotel-restaurant-1-1024x574.jpg 1024w, https:\/\/www.sisinternational.com\/wp-content\/uploads\/2025\/10\/Hotel-restaurant-1-768x430.jpg 768w, https:\/\/www.sisinternational.com\/wp-content\/uploads\/2025\/10\/Hotel-restaurant-1-18x10.jpg 18w\" sizes=\"auto, (max-width: 1456px) 100vw, 1456px\"><\/figure>\n\n\n\n<p><\/p>\n\n\n\n<p>Le monde de la gastronomie est l\u2019un des secteurs les plus comp\u00e9titifs pour les entreprises et il est essentiel d\u2019avoir un avantage pour r\u00e9ussir dans cet environnement. Par cons\u00e9quent, comprendre les pr\u00e9f\u00e9rences et les exp\u00e9riences culinaires des clients est primordial \u2013 et les \u00e9tudes de march\u00e9 sur les aliments et les boissons sont un outil essentiel pour les restaurateurs qui cherchent \u00e0 aligner leurs offres sur l&#039;\u00e9volution des go\u00fbts et des attentes de leur client\u00e8le.<\/p>\n\n\n\n<h2 class=\"wp-block-heading\">Qu\u2019est-ce que l\u2019\u00e9tude de march\u00e9 sur la voix du client dans le secteur des aliments et des boissons ?<\/h2>\n\n\n\n<p>L\u2019\u00e9tude de march\u00e9 sur la voix du client dans le secteur des aliments et des boissons est une forme sp\u00e9cialis\u00e9e d\u2019\u00e9tude de march\u00e9 adapt\u00e9e aux besoins et aux nuances de l\u2019industrie alimentaire. Ces retours peuvent porter sur des sujets vari\u00e9s, depuis le go\u00fbt et la pr\u00e9sentation des plats, l&#039;ambiance et le cadre de l&#039;\u00e9tablissement, jusqu&#039;\u00e0 la qualit\u00e9 du service rendu.<\/p>\n\n\n\n<p>En tirant parti des \u00e9tudes de march\u00e9, les restaurateurs obtiennent une compr\u00e9hension plus approfondie de leurs clients, ce qui leur permet d&#039;adapter plus efficacement leurs offres et de garantir une exp\u00e9rience culinaire m\u00e9morable.<\/p>\n\n\n\n<h2 class=\"wp-block-heading\">Avantages de l&#039;\u00e9tude de march\u00e9 sur la voix du client dans le secteur des aliments et des boissons<\/h2>\n\n\n\n<p>In the highly competitive food industry, understanding customer preferences is crucial for success. <a href=\"https:\/\/www.sisinternational.com\/fr\/competence\/les-industries\/etude-de-marche-sur-les-boissons-et-les-aliments-pour-le-diner\/\" title=\"\u00c9tude de march\u00e9 sur les aliments et boissons pour le d\u00eener\"  data-wpil-monitor-id=\"7182\">Food and beverage voice of the customer<\/a> market research offers several benefits that can give restaurants a competitive edge:<\/p>\n\n\n\n<ul class=\"wp-block-list\">\n<li><strong>Informations approfondies sur les pr\u00e9f\u00e9rences des clients\u00a0:<\/strong> Les \u00e9tudes de march\u00e9 sur la voix des clients dans le domaine des aliments et des boissons offrent une ligne directe avec l&#039;esprit du client. Gr\u00e2ce \u00e0 des enqu\u00eates et \u00e0 des m\u00e9thodes de collecte de commentaires, les restaurants peuvent discerner des plats sp\u00e9cifiques qui trouvent un \u00e9cho aupr\u00e8s de leur public, des ingr\u00e9dients qui pourraient polariser ou des cuisines qui gagnent du terrain. Ces informations aident les restaurants \u00e0 prendre des d\u00e9cisions \u00e9clair\u00e9es concernant leurs offres de menu, en garantissant qu&#039;ils r\u00e9pondent aux pr\u00e9f\u00e9rences de leur public cible.<\/li>\n\n\n\n<li><strong>Am\u00e9liorer l&#039;exp\u00e9rience culinaire\u00a0:<\/strong> Au-del\u00e0 du menu, les commentaires sur l&#039;ambiance, la musique, la disposition des si\u00e8ges et m\u00eame l&#039;\u00e9clairage sont essentiels. De telles informations garantissent que les convives ne se contentent pas d&#039;appr\u00e9cier leur repas, mais sont immerg\u00e9s dans une exp\u00e9rience culinaire holistique adapt\u00e9e \u00e0 leurs pr\u00e9f\u00e9rences. En cr\u00e9ant une exp\u00e9rience culinaire m\u00e9morable, les restaurants peuvent fid\u00e9liser leurs clients et attirer des clients fid\u00e8les.<\/li>\n\n\n\n<li><strong>Fid\u00e9liser\u00a0:<\/strong> Lorsque les clients voient que leurs commentaires sont pris en compte, cela favorise un sentiment de loyaut\u00e9 et de connexion. Ils reconnaissent que leurs opinions sont valoris\u00e9es, ce qui les rend plus susceptibles de revenir et de recommander l&#039;\u00e9tablissement \u00e0 d&#039;autres.<\/li>\n\n\n\n<li><strong>D\u00e9cisions commerciales strat\u00e9giques\u00a0:<\/strong> Les restaurateurs peuvent prendre des d\u00e9cisions \u00e9clair\u00e9es concernant les extensions potentielles, la refonte des menus ou les \u00e9v\u00e9nements promotionnels. En analysant les commentaires des clients et les tendances du march\u00e9, les restaurateurs peuvent identifier les opportunit\u00e9s de croissance et adapter leurs strat\u00e9gies en cons\u00e9quence. Cela r\u00e9duit les incertitudes et les risques financiers associ\u00e9s \u00e0 de telles d\u00e9cisions, ce qui conduit \u00e0 de meilleurs r\u00e9sultats commerciaux.<\/li>\n\n\n\n<li><strong>Gestion de la r\u00e9putation:<\/strong> Consistent <a href=\"https:\/\/www.sisinternational.com\/fr\/competence\/les-industries\/etude-de-marche-sur-la-reputation\/\" title=\"\u00c9tude de march\u00e9 sur la r\u00e9putation\"  data-wpil-monitor-id=\"4087\">food and beverage voice of the customer<\/a> market research ensures that restaurateurs are attuned to customer sentiments, enabling proactive measures to maintain a positive public image. By addressing any concerns or issues raised by customers, restaurants can mitigate negative reviews and build a strong online reputation.<\/li>\n<\/ul>\n\n\n\n<h2 class=\"wp-block-heading\">Tendances et technologies actuelles appliqu\u00e9es aux \u00e9tudes de march\u00e9 sur les aliments et les boissons<\/h2>\n\n\n\n<figure class=\"gb-block-image gb-block-image-2f0f5970\"><img loading=\"lazy\" decoding=\"async\" width=\"1456\" height=\"816\" class=\"gb-image gb-image-2f0f5970\" src=\"https:\/\/www.sisinternational.com\/wp-content\/uploads\/2025\/10\/taste-testing-7.jpg\" alt=\"\u00c9tudes de march\u00e9 et strat\u00e9gie internationales SIS\" title=\"taste testing (7)\" srcset=\"https:\/\/www.sisinternational.com\/wp-content\/uploads\/2025\/10\/taste-testing-7.jpg 1456w, https:\/\/www.sisinternational.com\/wp-content\/uploads\/2025\/10\/taste-testing-7-300x168.jpg 300w, https:\/\/www.sisinternational.com\/wp-content\/uploads\/2025\/10\/taste-testing-7-1024x574.jpg 1024w, https:\/\/www.sisinternational.com\/wp-content\/uploads\/2025\/10\/taste-testing-7-768x430.jpg 768w, https:\/\/www.sisinternational.com\/wp-content\/uploads\/2025\/10\/taste-testing-7-18x10.jpg 18w\" sizes=\"auto, (max-width: 1456px) 100vw, 1456px\"><\/figure>\n\n\n\n<p><\/p>\n\n\n\n<p>Les \u00e9tudes de march\u00e9 sur la voix des clients dans le domaine des aliments et des boissons \u00e9voluent constamment pour suivre l&#039;\u00e9volution des pr\u00e9f\u00e9rences et des comportements des convives. Voici quelques tendances et technologies actuelles appliqu\u00e9es dans ce domaine\u00a0:<\/p>\n\n\n\n<ul class=\"wp-block-list\">\n<li><strong>Enqu\u00eates mobiles et applications de commentaires\u00a0:<\/strong> Avec l&#039;utilisation g\u00e9n\u00e9ralis\u00e9e des smartphones, les restaurants utilisent de plus en plus d&#039;enqu\u00eates mobiles et d&#039;applications de feedback pour recueillir les commentaires des clients en temps r\u00e9el. Ces outils permettent aux clients de fournir des commentaires de mani\u00e8re pratique et instantan\u00e9e, am\u00e9liorant ainsi l&#039;exactitude et la rapidit\u00e9 de la collecte de donn\u00e9es.<\/li>\n\n\n\n<li><strong>\u00c9coute des r\u00e9seaux sociaux\u00a0:<\/strong> Les plateformes de m\u00e9dias sociaux fournissent une multitude d\u2019informations sur les pr\u00e9f\u00e9rences et les sentiments des clients. Les restaurants exploitent les outils d&#039;\u00e9coute des r\u00e9seaux sociaux pour surveiller les conversations en ligne et recueillir des informations sur la r\u00e9putation de leur marque, leurs pr\u00e9f\u00e9rences en mati\u00e8re de menu et les tendances \u00e9mergentes en mati\u00e8re de restauration. Ces informations les aident \u00e0 adapter leurs offres et leurs strat\u00e9gies marketing pour mieux servir leur public cible.<\/li>\n\n\n\n<li><strong>Analyse des avis en ligne\u00a0:<\/strong> Les avis en ligne sont devenus un outil puissant permettant aux clients de partager leurs exp\u00e9riences culinaires. Les restaurants utilisent des outils d&#039;analyse des sentiments pour analyser et extraire des informations \u00e0 partir des avis en ligne. En comprenant les sentiments exprim\u00e9s par les clients, les restaurants peuvent identifier les domaines \u00e0 am\u00e9liorer et prendre des mesures proactives pour r\u00e9soudre tout probl\u00e8me.<\/li>\n<\/ul>\n\n\n\n<h2 class=\"wp-block-heading\">Opportunit\u00e9s dans l\u2019\u00e9tude de march\u00e9 Food Voice of the Customer pour les entreprises<\/h2>\n\n\n\n<p>L\u2019industrie alimentaire en constante croissance offre plusieurs opportunit\u00e9s aux entreprises. Voici quelques-unes des opportunit\u00e9s les plus importantes pour les entreprises de ce secteur\u00a0:<\/p>\n\n\n\n<ul class=\"wp-block-list\">\n<li><strong>Optimisation des menus\u00a0:<\/strong> Au lieu de s\u2019appuyer sur des essais et des erreurs, les restaurants peuvent utiliser les donn\u00e9es d\u2019enqu\u00eate pour affiner leurs menus. En introduisant des plats adapt\u00e9s aux tendances \u00e9mergentes et en supprimant progressivement les plats peu performants, les restaurants peuvent optimiser leur offre de menus pour r\u00e9pondre aux attentes des clients et accro\u00eetre leur rentabilit\u00e9.<\/li>\n\n\n\n<li><strong>Strat\u00e9gies bas\u00e9es sur la localisation\u00a0:<\/strong> For chains or franchises considering expansion, food and beverage <a href=\"https:\/\/www.sisinternational.com\/fr\/global-beverage-market\/\" title=\"Global Beverage Market: Market Dynamics, Growth Projections &amp; Consumer Insights\"  data-wpil-monitor-id=\"1107\">voice of the customer market research<\/a> can provide insights into geographical preferences. By understanding which locations resonate most with their target audience, businesses can strategically select locations where their offerings are most likely to succeed.<\/li>\n\n\n\n<li><strong>Efficacit\u00e9 op\u00e9rationnelle\u00a0:<\/strong> Les commentaires sur les performances du personnel, les temps d&#039;attente ou les syst\u00e8mes de r\u00e9servation peuvent conduire \u00e0 de meilleures strat\u00e9gies op\u00e9rationnelles, \u00e0 une optimisation des ressources et \u00e0 une am\u00e9lioration de la qualit\u00e9 globale du service. En rationalisant les op\u00e9rations en fonction des commentaires des clients, les restaurants peuvent am\u00e9liorer leur efficacit\u00e9 et offrir une exp\u00e9rience culinaire fluide.<\/li>\n\n\n\n<li><strong>Programmes de fid\u00e9lit\u00e9 et promotions\u00a0:<\/strong> Les \u00e9tudes de march\u00e9 peuvent mettre en lumi\u00e8re les r\u00e9compenses ou les promotions qui plaisent le plus aux clients. En comprenant leurs pr\u00e9f\u00e9rences, les entreprises peuvent concevoir des programmes de fid\u00e9lit\u00e9 et des offres promotionnelles qui attirent et fid\u00e9lisent r\u00e9ellement les clients, favorisant ainsi la fid\u00e9lit\u00e9 des clients et la fid\u00e9lisation des clients.<\/li>\n\n\n\n<li><strong>S&#039;engager avec la g\u00e9n\u00e9ration num\u00e9rique\u00a0:<\/strong> With a growing number of diners relying on online reviews and platforms for their dining decisions, insights from <a href=\"https:\/\/www.sisinternational.com\/fr\/competence\/les-industries\/etude-de-marche-sur-la-livraison-de-nourriture-en-ligne\/\" title=\"\u00c9tude de march\u00e9 sur la livraison de nourriture en ligne\"  data-wpil-monitor-id=\"5667\">food and beverage voice of the customer<\/a> market research can guide businesses in enhancing their online presence. By optimizing their website, engaging with social media platforms, and partnering with food bloggers and influencers, restaurants can reach their target audience more effectively and attract new customers.<\/li>\n<\/ul>\n\n\n\n<h2 class=\"wp-block-heading\">Les d\u00e9fis de l&#039;alimentation et des boissons \u00c9tude de march\u00e9 Voix du client pour les entreprises<\/h2>\n\n\n\n<figure class=\"gb-block-image gb-block-image-c7c462b4\"><img loading=\"lazy\" decoding=\"async\" width=\"1456\" height=\"816\" class=\"gb-image gb-image-c7c462b4\" src=\"https:\/\/www.sisinternational.com\/wp-content\/uploads\/2025\/10\/restaurantr-employee-3.jpg\" alt=\"\u00c9tudes de march\u00e9 et strat\u00e9gie internationales SIS\" title=\"restaurantr employee (3)\" srcset=\"https:\/\/www.sisinternational.com\/wp-content\/uploads\/2025\/10\/restaurantr-employee-3.jpg 1456w, https:\/\/www.sisinternational.com\/wp-content\/uploads\/2025\/10\/restaurantr-employee-3-300x168.jpg 300w, https:\/\/www.sisinternational.com\/wp-content\/uploads\/2025\/10\/restaurantr-employee-3-1024x574.jpg 1024w, https:\/\/www.sisinternational.com\/wp-content\/uploads\/2025\/10\/restaurantr-employee-3-768x430.jpg 768w, https:\/\/www.sisinternational.com\/wp-content\/uploads\/2025\/10\/restaurantr-employee-3-18x10.jpg 18w\" sizes=\"auto, (max-width: 1456px) 100vw, 1456px\"><\/figure>\n\n\n\n<p><\/p>\n\n\n\n<p>Bien que cette \u00e9tude de march\u00e9 offre des informations pr\u00e9cieuses, les entreprises peuvent \u00eatre confront\u00e9es \u00e0 plusieurs d\u00e9fis lorsqu&#039;elles m\u00e8nent ce type de recherche\u00a0:<\/p>\n\n\n\n<ul class=\"wp-block-list\">\n<li><strong>Faibles taux de r\u00e9ponse\u00a0:<\/strong> L\u2019un des principaux d\u00e9fis des \u00e9tudes de march\u00e9 sur la voix des clients dans le secteur des aliments et des boissons est le taux de participation souvent faible. Les clients peuvent \u00eatre r\u00e9ticents \u00e0 r\u00e9pondre \u00e0 des enqu\u00eates ou \u00e0 fournir des commentaires, laissant aux entreprises des donn\u00e9es limit\u00e9es \u00e0 analyser. Pour att\u00e9nuer ce d\u00e9fi, les restaurants peuvent encourager la participation en offrant des r\u00e9ductions ou des r\u00e9compenses pour avoir r\u00e9pondu \u00e0 des enqu\u00eates.<\/li>\n\n\n\n<li><strong>Mise en \u0153uvre des changements\u00a0:<\/strong> Bien que la collecte de commentaires soit une facette de l\u2019\u00e9tude de march\u00e9 sur la voix des clients dans le secteur des aliments et des boissons, la mise en \u0153uvre de changements bas\u00e9s sur ces commentaires pr\u00e9sente son propre ensemble de d\u00e9fis. Trouver l\u2019\u00e9quilibre entre r\u00e9pondre aux commentaires et maintenir l\u2019essence du restaurant peut \u00eatre un acte d\u00e9licat. Il est important que les entreprises \u00e9valuent soigneusement les commentaires et prennent des d\u00e9cisions strat\u00e9giques qui correspondent \u00e0 leur identit\u00e9 de marque et \u00e0 leur march\u00e9 cible.<\/li>\n\n\n\n<li><strong>Nuances culturelles et r\u00e9gionales :<\/strong> Les commentaires peuvent varier consid\u00e9rablement en fonction des pr\u00e9f\u00e9rences culturelles ou r\u00e9gionales. Pour les cha\u00eenes op\u00e9rant dans plusieurs r\u00e9gions ou pays, standardiser les offres bas\u00e9es sur des commentaires vari\u00e9s peut s&#039;av\u00e9rer difficile. Les entreprises doivent soigneusement prendre en compte les nuances culturelles et r\u00e9gionales pour s&#039;assurer qu&#039;elles adaptent leurs offres de mani\u00e8re appropri\u00e9e sans compromettre l&#039;int\u00e9grit\u00e9 de leur marque.<\/li>\n<\/ul>\n\n\n\n<h2 class=\"wp-block-heading\">Perspectives futures de l\u2019\u00e9tude de march\u00e9 sur la voix du client dans le secteur des aliments et des boissons<\/h2>\n\n\n\n<p>L\u2019industrie alimentaire est en constante \u00e9volution, tout comme le domaine des \u00e9tudes de march\u00e9 sur les aliments et les boissons. Voici quelques tendances \u00e9mergentes et perspectives d\u2019avenir\u00a0:<\/p>\n\n\n\n<ul class=\"wp-block-list\">\n<li><strong>Enqu\u00eates de r\u00e9alit\u00e9 virtuelle (VR) et de r\u00e9alit\u00e9 augment\u00e9e (AR)\u00a0:<\/strong> \u00c0 mesure que les technologies VR et AR deviennent plus accessibles, elles pourraient \u00eatre utilis\u00e9es pour des exp\u00e9riences d\u2019enqu\u00eate plus immersives. Ces technologies peuvent permettre aux consommateurs de donner leur avis sur des d\u00e9monstrations de menus virtuels, des am\u00e9nagements de restaurants ou m\u00eame des exp\u00e9riences de d\u00e9gustation. En int\u00e9grant des enqu\u00eates VR et AR, les entreprises peuvent recueillir des commentaires plus d\u00e9taill\u00e9s et plus r\u00e9alistes de la part des clients.<\/li>\n\n\n\n<li><strong>Int\u00e9gration avec les m\u00e9dias sociaux\u00a0:<\/strong> \u00c0 mesure que les m\u00e9dias sociaux continuent d\u2019influencer les choix de restauration, leur int\u00e9gration avec les \u00e9tudes de march\u00e9 sur la voix des clients dans le domaine des aliments et des boissons deviendra plus profonde. Les restaurants peuvent directement rechercher des commentaires sur des plateformes comme Instagram, TikTok ou Facebook, en exploitant leur base d&#039;utilisateurs et en interagissant avec les clients l\u00e0 o\u00f9 ils passent leur temps en ligne.<\/li>\n\n\n\n<li><strong>Exp\u00e9riences d&#039;enqu\u00eate personnalis\u00e9es\u00a0:<\/strong> Gr\u00e2ce \u00e0 l&#039;analyse des donn\u00e9es, les futures enqu\u00eates seront plus personnalis\u00e9es, posant des questions pertinentes par rapport \u00e0 l&#039;exp\u00e9rience sp\u00e9cifique du client. En adaptant les enqu\u00eates aux pr\u00e9f\u00e9rences individuelles et aux habitudes alimentaires, les entreprises peuvent garantir un engagement plus \u00e9lev\u00e9 et des commentaires plus pr\u00e9cis. Les exp\u00e9riences d&#039;enqu\u00eate personnalis\u00e9es permettent aux entreprises de recueillir des informations plus pr\u00e9cises et d&#039;apporter des am\u00e9liorations cibl\u00e9es.<\/li>\n<\/ul>","protected":false},"excerpt":{"rendered":"<p>Les \u00e9tudes de march\u00e9 sur la voix du client dans le secteur de l&#039;alimentation et des boissons sont essentielles pour que les restaurateurs s&#039;alignent sur l&#039;\u00e9volution des go\u00fbts et des attentes.<\/p>","protected":false},"author":1,"featured_media":70814,"parent":22018,"menu_order":387,"comment_status":"closed","ping_status":"closed","template":"","meta":{"footnotes":""},"class_list":["post-43772","page","type-page","status-publish","has-post-thumbnail"],"_links":{"self":[{"href":"https:\/\/www.sisinternational.com\/fr\/wp-json\/wp\/v2\/pages\/43772","targetHints":{"allow":["GET"]}}],"collection":[{"href":"https:\/\/www.sisinternational.com\/fr\/wp-json\/wp\/v2\/pages"}],"about":[{"href":"https:\/\/www.sisinternational.com\/fr\/wp-json\/wp\/v2\/types\/page"}],"author":[{"embeddable":true,"href":"https:\/\/www.sisinternational.com\/fr\/wp-json\/wp\/v2\/users\/1"}],"replies":[{"embeddable":true,"href":"https:\/\/www.sisinternational.com\/fr\/wp-json\/wp\/v2\/comments?post=43772"}],"version-history":[{"count":8,"href":"https:\/\/www.sisinternational.com\/fr\/wp-json\/wp\/v2\/pages\/43772\/revisions"}],"predecessor-version":[{"id":80745,"href":"https:\/\/www.sisinternational.com\/fr\/wp-json\/wp\/v2\/pages\/43772\/revisions\/80745"}],"up":[{"embeddable":true,"href":"https:\/\/www.sisinternational.com\/fr\/wp-json\/wp\/v2\/pages\/22018"}],"wp:featuredmedia":[{"embeddable":true,"href":"https:\/\/www.sisinternational.com\/fr\/wp-json\/wp\/v2\/media\/70814"}],"wp:attachment":[{"href":"https:\/\/www.sisinternational.com\/fr\/wp-json\/wp\/v2\/media?parent=43772"}],"curies":[{"name":"wp","href":"https:\/\/api.w.org\/{rel}","templated":true}]}}