{"id":43766,"date":"2023-10-10T16:49:00","date_gmt":"2023-10-10T20:49:00","guid":{"rendered":"https:\/\/www.sisinternational.com\/?page_id=43766"},"modified":"2026-03-12T22:37:32","modified_gmt":"2026-03-13T02:37:32","slug":"etude-de-marche-sur-les-escaliers-mecaniques","status":"publish","type":"page","link":"https:\/\/www.sisinternational.com\/fr\/construction-market-research-solutions\/etude-de-marche-sur-les-escaliers-mecaniques\/","title":{"rendered":"\u00c9tude de march\u00e9 sur les escaliers m\u00e9caniques"},"content":{"rendered":"<h1 class=\"wp-block-heading\">\u00c9tude de march\u00e9 sur les escaliers m\u00e9caniques<\/h1>\n\n\n\n<figure class=\"gb-block-image gb-block-image-45a27050\"><img loading=\"lazy\" decoding=\"async\" width=\"1456\" height=\"816\" class=\"gb-image gb-image-45a27050\" src=\"https:\/\/www.sisinternational.com\/wp-content\/uploads\/2025\/08\/Escalator-6.jpg\" alt=\"\u00c9tudes de march\u00e9 et strat\u00e9gie internationales SIS\" title=\"Escalator (6)\" srcset=\"https:\/\/www.sisinternational.com\/wp-content\/uploads\/2025\/08\/Escalator-6.jpg 1456w, https:\/\/www.sisinternational.com\/wp-content\/uploads\/2025\/08\/Escalator-6-300x168.jpg 300w, https:\/\/www.sisinternational.com\/wp-content\/uploads\/2025\/08\/Escalator-6-1024x574.jpg 1024w, https:\/\/www.sisinternational.com\/wp-content\/uploads\/2025\/08\/Escalator-6-768x430.jpg 768w, https:\/\/www.sisinternational.com\/wp-content\/uploads\/2025\/08\/Escalator-6-18x10.jpg 18w\" sizes=\"auto, (max-width: 1456px) 100vw, 1456px\"><\/figure>\n\n\n\n<p><\/p>\n\n\n\n<p>Pouvez-vous imaginer un monde sans escalators, o\u00f9 le simple fait de se d\u00e9placer entre les niveaux devient une entreprise manuelle et chronophage\u00a0? Dans les paysages urbains modernes, les escaliers m\u00e9caniques ne sont plus de simples escaliers m\u00e9caniques ; ils repr\u00e9sentent le m\u00e9lange de prouesses techniques et d&#039;esth\u00e9tique architecturale, permettant une circulation humaine fluide dans des b\u00e2timents \u00e0 plusieurs \u00e9tages.<\/p>\n\n\n\n<p>Par cons\u00e9quent, il devient n\u00e9cessaire de mener une \u00e9tude approfondie du march\u00e9 des escaliers m\u00e9caniques pour que les parties prenantes puissent garder une longueur d\u2019avance sur ce march\u00e9 concurrentiel \u2013 et ajouter encore plus de valeur aux villes modernes gr\u00e2ce \u00e0 des escaliers m\u00e9caniques plus fiables et plus avanc\u00e9s.<\/p>\n\n\n\n<h2 class=\"wp-block-heading\">Importance de l\u2019\u00e9tude de march\u00e9 sur les escaliers m\u00e9caniques<\/h2>\n\n\n\n<p>Le secteur des escaliers m\u00e9caniques est un r\u00e9seau complexe de fabricants, de concepteurs, de prestataires de maintenance et d&#039;utilisateurs finaux, chacun s&#039;influen\u00e7ant les uns les autres de multiples fa\u00e7ons. Compte tenu de cette complexit\u00e9, les \u00e9tudes de march\u00e9 sur les escaliers m\u00e9caniques guident les entreprises dans la prise de d\u00e9cisions \u00e9clair\u00e9es, en s&#039;assurant que les escaliers m\u00e9caniques sont s\u00fbrs et fiables en identifiant les pr\u00e9occupations, les pr\u00e9f\u00e9rences et les domaines d&#039;am\u00e9lioration potentiels des consommateurs.<\/p>\n\n\n\n<p>Escalator market research also unveils the latest technological advancements, from energy-saving mechanisms to AI-driven predictive maintenance, allowing businesses to innovate and stay competitive. On the other hand, since escalator standards and regulations can differ vastly across countries and regions, comprehensive market research helps businesses remain abreast of local and <a href=\"https:\/\/www.sisinternational.com\/fr\/transporteurs-low-cost-dans-lindustrie-aeronautique\/\" title=\"\u00c9tude de march\u00e9 sur les compagnies a\u00e9riennes \u00e0 bas prix\"  data-wpil-monitor-id=\"8415\">mondial<\/a> regulatory norms, ensuring their products and services remain compliant.<\/p>\n\n\n\n<p>Finally, effective escalator market research allows businesses to gauge competitor strategies, market shares, and potential threats, helping them <a href=\"https:\/\/www.sisinternational.com\/fr\/competence\/les-industries\/tourisme-de-voyage\/avantage-new-york-comme-marche-test-pour-les-voyages\/\" title=\"L\u2019avantage strat\u00e9gique d\u2019utiliser New York comme march\u00e9 test pour les voyages et le tourisme\"  data-wpil-monitor-id=\"8420\">strategize and position themselves advantageously<\/a>.<\/p>\n\n\n\n<h2 class=\"wp-block-heading\">Joueurs cl\u00e9s<\/h2>\n\n\n\n<figure class=\"gb-block-image gb-block-image-3466d4b1\"><img loading=\"lazy\" decoding=\"async\" width=\"1456\" height=\"816\" class=\"gb-image gb-image-3466d4b1\" src=\"https:\/\/www.sisinternational.com\/wp-content\/uploads\/2025\/08\/Escalator-2.jpg\" alt=\"\u00c9tudes de march\u00e9 et strat\u00e9gie internationales SIS\" title=\"Escalator (2)\" srcset=\"https:\/\/www.sisinternational.com\/wp-content\/uploads\/2025\/08\/Escalator-2.jpg 1456w, https:\/\/www.sisinternational.com\/wp-content\/uploads\/2025\/08\/Escalator-2-300x168.jpg 300w, https:\/\/www.sisinternational.com\/wp-content\/uploads\/2025\/08\/Escalator-2-1024x574.jpg 1024w, https:\/\/www.sisinternational.com\/wp-content\/uploads\/2025\/08\/Escalator-2-768x430.jpg 768w, https:\/\/www.sisinternational.com\/wp-content\/uploads\/2025\/08\/Escalator-2-18x10.jpg 18w\" sizes=\"auto, (max-width: 1456px) 100vw, 1456px\"><\/figure>\n\n\n\n<p><\/p>\n\n\n\n<p>When one thinks of escalators, the mechanics and design might be the first thing to come to mind. However, behind these <a href=\"https:\/\/www.sisinternational.com\/fr\/sis-lance-de-nouvelles-solutions-de-recherche-numerique\/\" title=\"SIS lance de nouvelles solutions de recherche num\u00e9rique\"  data-wpil-monitor-id=\"8416\">innovative transportation solutions<\/a> lie a group of influential market players who drive the industry forward. Here&#8217;s a closer look:<\/p>\n\n\n\n<ul class=\"wp-block-list\">\n<li><strong>G\u00e9ants mondiaux de la fabrication\u00a0:<\/strong> Des entreprises comme Otis, KONE, Schindler et ThyssenKrupp sont des poids lourds du secteur des escaliers m\u00e9caniques. Leur pr\u00e9sence mondiale, leurs d\u00e9partements R&amp;D rigoureux et leur concentration constante sur l&#039;innovation en font le choix incontournable pour de nombreux projets de grande envergure dans le monde.<\/li>\n\n\n\n<li><strong>Fournisseurs de maintenance et de services\u00a0:<\/strong> La vie d\u2019un escalier roulant ne s\u2019arr\u00eate pas une fois install\u00e9. Les prestataires de maintenance et de services jouent un r\u00f4le crucial pour garantir le bon fonctionnement des escaliers m\u00e9caniques au fil des ann\u00e9es. Les entreprises sp\u00e9cialis\u00e9es dans ce segment, comme Fujitec et Mitsubishi Electric, proposent des solutions sur mesure allant des contr\u00f4les de routine aux r\u00e9visions compl\u00e8tes.<\/li>\n<\/ul>\n\n\n\n<h2 class=\"wp-block-heading\">Les tendances actuelles<\/h2>\n\n\n\n<p>Le march\u00e9 des escaliers m\u00e9caniques, comme tout autre, n\u2019est pas \u00e0 l\u2019abri des vagues de changement. Voici quelques-unes des tendances dominantes qui fa\u00e7onnent sa trajectoire\u00a0:<\/p>\n\n\n\n<ul class=\"wp-block-list\">\n<li><strong>Conceptions respectueuses de l&#039;environnement\u00a0:<\/strong> \u00c0 mesure que l\u2019accent est mis de plus en plus sur la durabilit\u00e9, la conception des escaliers m\u00e9caniques \u00e9volue. Les moteurs \u00e9conomes en \u00e9nergie, l\u2019\u00e9clairage LED et les entra\u00eenements r\u00e9g\u00e9n\u00e9ratifs deviennent des fonctionnalit\u00e9s standard, r\u00e9duisant ainsi l\u2019empreinte carbone de ces escaliers mobiles.<\/li>\n\n\n\n<li><strong>Escaliers m\u00e9caniques intelligents\u00a0:<\/strong> \u00c0 l\u2019\u00e8re de l\u2019IoT, les escaliers m\u00e9caniques deviennent plus intelligents. Les capteurs qui d\u00e9tectent le trafic pi\u00e9tonnier et ajustent la vitesse en cons\u00e9quence, la maintenance pr\u00e9dictive utilisant l\u2019IA et les escaliers m\u00e9caniques qui s\u2019int\u00e8grent parfaitement aux b\u00e2timents intelligents font tous leur marque.<\/li>\n\n\n\n<li><strong>Caract\u00e9ristiques de s\u00e9curit\u00e9 am\u00e9lior\u00e9es\u00a0:<\/strong> Compte tenu de la forte fr\u00e9quentation des escaliers m\u00e9caniques, la s\u00e9curit\u00e9 reste primordiale. Les mod\u00e8les les plus r\u00e9cents sont \u00e9quip\u00e9s de syst\u00e8mes de freinage am\u00e9lior\u00e9s, d&#039;une protection des bords sensibles et m\u00eame de d\u00e9sinfectants UV pour mains courantes pour garantir un trajet s\u00fbr pour tous.<\/li>\n<\/ul>\n\n\n\n<h2 class=\"wp-block-heading\">Opportunit\u00e9s d\u2019\u00e9tudes de march\u00e9 sur les escaliers m\u00e9caniques pour les entreprises<\/h2>\n\n\n\n<p>L\u2019\u00e9volution du secteur des escaliers m\u00e9caniques est continue, ouvrant de nombreuses voies \u00e0 explorer pour les entreprises. L\u2019accent n\u2019est pas seulement mis sur la cr\u00e9ation d\u2019un meilleur escalier m\u00e9canique, mais \u00e9galement sur la compr\u00e9hension des courants sous-jacents qui fa\u00e7onnent la demande des consommateurs et des entreprises. Voici quelques opportunit\u00e9s que les \u00e9tudes de march\u00e9 sur les escaliers m\u00e9caniques peuvent r\u00e9v\u00e9ler\u00a0:<\/p>\n\n\n\n<ul class=\"wp-block-list\">\n<li><strong>Integration with <\/strong><a href=\"https:\/\/www.sisinternational.com\/fr\/competence\/les-industries\/etude-de-marche-sur-les-villes-intelligentes\/\" title=\"\u00c9tude de march\u00e9 sur les villes intelligentes\"  data-wpil-monitor-id=\"8419\">Smart Infrastructure: As cities<\/a> become smarter and more integrated, there is a growing need for escalators that can communicate with other systems. This offers businesses the chance to develop escalators that can sync with other building management systems, offering real-time data on usage, potential malfunctions, or energy consumption patterns.<\/li>\n\n\n\n<li><strong>L\u2019av\u00e8nement des escaliers m\u00e9caniques compacts et modulaires\u00a0:<\/strong> L\u2019espace est limit\u00e9 dans de nombreuses constructions modernes. Il existe une opportunit\u00e9 de concevoir des escaliers m\u00e9caniques compacts et modulaires pouvant s&#039;adapter \u00e0 des espaces plus restreints sans compromettre l&#039;efficacit\u00e9 ou la s\u00e9curit\u00e9.<\/li>\n\n\n\n<li><strong>Services post-installation\u00a0:<\/strong> Avec un nombre croissant d&#039;escaliers m\u00e9caniques dans le monde, il existe un besoin imminent de services de maintenance, de r\u00e9paration et de r\u00e9vision de haute qualit\u00e9. Les entreprises sp\u00e9cialis\u00e9es dans ces services, ou proposant des packages d\u2019extension de garantie, sont susceptibles de gagner une part de march\u00e9 importante.<\/li>\n<\/ul>\n\n\n\n<h2 class=\"wp-block-heading\">D\u00e9fis des \u00e9tudes de march\u00e9 sur les escaliers m\u00e9caniques pour les entreprises<\/h2>\n\n\n\n<figure class=\"gb-block-image gb-block-image-2f740604\"><img loading=\"lazy\" decoding=\"async\" width=\"1456\" height=\"816\" class=\"gb-image gb-image-2f740604\" src=\"https:\/\/www.sisinternational.com\/wp-content\/uploads\/2025\/08\/Escalator-5.jpg\" alt=\"\u00c9tudes de march\u00e9 et strat\u00e9gie internationales SIS\" title=\"Escalator (5)\" srcset=\"https:\/\/www.sisinternational.com\/wp-content\/uploads\/2025\/08\/Escalator-5.jpg 1456w, https:\/\/www.sisinternational.com\/wp-content\/uploads\/2025\/08\/Escalator-5-300x168.jpg 300w, https:\/\/www.sisinternational.com\/wp-content\/uploads\/2025\/08\/Escalator-5-1024x574.jpg 1024w, https:\/\/www.sisinternational.com\/wp-content\/uploads\/2025\/08\/Escalator-5-768x430.jpg 768w, https:\/\/www.sisinternational.com\/wp-content\/uploads\/2025\/08\/Escalator-5-18x10.jpg 18w\" sizes=\"auto, (max-width: 1456px) 100vw, 1456px\"><\/figure>\n\n\n\n<p><\/p>\n\n\n\n<p>While opportunities are vast, the path isn&#8217;t devoid of challenges. Recognizing these challenges early on is key for <a href=\"https:\/\/www.sisinternational.com\/fr\/leffet-des-cultures-de-marche-nigerianes-sur-les-affaires\/\" title=\"Le march\u00e9 nig\u00e9rian\u00a0: l&#039;effet de la culture sur les affaires\"  data-wpil-monitor-id=\"8417\">businesses to navigate the escalator market effectively<\/a>.<\/p>\n\n\n\n<ul class=\"wp-block-list\">\n<li><strong>Obstacles r\u00e9glementaires\u00a0:<\/strong> Diff\u00e9rents pays ont des normes de s\u00e9curit\u00e9 et de fonctionnement diff\u00e9rentes pour les escaliers m\u00e9caniques. Pour les entreprises mondiales, s\u2019adapter \u00e0 ces diverses r\u00e9glementations peut s\u2019av\u00e9rer long et co\u00fbteux.<\/li>\n\n\n\n<li><strong>Rapide <\/strong><a href=\"https:\/\/www.sisinternational.com\/fr\/competence\/les-industries\/etude-de-marche-sur-la-technologie-des-boissons-alimentaires\/\" title=\"\u00c9tude de march\u00e9 sur la technologie des aliments et des boissons | Technologie alimentaire\"  data-wpil-monitor-id=\"8421\">Technological Advancements: The tech<\/a> behind escalators is advancing rapidly. Companies need to ensure they aren&#8217;t <a href=\"https:\/\/www.sisinternational.com\/fr\/solutions\/recherche-de-conseil-en-strategie-fintech\/etude-de-marche-sur-les-technologies-dinvestissement\/\" title=\"\u00c9tude de march\u00e9 sur les technologies d\u2019investissement\"  data-wpil-monitor-id=\"8418\">investing heavily in soon-to-be-obsolete technologies<\/a>.<\/li>\n\n\n\n<li><strong>Comp\u00e9tition intense:<\/strong> Alors que les g\u00e9ants \u00e9tablis et les startups se disputent une part du march\u00e9 des escaliers m\u00e9caniques, il est de plus en plus difficile de se d\u00e9marquer et de proposer une proposition de valeur unique.<\/li>\n<\/ul>\n\n\n\n<h2 class=\"wp-block-heading\">Perspectives futures de l\u2019\u00e9tude de march\u00e9 sur les escaliers m\u00e9caniques<\/h2>\n\n\n\n<p>\u00c0 mesure que l&#039;urbanisation continue de fa\u00e7onner les villes du monde et d&#039;influencer les conceptions architecturales, le r\u00f4le des escaliers m\u00e9caniques ne fera que cro\u00eetre. Associ\u00e9 aux progr\u00e8s technologiques et \u00e0 l\u2019accent croissant mis sur la durabilit\u00e9, le secteur des escaliers m\u00e9caniques est pr\u00eat \u00e0 amorcer des changements transformateurs. Voici ce que l\u2019avenir des \u00e9tudes de march\u00e9 sur les escaliers m\u00e9caniques pourrait r\u00e9v\u00e9ler\u00a0:<\/p>\n\n\n\n<ul class=\"wp-block-list\">\n<li><strong>Escalator \u00e9cologique\u00a0:<\/strong> \u00c0 une \u00e9poque de plus en plus ax\u00e9e sur les pr\u00e9occupations en mati\u00e8re de d\u00e9veloppement durable, la demande d&#039;escaliers m\u00e9caniques \u00e9conomes en \u00e9nergie et respectueux de l&#039;environnement va augmenter. On peut s&#039;attendre \u00e0 des escaliers m\u00e9caniques \u00e9quip\u00e9s de syst\u00e8mes de r\u00e9g\u00e9n\u00e9ration d&#039;\u00e9nergie, qui exploitent l&#039;\u00e9nergie cr\u00e9\u00e9e par le mouvement de l&#039;escalier m\u00e9canique, \u00e0 l&#039;instar du freinage r\u00e9g\u00e9n\u00e9ratif des v\u00e9hicules \u00e9lectriques.<\/li>\n\n\n\n<li><strong>Integration of Artificial Intelligence (AI) and <a href=\"https:\/\/www.sisinternational.com\/fr\/solutions\/conseil-en-blockchain-sis\/internet-des-objets-blockchain\/\" title=\"Blockchain et Internet des objets\"  data-wpil-monitor-id=\"8422\">Internet des objets<\/a> (IoT):<\/strong> Les futurs escaliers m\u00e9caniques pourraient \u00eatre plus intelligents que jamais. Gr\u00e2ce \u00e0 l&#039;int\u00e9gration de l&#039;IA et de l&#039;IoT, les escaliers m\u00e9caniques peuvent pr\u00e9dire les besoins de maintenance, ajuster les vitesses en fonction du trafic pi\u00e9tonnier et m\u00eame s&#039;int\u00e9grer aux appareils mobiles des utilisateurs pour offrir des exp\u00e9riences personnalis\u00e9es, telles que l&#039;ajustement de la vitesse de l&#039;escalier m\u00e9canique en fonction des pr\u00e9f\u00e9rences de chacun.<\/li>\n\n\n\n<li><strong>Innovations en mati\u00e8re de s\u00e9curit\u00e9\u00a0:<\/strong> Compte tenu de l\u2019importance primordiale de la s\u00e9curit\u00e9, les innovations qui am\u00e9liorent la s\u00e9curit\u00e9 des escaliers m\u00e9caniques seront au premier plan. Cela pourrait impliquer des capteurs d\u00e9tectant les obstacles, des m\u00e9canismes d\u2019arr\u00eat d\u2019urgence avanc\u00e9s ou m\u00eame des syst\u00e8mes facilitant l\u2019\u00e9vacuation en cas d\u2019urgence.<\/li>\n\n\n\n<li><strong>Designs personnalisables et esth\u00e9tiques :<\/strong> Alors que les marques cherchent \u00e0 se d\u00e9marquer, les conceptions d&#039;escaliers m\u00e9caniques sur mesure qui correspondent \u00e0 l&#039;esth\u00e9tique d&#039;un b\u00e2timent ou \u00e0 l&#039;identit\u00e9 d&#039;une marque gagneront en popularit\u00e9.<\/li>\n\n\n\n<li><strong>Expansion vers des espaces non traditionnels\u00a0:<\/strong> Alors que les centres commerciaux et les stations de m\u00e9tro sont traditionnellement les lieux d\u2019installation des escaliers m\u00e9caniques, nous pourrions commencer \u00e0 les voir dans des espaces plus r\u00e9cents et non conventionnels. Cela pourrait aller des complexes r\u00e9sidentiels visant \u00e0 offrir une exp\u00e9rience luxueuse aux espaces publics situ\u00e9s sur des terrains vallonn\u00e9s o\u00f9 les escaliers m\u00e9caniques peuvent faciliter les d\u00e9placements.<\/li>\n\n\n\n<li><strong>Int\u00e9gration de r\u00e9alit\u00e9 virtuelle (VR) et de r\u00e9alit\u00e9 augment\u00e9e (AR)\u00a0:<\/strong> Imaginez monter sur un escalier roulant et vous lancer dans un bref voyage virtuel en vous d\u00e9pla\u00e7ant entre les \u00e9tages. Avec l\u2019int\u00e9gration de la r\u00e9alit\u00e9 augment\u00e9e et de la r\u00e9alit\u00e9 virtuelle, les escaliers m\u00e9caniques pourraient offrir de br\u00e8ves exp\u00e9riences de divertissement ou d\u2019information, faisant du voyage plus qu\u2019un simple moyen d\u2019atteindre une fin.<\/li>\n<\/ul>","protected":false},"excerpt":{"rendered":"<p>Les \u00e9tudes de march\u00e9 sur les escaliers m\u00e9caniques sont essentielles pour que les parties prenantes puissent ajouter encore plus de valeur aux villes modernes gr\u00e2ce \u00e0 des escaliers m\u00e9caniques fiables et avanc\u00e9s.<\/p>","protected":false},"author":1,"featured_media":64618,"parent":84498,"menu_order":385,"comment_status":"closed","ping_status":"closed","template":"","meta":{"footnotes":""},"class_list":["post-43766","page","type-page","status-publish","has-post-thumbnail"],"_links":{"self":[{"href":"https:\/\/www.sisinternational.com\/fr\/wp-json\/wp\/v2\/pages\/43766","targetHints":{"allow":["GET"]}}],"collection":[{"href":"https:\/\/www.sisinternational.com\/fr\/wp-json\/wp\/v2\/pages"}],"about":[{"href":"https:\/\/www.sisinternational.com\/fr\/wp-json\/wp\/v2\/types\/page"}],"author":[{"embeddable":true,"href":"https:\/\/www.sisinternational.com\/fr\/wp-json\/wp\/v2\/users\/1"}],"replies":[{"embeddable":true,"href":"https:\/\/www.sisinternational.com\/fr\/wp-json\/wp\/v2\/comments?post=43766"}],"version-history":[{"count":3,"href":"https:\/\/www.sisinternational.com\/fr\/wp-json\/wp\/v2\/pages\/43766\/revisions"}],"predecessor-version":[{"id":81412,"href":"https:\/\/www.sisinternational.com\/fr\/wp-json\/wp\/v2\/pages\/43766\/revisions\/81412"}],"up":[{"embeddable":true,"href":"https:\/\/www.sisinternational.com\/fr\/wp-json\/wp\/v2\/pages\/84498"}],"wp:featuredmedia":[{"embeddable":true,"href":"https:\/\/www.sisinternational.com\/fr\/wp-json\/wp\/v2\/media\/64618"}],"wp:attachment":[{"href":"https:\/\/www.sisinternational.com\/fr\/wp-json\/wp\/v2\/media?parent=43766"}],"curies":[{"name":"wp","href":"https:\/\/api.w.org\/{rel}","templated":true}]}}