{"id":43741,"date":"2023-10-04T21:56:26","date_gmt":"2023-10-05T01:56:26","guid":{"rendered":"https:\/\/www.sisinternational.com\/?page_id=43741"},"modified":"2026-01-25T18:11:42","modified_gmt":"2026-01-25T23:11:42","slug":"etude-de-marche-sur-les-batteries-mev","status":"publish","type":"page","link":"https:\/\/www.sisinternational.com\/fr\/competence\/etude-de-marche-sur-les-batteries-mev\/","title":{"rendered":"\u00c9tude de march\u00e9 sur les batteries MEV"},"content":{"rendered":"<h1 class=\"wp-block-heading\">\u00c9tude de march\u00e9 sur les batteries MEV<\/h1>\n\n\n\n<figure class=\"gb-block-image gb-block-image-3a7f3545\"><img loading=\"lazy\" decoding=\"async\" width=\"1456\" height=\"816\" class=\"gb-image gb-image-3a7f3545\" src=\"https:\/\/www.sisinternational.com\/wp-content\/uploads\/2025\/08\/Electric-vehicle-17.jpg\" alt=\"\u00c9tudes de march\u00e9 et strat\u00e9gie internationales SIS\" title=\"Electric vehicle (17)\" srcset=\"https:\/\/www.sisinternational.com\/wp-content\/uploads\/2025\/08\/Electric-vehicle-17.jpg 1456w, https:\/\/www.sisinternational.com\/wp-content\/uploads\/2025\/08\/Electric-vehicle-17-300x168.jpg 300w, https:\/\/www.sisinternational.com\/wp-content\/uploads\/2025\/08\/Electric-vehicle-17-1024x574.jpg 1024w, https:\/\/www.sisinternational.com\/wp-content\/uploads\/2025\/08\/Electric-vehicle-17-768x430.jpg 768w, https:\/\/www.sisinternational.com\/wp-content\/uploads\/2025\/08\/Electric-vehicle-17-18x10.jpg 18w\" sizes=\"auto, (max-width: 1456px) 100vw, 1456px\"><\/figure>\n\n\n\n<p><\/p>\n\n\n\n<p>Vous \u00eates-vous d\u00e9j\u00e0 demand\u00e9 ce qui alimente la r\u00e9volution silencieuse sur nos routes ? Les v\u00e9hicules \u00e9lectriques hybrides l\u00e9gers (MEV) changent la donne, comblant de mani\u00e8re transparente le foss\u00e9 entre les v\u00e9hicules conventionnels et leurs homologues enti\u00e8rement \u00e9lectriques. Mais pour vraiment comprendre et exploiter ce march\u00e9, les entreprises s\u2019appuient sur les \u00e9tudes de march\u00e9 sur les batteries MEV pour comprendre les complexit\u00e9s de la technologie, identifier la dynamique du march\u00e9 et pr\u00e9voir les trajectoires futures.<\/p>\n\n\n\n<h2 class=\"wp-block-heading\">Qu\u2019est-ce que l\u2019\u00e9tude de march\u00e9 sur les batteries MEV ?<\/h2>\n\n\n\n<p>MEV <a class=\"wpil_keyword_link\" href=\"https:\/\/www.sisinternational.com\/fr\/competence\/les-industries\/etude-de-marche-sur-les-batteries\/\"   title=\"\u00c9tude de march\u00e9 sur les batteries\" data-wpil-keyword-link=\"linked\"  data-wpil-monitor-id=\"315\">\u00e9tude de march\u00e9 sur les batteries<\/a> is a systematic study to understand the nuances of the battery systems used in MEVs. Unlike fully electric vehicles that rely solely on batteries for propulsion, MEVs utilize a combination of traditional combustion engines and electric systems, with batteries playing a pivotal role in enhancing fuel efficiency and reducing emissions.<\/p>\n\n\n\n<h3 class=\"wp-block-heading\">L\u2019essence de l\u2019\u00e9tude de march\u00e9 sur les batteries MEV r\u00e9side dans :<\/h3>\n\n\n\n<p>Dynamique du march\u00e9\u00a0: analyser la dynamique de l\u2019offre et de la demande, comprendre les facteurs qui influencent la croissance du march\u00e9 et \u00e9valuer le potentiel d\u2019expansion future.<\/p>\n\n\n\n<ul class=\"wp-block-list\">\n<li><strong>Pr\u00e9f\u00e9rences des consommateurs\u00a0:<\/strong> Examiner les comportements, les pr\u00e9f\u00e9rences et les habitudes d&#039;achat des consommateurs. Comprendre ce qui pousse les consommateurs \u00e0 opter pour les MEV et le r\u00f4le que jouent les batteries dans ces d\u00e9cisions.<\/li>\n\n\n\n<li><strong>Analyse comp\u00e9titive:<\/strong> Examiner les principaux acteurs du march\u00e9, leurs offres, leurs parts de march\u00e9, leurs strat\u00e9gies et pr\u00e9voir les changements potentiels dans la domination du march\u00e9.<\/li>\n\n\n\n<li><strong>Paysage r\u00e9glementaire\u00a0:<\/strong> Comprendre les cadres r\u00e9glementaires mondiaux et r\u00e9gionaux qui influencent les sp\u00e9cifications, la production et le d\u00e9ploiement des batteries dans les MEV.<\/li>\n\n\n\n<li><strong>Facteurs \u00e9conomiques:<\/strong> \u00c9tudier les structures de co\u00fbts, les strat\u00e9gies de tarification, les opportunit\u00e9s d&#039;investissement et les obstacles financiers potentiels dans la production et la commercialisation des batteries MEV.<\/li>\n<\/ul>\n\n\n\n<h2 class=\"wp-block-heading\">Importance de l\u2019\u00e9tude de march\u00e9 sur les batteries MEV<\/h2>\n\n\n\n<figure class=\"gb-block-image gb-block-image-1272200a\"><img loading=\"lazy\" decoding=\"async\" width=\"1456\" height=\"816\" class=\"gb-image gb-image-1272200a\" src=\"https:\/\/www.sisinternational.com\/wp-content\/uploads\/2025\/08\/Electric-vehicle-13.jpg\" alt=\"\u00c9tudes de march\u00e9 et strat\u00e9gie internationales SIS\" title=\"Electric vehicle (13)\" srcset=\"https:\/\/www.sisinternational.com\/wp-content\/uploads\/2025\/08\/Electric-vehicle-13.jpg 1456w, https:\/\/www.sisinternational.com\/wp-content\/uploads\/2025\/08\/Electric-vehicle-13-300x168.jpg 300w, https:\/\/www.sisinternational.com\/wp-content\/uploads\/2025\/08\/Electric-vehicle-13-1024x574.jpg 1024w, https:\/\/www.sisinternational.com\/wp-content\/uploads\/2025\/08\/Electric-vehicle-13-768x430.jpg 768w, https:\/\/www.sisinternational.com\/wp-content\/uploads\/2025\/08\/Electric-vehicle-13-18x10.jpg 18w\" sizes=\"auto, (max-width: 1456px) 100vw, 1456px\"><\/figure>\n\n\n\n<p><\/p>\n\n\n\n<p>MEV <a href=\"https:\/\/www.sisinternational.com\/fr\/competence\/etude-de-marche-sur-les-batteries-lfp\/\" title=\"\u00c9tude de march\u00e9 sur les batteries LFP\"  data-wpil-monitor-id=\"11421\">\u00e9tude de march\u00e9 sur les batteries<\/a> plays a central role in understanding the market \u2013 and here&#8217;s why it is so important for stakeholders:<\/p>\n\n\n\n<ul class=\"wp-block-list\">\n<li><strong>Stimuler l\u2019innovation\u00a0:<\/strong> By identifying current technological limitations and gauging consumer preferences, <a href=\"https:\/\/www.sisinternational.com\/fr\/competence\/les-industries\/etude-de-marche-sur-le-transport-de-carburant\/\" title=\"\u00c9tude de march\u00e9 sur le transport de carburant\"  data-wpil-monitor-id=\"3374\">market research fuels<\/a> innovation. It highlights areas where R&amp;D can potentially lead to breakthroughs, ensuring battery technologies evolve to meet market demands.<\/li>\n\n\n\n<li><strong>Positionnement strat\u00e9gique:<\/strong> Comprendre la dynamique du march\u00e9, les paysages concurrentiels et les projections futures permet aux entreprises de positionner leurs produits et leurs strat\u00e9gies de mani\u00e8re optimale. Cela leur permet de conqu\u00e9rir des parts de march\u00e9, d\u2019identifier des segments de niche et d\u2019anticiper les tendances \u00e9mergentes.<\/li>\n\n\n\n<li><strong>Gestion des risques:<\/strong> Le secteur automobile regorge de d\u00e9fis, depuis la fluctuation des prix des mati\u00e8res premi\u00e8res jusqu\u2019\u00e0 l\u2019\u00e9volution des cadres r\u00e9glementaires. Les \u00e9tudes de march\u00e9 aident \u00e0 identifier les risques potentiels d\u00e8s le d\u00e9but, permettant ainsi aux parties prenantes de concevoir des strat\u00e9gies d\u2019att\u00e9nuation et de s\u2019adapter en cons\u00e9quence.<\/li>\n\n\n\n<li><strong>Investissement \u00e9clair\u00e9\u00a0:<\/strong> For investors, this <a href=\"https:\/\/www.sisinternational.com\/fr\/competence\/les-industries\/etude-de-marche-en-bioinformatique\/\" title=\"\u00c9tude de march\u00e9 sur la bioinformatique\"  data-wpil-monitor-id=\"4680\">recherche<\/a> provides a clear picture of the market&#8217;s potential, guiding them on where, when, and how to invest. By spotlighting growth areas and flagging potential pitfalls, it ensures investment decisions are grounded in robust data.<\/li>\n\n\n\n<li><strong>Approche centr\u00e9e sur le consommateur\u00a0:<\/strong> Les \u00e9tudes de march\u00e9 sur les batteries MEV fournissent des informations approfondies sur les pr\u00e9f\u00e9rences, les comportements et les probl\u00e8mes des consommateurs. Cela garantit que les offres de produits sont adapt\u00e9es pour trouver un \u00e9cho aupr\u00e8s des publics cibles, renfor\u00e7ant ainsi les taux d&#039;acceptation et d&#039;adoption.<\/li>\n\n\n\n<li><strong>Pr\u00e9paration future\u00a0:<\/strong> Gr\u00e2ce aux \u00e9tudes de march\u00e9 sur les batteries MEV, les parties prenantes peuvent garder une longueur d\u2019avance, se pr\u00e9parer aux changements futurs et capitaliser sur les opportunit\u00e9s \u00e0 mesure qu\u2019elles se pr\u00e9sentent.<\/li>\n<\/ul>\n\n\n\n<h2 class=\"wp-block-heading\">Acteurs cl\u00e9s du march\u00e9 des batteries MEV<\/h2>\n\n\n\n<p>Le march\u00e9 des batteries MEV pr\u00e9sente un m\u00e9lange de g\u00e9ants bien \u00e9tablis et d\u2019innovateurs \u00e9mergents. Ces acteurs cl\u00e9s stimulent les progr\u00e8s, fa\u00e7onnent les tendances du secteur et d\u00e9finissent le paysage concurrentiel. Voici un aper\u00e7u de quelques entreprises notables dans le domaine des batteries MEV\u00a0:<\/p>\n\n\n\n<ul class=\"wp-block-list\">\n<li><strong>LG Chem\u00a0:<\/strong> Bas\u00e9e en Cor\u00e9e du Sud, LG Chem est un leader mondial dans la production de batteries lithium-ion pour v\u00e9hicules \u00e9lectriques, notamment les MEV. Leur expertise couvre la recherche, le d\u00e9veloppement et la production \u00e0 grande \u00e9chelle.<\/li>\n\n\n\n<li><strong>Panasonic\u00a0:<\/strong> En partenariat avec de grands constructeurs automobiles comme Tesla, Panasonic s&#039;est impos\u00e9 comme un nom formidable dans le domaine des batteries EV et MEV. Leurs batteries sont r\u00e9put\u00e9es pour leur fiabilit\u00e9 et leurs performances.<\/li>\n\n\n\n<li><strong>Samsung\u00a0ID\u00a0:<\/strong> Un autre g\u00e9ant sud-cor\u00e9en, Samsung SDI, repousse les limites de la technologie des batteries. Leurs progr\u00e8s en mati\u00e8re de densit\u00e9 \u00e9nerg\u00e9tique et de temps de charge sont particuli\u00e8rement pertinents pour le segment MEV.<\/li>\n\n\n\n<li><strong>SK Innovation\u00a0:<\/strong> Puissance \u00e9mergente, SK Innovation n\u2019a cess\u00e9 d\u2019\u00e9tendre ses capacit\u00e9s de production de batteries. L\u2019accent mis sur la durabilit\u00e9 et les batteries hautes performances en fait un nom notable sur le march\u00e9 des batteries MEV.<\/li>\n<\/ul>\n\n\n\n<h2 class=\"wp-block-heading\">Opportunit\u00e9s d\u00e9voil\u00e9es par l\u2019\u00e9tude de march\u00e9 sur les batteries MEV<\/h2>\n\n\n\n<figure class=\"gb-block-image gb-block-image-f67fe4ec\"><img loading=\"lazy\" decoding=\"async\" width=\"1456\" height=\"816\" class=\"gb-image gb-image-f67fe4ec\" src=\"https:\/\/www.sisinternational.com\/wp-content\/uploads\/2025\/08\/Electric-vehicle-16.jpg\" alt=\"\u00c9tudes de march\u00e9 et strat\u00e9gie internationales SIS\" title=\"Electric vehicle (16)\" srcset=\"https:\/\/www.sisinternational.com\/wp-content\/uploads\/2025\/08\/Electric-vehicle-16.jpg 1456w, https:\/\/www.sisinternational.com\/wp-content\/uploads\/2025\/08\/Electric-vehicle-16-300x168.jpg 300w, https:\/\/www.sisinternational.com\/wp-content\/uploads\/2025\/08\/Electric-vehicle-16-1024x574.jpg 1024w, https:\/\/www.sisinternational.com\/wp-content\/uploads\/2025\/08\/Electric-vehicle-16-768x430.jpg 768w, https:\/\/www.sisinternational.com\/wp-content\/uploads\/2025\/08\/Electric-vehicle-16-18x10.jpg 18w\" sizes=\"auto, (max-width: 1456px) 100vw, 1456px\"><\/figure>\n\n\n\n<p><\/p>\n\n\n\n<p>La croissance et le dynamisme du march\u00e9 des batteries MEV pr\u00e9sentent plusieurs opportunit\u00e9s. En exploitant les \u00e9tudes de march\u00e9, les entreprises, les investisseurs et autres parties prenantes peuvent d\u00e9couvrir ces joyaux cach\u00e9s. Voici un aper\u00e7u des opportunit\u00e9s potentielles de cette recherche\u00a0:<\/p>\n\n\n\n<ul class=\"wp-block-list\">\n<li><strong>March\u00e9s \u00e9mergents:<\/strong> M\u00eame si les march\u00e9s matures disposent d\u2019acteurs et de bases de consommateurs bien \u00e9tablis, les march\u00e9s \u00e9mergents rec\u00e8lent souvent un potentiel inexploit\u00e9. Les \u00e9tudes de march\u00e9 sur les batteries MEV peuvent mettre en \u00e9vidence les pays ou les r\u00e9gions o\u00f9 les MEV gagnent du terrain, offrant des avantages d\u2019entr\u00e9e pr\u00e9coce.<\/li>\n\n\n\n<li><strong>Les avanc\u00e9es technologiques:<\/strong> La recherche continue conduit souvent \u00e0 la d\u00e9couverte de nouvelles compositions chimiques de batterie, de densit\u00e9s d&#039;\u00e9nergie am\u00e9lior\u00e9es ou de solutions de charge plus rapides. En gardant le pouls de ces innovations, les fabricants peuvent int\u00e9grer une technologie de pointe dans leurs offres.<\/li>\n\n\n\n<li><strong>Initiatives de durabilit\u00e9\u00a0:<\/strong> Avec la tendance mondiale vers des solutions plus vertes, la demande de batteries \u00e9cologiques augmente. Les \u00e9tudes de march\u00e9 sur les batteries MEV peuvent aider les entreprises \u00e0 analyser les processus de fabrication durables, les opportunit\u00e9s de recyclage et l\u2019adoption de mat\u00e9riaux renouvelables.<\/li>\n\n\n\n<li><strong>Partenariats et collaborations\u00a0:<\/strong> La recherche pourrait r\u00e9v\u00e9ler des synergies potentielles entre les fabricants de batteries, les constructeurs de v\u00e9hicules et m\u00eame les entreprises technologiques. Ces collaborations peuvent acc\u00e9l\u00e9rer la R&amp;D, optimiser les cha\u00eenes d\u2019approvisionnement et \u00e9tendre la port\u00e9e du march\u00e9.<\/li>\n\n\n\n<li><strong>Solutions personnalis\u00e9es\u00a0:<\/strong> Diff\u00e9rents march\u00e9s peuvent avoir des besoins diff\u00e9rents en fonction du climat, des habitudes de conduite et des infrastructures. Les \u00e9tudes de march\u00e9 sur les batteries MEV peuvent guider les entreprises dans l\u2019adaptation de leurs produits aux demandes r\u00e9gionales sp\u00e9cifiques.<\/li>\n\n\n\n<li><strong>Incitations r\u00e9glementaires\u00a0:<\/strong> De nombreux gouvernements proposent des incitations en faveur de solutions automobiles durables. Des recherches approfondies peuvent mettre en lumi\u00e8re ces avantages, permettant aux entreprises de tirer parti des all\u00e8gements fiscaux, des subventions ou des subventions.<\/li>\n\n\n\n<li><strong>Services apr\u00e8s-vente\u00a0:<\/strong> Au-del\u00e0 de la vente initiale, il existe un vaste march\u00e9 pour la maintenance, les mises \u00e0 niveau et les remplacements des batteries. Les \u00e9tudes de march\u00e9 sur les batteries MEV peuvent aider les entreprises \u00e0 exploiter cette source de revenus r\u00e9currente.<\/li>\n\n\n\n<li><strong>Strat\u00e9gies de diversification\u00a0:<\/strong> Pour les entreprises d\u00e9j\u00e0 pr\u00e9sentes dans les secteurs plus larges de l\u2019automobile ou de l\u2019\u00e9nergie, les informations issues des \u00e9tudes de march\u00e9 sur les batteries MEV peuvent guider les strat\u00e9gies de diversification, ouvrant de nouvelles voies de revenus et de croissance.<\/li>\n<\/ul>\n\n\n\n<h2 class=\"wp-block-heading\">Les d\u00e9fis d\u00e9voil\u00e9s par l\u2019\u00e9tude de march\u00e9 sur les batteries MEV<\/h2>\n\n\n\n<p>Les \u00e9tudes de march\u00e9 servent de point de mire, r\u00e9v\u00e9lant les d\u00e9fis que les parties prenantes doivent relever pour un succ\u00e8s durable. Voici les d\u00e9fis critiques qu\u2019une telle recherche met au premier plan\u00a0:<\/p>\n\n\n\n<ul class=\"wp-block-list\">\n<li><strong>Contraintes de la cha\u00eene d&#039;approvisionnement\u00a0:<\/strong> Les mati\u00e8res premi\u00e8res comme le lithium, le cobalt et le nickel sont essentielles \u00e0 la production de batteries. Les \u00e9tudes de march\u00e9 sur les batteries MEV peuvent identifier ces goulots d\u2019\u00e9tranglement, incitant les entreprises \u00e0 rechercher des sources ou des mat\u00e9riaux alternatifs.<\/li>\n\n\n\n<li><strong>Obstacles r\u00e9glementaires\u00a0:<\/strong> Alors que les gouvernements du monde entier accordent la priorit\u00e9 \u00e0 la durabilit\u00e9 et \u00e0 la s\u00e9curit\u00e9, les r\u00e9glementations concernant la production, l\u2019\u00e9limination et les performances des batteries deviennent de plus en plus strictes. Les \u00e9tudes de march\u00e9 sur les batteries MEV peuvent d\u00e9voiler ces normes en \u00e9volution, garantissant ainsi que les entreprises restent conformes.<\/li>\n\n\n\n<li><strong>Scepticisme des consommateurs\u00a0:<\/strong> De nombreux acheteurs potentiels restent sceptiques quant \u00e0 la long\u00e9vit\u00e9 de la batterie, \u00e0 ses performances dans des conditions extr\u00eames et aux co\u00fbts de remplacement. R\u00e9pondre \u00e0 ces pr\u00e9occupations n\u00e9cessite des campagnes de sensibilisation cibl\u00e9es \u00e9clair\u00e9es par les r\u00e9sultats de la recherche.<\/li>\n\n\n\n<li><strong>Lacunes en mati\u00e8re d\u2019infrastructure\u00a0:<\/strong> Le succ\u00e8s des MEV d\u00e9pend en grande partie d\u2019infrastructures de soutien telles que les bornes de recharge. Les \u00e9tudes de march\u00e9 sur les batteries MEV peuvent mettre en \u00e9vidence les r\u00e9gions o\u00f9 le d\u00e9veloppement des infrastructures est \u00e0 la tra\u00eene, ce qui pose des d\u00e9fis pour l\u2019adoption g\u00e9n\u00e9ralis\u00e9e des MEV.<\/li>\n\n\n\n<li><strong>Co\u00fbts initiaux \u00e9lev\u00e9s\u00a0:<\/strong> La R&amp;D, les mat\u00e9riaux avanc\u00e9s et les processus de fabrication peuvent faire grimper les co\u00fbts des batteries MEV. Cela peut constituer un obstacle \u00e0 l\u2019entr\u00e9e sur le march\u00e9 pour de nouveaux acteurs et remettre en question l\u2019accessibilit\u00e9 financi\u00e8re des consommateurs.<\/li>\n\n\n\n<li><strong>Technologies concurrentes \u00e9mergentes\u00a0:<\/strong> Des technologies telles que les piles \u00e0 combustible \u00e0 hydrog\u00e8ne pourraient \u00e0 l\u2019avenir concurrencer les batteries. Les \u00e9tudes de march\u00e9 sur les batteries MEV peuvent fournir un aper\u00e7u de ces perturbateurs potentiels du march\u00e9, aidant ainsi les entreprises \u00e0 se pr\u00e9parer et \u00e0 s\u2019adapter.<\/li>\n<\/ul>","protected":false},"excerpt":{"rendered":"<p>Les MEV utilisent \u00e0 la fois des moteurs \u00e0 combustion et des syst\u00e8mes \u00e9lectriques, les batteries am\u00e9liorant l\u2019efficacit\u00e9 et r\u00e9duisant les \u00e9missions.<\/p>","protected":false},"author":1,"featured_media":63491,"parent":14514,"menu_order":382,"comment_status":"closed","ping_status":"closed","template":"","meta":{"footnotes":""},"class_list":["post-43741","page","type-page","status-publish","has-post-thumbnail"],"_links":{"self":[{"href":"https:\/\/www.sisinternational.com\/fr\/wp-json\/wp\/v2\/pages\/43741","targetHints":{"allow":["GET"]}}],"collection":[{"href":"https:\/\/www.sisinternational.com\/fr\/wp-json\/wp\/v2\/pages"}],"about":[{"href":"https:\/\/www.sisinternational.com\/fr\/wp-json\/wp\/v2\/types\/page"}],"author":[{"embeddable":true,"href":"https:\/\/www.sisinternational.com\/fr\/wp-json\/wp\/v2\/users\/1"}],"replies":[{"embeddable":true,"href":"https:\/\/www.sisinternational.com\/fr\/wp-json\/wp\/v2\/comments?post=43741"}],"version-history":[{"count":7,"href":"https:\/\/www.sisinternational.com\/fr\/wp-json\/wp\/v2\/pages\/43741\/revisions"}],"predecessor-version":[{"id":85008,"href":"https:\/\/www.sisinternational.com\/fr\/wp-json\/wp\/v2\/pages\/43741\/revisions\/85008"}],"up":[{"embeddable":true,"href":"https:\/\/www.sisinternational.com\/fr\/wp-json\/wp\/v2\/pages\/14514"}],"wp:featuredmedia":[{"embeddable":true,"href":"https:\/\/www.sisinternational.com\/fr\/wp-json\/wp\/v2\/media\/63491"}],"wp:attachment":[{"href":"https:\/\/www.sisinternational.com\/fr\/wp-json\/wp\/v2\/media?parent=43741"}],"curies":[{"name":"wp","href":"https:\/\/api.w.org\/{rel}","templated":true}]}}