{"id":43646,"date":"2023-10-02T15:25:52","date_gmt":"2023-10-02T19:25:52","guid":{"rendered":"https:\/\/www.sisinternational.com\/?page_id=43646"},"modified":"2025-10-21T22:34:06","modified_gmt":"2025-10-22T02:34:06","slug":"etude-de-marche-sur-le-cablage-structure","status":"publish","type":"page","link":"https:\/\/www.sisinternational.com\/fr\/competence\/etude-de-marche-sur-le-cablage-structure\/","title":{"rendered":"\u00c9tude de march\u00e9 sur le c\u00e2blage structur\u00e9"},"content":{"rendered":"<h1 class=\"wp-block-heading\">\u00c9tude de march\u00e9 sur le c\u00e2blage structur\u00e9<\/h1>\n\n\n\n<figure class=\"gb-block-image gb-block-image-d6bcc58f\"><img loading=\"lazy\" decoding=\"async\" width=\"1456\" height=\"816\" class=\"gb-image gb-image-d6bcc58f\" src=\"https:\/\/www.sisinternational.com\/wp-content\/uploads\/2025\/08\/Communications-Infrastructure-5.jpg\" alt=\"\u00c9tudes de march\u00e9 et strat\u00e9gie internationales SIS\" title=\"Communications Infrastructure (5)\" srcset=\"https:\/\/www.sisinternational.com\/wp-content\/uploads\/2025\/08\/Communications-Infrastructure-5.jpg 1456w, https:\/\/www.sisinternational.com\/wp-content\/uploads\/2025\/08\/Communications-Infrastructure-5-300x168.jpg 300w, https:\/\/www.sisinternational.com\/wp-content\/uploads\/2025\/08\/Communications-Infrastructure-5-1024x574.jpg 1024w, https:\/\/www.sisinternational.com\/wp-content\/uploads\/2025\/08\/Communications-Infrastructure-5-768x430.jpg 768w, https:\/\/www.sisinternational.com\/wp-content\/uploads\/2025\/08\/Communications-Infrastructure-5-18x10.jpg 18w\" sizes=\"auto, (max-width: 1456px) 100vw, 1456px\"><\/figure>\n\n\n\n<p><\/p>\n\n\n\n<p>\u00c0 l\u2019\u00e8re du num\u00e9rique, une infrastructure de c\u00e2blage structur\u00e9 robuste et efficace est essentielle pour garantir une connectivit\u00e9 transparente \u2013 et un syst\u00e8me garantissant une communication efficace des donn\u00e9es, de la voix et de la vid\u00e9o sur diverses plates-formes et appareils est \u00e9galement un facteur crucial.<\/p>\n\n\n\n<p>Pour cette raison, il est indispensable de se plonger dans une \u00e9tude de march\u00e9 sur le c\u00e2blage structur\u00e9 pour comprendre les nuances de ce march\u00e9, ses trajectoires de croissance et les tendances futures qui le fa\u00e7onneront. De plus, alors que les entreprises et les foyers d\u00e9pendent de plus en plus de syst\u00e8mes interconnect\u00e9s, les informations fournies par les \u00e9tudes de march\u00e9 sur le c\u00e2blage structur\u00e9 permettent aux parties prenantes de prendre des d\u00e9cisions \u00e9clair\u00e9es et de capitaliser sur les opportunit\u00e9s \u00e9mergentes dans ce secteur en \u00e9volution rapide.<\/p>\n\n\n\n<h2 class=\"wp-block-heading\">Importance de l\u2019\u00e9tude de march\u00e9 sur le c\u00e2blage structur\u00e9<\/h2>\n\n\n\n<p>Navigating the dynamic world of structured cabling requires more than just a basic understanding of cables and connections. With technological advancements propelling the industry forward, it becomes vital to keep a finger on the pulse of market movements. Here&#8217;s where the invaluable role of structured cabling market research comes into play \u2013 and these are the most important factors that this type of <a href=\"https:\/\/www.sisinternational.com\/fr\/transporteurs-low-cost-dans-lindustrie-aeronautique\/\" title=\"\u00c9tude de march\u00e9 sur les compagnies a\u00e9riennes \u00e0 bas prix\"  data-wpil-monitor-id=\"8575\">research brings to global<\/a> businesses:<\/p>\n\n\n\n<ul class=\"wp-block-list\">\n<li><strong>Anticipating <\/strong><a href=\"https:\/\/www.sisinternational.com\/fr\/competence\/les-industries\/etude-de-marche-sur-la-technologie-des-boissons-alimentaires\/\" title=\"\u00c9tude de march\u00e9 sur la technologie des aliments et des boissons | Technologie alimentaire\"  data-wpil-monitor-id=\"8584\">Market Trends: Keeping up with technological<\/a> advancements and user demands is vital. Structured cabling market research identifies emerging trends, ensuring businesses remain ahead of the curve and innovate accordingly.<\/li>\n\n\n\n<li><a href=\"https:\/\/www.sisinternational.com\/fr\/comment-effectuer-une-analyse-concurrentielle\/\" title=\"Analyse concurrentielle en marketing\"  data-wpil-monitor-id=\"8580\">Competitive Analysis: In a crowded market<\/a> space, knowing your competitors&#8217; strengths and weaknesses can offer a strategic advantage. Structured cabling market research offers detailed competitor analyses, enabling businesses to carve out unique niches or improve existing offerings.<\/li>\n\n\n\n<li><strong>Att\u00e9nuation des risques:<\/strong> Les changements de r\u00e9glementation, les \u00e9v\u00e9nements mondiaux ou les perturbations technologiques peuvent avoir un impact significatif sur le secteur. Rester inform\u00e9 gr\u00e2ce \u00e0 des \u00e9tudes de march\u00e9 sur le c\u00e2blage structur\u00e9 aide les entreprises \u00e0 anticiper et \u00e0 relever efficacement les d\u00e9fis potentiels.<\/li>\n\n\n\n<li><strong>Aper\u00e7u du consommateur\u00a0:<\/strong> Les utilisateurs d&#039;aujourd&#039;hui exigent des solutions sur mesure. En \u00e9tudiant le comportement et les pr\u00e9f\u00e9rences des consommateurs, les entreprises peuvent concevoir des produits ou des services qui trouvent un \u00e9cho aupr\u00e8s de leur public cible, favorisant ainsi la fid\u00e9lit\u00e9 et augmentant les ventes.<\/li>\n\n\n\n<li><strong>Fa\u00e7onner les strat\u00e9gies futures\u00a0:<\/strong> Le <a href=\"https:\/\/www.sisinternational.com\/fr\/etude-de-cas-sis-sur-les-informations-en-magasin-dans-le-monde-entier\/\" title=\"Informations sur les acheteurs en magasin \u2014 \u00c9tude de cas d&#039;\u00e9tude de march\u00e9\"  data-wpil-monitor-id=\"8573\">insights gained from market research<\/a> provide a roadmap for the future, guiding businesses on where to focus, what pitfalls to avoid, and how to best position themselves for success.<\/li>\n<\/ul>\n\n\n\n<h2 class=\"wp-block-heading\">Avanc\u00e9es technologiques et innovations dans le c\u00e2blage structur\u00e9<\/h2>\n\n\n\n<p>The realm of structured cabling is not static. As technology evolves, so does the need for advanced cabling <a href=\"https:\/\/www.sisinternational.com\/fr\/sis-lance-de-nouvelles-solutions-de-recherche-numerique\/\" title=\"SIS lance de nouvelles solutions de recherche num\u00e9rique\"  data-wpil-monitor-id=\"8578\">solutions that can support these innovations<\/a>. With structured cabling market research, stakeholders can stay updated on the latest technological breakthroughs and cutting-edge developments, ensuring they remain at the forefront of the industry.<\/p>\n\n\n\n<ul class=\"wp-block-list\">\n<li><strong>Gestion intelligente des infrastructures\u00a0:<\/strong> The integration of <a href=\"https:\/\/www.sisinternational.com\/fr\/solutions\/ai-etudes-de-marche-et-conseil-en-strategie\/intelligence-artificielle\/\" title=\"\u00c9tude de march\u00e9 sur l\u2019intelligence artificielle\"  data-wpil-monitor-id=\"8582\">artificial<\/a> intelligence and machine learning has led to smarter cabling solutions. These systems can predict failures, monitor performance in real-time, and even optimize the network for peak efficiency.<\/li>\n\n\n\n<li><strong>5G et c\u00e2blage structur\u00e9\u00a0:<\/strong> Le d\u00e9ploiement des r\u00e9seaux 5G a n\u00e9cessit\u00e9 des changements dans l&#039;infrastructure de c\u00e2blage. Gr\u00e2ce \u00e0 une \u00e9tude de march\u00e9 structur\u00e9e sur le c\u00e2blage, les entreprises peuvent comprendre les exigences sp\u00e9cifiques et mettre en \u0153uvre des solutions prenant en charge les connexions 5G haut d\u00e9bit.<\/li>\n\n\n\n<li><strong>Techniques de blindage am\u00e9lior\u00e9es\u00a0:<\/strong> Alors que les interf\u00e9rences \u00e9lectromagn\u00e9tiques deviennent une pr\u00e9occupation, en particulier dans les zones urbaines denses, les techniques avanc\u00e9es de blindage des c\u00e2bles garantissent l&#039;int\u00e9grit\u00e9 des donn\u00e9es et r\u00e9duisent les perturbations potentielles de la transmission.<\/li>\n\n\n\n<li><strong>Conceptions modulaires et \u00e9volutives\u00a0:<\/strong> Les conceptions modulaires garantissent que les syst\u00e8mes de c\u00e2blage structur\u00e9 peuvent \u00eatre facilement \u00e9tendus ou reconfigur\u00e9s sans r\u00e9visions majeures.<\/li>\n\n\n\n<li><strong>Durabilit\u00e9 dans le c\u00e2blage\u00a0:<\/strong> Avec les pr\u00e9occupations environnementales au premier plan, des innovations en mati\u00e8re de mat\u00e9riaux durables et de processus de fabrication respectueux de l&#039;environnement \u00e9mergent. Une \u00e9tude de march\u00e9 sur le c\u00e2blage structur\u00e9 met en \u00e9vidence ces initiatives vertes et leurs taux d\u2019adoption dans l\u2019industrie.<\/li>\n\n\n\n<li><strong>Solutions d&#039;infrastructure automatis\u00e9es\u00a0:<\/strong> L&#039;automatisation du c\u00e2blage structur\u00e9 implique l&#039;utilisation de la robotique et d&#039;algorithmes avanc\u00e9s pour surveiller, g\u00e9rer et m\u00eame d\u00e9ployer des solutions de c\u00e2blage, conduisant \u00e0 des installations plus efficaces et sans erreur.<\/li>\n<\/ul>\n\n\n\n<h2 class=\"wp-block-heading\">Opportunit\u00e9s et domaines de croissance dans le c\u00e2blage structur\u00e9<\/h2>\n\n\n\n<p>Le c\u00e2blage structur\u00e9 se situe au carrefour de la transformation num\u00e9rique moderne, pr\u00e9sentant plusieurs opportunit\u00e9s pour les entreprises et les parties prenantes. Gr\u00e2ce \u00e0 des \u00e9tudes de march\u00e9 structur\u00e9es sur le c\u00e2blage, les entreprises peuvent identifier les domaines pr\u00eats \u00e0 conna\u00eetre une croissance et une expansion significatives dans les ann\u00e9es \u00e0 venir.<\/p>\n\n\n\n<ul class=\"wp-block-list\">\n<li><strong>Villes intelligentes:<\/strong> Alors que les zones urbaines adoptent progressivement des technologies intelligentes, de la gestion du trafic aux r\u00e9seaux intelligents, le c\u00e2blage structur\u00e9 sera fondamental pour fusionner ces syst\u00e8mes. Par cons\u00e9quent, le d\u00e9veloppement et l\u2019expansion des villes intelligentes offrent une vaste voie de croissance.<\/li>\n\n\n\n<li><strong>Int\u00e9gration des soins de sant\u00e9\u00a0:<\/strong> La d\u00e9pendance croissante du secteur de la sant\u00e9 \u00e0 l&#039;\u00e9gard de la technologie, de la t\u00e9l\u00e9m\u00e9decine \u00e0 la surveillance avanc\u00e9e des patients, souligne l&#039;importance d&#039;infrastructures de c\u00e2blage robustes. Ce secteur offre un potentiel important pour des solutions de c\u00e2blage sur mesure.<\/li>\n\n\n\n<li><strong>\u00c9cosyst\u00e8me IoT\u00a0:<\/strong> La croissance exponentielle des appareils IoT n\u00e9cessite une infrastructure capable de prendre en charge, de connecter et d\u2019alimenter des milliards d\u2019appareils. Le c\u00e2blage structur\u00e9 pr\u00eat pour l\u2019IoT pr\u00e9sente un domaine de croissance consid\u00e9rable.<\/li>\n\n\n\n<li><strong>Les \u00e9tablissements d&#039;enseignement:<\/strong> Alors que l&#039;apprentissage en ligne, les classes virtuelles et les campus num\u00e9riques deviennent la norme, les \u00e9tablissements d&#039;enseignement ont besoin de solutions de c\u00e2blage avanc\u00e9es pour prendre en charge ces transitions num\u00e9riques.<\/li>\n\n\n\n<li><strong>Solutions de travail \u00e0 distance\u00a0:<\/strong> L&#039;essor du travail \u00e0 distance a entra\u00een\u00e9 des exigences accrues en mati\u00e8re d&#039;infrastructures de bureau \u00e0 domicile qui refl\u00e8tent la connectivit\u00e9 et les performances au niveau de l&#039;entreprise. Les solutions de c\u00e2blage sur mesure pour les espaces de travail distants offrent un march\u00e9 en plein essor.<\/li>\n\n\n\n<li><strong>Vente au d\u00e9tail et exp\u00e9rience client\u00a0:<\/strong> Brick-and-mortar <a href=\"https:\/\/www.sisinternational.com\/fr\/exploiter-la-technologie-dans-le-commerce-de-detail\/\" title=\"\u00c9tude de march\u00e9 sur les technologies de vente au d\u00e9tail\"  data-wpil-monitor-id=\"8586\">retailers are turning to technology<\/a> to enhance in-store experiences, from AR mirrors to IoT-enabled inventory management. Structured cabling solutions that cater to these innovative retail environments present untapped growth areas.<\/li>\n\n\n\n<li><strong>Projets d&#039;infrastructures publiques\u00a0:<\/strong> Alors que les gouvernements du monde entier investissent dans la modernisation des infrastructures publiques, telles que les centres de transport et les b\u00e2timents administratifs, il existe un potentiel important pour l&#039;int\u00e9gration du c\u00e2blage structur\u00e9.<\/li>\n\n\n\n<li><strong>Divertissement et hospitalit\u00e9\u00a0:<\/strong> Les lieux de divertissement, les stades, les h\u00f4tels et les centres de vill\u00e9giature modernes adoptent la technologie pour am\u00e9liorer l&#039;exp\u00e9rience des clients. Les solutions de c\u00e2blage prenant en charge ces int\u00e9grations technologiques repr\u00e9sentent une opportunit\u00e9 de croissance notable.<\/li>\n<\/ul>\n\n\n\n<h2 class=\"wp-block-heading\">Projections futures pour le c\u00e2blage structur\u00e9<\/h2>\n\n\n\n<p>En exploitant les informations issues des \u00e9tudes de march\u00e9 sur le c\u00e2blage structur\u00e9, les entreprises peuvent tracer des trajectoires potentielles et anticiper la direction que prendra le secteur dans les ann\u00e9es \u00e0 venir.<\/p>\n\n\n\n<ul class=\"wp-block-list\">\n<li><strong>Demande croissante de centres de donn\u00e9es\u00a0:<\/strong> \u00c0 mesure que le monde devient de plus en plus centr\u00e9 sur les donn\u00e9es, la demande de centres de donn\u00e9es va augmenter. Des solutions de c\u00e2blage structur\u00e9 am\u00e9lior\u00e9es seront essentielles pour prendre en charge les charges de donn\u00e9es massives et les exigences de vitesse \u00e9lev\u00e9e des futurs centres de donn\u00e9es.<\/li>\n\n\n\n<li><strong>Int\u00e9gration avec l&#039;IoT\u00a0:<\/strong> Alors que des milliards d\u2019appareils IoT devraient \u00eatre mis en ligne, le c\u00e2blage structur\u00e9 jouera un r\u00f4le crucial pour garantir que ces appareils soient int\u00e9gr\u00e9s, aliment\u00e9s et connect\u00e9s de mani\u00e8re transparente dans divers environnements.<\/li>\n\n\n\n<li><strong>Accent sur l&#039;infrastructure intelligente\u00a0:<\/strong> \u00c0 mesure que les villes et les entreprises \u00e9voluent vers des op\u00e9rations \u00ab intelligentes \u00bb, le c\u00e2blage structur\u00e9 jouera un r\u00f4le fondamental dans la construction d&#039;infrastructures capables de prendre en charge des syst\u00e8mes intelligents, de la gestion du trafic aux r\u00e9seaux \u00e9nerg\u00e9tiques.<\/li>\n\n\n\n<li><strong>Adoption de la r\u00e9alit\u00e9 augment\u00e9e (AR) et de la r\u00e9alit\u00e9 virtuelle (VR)\u00a0:<\/strong> La prolif\u00e9ration des technologies AR et VR n\u00e9cessitera des syst\u00e8mes de c\u00e2blage capables de g\u00e9rer les exigences de bande passante \u00e9lev\u00e9e et de faible latence de ces exp\u00e9riences immersives.<\/li>\n\n\n\n<li><strong>Expansion mondiale\u00a0:<\/strong> Les march\u00e9s \u00e9mergents pr\u00e9senteront des opportunit\u00e9s significatives pour l\u2019industrie du c\u00e2blage structur\u00e9. \u00c0 mesure que ces r\u00e9gions subissent une transformation num\u00e9rique, le besoin de solutions de c\u00e2blage avanc\u00e9es va monter en fl\u00e8che.<\/li>\n\n\n\n<li><strong>Protocoles de s\u00e9curit\u00e9 am\u00e9lior\u00e9s\u00a0:<\/strong> \u00c0 mesure que les cybermenaces deviennent de plus en plus sophistiqu\u00e9es, les syst\u00e8mes de c\u00e2blage structur\u00e9 int\u00e9greront des fonctionnalit\u00e9s de s\u00e9curit\u00e9 avanc\u00e9es pour prot\u00e9ger les donn\u00e9es et garantir l&#039;int\u00e9grit\u00e9 du r\u00e9seau.<\/li>\n\n\n\n<li><a href=\"https:\/\/www.sisinternational.com\/fr\/solutions\/ai-etudes-de-marche-et-conseil-en-strategie\/automatisation-de-lindustrie-du-cable-et-du-satellite-conseil-en-ia\/\" title=\"Automatisation de l&#039;industrie du c\u00e2ble et du satellite et conseil en IA\"  data-wpil-monitor-id=\"8588\">Automation and AI-driven Management: Future structured cabling<\/a> systems will likely integrate more deeply with AI, offering predictive analytics, automated troubleshooting, and intelligent performance optimizations.<\/li>\n<\/ul>","protected":false},"excerpt":{"rendered":"<p>\u00c0 l\u2019\u00e8re du num\u00e9rique, une infrastructure de c\u00e2blage structur\u00e9 robuste et efficace est essentielle pour les communications de donn\u00e9es, vocales et vid\u00e9o.<\/p>","protected":false},"author":1,"featured_media":64240,"parent":14514,"menu_order":380,"comment_status":"closed","ping_status":"closed","template":"","meta":{"footnotes":""},"class_list":["post-43646","page","type-page","status-publish","has-post-thumbnail"],"_links":{"self":[{"href":"https:\/\/www.sisinternational.com\/fr\/wp-json\/wp\/v2\/pages\/43646","targetHints":{"allow":["GET"]}}],"collection":[{"href":"https:\/\/www.sisinternational.com\/fr\/wp-json\/wp\/v2\/pages"}],"about":[{"href":"https:\/\/www.sisinternational.com\/fr\/wp-json\/wp\/v2\/types\/page"}],"author":[{"embeddable":true,"href":"https:\/\/www.sisinternational.com\/fr\/wp-json\/wp\/v2\/users\/1"}],"replies":[{"embeddable":true,"href":"https:\/\/www.sisinternational.com\/fr\/wp-json\/wp\/v2\/comments?post=43646"}],"version-history":[{"count":4,"href":"https:\/\/www.sisinternational.com\/fr\/wp-json\/wp\/v2\/pages\/43646\/revisions"}],"predecessor-version":[{"id":81440,"href":"https:\/\/www.sisinternational.com\/fr\/wp-json\/wp\/v2\/pages\/43646\/revisions\/81440"}],"up":[{"embeddable":true,"href":"https:\/\/www.sisinternational.com\/fr\/wp-json\/wp\/v2\/pages\/14514"}],"wp:featuredmedia":[{"embeddable":true,"href":"https:\/\/www.sisinternational.com\/fr\/wp-json\/wp\/v2\/media\/64240"}],"wp:attachment":[{"href":"https:\/\/www.sisinternational.com\/fr\/wp-json\/wp\/v2\/media?parent=43646"}],"curies":[{"name":"wp","href":"https:\/\/api.w.org\/{rel}","templated":true}]}}