{"id":43614,"date":"2023-10-02T11:17:13","date_gmt":"2023-10-02T15:17:13","guid":{"rendered":"https:\/\/www.sisinternational.com\/?page_id=43614"},"modified":"2026-01-27T16:34:57","modified_gmt":"2026-01-27T21:34:57","slug":"etudes-de-marche-des-organismes-de-recherche-sous-contrat","status":"publish","type":"page","link":"https:\/\/www.sisinternational.com\/fr\/competence\/etudes-de-marche-des-organismes-de-recherche-sous-contrat\/","title":{"rendered":"\u00c9tude de march\u00e9 sur les organismes de recherche sous contrat"},"content":{"rendered":"<h1 class=\"wp-block-heading\">\u00c9tude de march\u00e9 sur les organismes de recherche sous contrat<\/h1>\n\n\n\n<figure class=\"gb-block-image gb-block-image-2233cb1c\"><img loading=\"lazy\" decoding=\"async\" width=\"1456\" height=\"816\" class=\"gb-image gb-image-2233cb1c\" src=\"https:\/\/www.sisinternational.com\/wp-content\/uploads\/2025\/08\/Contract-3.jpg\" alt=\"\u00c9tudes de march\u00e9 et strat\u00e9gie internationales SIS\" title=\"Contract (3)\" srcset=\"https:\/\/www.sisinternational.com\/wp-content\/uploads\/2025\/08\/Contract-3.jpg 1456w, https:\/\/www.sisinternational.com\/wp-content\/uploads\/2025\/08\/Contract-3-300x168.jpg 300w, https:\/\/www.sisinternational.com\/wp-content\/uploads\/2025\/08\/Contract-3-1024x574.jpg 1024w, https:\/\/www.sisinternational.com\/wp-content\/uploads\/2025\/08\/Contract-3-768x430.jpg 768w, https:\/\/www.sisinternational.com\/wp-content\/uploads\/2025\/08\/Contract-3-18x10.jpg 18w\" sizes=\"auto, (max-width: 1456px) 100vw, 1456px\"><\/figure>\n\n\n\n<p><\/p>\n\n\n\n<p>Le r\u00f4le des organismes de recherche sous contrat (CRO) n\u2019a jamais \u00e9t\u00e9 aussi critique. Dans le paysage m\u00e9dical et pharmaceutique actuel, ces organisations assument la responsabilit\u00e9 de rationaliser le d\u00e9veloppement de m\u00e9dicaments et les essais cliniques. Par cons\u00e9quent, comprendre ce march\u00e9 devient essentiel pour r\u00e9ussir \u2013 et les \u00e9tudes de march\u00e9 des organismes de recherche sous contrat apparaissent comme un guide qui non seulement mesure le pouls de l\u2019industrie, mais pr\u00e9dit \u00e9galement ses orientations futures.<\/p>\n\n\n\n<h2 class=\"wp-block-heading\">Pourquoi les \u00e9tudes de march\u00e9 sont cruciales pour le secteur des CRO<\/h2>\n\n\n\n<p>CROs have an ever-evolving role that is key in the journey from drug conceptualization to market entry. Hence, the significance of understanding the industry&#8217;s nuances becomes paramount \u2013 and contract <a href=\"https:\/\/www.sisinternational.com\/fr\/creation-dorgue-par-imprimantes-3d\/\" title=\"\u00c9tude de march\u00e9 sur la cr\u00e9ation d\u2019organes et les imprimantes 3D\"  data-wpil-monitor-id=\"2292\">research organizations market<\/a> research guides CROs through these complexities.<\/p>\n\n\n\n<p>En plus, <a href=\"https:\/\/www.sisinternational.com\/fr\/journee-mondiale-de-lautisme\/\" title=\"\u00c9tudes de recherche sur le march\u00e9 de l\u2019autisme\"  data-wpil-monitor-id=\"7435\">market research studies<\/a> the ever-shifting needs and expectations of stakeholders, ranging from pharmaceutical giants to emerging biotech firms. As global markets expand and regulatory environments adapt, staying ahead of the curve is essential for any CRO aiming for success.<\/p>\n\n\n\n<h2 class=\"wp-block-heading\">Avantages des \u00e9tudes de march\u00e9 des organismes de recherche sous contrat<\/h2>\n\n\n\n<p>Market research provides valuable insights for businesses but also paves the way for innovative breakthroughs. So, what are the key benefits of investing in contract research organizations <a href=\"https:\/\/www.sisinternational.com\/fr\/solutions\/ai-etudes-de-marche-et-conseil-en-strategie\/etude-de-marche-chatbot-ai\/\" title=\"\u00c9tude de march\u00e9 sur l\u2019IA des chatbots\"  data-wpil-monitor-id=\"2769\">market<\/a> research?<\/p>\n\n\n\n<ul class=\"wp-block-list\">\n<li><strong>Informations approfondies sur l&#039;industrie\u00a0:<\/strong> Contract <a href=\"https:\/\/www.sisinternational.com\/fr\/competence\/les-industries\/test-demplacement-central-etude-de-marche-clt\/\" title=\"\u00c9tude de march\u00e9 CLT\"  data-wpil-monitor-id=\"2825\">research organizations market<\/a> research offers an overview of the industry. Firms can identify market trends, understand customer preferences, and gauge the competitive landscape. With such comprehensive data, businesses can make informed decisions and strategize more effectively.<\/li>\n\n\n\n<li><strong>Rapport co\u00fbt-efficacit\u00e9:<\/strong> R\u00e9aliser une \u00e9tude de march\u00e9 en interne peut s\u2019av\u00e9rer co\u00fbteux et prendre beaucoup de temps. Tirer parti de l\u2019expertise d\u2019une organisation de recherche sous contrat signifie que les entreprises peuvent acc\u00e9der \u00e0 des outils et m\u00e9thodologies de recherche de premier ordre sans les frais g\u00e9n\u00e9raux li\u00e9s au maintien d\u2019une \u00e9quipe interne.<\/li>\n\n\n\n<li><strong>\u00c9volutivit\u00e9 et flexibilit\u00e9\u00a0:<\/strong> L\u2019\u00e9tude de march\u00e9 CRO offre la flexibilit\u00e9 n\u00e9cessaire pour augmenter ou diminuer les efforts de recherche en fonction des demandes actuelles. Cela signifie que les entreprises peuvent s\u2019adapter rapidement sans avoir \u00e0 restructurer une \u00e9quipe interne.<\/li>\n\n\n\n<li><strong>Rapport objectif\u00a0:<\/strong> An external research organization brings an unbiased perspective. There&#8217;s no internal influence, ensuring the results of the contract <a href=\"https:\/\/www.sisinternational.com\/fr\/couverture\/etude-de-marche-en-australie\/\" title=\"Etude de march\u00e9 en Australie\"  data-wpil-monitor-id=\"2875\">research organization market<\/a> research are impartial and objective, making them more reliable.<\/li>\n\n\n\n<li><strong>Gestion des risques:<\/strong> Gr\u00e2ce \u00e0 des \u00e9tudes de march\u00e9 pr\u00e9cises et approfondies, les entreprises peuvent identifier les risques potentiels \u00e0 l\u2019avance. Cela leur permet de concevoir des strat\u00e9gies pour contrecarrer ces risques, garantissant ainsi qu\u2019elles restent comp\u00e9titives et r\u00e9silientes.<\/li>\n\n\n\n<li><strong>Contr\u00f4le de qualit\u00e9:<\/strong> Compte tenu de leur sp\u00e9cialisation, les CRO disposent souvent de proc\u00e9dures de contr\u00f4le qualit\u00e9 rigoureuses. Cela garantit que les donn\u00e9es collect\u00e9es sont non seulement exactes mais \u00e9galement pertinentes, r\u00e9duisant ainsi le risque de d\u00e9cisions bas\u00e9es sur des informations erron\u00e9es.<\/li>\n<\/ul>\n\n\n\n<h2 class=\"wp-block-heading\">\u00c9tude de march\u00e9 sur les organismes de recherche sous contrat\u00a0: opportunit\u00e9s<\/h2>\n\n\n\n<p>Naviguer dans le secteur de la sant\u00e9 peut \u00eatre un d\u00e9fi de taille. Cependant, pour les entreprises qui comprennent la valeur des strat\u00e9gies fond\u00e9es sur la connaissance, les \u00e9tudes de march\u00e9 CRO pr\u00e9sentent une mine d\u2019or d\u2019opportunit\u00e9s. En particulier, les entreprises peuvent explorer plusieurs opportunit\u00e9s telles que\u00a0:<\/p>\n\n\n\n<ul class=\"wp-block-list\">\n<li><strong>Hausse des revenus:<\/strong> En identifiant les lacunes du march\u00e9, les r\u00e9gions inexploit\u00e9es ou les niches mal desservies, les entreprises peuvent se positionner strat\u00e9giquement pour capitaliser sur ces opportunit\u00e9s, entra\u00eenant ainsi une croissance et une expansion des revenus.<\/li>\n\n\n\n<li><strong>Renforcer les collaborations\u00a0:<\/strong> Insights derived from contract <a href=\"https:\/\/www.sisinternational.com\/fr\/etude-de-marche-en-afrique-2\/\" title=\"Etude de march\u00e9 en Afrique\"  data-wpil-monitor-id=\"2951\">research organizations market<\/a> research can highlight potential partnerships or collaborations that can be mutually beneficial, allowing businesses to leverage shared resources and expertise.<\/li>\n\n\n\n<li><strong>D\u00e9veloppement de la main-d&#039;\u0153uvre:<\/strong> Comprendre les subtilit\u00e9s du march\u00e9 met \u00e9galement en \u00e9vidence les domaines dans lesquels les entreprises pourraient avoir besoin de perfectionner leur main-d&#039;\u0153uvre ou de faire appel \u00e0 des talents sp\u00e9cialis\u00e9s, afin de garantir qu&#039;elles restent comp\u00e9tentes et agiles dans un paysage en \u00e9volution.<\/li>\n<\/ul>\n\n\n\n<h2 class=\"wp-block-heading\">D\u00e9fis et limites des \u00e9tudes de march\u00e9 sur les organismes de recherche sous contrat<\/h2>\n\n\n\n<figure class=\"gb-block-image gb-block-image-d5f5d9ee\"><img loading=\"lazy\" decoding=\"async\" width=\"1456\" height=\"816\" class=\"gb-image gb-image-d5f5d9ee\" src=\"https:\/\/www.sisinternational.com\/wp-content\/uploads\/2025\/08\/Contract-2.jpg\" alt=\"\u00c9tudes de march\u00e9 et strat\u00e9gie internationales SIS\" title=\"Contract (2)\" srcset=\"https:\/\/www.sisinternational.com\/wp-content\/uploads\/2025\/08\/Contract-2.jpg 1456w, https:\/\/www.sisinternational.com\/wp-content\/uploads\/2025\/08\/Contract-2-300x168.jpg 300w, https:\/\/www.sisinternational.com\/wp-content\/uploads\/2025\/08\/Contract-2-1024x574.jpg 1024w, https:\/\/www.sisinternational.com\/wp-content\/uploads\/2025\/08\/Contract-2-768x430.jpg 768w, https:\/\/www.sisinternational.com\/wp-content\/uploads\/2025\/08\/Contract-2-18x10.jpg 18w\" sizes=\"auto, (max-width: 1456px) 100vw, 1456px\"><\/figure>\n\n\n\n<p><\/p>\n\n\n\n<p>Bien que les \u00e9tudes de march\u00e9 se soient r\u00e9v\u00e9l\u00e9es \u00eatre un outil essentiel pour les entreprises du secteur des CRO, il est essentiel d&#039;en reconna\u00eetre les d\u00e9fis et les limites. R\u00e9pondre \u00e0 ces pr\u00e9occupations permet une approche plus holistique et garantit que les informations obtenues sont \u00e0 la fois exactes et exploitables.<\/p>\n\n\n\n<ul class=\"wp-block-list\">\n<li><strong>Un paysage r\u00e9glementaire en \u00e9volution rapide\u00a0:<\/strong> The pharmaceutical and healthcare sectors are governed by a dynamic set of regulations that can vary across regions. Keeping up with these ever-evolving guidelines through contract <a href=\"https:\/\/www.sisinternational.com\/fr\/solutions\/solutions-de-branding-et-de-recherche-client\/la-gestion-du-cycle-de-vie\/\" title=\"\u00c9tude de march\u00e9 sur le cycle de vie\"  data-wpil-monitor-id=\"2986\">research organizations market<\/a> research can be extremely challenging.<\/li>\n\n\n\n<li><strong>Limites temporelles\u00a0:<\/strong> The insights derived from contract <a href=\"https:\/\/www.sisinternational.com\/fr\/competence\/les-industries\/etude-de-marche-sur-les-polymeres\/\" title=\"\u00c9tude de march\u00e9 sur les polym\u00e8res\"  data-wpil-monitor-id=\"3020\">research organization market<\/a> research are often time-sensitive. As the industry evolves, previous data can become obsolete, requiring constant updates.<\/li>\n\n\n\n<li><strong>Espionnage comp\u00e9titif\u00a0:<\/strong> Dans un secteur hautement comp\u00e9titif, il existe toujours un risque que les donn\u00e9es de recherche tombent entre de mauvaises mains, ce qui entra\u00eene des risques commerciaux potentiels.<\/li>\n<\/ul>\n\n\n\n<h2 class=\"wp-block-heading\">Perspectives futures des \u00e9tudes de march\u00e9 sur les organismes de recherche sous contrat<\/h2>\n\n\n\n<figure class=\"gb-block-image gb-block-image-2e27e564\"><img loading=\"lazy\" decoding=\"async\" width=\"1456\" height=\"816\" class=\"gb-image gb-image-2e27e564\" src=\"https:\/\/www.sisinternational.com\/wp-content\/uploads\/2025\/08\/Smart-contract-8.jpg\" alt=\"\u00c9tudes de march\u00e9 et strat\u00e9gie internationales SIS\" title=\"Smart contract (8)\" srcset=\"https:\/\/www.sisinternational.com\/wp-content\/uploads\/2025\/08\/Smart-contract-8.jpg 1456w, https:\/\/www.sisinternational.com\/wp-content\/uploads\/2025\/08\/Smart-contract-8-300x168.jpg 300w, https:\/\/www.sisinternational.com\/wp-content\/uploads\/2025\/08\/Smart-contract-8-1024x574.jpg 1024w, https:\/\/www.sisinternational.com\/wp-content\/uploads\/2025\/08\/Smart-contract-8-768x430.jpg 768w, https:\/\/www.sisinternational.com\/wp-content\/uploads\/2025\/08\/Smart-contract-8-18x10.jpg 18w\" sizes=\"auto, (max-width: 1456px) 100vw, 1456px\"><\/figure>\n\n\n\n<p><\/p>\n\n\n\n<p>The world of business is in a state of constant flux, influenced by technological advancements, evolving consumer demands, and global economic shifts. For this reason, CRO market <a href=\"https:\/\/www.sisinternational.com\/fr\/competence\/les-industries\/etude-de-marche-pharmaceutique\/\" title=\"\u00c9tude de march\u00e9 pharmaceutique\"  data-wpil-monitor-id=\"6310\">recherche<\/a> is expected to make significant changes as the whole pharmaceutical industry is set for transformative changes. Here&#8217;s a glance at the future outlook of contract <a href=\"https:\/\/www.sisinternational.com\/fr\/competence\/les-industries\/etude-de-marche-sur-les-nouilles\/\" title=\"\u00c9tude de march\u00e9 sur les nouilles\"  data-wpil-monitor-id=\"3045\">research organization market<\/a> research:<\/p>\n\n\n\n<ul class=\"wp-block-list\">\n<li><strong>Int\u00e9gration de technologies avanc\u00e9es\u00a0:<\/strong> Avec l\u2019essor de l\u2019intelligence artificielle (IA) et de l\u2019apprentissage automatique, les CRO exploiteront ces outils pour tirer des informations plus approfondies \u00e0 partir des donn\u00e9es. L&#039;analyse automatis\u00e9e des donn\u00e9es, l&#039;analyse pr\u00e9dictive et le reporting en temps r\u00e9el deviendront des fonctionnalit\u00e9s standard, am\u00e9liorant la qualit\u00e9 et la rapidit\u00e9 de la recherche.<\/li>\n\n\n\n<li><strong>Expansion mondiale\u00a0:<\/strong> \u00c0 mesure que les entreprises \u00e9largissent leur port\u00e9e, il existe un besoin croissant d\u2019\u00e9tudes de march\u00e9 couvrant diverses zones g\u00e9ographiques. Les CRO formeront des alliances mondiales ou \u00e9tabliront des succursales dans plusieurs pays, garantissant ainsi qu&#039;ils peuvent r\u00e9pondre aux clients multinationaux avec des informations localis\u00e9es.<\/li>\n\n\n\n<li><strong>Solutions de recherche personnalis\u00e9es\u00a0:<\/strong> Les CRO proposeront des solutions de recherche sur mesure adapt\u00e9es aux besoins et nuances sp\u00e9cifiques de chaque entreprise. Ce niveau de personnalisation garantira que les r\u00e9sultats de la recherche soient mieux align\u00e9s sur les objectifs du client.<\/li>\n\n\n\n<li><strong>Concentrez-vous sur les preuves du monde r\u00e9el\u00a0:<\/strong> La demande de preuves concr\u00e8tes dans des secteurs comme la sant\u00e9 et les produits pharmaceutiques est en hausse. Les CRO feront \u00e9voluer leurs m\u00e9thodologies pour capturer des donn\u00e9es provenant de contextes r\u00e9els, garantissant ainsi des informations plus pratiques et applicables.<\/li>\n\n\n\n<li><strong>Collaboration accrue avec les industries\u00a0:<\/strong> Contract <a href=\"https:\/\/www.sisinternational.com\/fr\/competence\/les-industries\/etude-de-marche-sur-les-plastiques\/\" title=\"\u00c9tude de march\u00e9 sur les plastiques\"  data-wpil-monitor-id=\"3074\">research organizations market<\/a> research will see deeper collaborations with the industries they serve. This will not only refine research methodologies but also create a symbiotic relationship where industries and CROs innovate together.<\/li>\n\n\n\n<li><strong>Pratiques de recherche durables\u00a0:<\/strong> Alors que la durabilit\u00e9 devient une priorit\u00e9 mondiale, les CRO int\u00e9greront des pratiques vertes et durables dans leurs op\u00e9rations. Cela pourrait aller des m\u00e9thodes de recherche ax\u00e9es sur le num\u00e9rique qui r\u00e9duisent la consommation de papier aux infrastructures \u00e9conomes en \u00e9nergie.<\/li>\n\n\n\n<li><strong>Services \u00e0 valeur ajout\u00e9e:<\/strong> Au-del\u00e0 des \u00e9tudes de march\u00e9 traditionnelles, les CRO offriront des services suppl\u00e9mentaires tels que des analyses avanc\u00e9es, des conseils ou des conseils strat\u00e9giques, se positionnant comme des partenaires commerciaux holistiques plut\u00f4t que comme de simples fournisseurs de recherche.<\/li>\n<\/ul>","protected":false},"excerpt":{"rendered":"<p>Dans le paysage m\u00e9dical et pharmaceutique actuel, les organismes de recherche sous contrat (CRO) rationalisent le d\u00e9veloppement de m\u00e9dicaments et les essais cliniques.<\/p>","protected":false},"author":1,"featured_media":64251,"parent":14514,"menu_order":374,"comment_status":"closed","ping_status":"closed","template":"","meta":{"footnotes":""},"class_list":["post-43614","page","type-page","status-publish","has-post-thumbnail"],"_links":{"self":[{"href":"https:\/\/www.sisinternational.com\/fr\/wp-json\/wp\/v2\/pages\/43614","targetHints":{"allow":["GET"]}}],"collection":[{"href":"https:\/\/www.sisinternational.com\/fr\/wp-json\/wp\/v2\/pages"}],"about":[{"href":"https:\/\/www.sisinternational.com\/fr\/wp-json\/wp\/v2\/types\/page"}],"author":[{"embeddable":true,"href":"https:\/\/www.sisinternational.com\/fr\/wp-json\/wp\/v2\/users\/1"}],"replies":[{"embeddable":true,"href":"https:\/\/www.sisinternational.com\/fr\/wp-json\/wp\/v2\/comments?post=43614"}],"version-history":[{"count":15,"href":"https:\/\/www.sisinternational.com\/fr\/wp-json\/wp\/v2\/pages\/43614\/revisions"}],"predecessor-version":[{"id":81066,"href":"https:\/\/www.sisinternational.com\/fr\/wp-json\/wp\/v2\/pages\/43614\/revisions\/81066"}],"up":[{"embeddable":true,"href":"https:\/\/www.sisinternational.com\/fr\/wp-json\/wp\/v2\/pages\/14514"}],"wp:featuredmedia":[{"embeddable":true,"href":"https:\/\/www.sisinternational.com\/fr\/wp-json\/wp\/v2\/media\/64251"}],"wp:attachment":[{"href":"https:\/\/www.sisinternational.com\/fr\/wp-json\/wp\/v2\/media?parent=43614"}],"curies":[{"name":"wp","href":"https:\/\/api.w.org\/{rel}","templated":true}]}}