{"id":43594,"date":"2023-10-01T22:40:39","date_gmt":"2023-10-02T02:40:39","guid":{"rendered":"https:\/\/www.sisinternational.com\/?page_id=43594"},"modified":"2026-01-26T18:49:13","modified_gmt":"2026-01-26T23:49:13","slug":"etude-de-marche-des-vetements-de-sport","status":"publish","type":"page","link":"https:\/\/www.sisinternational.com\/fr\/competence\/etude-de-marche-des-vetements-de-sport\/","title":{"rendered":"\u00c9tude de march\u00e9 sur les v\u00eatements de sport"},"content":{"rendered":"<h1 class=\"wp-block-heading\">\u00c9tude de march\u00e9 sur les v\u00eatements de sport<\/h1>\n\n\n\n<figure class=\"gb-block-image gb-block-image-daef30b7\"><img loading=\"lazy\" decoding=\"async\" width=\"1456\" height=\"816\" class=\"gb-image gb-image-daef30b7\" src=\"https:\/\/www.sisinternational.com\/wp-content\/uploads\/2025\/08\/Swimwear-3.jpg\" alt=\"\u00c9tudes de march\u00e9 et strat\u00e9gie internationales SIS\" title=\"Swimwear (3)\" srcset=\"https:\/\/www.sisinternational.com\/wp-content\/uploads\/2025\/08\/Swimwear-3.jpg 1456w, https:\/\/www.sisinternational.com\/wp-content\/uploads\/2025\/08\/Swimwear-3-300x168.jpg 300w, https:\/\/www.sisinternational.com\/wp-content\/uploads\/2025\/08\/Swimwear-3-1024x574.jpg 1024w, https:\/\/www.sisinternational.com\/wp-content\/uploads\/2025\/08\/Swimwear-3-768x430.jpg 768w, https:\/\/www.sisinternational.com\/wp-content\/uploads\/2025\/08\/Swimwear-3-18x10.jpg 18w\" sizes=\"auto, (max-width: 1456px) 100vw, 1456px\"><\/figure>\n\n\n\n<p><\/p>\n\n\n\n<p>Dans le monde en \u00e9volution rapide d&#039;aujourd&#039;hui, les fronti\u00e8res entre mode, fonctionnalit\u00e9 et fitness sont de plus en plus floues \u2013 et cela est plus \u00e9vident dans l&#039;industrie des v\u00eatements de sport. L\u2019industrie mondiale des v\u00eatements de sport a connu une augmentation de la demande, de l\u2019innovation et de la diversification. Cette croissance expansive s\u2019accompagne toutefois d\u2019un r\u00e9seau complexe de pr\u00e9f\u00e9rences des consommateurs, de tendances r\u00e9gionales et d\u2019innovations en mati\u00e8re de conception en constante \u00e9volution.<\/p>\n\n\n\n<p>Par cons\u00e9quent, \u00e0 travers le prisme de cette \u00e9tude de march\u00e9 sur les v\u00eatements de sport, les parties prenantes peuvent comprendre les tendances, anticiper les changements et se positionner efficacement sur un march\u00e9 tr\u00e8s concurrentiel.<\/p>\n\n\n\n<h2 class=\"wp-block-heading\">Qu\u2019est-ce que l\u2019\u00e9tude de march\u00e9 sur les v\u00eatements de sport ?<\/h2>\n\n\n\n<p>L\u2019\u00e9tude de march\u00e9 sur les v\u00eatements de sport est un examen et une \u00e9valuation syst\u00e9matiques de l\u2019industrie des v\u00eatements de sport. Il \u00e9tudie les nuances des produits, les pr\u00e9f\u00e9rences des consommateurs, la dynamique du march\u00e9 et les facteurs qui d\u00e9terminent la demande et l\u2019offre au sein du secteur des v\u00eatements de sport.<\/p>\n\n\n\n<p>Cette recherche vise \u00e0 fournir aux marques, aux d\u00e9taillants et aux autres parties prenantes des informations bas\u00e9es sur des donn\u00e9es pouvant guider les processus de prise de d\u00e9cision. Les \u00e9tudes de march\u00e9 sur les v\u00eatements de sport examinent un large spectre, depuis les pr\u00e9f\u00e9rences en mati\u00e8re de conception de produits et les int\u00e9grations technologiques jusqu&#039;aux sensibilit\u00e9s aux prix et \u00e0 l&#039;efficacit\u00e9 des canaux de distribution.<\/p>\n\n\n\n<h2 class=\"wp-block-heading\">Avantages de l\u2019\u00e9tude de march\u00e9 sur les v\u00eatements de sport<\/h2>\n\n\n\n<p>L\u2019\u00e9tude de march\u00e9 sur les v\u00eatements de sport est plus qu\u2019une simple collection de points de donn\u00e9es ; c&#039;est un outil strat\u00e9gique qui peut propulser une marque vers de nouveaux sommets et la distinguer sur le march\u00e9. Voici quelques-uns des avantages que cette recherche offre aux entreprises\u00a0:<\/p>\n\n\n\n<ul class=\"wp-block-list\">\n<li><strong>D\u00e9veloppement de produits sur mesure\u00a0:<\/strong> Avec une compr\u00e9hension claire des pr\u00e9f\u00e9rences des consommateurs, les marques peuvent concevoir et pr\u00e9senter des produits qui trouvent un \u00e9cho aupr\u00e8s des publics cibles, am\u00e9liorant ainsi les taux de r\u00e9ussite des produits.<\/li>\n\n\n\n<li><strong>Marketing strat\u00e9gique:<\/strong> En comprenant les personnalit\u00e9s des consommateurs et leurs comportements d&#039;achat, les entreprises peuvent \u00e9laborer des campagnes marketing personnalis\u00e9es, garantissant que les messages trouvent un \u00e9cho plus profond et plus efficace aupr\u00e8s du public vis\u00e9.<\/li>\n\n\n\n<li><strong>Avantage comp\u00e9titif:<\/strong> Les \u00e9tudes de march\u00e9 sur les v\u00eatements de sport fournissent des connaissances compl\u00e8tes sur les concurrents \u2013 de leur gamme de produits aux tactiques marketing \u2013 et permettent aux marques de se diff\u00e9rencier, de rep\u00e9rer les lacunes du march\u00e9 et de garder une longueur d&#039;avance dans le paysage concurrentiel.<\/li>\n\n\n\n<li><strong>Tarification optimis\u00e9e\u00a0:<\/strong> Gr\u00e2ce \u00e0 des informations sur la volont\u00e9 de payer des consommateurs, les structures de co\u00fbts et les prix des concurrents, les marques peuvent fixer des prix qui optimisent la rentabilit\u00e9 tout en garantissant la valeur client.<\/li>\n\n\n\n<li><strong>Efficacit\u00e9 de la cha\u00eene d&#039;approvisionnement\u00a0:<\/strong> En anticipant les mod\u00e8les de demande et en comprenant les tendances du march\u00e9, les entreprises peuvent rationaliser leurs cha\u00eenes d&#039;approvisionnement, ce qui entra\u00eene une r\u00e9duction des co\u00fbts et des d\u00e9lais de r\u00e9ponse plus rapides.<\/li>\n\n\n\n<li><strong>R\u00e9duction de risque:<\/strong> Les \u00e9tudes de march\u00e9 sur les v\u00eatements de sport identifient tr\u00e8s t\u00f4t les d\u00e9fis potentiels et les changements du march\u00e9. Cette approche proactive permet aux entreprises de concevoir des strat\u00e9gies pour att\u00e9nuer les risques et surmonter les obstacles potentiels.<\/li>\n\n\n\n<li><strong>Opportunit\u00e9s d&#039;expansion\u00a0:<\/strong> Pour les marques qui cherchent \u00e0 s\u2019aventurer sur de nouveaux march\u00e9s ou donn\u00e9es d\u00e9mographiques, les \u00e9tudes de march\u00e9 sur les v\u00eatements de sport offrent une feuille de route, d\u00e9crivant les opportunit\u00e9s, les d\u00e9fis potentiels et les pr\u00e9f\u00e9rences des consommateurs dans des territoires inexplor\u00e9s.<\/li>\n\n\n\n<li><strong>Positionnement de marque renforc\u00e9\u00a0:<\/strong> En s&#039;alignant sur les valeurs et les besoins des consommateurs et en s&#039;attaquant \u00e0 des probl\u00e8mes sp\u00e9cifiques, les marques peuvent renforcer leur positionnement sur le march\u00e9 et renforcer leur fid\u00e9lit\u00e9 \u00e0 la marque.<\/li>\n\n\n\n<li><strong>Boucle de r\u00e9troaction\u00a0:<\/strong> Les \u00e9tudes de march\u00e9 \u00e9tablissent un m\u00e9canisme de r\u00e9troaction, permettant aux entreprises de comprendre les perceptions des consommateurs sur leurs produits, d&#039;identifier les domaines \u00e0 am\u00e9liorer et de proc\u00e9der aux ajustements n\u00e9cessaires.<\/li>\n\n\n\n<li><strong>Allocation des ressources\u00a0:<\/strong> Avec une compr\u00e9hension claire du potentiel du march\u00e9 et des domaines de croissance, les entreprises peuvent allouer leurs ressources \u2013 qu\u2019il s\u2019agisse de capital, de main-d\u2019\u0153uvre ou de budgets marketing \u2013 de mani\u00e8re plus efficace et efficiente.<\/li>\n<\/ul>\n\n\n\n<h2 class=\"wp-block-heading\">Acteurs cl\u00e9s du march\u00e9 des v\u00eatements de sport<\/h2>\n\n\n\n<figure class=\"gb-block-image gb-block-image-fa0ac7cf\"><img loading=\"lazy\" decoding=\"async\" width=\"1456\" height=\"816\" class=\"gb-image gb-image-fa0ac7cf\" src=\"https:\/\/www.sisinternational.com\/wp-content\/uploads\/2025\/08\/Smart-clothes-smart-textiles-4.jpg\" alt=\"\u00c9tudes de march\u00e9 et strat\u00e9gie internationales SIS\" title=\"Smart clothes smart textiles (4)\" srcset=\"https:\/\/www.sisinternational.com\/wp-content\/uploads\/2025\/08\/Smart-clothes-smart-textiles-4.jpg 1456w, https:\/\/www.sisinternational.com\/wp-content\/uploads\/2025\/08\/Smart-clothes-smart-textiles-4-300x168.jpg 300w, https:\/\/www.sisinternational.com\/wp-content\/uploads\/2025\/08\/Smart-clothes-smart-textiles-4-1024x574.jpg 1024w, https:\/\/www.sisinternational.com\/wp-content\/uploads\/2025\/08\/Smart-clothes-smart-textiles-4-768x430.jpg 768w, https:\/\/www.sisinternational.com\/wp-content\/uploads\/2025\/08\/Smart-clothes-smart-textiles-4-18x10.jpg 18w\" sizes=\"auto, (max-width: 1456px) 100vw, 1456px\"><\/figure>\n\n\n\n<p><\/p>\n\n\n\n<p>Le march\u00e9 des v\u00eatements de sport est un domaine dynamique caract\u00e9ris\u00e9 par une concurrence intense, l\u2019innovation et une grande fid\u00e9lit\u00e9 \u00e0 la marque. Ainsi, plusieurs acteurs fa\u00e7onnent le paysage de l\u2019industrie. Voici un aper\u00e7u de certains des principaux acteurs du march\u00e9 mondial des v\u00eatements de sport\u00a0:<\/p>\n\n\n\n<ul class=\"wp-block-list\">\n<li><strong>Nike\u00a0:<\/strong> Cette multinationale am\u00e9ricaine est une force avec laquelle il faut compter dans l\u2019industrie du sportswear. Nike a une forte pr\u00e9sence mondiale et repousse continuellement les limites avec ses designs innovants et ses campagnes marketing.<\/li>\n\n\n\n<li><strong>Adidas\u00a0:<\/strong> Adidas est un autre g\u00e9ant dans le domaine des v\u00eatements de sport. Avec une riche histoire remontant \u00e0 1949, la marque propose une vaste gamme de produits de sport et a fait des perc\u00e9es significatives dans les segments de la mode et du style de vie.<\/li>\n\n\n\n<li><strong>Sous protection:<\/strong> Cette entreprise am\u00e9ricaine s&#039;est rapidement d\u00e9velopp\u00e9e pour devenir un acteur cl\u00e9 sur le march\u00e9 des v\u00eatements de sport, sp\u00e9cialis\u00e9e dans les v\u00eatements de performance qui maintiennent les athl\u00e8tes au frais et au sec.<\/li>\n\n\n\n<li><strong>Puma:<\/strong> Un autre g\u00e9ant allemand, Puma, propose une gamme diversifi\u00e9e de chaussures, v\u00eatements et accessoires de sport et d\u00e9contract\u00e9s. Au fil des ann\u00e9es, Puma a consolid\u00e9 sa position gr\u00e2ce \u00e0 des partenariats et des soutiens strat\u00e9giques.<\/li>\n\n\n\n<li><strong>Reebok\u00a0:<\/strong> Initialement marque britannique, Reebok est d\u00e9sormais une filiale d&#039;Adidas. Connue pour ses chaussures et ses v\u00eatements, Reebok poss\u00e8de un solide h\u00e9ritage dans les domaines de l&#039;a\u00e9robic, de la course \u00e0 pied et, plus r\u00e9cemment, du CrossFit.<\/li>\n<\/ul>\n\n\n\n<h2 class=\"wp-block-heading\">Opportunit\u00e9s sur le march\u00e9 des v\u00eatements de sport<\/h2>\n\n\n\n<p>L\u2019industrie des v\u00eatements de sport regorge d\u2019opportunit\u00e9s en raison des vagues d\u2019innovation, de l\u2019\u00e9volution des pr\u00e9f\u00e9rences des consommateurs et des tendances en plein essor en mati\u00e8re de sant\u00e9 et de bien-\u00eatre. Par cons\u00e9quent, les \u00e9tudes de march\u00e9 sur les v\u00eatements de sport guident les entreprises vers ces perspectives en or. Voici quelques-unes des opportunit\u00e9s prometteuses sur lesquelles les entreprises peuvent capitaliser\u00a0:<\/p>\n\n\n\n<ul class=\"wp-block-list\">\n<li><strong>The Rise of <a class=\"wpil_keyword_link\" href=\"https:\/\/www.sisinternational.com\/fr\/competence\/les-industries\/etude-de-marche-sur-lathletisme\/\"   title=\"\u00c9tude de march\u00e9 sur l\u2019athl\u00e9tisme\" data-wpil-keyword-link=\"linked\"  data-wpil-monitor-id=\"660\">Athleisure<\/a>:<\/strong> Alors que la fronti\u00e8re entre les v\u00eatements de sport et les v\u00eatements d\u00e9contract\u00e9s continue de s&#039;estomper, il existe une demande croissante de v\u00eatements polyvalents qui passent facilement de la salle de sport au caf\u00e9. Les \u00e9tudes de march\u00e9 sur les v\u00eatements de sport indiquent que cette tendance offre aux marques une grande marge d\u2019innovation.<\/li>\n\n\n\n<li><strong>V\u00eatements de sport durables\u00a0:<\/strong> Le consommateur moderne est de plus en plus soucieux de l\u2019environnement. Les marques capables de proposer des alternatives \u00e9cologiques et durables sans compromettre les performances disposent d\u2019un avantage concurrentiel. Cette \u00e9volution vers la durabilit\u00e9 est soutenue par des \u00e9tudes de march\u00e9 sur les v\u00eatements de sport, qui soulignent leur viabilit\u00e9 \u00e0 long terme.<\/li>\n\n\n\n<li><strong>Int\u00e9gration technologique\u00a0:<\/strong> Qu&#039;il s&#039;agisse de v\u00eatements de sport dot\u00e9s de trackers de fitness int\u00e9gr\u00e9s, de chaussures intelligentes qui s&#039;ajustent \u00e9lectroniquement ou de v\u00eatements qui surveillent les param\u00e8tres physiologiques, les v\u00eatements de sport infus\u00e9s de technologie repr\u00e9sentent l&#039;avenir. Les \u00e9tudes de march\u00e9 sur les v\u00eatements de sport mettent en \u00e9vidence un app\u00e9tit croissant des consommateurs pour de telles innovations.<\/li>\n\n\n\n<li><strong>Personnalisation:<\/strong> Les \u00e9quipements de fitness personnalis\u00e9s, depuis les chaussures adapt\u00e9es \u00e0 des vo\u00fbtes plantaires sp\u00e9cifiques jusqu&#039;aux \u00e9quipements d&#039;entra\u00eenement con\u00e7us pour les pr\u00e9f\u00e9rences individuelles, ont \u00e9t\u00e9 mis en \u00e9vidence comme un domaine de croissance important par une \u00e9tude de march\u00e9.<\/li>\n\n\n\n<li><a href=\"https:\/\/www.sisinternational.com\/fr\/economie-estonienne\/\" title=\"\u00c9tude de march\u00e9 \u00e9conomique en Estonie\"  data-wpil-monitor-id=\"2938\">Emerging Markets: Sportswear market research<\/a> points to untapped potential in emerging markets like Southeast Asia, Africa, and parts of Latin America. Brands willing to localize their offerings and strategies for these regions can carve a niche for themselves.<\/li>\n\n\n\n<li><strong>Segments sp\u00e9cialis\u00e9s\u00a0:<\/strong> Il existe une demande croissante de v\u00eatements de sport adapt\u00e9s \u00e0 des sports ou \u00e0 des activit\u00e9s sp\u00e9cifiques comme le yoga, le cross-training ou le marathon. En se sp\u00e9cialisant, les marques peuvent r\u00e9pondre \u00e0 ces segments de niche encore en plein essor.<\/li>\n\n\n\n<li><strong>Tailles et designs inclus\u00a0:<\/strong> Les \u00e9tudes de march\u00e9 sur les v\u00eatements de sport indiquent une forte demande de tailles inclusives, adapt\u00e9es \u00e0 toutes les morphologies. Les marques qui proposent une gamme plus \u00e9tendue et c\u00e9l\u00e8brent la diversit\u00e9 corporelle trouvent un meilleur \u00e9cho aupr\u00e8s du public moderne.<\/li>\n\n\n\n<li><strong>\u00c9quipement de bien-\u00eatre et de r\u00e9cup\u00e9ration\u00a0:<\/strong> Au-del\u00e0 de la performance, l\u2019accent est de plus en plus mis sur la reprise. Des produits tels que les v\u00eatements de compression, qui facilitent la r\u00e9cup\u00e9ration musculaire, ou les \u00e9quipements favorisant le bien-\u00eatre mental, ont connu une demande accrue, comme l&#039;indique une \u00e9tude de march\u00e9 sur les v\u00eatements de sport.<\/li>\n<\/ul>\n\n\n\n<h2 class=\"wp-block-heading\">Les d\u00e9fis du march\u00e9 des v\u00eatements de sport<\/h2>\n\n\n\n<figure class=\"gb-block-image gb-block-image-31d2f328\"><img loading=\"lazy\" decoding=\"async\" width=\"1456\" height=\"816\" class=\"gb-image gb-image-31d2f328\" src=\"https:\/\/www.sisinternational.com\/wp-content\/uploads\/2025\/08\/Smart-clothes-smart-textiles-5.jpg\" alt=\"\u00c9tudes de march\u00e9 et strat\u00e9gie internationales SIS\" title=\"Smart clothes smart textiles (5)\" srcset=\"https:\/\/www.sisinternational.com\/wp-content\/uploads\/2025\/08\/Smart-clothes-smart-textiles-5.jpg 1456w, https:\/\/www.sisinternational.com\/wp-content\/uploads\/2025\/08\/Smart-clothes-smart-textiles-5-300x168.jpg 300w, https:\/\/www.sisinternational.com\/wp-content\/uploads\/2025\/08\/Smart-clothes-smart-textiles-5-1024x574.jpg 1024w, https:\/\/www.sisinternational.com\/wp-content\/uploads\/2025\/08\/Smart-clothes-smart-textiles-5-768x430.jpg 768w, https:\/\/www.sisinternational.com\/wp-content\/uploads\/2025\/08\/Smart-clothes-smart-textiles-5-18x10.jpg 18w\" sizes=\"auto, (max-width: 1456px) 100vw, 1456px\"><\/figure>\n\n\n\n<p><\/p>\n\n\n\n<p>L\u2019industrie du v\u00eatement de sport est \u00e9galement confront\u00e9e \u00e0 de nombreux d\u00e9fis. Ces obstacles, qui vont de l\u2019\u00e9volution des pr\u00e9f\u00e9rences des consommateurs aux complexit\u00e9s de la cha\u00eene d\u2019approvisionnement, doivent \u00eatre surmont\u00e9s de mani\u00e8re strat\u00e9gique pour que les entreprises puissent prosp\u00e9rer. Les \u00e9tudes de march\u00e9 sur les v\u00eatements de sport offrent une loupe, se concentrant sur ces d\u00e9fis et permettant une compr\u00e9hension plus approfondie. Voici quelques-unes des pr\u00e9occupations les plus urgentes auxquelles est confront\u00e9 le march\u00e9 des v\u00eatements de sport\u00a0:<\/p>\n\n\n\n<ul class=\"wp-block-list\">\n<li><strong>Les pr\u00e9f\u00e9rences des consommateurs en \u00e9volution rapide\u00a0:<\/strong> With fashion trends shifting rapidly and tech integration becoming the norm, staying ahead of consumer desires is challenging. Sportswear market <a href=\"https:\/\/www.sisinternational.com\/fr\/solutions\/innovation\/etude-de-marche-agile\/\" title=\"\u00c9tude de march\u00e9 agile\"  data-wpil-monitor-id=\"7062\">recherche<\/a> consistently highlights the need for brands to remain agile and responsive.<\/li>\n\n\n\n<li><strong>Comp\u00e9tition intense:<\/strong> The sportswear market is saturated with both established giants and innovative startups. Standing out in this crowded space and building brand loyalty is a challenge that <a href=\"https:\/\/www.sisinternational.com\/fr\/competence\/les-industries\/etude-de-marche-sur-les-materiaux-de-construction-ecologiques\/\" title=\"\u00c9tude de march\u00e9 sur les mat\u00e9riaux de construction \u00e9cologiques\"  data-wpil-monitor-id=\"3354\">\u00e9tude de march\u00e9 des v\u00eatements de sport<\/a> frequently underscores.<\/li>\n\n\n\n<li><strong>Adaptabilit\u00e9 technologique\u00a0:<\/strong> Avec l&#039;essor des technologies portables et des v\u00eatements de sport intelligents, les marques sont confront\u00e9es au d\u00e9fi non seulement d&#039;incorporer la technologie, mais \u00e9galement de garantir qu&#039;elle est conviviale, durable et v\u00e9ritablement b\u00e9n\u00e9fique.<\/li>\n\n\n\n<li><strong>Obstacles r\u00e9glementaires\u00a0:<\/strong> Diff\u00e9rentes r\u00e9gions disposent de cadres r\u00e9glementaires vari\u00e9s, notamment en ce qui concerne la s\u00e9curit\u00e9 des produits, les normes environnementales et les pratiques de travail. Naviguer dans ce labyrinthe, en particulier pour les marques op\u00e9rant \u00e0 l\u2019\u00e9chelle mondiale, est un d\u00e9fi mis en \u00e9vidence par les \u00e9tudes de march\u00e9 sur les v\u00eatements de sport.<\/li>\n\n\n\n<li><strong>Produits contrefaits:<\/strong> L\u2019augmentation des v\u00eatements de sport contrefaits dilue la valeur de la marque et pose un d\u00e9fi important dans le maintien de l\u2019authenticit\u00e9 et de la confiance de la marque.<\/li>\n\n\n\n<li><strong>Paysage de vente au d\u00e9tail en \u00e9volution\u00a0:<\/strong> Le d\u00e9clin des magasins physiques traditionnels et l\u2019essor des plateformes de commerce \u00e9lectronique et des mod\u00e8les de vente directe au consommateur n\u00e9cessitent un changement dans les strat\u00e9gies de vente et de distribution.<\/li>\n<\/ul>","protected":false},"excerpt":{"rendered":"<p>La recherche des tendances en mati\u00e8re de v\u00eatements de sport fournit des informations pr\u00e9cieuses aux entreprises qui cherchent \u00e0 am\u00e9liorer leur strat\u00e9gie concurrentielle.<\/p>","protected":false},"author":1,"featured_media":63729,"parent":14514,"menu_order":369,"comment_status":"closed","ping_status":"closed","template":"","meta":{"footnotes":""},"class_list":["post-43594","page","type-page","status-publish","has-post-thumbnail"],"_links":{"self":[{"href":"https:\/\/www.sisinternational.com\/fr\/wp-json\/wp\/v2\/pages\/43594","targetHints":{"allow":["GET"]}}],"collection":[{"href":"https:\/\/www.sisinternational.com\/fr\/wp-json\/wp\/v2\/pages"}],"about":[{"href":"https:\/\/www.sisinternational.com\/fr\/wp-json\/wp\/v2\/types\/page"}],"author":[{"embeddable":true,"href":"https:\/\/www.sisinternational.com\/fr\/wp-json\/wp\/v2\/users\/1"}],"replies":[{"embeddable":true,"href":"https:\/\/www.sisinternational.com\/fr\/wp-json\/wp\/v2\/comments?post=43594"}],"version-history":[{"count":7,"href":"https:\/\/www.sisinternational.com\/fr\/wp-json\/wp\/v2\/pages\/43594\/revisions"}],"predecessor-version":[{"id":80626,"href":"https:\/\/www.sisinternational.com\/fr\/wp-json\/wp\/v2\/pages\/43594\/revisions\/80626"}],"up":[{"embeddable":true,"href":"https:\/\/www.sisinternational.com\/fr\/wp-json\/wp\/v2\/pages\/14514"}],"wp:featuredmedia":[{"embeddable":true,"href":"https:\/\/www.sisinternational.com\/fr\/wp-json\/wp\/v2\/media\/63729"}],"wp:attachment":[{"href":"https:\/\/www.sisinternational.com\/fr\/wp-json\/wp\/v2\/media?parent=43594"}],"curies":[{"name":"wp","href":"https:\/\/api.w.org\/{rel}","templated":true}]}}