{"id":43485,"date":"2023-09-23T17:13:10","date_gmt":"2023-09-23T21:13:10","guid":{"rendered":"https:\/\/www.sisinternational.com\/?page_id=43485"},"modified":"2026-03-12T20:02:36","modified_gmt":"2026-03-13T00:02:36","slug":"etude-de-marche-sur-les-aliments-prets-a-manger","status":"publish","type":"page","link":"https:\/\/www.sisinternational.com\/fr\/solutions\/etude-de-marche-sur-lindustrie-des-boissons-alimentaires\/etude-de-marche-sur-les-aliments-prets-a-manger\/","title":{"rendered":"\u00c9tude de march\u00e9 sur les aliments pr\u00eats \u00e0 consommer (PAM)"},"content":{"rendered":"<h1 class=\"wp-block-heading\">\u00c9tude de march\u00e9 sur les aliments pr\u00eats \u00e0 consommer (PAM)<\/h1>\n\n\n\n<figure class=\"gb-block-image gb-block-image-17d5996a\"><img loading=\"lazy\" decoding=\"async\" width=\"1456\" height=\"816\" class=\"gb-image gb-image-17d5996a\" src=\"https:\/\/www.sisinternational.com\/wp-content\/uploads\/2025\/08\/Food-taste-testing-15.jpg\" alt=\"\u00c9tudes de march\u00e9 et strat\u00e9gie internationales SIS\" title=\"Food taste testing (15)\" srcset=\"https:\/\/www.sisinternational.com\/wp-content\/uploads\/2025\/08\/Food-taste-testing-15.jpg 1456w, https:\/\/www.sisinternational.com\/wp-content\/uploads\/2025\/08\/Food-taste-testing-15-300x168.jpg 300w, https:\/\/www.sisinternational.com\/wp-content\/uploads\/2025\/08\/Food-taste-testing-15-1024x574.jpg 1024w, https:\/\/www.sisinternational.com\/wp-content\/uploads\/2025\/08\/Food-taste-testing-15-768x430.jpg 768w, https:\/\/www.sisinternational.com\/wp-content\/uploads\/2025\/08\/Food-taste-testing-15-18x10.jpg 18w\" sizes=\"auto, (max-width: 1456px) 100vw, 1456px\"><\/figure>\n\n\n\n<p><\/p>\n\n\n\n<p>Saviez-vous que le march\u00e9 mondial des aliments pr\u00eats \u00e0 consommer atteindra une valeur stup\u00e9fiante dans les ann\u00e9es \u00e0 venir ? \u00c0 mesure que les demandes des consommateurs \u00e9voluent et que le paysage alimentaire mondial \u00e9volue, les entreprises du secteur alimentaire doivent constamment r\u00e9\u00e9valuer leurs strat\u00e9gies. Parmi ces changements, la mont\u00e9e en puissance des \u00e9tudes de march\u00e9 sur les aliments pr\u00eats \u00e0 consommer (PAM) se d\u00e9marque, offrant \u00e0 la fois des opportunit\u00e9s et des d\u00e9fis aux entrepreneurs et aux entreprises chevronn\u00e9es.<\/p>\n\n\n\n<p>By delving deep into consumers&#8217; preferences, habits, and desires, this research aims to illuminate the path for businesses eager to carve out their niche or solidify their dominance in the <a href=\"https:\/\/www.sisinternational.com\/fr\/solutions\/ai-etudes-de-marche-et-conseil-en-strategie\/etude-de-marche-chatbot-ai\/\" title=\"\u00c9tude de march\u00e9 sur l\u2019IA des chatbots\"  data-wpil-monitor-id=\"2781\">ready-to-eat food<\/a> market.<\/p>\n\n\n\n<h2 class=\"wp-block-heading\">Pourquoi mener une \u00e9tude de march\u00e9 sur les aliments pr\u00eats \u00e0 consommer (PAM)\u00a0?<\/h2>\n\n\n\n<p>The rapid evolution of the global food sector, driven by technological advancements and changing consumer lifestyles, has <a href=\"https:\/\/www.sisinternational.com\/fr\/competence\/les-industries\/etude-de-marche-des-ascenseurs\/\" title=\"\u00c9tude de march\u00e9 des ascenseurs\"  data-wpil-monitor-id=\"3482\">elevated the significance of specific market research<\/a>. Ready-to-eat food market research, in this context, plays a pivotal role for several reasons:<\/p>\n\n\n\n<ul class=\"wp-block-list\">\n<li><strong>Comprendre les pr\u00e9f\u00e9rences des consommateurs\u00a0:<\/strong> The ready-to-eat food segment is diverse. From pre-packaged salads to microwaveable dinners, each product caters to different demographics and preferences. Conducting ready-to-eat food <a href=\"https:\/\/www.sisinternational.com\/fr\/quest-ce-que-les-relations-publiques\/\" title=\"Relations publiques et \u00e9tudes de march\u00e9\"  data-wpil-monitor-id=\"7430\">market research helps brands<\/a> pinpoint precisely what flavors, ingredients, and packaging styles resonate with their target audience.<\/li>\n\n\n\n<li><strong>S&#039;adapter aux tendances changeantes\u00a0:<\/strong> L&#039;industrie alimentaire est tr\u00e8s volatile. Ce qui est populaire aujourd\u2019hui pourrait tomber en disgr\u00e2ce demain. Des \u00e9tudes r\u00e9guli\u00e8res sur le march\u00e9 des aliments pr\u00eats \u00e0 consommer garantissent que les entreprises gardent une longueur d&#039;avance, en adaptant leurs gammes de produits \u00e0 mesure que les tendances \u00e9voluent.<\/li>\n\n\n\n<li><strong>Att\u00e9nuation des risques:<\/strong> Entering the market with a new product or tweaking an existing one without proper <a href=\"https:\/\/www.sisinternational.com\/fr\/competence\/les-industries\/etude-de-marche-en-bioinformatique\/\" title=\"\u00c9tude de march\u00e9 sur la bioinformatique\"  data-wpil-monitor-id=\"4698\">recherche<\/a> can be a costly bet. Ready-to-eat food <a href=\"https:\/\/www.sisinternational.com\/fr\/competence\/les-industries\/etude-de-marche-sur-la-securite-routiere\/\" title=\"\u00c9tude de march\u00e9 sur la s\u00e9curit\u00e9 routi\u00e8re\"  data-wpil-monitor-id=\"4742\">market research acts as a safety<\/a> net, highlighting potential pitfalls and areas of concern.<\/li>\n\n\n\n<li><strong>Optimisation de la gestion de la cha\u00eene d&#039;approvisionnement\u00a0:<\/strong> En comprenant quels produits sont demand\u00e9s et dans quelles r\u00e9gions, les entreprises peuvent rationaliser leur cha\u00eene d&#039;approvisionnement, garantissant des livraisons dans les d\u00e9lais et r\u00e9duisant le gaspillage.<\/li>\n\n\n\n<li><strong>Marketing et promotion efficaces\u00a0:<\/strong> Gr\u00e2ce aux donn\u00e9es d\u2019\u00e9tudes de march\u00e9, les marques peuvent \u00e9laborer des campagnes marketing plus efficaces. Par exemple, si la recherche r\u00e9v\u00e8le une tendance \u00e0 une alimentation soucieuse de sa sant\u00e9, une marque peut mettre en avant les avantages nutritionnels de ses produits pr\u00eats \u00e0 consommer dans sa publicit\u00e9.<\/li>\n\n\n\n<li><strong>D\u00e9veloppement de la strat\u00e9gie de tarification\u00a0:<\/strong> Gr\u00e2ce \u00e0 des \u00e9tudes de march\u00e9 sur les aliments pr\u00eats \u00e0 consommer, les entreprises peuvent \u00e9valuer la sensibilit\u00e9 des consommateurs aux prix et identifier le prix optimal pour maximiser leurs profits tout en garantissant la satisfaction des clients.<\/li>\n\n\n\n<li><strong>Analyse comp\u00e9titive:<\/strong> Les \u00e9tudes de march\u00e9 sur les aliments pr\u00eats \u00e0 consommer fournissent un aper\u00e7u de ce que font les concurrents, permettant aux entreprises d&#039;identifier les lacunes du march\u00e9 ou les domaines dans lesquels elles peuvent acqu\u00e9rir un avantage concurrentiel.<\/li>\n<\/ul>\n\n\n\n<h2 class=\"wp-block-heading\">Le r\u00f4le de la num\u00e9risation dans les \u00e9tudes de march\u00e9 sur les aliments pr\u00eats \u00e0 consommer (PAM)<\/h2>\n\n\n\n<figure class=\"gb-block-image gb-block-image-7ffcd7c1\"><img loading=\"lazy\" decoding=\"async\" width=\"1456\" height=\"816\" class=\"gb-image gb-image-7ffcd7c1\" src=\"https:\/\/www.sisinternational.com\/wp-content\/uploads\/2025\/08\/Food-taste-testing-2.jpg\" alt=\"\u00c9tudes de march\u00e9 et strat\u00e9gie internationales SIS\" title=\"Food taste testing (2)\" srcset=\"https:\/\/www.sisinternational.com\/wp-content\/uploads\/2025\/08\/Food-taste-testing-2.jpg 1456w, https:\/\/www.sisinternational.com\/wp-content\/uploads\/2025\/08\/Food-taste-testing-2-300x168.jpg 300w, https:\/\/www.sisinternational.com\/wp-content\/uploads\/2025\/08\/Food-taste-testing-2-1024x574.jpg 1024w, https:\/\/www.sisinternational.com\/wp-content\/uploads\/2025\/08\/Food-taste-testing-2-768x430.jpg 768w, https:\/\/www.sisinternational.com\/wp-content\/uploads\/2025\/08\/Food-taste-testing-2-18x10.jpg 18w\" sizes=\"auto, (max-width: 1456px) 100vw, 1456px\"><\/figure>\n\n\n\n<p><\/p>\n\n\n\n<p>\u00c0 une \u00e9poque o\u00f9 presque toutes les facettes de notre vie sont li\u00e9es \u00e0 la technologie, la num\u00e9risation a r\u00e9volutionn\u00e9 la mani\u00e8re dont les entreprises r\u00e9alisent des \u00e9tudes de march\u00e9, en particulier dans le secteur des aliments pr\u00eats \u00e0 consommer. Voici comment:<\/p>\n\n\n\n<ul class=\"wp-block-list\">\n<li><strong>Port\u00e9e plus large gr\u00e2ce aux enqu\u00eates en ligne\u00a0:<\/strong> Les enqu\u00eates num\u00e9riques peuvent toucher un public plus large et plus diversifi\u00e9 dans diff\u00e9rentes zones g\u00e9ographiques. Ils sont rentables et peuvent \u00eatre adapt\u00e9s rapidement pour exploiter les tendances ou pr\u00e9occupations \u00e9mergentes.<\/li>\n\n\n\n<li><strong>Informations sur les m\u00e9dias sociaux\u00a0:<\/strong> Des plateformes comme X, Instagram et Facebook sont devenues des tr\u00e9sors de donn\u00e9es. L&#039;analyse des mentions, des hashtags et des tendances li\u00e9s aux produits pr\u00eats \u00e0 consommer peut offrir des informations inestimables sur les pr\u00e9f\u00e9rences, les aversions et les tendances \u00e9mergentes des consommateurs.<\/li>\n\n\n\n<li><strong>Engaging with <a class=\"wpil_keyword_link\" href=\"https:\/\/www.sisinternational.com\/fr\/solutions\/solutions-de-recherche-qualitative-et-quantitative\/groupes-de-discussion-en-ligne-2\/\"   title=\"Groupes de discussion en ligne\" data-wpil-keyword-link=\"linked\"  data-wpil-monitor-id=\"661\">Groupes de discussion en ligne<\/a>:<\/strong> Les outils de vid\u00e9oconf\u00e9rence et les plateformes en ligne sp\u00e9cialis\u00e9es permettent d\u00e9sormais aux entreprises d&#039;organiser des s\u00e9ances de groupe de discussion \u00e0 distance. Cela permet non seulement d\u2019\u00e9conomiser des co\u00fbts, mais permet \u00e9galement d\u2019atteindre une port\u00e9e d\u00e9mographique plus large.<\/li>\n\n\n\n<li><strong>Utilisation de l&#039;intelligence artificielle (IA) et de l&#039;apprentissage automatique\u00a0:<\/strong> Ces technologies aident \u00e0 l\u2019analyse pr\u00e9dictive. Par exemple, l\u2019IA peut pr\u00e9dire les tendances futures potentielles dans le segment des aliments pr\u00eats \u00e0 consommer sur la base de donn\u00e9es actuelles et pass\u00e9es, aidant ainsi les entreprises \u00e0 garder une longueur d\u2019avance.<\/li>\n\n\n\n<li><strong>Analyse des donn\u00e9es de vente en ligne\u00a0:<\/strong> Les plateformes de commerce \u00e9lectronique et les services de livraison en ligne offrent de riches donn\u00e9es sur les ventes, les pr\u00e9f\u00e9rences et les habitudes des consommateurs. Ces donn\u00e9es, une fois analys\u00e9es, peuvent r\u00e9v\u00e9ler des tendances telles que les produits les plus populaires \u00e0 diff\u00e9rents moments de la journ\u00e9e ou de la semaine.<\/li>\n\n\n\n<li><strong>Exp\u00e9riences interactives et immersives\u00a0:<\/strong> La r\u00e9alit\u00e9 virtuelle (VR) et la r\u00e9alit\u00e9 augment\u00e9e (AR) peuvent \u00eatre utilis\u00e9es pour les tests de produits et les commentaires. Par exemple, un consommateur pourrait utiliser la RA pour voir \u00e0 quoi ressemble un repas pr\u00eat \u00e0 manger une fois servi, fournissant ainsi des commentaires avant que le produit n&#039;arrive dans les rayons.<\/li>\n\n\n\n<li><strong>Outils am\u00e9lior\u00e9s de gestion de la relation client (CRM)\u00a0:<\/strong> Les syst\u00e8mes CRM modernes, int\u00e9gr\u00e9s \u00e0 l&#039;IA, peuvent fournir aux entreprises des profils de consommateurs d\u00e9taill\u00e9s, les aidant ainsi \u00e0 adapter leurs produits et leurs strat\u00e9gies marketing \u00e0 des segments sp\u00e9cifiques de leur public.<\/li>\n<\/ul>\n\n\n\n<h2 class=\"wp-block-heading\">Opportunit\u00e9s dans les \u00e9tudes de march\u00e9 sur les aliments pr\u00eats \u00e0 manger<\/h2>\n\n\n\n<p>Le secteur des aliments PAM se d\u00e9veloppe rapidement, stimul\u00e9 par l\u2019\u00e9volution des modes de vie des consommateurs, l\u2019urbanisation et les progr\u00e8s technologiques. En cons\u00e9quence, la port\u00e9e des \u00e9tudes de march\u00e9 sur les aliments pr\u00eats \u00e0 consommer offre de nombreuses opportunit\u00e9s tant aux entreprises qu\u2019aux chercheurs. Voici quelques opportunit\u00e9s cl\u00e9s\u00a0:<\/p>\n\n\n\n<ul class=\"wp-block-list\">\n<li><strong>D\u00e9veloppement de nouveaux produits\u00a0:<\/strong> Gr\u00e2ce \u00e0 une compr\u00e9hension claire des pr\u00e9f\u00e9rences des consommateurs, les marques peuvent d\u00e9velopper des produits PAM innovants qui r\u00e9pondent \u00e0 des besoins sp\u00e9cifiques. Qu&#039;il s&#039;agisse de repas sans gluten, de collations c\u00e9to-friendly ou de sp\u00e9cialit\u00e9s r\u00e9gionales.<\/li>\n\n\n\n<li><strong>Innovations en mati\u00e8re d&#039;emballage durable\u00a0:<\/strong> As environmental concerns grow, there is a surge in demand for sustainable packaging. Ready-to-eat food market <a href=\"https:\/\/www.sisinternational.com\/fr\/solutions\/solutions-de-branding-et-de-recherche-client\/etude-de-marche-sur-lemballage\/\" title=\"\u00c9tude de march\u00e9 sur l\u2019emballage\"  data-wpil-monitor-id=\"6566\">recherche<\/a> can help businesses understand consumer willingness to pay for eco-friendly packaging and the types of sustainable materials they prefer.<\/li>\n\n\n\n<li><strong>Sant\u00e9 et nutrition:<\/strong> Avec la tendance croissante \u00e0 prendre conscience de la sant\u00e9, il existe une opportunit\u00e9 de d\u00e9velopper des aliments PAM enrichis de vitamines, de min\u00e9raux et d\u2019autres nutriments essentiels. Les \u00e9tudes de march\u00e9 sur les aliments pr\u00eats \u00e0 consommer peuvent identifier des tendances sp\u00e9cifiques en mati\u00e8re de sant\u00e9, comme les r\u00e9gimes \u00e0 base de plantes ou les repas riches en prot\u00e9ines, que les marques peuvent exploiter.<\/li>\n\n\n\n<li><strong>Expansion mondiale\u00a0:<\/strong> Alors que les marques cherchent \u00e0 se d\u00e9velopper \u00e0 l\u2019\u00e9chelle mondiale, les \u00e9tudes de march\u00e9 peuvent aider \u00e0 identifier les r\u00e9gions ou les pays qui ont une demande pour des aliments PAM sp\u00e9cifiques, aidant ainsi les entreprises \u00e0 adapter leurs offres aux go\u00fbts et pr\u00e9f\u00e9rences locaux.<\/li>\n\n\n\n<li><strong>Mod\u00e8les d&#039;abonnement\u00a0:<\/strong> Avec le succ\u00e8s des box d\u2019abonnement dans diff\u00e9rents secteurs, il existe \u00e9galement du potentiel sur le march\u00e9 RTE. Les \u00e9tudes de march\u00e9 sur les aliments pr\u00eats \u00e0 consommer peuvent guider les entreprises sur les types de mod\u00e8les d&#039;abonnement, qu&#039;il s&#039;agisse de kits de repas hebdomadaires ou de bo\u00eetes de collations mensuelles, qui pourraient trouver un \u00e9cho aupr\u00e8s de leur public cible.<\/li>\n\n\n\n<li><strong>Collaborations et partenariats\u00a0:<\/strong> En comprenant les tendances du march\u00e9, les entreprises peuvent identifier des opportunit\u00e9s de collaboration potentielles, qu&#039;il s&#039;agisse de marques de fitness, d&#039;applications de sant\u00e9 ou m\u00eame de c\u00e9l\u00e9brit\u00e9s, pour renforcer l&#039;attrait et la port\u00e9e de leurs produits PRA.<\/li>\n\n\n\n<li><strong>Strat\u00e9gies marketing sur mesure\u00a0:<\/strong> Bas\u00e9e sur les donn\u00e9es d\u00e9mographiques, les comportements et les pr\u00e9f\u00e9rences des consommateurs, les \u00e9tudes de march\u00e9 sur les aliments pr\u00eats \u00e0 consommer peuvent guider le d\u00e9veloppement de campagnes marketing hautement cibl\u00e9es et efficaces, exploitant \u00e0 la fois les canaux num\u00e9riques et traditionnels.<\/li>\n<\/ul>\n\n\n\n<h2 class=\"wp-block-heading\">D\u00e9fis des \u00e9tudes de march\u00e9 sur les aliments pr\u00eats \u00e0 manger<\/h2>\n\n\n\n<figure class=\"gb-block-image gb-block-image-9d047033\"><img loading=\"lazy\" decoding=\"async\" width=\"1456\" height=\"816\" class=\"gb-image gb-image-9d047033\" src=\"https:\/\/www.sisinternational.com\/wp-content\/uploads\/2025\/08\/Burger-4.jpg\" alt=\"\u00c9tudes de march\u00e9 et strat\u00e9gie internationales SIS\" title=\"Burger (4)\" srcset=\"https:\/\/www.sisinternational.com\/wp-content\/uploads\/2025\/08\/Burger-4.jpg 1456w, https:\/\/www.sisinternational.com\/wp-content\/uploads\/2025\/08\/Burger-4-300x168.jpg 300w, https:\/\/www.sisinternational.com\/wp-content\/uploads\/2025\/08\/Burger-4-1024x574.jpg 1024w, https:\/\/www.sisinternational.com\/wp-content\/uploads\/2025\/08\/Burger-4-768x430.jpg 768w, https:\/\/www.sisinternational.com\/wp-content\/uploads\/2025\/08\/Burger-4-18x10.jpg 18w\" sizes=\"auto, (max-width: 1456px) 100vw, 1456px\"><\/figure>\n\n\n\n<p><\/p>\n\n\n\n<p>Si le secteur des aliments PAM pr\u00e9sente plusieurs opportunit\u00e9s, il est \u00e9galement sem\u00e9 d\u2019emb\u00fbches, notamment en mati\u00e8re d\u2019\u00e9tudes de march\u00e9. Ces d\u00e9fis peuvent influencer l\u2019exactitude, la pertinence et l\u2019efficacit\u00e9 des informations recueillies. Voici quelques-uns des d\u00e9fis notables des \u00e9tudes de march\u00e9 sur les aliments pr\u00eats \u00e0 consommer\u00a0:<\/p>\n\n\n\n<ul class=\"wp-block-list\">\n<li><strong>Les pr\u00e9f\u00e9rences des consommateurs en \u00e9volution rapide\u00a0:<\/strong> L\u2019industrie agroalimentaire se caract\u00e9rise par des tendances en \u00e9volution rapide. Ce qui est \u00e0 la mode aujourd\u2019hui pourrait devenir obsol\u00e8te demain. Suivre le rythme de pr\u00e9f\u00e9rences en \u00e9volution rapide peut \u00eatre intimidant pour les chercheurs.<\/li>\n\n\n\n<li><strong>Nuances culturelles et r\u00e9gionales :<\/strong> \u00c0 mesure que les marques se d\u00e9veloppent \u00e0 l\u2019\u00e9chelle mondiale, il devient essentiel de comprendre la diversit\u00e9 des go\u00fbts culturels et r\u00e9gionaux. Capturer avec pr\u00e9cision l\u2019essence des pr\u00e9f\u00e9rences locales est un d\u00e9fi, mais il est crucial.<\/li>\n\n\n\n<li><strong>Pr\u00e9occupations en mati\u00e8re de sant\u00e9 et de s\u00e9curit\u00e9\u00a0:<\/strong> Apr\u00e8s la pand\u00e9mie, les consommateurs sont plus prudents quant \u00e0 la s\u00e9curit\u00e9 et \u00e0 l\u2019hygi\u00e8ne des aliments pr\u00eats \u00e0 consommer. Aborder et rechercher ces pr\u00e9occupations sans susciter la peur ou le scepticisme peut s\u2019av\u00e9rer d\u00e9licat.<\/li>\n\n\n\n<li><strong>Pr\u00e9occupations environnementales et \u00e9thiques\u00a0:<\/strong> \u00c0 mesure que les consommateurs deviennent plus soucieux de l\u2019environnement, r\u00e9pondre aux pr\u00e9occupations concernant les emballages durables, l\u2019approvisionnement \u00e9thique et le gaspillage devient un d\u00e9fi dans les \u00e9tudes de march\u00e9.<\/li>\n\n\n\n<li><strong>Dur\u00e9e de conservation courte\u00a0:<\/strong> Contrairement \u00e0 d\u2019autres produits, les aliments PAM ont g\u00e9n\u00e9ralement une dur\u00e9e de conservation plus courte. Cela ajoute une pression pour garantir que la recherche soit effectu\u00e9e en temps opportun et que les informations puissent \u00eatre mises en \u0153uvre avant que les produits ne perdent leur fra\u00eecheur.<\/li>\n\n\n\n<li><strong>Analyse de la concurrence\u00a0:<\/strong> Le secteur RTE est extr\u00eamement concurrentiel. \u00c9valuer avec pr\u00e9cision les strat\u00e9gies, les forces et les faiblesses de nombreux concurrents peut s\u2019av\u00e9rer une t\u00e2che monumentale.<\/li>\n\n\n\n<li><strong>Modifications r\u00e9glementaires\u00a0:<\/strong> Diff\u00e9rentes r\u00e9gions ont des r\u00e9glementations vari\u00e9es concernant la s\u00e9curit\u00e9 alimentaire, l&#039;\u00e9tiquetage et les ingr\u00e9dients. Se tenir au courant de ces r\u00e9glementations changeantes pendant la recherche est essentiel pour garantir la conformit\u00e9.<\/li>\n\n\n\n<li><strong>\u00c9quilibrer qualit\u00e9 et abordabilit\u00e9\u00a0:<\/strong> Les consommateurs exigent des produits de haute qualit\u00e9 mais sont souvent sensibles aux prix. Rechercher et trouver le juste milieu entre qualit\u00e9 et prix abordable peut \u00eatre un d\u00e9fi.<\/li>\n<\/ul>","protected":false},"excerpt":{"rendered":"<p>Les \u00e9tudes de march\u00e9 aident les entreprises \u00e0 r\u00e9ussir sur le march\u00e9 des aliments pr\u00eats \u00e0 consommer en comprenant les pr\u00e9f\u00e9rences, les habitudes et les d\u00e9sirs des consommateurs.<\/p>","protected":false},"author":1,"featured_media":64691,"parent":22018,"menu_order":367,"comment_status":"closed","ping_status":"closed","template":"","meta":{"footnotes":""},"class_list":["post-43485","page","type-page","status-publish","has-post-thumbnail"],"_links":{"self":[{"href":"https:\/\/www.sisinternational.com\/fr\/wp-json\/wp\/v2\/pages\/43485","targetHints":{"allow":["GET"]}}],"collection":[{"href":"https:\/\/www.sisinternational.com\/fr\/wp-json\/wp\/v2\/pages"}],"about":[{"href":"https:\/\/www.sisinternational.com\/fr\/wp-json\/wp\/v2\/types\/page"}],"author":[{"embeddable":true,"href":"https:\/\/www.sisinternational.com\/fr\/wp-json\/wp\/v2\/users\/1"}],"replies":[{"embeddable":true,"href":"https:\/\/www.sisinternational.com\/fr\/wp-json\/wp\/v2\/comments?post=43485"}],"version-history":[{"count":10,"href":"https:\/\/www.sisinternational.com\/fr\/wp-json\/wp\/v2\/pages\/43485\/revisions"}],"predecessor-version":[{"id":81061,"href":"https:\/\/www.sisinternational.com\/fr\/wp-json\/wp\/v2\/pages\/43485\/revisions\/81061"}],"up":[{"embeddable":true,"href":"https:\/\/www.sisinternational.com\/fr\/wp-json\/wp\/v2\/pages\/22018"}],"wp:featuredmedia":[{"embeddable":true,"href":"https:\/\/www.sisinternational.com\/fr\/wp-json\/wp\/v2\/media\/64691"}],"wp:attachment":[{"href":"https:\/\/www.sisinternational.com\/fr\/wp-json\/wp\/v2\/media?parent=43485"}],"curies":[{"name":"wp","href":"https:\/\/api.w.org\/{rel}","templated":true}]}}