{"id":43480,"date":"2023-09-23T16:34:06","date_gmt":"2023-09-23T20:34:06","guid":{"rendered":"https:\/\/www.sisinternational.com\/?page_id=43480"},"modified":"2026-01-24T21:10:48","modified_gmt":"2026-01-25T02:10:48","slug":"etude-de-marche-sur-les-outils-de-precision","status":"publish","type":"page","link":"https:\/\/www.sisinternational.com\/fr\/competence\/etude-de-marche-sur-les-outils-de-precision\/","title":{"rendered":"\u00c9tude de march\u00e9 sur les outils de pr\u00e9cision"},"content":{"rendered":"<h1 class=\"wp-block-heading\">\u00c9tude de march\u00e9 sur les outils de pr\u00e9cision<\/h1>\n\n\n\n<figure class=\"gb-block-image gb-block-image-c4b8d8d6\"><img loading=\"lazy\" decoding=\"async\" width=\"1456\" height=\"816\" class=\"gb-image gb-image-c4b8d8d6\" src=\"https:\/\/www.sisinternational.com\/wp-content\/uploads\/2025\/08\/Precision-tools-2.jpg\" alt=\"\u00c9tudes de march\u00e9 et strat\u00e9gie internationales SIS\" title=\"Precision tools (2)\" srcset=\"https:\/\/www.sisinternational.com\/wp-content\/uploads\/2025\/08\/Precision-tools-2.jpg 1456w, https:\/\/www.sisinternational.com\/wp-content\/uploads\/2025\/08\/Precision-tools-2-300x168.jpg 300w, https:\/\/www.sisinternational.com\/wp-content\/uploads\/2025\/08\/Precision-tools-2-1024x574.jpg 1024w, https:\/\/www.sisinternational.com\/wp-content\/uploads\/2025\/08\/Precision-tools-2-768x430.jpg 768w, https:\/\/www.sisinternational.com\/wp-content\/uploads\/2025\/08\/Precision-tools-2-18x10.jpg 18w\" sizes=\"auto, (max-width: 1456px) 100vw, 1456px\"><\/figure>\n\n\n\n<p><\/p>\n\n\n\n<p>Combien de fois avez-vous constat\u00e9 le fonctionnement impeccable d\u2019un avion ou la pr\u00e9cision d\u2019un dispositif m\u00e9dical ? Derri\u00e8re ces merveilles d\u2019ing\u00e9nierie et de conception se cachent des outils de pr\u00e9cision. Ces instruments m\u00e9ticuleusement con\u00e7us garantissent que chaque application dans la fabrication et l\u2019industrie r\u00e9pond \u00e0 l\u2019\u00e9talon-or en mati\u00e8re de pr\u00e9cision.<\/p>\n\n\n\n<p>Aujourd\u2019hui, le march\u00e9 mondial des outils de pr\u00e9cision joue un r\u00f4le cl\u00e9 dans la qualit\u00e9 et l\u2019efficacit\u00e9 dans divers secteurs. \u00c0 mesure que la technologie progresse et que les industries se transforment, l\u2019accent mis sur la pr\u00e9cision ne fait que s\u2019intensifier, entra\u00eenant une demande accrue pour ces outils.<\/p>\n\n\n\n<h2 class=\"wp-block-heading\">Qu\u2019est-ce que l\u2019\u00e9tude de march\u00e9 sur les outils de pr\u00e9cision ?<\/h2>\n\n\n\n<p>L\u2019\u00e9tude de march\u00e9 sur les outils de pr\u00e9cision est un domaine sp\u00e9cialis\u00e9 d\u2019analyse de march\u00e9 d\u00e9di\u00e9 \u00e0 la compr\u00e9hension des subtilit\u00e9s des outils con\u00e7us pour une pr\u00e9cision \u00e9lev\u00e9e et une tol\u00e9rance minimale. Ces outils sont essentiels dans les secteurs o\u00f9 une l\u00e9g\u00e8re erreur peut entra\u00eener des r\u00e9percussions importantes \u2013 et les \u00e9tudes de march\u00e9 sur les outils de pr\u00e9cision visent \u00e0\u00a0:<\/p>\n\n\n\n<ul class=\"wp-block-list\">\n<li><strong>\u00c9valuer la taille et la croissance du march\u00e9\u00a0:<\/strong> Businesses can determine the current value of the precision tools market and <a href=\"https:\/\/www.sisinternational.com\/fr\/industry-forecast\/it-industry-forecast\/\" title=\"IT Industry Forecast\"  data-wpil-monitor-id=\"3206\">forecast its growth based on emerging industry<\/a> needs, technological advancements, and evolving manufacturing practices.<\/li>\n\n\n\n<li><strong>\u00c9valuer la demande de l\u2019industrie\u00a0:<\/strong> Les entreprises peuvent identifier les secteurs qui d\u00e9pendent fortement des outils de pr\u00e9cision. Par exemple, l\u2019industrie a\u00e9rospatiale pourrait n\u00e9cessiter des mesures pr\u00e9cises pour garantir la s\u00e9curit\u00e9 et la fonctionnalit\u00e9 des composants d\u2019avion.<\/li>\n\n\n\n<li><strong>Rep\u00e9rez les tendances et les innovations\u00a0:<\/strong> Les \u00e9tudes de march\u00e9 sur les outils de pr\u00e9cision aident \u00e0 identifier les progr\u00e8s de la technologie des outils, tels que l\u2019introduction de microm\u00e8tres num\u00e9riques ou d\u2019outils int\u00e9gr\u00e9s \u00e0 l\u2019IA pour une meilleure pr\u00e9cision.<\/li>\n\n\n\n<li><strong>Comprendre la dynamique r\u00e9gionale\u00a0:<\/strong> Diff\u00e9rentes r\u00e9gions peuvent avoir des demandes vari\u00e9es en fonction de leur orientation industrielle. Une r\u00e9gion dot\u00e9e d\u2019une forte industrie automobile, par exemple, peut avoir une demande plus \u00e9lev\u00e9e pour certains outils de pr\u00e9cision qu\u2019une r\u00e9gion ax\u00e9e sur l\u2019\u00e9lectronique.<\/li>\n\n\n\n<li><strong>\u00c9valuez les pr\u00e9f\u00e9rences des clients\u00a0:<\/strong> Les entreprises peuvent d\u00e9terminer ce que les utilisateurs finaux recherchent dans les outils de pr\u00e9cision, qu&#039;il s&#039;agisse de durabilit\u00e9, de pr\u00e9cision, de facilit\u00e9 d&#039;utilisation ou de capacit\u00e9s d&#039;int\u00e9gration.<\/li>\n<\/ul>\n\n\n\n<h2 class=\"wp-block-heading\">Avantages de l\u2019\u00e9tude de march\u00e9 sur les outils de pr\u00e9cision<\/h2>\n\n\n\n<figure class=\"gb-block-image gb-block-image-0221c6a9\"><img loading=\"lazy\" decoding=\"async\" width=\"1456\" height=\"816\" class=\"gb-image gb-image-0221c6a9\" src=\"https:\/\/www.sisinternational.com\/wp-content\/uploads\/2025\/08\/Precision-tools-1.jpg\" alt=\"\u00c9tudes de march\u00e9 et strat\u00e9gie internationales SIS\" title=\"Precision tools (1)\" srcset=\"https:\/\/www.sisinternational.com\/wp-content\/uploads\/2025\/08\/Precision-tools-1.jpg 1456w, https:\/\/www.sisinternational.com\/wp-content\/uploads\/2025\/08\/Precision-tools-1-300x168.jpg 300w, https:\/\/www.sisinternational.com\/wp-content\/uploads\/2025\/08\/Precision-tools-1-1024x574.jpg 1024w, https:\/\/www.sisinternational.com\/wp-content\/uploads\/2025\/08\/Precision-tools-1-768x430.jpg 768w, https:\/\/www.sisinternational.com\/wp-content\/uploads\/2025\/08\/Precision-tools-1-18x10.jpg 18w\" sizes=\"auto, (max-width: 1456px) 100vw, 1456px\"><\/figure>\n\n\n\n<p><\/p>\n\n\n\n<p>Les \u00e9tudes de march\u00e9 sur les outils de pr\u00e9cision offrent une multitude d\u2019avantages \u00e0 diverses parties prenantes, allant des fabricants aux investisseurs et utilisateurs finaux. Voici une exploration des avantages qu\u2019il apporte\u00a0:<\/p>\n\n\n\n<ul class=\"wp-block-list\">\n<li><strong>Meilleure prise de d\u00e9cision\u00a0:<\/strong> En comprenant parfaitement le paysage du march\u00e9 des outils de pr\u00e9cision, les entreprises peuvent prendre des d\u00e9cisions fond\u00e9es sur des donn\u00e9es, r\u00e9duisant ainsi les incertitudes et am\u00e9liorant l\u2019orientation strat\u00e9gique.<\/li>\n\n\n\n<li><strong>Avantage concurrentiel\u00a0:<\/strong> Obtenir des informations sur les strat\u00e9gies, les offres de produits, ainsi que sur les forces et les faiblesses des concurrents permet aux entreprises de se diff\u00e9rencier et potentiellement de trouver des propositions de vente uniques.<\/li>\n\n\n\n<li><strong>Pr\u00e9vision:<\/strong> En comprenant les tendances du march\u00e9 et les pr\u00e9visions futures, les entreprises peuvent \u00eatre proactives plut\u00f4t que r\u00e9actives, se positionnant ainsi en avance sur les \u00e9volutions du march\u00e9.<\/li>\n\n\n\n<li><strong>D\u00e9veloppement de produits am\u00e9lior\u00e9\u00a0:<\/strong> Les commentaires et les informations sur les outils actuels et leurs performances peuvent guider les services de recherche et d\u00e9veloppement \u00e0 innover et \u00e0 produire des outils qui r\u00e9pondent plus efficacement aux besoins des utilisateurs.<\/li>\n\n\n\n<li><strong>Strat\u00e9gies marketing et commerciales optimis\u00e9es\u00a0:<\/strong> Comprendre les utilisateurs finaux, leurs exigences et les demandes r\u00e9gionales permet aux entreprises d&#039;adapter leurs approches marketing et commerciales, garantissant ainsi un meilleur retour sur investissement des campagnes.<\/li>\n\n\n\n<li><strong>Gestion de la cha\u00eene d&#039;approvisionnement:<\/strong> La connaissance de la dynamique de la demande et de l&#039;offre d&#039;outils de pr\u00e9cision permet aux entreprises de rationaliser leur cha\u00eene d&#039;approvisionnement, garantissant ainsi une production et une livraison en temps opportun et une r\u00e9duction des frais g\u00e9n\u00e9raux.<\/li>\n\n\n\n<li><strong>Relation Client Renforc\u00e9e :<\/strong> Lorsque les entreprises r\u00e9pondent aux besoins pr\u00e9cis du march\u00e9, cela met en valeur leur engagement envers la satisfaction de leurs clients, favorisant ainsi la fid\u00e9lit\u00e9 et les relations \u00e0 long terme.<\/li>\n<\/ul>\n\n\n\n<h2 class=\"wp-block-heading\">Acteurs cl\u00e9s du march\u00e9 des outils de pr\u00e9cision<\/h2>\n\n\n\n<p>Le march\u00e9 des outils de pr\u00e9cision se caract\u00e9rise par un m\u00e9lange de leaders industriels bien \u00e9tablis et d\u2019innovateurs \u00e9mergents. Ces acteurs cl\u00e9s fa\u00e7onnent non seulement la trajectoire du march\u00e9, mais stimulent \u00e9galement l\u2019innovation, \u00e9tablissant des r\u00e9f\u00e9rences en mati\u00e8re de qualit\u00e9, d\u2019efficacit\u00e9 et de progr\u00e8s technologique. Voici un aper\u00e7u de quelques-uns des noms les plus \u00e9minents du march\u00e9 des outils de pr\u00e9cision\u00a0:<\/p>\n\n\n\n<ul class=\"wp-block-list\">\n<li><strong>Groupe Sandvik\u00a0:<\/strong> Une puissance mondiale d&#039;ing\u00e9nierie, Sandvik a \u00e9t\u00e9 \u00e0 l&#039;avant-garde du d\u00e9veloppement d&#039;outils de pr\u00e9cision de pointe pour divers secteurs, allant de l&#039;exploitation mini\u00e8re \u00e0 la construction.<\/li>\n\n\n\n<li><strong>Stanley Black &amp; Decker\u00a0:<\/strong> Avec une histoire qui s&#039;\u00e9tend sur plus d&#039;un si\u00e8cle, cette entreprise est synonyme d&#039;outils manuels, d&#039;outils \u00e9lectriques et d&#039;accessoires associ\u00e9s de haute qualit\u00e9.<\/li>\n\n\n\n<li><strong>Kennametal\u00a0:<\/strong> R\u00e9put\u00e9 pour ses outils de travail des m\u00e9taux, Kennametal propose une gamme d&#039;outils de pr\u00e9cision adapt\u00e9s aux besoins sp\u00e9cifiques de secteurs comme l&#039;a\u00e9rospatiale, l&#039;\u00e9nergie et les transports.<\/li>\n\n\n\n<li><strong>Soci\u00e9t\u00e9 de mat\u00e9riaux Mitsubishi\u00a0:<\/strong> G\u00e9ant du secteur des mat\u00e9riaux, Mitsubishi Materials est tr\u00e8s pr\u00e9sent sur le march\u00e9 des outils de pr\u00e9cision, notamment dans les outils en carbure.<\/li>\n\n\n\n<li><strong>Soci\u00e9t\u00e9 Makita\u00a0:<\/strong> Nom leader dans le domaine des outils \u00e9lectriques, Makita propose constamment des produits durables et de haute qualit\u00e9, adapt\u00e9s \u00e0 un usage industriel et domestique.<\/li>\n\n\n\n<li><strong>Soci\u00e9t\u00e9 d&#039;outils Bosch\u00a0:<\/strong> Faisant partie du groupe Bosch, cette entit\u00e9 est un acteur important dans la production d&#039;outils \u00e9lectriques, d&#039;outils de mesure et d&#039;accessoires.<\/li>\n<\/ul>\n\n\n\n<h2 class=\"wp-block-heading\">\u00c9tude de march\u00e9 sur les outils de pr\u00e9cision et ses opportunit\u00e9s<\/h2>\n\n\n\n<figure class=\"gb-block-image gb-block-image-cd83a571\"><img loading=\"lazy\" decoding=\"async\" width=\"1456\" height=\"816\" class=\"gb-image gb-image-cd83a571\" src=\"https:\/\/www.sisinternational.com\/wp-content\/uploads\/2025\/08\/Precision-tools-4.jpg\" alt=\"\u00c9tudes de march\u00e9 et strat\u00e9gie internationales SIS\" title=\"Precision tools (4)\" srcset=\"https:\/\/www.sisinternational.com\/wp-content\/uploads\/2025\/08\/Precision-tools-4.jpg 1456w, https:\/\/www.sisinternational.com\/wp-content\/uploads\/2025\/08\/Precision-tools-4-300x168.jpg 300w, https:\/\/www.sisinternational.com\/wp-content\/uploads\/2025\/08\/Precision-tools-4-1024x574.jpg 1024w, https:\/\/www.sisinternational.com\/wp-content\/uploads\/2025\/08\/Precision-tools-4-768x430.jpg 768w, https:\/\/www.sisinternational.com\/wp-content\/uploads\/2025\/08\/Precision-tools-4-18x10.jpg 18w\" sizes=\"auto, (max-width: 1456px) 100vw, 1456px\"><\/figure>\n\n\n\n<p><\/p>\n\n\n\n<p>Dans le paysage industriel dynamique d&#039;aujourd&#039;hui, le secteur des outils de pr\u00e9cision conna\u00eet des progr\u00e8s rapides. Alors que les industries s\u2019appuient de plus en plus sur des outils de haute pr\u00e9cision, le champ d\u2019application du march\u00e9 des outils de pr\u00e9cision s\u2019\u00e9largit \u2013 et les \u00e9tudes de march\u00e9 sur les outils de pr\u00e9cision aident les parties prenantes \u00e0 tirer parti de la pl\u00e9thore d\u2019opportunit\u00e9s \u00e0 venir. Certaines de ces opportunit\u00e9s sont\u00a0:<\/p>\n\n\n\n<ul class=\"wp-block-list\">\n<li><strong>Int\u00e9gration de l&#039;IA et de l&#039;apprentissage automatique\u00a0:<\/strong> Il existe une tendance croissante \u00e0 int\u00e9grer l\u2019intelligence artificielle (IA) et les capacit\u00e9s d\u2019apprentissage automatique dans les outils de pr\u00e9cision. Cette int\u00e9gration permet une maintenance pr\u00e9dictive, un \u00e9talonnage automatis\u00e9 et une optimisation des performances en temps r\u00e9el.<\/li>\n\n\n\n<li><strong>Exploration de march\u00e9s de niche\u00a0:<\/strong> Les outils de pr\u00e9cision adapt\u00e9s \u00e0 des secteurs sp\u00e9cifiques comme le biom\u00e9dical, la micro\u00e9lectronique ou l&#039;horlogerie de luxe offrent un vaste potentiel. Les \u00e9tudes de march\u00e9 sur les outils de pr\u00e9cision peuvent r\u00e9v\u00e9ler ces demandes de niche, ouvrant ainsi de nouvelles sources de revenus aux fabricants.<\/li>\n\n\n\n<li><strong>Fabrication verte\u00a0:<\/strong> Alors que la durabilit\u00e9 devient primordiale, il existe une demande croissante d&#039;outils de pr\u00e9cision qui soutiennent une fabrication respectueuse de l&#039;environnement, minimisent les d\u00e9chets et r\u00e9duisent la consommation d&#039;\u00e9nergie.<\/li>\n\n\n\n<li><strong>Personnalisation et personnalisation\u00a0:<\/strong> Les entreprises recherchant des outils adapt\u00e9s \u00e0 leurs besoins uniques, les fabricants ont la possibilit\u00e9 de proposer des solutions personnalis\u00e9es r\u00e9pondant aux exigences sp\u00e9cifiques de l&#039;industrie.<\/li>\n\n\n\n<li><strong>Collaborations et partenariats\u00a0:<\/strong> Les \u00e9tudes de march\u00e9 peuvent identifier des partenaires potentiels, allant des fournisseurs de mati\u00e8res premi\u00e8res aux entreprises technologiques, favorisant ainsi les collaborations qui stimulent l&#039;innovation dans le secteur des outils de pr\u00e9cision.<\/li>\n\n\n\n<li><strong>Expansion g\u00e9ographique\u00a0:<\/strong> Les march\u00e9s \u00e9mergents pr\u00e9sentent des opportunit\u00e9s lucratives. Les \u00e9tudes de march\u00e9 sur les outils de pr\u00e9cision peuvent guider les entreprises dans la compr\u00e9hension des demandes r\u00e9gionales, des paysages r\u00e9glementaires et des nuances culturelles, contribuant ainsi \u00e0 une entr\u00e9e et une expansion r\u00e9ussies sur le march\u00e9.<\/li>\n\n\n\n<li><strong>Formation et d\u00e9veloppement des comp\u00e9tences\u00a0:<\/strong> \u00c0 mesure que les outils deviennent plus avanc\u00e9s, il existe un besoin croissant d\u2019op\u00e9rateurs qualifi\u00e9s. Proposer des programmes de formation et des ateliers peut \u00eatre un service pr\u00e9cieux, garantissant que les clients utilisent les outils au maximum de leur potentiel.<\/li>\n\n\n\n<li><strong>Service apr\u00e8s-vente\u00a0:<\/strong> Les outils devenant de plus en plus complexes, il existe une demande \u00e9mergente en mati\u00e8re de services apr\u00e8s-vente, de maintenance et de r\u00e9paration. Les fabricants peuvent en tirer parti pour proposer des garanties \u00e9tendues, des packages de maintenance et des services de conseil.<\/li>\n<\/ul>\n\n\n\n<h2 class=\"wp-block-heading\">\u00c9tude de march\u00e9 sur les outils de pr\u00e9cision et ses d\u00e9fis<\/h2>\n\n\n\n<p>S\u2019aventurer dans le secteur des outils de pr\u00e9cision est un v\u00e9ritable d\u00e9fi \u2013 et m\u00eame si les \u00e9tudes de march\u00e9 sur les outils de pr\u00e9cision visent \u00e0 relever ces d\u00e9fis en fournissant des informations claires et exploitables, les entreprises doivent \u00e9valuer leurs propres capacit\u00e9s pour surmonter ces obstacles.<\/p>\n\n\n\n<ul class=\"wp-block-list\">\n<li><strong>Probl\u00e8mes de propri\u00e9t\u00e9 intellectuelle (PI)\u00a0:<\/strong> Les innovations \u00e9tant un \u00e9l\u00e9ment cl\u00e9 du march\u00e9 des outils de pr\u00e9cision, le partage ou l\u2019acc\u00e8s \u00e0 certaines donn\u00e9es peut entra\u00eener des probl\u00e8mes de propri\u00e9t\u00e9 intellectuelle. Cela peut entraver une analyse approfondie de la concurrence.<\/li>\n\n\n\n<li><strong>Investissement \u00e9lev\u00e9 en R&amp;D\u00a0:<\/strong> Une recherche efficace n\u00e9cessite souvent une compr\u00e9hension pratique des outils. Cependant, \u00e9tant donn\u00e9 le co\u00fbt de ces outils avanc\u00e9s, la mise en place d\u2019environnements de test pour la recherche peut s\u2019av\u00e9rer financi\u00e8rement difficile.<\/li>\n\n\n\n<li><strong>Complexit\u00e9s de la cha\u00eene d\u2019approvisionnement mondiale\u00a0:<\/strong> The global nature of the precision tools <a href=\"https:\/\/www.sisinternational.com\/fr\/competence\/les-industries\/test-demplacement-central-etude-de-marche-clt\/\" title=\"\u00c9tude de march\u00e9 CLT\"  data-wpil-monitor-id=\"2827\">market means researchers<\/a> need to account for geopolitical risks, trade barriers, and varying regulatory standards across countries.<\/li>\n\n\n\n<li><strong>\u00c9cart de comp\u00e9tences\u00a0:<\/strong> The niche nature of the precision tools <a href=\"https:\/\/www.sisinternational.com\/fr\/couverture\/etude-de-marche-en-australie\/\" title=\"Etude de march\u00e9 en Australie\"  data-wpil-monitor-id=\"2880\">market necessitates researchers<\/a> with specialized knowledge. There&#8217;s a growing challenge in finding skilled professionals who understand both market research methodologies and the intricacies of precision tools.<\/li>\n\n\n\n<li><strong>Normes de s\u00e9curit\u00e9 et r\u00e9glementaires\u00a0:<\/strong> Les outils de pr\u00e9cision sont soumis \u00e0 des normes strictes de s\u00e9curit\u00e9 et de qualit\u00e9. Veiller \u00e0 ce que la recherche prenne en compte ces r\u00e9glementations en constante \u00e9volution dans diff\u00e9rentes r\u00e9gions peut s\u2019av\u00e9rer difficile.<\/li>\n\n\n\n<li><strong>Pr\u00e9occupations environnementales:<\/strong> Avec l\u2019accent croissant mis sur la fabrication durable et les pratiques respectueuses de l\u2019environnement, les chercheurs doivent prendre en compte les implications environnementales. Cela ajoute une autre couche de complexit\u00e9 au processus de recherche.<\/li>\n<\/ul>","protected":false},"excerpt":{"rendered":"<p>Le march\u00e9 mondial des outils de pr\u00e9cision joue un r\u00f4le cl\u00e9 dans la qualit\u00e9 et l\u2019efficacit\u00e9 dans divers secteurs.<\/p>","protected":false},"author":1,"featured_media":64837,"parent":14514,"menu_order":366,"comment_status":"closed","ping_status":"closed","template":"","meta":{"footnotes":""},"class_list":["post-43480","page","type-page","status-publish","has-post-thumbnail"],"_links":{"self":[{"href":"https:\/\/www.sisinternational.com\/fr\/wp-json\/wp\/v2\/pages\/43480","targetHints":{"allow":["GET"]}}],"collection":[{"href":"https:\/\/www.sisinternational.com\/fr\/wp-json\/wp\/v2\/pages"}],"about":[{"href":"https:\/\/www.sisinternational.com\/fr\/wp-json\/wp\/v2\/types\/page"}],"author":[{"embeddable":true,"href":"https:\/\/www.sisinternational.com\/fr\/wp-json\/wp\/v2\/users\/1"}],"replies":[{"embeddable":true,"href":"https:\/\/www.sisinternational.com\/fr\/wp-json\/wp\/v2\/comments?post=43480"}],"version-history":[{"count":6,"href":"https:\/\/www.sisinternational.com\/fr\/wp-json\/wp\/v2\/pages\/43480\/revisions"}],"predecessor-version":[{"id":77497,"href":"https:\/\/www.sisinternational.com\/fr\/wp-json\/wp\/v2\/pages\/43480\/revisions\/77497"}],"up":[{"embeddable":true,"href":"https:\/\/www.sisinternational.com\/fr\/wp-json\/wp\/v2\/pages\/14514"}],"wp:featuredmedia":[{"embeddable":true,"href":"https:\/\/www.sisinternational.com\/fr\/wp-json\/wp\/v2\/media\/64837"}],"wp:attachment":[{"href":"https:\/\/www.sisinternational.com\/fr\/wp-json\/wp\/v2\/media?parent=43480"}],"curies":[{"name":"wp","href":"https:\/\/api.w.org\/{rel}","templated":true}]}}