{"id":43446,"date":"2023-09-21T19:28:02","date_gmt":"2023-09-21T23:28:02","guid":{"rendered":"https:\/\/www.sisinternational.com\/?page_id=43446"},"modified":"2026-01-24T14:25:04","modified_gmt":"2026-01-24T19:25:04","slug":"etude-de-marche-derry-irlande","status":"publish","type":"page","link":"https:\/\/www.sisinternational.com\/fr\/couverture\/leurope-%ef%83%97\/etude-de-marche-derry-irlande\/","title":{"rendered":"Etude de march\u00e9 \u00e0 Derry (Irlande)"},"content":{"rendered":"<h1 class=\"gb-headline gb-headline-710adee9 gb-headline-text\">Etude de march\u00e9 \u00e0 Derry (Irlande)<\/h1>\n\n\n\n<figure class=\"gb-block-image gb-block-image-43a9dc2c\"><img loading=\"lazy\" decoding=\"async\" width=\"1456\" height=\"816\" class=\"gb-image gb-image-43a9dc2c\" src=\"https:\/\/www.sisinternational.com\/wp-content\/uploads\/2025\/09\/Derry-3.jpg\" alt=\"\u00c9tudes de march\u00e9 et strat\u00e9gie internationales SIS\" title=\"Derry (3)\" srcset=\"https:\/\/www.sisinternational.com\/wp-content\/uploads\/2025\/09\/Derry-3.jpg 1456w, https:\/\/www.sisinternational.com\/wp-content\/uploads\/2025\/09\/Derry-3-300x168.jpg 300w, https:\/\/www.sisinternational.com\/wp-content\/uploads\/2025\/09\/Derry-3-1024x574.jpg 1024w, https:\/\/www.sisinternational.com\/wp-content\/uploads\/2025\/09\/Derry-3-768x430.jpg 768w, https:\/\/www.sisinternational.com\/wp-content\/uploads\/2025\/09\/Derry-3-18x10.jpg 18w\" sizes=\"auto, (max-width: 1456px) 100vw, 1456px\"><\/figure>\n\n\n\n<hr class=\"wp-block-separator has-alpha-channel-opacity\"\/>\n\n\n\n<p>Market research in Derry offers businesses the critical data and insights they need to navigate the city&#8217;s unique economic landscape. So, by delving into consumer behavior, identifying market gaps, and anticipating trends, market research in Derry equips businesses with the tools to thrive and stay ahead of the competition in this vibrant city.<\/p>\n\n\n\n<h2 class=\"wp-block-heading\">Pourquoi est-il important de mener une \u00e9tude de march\u00e9 \u00e0 Derry ?<\/h2>\n\n\n\n<p>Derry offers challenges and opportunities. As businesses strive to capture a piece of this dynamic market \u2013 or even expand their footprint, the role of market research becomes indispensable. Here&#8217;s why:<\/p>\n\n\n\n<ul class=\"wp-block-list\">\n<li><strong>Comprendre les nuances locales\u00a0:<\/strong> Market research helps businesses grasp these local nuances, ensuring their products, services, and marketing resonate with the Derry audience.<\/li>\n\n\n\n<li><strong>Exploiter les secteurs \u00e9mergents\u00a0:<\/strong> Avec l\u2019essor d\u2019industries telles que la technologie, les arts cr\u00e9atifs et les \u00e9nergies renouvelables \u00e0 Derry, il existe une multitude d\u2019opportunit\u00e9s inexploit\u00e9es. Gr\u00e2ce \u00e0 des \u00e9tudes de march\u00e9 efficaces \u00e0 Derry, les entreprises peuvent identifier les domaines de croissance, les tendances \u00e9mergentes et les pistes d&#039;investissement potentielles.<\/li>\n\n\n\n<li><strong>Implications transfrontali\u00e8res\u00a0:<\/strong> La proximit\u00e9 de Derry avec la fronti\u00e8re de la R\u00e9publique d&#039;Irlande pr\u00e9sente des opportunit\u00e9s commerciales transfrontali\u00e8res uniques. Les \u00e9tudes de march\u00e9 \u00e0 Derry peuvent aider les entreprises \u00e0 comprendre les d\u00e9fis et les avantages r\u00e9glementaires, culturels et logistiques de ce march\u00e9 bir\u00e9gional.<\/li>\n\n\n\n<li><strong>Att\u00e9nuation des risques:<\/strong> En menant une \u00e9tude de march\u00e9 approfondie \u00e0 Derry, les entreprises peuvent anticiper les pi\u00e8ges potentiels, des faux pas culturels aux ralentissements \u00e9conomiques, et \u00e9laborer des strat\u00e9gies pour y faire face.<\/li>\n\n\n\n<li><strong>Personnalisation des strat\u00e9gies marketing\u00a0:<\/strong> Through market research, businesses can tailor their marketing and advertising campaigns to Derry&#8217;s unique cultural and consumer landscape, maximizing engagement and return on investment.<\/li>\n\n\n\n<li><strong>Pr\u00e9visions \u00e9conomiques\u00a0:<\/strong> Le climat \u00e9conomique des villes peut fluctuer en raison de divers facteurs, allant des changements politiques aux \u00e9v\u00e9nements mondiaux. Les \u00e9tudes de march\u00e9 fournissent aux entreprises des informations bas\u00e9es sur des donn\u00e9es sur l&#039;avenir \u00e9conomique de Derry, permettant une planification strat\u00e9gique \u00e9clair\u00e9e.<\/li>\n\n\n\n<li><strong>Sensibilit\u00e9 culturelle et consid\u00e9rations \u00e9thiques\u00a0:<\/strong> Compte tenu de l&#039;histoire et de l&#039;importance culturelle de Derry, les entreprises doivent fonctionner avec sensibilit\u00e9 et consid\u00e9ration \u00e9thique. Les \u00e9tudes de march\u00e9 peuvent aider les entreprises \u00e0 garantir que leurs op\u00e9rations correspondent aux valeurs et aux sentiments locaux.<\/li>\n<\/ul>\n\n\n\n<p><\/p>\n\n\n\n<!DOCTYPE html>\n<html lang=\"en\">\n<head>\n    <meta charset=\"UTF-8\">\n    <meta name=\"viewport\" content=\"width=device-width, initial-scale=1.0\">\n    <title>Derry\/Londonderry Market Data<\/title>\n    <style>\n        \/* Responsive Table & SIS International-inspired Styling\n          - Uses corporate blue and a clean, sans-serif font.\n          - Fully responsive design ensures no page distortion on any device.\n        *\/\n        \n        .sis-table-container {\n            font-family: -apple-system, BlinkMacSystemFont, \"Segoe UI\", Roboto, Helvetica, Arial, sans-serif;\n            margin: 2em 0;\n            width: 100%;\n            \/* Allows horizontal scroll on small screens to prevent page distortion *\/\n            overflow-x: auto;\n            -webkit-overflow-scrolling: touch; \/* Smooth scrolling on iOS *\/\n        }\n\n        .sis-table-container h3 {\n            font-size: 1.5rem; \/* 24px *\/\n            font-weight: 600;\n            color: #333;\n            margin-bottom: 0.75em;\n            padding: 0;\n        }\n\n        .sis-table {\n            width: 100%;\n            border-collapse: collapse;\n            min-width: 600px; \/* Ensures table structure holds, container scrolls if needed *\/\n        }\n\n        .sis-table th,\n        .sis-table td {\n            padding: 12px 15px;\n            text-align: left;\n            line-height: 1.5;\n        }\n\n        \/* Header Styling *\/\n        .sis-table thead th {\n            background-color: #005cbf; \/* SIS corporate blue *\/\n            color: #ffffff;\n            font-weight: 600;\n            font-size: 0.9rem; \n            text-transform: uppercase;\n            letter-spacing: 0.5px;\n        }\n\n        \/* Body Styling *\/\n        .sis-table tbody tr {\n            border-bottom: 1px solid #ddd;\n        }\n\n        .sis-table tbody tr:nth-of-type(even) {\n            background-color: #f8f8f8; \/* Light gray alternate rows *\/\n        }\n\n        .sis-table tbody tr:last-of-type {\n            border-bottom: 2px solid #005cbf; \/* Match header blue *\/\n        }\n\n        .sis-table td {\n            color: #444;\n            font-size: 0.95rem; \n            vertical-align: top;\n        }\n        \n        \/* Align data cells *\/\n        .sis-table td:nth-child(2) {\n            text-align: right;\n            white-space: nowrap; \/* Prevents long numbers from wrapping *\/\n        }\n         .sis-table th:nth-child(2) {\n            text-align: right;\n        }\n\n        .sis-table-container .source-caption {\n            margin-top: 10px;\n            font-size: 0.85rem; \n            color: #555;\n            font-style: italic;\n        }\n\n        .sis-table-container .source-caption a {\n            color: #005cbf; \/* Match brand blue *\/\n            text-decoration: none;\n        }\n\n        .sis-table-container .source-caption a:hover {\n            text-decoration: underline;\n        }\n    <\/style>\n<\/head>\n<body>\n\n    <!-- \n      HTML for WordPress:\n      Copy and paste the code from .sis-table-container start to end into a Custom HTML block.\n    -->\n    <div class=\"sis-table-container\">\n        \n        <h3>Derry\/Londonderry Market Profile: Key Metrics for Northern Ireland&#8217;s Northwest<\/h3>\n\n        <table class=\"sis-table\">\n            <thead>\n                <tr>\n                    <th>Indicator<\/th>\n                    <th>Value (Recent Estimate)<\/th>\n                <\/tr>\n            <\/thead>\n            <tbody>\n                <tr>\n                    <td>Population (Derry City and Strabane District Council)<\/td>\n                    <td>Approximately **150,000** residents<\/td>\n                <\/tr>\n                <tr>\n                    <td>Key Economic Growth Sectors<\/td>\n                    <td>**Digital Tech** (especially FinTech), Advanced Manufacturing, and Tourism<\/td>\n                <\/tr>\n                <tr>\n                    <td>Digital Talent Pool<\/td>\n                    <td>High concentration of graduates from the **Ulster University Magee Campus** and local colleges<\/td>\n                <\/tr>\n                 <tr>\n                    <td>Cross-Border Significance<\/td>\n                    <td>Gateway to the Northwest region, highly integrated with the **Republic of Ireland** economy (Donegal)<\/td>\n                <\/tr>\n                 <tr>\n                    <td>Employment Rate (Prospective)<\/td>\n                    <td>Positive employment growth driven by large-scale **Foreign Direct Investment (FDI)** in professional services<\/td>\n                <\/tr>\n            <\/tbody>\n        <\/table>\n\n        <p class=\"source-caption\">\n             Source: Data compiled from the <a href=\"https:\/\/www.nisra.gov.uk\/\" target=\"_blank\" rel=\"noopener noreferrer\">Northern Ireland Statistics and Research Agency (NISRA)<\/a> and reports from <a href=\"https:\/\/www.investni.com\/\" target=\"_blank\" rel=\"noopener noreferrer\">Invest Northern Ireland<\/a>.\n        <\/p>\n\n    <\/div>\n\n<\/body>\n<\/html>\n\n\n\n\n<p><\/p>\n\n\n\n<h2 class=\"wp-block-heading\">Industries cl\u00e9s dominant l&#039;\u00e9conomie de Derry<\/h2>\n\n\n\n<p>While traditionally grounded in sectors like manufacturing and textiles, the city&#8217;s industrial landscape has transformed, reflecting a blend of&nbsp; conventional and contemporary sectors.<\/p>\n\n\n\n<ul class=\"wp-block-list\">\n<li><strong>Agriculture et transformation des aliments\u00a0:<\/strong> The surrounding regions of Derry have fertile lands, making agriculture a significant contributor to the local economy. Food processing units, especially dairy products and meat, also play a vital role.<\/li>\n\n\n\n<li><strong>Arts culturels et cr\u00e9atifs\u00a0:<\/strong> Derry&#8217;s rich cultural tapestry has created a robust arts scene, with many galleries, theaters, and music venues. The city was even named the UK City of Culture in 2013, emphasizing its prominence in the arts.<\/li>\n\n\n\n<li><strong>\u00c9ducation et recherche\u00a0:<\/strong> With institutions like Ulster University&#8217;s Magee campus, Derry emphasizes education and research, drawing local and international students.<\/li>\n<\/ul>\n\n\n\n<h2 class=\"wp-block-heading\">Comment les \u00e9tudes de march\u00e9 \u00e0 Derry peuvent-elles aider les entreprises \u00e0 trouver des opportunit\u00e9s commerciales ?<\/h2>\n\n\n\n<figure class=\"gb-block-image gb-block-image-4818d367\"><img loading=\"lazy\" decoding=\"async\" width=\"1456\" height=\"816\" class=\"gb-image gb-image-4818d367\" src=\"https:\/\/www.sisinternational.com\/wp-content\/uploads\/2025\/09\/Derry-2.jpg\" alt=\"\u00c9tudes de march\u00e9 et strat\u00e9gie internationales SIS\" title=\"Derry (2)\" srcset=\"https:\/\/www.sisinternational.com\/wp-content\/uploads\/2025\/09\/Derry-2.jpg 1456w, https:\/\/www.sisinternational.com\/wp-content\/uploads\/2025\/09\/Derry-2-300x168.jpg 300w, https:\/\/www.sisinternational.com\/wp-content\/uploads\/2025\/09\/Derry-2-1024x574.jpg 1024w, https:\/\/www.sisinternational.com\/wp-content\/uploads\/2025\/09\/Derry-2-768x430.jpg 768w, https:\/\/www.sisinternational.com\/wp-content\/uploads\/2025\/09\/Derry-2-18x10.jpg 18w\" sizes=\"auto, (max-width: 1456px) 100vw, 1456px\"><\/figure>\n\n\n\n<p><\/p>\n\n\n\n<p>Businesses, both established and new entrants, are constantly on the lookout for fresh opportunities to grow and thrive, and <a href=\"https:\/\/www.sisinternational.com\/fr\/non-profit-market-research\/\" title=\"\u00c9tude de march\u00e9 \u00e0 but non lucratif\" data-wpil-monitor-id=\"1007\">market research in Derry can uncover profitable<\/a> business opportunities such as:<\/p>\n\n\n\n\n\n<p><\/p>\n\n\n\n<h2 class=\"wp-block-heading\">L&#039;avenir des \u00e9tudes de march\u00e9 \u00e0 Derry<\/h2>\n\n\n\n<figure class=\"gb-block-image gb-block-image-0d31c4ff\"><img loading=\"lazy\" decoding=\"async\" width=\"1456\" height=\"816\" class=\"gb-image gb-image-0d31c4ff\" src=\"https:\/\/www.sisinternational.com\/wp-content\/uploads\/2025\/09\/Derry-4.jpg\" alt=\"\u00c9tudes de march\u00e9 et strat\u00e9gie internationales SIS\" title=\"Derry (4)\" srcset=\"https:\/\/www.sisinternational.com\/wp-content\/uploads\/2025\/09\/Derry-4.jpg 1456w, https:\/\/www.sisinternational.com\/wp-content\/uploads\/2025\/09\/Derry-4-300x168.jpg 300w, https:\/\/www.sisinternational.com\/wp-content\/uploads\/2025\/09\/Derry-4-1024x574.jpg 1024w, https:\/\/www.sisinternational.com\/wp-content\/uploads\/2025\/09\/Derry-4-768x430.jpg 768w, https:\/\/www.sisinternational.com\/wp-content\/uploads\/2025\/09\/Derry-4-18x10.jpg 18w\" sizes=\"auto, (max-width: 1456px) 100vw, 1456px\"><\/figure>\n\n\n\n<p><\/p>\n\n\n\n<p>\u00c0 mesure que le paysage \u00e9conomique de Derry continue d&#039;\u00e9voluer et de s&#039;adapter, le domaine des \u00e9tudes de march\u00e9 au sein de la ville \u00e9volue \u00e9galement. Le paradigme des \u00e9tudes de march\u00e9 de Derry devrait conna\u00eetre des changements importants parall\u00e8lement aux tendances mondiales.<\/p>\n\n\n\n<ul class=\"wp-block-list\">\n<li><strong>Int\u00e9gration technologique\u00a0:<\/strong> With rapid advancements in AI, big data, and digital analytics, future market research in Derry will heavily integrate these technologies to glean deeper insights, forecast trends, and provide real-time data to businesses. Furthermore, leveraging machine learning and AI, future market research will not just analyze current trends.\u00a0<\/li>\n\n\n\n<li><strong>\u00c9tudes de march\u00e9 \u00e9co-responsables\u00a0:<\/strong> Alors que l&#039;accent mondial se tourne vers la durabilit\u00e9, les \u00e9tudes de march\u00e9 men\u00e9es \u00e0 Derry se pencheront sur le comportement des consommateurs soucieux de l&#039;environnement, les technologies vertes et les mod\u00e8les commerciaux durables, aidant ainsi les entreprises \u00e0 s&#039;aligner sur ces valeurs.<\/li>\n\n\n\n<li><strong>Recherche collaborative transfrontali\u00e8re\u00a0:<\/strong> Given <a href=\"https:\/\/www.sisinternational.com\/fr\/couverture\/etude-de-marche-en-asie\/republique-des-kiribati\/\" title=\"Etude de march\u00e9 en R\u00e9publique de Kiribati\" data-wpil-monitor-id=\"6456\">Derry&#8217;s<\/a> strategic location near the Republic of Ireland, there will be increased collaborative market research efforts, understanding the intricacies of cross-border trade, consumer behavior, and regional synergies.<\/li>\n\n\n\n<li><strong>Hyperlocalisation\u00a0:<\/strong> The future of market research will lean towards hyper-localized insights, capturing nuances at community or neighborhood levels, allowing businesses to tailor their strategies accurately.<\/li>\n<\/ul>\n\n\n\n<h2 class=\"wp-block-heading\">Notre emplacement \u00e0 New York<\/h2>\n\n\n\n<p>  <iframe loading=\"lazy\" src=\"https:\/\/www.google.com\/maps\/embed?pb=!1m18!1m12!1m3!1d3022.976188376966!2d-73.99130312499956!3d40.740549471389315!2m3!1f0!2f0!3f0!3m2!1i1024!2i768!4f13.1!3m3!1m2!1s0x89c259a15798c731%3A0xd695d09bdd495f25!2s11%20E%2022nd%20St%20FL%202%2C%20New%20York%2C%20NY%2010010%2C%20USA!5e0!3m2!1sen!2spe!4v1726171763526!5m2!1sen!2spe\" width=\"600\" height=\"450\" allowfullscreen=\"allowfullscreen\" data-mce-fragment=\"1\"><\/iframe>  <\/p>\n\n\n\n<h3 class=\"wp-block-heading\">11 E 22nd Street, \u00e9tage 2, New York, NY 10010 T\u00e9l. : +1(212) 505-6805<\/h3>\n\n\n\n<hr class=\"wp-block-separator has-alpha-channel-opacity\"\/>\n\n\n\n<h2 class=\"wp-block-heading\"><span style=\"font-weight: 400;\">\u00c0 propos de SIS International<\/span><\/h2>\n\n\n\n<p><a href=\"https:\/\/www.sisinternational.com\/fr\/\"><span style=\"font-weight: 400;\">SIS International<\/span><\/a><span style=\"font-weight: 400;\"> propose des recherches quantitatives, qualitatives et strat\u00e9giques. Nous fournissons des donn\u00e9es, des outils, des strat\u00e9gies, des rapports et des informations pour la prise de d\u00e9cision. Nous menons \u00e9galement des entretiens, des enqu\u00eates, des groupes de discussion et d\u2019autres m\u00e9thodes et approches d\u2019\u00e9tudes de march\u00e9.<\/span><a href=\"https:\/\/www.sisinternational.com\/fr\/a-propos-de-la-recherche-internationale-sis\/contact-sis-international-market-research\/\"><span style=\"font-weight: 400;\"> Contactez nous<\/span><\/a><span style=\"font-weight: 400;\"> pour votre prochain projet d&#039;\u00e9tude de march\u00e9.<\/span><\/p>\n\n\n\n<h2 class=\"wp-block-heading\">&nbsp;<\/h2>\n\n\n\n<p><\/p>","protected":false},"excerpt":{"rendered":"<p>Les \u00e9tudes de march\u00e9 \u00e0 Derry offrent aux entreprises les donn\u00e9es et les informations essentielles dont elles ont besoin pour naviguer dans le paysage \u00e9conomique unique de la ville.<\/p>","protected":false},"author":1,"featured_media":66011,"parent":14510,"menu_order":65,"comment_status":"closed","ping_status":"closed","template":"","meta":{"footnotes":""},"class_list":["post-43446","page","type-page","status-publish","has-post-thumbnail"],"_links":{"self":[{"href":"https:\/\/www.sisinternational.com\/fr\/wp-json\/wp\/v2\/pages\/43446","targetHints":{"allow":["GET"]}}],"collection":[{"href":"https:\/\/www.sisinternational.com\/fr\/wp-json\/wp\/v2\/pages"}],"about":[{"href":"https:\/\/www.sisinternational.com\/fr\/wp-json\/wp\/v2\/types\/page"}],"author":[{"embeddable":true,"href":"https:\/\/www.sisinternational.com\/fr\/wp-json\/wp\/v2\/users\/1"}],"replies":[{"embeddable":true,"href":"https:\/\/www.sisinternational.com\/fr\/wp-json\/wp\/v2\/comments?post=43446"}],"version-history":[{"count":6,"href":"https:\/\/www.sisinternational.com\/fr\/wp-json\/wp\/v2\/pages\/43446\/revisions"}],"predecessor-version":[{"id":80039,"href":"https:\/\/www.sisinternational.com\/fr\/wp-json\/wp\/v2\/pages\/43446\/revisions\/80039"}],"up":[{"embeddable":true,"href":"https:\/\/www.sisinternational.com\/fr\/wp-json\/wp\/v2\/pages\/14510"}],"wp:featuredmedia":[{"embeddable":true,"href":"https:\/\/www.sisinternational.com\/fr\/wp-json\/wp\/v2\/media\/66011"}],"wp:attachment":[{"href":"https:\/\/www.sisinternational.com\/fr\/wp-json\/wp\/v2\/media?parent=43446"}],"curies":[{"name":"wp","href":"https:\/\/api.w.org\/{rel}","templated":true}]}}