{"id":43429,"date":"2023-09-19T15:43:59","date_gmt":"2023-09-19T19:43:59","guid":{"rendered":"https:\/\/www.sisinternational.com\/?page_id=43429"},"modified":"2026-03-25T01:20:39","modified_gmt":"2026-03-25T05:20:39","slug":"etude-de-marche-sur-les-boissons-alimentaires-pour-le-dejeuner","status":"publish","type":"page","link":"https:\/\/www.sisinternational.com\/fr\/solutions\/etude-de-marche-sur-lindustrie-des-boissons-alimentaires\/etude-de-marche-sur-les-boissons-alimentaires-pour-le-dejeuner\/","title":{"rendered":"\u00c9tude de march\u00e9 sur les aliments et boissons pour le d\u00e9jeuner"},"content":{"rendered":"<h1 class=\"wp-block-heading\">\u00c9tude de march\u00e9 sur les aliments et boissons pour le d\u00e9jeuner<\/h1>\n\n\n\n<figure class=\"gb-block-image gb-block-image-dd254228\"><img loading=\"lazy\" decoding=\"async\" width=\"1456\" height=\"816\" class=\"gb-image gb-image-dd254228\" src=\"https:\/\/www.sisinternational.com\/wp-content\/uploads\/2025\/08\/Mexican-food-lunch-10.jpg\" alt=\"\u00c9tudes de march\u00e9 et strat\u00e9gie internationales SIS\" title=\"Mexican food lunch (10)\" srcset=\"https:\/\/www.sisinternational.com\/wp-content\/uploads\/2025\/08\/Mexican-food-lunch-10.jpg 1456w, https:\/\/www.sisinternational.com\/wp-content\/uploads\/2025\/08\/Mexican-food-lunch-10-300x168.jpg 300w, https:\/\/www.sisinternational.com\/wp-content\/uploads\/2025\/08\/Mexican-food-lunch-10-1024x574.jpg 1024w, https:\/\/www.sisinternational.com\/wp-content\/uploads\/2025\/08\/Mexican-food-lunch-10-768x430.jpg 768w, https:\/\/www.sisinternational.com\/wp-content\/uploads\/2025\/08\/Mexican-food-lunch-10-18x10.jpg 18w\" sizes=\"auto, (max-width: 1456px) 100vw, 1456px\"><\/figure>\n\n\n\n<p>&nbsp;<\/p>\n\n\n\n<p><\/p>\n\n\n\n<p>Have you ever wondered what influences your choices when it comes to deciding on a lunch meal? Is it habit, cultural influence, health consciousness, or the effect of advertisements? In a world that\u2019s constantly evolving and with consumer preferences shifting rapidly, understanding the intricacies of lunch choices is no mere feat. This is where Lunch <a class=\"wpil_keyword_link\" href=\"https:\/\/www.sisinternational.com\/fr\/competence\/les-industries\/etude-de-marche-des-boissons-alimentaires\/\"   title=\"\u00c9tude de march\u00e9 sur les aliments et les boissons\" data-wpil-keyword-link=\"linked\"  data-wpil-monitor-id=\"666\">\u00c9tude de march\u00e9 sur les aliments et les boissons<\/a> comes into play.<\/p>\n\n\n\n<p>Lunch <a href=\"https:\/\/www.sisinternational.com\/fr\/competence\/les-industries\/etude-de-marche-sur-les-ingredients-des-boissons-alimentaires\/\" title=\"\u00c9tude de march\u00e9 sur les ingr\u00e9dients alimentaires et de boissons\"  data-wpil-monitor-id=\"3156\">food and beverage market research<\/a> seeks to understand these patterns, determine the reasons behind our choices, and predict future trends. Additionally, it empowers companies to make informed decisions, innovate, and remain at the forefront of the industry.<\/p>\n\n\n\n<h2 class=\"wp-block-heading\">Qu\u2019est-ce que l\u2019\u00e9tude de march\u00e9 sur les aliments et boissons pour le d\u00e9jeuner ?<\/h2>\n\n\n\n<p>Lunch <a href=\"https:\/\/www.sisinternational.com\/fr\/competence\/les-industries\/etude-de-marche-sur-les-boissons-et-les-aliments-pour-le-diner\/\" title=\"\u00c9tude de march\u00e9 sur les aliments et boissons pour le d\u00eener\"  data-wpil-monitor-id=\"3863\">food and beverage market research<\/a> is the process that analyzes the various aspects of lunch consumption patterns, preferences, and the factors influencing them. It is not just about determining which sandwich or pasta dish is most popular, but about uncovering the deeper, often unseen layers of the lunch food landscape.<\/p>\n\n\n\n<p>It helps businesses understand what consumers are choosing to eat, why they are making those choices, and what influences these decisions. Lunch <a href=\"https:\/\/www.sisinternational.com\/fr\/competence\/les-industries\/etude-de-marche-sur-linsecurite-des-boissons-alimentaires\/\" title=\"\u00c9tude de march\u00e9 sur l\u2019ins\u00e9curit\u00e9 alimentaire et des boissons\"  data-wpil-monitor-id=\"4150\">food and beverage market research<\/a> also involves a study of the current market size, growth potential, emerging niches, and dominant sectors.<\/p>\n\n\n\n<h2 class=\"wp-block-heading\">Pourquoi les \u00e9tudes de march\u00e9 sur les aliments et boissons pour le d\u00e9jeuner sont-elles si importantes aujourd\u2019hui ?<\/h2>\n\n\n\n<p>Lunch holds substantial significance in the food industry. That\u2019s why diving into the lunch <a href=\"https:\/\/www.sisinternational.com\/fr\/competence\/les-industries\/etude-de-marche-sur-la-securite-alimentaire\/\" title=\"\u00c9tude de march\u00e9 sur la s\u00e9curit\u00e9 des aliments et des boissons\"  data-wpil-monitor-id=\"4304\">food and beverage market research<\/a> can provide vital insights, which are crucial for various stakeholders in this industry. Some of the most evident benefits of lunch <a href=\"https:\/\/www.sisinternational.com\/fr\/competence\/les-industries\/etude-de-marche-sur-les-additifs-pour-boissons-alimentaires\/\" title=\"\u00c9tude de march\u00e9 sur les additifs alimentaires et boissons\"  data-wpil-monitor-id=\"5802\">food and beverage market research<\/a> are as follows:<\/p>\n\n\n\n<ul class=\"wp-block-list\">\n<li><strong>Pr\u00e9vision des tendances\u00a0:<\/strong> Food trends evolve rapidly. By consistently engaging in lunch <a href=\"https:\/\/www.sisinternational.com\/fr\/competence\/les-industries\/etude-de-marche-sur-les-boissons-alimentaires-saines\/\" title=\"\u00c9tude de march\u00e9 sur les aliments et boissons sains\"  data-wpil-monitor-id=\"6020\">food and beverage market research<\/a>, businesses can stay ahead of the curve, predicting emerging trends and capitalizing on them before they become mainstream.<\/li>\n\n\n\n<li><strong>D\u00e9veloppement de produits et innovation\u00a0:<\/strong> Gr\u00e2ce aux informations issues des \u00e9tudes de march\u00e9, les entreprises alimentaires peuvent d\u00e9velopper de nouveaux produits ou modifier ceux existants pour r\u00e9pondre aux pr\u00e9f\u00e9rences changeantes des consommateurs, telles que la demande de repas \u00e0 base de plantes ou d&#039;options \u00e0 faible teneur en glucides.<\/li>\n\n\n\n<li><strong>Analyse comp\u00e9titive:<\/strong> Comprendre ce que proposent les concurrents, leurs strat\u00e9gies de prix et leurs techniques de marketing peut aider les entreprises \u00e0 trouver une proposition de vente unique et \u00e0 se positionner avantageusement.<\/li>\n\n\n\n<li><strong>Gestion de la cha\u00eene d&#039;approvisionnement:<\/strong> Les informations sur la demande des consommateurs peuvent aider les entreprises \u00e0 rationaliser leur cha\u00eene d&#039;approvisionnement, en garantissant qu&#039;elles disposent des ingr\u00e9dients et des produits appropri\u00e9s, disponibles au moment et \u00e0 l&#039;endroit o\u00f9 ils sont n\u00e9cessaires.<\/li>\n\n\n\n<li><strong>Commercialisation et promotion\u00a0:<\/strong> La connaissance du public cible, de ses pr\u00e9f\u00e9rences et de ses comportements peut \u00e9clairer les campagnes publicitaires, les rendant plus efficaces et adapt\u00e9es.<\/li>\n\n\n\n<li><strong>Expansion mondiale\u00a0:<\/strong> For businesses looking to expand into new regions or countries, lunch <a href=\"https:\/\/www.sisinternational.com\/fr\/competence\/cv-dexperience\/cv-dexperience-dans-lindustrie-des-boissons-de-restauration-rapide\/\" title=\"Exp\u00e9rience d\u2019\u00e9tude de march\u00e9 sur la restauration rapide et les boissons\"  data-wpil-monitor-id=\"6362\">food and beverage market research<\/a> can provide insights into local preferences, cultural nuances, and market dynamics.<\/li>\n\n\n\n<li><strong>Conformit\u00e9 r\u00e9glementaire\u00a0:<\/strong> Les \u00e9tudes de march\u00e9 peuvent mettre en \u00e9vidence les r\u00e9glementations et normes sp\u00e9cifiques \u00e0 une r\u00e9gion, garantissant ainsi que les entreprises restent conformes lorsqu&#039;elles lancent de nouveaux produits ou p\u00e9n\u00e8trent de nouveaux march\u00e9s.<\/li>\n<\/ul>\n\n\n\n<h2 class=\"wp-block-heading\">Tendances actuelles des \u00e9tudes de march\u00e9 sur les aliments et boissons pour le d\u00e9jeuner<\/h2>\n\n\n\n<p>The global landscape of food consumption is ever-evolving, influenced by shifts in consumer preferences, technological advancements, and societal changes. Here&#8217;s a look into some of the prevailing trends that have been highlighted in recent lunch food and <a href=\"https:\/\/www.sisinternational.com\/fr\/solutions\/etude-de-marche-sur-lindustrie-des-boissons-alimentaires\/etude-de-marche-sur-les-boissons-pretes-a-boire-pretes-a-boire\/\" title=\"\u00c9tude de march\u00e9 sur les boissons pr\u00eates \u00e0 boire (RTD)\"  data-wpil-monitor-id=\"11490\">\u00e9tude de march\u00e9 des boissons<\/a>:<\/p>\n\n\n\n<ul class=\"wp-block-list\">\n<li><strong>Focus sant\u00e9 et bien-\u00eatre\u00a0:<\/strong> \u00c0 mesure que les consommateurs sont de plus en plus soucieux de leur sant\u00e9, il existe une demande croissante pour des options de d\u00e9jeuner riches en nutriments et faibles en calories. Cela comprend les salades, les wraps et les repas riches en prot\u00e9ines et en grains entiers. La pression en faveur de la transparence dans l\u2019approvisionnement en ingr\u00e9dients et les informations nutritionnelles a \u00e9galement gagn\u00e9 du terrain.<\/li>\n\n\n\n<li><strong>Commodit\u00e9:<\/strong> Avec des modes de vie occup\u00e9s, de nombreux consommateurs se tournent vers les options de d\u00e9jeuner \u00e0 emporter, les kits repas et les plats pr\u00eats \u00e0 manger. Les produits pratiques sans compromettre le go\u00fbt ou la valeur nutritionnelle sont tr\u00e8s demand\u00e9s.<\/li>\n\n\n\n<li><strong>Saveurs mondiales et aliments ethniques\u00a0:<\/strong> \u00c0 mesure que les palais deviennent plus aventureux, la demande de cuisine internationale augmente. Les saveurs du Moyen-Orient, d\u2019Asie et d\u2019Am\u00e9rique latine, en particulier, deviennent de plus en plus courantes dans les offres de d\u00e9jeuner.<\/li>\n\n\n\n<li><strong>Personnalisation et personnalisation\u00a0:<\/strong> Les consommateurs d\u2019aujourd\u2019hui appr\u00e9cient la personnalisation. Qu\u2019il s\u2019agisse d\u2019options de repas \u00e0 composer soi-m\u00eame ou de marques r\u00e9pondant \u00e0 des besoins et pr\u00e9f\u00e9rences alimentaires sp\u00e9cifiques, la personnalisation est une tendance importante.<\/li>\n\n\n\n<li><strong>Aliments fonctionnels:<\/strong> Au-del\u00e0 du simple fait de satisfaire la faim, les d\u00e9jeuners offrant des bienfaits suppl\u00e9mentaires pour la sant\u00e9 gagnent en popularit\u00e9. Cela inclut les aliments enrichis en vitamines, en probiotiques ou ceux qui r\u00e9pondent \u00e0 des probl\u00e8mes de sant\u00e9 sp\u00e9cifiques, tels que les d\u00e9jeuners renfor\u00e7ant l&#039;immunit\u00e9 ou l&#039;\u00e9nergie.<\/li>\n\n\n\n<li><strong>Abordabilit\u00e9\u00a0:<\/strong> M\u00eame si les consommateurs sont pr\u00eats \u00e0 payer plus cher pour certaines fonctionnalit\u00e9s \u00e0 valeur ajout\u00e9e, le prix abordable reste un facteur crucial, en particulier dans certains segments du march\u00e9. Les offres de d\u00e9jeuner, les remises et les promotions restent des strat\u00e9gies efficaces pour de nombreuses marques.<\/li>\n<\/ul>\n\n\n\n<h2 class=\"wp-block-heading\">Opportunit\u00e9s dans les \u00e9tudes de march\u00e9 sur les aliments et les boissons pour le d\u00e9jeuner<\/h2>\n\n\n\n<p>Les \u00e9tudes de march\u00e9 sur les aliments et boissons pour le d\u00e9jeuner peuvent r\u00e9v\u00e9ler de multiples opportunit\u00e9s que les entreprises, les fabricants et les investisseurs peuvent exploiter. Ces opportunit\u00e9s peuvent conduire \u00e0 un meilleur positionnement sur le march\u00e9, \u00e0 une augmentation des flux de revenus et \u00e0 une croissance durable. Voici un aper\u00e7u de certains des domaines d\u2019opportunit\u00e9 potentiels\u00a0:<\/p>\n\n\n\n<ul class=\"wp-block-list\">\n<li><strong>Segmentation du march\u00e9 de niche\u00a0:<\/strong> \u00c0 mesure que les besoins et pr\u00e9f\u00e9rences alimentaires des consommateurs se diversifient, il existe une opportunit\u00e9 de r\u00e9pondre \u00e0 des march\u00e9s de niche tels que les d\u00e9jeuners c\u00e9tog\u00e8nes, les repas sans gluten ou les options halal et casher.<\/li>\n\n\n\n<li><strong>Mod\u00e8les d&#039;abonnement\u00a0:<\/strong> Le succ\u00e8s des bo\u00eetes d&#039;abonnement dans divers secteurs indique une opportunit\u00e9 potentielle dans le secteur de l&#039;alimentation du midi. Proposer des abonnements de d\u00e9jeuner hebdomadaires ou mensuels peut r\u00e9pondre aux besoins des professionnels occup\u00e9s, en leur offrant un m\u00e9lange de vari\u00e9t\u00e9 et de commodit\u00e9.<\/li>\n\n\n\n<li><strong>Int\u00e9gration technologique\u00a0:<\/strong> L&#039;int\u00e9gration de la technologie, que ce soit via des applications de commande mobiles, des programmes de fid\u00e9lit\u00e9 ou des suggestions de repas personnalis\u00e9es bas\u00e9es sur l&#039;IA, peut am\u00e9liorer l&#039;exp\u00e9rience client et augmenter les ventes.<\/li>\n\n\n\n<li><strong>Collaborations et partenariats\u00a0:<\/strong> Les marques peuvent collaborer avec des agriculteurs locaux, des chefs c\u00e9l\u00e8bres ou des influenceurs pour cr\u00e9er des offres de d\u00e9jeuner uniques ou pour promouvoir leurs produits aupr\u00e8s d&#039;un public plus large.<\/li>\n\n\n\n<li><strong>Expansion des services de livraison\u00a0:<\/strong> Avec l\u2019essor des applications et des services de livraison de nourriture, l\u2019\u00e9largissement des options de livraison peut aider les entreprises \u00e0 acc\u00e9der \u00e0 une client\u00e8le plus large, en particulier dans les zones urbaines et dens\u00e9ment peupl\u00e9es.<\/li>\n\n\n\n<li><strong>Focus sur le frais et le bio :<\/strong> L\u2019approvisionnement en ingr\u00e9dients locaux, frais et biologiques peut r\u00e9pondre \u00e0 la demande croissante des consommateurs pour des options de repas saines et durables.<\/li>\n\n\n\n<li><strong>Tourisme Culinaire et Saveurs du Monde :<\/strong> L\u2019exploration des cuisines et des saveurs internationales peut attirer les consommateurs \u00e0 la recherche d\u2019une exp\u00e9rience de d\u00e9jeuner in\u00e9dite. Les pop-ups, les offres \u00e0 dur\u00e9e limit\u00e9e ou les semaines de d\u00e9jeuner \u00e0 th\u00e8me peuvent \u00eatre des strat\u00e9gies efficaces.<\/li>\n\n\n\n<li><strong>Restauration interactive et exp\u00e9rientielle\u00a0:<\/strong> Au-del\u00e0 de la simple nourriture, l\u2019exp\u00e9rience culinaire compte. Les opportunit\u00e9s r\u00e9sident dans l&#039;offre d&#039;exp\u00e9riences de d\u00e9jeuner interactives, que ce soit via des stations de cuisine en direct, des kits de repas faits maison ou des atmosph\u00e8res engageantes en magasin.<\/li>\n\n\n\n<li><strong>\u00c9ducation et ateliers\u00a0:<\/strong> Proposer des ateliers, des cours de cuisine ou des s\u00e9ances d&#039;information sur la nutrition, les cuisines mondiales ou les techniques de cuisine peut renforcer l&#039;engagement et la fid\u00e9lit\u00e9 \u00e0 la marque.<\/li>\n\n\n\n<li><strong>Initiatives de durabilit\u00e9\u00a0:<\/strong> L\u2019adoption et la promotion de pratiques durables, de l\u2019approvisionnement \u00e0 la gestion des d\u00e9chets, peuvent trouver un \u00e9cho aupr\u00e8s des consommateurs soucieux de l\u2019environnement et am\u00e9liorer l\u2019image de marque.<\/li>\n<\/ul>","protected":false},"excerpt":{"rendered":"<p>Qu\u2019est-ce qui influence les choix de d\u00e9jeuner ? Habitude, culture, sant\u00e9 ou publicit\u00e9 ? Les \u00e9tudes de march\u00e9 sur les aliments et boissons pour le d\u00e9jeuner comprennent les diff\u00e9rentes pr\u00e9f\u00e9rences.<\/p>","protected":false},"author":1,"featured_media":63962,"parent":22018,"menu_order":364,"comment_status":"closed","ping_status":"closed","template":"","meta":{"footnotes":""},"class_list":["post-43429","page","type-page","status-publish","has-post-thumbnail"],"_links":{"self":[{"href":"https:\/\/www.sisinternational.com\/fr\/wp-json\/wp\/v2\/pages\/43429","targetHints":{"allow":["GET"]}}],"collection":[{"href":"https:\/\/www.sisinternational.com\/fr\/wp-json\/wp\/v2\/pages"}],"about":[{"href":"https:\/\/www.sisinternational.com\/fr\/wp-json\/wp\/v2\/types\/page"}],"author":[{"embeddable":true,"href":"https:\/\/www.sisinternational.com\/fr\/wp-json\/wp\/v2\/users\/1"}],"replies":[{"embeddable":true,"href":"https:\/\/www.sisinternational.com\/fr\/wp-json\/wp\/v2\/comments?post=43429"}],"version-history":[{"count":15,"href":"https:\/\/www.sisinternational.com\/fr\/wp-json\/wp\/v2\/pages\/43429\/revisions"}],"predecessor-version":[{"id":85098,"href":"https:\/\/www.sisinternational.com\/fr\/wp-json\/wp\/v2\/pages\/43429\/revisions\/85098"}],"up":[{"embeddable":true,"href":"https:\/\/www.sisinternational.com\/fr\/wp-json\/wp\/v2\/pages\/22018"}],"wp:featuredmedia":[{"embeddable":true,"href":"https:\/\/www.sisinternational.com\/fr\/wp-json\/wp\/v2\/media\/63962"}],"wp:attachment":[{"href":"https:\/\/www.sisinternational.com\/fr\/wp-json\/wp\/v2\/media?parent=43429"}],"curies":[{"name":"wp","href":"https:\/\/api.w.org\/{rel}","templated":true}]}}