{"id":43420,"date":"2023-09-19T15:06:46","date_gmt":"2023-09-19T19:06:46","guid":{"rendered":"https:\/\/www.sisinternational.com\/?page_id=43420"},"modified":"2026-03-12T13:25:14","modified_gmt":"2026-03-12T17:25:14","slug":"etude-de-marche-des-chefs-de-boissons-alimentaires","status":"publish","type":"page","link":"https:\/\/www.sisinternational.com\/fr\/solutions\/etude-de-marche-sur-lindustrie-des-boissons-alimentaires\/etude-de-marche-des-chefs-de-boissons-alimentaires\/","title":{"rendered":"\u00c9tude de march\u00e9 des chefs de cuisine et de boissons"},"content":{"rendered":"<h1 class=\"wp-block-heading\">\u00c9tude de march\u00e9 des chefs de cuisine et de boissons<\/h1>\n\n\n\n<figure class=\"gb-block-image gb-block-image-44d81b81\"><img loading=\"lazy\" decoding=\"async\" width=\"1456\" height=\"816\" class=\"gb-image gb-image-44d81b81\" src=\"https:\/\/www.sisinternational.com\/wp-content\/uploads\/2025\/08\/Food-taste-testing-3.jpg\" alt=\"\u00c9tudes de march\u00e9 et strat\u00e9gie internationales SIS\" title=\"Food taste testing (3)\" srcset=\"https:\/\/www.sisinternational.com\/wp-content\/uploads\/2025\/08\/Food-taste-testing-3.jpg 1456w, https:\/\/www.sisinternational.com\/wp-content\/uploads\/2025\/08\/Food-taste-testing-3-300x168.jpg 300w, https:\/\/www.sisinternational.com\/wp-content\/uploads\/2025\/08\/Food-taste-testing-3-1024x574.jpg 1024w, https:\/\/www.sisinternational.com\/wp-content\/uploads\/2025\/08\/Food-taste-testing-3-768x430.jpg 768w, https:\/\/www.sisinternational.com\/wp-content\/uploads\/2025\/08\/Food-taste-testing-3-18x10.jpg 18w\" sizes=\"auto, (max-width: 1456px) 100vw, 1456px\"><\/figure>\n\n\n\n<p><\/p>\n\n\n\n<p>\u00c0 une \u00e9poque o\u00f9 chaque bouch\u00e9e de nourriture peut \u00eatre un moment Instagrammable, l\u2019importance des chefs dans l\u2019industrie alimentaire s\u2019est amplifi\u00e9e de fa\u00e7on exponentielle. Ce ne sont plus de simples professionnels qui pr\u00e9parent nos repas mais se sont transform\u00e9s en influenceurs et cr\u00e9ateurs de tendances.<\/p>\n\n\n\n<p>That&#8217;s why food and beverage chef market research isn&#8217;t just about understanding the landscape where chefs operate; it delves into the heart of the culinary industry. From discerning the demand for specific cuisines, tracking the meteoric rise of chefs to celebrity status, to predicting the next big food trend \u2013 this research provides insights that go beyond just numbers. It <a class=\"wpil_keyword_link\" href=\"https:\/\/www.sisinternational.com\/fr\/competence\/les-industries\/etudes-de-marche-sur-les-peintures-les-revetements-et-les-encres-dimprimerie\/\"   title=\"\u00c9tudes de march\u00e9 sur les peintures, rev\u00eatements et encres d\u2019imprimerie\" data-wpil-keyword-link=\"linked\"  data-wpil-monitor-id=\"325\">paints<\/a> a picture of a world where food is both art and business.<\/p>\n\n\n\n<h2 class=\"wp-block-heading\">L\u2019importance de l\u2019\u00e9tude de march\u00e9 sur les chefs des aliments et des boissons dans le paysage commercial actuel<\/h2>\n\n\n\n<p>Today, food is an experience, an art, and sometimes even a movement. For this reason, the significance of understanding the world of chefs and culinary arts has never been greater \u2013 and <a href=\"https:\/\/www.sisinternational.com\/fr\/solutions\/etude-de-marche-sur-lindustrie-des-boissons-alimentaires\/\" title=\"\u00c9tude de march\u00e9 de l&#039;industrie alimentaire et des boissons\"  data-wpil-monitor-id=\"3634\">food and beverage chef market research<\/a> is the better tool to obtain insights into this industry. Here&#8217;s why:<\/p>\n\n\n\n<ul class=\"wp-block-list\">\n<li><strong>Attentes et pr\u00e9f\u00e9rences des consommateurs\u00a0:<\/strong> Today&#8217;s diners are informed, adventurous, and unique culinary experiences. By delving deep into <a href=\"https:\/\/www.sisinternational.com\/fr\/solutions\/innovation\/etude-de-marche-sur-lapprentissage-profond-2\/\" title=\"\u00c9tude de march\u00e9 sur l\u2019apprentissage profond\"  data-wpil-monitor-id=\"4772\">food and beverage chef market<\/a> research, restaurants, culinary schools, and even television producers can align their offerings with evolving consumer tastes and preferences, ensuring they remain relevant and competitive.<\/li>\n\n\n\n<li><strong>Prise de d\u00e9cision strat\u00e9gique\u00a0:<\/strong> Pour les parties prenantes telles que les restaurateurs, les administrateurs d\u2019\u00e9coles culinaires ou les fabricants de produits alimentaires, les d\u00e9cisions telles que les changements de menu, les offres de cours ou les lancements de produits sont importantes. Les \u00e9tudes de march\u00e9 sur les chefs de cuisine et de boissons fournissent les informations bas\u00e9es sur les donn\u00e9es n\u00e9cessaires pour prendre des d\u00e9cisions \u00e9clair\u00e9es, minimiser les risques et maximiser les rendements.<\/li>\n\n\n\n<li><strong>Comprendre les lacunes du march\u00e9\u00a0:<\/strong> Le monde culinaire \u00e9tant vaste et diversifi\u00e9, il existe toujours des niches ou des besoins non satisfaits \u00e0 d\u00e9couvrir. Une \u00e9tude de march\u00e9 compl\u00e8te sur les chefs de cuisine et de boissons peut mettre en \u00e9vidence ces lacunes, offrant ainsi des opportunit\u00e9s de nouvelles entreprises ou de diversification.<\/li>\n<\/ul>\n\n\n\n<h2 class=\"wp-block-heading\">Opportunit\u00e9s dans les \u00e9tudes de march\u00e9 sur les chefs de cuisine et de boissons<\/h2>\n\n\n\n<p>Les \u00e9tudes de march\u00e9 sur les chefs de cuisine et de boissons pr\u00e9sentent plusieurs opportunit\u00e9s prometteuses pour les entreprises souhaitant analyser cette industrie \u2013 et certaines des opportunit\u00e9s les plus importantes sont les suivantes :<\/p>\n\n\n\n<ul class=\"wp-block-list\">\n<li><strong>Cuisines et techniques \u00e9mergentes\u00a0:<\/strong> \u00c0 mesure que les fronti\u00e8res culinaires s\u2019estompent, on constate un int\u00e9r\u00eat croissant pour les cuisines r\u00e9gionales, souvent moins connues. La recherche de ces tendances \u00e9mergentes donne aux entreprises une chance d\u2019introduire et de populariser ces nouvelles saveurs. De plus, \u00e0 mesure que les chefs exp\u00e9rimentent de nouvelles techniques de cuisson, de la gastronomie mol\u00e9culaire aux m\u00e9thodes anciennes, les entreprises peuvent surfer sur ces vagues tr\u00e8s t\u00f4t.<\/li>\n\n\n\n<li><strong>Focus sant\u00e9 et bien-\u00eatre\u00a0:<\/strong> The global shift towards health and wellness means chefs are experimenting with ingredients that are nutritious without compromising on taste. Food and beverage chef market <a href=\"https:\/\/www.sisinternational.com\/fr\/solutions\/etude-de-marche-des-produits-de-beaute\/etude-de-marche-sur-les-soins-de-la-peau-aux-superaliments\/\" title=\"\u00c9tude de march\u00e9 sur les soins de la peau aux superaliments\"  data-wpil-monitor-id=\"6519\">recherche<\/a> in this area can reveal insights about popular superfoods, dietary needs, and how chefs incorporate these into gourmet experiences. This offers opportunities for suppliers, nutritionists, and restaurants alike.<\/li>\n\n\n\n<li><strong>Tourisme Culinaire :<\/strong> Aujourd\u2019hui, voyager est autant une question de d\u00e9gustation que de vision. Comprendre ce que proposent les chefs, en particulier dans les destinations culinaires renomm\u00e9es, peut aider les entreprises de voyages et d&#039;h\u00f4tellerie \u00e0 concevoir des forfaits, des exp\u00e9riences et des promotions adapt\u00e9s aux voyageurs exigeants.<\/li>\n\n\n\n<li><strong>Durabilit\u00e9 et consommation \u00e9thique\u00a0:<\/strong> Avec l\u2019accent croissant mis sur la durabilit\u00e9, il existe une opportunit\u00e9 de rechercher et de comprendre comment les chefs s\u2019approvisionnent en ingr\u00e9dients, r\u00e9duisent les d\u00e9chets et soutiennent les producteurs locaux. Les informations dans ce domaine peuvent guider les entreprises dans l\u2019alignement de leurs pratiques sur des normes \u00e9thiques et durables, une demande croissante des consommateurs.<\/li>\n\n\n\n<li><strong>Exp\u00e9riences culinaires personnalis\u00e9es\u00a0:<\/strong> Personalized dining experiences such as chef&#8217;s table events, personalized menu creation, or interactive cooking sessions are gaining traction. <a href=\"https:\/\/www.sisinternational.com\/fr\/competence\/cv-dexperience\/cv-dexperience-dans-lindustrie-des-boissons-de-restauration-rapide\/\" title=\"Exp\u00e9rience d\u2019\u00e9tude de march\u00e9 sur la restauration rapide et les boissons\"  data-wpil-monitor-id=\"6349\">Food and beverage chef market research<\/a> can shed light on what customers value in these experiences, offering restaurants and chefs avenues to innovate and elevate their offerings.<\/li>\n\n\n\n<li><strong>Technologies de cuisine en \u00e9volution\u00a0:<\/strong> \u00c0 mesure que la technologie fait son chemin dans la cuisine, des appareils intelligents aux suggestions de recettes bas\u00e9es sur l&#039;IA, comprendre comment les chefs interagissent avec ces technologies et les exploitent peut offrir aux entreprises un aper\u00e7u du d\u00e9veloppement et du raffinement des produits.<\/li>\n\n\n\n<li><strong>Pr\u00e9sence en ligne et dans les m\u00e9dias\u00a0:<\/strong> La mont\u00e9e en puissance des chefs influenceurs, des podcasts culinaires, des cha\u00eenes de cuisine YouTube et d&#039;autres plateformes num\u00e9riques pr\u00e9sente une opportunit\u00e9 unique. La recherche du comportement en ligne, des pr\u00e9f\u00e9rences et des strat\u00e9gies de contenu des chefs peut fournir une feuille de route aux entreprises cherchant \u00e0 collaborer, \u00e0 faire de la publicit\u00e9 ou \u00e0 \u00e9tablir une pr\u00e9sence num\u00e9rique dans le monde culinaire.<\/li>\n\n\n\n<li><strong>Instituts d&#039;enseignement et de formation\u00a0:<\/strong> Avec une sc\u00e8ne culinaire en constante \u00e9volution, les chefs ont constamment besoin de mettre \u00e0 jour leurs comp\u00e9tences. Les \u00e9tudes de march\u00e9 sur les chefs cuisiniers en restauration peuvent identifier les lacunes des offres \u00e9ducatives actuelles, conduisant au d\u00e9veloppement de cours ou d&#039;ateliers sp\u00e9cialis\u00e9s r\u00e9pondant aux demandes culinaires modernes.<\/li>\n<\/ul>\n\n\n\n<h2 class=\"wp-block-heading\">D\u00e9fis des \u00e9tudes de march\u00e9 sur les chefs de cuisine et de boissons<\/h2>\n\n\n\n<p>Mener des recherches dans le monde culinaire dynamique peut \u00eatre aussi difficile que gratifiant. Voici un aper\u00e7u approfondi de certains des obstacles rencontr\u00e9s lors de l\u2019\u00e9tude du march\u00e9 des chefs de cuisine et de boissons\u00a0:<\/p>\n\n\n\n<ul class=\"wp-block-list\">\n<li><strong>Go\u00fbts et pr\u00e9f\u00e9rences en \u00e9volution\u00a0:<\/strong> Le monde culinaire est marqu\u00e9 par des go\u00fbts en \u00e9volution rapide, influenc\u00e9s par les \u00e9changes culturels, les voyages et les m\u00e9dias. Suivre ces pr\u00e9f\u00e9rences en \u00e9volution rapide n\u00e9cessite des recherches continues et peut constituer un d\u00e9fi pour les entreprises qui tentent de garder une longueur d&#039;avance.<\/li>\n\n\n\n<li><strong>Subjectivit\u00e9 du go\u00fbt\u00a0:<\/strong> La nourriture et la saveur sont intrins\u00e8quement subjectives. Ce qui peut plaire \u00e0 une personne peut ne pas l\u2019\u00eatre pour une autre. Cette subjectivit\u00e9 peut rendre difficile la conclusion g\u00e9n\u00e9rale \u00e0 partir des donn\u00e9es de recherche. Trouver un \u00e9quilibre entre r\u00e9pondre aux go\u00fbts populaires et introduire de nouvelles saveurs est un d\u00e9fi constant.<\/li>\n\n\n\n<li><strong>Paysage hautement comp\u00e9titif\u00a0:<\/strong> L\u2019industrie alimentaire, en particulier les secteurs dirig\u00e9s par des chefs, est incroyablement comp\u00e9titive. Avec l\u2019arriv\u00e9e de nombreux chefs et experts culinaires, identifier des tendances v\u00e9ritablement r\u00e9volutionnaires ou des propositions de vente uniques peut s\u2019av\u00e9rer intimidant.<\/li>\n\n\n\n<li><strong>Acc\u00e8s aux informations authentiques\u00a0:<\/strong> Les chefs, en particulier ceux au sommet de leur art, peuvent prot\u00e9ger leurs techniques, leurs fournisseurs et leurs ingr\u00e9dients secrets. Obtenir des informations authentiques peut s\u2019av\u00e9rer difficile, car tous les chefs ou institutions culinaires ne sont pas forc\u00e9ment dispos\u00e9s \u00e0 partager des informations d\u00e9taill\u00e9es.<\/li>\n\n\n\n<li><strong>Pr\u00e9occupations \u00e9conomiques et environnementales\u00a0:<\/strong> Avec des \u00e9v\u00e9nements mondiaux tels que les ralentissements \u00e9conomiques ou les crises environnementales, les habitudes et les pr\u00e9f\u00e9rences des consommateurs en mati\u00e8re de d\u00e9penses peuvent changer. La recherche dans des conditions aussi volatiles n\u00e9cessite une approche nuanc\u00e9e pour pr\u00e9dire les tendances \u00e0 long terme.<\/li>\n\n\n\n<li><strong>Tendances \u00e9ph\u00e9m\u00e8res vs changements durables\u00a0:<\/strong> Il est essentiel de faire la diff\u00e9rence entre une tendance alimentaire \u00e9ph\u00e9m\u00e8re et un changement plus profond et durable dans le paysage culinaire. Investir du temps et des ressources dans des modes \u00e9ph\u00e9m\u00e8res peut d\u00e9tourner l\u2019attention de changements plus percutants et plus durables.<\/li>\n<\/ul>\n\n\n\n<h2 class=\"wp-block-heading\">Perspectives futures de l\u2019\u00e9tude de march\u00e9 sur les chefs de cuisine et de boissons<\/h2>\n\n\n\n<p>Le secteur de l&#039;alimentation et de la gastronomie a connu des changements radicaux au cours des derni\u00e8res d\u00e9cennies. Sur la base des tendances actuelles mises en \u00e9vidence dans les \u00e9tudes de march\u00e9 sur les chefs de cuisine et de restauration, voici une exploration des orientations futures possibles pour le march\u00e9 des chefs de cuisine et de restauration\u00a0:<\/p>\n\n\n\n<ul class=\"wp-block-list\">\n<li><strong>Cuisine fusion mondiale\u00a0:<\/strong> \u00c0 mesure que la mondialisation s\u2019intensifie, les chefs m\u00e9langent de plus en plus de techniques et d\u2019ingr\u00e9dients issus de plusieurs cultures. On s&#039;attend \u00e0 voir des plats fusion encore plus innovants qui rassemblent des saveurs du monde entier.<\/li>\n\n\n\n<li><strong>Sant\u00e9 et bien-\u00eatre:<\/strong> Le mouvement du bien-\u00eatre est l\u00e0 pour rester. Les chefs cr\u00e9eront probablement davantage de plats non seulement d\u00e9licieux, mais r\u00e9pondant \u00e9galement \u00e0 divers besoins alimentaires et probl\u00e8mes de sant\u00e9, des options sans gluten aux plats con\u00e7us pour la sant\u00e9 intestinale.<\/li>\n\n\n\n<li><strong>Exp\u00e9riences de chefs directement aupr\u00e8s des consommateurs\u00a0:<\/strong> Avec l\u2019essor des plateformes comme Patreon ou des blogs personnels, les chefs pourraient proposer des exp\u00e9riences plus directes aux consommateurs. Cela peut inclure des cours de cuisine en ligne, la cr\u00e9ation de recettes sur mesure ou du contenu culinaire organis\u00e9.<\/li>\n\n\n\n<li><strong>Exp\u00e9riences culinaires personnalis\u00e9es\u00a0:<\/strong> En tirant parti de l\u2019analyse des donn\u00e9es et de l\u2019IA, les chefs pourraient proposer des exp\u00e9riences culinaires plus personnalis\u00e9es. Cela peut aller de plats adapt\u00e9s aux besoins nutritionnels individuels \u00e0 des repas r\u00e9pondant \u00e0 des profils de saveurs personnels.<\/li>\n\n\n\n<li><strong>Renaissance de la cuisine traditionnelle\u00a0:<\/strong> M\u00eame si l\u2019avenir est une question d\u2019innovation, les m\u00e9thodes de cuisson traditionnelles et les recettes ancestrales sont \u00e9galement de plus en plus appr\u00e9ci\u00e9es. Les chefs pourraient approfondir leurs racines culinaires, apportant des recettes et des techniques anciennes aux convives modernes.<\/li>\n\n\n\n<li><strong>Repas interactif\u00a0:<\/strong> L\u2019exp\u00e9rience culinaire du futur pourrait \u00eatre plus interactive. Cela pourrait impliquer que les chefs interagissent avec les convives via des exp\u00e9riences de r\u00e9alit\u00e9 augment\u00e9e, des affichages de tables interactifs ou m\u00eame que les convives participent au processus de cuisson.<\/li>\n<\/ul>","protected":false},"excerpt":{"rendered":"<p>Comprendre le monde des arts culinaires est crucial. La r\u00e9alisation d\u2019\u00e9tudes de march\u00e9 sur les chefs des aliments et des boissons fournit des informations pr\u00e9cieuses sur l\u2019industrie.<\/p>","protected":false},"author":1,"featured_media":64706,"parent":22018,"menu_order":362,"comment_status":"closed","ping_status":"closed","template":"","meta":{"footnotes":""},"class_list":["post-43420","page","type-page","status-publish","has-post-thumbnail"],"_links":{"self":[{"href":"https:\/\/www.sisinternational.com\/fr\/wp-json\/wp\/v2\/pages\/43420","targetHints":{"allow":["GET"]}}],"collection":[{"href":"https:\/\/www.sisinternational.com\/fr\/wp-json\/wp\/v2\/pages"}],"about":[{"href":"https:\/\/www.sisinternational.com\/fr\/wp-json\/wp\/v2\/types\/page"}],"author":[{"embeddable":true,"href":"https:\/\/www.sisinternational.com\/fr\/wp-json\/wp\/v2\/users\/1"}],"replies":[{"embeddable":true,"href":"https:\/\/www.sisinternational.com\/fr\/wp-json\/wp\/v2\/comments?post=43420"}],"version-history":[{"count":10,"href":"https:\/\/www.sisinternational.com\/fr\/wp-json\/wp\/v2\/pages\/43420\/revisions"}],"predecessor-version":[{"id":80102,"href":"https:\/\/www.sisinternational.com\/fr\/wp-json\/wp\/v2\/pages\/43420\/revisions\/80102"}],"up":[{"embeddable":true,"href":"https:\/\/www.sisinternational.com\/fr\/wp-json\/wp\/v2\/pages\/22018"}],"wp:featuredmedia":[{"embeddable":true,"href":"https:\/\/www.sisinternational.com\/fr\/wp-json\/wp\/v2\/media\/64706"}],"wp:attachment":[{"href":"https:\/\/www.sisinternational.com\/fr\/wp-json\/wp\/v2\/media?parent=43420"}],"curies":[{"name":"wp","href":"https:\/\/api.w.org\/{rel}","templated":true}]}}