{"id":43411,"date":"2023-09-19T09:57:51","date_gmt":"2023-09-19T13:57:51","guid":{"rendered":"https:\/\/www.sisinternational.com\/?page_id=43411"},"modified":"2026-03-12T20:02:22","modified_gmt":"2026-03-13T00:02:22","slug":"etude-de-marche-sur-la-perte-de-poids-des-aliments-dietetiques","status":"publish","type":"page","link":"https:\/\/www.sisinternational.com\/fr\/solutions\/etude-de-marche-sur-lindustrie-des-boissons-alimentaires\/etude-de-marche-sur-la-perte-de-poids-des-aliments-dietetiques\/","title":{"rendered":"\u00c9tude de march\u00e9 sur les aliments di\u00e9t\u00e9tiques et la perte de poids"},"content":{"rendered":"<h1 class=\"wp-block-heading\">\u00c9tude de march\u00e9 sur les aliments di\u00e9t\u00e9tiques et la perte de poids<\/h1>\n\n\n\n<figure class=\"gb-block-image gb-block-image-790eeeee\"><img loading=\"lazy\" decoding=\"async\" width=\"1456\" height=\"816\" class=\"gb-image gb-image-790eeeee\" src=\"https:\/\/www.sisinternational.com\/wp-content\/uploads\/2025\/08\/Organic-food-3.jpg\" alt=\"\u00c9tudes de march\u00e9 et strat\u00e9gie internationales SIS\" title=\"Organic food (3)\" srcset=\"https:\/\/www.sisinternational.com\/wp-content\/uploads\/2025\/08\/Organic-food-3.jpg 1456w, https:\/\/www.sisinternational.com\/wp-content\/uploads\/2025\/08\/Organic-food-3-300x168.jpg 300w, https:\/\/www.sisinternational.com\/wp-content\/uploads\/2025\/08\/Organic-food-3-1024x574.jpg 1024w, https:\/\/www.sisinternational.com\/wp-content\/uploads\/2025\/08\/Organic-food-3-768x430.jpg 768w, https:\/\/www.sisinternational.com\/wp-content\/uploads\/2025\/08\/Organic-food-3-18x10.jpg 18w\" sizes=\"auto, (max-width: 1456px) 100vw, 1456px\"><\/figure>\n\n\n\n<p><\/p>\n\n\n\n<p>\u00c0 une \u00e9poque o\u00f9 la conscience de la sant\u00e9 et la positivit\u00e9 corporelle ne sont pas seulement des mots \u00e0 la mode mais aussi des aspects cl\u00e9s de la culture moderne, l\u2019industrie mondiale des aliments di\u00e9t\u00e9tiques et de la perte de poids a connu une croissance substantielle. Il met en \u00e9vidence un changement plus large dans les valeurs soci\u00e9tales, mettant l&#039;accent sur le bien-\u00eatre et la long\u00e9vit\u00e9 \u2013 et avec une gamme de produits et de services disponibles, allant des aliments di\u00e9t\u00e9tiques aux programmes complets de perte de poids, comprendre le paysage complexe de ce march\u00e9 devient imp\u00e9ratif pour les parties prenantes qui souhaitent prosp\u00e9rer. .<\/p>\n\n\n\n<p>Les \u00e9tudes de march\u00e9 sur les aliments di\u00e9t\u00e9tiques et la perte de poids offrent un aper\u00e7u d\u00e9taill\u00e9 de cet \u00e9cosyst\u00e8me en \u00e9volution, d\u00e9cryptant les pr\u00e9f\u00e9rences des consommateurs, les tendances de l\u2019industrie et la dynamique qui fa\u00e7onne son avenir. Gr\u00e2ce \u00e0 cette recherche, les entreprises peuvent adapter leurs offres, en s&#039;assurant qu&#039;elles r\u00e9pondent non seulement aux demandes du march\u00e9, mais qu&#039;elles s&#039;alignent \u00e9galement sur les consid\u00e9rations \u00e9thiques et scientifiques qui sous-tendent cette industrie.<\/p>\n\n\n\n<h2 class=\"wp-block-heading\">Avantages de l\u2019\u00e9tude de march\u00e9 sur les aliments di\u00e9t\u00e9tiques et la perte de poids<\/h2>\n\n\n\n<p>The diet and weight loss sector is one of the most evolving and dynamic industries. With trends constantly changing and new methodologies for weight management emerging frequently, understanding the market becomes essential. Consequently, investing in <a href=\"https:\/\/www.sisinternational.com\/fr\/couverture\/etude-de-marche-en-asie\/etude-de-marche-krong-siem-reap\/\" title=\"Etude de march\u00e9 \u00e0 Krong Siem Reap\"  data-wpil-monitor-id=\"3301\">market research within this domain can reap<\/a> numerous benefits, such as:<\/p>\n\n\n\n<ul class=\"wp-block-list\">\n<li><strong>D\u00e9cisions commerciales \u00e9clair\u00e9es\u00a0:<\/strong> Diet food and weight <a href=\"https:\/\/www.sisinternational.com\/fr\/competence\/les-industries\/etude-de-marche-sur-la-perte-auditive\/\" title=\"\u00c9tude de march\u00e9 sur la perte auditive\u00a0 \u00a0\"  data-wpil-monitor-id=\"3357\">loss market research<\/a> provides a solid foundation of data-driven insights, allowing businesses to make informed decisions. Whether it&#8217;s about launching a new product, rebranding an existing one, or venturing into new territories, a well-researched understanding can significantly reduce risks.<\/li>\n\n\n\n<li><strong>Comprendre les pr\u00e9f\u00e9rences des consommateurs\u00a0:<\/strong> Avec l\u2019\u00e9volution rapide des tendances en mati\u00e8re de r\u00e9gime alimentaire \u2013 du r\u00e9gime pauvre en glucides au r\u00e9gime pal\u00e9o en passant par le je\u00fbne intermittent \u2013 les entreprises doivent se tenir au courant des pr\u00e9f\u00e9rences de leur public cible. Les \u00e9tudes de march\u00e9 sur les aliments di\u00e9t\u00e9tiques et la perte de poids clarifient ces pr\u00e9f\u00e9rences, permettant ainsi aux entreprises de r\u00e9pondre efficacement \u00e0 leur public.<\/li>\n\n\n\n<li><strong>Avantage comp\u00e9titif:<\/strong> En comprenant les nuances du march\u00e9, les difficult\u00e9s des consommateurs et les besoins non satisfaits, les entreprises peuvent se positionner de mani\u00e8re unique et proposer des solutions qui les distinguent.<\/li>\n\n\n\n<li><strong>Pr\u00e9dire les tendances futures\u00a0:<\/strong> L\u2019industrie de l\u2019alimentation et de la perte de poids est influenc\u00e9e par une multitude de facteurs : progr\u00e8s technologiques, soutien de c\u00e9l\u00e9brit\u00e9s, d\u00e9couvertes scientifiques, etc. Les \u00e9tudes de march\u00e9 sur les aliments di\u00e9t\u00e9tiques et la perte de poids peuvent aider les entreprises \u00e0 anticiper les tendances \u00e0 venir, en s\u2019assurant qu\u2019elles ont toujours une longueur d\u2019avance.<\/li>\n\n\n\n<li><strong>Strat\u00e9gies marketing optimis\u00e9es\u00a0:<\/strong> With insights into what resonates with the audience, businesses can craft marketing messages that are more impactful, knowing what the consumer values according to <a href=\"https:\/\/www.sisinternational.com\/fr\/la-base-neurobiologique-du-choix-du-consommateur\/\" title=\"\u00c9tude de march\u00e9 sur le neuromarketing grand public\"  data-wpil-monitor-id=\"6964\">diet food and weight loss market<\/a> research.<\/li>\n\n\n\n<li><strong>Conformit\u00e9 r\u00e9glementaire\u00a0:<\/strong> L\u2019industrie de l\u2019alimentation et de la perte de poids est soumise \u00e0 une r\u00e9glementation stricte en raison de l\u2019impact direct des produits et services sur la sant\u00e9 humaine. Les \u00e9tudes de march\u00e9 sur les aliments di\u00e9t\u00e9tiques et la perte de poids peuvent fournir des informations sur les changements et les tendances r\u00e9glementaires, garantissant ainsi que les entreprises restent conformes et \u00e9vitent les pi\u00e8ges juridiques potentiels.<\/li>\n\n\n\n<li><strong>Attraction des investissements\u00a0:<\/strong> Pour les entreprises \u00e0 la recherche de financements externes ou de partenariats, d\u00e9montrer une compr\u00e9hension approfondie du march\u00e9 peut \u00eatre un atout non n\u00e9gligeable. Cela signale aux investisseurs et aux partenaires que l\u2019entreprise conna\u00eet le paysage industriel et est positionn\u00e9e pour r\u00e9ussir.<\/li>\n<\/ul>\n\n\n\n<h2 class=\"wp-block-heading\">Acteurs cl\u00e9s du march\u00e9 des aliments di\u00e9t\u00e9tiques et de la perte de poids<\/h2>\n\n\n\n<figure class=\"gb-block-image gb-block-image-b4fd14bb\"><img loading=\"lazy\" decoding=\"async\" width=\"1456\" height=\"816\" class=\"gb-image gb-image-b4fd14bb\" src=\"https:\/\/www.sisinternational.com\/wp-content\/uploads\/2025\/08\/Organic-food-4.jpg\" alt=\"\u00c9tudes de march\u00e9 et strat\u00e9gie internationales SIS\" title=\"Organic food (4)\" srcset=\"https:\/\/www.sisinternational.com\/wp-content\/uploads\/2025\/08\/Organic-food-4.jpg 1456w, https:\/\/www.sisinternational.com\/wp-content\/uploads\/2025\/08\/Organic-food-4-300x168.jpg 300w, https:\/\/www.sisinternational.com\/wp-content\/uploads\/2025\/08\/Organic-food-4-1024x574.jpg 1024w, https:\/\/www.sisinternational.com\/wp-content\/uploads\/2025\/08\/Organic-food-4-768x430.jpg 768w, https:\/\/www.sisinternational.com\/wp-content\/uploads\/2025\/08\/Organic-food-4-18x10.jpg 18w\" sizes=\"auto, (max-width: 1456px) 100vw, 1456px\"><\/figure>\n\n\n\n<p><\/p>\n\n\n\n<p>Ces derni\u00e8res ann\u00e9es, l\u2019industrie des aliments di\u00e9t\u00e9tiques et de la perte de poids a connu un afflux de marques et d\u2019entreprises visant \u00e0 r\u00e9pondre aux besoins des consommateurs soucieux de leur sant\u00e9. Ces acteurs cl\u00e9s ont \u00e9tabli la r\u00e9f\u00e9rence, non seulement en termes d&#039;innovation de produits, mais \u00e9galement dans leurs strat\u00e9gies de marketing et de sensibilisation.<\/p>\n\n\n\n<h3 class=\"wp-block-heading\">Un bref aper\u00e7u de quelques-uns des principaux acteurs\u00a0:<\/h3>\n\n\n\n<ul class=\"wp-block-list\">\n<li><strong>Weight Watchers (WW):<\/strong> Un pilier de l&#039;industrie, WW est pass\u00e9e d&#039;un simple programme de perte de poids \u00e0 une marque de sant\u00e9 et de bien-\u00eatre holistique. Avec son syst\u00e8me de points, son coaching personnalis\u00e9 et sa gamme de produits alimentaires, elle reste l&#039;une des marques les plus reconnues au monde.<\/li>\n\n\n\n<li><strong>Nutrisyst\u00e8me\u00a0:<\/strong> Sp\u00e9cialis\u00e9e dans les repas en portions contr\u00f4l\u00e9es, \u00e0 la fois savoureux et \u00e9quilibr\u00e9s sur le plan nutritionnel, Nutrisystem propose une vari\u00e9t\u00e9 de plans de repas adapt\u00e9s aux besoins individuels, des diab\u00e9tiques aux v\u00e9g\u00e9tariens.<\/li>\n\n\n\n<li><strong>Produits nutritionnels Atkins\u00a0:<\/strong> Pionnier dans la promotion du r\u00e9gime pauvre en glucides, Atkins propose une gamme de produits allant des barres-collations aux shakes qui correspondent \u00e0 sa philosophie de restriction des glucides.<\/li>\n\n\n\n<li><strong>Herbalife\u00a0:<\/strong> Entreprise mondiale de nutrition, la gamme d&#039;Herbalife s&#039;\u00e9tend des boissons prot\u00e9in\u00e9es et des collations aux vitamines. Leur structure de marketing \u00e0 plusieurs niveaux a assur\u00e9 une vaste port\u00e9e dans diff\u00e9rentes r\u00e9gions.<\/li>\n\n\n\n<li><strong>SlimFast\u00a0:<\/strong> Connue pour ses shakes substituts de repas, SlimFast a \u00e9largi sa gamme pour inclure des collations, des smoothies et des produits de boulangerie, tous con\u00e7us pour favoriser la perte de poids.<\/li>\n<\/ul>\n\n\n\n<h2 class=\"wp-block-heading\">Tendances actuelles des \u00e9tudes de march\u00e9 sur les aliments di\u00e9t\u00e9tiques et la perte de poids<\/h2>\n\n\n\n<p>Les \u00e9tudes de march\u00e9 sur les aliments di\u00e9t\u00e9tiques et la perte de poids \u00e9voluent, sous l\u2019effet des changements de comportement des consommateurs, des progr\u00e8s de la science nutritionnelle et des technologies \u00e9mergentes \u2013 et ont mis en \u00e9vidence plusieurs tendances actuelles qui fa\u00e7onnent l\u2019industrie, telles que\u00a0:<\/p>\n\n\n\n<ul class=\"wp-block-list\">\n<li><strong>Nutrition personnalis\u00e9e\u00a0:<\/strong> Les tests g\u00e9n\u00e9tiques et microbiologiques avanc\u00e9s offrent d\u00e9sormais un aper\u00e7u de la fa\u00e7on dont le corps peut r\u00e9agir \u00e0 diff\u00e9rents aliments et nutriments. Les marques proposent de plus en plus de plans alimentaires personnalis\u00e9s, de suppl\u00e9ments et de conseils bas\u00e9s sur la biologie unique de chaque individu.<\/li>\n\n\n\n<li><strong>Alimentation v\u00e9g\u00e9tale et saine\u00a0:<\/strong> Il existe une demande accrue d\u2019aliments di\u00e9t\u00e9tiques v\u00e9g\u00e9tariens et v\u00e9g\u00e9taliens \u00e0 mesure que les consommateurs deviennent plus soucieux de leur sant\u00e9 et de leur environnement. Beaucoup se tournent vers des aliments peu transform\u00e9s, avec des \u00e9tiquettes claires montrant des ingr\u00e9dients naturels.<\/li>\n\n\n\n<li><strong>Int\u00e9gration technologique\u00a0:<\/strong> Des appareils de fitness portables aux applications qui surveillent la consommation alimentaire, le sommeil et l\u2019exercice, la technologie joue un r\u00f4le central dans la gestion moderne du poids. Les entra\u00eenements en r\u00e9alit\u00e9 virtuelle et les robots de conseils di\u00e9t\u00e9tiques bas\u00e9s sur l\u2019IA sont des ajouts de pointe \u00e0 cette tendance.<\/li>\n\n\n\n<li><strong>R\u00e9gimes c\u00e9to et faibles en glucides\u00a0:<\/strong> Les r\u00e9gimes pauvres en glucides, en particulier le r\u00e9gime c\u00e9tog\u00e8ne, ont acquis une immense popularit\u00e9. L\u2019accent mis sur les graisses comme principale source d\u2019\u00e9nergie et la r\u00e9duction de l\u2019apport en glucides ont \u00e9t\u00e9 salu\u00e9s par beaucoup pour leur perte de poids et leurs avantages cognitifs.<\/li>\n\n\n\n<li><strong>Bien-\u00eatre mental et sant\u00e9 holistique\u00a0:<\/strong> Il est de plus en plus reconnu que la sant\u00e9 mentale et le bien-\u00eatre \u00e9motionnel font partie int\u00e9grante de la perte et de la gestion du poids. Les marques et les programmes int\u00e8grent des composants de pleine conscience, de m\u00e9ditation et de soutien \u00e9motionnel dans leurs offres.<\/li>\n<\/ul>\n\n\n\n<h2 class=\"wp-block-heading\">Opportunit\u00e9s dans les \u00e9tudes de march\u00e9 sur les aliments di\u00e9t\u00e9tiques et la perte de poids<\/h2>\n\n\n\n<figure class=\"gb-block-image gb-block-image-71d2654a\"><img loading=\"lazy\" decoding=\"async\" width=\"1456\" height=\"816\" class=\"gb-image gb-image-71d2654a\" src=\"https:\/\/www.sisinternational.com\/wp-content\/uploads\/2025\/08\/Organic-food-2.jpg\" alt=\"\u00c9tudes de march\u00e9 et strat\u00e9gie internationales SIS\" title=\"Organic food (2)\" srcset=\"https:\/\/www.sisinternational.com\/wp-content\/uploads\/2025\/08\/Organic-food-2.jpg 1456w, https:\/\/www.sisinternational.com\/wp-content\/uploads\/2025\/08\/Organic-food-2-300x168.jpg 300w, https:\/\/www.sisinternational.com\/wp-content\/uploads\/2025\/08\/Organic-food-2-1024x574.jpg 1024w, https:\/\/www.sisinternational.com\/wp-content\/uploads\/2025\/08\/Organic-food-2-768x430.jpg 768w, https:\/\/www.sisinternational.com\/wp-content\/uploads\/2025\/08\/Organic-food-2-18x10.jpg 18w\" sizes=\"auto, (max-width: 1456px) 100vw, 1456px\"><\/figure>\n\n\n\n<p><\/p>\n\n\n\n<p>L\u2019industrie des aliments di\u00e9t\u00e9tiques et de la perte de poids est vaste et de multiples opportunit\u00e9s se pr\u00e9sentent rapidement. Explorer ces opportunit\u00e9s peut conduire \u00e0 la d\u00e9couverte de segments de march\u00e9 inexploit\u00e9s, de produits innovants et de besoins uniques des consommateurs\u00a0:<\/p>\n\n\n\n<ul class=\"wp-block-list\">\n<li><strong>\u00c9mergence de r\u00e9gimes de niche\u00a0:<\/strong> \u00c0 mesure que l\u2019on comprend mieux les besoins et les pr\u00e9f\u00e9rences alimentaires de chacun, les r\u00e9gimes de niche tels que les r\u00e9gimes pal\u00e9o, m\u00e9diterran\u00e9ens, v\u00e9g\u00e9taliens c\u00e9to et pescatarien gagnent en popularit\u00e9. Cette diversification cr\u00e9e des opportunit\u00e9s pour des produits et services sp\u00e9cialis\u00e9s adapt\u00e9s \u00e0 ces pr\u00e9f\u00e9rences alimentaires sp\u00e9cifiques.<\/li>\n\n\n\n<li><strong>Int\u00e9gration de technologies avanc\u00e9es\u00a0:<\/strong> Avec l\u2019essor des appareils portables, des appareils intelligents et des plateformes bas\u00e9es sur l\u2019IA, les entreprises peuvent introduire des produits innovants qui aident les consommateurs \u00e0 surveiller leur apport alimentaire, \u00e0 fournir des commentaires en temps r\u00e9el ou m\u00eame \u00e0 proposer une planification de repas personnalis\u00e9e bas\u00e9e sur les donn\u00e9es collect\u00e9es.<\/li>\n\n\n\n<li><strong>Retraites d&#039;alimentation consciente et de bien-\u00eatre\u00a0:<\/strong> L\u2019accent mis sur le bien-\u00eatre mental a ouvert la voie \u00e0 des retraites de bien-\u00eatre combinant r\u00e9gime alimentaire, pratiques de pleine conscience et vie holistique. Ces retraites offrent une \u00e9vasion du quotidien et enseignent aux participants comment mener une vie \u00e9quilibr\u00e9e.<\/li>\n\n\n\n<li><strong>Gammes de produits durables\u00a0:<\/strong> Les consommateurs \u00e9thiques et soucieux de l\u2019environnement recherchent des options alimentaires di\u00e9t\u00e9tiques durables, ce qui signifie qu\u2019il existe une opportunit\u00e9 d\u2019introduire des gammes de produits donnant la priorit\u00e9 aux emballages respectueux de l\u2019environnement, aux ingr\u00e9dients d\u2019origine v\u00e9g\u00e9tale et \u00e0 l\u2019approvisionnement durable.<\/li>\n\n\n\n<li><strong>Services d&#039;abonnement et livraison \u00e0 domicile\u00a0:<\/strong> Gr\u00e2ce \u00e0 la commodit\u00e9 du commerce \u00e9lectronique, les bo\u00eetes d\u2019abonnement qui livrent \u00e0 domicile des aliments s\u00e9lectionn\u00e9s, sains et adapt\u00e9s aux r\u00e9gimes alimentaires constituent un domaine avec un potentiel de croissance.<\/li>\n\n\n\n<li><strong>Nutrition des personnes \u00e2g\u00e9es et sp\u00e9cifiques \u00e0 l&#039;\u00e2ge\u00a0:<\/strong> \u00c0 mesure que la population vieillit, la demande d\u2019aliments di\u00e9t\u00e9tiques et de programmes de perte de poids adapt\u00e9s aux besoins nutritionnels des personnes \u00e2g\u00e9es augmente, offrant ainsi des opportunit\u00e9s de produits et de services sp\u00e9cifiques \u00e0 l\u2019\u00e2ge.<\/li>\n\n\n\n<li><strong>Adaptations culturelles et r\u00e9gionales\u00a0:<\/strong> Gr\u00e2ce aux \u00e9tudes de march\u00e9 sur les aliments di\u00e9t\u00e9tiques et la perte de poids, les entreprises peuvent reconna\u00eetre l&#039;importance des pr\u00e9f\u00e9rences alimentaires culturelles et r\u00e9gionales et conduire \u00e0 la cr\u00e9ation d&#039;aliments di\u00e9t\u00e9tiques qui trouvent un \u00e9cho aupr\u00e8s de populations sp\u00e9cifiques, r\u00e9pondant \u00e0 leurs pr\u00e9f\u00e9rences gustatives tout en favorisant la perte de poids.<\/li>\n<\/ul>","protected":false},"excerpt":{"rendered":"<p>Les \u00e9tudes de march\u00e9 sur les aliments di\u00e9t\u00e9tiques et la perte de poids d\u00e9voilent les pr\u00e9f\u00e9rences des consommateurs, les tendances de l\u2019industrie et la dynamique qui fa\u00e7onne son avenir.<\/p>","protected":false},"author":1,"featured_media":63999,"parent":22018,"menu_order":359,"comment_status":"closed","ping_status":"closed","template":"","meta":{"footnotes":""},"class_list":["post-43411","page","type-page","status-publish","has-post-thumbnail"],"_links":{"self":[{"href":"https:\/\/www.sisinternational.com\/fr\/wp-json\/wp\/v2\/pages\/43411","targetHints":{"allow":["GET"]}}],"collection":[{"href":"https:\/\/www.sisinternational.com\/fr\/wp-json\/wp\/v2\/pages"}],"about":[{"href":"https:\/\/www.sisinternational.com\/fr\/wp-json\/wp\/v2\/types\/page"}],"author":[{"embeddable":true,"href":"https:\/\/www.sisinternational.com\/fr\/wp-json\/wp\/v2\/users\/1"}],"replies":[{"embeddable":true,"href":"https:\/\/www.sisinternational.com\/fr\/wp-json\/wp\/v2\/comments?post=43411"}],"version-history":[{"count":6,"href":"https:\/\/www.sisinternational.com\/fr\/wp-json\/wp\/v2\/pages\/43411\/revisions"}],"predecessor-version":[{"id":80531,"href":"https:\/\/www.sisinternational.com\/fr\/wp-json\/wp\/v2\/pages\/43411\/revisions\/80531"}],"up":[{"embeddable":true,"href":"https:\/\/www.sisinternational.com\/fr\/wp-json\/wp\/v2\/pages\/22018"}],"wp:featuredmedia":[{"embeddable":true,"href":"https:\/\/www.sisinternational.com\/fr\/wp-json\/wp\/v2\/media\/63999"}],"wp:attachment":[{"href":"https:\/\/www.sisinternational.com\/fr\/wp-json\/wp\/v2\/media?parent=43411"}],"curies":[{"name":"wp","href":"https:\/\/api.w.org\/{rel}","templated":true}]}}