{"id":43349,"date":"2023-09-02T18:17:55","date_gmt":"2023-09-02T22:17:55","guid":{"rendered":"https:\/\/www.sisinternational.com\/?page_id=43349"},"modified":"2026-03-25T01:20:42","modified_gmt":"2026-03-25T05:20:42","slug":"etude-de-marche-sur-les-boissons-alimentaires-epicees","status":"publish","type":"page","link":"https:\/\/www.sisinternational.com\/fr\/solutions\/etude-de-marche-sur-lindustrie-des-boissons-alimentaires\/etude-de-marche-sur-les-boissons-alimentaires-epicees\/","title":{"rendered":"\u00c9tude de march\u00e9 sur les aliments et boissons \u00e9pic\u00e9s"},"content":{"rendered":"<h1 class=\"wp-block-heading\">\u00c9tude de march\u00e9 sur les aliments et boissons \u00e9pic\u00e9s<\/h1>\n\n\n\n<figure class=\"gb-block-image gb-block-image-ed57457d\"><img loading=\"lazy\" decoding=\"async\" width=\"1456\" height=\"816\" class=\"gb-image gb-image-ed57457d\" src=\"https:\/\/www.sisinternational.com\/wp-content\/uploads\/2025\/08\/Spicy-food-2.jpg\" alt=\"\u00c9tudes de march\u00e9 et strat\u00e9gie internationales SIS\" title=\"Spicy food (2)\" srcset=\"https:\/\/www.sisinternational.com\/wp-content\/uploads\/2025\/08\/Spicy-food-2.jpg 1456w, https:\/\/www.sisinternational.com\/wp-content\/uploads\/2025\/08\/Spicy-food-2-300x168.jpg 300w, https:\/\/www.sisinternational.com\/wp-content\/uploads\/2025\/08\/Spicy-food-2-1024x574.jpg 1024w, https:\/\/www.sisinternational.com\/wp-content\/uploads\/2025\/08\/Spicy-food-2-768x430.jpg 768w, https:\/\/www.sisinternational.com\/wp-content\/uploads\/2025\/08\/Spicy-food-2-18x10.jpg 18w\" sizes=\"auto, (max-width: 1456px) 100vw, 1456px\"><\/figure>\n\n\n\n<p><\/p>\n\n\n\n<p>Les aliments \u00e9pic\u00e9s ont captiv\u00e9 les palais d\u2019innombrables personnes dans diverses cultures \u2013 et sont devenus une aventure gastronomique pour beaucoup. Aujourd\u2019hui, alors que les voyages et la technologie relient les communaut\u00e9s mondiales, on assiste \u00e0 une augmentation notable de la demande de d\u00e9lices culinaires \u00e9pic\u00e9s dans le monde entier.<\/p>\n\n\n\n<p>\u00c0 mesure que l\u2019importance des aliments \u00e9pic\u00e9s augmente, les \u00e9tudes de march\u00e9 sur les aliments et boissons \u00e9pic\u00e9s se multiplient \u00e9galement. Ainsi, l\u2019approfondissement de la dynamique de ce domaine \u00e9pic\u00e9 r\u00e9v\u00e8le les pr\u00e9f\u00e9rences des consommateurs, met en \u00e9vidence les voies de croissance potentielles et att\u00e9nue les risques, parmi de nombreux autres avantages.<\/p>\n\n\n\n<h2 class=\"wp-block-heading\">Avantages de l\u2019\u00e9tude de march\u00e9 sur les aliments et boissons \u00e9pic\u00e9s<\/h2>\n\n\n\n<p>Spicy <a href=\"https:\/\/www.sisinternational.com\/fr\/competence\/les-industries\/etude-de-marche-sur-les-boissons-et-les-aliments-pour-le-diner\/\" title=\"\u00c9tude de march\u00e9 sur les aliments et boissons pour le d\u00eener\"  data-wpil-monitor-id=\"7160\">food and beverage market research<\/a> offers profound insights for various stakeholders in the food industry. Here are some of the most important benefits:<\/p>\n\n\n\n<ul class=\"wp-block-list\">\n<li><strong>Comprendre les pr\u00e9f\u00e9rences des consommateurs\u00a0:<\/strong> Spicy food and <a href=\"https:\/\/www.sisinternational.com\/fr\/solutions\/etude-de-marche-sur-lindustrie-des-boissons-alimentaires\/etude-de-marche-sur-les-boissons-pretes-a-boire-pretes-a-boire\/\" title=\"\u00c9tude de march\u00e9 sur les boissons pr\u00eates \u00e0 boire (RTD)\"  data-wpil-monitor-id=\"11493\">\u00e9tude de march\u00e9 des boissons<\/a> helps ascertain consumer preferences, from the type of spices they enjoy to the level of heat they can tolerate. This knowledge aids in tailoring products to fit consumer tastes more precisely.<\/li>\n\n\n\n<li><strong>Identifying <\/strong><a href=\"https:\/\/www.sisinternational.com\/fr\/competence\/les-industries\/etude-de-marche-des-aliments-surgeles\/\" title=\"\u00c9tude de march\u00e9 des aliments surgel\u00e9s\"  data-wpil-monitor-id=\"10248\">Market Opportunities: The spicy food<\/a> market is vast. Through research, businesses can pinpoint gaps in the market, uncovering opportunities for new products, flavors \u2013 or even entire cuisines that might be underrepresented.<\/li>\n\n\n\n<li><strong>Att\u00e9nuation des risques:<\/strong> Comprendre le march\u00e9 gr\u00e2ce \u00e0 des \u00e9tudes de march\u00e9 sur les aliments et boissons \u00e9pic\u00e9s peut minimiser les risques d&#039;\u00e9chec d&#039;un produit en garantissant qu&#039;il correspond aux demandes et aux pr\u00e9f\u00e9rences des consommateurs.<\/li>\n\n\n\n<li><strong>Comprendre les nuances culturelles\u00a0:<\/strong> La cuisine \u00e9pic\u00e9e est profond\u00e9ment ancr\u00e9e dans les traditions culturelles. Les \u00e9tudes de march\u00e9 sur les aliments et boissons \u00e9pic\u00e9s aident les entreprises \u00e0 comprendre ces nuances, en garantissant que les produits sont culturellement sensibles et r\u00e9pondent aux donn\u00e9es d\u00e9mographiques cibl\u00e9es.<\/li>\n\n\n\n<li><strong>Stimuler les ventes et la rentabilit\u00e9\u00a0:<\/strong> By understanding what <a href=\"https:\/\/www.sisinternational.com\/fr\/analyse-de-la-satisfaction-client\/\" title=\"8 fa\u00e7ons d&#039;augmenter la satisfaction des clients dans le commerce de d\u00e9tail\"  data-wpil-monitor-id=\"10246\">consumers<\/a> want and aligning products accordingly, businesses can optimize sales strategies, potentially leading to increased profitability.<\/li>\n\n\n\n<li><strong>Am\u00e9liorer la fid\u00e9lit\u00e9 \u00e0 la marque\u00a0:<\/strong> En r\u00e9pondant aux pr\u00e9f\u00e9rences alimentaires \u00e9pic\u00e9es sp\u00e9cifiques des consommateurs, les marques peuvent favoriser une client\u00e8le fid\u00e8le qui appr\u00e9cie leur souci du d\u00e9tail et de l\u2019authenticit\u00e9.<\/li>\n\n\n\n<li><strong>Marketing et promotion guid\u00e9s\u00a0:<\/strong> Les \u00e9tudes de march\u00e9 sur les aliments et boissons \u00e9pic\u00e9s fournissent un aper\u00e7u des meilleurs canaux et strat\u00e9gies de promotion des produits alimentaires \u00e9pic\u00e9s, garantissant ainsi une utilisation efficace des budgets marketing.<\/li>\n\n\n\n<li><a href=\"https:\/\/www.sisinternational.com\/fr\/solutions\/recherche-de-conseil-en-strategie-fintech\/etude-de-marche-sur-le-financement-de-la-chaine-dapprovisionnement\/\" title=\"\u00c9tude de march\u00e9 sur le financement de la cha\u00eene d\u2019approvisionnement\"  data-wpil-monitor-id=\"10247\">Supply Chain Optimization: Research<\/a> can highlight where the most sought-after spicy ingredients are sourced and help businesses optimize their supply chains accordingly, ensuring consistent quality and timely delivery.<\/li>\n\n\n\n<li><strong>Informations sur la sant\u00e9 et le bien-\u00eatre\u00a0:<\/strong> Avec l&#039;int\u00e9r\u00eat croissant pour les bienfaits des aliments \u00e9pic\u00e9s pour la sant\u00e9, les \u00e9tudes de march\u00e9 sur les aliments et boissons \u00e9pic\u00e9s fournissent un aper\u00e7u de la sensibilisation et des pr\u00e9f\u00e9rences des consommateurs dans ce domaine, orientant le d\u00e9veloppement de produits qui s&#039;alignent sur les tendances en mati\u00e8re de bien-\u00eatre.<\/li>\n\n\n\n<li><strong>Analyse comp\u00e9titive:<\/strong> Les \u00e9tudes de march\u00e9 sur les aliments et boissons \u00e9pic\u00e9s offrent un aper\u00e7u de ce que font les concurrents, permettant aux entreprises d&#039;identifier leurs propositions de vente uniques et de se diff\u00e9rencier sur le march\u00e9.<\/li>\n<\/ul>\n\n\n\n<h2 class=\"wp-block-heading\">Opportunit\u00e9s actuelles dans les \u00e9tudes de march\u00e9 sur les aliments et boissons \u00e9pic\u00e9s<\/h2>\n\n\n\n<figure class=\"gb-block-image gb-block-image-99f7de00\"><img loading=\"lazy\" decoding=\"async\" width=\"1456\" height=\"816\" class=\"gb-image gb-image-99f7de00\" src=\"https:\/\/www.sisinternational.com\/wp-content\/uploads\/2025\/08\/Spicy-food-12.jpg\" alt=\"\u00c9tudes de march\u00e9 et strat\u00e9gie internationales SIS\" title=\"Spicy food (12)\" srcset=\"https:\/\/www.sisinternational.com\/wp-content\/uploads\/2025\/08\/Spicy-food-12.jpg 1456w, https:\/\/www.sisinternational.com\/wp-content\/uploads\/2025\/08\/Spicy-food-12-300x168.jpg 300w, https:\/\/www.sisinternational.com\/wp-content\/uploads\/2025\/08\/Spicy-food-12-1024x574.jpg 1024w, https:\/\/www.sisinternational.com\/wp-content\/uploads\/2025\/08\/Spicy-food-12-768x430.jpg 768w, https:\/\/www.sisinternational.com\/wp-content\/uploads\/2025\/08\/Spicy-food-12-18x10.jpg 18w\" sizes=\"auto, (max-width: 1456px) 100vw, 1456px\"><\/figure>\n\n\n\n<p>Alors que la demande mondiale d\u2019aliments \u00e9pic\u00e9s continue de cro\u00eetre, les \u00e9tudes de march\u00e9 sur les aliments et boissons \u00e9pic\u00e9s offrent de nombreuses opportunit\u00e9s aux entreprises et aux chercheurs. Voici un aper\u00e7u plus approfondi\u00a0:<\/p>\n\n\n\n<ul class=\"wp-block-list\">\n<li><strong>Tendance sant\u00e9 et bien-\u00eatre\u00a0:<\/strong> The potential health benefits of capsaicin and other compounds found in spicy foods, such as metabolism-boosting properties and anti-inflammatory effects, can be further <a href=\"https:\/\/www.sisinternational.com\/fr\/competence\/les-industries\/recherche-de-produits\/\" title=\"Recherche de produits\"  data-wpil-monitor-id=\"10251\">researched and leveraged for new product<\/a> development.<\/li>\n\n\n\n<li><strong>Produits sp\u00e9cialis\u00e9s\u00a0:<\/strong> From extra-hot sauces to spice-infused snacks, there is a niche market for specialized <a href=\"https:\/\/www.sisinternational.com\/fr\/competence\/les-industries\/etude-de-marche-sur-les-cartes-thermiques\/\" title=\"\u00c9tude de march\u00e9 sur les cartes thermiques\"  data-wpil-monitor-id=\"7667\">spicy<\/a> products tailored for heat enthusiasts.<\/li>\n\n\n\n<li><strong>Cuisines fusions\u00a0:<\/strong> As global barriers diminish, fusion cuisines that blend the spicy flavors of two or more cultures are gaining traction. Researching these fusion trends can lead to <a href=\"https:\/\/www.sisinternational.com\/fr\/sis-lance-de-nouvelles-solutions-de-recherche-numerique\/\" title=\"SIS lance de nouvelles solutions de recherche num\u00e9rique\"  data-wpil-monitor-id=\"10245\">innovative<\/a> and unique product lines.<\/li>\n\n\n\n<li><strong>Approvisionnement \u00e9cologique et durable\u00a0:<\/strong> \u00c0 mesure que les consommateurs deviennent plus conscients de la durabilit\u00e9, il existe une demande croissante d\u2019ingr\u00e9dients \u00e9pic\u00e9s d\u2019origine \u00e9thique. Les \u00e9tudes de march\u00e9 sur les aliments et boissons \u00e9pic\u00e9s peuvent identifier ces demandes et guider les entreprises dans leurs pratiques d\u2019approvisionnement et de marketing.<\/li>\n\n\n\n<li><strong>Exp\u00e9riences culinaires \u00e9pic\u00e9es personnalis\u00e9es\u00a0:<\/strong> Avec l\u2019essor de l\u2019IA et de l\u2019analyse des donn\u00e9es, il est possible de proposer des exp\u00e9riences culinaires \u00e9pic\u00e9es personnalis\u00e9es, comme des m\u00e9langes d\u2019\u00e9pices personnalis\u00e9s en fonction des pr\u00e9f\u00e9rences individuelles.<\/li>\n\n\n\n<li><strong>Aliments \u00e9pic\u00e9s \u00e0 base de plantes et de prot\u00e9ines alternatives\u00a0:<\/strong> With the rise of vegetarianism and veganism, there is an opportunity to <a href=\"https:\/\/www.sisinternational.com\/fr\/claim-research-for-food-and-beverage-taste-tests-validating-your-product-claims\/\" title=\"Claim Research for Food and Beverage Taste Tests: Validating Your Product Claims\"  data-wpil-monitor-id=\"10249\">research and develop spicy food products<\/a> that align with these dietary choices.<\/li>\n\n\n\n<li><strong>Tourisme \u00c9ducatif et Culinaire :<\/strong> Les amateurs de cuisine \u00e9pic\u00e9e recherchent souvent des exp\u00e9riences authentiques. Il est possible d&#039;organiser des visites culinaires, des ateliers et des plateformes \u00e9ducatives d\u00e9di\u00e9es aux aliments \u00e9pic\u00e9s.<\/li>\n\n\n\n<li><strong>Plateformes et applications num\u00e9riques\u00a0:<\/strong> Des plateformes de recettes de cuisine \u00e9pic\u00e9e aux applications qui \u00e9valuent et \u00e9valuent les plats \u00e9pic\u00e9s des restaurants, le monde num\u00e9rique offre de nombreuses opportunit\u00e9s aux amateurs de cuisine \u00e9pic\u00e9e.<\/li>\n<\/ul>\n\n\n\n<h2 class=\"wp-block-heading\">D\u00e9fis de l\u2019\u00e9tude de march\u00e9 sur les aliments et boissons \u00e9pic\u00e9s<\/h2>\n\n\n\n<p>Understanding spicy <a href=\"https:\/\/www.sisinternational.com\/fr\/solutions\/etude-de-marche-sur-lindustrie-des-boissons-alimentaires\/\" title=\"\u00c9tude de march\u00e9 de l&#039;industrie alimentaire et des boissons\"  data-wpil-monitor-id=\"10250\">industrie alimentaire<\/a> challenges can help stakeholders prepare adequately and ensure that research efforts yield meaningful insights. Here&#8217;s an exploration of some significant challenges:<\/p>\n\n\n\n<ul class=\"wp-block-list\">\n<li><strong>Palais vari\u00e9 et tol\u00e9rance \u00e0 la chaleur\u00a0:<\/strong> Diff\u00e9rents individus et cultures ont des tol\u00e9rances variables au piquant. Quantifier et cat\u00e9goriser ces diff\u00e9rences peut s\u2019av\u00e9rer difficile, en particulier lorsque l\u2019on vise un produit largement attractif.<\/li>\n\n\n\n<li><strong>Standardisation du \u00ab Piquant \u00bb\u00a0:<\/strong> Mesurer le niveau de piquant de mani\u00e8re standardis\u00e9e pour tous les produits et cuisines est difficile. Bien qu&#039;il existe des mesures telles que les unit\u00e9s thermiques de Scoville (SHU) pour les piments, tous les aliments et ingr\u00e9dients \u00e9pic\u00e9s ne correspondent pas parfaitement \u00e0 de telles \u00e9chelles.<\/li>\n\n\n\n<li><strong>Probl\u00e8mes de cha\u00eene d&#039;approvisionnement\u00a0:<\/strong> L&#039;approvisionnement constant en ingr\u00e9dients \u00e9pic\u00e9s authentiques et de qualit\u00e9 peut \u00eatre difficile, en particulier avec des facteurs tels que les variations saisonni\u00e8res et les probl\u00e8mes g\u00e9opolitiques affectant la disponibilit\u00e9.<\/li>\n\n\n\n<li><strong>D\u00e9fis en mati\u00e8re de r\u00e9glementation et d\u2019\u00e9tiquetage\u00a0:<\/strong> Diff\u00e9rentes r\u00e9gions ont des r\u00e9glementations diff\u00e9rentes concernant l&#039;\u00e9tiquetage des aliments, notamment en ce qui concerne les all\u00e9gations concernant les bienfaits pour la sant\u00e9 ou les niveaux d&#039;\u00e9pices. S\u2019y retrouver dans ces r\u00e9glementations peut s\u2019av\u00e9rer complexe.<\/li>\n\n\n\n<li><strong>Concurrence et saturation du march\u00e9\u00a0:<\/strong> As the popularity of spicy foods grows, so does the number of competitors. Differentiating a <a href=\"https:\/\/www.sisinternational.com\/fr\/competence\/cv-dexperience\/etude-de-marche-sur-les-produits-de-soins-personnels\/\" title=\"\u00c9tude de march\u00e9 sur les produits de soins personnels\"  data-wpil-monitor-id=\"10252\">product in a crowded market<\/a> and identifying unique selling points becomes challenging.<\/li>\n\n\n\n<li><strong>\u00c9volution des tendances en mati\u00e8re de sant\u00e9 et d\u2019alimentation\u00a0:<\/strong> Alors que des tendances telles que le v\u00e9ganisme, le c\u00e9to ou les r\u00e9gimes sans gluten deviennent populaires, les produits alimentaires et les plats \u00e9pic\u00e9s doivent s&#039;adapter, ce qui n\u00e9cessite une recherche et un d\u00e9veloppement de produits continus.<\/li>\n<\/ul>\n\n\n\n<h2 class=\"wp-block-heading\">\u00c9tude de march\u00e9 sur les aliments et boissons \u00e9pic\u00e9s\u00a0: principaux piments pour aliments \u00e9pic\u00e9s<\/h2>\n\n\n\n<figure class=\"gb-block-image gb-block-image-e5a820aa\"><img loading=\"lazy\" decoding=\"async\" width=\"1456\" height=\"816\" class=\"gb-image gb-image-e5a820aa\" src=\"https:\/\/www.sisinternational.com\/wp-content\/uploads\/2025\/08\/Spicy-food-6.jpg\" alt=\"\u00c9tudes de march\u00e9 et strat\u00e9gie internationales SIS\" title=\"Spicy food (6)\" srcset=\"https:\/\/www.sisinternational.com\/wp-content\/uploads\/2025\/08\/Spicy-food-6.jpg 1456w, https:\/\/www.sisinternational.com\/wp-content\/uploads\/2025\/08\/Spicy-food-6-300x168.jpg 300w, https:\/\/www.sisinternational.com\/wp-content\/uploads\/2025\/08\/Spicy-food-6-1024x574.jpg 1024w, https:\/\/www.sisinternational.com\/wp-content\/uploads\/2025\/08\/Spicy-food-6-768x430.jpg 768w, https:\/\/www.sisinternational.com\/wp-content\/uploads\/2025\/08\/Spicy-food-6-18x10.jpg 18w\" sizes=\"auto, (max-width: 1456px) 100vw, 1456px\"><\/figure>\n\n\n\n<p><\/p>\n\n\n\n<p>Lorsqu\u2019elles se lancent dans le march\u00e9 des aliments \u00e9pic\u00e9s, les entreprises ne peuvent n\u00e9gliger la pierre angulaire de ce cr\u00e9neau culinaire : les piments. Comprendre les diff\u00e9rents types de piments qui dominent le march\u00e9 est essentiel pour toute entreprise cherchant \u00e0 se d\u00e9marquer dans le monde des aliments \u00e9pic\u00e9s.<\/p>\n\n\n\n<p>De leur niveau de piquant \u00e0 leurs pr\u00e9f\u00e9rences r\u00e9gionales, les piments jouent un r\u00f4le crucial dans l\u2019\u00e9laboration des choix et des pr\u00e9f\u00e9rences des consommateurs. Vous trouverez ci-dessous quelques-uns des principaux piments qui jouent un r\u00f4le d\u00e9terminant dans l\u2019industrie des aliments \u00e9pic\u00e9s\u00a0:<\/p>\n\n\n\n<ul class=\"wp-block-list\">\n<li><strong>Habanero\u00a0:<\/strong> Connu pour sa chaleur ardente et sa saveur fruit\u00e9e, le piment Habanero est un favori parmi ceux qui aiment les aliments extr\u00eamement \u00e9pic\u00e9s. Originaire des Cara\u00efbes, ce piment a trouv\u00e9 sa place dans diverses cuisines du monde entier, notamment dans les sauces piquantes et les marinades.<\/li>\n\n\n\n<li><strong>Poblano\u00a0:<\/strong> Du c\u00f4t\u00e9 le plus doux du spectre piquant, le piment Poblano offre une saveur riche et terreuse sans submerger le palais. Couramment utilis\u00e9 dans la cuisine mexicaine, il est souvent farci ou r\u00f4ti et constitue un incontournable des plats comme les Chiles Rellenos.<\/li>\n\n\n\n<li><strong>Jalapeno:<\/strong> Populaires dans les cuisines nord-am\u00e9ricaine et mexicaine, les piments Jalape\u00f1o offrent une chaleur mod\u00e9r\u00e9e et une texture croustillante. Ils sont polyvalents, apparaissant dans tout, de la salsa aux poppers et m\u00eame sous forme fum\u00e9e, connue sous le nom de Chipotle.<\/li>\n\n\n\n<li><strong>Cayenne:<\/strong> Souvent r\u00e9duits en poudre, les piments de Cayenne sont un aliment de base dans divers m\u00e9langes d&#039;\u00e9pices et sont largement utilis\u00e9s dans de nombreuses cuisines. Leur niveau de chaleur est mod\u00e9r\u00e9 \u00e0 \u00e9lev\u00e9, ce qui les rend adapt\u00e9s \u00e0 une gamme de plats \u00e9pic\u00e9s.<\/li>\n\n\n\n<li><strong>Bonnet \u00e9cossais\u00a0:<\/strong> Semblable au Habanero mais avec une saveur plus sucr\u00e9e, le Scotch Bonnet est largement utilis\u00e9 dans les plats carib\u00e9ens.<\/li>\n\n\n\n<li><strong>Poivre fant\u00f4me\u00a0:<\/strong> Originaire d\u2019Inde, le Ghost Pepper est l\u2019un des piments les plus piquants au monde. Il est utilis\u00e9 avec parcimonie mais est devenu culte parmi les amateurs de chaleur extr\u00eame, notamment dans le domaine des sauces piquantes et des d\u00e9fis \u00e9pic\u00e9s.<\/li>\n\n\n\n<li><strong>Anaheim\u00a0:<\/strong> Nomm\u00e9 d&#039;apr\u00e8s la ville californienne, ce piment doux est souvent utilis\u00e9 dans la cuisine du sud-ouest am\u00e9ricain. Il est excellent pour le r\u00f4tissage et on le trouve couramment dans le chili verde et d\u2019autres plats ressemblant \u00e0 des rago\u00fbts.<\/li>\n<\/ul>","protected":false},"excerpt":{"rendered":"<p>Les \u00e9pices captivent les palais du monde entier. L\u2019\u00e9tude de march\u00e9 sur les aliments et boissons \u00e9pic\u00e9s aide \u00e0 identifier les pr\u00e9f\u00e9rences, les perspectives et les risques des consommateurs.<\/p>","protected":false},"author":1,"featured_media":63879,"parent":22018,"menu_order":355,"comment_status":"closed","ping_status":"closed","template":"","meta":{"footnotes":""},"class_list":["post-43349","page","type-page","status-publish","has-post-thumbnail"],"_links":{"self":[{"href":"https:\/\/www.sisinternational.com\/fr\/wp-json\/wp\/v2\/pages\/43349","targetHints":{"allow":["GET"]}}],"collection":[{"href":"https:\/\/www.sisinternational.com\/fr\/wp-json\/wp\/v2\/pages"}],"about":[{"href":"https:\/\/www.sisinternational.com\/fr\/wp-json\/wp\/v2\/types\/page"}],"author":[{"embeddable":true,"href":"https:\/\/www.sisinternational.com\/fr\/wp-json\/wp\/v2\/users\/1"}],"replies":[{"embeddable":true,"href":"https:\/\/www.sisinternational.com\/fr\/wp-json\/wp\/v2\/comments?post=43349"}],"version-history":[{"count":8,"href":"https:\/\/www.sisinternational.com\/fr\/wp-json\/wp\/v2\/pages\/43349\/revisions"}],"predecessor-version":[{"id":85101,"href":"https:\/\/www.sisinternational.com\/fr\/wp-json\/wp\/v2\/pages\/43349\/revisions\/85101"}],"up":[{"embeddable":true,"href":"https:\/\/www.sisinternational.com\/fr\/wp-json\/wp\/v2\/pages\/22018"}],"wp:featuredmedia":[{"embeddable":true,"href":"https:\/\/www.sisinternational.com\/fr\/wp-json\/wp\/v2\/media\/63879"}],"wp:attachment":[{"href":"https:\/\/www.sisinternational.com\/fr\/wp-json\/wp\/v2\/media?parent=43349"}],"curies":[{"name":"wp","href":"https:\/\/api.w.org\/{rel}","templated":true}]}}