{"id":43335,"date":"2023-09-02T17:05:29","date_gmt":"2023-09-02T21:05:29","guid":{"rendered":"https:\/\/www.sisinternational.com\/?page_id=43335"},"modified":"2026-01-25T19:27:48","modified_gmt":"2026-01-26T00:27:48","slug":"etude-de-marche-sur-les-peuples-autochtones","status":"publish","type":"page","link":"https:\/\/www.sisinternational.com\/fr\/competence\/etude-de-marche-sur-les-peuples-autochtones\/","title":{"rendered":"\u00c9tude de march\u00e9 sur les peuples autochtones"},"content":{"rendered":"<h1 class=\"wp-block-heading\">\u00c9tude de march\u00e9 sur les peuples autochtones<\/h1>\n\n\n\n<figure class=\"gb-block-image gb-block-image-2a13d408\"><img loading=\"lazy\" decoding=\"async\" width=\"1456\" height=\"816\" class=\"gb-image gb-image-2a13d408\" src=\"https:\/\/www.sisinternational.com\/wp-content\/uploads\/2025\/08\/Indigenous-people-3.jpg\" alt=\"\u00c9tudes de march\u00e9 et strat\u00e9gie internationales SIS\" title=\"Indigenous people (3)\" srcset=\"https:\/\/www.sisinternational.com\/wp-content\/uploads\/2025\/08\/Indigenous-people-3.jpg 1456w, https:\/\/www.sisinternational.com\/wp-content\/uploads\/2025\/08\/Indigenous-people-3-300x168.jpg 300w, https:\/\/www.sisinternational.com\/wp-content\/uploads\/2025\/08\/Indigenous-people-3-1024x574.jpg 1024w, https:\/\/www.sisinternational.com\/wp-content\/uploads\/2025\/08\/Indigenous-people-3-768x430.jpg 768w, https:\/\/www.sisinternational.com\/wp-content\/uploads\/2025\/08\/Indigenous-people-3-18x10.jpg 18w\" sizes=\"auto, (max-width: 1456px) 100vw, 1456px\"><\/figure>\n\n\n\n<p><\/p>\n\n\n\n<p>Dans les \u00e9tudes de march\u00e9, peu de segments restent aussi riches et sous-repr\u00e9sent\u00e9s que les communaut\u00e9s autochtones. Partout sur tous les continents, des Maoris de Nouvelle-Z\u00e9lande aux Am\u00e9rindiens des \u00c9tats-Unis, les peuples autochtones ont une histoire et une culture qui offrent des informations inestimables.<\/p>\n\n\n\n<p>C&#039;est l\u00e0 que l&#039;accent mis sur les \u00e9tudes de march\u00e9 sur les peuples autochtones devient crucial, car elles se concentrent sur la compr\u00e9hension de leurs visions du monde, de leurs aspirations, de leurs d\u00e9fis et de leurs opportunit\u00e9s.<\/p>\n\n\n\n<h2 class=\"wp-block-heading\">Pourquoi les \u00e9tudes de march\u00e9 sur les peuples autochtones sont cruciales<\/h2>\n\n\n\n<p>Le domaine des \u00e9tudes de march\u00e9 sur les peuples autochtones est vaste et englobe un large \u00e9ventail de donn\u00e9es d\u00e9mographiques, de cultures et de milieux socio-\u00e9conomiques. Cependant, l\u2019accent mis sur les \u00e9tudes de march\u00e9 sur les populations autochtones occupe une position unique et cruciale dans ce spectre.<\/p>\n\n\n\n<h3 class=\"wp-block-heading\">Voici pourquoi cette concentration est importante\u00a0:<\/h3>\n\n\n\n<ul class=\"wp-block-list\">\n<li><strong>Reconna\u00eetre la marginalisation historique\u00a0:<\/strong> Historiquement, les communaut\u00e9s autochtones du monde entier ont \u00e9t\u00e9 confront\u00e9es \u00e0 une marginalisation syst\u00e9mique, leurs voix, leurs pr\u00e9occupations et leurs besoins \u00e9tant souvent mis de c\u00f4t\u00e9. Mener des \u00e9tudes de march\u00e9 sur les peuples autochtones offre une voie pour corriger les pr\u00e9jug\u00e9s historiques et les inclure activement dans les dialogues modernes.<\/li>\n\n\n\n<li><strong>D\u00e9couvrir des informations uniques sur les consommateurs\u00a0:<\/strong> Les communaut\u00e9s autochtones peuvent offrir des perspectives de consommation uniques gr\u00e2ce \u00e0 leurs traditions, valeurs et modes de vie distincts. En analysant des produits, des services ou du contenu\u00a0; cette recherche d\u00e9voile leurs pr\u00e9f\u00e9rences et peut ouvrir la porte \u00e0 des offres sur mesure qui r\u00e9sonnent authentiquement.<\/li>\n\n\n\n<li><strong>Renforcer la repr\u00e9sentation culturelle\u00a0:<\/strong> Veiller \u00e0 ce que les produits, les publicit\u00e9s et le contenu refl\u00e8tent la richesse culturelle des communaut\u00e9s autochtones peut favoriser une plus grande inclusivit\u00e9 et un plus grand respect.<\/li>\n\n\n\n<li><strong>Ethical Business and <\/strong><a href=\"https:\/\/www.sisinternational.com\/fr\/what-is-a-value-proposition-canvas-the-game-changing-framework-that-prevents-product-failures\/\" title=\"What Is a Value Proposition Canvas? &#091;The Game-Changing Framework That Prevents Product Failures&#093;\"  data-wpil-monitor-id=\"10459\">Product Development: By understanding the values<\/a>, beliefs, and priorities of indigenous communities, businesses can develop products that align with these insights. This ensures ethical practices, especially when products relate to indigenous knowledge, resources, or crafts.<\/li>\n\n\n\n<li><strong>Favoriser le respect mutuel et la collaboration\u00a0:<\/strong> S&#039;engager aupr\u00e8s des communaut\u00e9s autochtones par le biais d&#039;\u00e9tudes de march\u00e9 ouvre la voie au respect mutuel. Il permet aux entreprises de comprendre et d\u2019honorer les coutumes, rituels et traditions locales, garantissant ainsi une collaboration respectueuse.<\/li>\n\n\n\n<li><strong>Politique et gouvernance\u00a0:<\/strong> Pour les d\u00e9cideurs politiques, il est crucial de comprendre les perspectives des communaut\u00e9s autochtones lors de l\u2019\u00e9laboration de lois ou d\u2019initiatives ayant un impact sur ces groupes. Les \u00e9tudes de march\u00e9 sur les peuples autochtones peuvent fournir des informations fond\u00e9es sur des donn\u00e9es, garantissant que les politiques sont justes, inclusives et efficaces.<\/li>\n\n\n\n<li><strong>Lib\u00e9rer des opportunit\u00e9s \u00e9conomiques\u00a0:<\/strong> Les communaut\u00e9s autochtones peuvent contribuer de mani\u00e8re significative aux \u00e9conomies locales et nationales. Leurs comp\u00e9tences artisanales, leurs ressources locales et leurs \u00e9v\u00e9nements culturels peuvent constituer des voies de croissance \u00e9conomique, de tourisme et d\u2019\u00e9changes mondiaux.<\/li>\n\n\n\n<li><strong>Promouvoir la diversit\u00e9 et l\u2019inclusion\u00a0:<\/strong> Les \u00e9tudes de march\u00e9 sur les peuples autochtones r\u00e9affirment l\u2019id\u00e9e que chaque voix, aussi marginalis\u00e9e soit-elle historiquement, a de la valeur et m\u00e9rite d\u2019\u00eatre entendue.<\/li>\n<\/ul>\n\n\n\n<h2 class=\"wp-block-heading\">Consid\u00e9rations m\u00e9thodologiques dans les \u00e9tudes de march\u00e9 sur les peuples autochtones<\/h2>\n\n\n\n<figure class=\"gb-block-image gb-block-image-f8a7aa1b\"><img loading=\"lazy\" decoding=\"async\" width=\"1456\" height=\"816\" class=\"gb-image gb-image-f8a7aa1b\" src=\"https:\/\/www.sisinternational.com\/wp-content\/uploads\/2025\/08\/Indigenous-people-5.jpg\" alt=\"\u00c9tudes de march\u00e9 et strat\u00e9gie internationales SIS\" title=\"Indigenous people (5)\" srcset=\"https:\/\/www.sisinternational.com\/wp-content\/uploads\/2025\/08\/Indigenous-people-5.jpg 1456w, https:\/\/www.sisinternational.com\/wp-content\/uploads\/2025\/08\/Indigenous-people-5-300x168.jpg 300w, https:\/\/www.sisinternational.com\/wp-content\/uploads\/2025\/08\/Indigenous-people-5-1024x574.jpg 1024w, https:\/\/www.sisinternational.com\/wp-content\/uploads\/2025\/08\/Indigenous-people-5-768x430.jpg 768w, https:\/\/www.sisinternational.com\/wp-content\/uploads\/2025\/08\/Indigenous-people-5-18x10.jpg 18w\" sizes=\"auto, (max-width: 1456px) 100vw, 1456px\"><\/figure>\n\n\n\n<p><\/p>\n\n\n\n<p>R\u00e9aliser une \u00e9tude de march\u00e9 sur les populations autochtones n\u00e9cessite une approche nuanc\u00e9e, tr\u00e8s diff\u00e9rente des m\u00e9thodologies standard d\u2019\u00e9tude de march\u00e9. Les complexit\u00e9s culturelles, historiques et soci\u00e9tales de ces communaut\u00e9s exigent une approche r\u00e9fl\u00e9chie et respectueuse de la collecte et de l\u2019interpr\u00e9tation des donn\u00e9es. Voici les principales consid\u00e9rations m\u00e9thodologiques \u00e0 garder \u00e0 l\u2019esprit\u00a0:<\/p>\n\n\n\n<ul class=\"wp-block-list\">\n<li><strong>Conception de recherche culturellement sensible\u00a0:<\/strong> Avant de se lancer dans une recherche, il est crucial de concevoir des m\u00e9thodes sensibles aux normes et traditions culturelles sp\u00e9cifiques de la communaut\u00e9 autochtone en question. Cela implique de comprendre leurs valeurs, leurs croyances et leurs structures sociales pour formuler les questions de mani\u00e8re appropri\u00e9e.<\/li>\n\n\n\n<li><strong>Approches collaboratives et participatives\u00a0:<\/strong> Plut\u00f4t que d\u2019imposer des cadres de recherche externes, il est avantageux d\u2019adopter une approche collaborative. Collaborez avec les dirigeants communautaires, les a\u00een\u00e9s ou les repr\u00e9sentants pour garantir que la recherche est mutuellement b\u00e9n\u00e9fique et respectueuse.<\/li>\n\n\n\n<li><strong>Consentement \u00e9clair\u00e9 pr\u00e9alable\u00a0:<\/strong> Always ensure that participants understand the purpose of the research, how the data will be used, and any potential implications. Securing informed consent upholds the principle of transparency and trust in <a href=\"https:\/\/www.sisinternational.com\/fr\/competence\/les-industries\/directeur-de-linformation-cio-etudes-de-marche\/\" title=\"\u00c9tude de march\u00e9 du directeur de l\u2019information (CIO)\"  data-wpil-monitor-id=\"5662\">\u00e9tude de march\u00e9 sur les peuples autochtones<\/a>.<\/li>\n\n\n\n<li><strong>Accent sur les m\u00e9thodes qualitatives\u00a0:<\/strong> Alors que les donn\u00e9es quantitatives peuvent fournir des informations pr\u00e9cieuses, les m\u00e9thodes qualitatives telles que les entretiens approfondis, les groupes de discussion et l&#039;observation participante peuvent offrir des informations plus riches et sp\u00e9cifiques au contexte au sein des communaut\u00e9s autochtones.<\/li>\n\n\n\n<li><strong>Utilisation de la langue locale\u00a0:<\/strong> Dans la mesure du possible, il est essentiel de mener des \u00e9tudes de march\u00e9 sur les populations autochtones dans la langue locale de la communaut\u00e9. Cela garantit une compr\u00e9hension plus claire et favorise la confiance. Si n\u00e9cessaire, faites appel \u00e0 des interpr\u00e8tes connaissant \u00e0 la fois la langue et les nuances culturelles.<\/li>\n\n\n\n<li><strong>Traitement \u00e9thique des donn\u00e9es\u00a0:<\/strong> Les donn\u00e9es collect\u00e9es aupr\u00e8s des communaut\u00e9s autochtones peuvent \u00eatre sensibles, surtout si elles touchent aux connaissances, pratiques ou croyances traditionnelles. Assurez-vous que ces donn\u00e9es sont trait\u00e9es avec la plus grande confidentialit\u00e9 et le plus grand respect.<\/li>\n\n\n\n<li><strong>Reconna\u00eetre les syst\u00e8mes de connaissances autochtones\u00a0:<\/strong> Plut\u00f4t que d\u2019aborder la recherche d\u2019un point de vue purement occidental ou externe, reconnaissez et valorisez les syst\u00e8mes de connaissances autochtones en place. Cela peut fournir une compr\u00e9hension plus riche et plus holistique des perspectives de la communaut\u00e9.<\/li>\n\n\n\n<li><strong>M\u00e9canismes de r\u00e9troaction\u00a0:<\/strong> Once the research is concluded, create mechanisms to share findings with the community. This ensures transparency and allows the community to provide feedback or clarifications, enhancing the <a href=\"https:\/\/www.sisinternational.com\/fr\/solutions\/solutions-de-recherche-qualitative-et-quantitative\/entretiens-telephoniques-et-etude-de-marche\/\" title=\"\u00c9tude de march\u00e9 sur les entretiens t\u00e9l\u00e9phoniques approfondis\"  data-wpil-monitor-id=\"10443\">research&#8217;s accuracy and depth<\/a>.<\/li>\n\n\n\n<li><strong>Formation continue de sensibilisation culturelle\u00a0:<\/strong> Pour <a href=\"https:\/\/www.sisinternational.com\/fr\/solutions\/societe-detudes-de-marche-communautaire-en-ligne-b2b\/\" title=\"Soci\u00e9t\u00e9 d&#039;\u00e9tudes de march\u00e9 sur les communaut\u00e9s en ligne B2B\"  data-wpil-monitor-id=\"10446\">researchers unfamiliar with the indigenous community<\/a>, continual cultural awareness training is essential. This minimizes misunderstandings and ensures respectful engagement.<\/li>\n\n\n\n<li><strong>Engagement \u00e0 long terme\u00a0:<\/strong> Plut\u00f4t qu\u2019un projet de recherche ponctuel, envisagez d\u2019\u00e9tablir des relations \u00e0 long terme avec les communaut\u00e9s autochtones. Cela favorise la confiance, permet d\u2019obtenir des informations plus approfondies et cr\u00e9e des possibilit\u00e9s de collaboration continue.<\/li>\n<\/ul>\n\n\n\n<h2 class=\"wp-block-heading\">D\u00e9fis li\u00e9s \u00e0 la r\u00e9alisation d\u2019\u00e9tudes de march\u00e9 sur les peuples autochtones<\/h2>\n\n\n\n<figure class=\"gb-block-image gb-block-image-7360fc63\"><img loading=\"lazy\" decoding=\"async\" width=\"1456\" height=\"816\" class=\"gb-image gb-image-7360fc63\" src=\"https:\/\/www.sisinternational.com\/wp-content\/uploads\/2025\/08\/Indigenous-people-4.jpg\" alt=\"\u00c9tudes de march\u00e9 et strat\u00e9gie internationales SIS\" title=\"Indigenous people (4)\" srcset=\"https:\/\/www.sisinternational.com\/wp-content\/uploads\/2025\/08\/Indigenous-people-4.jpg 1456w, https:\/\/www.sisinternational.com\/wp-content\/uploads\/2025\/08\/Indigenous-people-4-300x168.jpg 300w, https:\/\/www.sisinternational.com\/wp-content\/uploads\/2025\/08\/Indigenous-people-4-1024x574.jpg 1024w, https:\/\/www.sisinternational.com\/wp-content\/uploads\/2025\/08\/Indigenous-people-4-768x430.jpg 768w, https:\/\/www.sisinternational.com\/wp-content\/uploads\/2025\/08\/Indigenous-people-4-18x10.jpg 18w\" sizes=\"auto, (max-width: 1456px) 100vw, 1456px\"><\/figure>\n\n\n\n<p><\/p>\n\n\n\n<p>Conducting indigenous people market research comes with a unique set of challenges. The distinctive cultural, historical, and societal contexts of these <a href=\"https:\/\/www.sisinternational.com\/fr\/solutions\/recherche-de-conseil-en-strategie-fintech\/conseil-en-strategie-detudes-de-marche-sur-les-banques-communautaires\/\" title=\"\u00c9tudes de march\u00e9 et conseil en strat\u00e9gie sur les banques communautaires\"  data-wpil-monitor-id=\"10452\">communities require researchers<\/a> to exercise sensitivity, patience, and respect. Below are some of the most prominent challenges faced in this area:<\/p>\n\n\n\n<ul class=\"wp-block-list\">\n<li><strong>Sensibilit\u00e9 culturelle:<\/strong> Les communaut\u00e9s autochtones ont des traditions, des valeurs et des syst\u00e8mes de croyances uniques. Les chercheurs pourraient par inadvertance offenser ou mal comprendre ces cultures s\u2019ils les abordent sans la conscience et la sensibilit\u00e9 appropri\u00e9es.<\/li>\n\n\n\n<li><strong>Gagner la confiance\u00a0:<\/strong> Historical exploitation and mistreatment of indigenous communities by outsiders have resulted in deep-seated mistrust. <a href=\"https:\/\/www.sisinternational.com\/fr\/publications\/etude-de-marche-sur-les-entreprises-evolutives-7-facons-de-creer-une-entreprise-evolutive\/\" title=\"\u00c9tude de march\u00e9 sur les entreprises \u00e9volutives\u00a0: 7 fa\u00e7ons de cr\u00e9er une entreprise \u00e9volutive\"  data-wpil-monitor-id=\"10449\">Building trust to facilitate meaningful research<\/a> requires time, transparency, and genuine intent.<\/li>\n\n\n\n<li><strong>Barri\u00e8re de la langue:<\/strong> De nombreuses communaut\u00e9s autochtones parlent leurs langues ou dialectes, ce qui peut rendre la communication difficile.<\/li>\n\n\n\n<li><strong>Consid\u00e9rations \u00e9thiques:<\/strong> There is a thin line between research and exploitation. Ensuring that the community <a href=\"https:\/\/www.sisinternational.com\/fr\/solutions\/solutions-de-recherche-qualitative-et-quantitative\/quantitative-research-benefits\/\" title=\"Quantitative Research Benefits\"  data-wpil-monitor-id=\"10441\">benefits from the research<\/a>, especially if it leads to commercial outcomes, is a significant ethical concern.<\/li>\n\n\n\n<li><strong>D\u00e9fis logistiques\u00a0:<\/strong> Some indigenous communities live in remote or hard-to-reach areas, making the <a href=\"https:\/\/www.sisinternational.com\/fr\/competence\/les-industries\/etude-de-marche-sur-la-logistique-tierce\/\" title=\"\u00c9tude de march\u00e9 sur la logistique tierce\"  data-wpil-monitor-id=\"4780\">logistics of conducting research<\/a> challenging.<\/li>\n\n\n\n<li><strong>Prot\u00e9ger les savoirs traditionnels\u00a0:<\/strong> Les communaut\u00e9s autochtones peuvent h\u00e9siter \u00e0 partager leurs connaissances traditionnelles, craignant une utilisation abusive ou une exploitation commerciale sans compensation ni reconnaissance.<\/li>\n\n\n\n<li><strong>Biais et id\u00e9es pr\u00e9con\u00e7ues\u00a0:<\/strong> Researchers might carry unconscious biases or preconceived notions about indigenous communities. These biases can skew the <a href=\"https:\/\/www.sisinternational.com\/fr\/etude-de-marche-sur-la-generation-de-leads-b2b\/\" title=\"\u00c9tude de march\u00e9 sur la g\u00e9n\u00e9ration de leads B2B\"  data-wpil-monitor-id=\"10456\">research findings or lead<\/a> to misinterpretations.<\/li>\n\n\n\n<li><strong>Pr\u00e9occupations m\u00e9thodologiques\u00a0:<\/strong> Les m\u00e9thodologies standard d\u2019\u00e9tude de march\u00e9 peuvent ne pas \u00eatre applicables ou efficaces aux \u00e9tudes de march\u00e9 sur les populations autochtones. Des approches personnalis\u00e9es respectant les normes et les structures de la communaut\u00e9 pourraient \u00eatre n\u00e9cessaires.<\/li>\n\n\n\n<li><strong>Questions juridiques et r\u00e9glementaires\u00a0:<\/strong> Il peut exister des r\u00e9glementations et conventions locales, nationales ou internationales (comme le Protocole de Nagoya) r\u00e9gissant la recherche au sein des communaut\u00e9s autochtones. S\u2019y retrouver peut s\u2019av\u00e9rer complexe.<\/li>\n\n\n\n<li><strong>Feedback and <\/strong><a href=\"https:\/\/www.sisinternational.com\/fr\/competence\/les-industries\/etude-de-marche-sur-lindustrie-du-covoiturage\/\" title=\"\u00c9tude de march\u00e9 sur le covoiturage\"  data-wpil-monitor-id=\"10442\">Sharing of Results: After research<\/a> completion, ensuring that findings are shared with the community understandably and transparently is crucial. This process might require additional resources and time.<\/li>\n<\/ul>","protected":false},"excerpt":{"rendered":"<p>Dans les \u00e9tudes de march\u00e9, les communaut\u00e9s autochtones sont profond\u00e9ment riches mais sous-repr\u00e9sent\u00e9es. Leur histoire et leurs cultures offrent des informations inestimables.<\/p>","protected":false},"author":1,"featured_media":63531,"parent":14514,"menu_order":352,"comment_status":"closed","ping_status":"closed","template":"","meta":{"footnotes":""},"class_list":["post-43335","page","type-page","status-publish","has-post-thumbnail"],"_links":{"self":[{"href":"https:\/\/www.sisinternational.com\/fr\/wp-json\/wp\/v2\/pages\/43335","targetHints":{"allow":["GET"]}}],"collection":[{"href":"https:\/\/www.sisinternational.com\/fr\/wp-json\/wp\/v2\/pages"}],"about":[{"href":"https:\/\/www.sisinternational.com\/fr\/wp-json\/wp\/v2\/types\/page"}],"author":[{"embeddable":true,"href":"https:\/\/www.sisinternational.com\/fr\/wp-json\/wp\/v2\/users\/1"}],"replies":[{"embeddable":true,"href":"https:\/\/www.sisinternational.com\/fr\/wp-json\/wp\/v2\/comments?post=43335"}],"version-history":[{"count":6,"href":"https:\/\/www.sisinternational.com\/fr\/wp-json\/wp\/v2\/pages\/43335\/revisions"}],"predecessor-version":[{"id":81720,"href":"https:\/\/www.sisinternational.com\/fr\/wp-json\/wp\/v2\/pages\/43335\/revisions\/81720"}],"up":[{"embeddable":true,"href":"https:\/\/www.sisinternational.com\/fr\/wp-json\/wp\/v2\/pages\/14514"}],"wp:featuredmedia":[{"embeddable":true,"href":"https:\/\/www.sisinternational.com\/fr\/wp-json\/wp\/v2\/media\/63531"}],"wp:attachment":[{"href":"https:\/\/www.sisinternational.com\/fr\/wp-json\/wp\/v2\/media?parent=43335"}],"curies":[{"name":"wp","href":"https:\/\/api.w.org\/{rel}","templated":true}]}}