{"id":43332,"date":"2023-09-02T12:27:05","date_gmt":"2023-09-02T16:27:05","guid":{"rendered":"https:\/\/www.sisinternational.com\/?page_id=43332"},"modified":"2026-01-27T15:24:01","modified_gmt":"2026-01-27T20:24:01","slug":"etude-de-marche-des-pays-frontieres","status":"publish","type":"page","link":"https:\/\/www.sisinternational.com\/fr\/competence\/etude-de-marche-des-pays-frontieres\/","title":{"rendered":"\u00c9tude de march\u00e9 des pays frontaliers"},"content":{"rendered":"<h1 class=\"wp-block-heading\">\u00c9tude de march\u00e9 des pays frontaliers<\/h1>\n\n\n\n<figure class=\"gb-block-image gb-block-image-5398cda9\"><img loading=\"lazy\" decoding=\"async\" width=\"1456\" height=\"816\" class=\"gb-image gb-image-5398cda9\" src=\"https:\/\/www.sisinternational.com\/wp-content\/uploads\/2025\/08\/Global-8.jpg\" alt=\"\u00c9tudes de march\u00e9 et strat\u00e9gie internationales SIS\" title=\"Global (8)\" srcset=\"https:\/\/www.sisinternational.com\/wp-content\/uploads\/2025\/08\/Global-8.jpg 1456w, https:\/\/www.sisinternational.com\/wp-content\/uploads\/2025\/08\/Global-8-300x168.jpg 300w, https:\/\/www.sisinternational.com\/wp-content\/uploads\/2025\/08\/Global-8-1024x574.jpg 1024w, https:\/\/www.sisinternational.com\/wp-content\/uploads\/2025\/08\/Global-8-768x430.jpg 768w, https:\/\/www.sisinternational.com\/wp-content\/uploads\/2025\/08\/Global-8-18x10.jpg 18w\" sizes=\"auto, (max-width: 1456px) 100vw, 1456px\"><\/figure>\n\n\n\n<p><\/p>\n\n\n\n<p>Dans l\u2019\u00e9conomie mondiale moderne, les march\u00e9s fronti\u00e8res repr\u00e9sentent un vaste r\u00e9servoir de potentiel inexploit\u00e9, \u00e9clips\u00e9 par leurs homologues des march\u00e9s \u00e9mergents et d\u00e9velopp\u00e9s. Cependant, ces pays offrent un m\u00e9lange unique d\u2019opportunit\u00e9s et de d\u00e9fis qui peuvent attirer les investisseurs qui cherchent au-del\u00e0 des march\u00e9s traditionnels \u00e0 la recherche de croissance et de diversification.<\/p>\n\n\n\n<p>C&#039;est pourquoi les \u00e9tudes de march\u00e9 sur les pays fronti\u00e8res jouent un r\u00f4le crucial en offrant des informations approfondies pour la prise de d\u00e9cision sur des march\u00e9s o\u00f9 les informations sont souvent limit\u00e9es et pleines de biais.<\/p>\n\n\n\n<h2 class=\"wp-block-heading\">Comprendre les \u00e9tudes de march\u00e9 des pays fronti\u00e8res<\/h2>\n\n\n\n<p>The term &#8220;frontier market&#8221; describes <a href=\"https:\/\/www.sisinternational.com\/fr\/marche-des-produits-de-grande-consommation-au-vietnam\/\" title=\"March\u00e9 des produits de grande consommation au Vietnam\"  data-wpil-monitor-id=\"7587\">des pays<\/a> that are in the transitional phase between developing and emerging market status. They are characterized by their developing economies, capital markets, and financial systems. Thus, understanding the nuances of frontier market country market research is essential for businesses and investors aiming to harness the opportunities these markets offer while navigating the inherent challenges.<\/p>\n\n\n\n<h3 class=\"wp-block-heading\">Que sont les march\u00e9s fronti\u00e8res ?<\/h3>\n\n\n\n<figure class=\"gb-block-image gb-block-image-237756ed\"><img loading=\"lazy\" decoding=\"async\" width=\"1456\" height=\"816\" class=\"gb-image gb-image-237756ed\" src=\"https:\/\/www.sisinternational.com\/wp-content\/uploads\/2025\/08\/Global-10.jpg\" alt=\"\u00c9tudes de march\u00e9 et strat\u00e9gie internationales SIS\" title=\"Global (10)\" srcset=\"https:\/\/www.sisinternational.com\/wp-content\/uploads\/2025\/08\/Global-10.jpg 1456w, https:\/\/www.sisinternational.com\/wp-content\/uploads\/2025\/08\/Global-10-300x168.jpg 300w, https:\/\/www.sisinternational.com\/wp-content\/uploads\/2025\/08\/Global-10-1024x574.jpg 1024w, https:\/\/www.sisinternational.com\/wp-content\/uploads\/2025\/08\/Global-10-768x430.jpg 768w, https:\/\/www.sisinternational.com\/wp-content\/uploads\/2025\/08\/Global-10-18x10.jpg 18w\" sizes=\"auto, (max-width: 1456px) 100vw, 1456px\"><\/figure>\n\n\n\n<p><\/p>\n\n\n\n<p>Bien qu&#039;il n&#039;existe pas de liste universellement accept\u00e9e de march\u00e9s fronti\u00e8res, des institutions comme le MSCI (Morgan Stanley Capital International) ont leurs cat\u00e9gorisations, g\u00e9n\u00e9ralement bas\u00e9es sur la taille du march\u00e9, la liquidit\u00e9 et le d\u00e9veloppement \u00e9conomique.<\/p>\n\n\n\n<ul class=\"wp-block-list\">\n<li><strong>Profondeur et acc\u00e8s au march\u00e9\u00a0:<\/strong> Les march\u00e9s fronti\u00e8res comptent g\u00e9n\u00e9ralement moins de soci\u00e9t\u00e9s cot\u00e9es, des volumes de transactions quotidiens plus faibles et des syst\u00e8mes financiers moins d\u00e9velopp\u00e9s.<\/li>\n\n\n\n<li><strong>Diversification \u00e9conomique\u00a0:<\/strong> De nombreux march\u00e9s fronti\u00e8res ont des \u00e9conomies centr\u00e9es sur quelques secteurs cl\u00e9s, souvent les ressources naturelles ou l\u2019agriculture.<\/li>\n\n\n\n<li><strong>Environnement r\u00e9glementaire:<\/strong> Des syst\u00e8mes r\u00e9glementaires moins matures peuvent signifier \u00e0 la fois des opportunit\u00e9s pour les premiers arriv\u00e9s et des d\u00e9fis en termes de conformit\u00e9 et de compr\u00e9hension des nuances locales.<\/li>\n\n\n\n<li><strong>Potentiel de croissance:<\/strong> En raison de leur stade naissant, les march\u00e9s fronti\u00e8res pr\u00e9sentent des taux de croissance plus \u00e9lev\u00e9s que les march\u00e9s plus d\u00e9velopp\u00e9s.<\/li>\n<\/ul>\n\n\n\n<h3 class=\"wp-block-heading\">Pourquoi les \u00e9tudes de march\u00e9 dans les pays frontaliers sont cruciales pour les entreprises\u00a0:<\/h3>\n\n\n\n<ul class=\"wp-block-list\">\n<li><strong>Asym\u00e9trie de l&#039;information:<\/strong> Les march\u00e9s fronti\u00e8res souffrent d\u2019un manque d\u2019informations fiables et facilement accessibles. Une \u00e9tude de march\u00e9 efficace comble cette lacune, en fournissant des informations qui pourraient ne pas \u00eatre facilement accessibles \u00e0 l&#039;investisseur ou \u00e0 l&#039;entreprise moyen.<\/li>\n\n\n\n<li><strong>Nuances culturelles\u00a0:<\/strong> Au-del\u00e0 des chiffres, la compr\u00e9hension des coutumes, des comportements et des valeurs locales est essentielle pour les entreprises cherchant \u00e0 proposer des produits ou des services qui trouvent un \u00e9cho aupr\u00e8s de la population locale.<\/li>\n\n\n\n<li><strong>L&#039;\u00e9valuation des risques:<\/strong> M\u00eame si les march\u00e9s fronti\u00e8res offrent d\u2019importants potentiels de rendement, ils comportent leur part de risques, allant de l\u2019instabilit\u00e9 politique \u00e0 la volatilit\u00e9 des devises. Une \u00e9tude de march\u00e9 compl\u00e8te aide \u00e0 \u00e9valuer et \u00e0 att\u00e9nuer ces risques.<\/li>\n<\/ul>\n\n\n\n<h2 class=\"wp-block-heading\">Pourquoi les \u00e9tudes de march\u00e9 sur les pays frontaliers sont-elles importantes ?<\/h2>\n\n\n\n<figure class=\"gb-block-image gb-block-image-6db43c8b\"><img loading=\"lazy\" decoding=\"async\" width=\"1456\" height=\"816\" class=\"gb-image gb-image-6db43c8b\" src=\"https:\/\/www.sisinternational.com\/wp-content\/uploads\/2025\/08\/Global-4.jpg\" alt=\"\u00c9tudes de march\u00e9 et strat\u00e9gie internationales SIS\" title=\"Global (4)\" srcset=\"https:\/\/www.sisinternational.com\/wp-content\/uploads\/2025\/08\/Global-4.jpg 1456w, https:\/\/www.sisinternational.com\/wp-content\/uploads\/2025\/08\/Global-4-300x168.jpg 300w, https:\/\/www.sisinternational.com\/wp-content\/uploads\/2025\/08\/Global-4-1024x574.jpg 1024w, https:\/\/www.sisinternational.com\/wp-content\/uploads\/2025\/08\/Global-4-768x430.jpg 768w, https:\/\/www.sisinternational.com\/wp-content\/uploads\/2025\/08\/Global-4-18x10.jpg 18w\" sizes=\"auto, (max-width: 1456px) 100vw, 1456px\"><\/figure>\n\n\n\n<p><\/p>\n\n\n\n<p>Les march\u00e9s fronti\u00e8res regorgent de potentiel pour les investisseurs. Cependant, les difficult\u00e9s de ces march\u00e9s rendent la prise de d\u00e9cision indispensable pour comprendre les conditions locales qui autrement rendraient un investissement sur ces march\u00e9s extr\u00eamement risqu\u00e9. Voici pourquoi une telle recherche est indispensable\u00a0:<\/p>\n\n\n\n<ul class=\"wp-block-list\">\n<li><strong>Actifs sous-\u00e9valu\u00e9s\u00a0:<\/strong> De nombreux march\u00e9s fronti\u00e8res poss\u00e8dent des actifs sous-\u00e9valu\u00e9s par rapport \u00e0 leurs homologues mondiaux, offrant des opportunit\u00e9s d\u2019investissement lucratives.<\/li>\n\n\n\n<li><strong>Avantage du premier arrivant\u00a0:<\/strong> \u00catre parmi les premiers \u00e0 p\u00e9n\u00e9trer un march\u00e9 ou une industrie peut donner un avantage concurrentiel, surtout si la concurrence locale est minime.<\/li>\n\n\n\n<li><strong>Diversification:<\/strong> Pour les investisseurs, les march\u00e9s fronti\u00e8res offrent la possibilit\u00e9 de diversifier leurs portefeuilles, offrant souvent des rendements non corr\u00e9l\u00e9s \u00e0 ceux des march\u00e9s traditionnels.<\/li>\n\n\n\n<li><strong>L&#039;instabilit\u00e9 politique:<\/strong> Les march\u00e9s fronti\u00e8res sont sujets \u00e0 des bouleversements politiques, \u00e0 des changements de r\u00e9glementation ou \u00e0 des interventions gouvernementales. Des \u00e9tudes de march\u00e9 approfondies dans les pays frontaliers permettent de mieux comprendre et \u00e9valuer ces risques.<\/li>\n\n\n\n<li><strong>Volatilit\u00e9 du march\u00e9:<\/strong> En raison d\u2019une liquidit\u00e9 moindre et du nombre r\u00e9duit d\u2019acteurs du march\u00e9, les march\u00e9s fronti\u00e8res peuvent \u00eatre plus volatils. Les \u00e9tudes de march\u00e9 dans les pays frontaliers aident \u00e0 comprendre ces dynamiques et \u00e0 planifier en cons\u00e9quence.<\/li>\n\n\n\n<li><strong>Fluctuations mon\u00e9taires\u00a0:<\/strong> De nombreux march\u00e9s fronti\u00e8res ont des devises qui peuvent \u00eatre tr\u00e8s volatiles, en particulier par rapport aux principales devises mondiales. Comprendre et pr\u00e9voir ces fluctuations peut \u00eatre essentiel pour la rentabilit\u00e9.<\/li>\n\n\n\n<li><strong>Sensibilit\u00e9 culturelle:<\/strong> Au-del\u00e0 des seuls facteurs \u00e9conomiques et politiques, la compr\u00e9hension des coutumes, pr\u00e9f\u00e9rences et valeurs locales peut faire ou d\u00e9faire une entreprise.<\/li>\n\n\n\n<li><strong>Paysage r\u00e9glementaire\u00a0:<\/strong> Une compr\u00e9hension approfondie de l\u2019environnement r\u00e9glementaire local peut aider les entreprises \u00e0 rester en conformit\u00e9 et \u00e0 \u00e9viter d\u2019\u00e9ventuelles r\u00e9percussions juridiques.<\/li>\n\n\n\n<li><strong>Confiance des parties prenantes\u00a0:<\/strong> D\u00e9montrer une compr\u00e9hension approfondie du march\u00e9 local peut favoriser la confiance entre les partenaires locaux, les clients et m\u00eame les r\u00e9gulateurs.<\/li>\n\n\n\n<li><strong>Marketing sur mesure\u00a0:<\/strong> Gr\u00e2ce aux \u00e9tudes de march\u00e9 sur les march\u00e9s frontaliers, les entreprises peuvent adapter leurs campagnes de marketing et de publicit\u00e9 pour trouver un \u00e9cho aupr\u00e8s du public local, conduisant ainsi \u00e0 une meilleure perception et fid\u00e9lit\u00e9 \u00e0 la marque.<\/li>\n\n\n\n<li><strong>\u00c9volution du march\u00e9\u00a0:<\/strong> Les march\u00e9s fronti\u00e8res sont dynamiques, avec des changements rapides dans le comportement des consommateurs, l\u2019adoption technologique et la croissance de l\u2019industrie. Les \u00e9tudes de march\u00e9 sur les pays fronti\u00e8res aident les entreprises et les investisseurs \u00e0 garder une longueur d\u2019avance en pr\u00e9voyant ces changements.<\/li>\n<\/ul>\n\n\n\n<h2 class=\"wp-block-heading\">Principaux pays \u00e0 march\u00e9s fronti\u00e8res\u00a0: focus sur les \u00e9tudes de march\u00e9 sur les pays \u00e0 march\u00e9s fronti\u00e8res<\/h2>\n\n\n\n<p>Les march\u00e9s fronti\u00e8res se caract\u00e9risent par des march\u00e9s de capitaux en croissance, combin\u00e9s \u00e0 un environnement \u00e9conomique qui peut ne pas \u00eatre aussi d\u00e9velopp\u00e9 ou efficace que des march\u00e9s plus matures. S&#039;engager dans des \u00e9tudes de march\u00e9 sur les pays fronti\u00e8res offre aux investisseurs et aux entreprises une perspective unique sur ces \u00e9conomies moins explor\u00e9es mais prometteuses. Voici un aper\u00e7u de quelques principaux pays frontaliers\u00a0:<\/p>\n\n\n\n<h3 class=\"wp-block-heading\">Afrique:<\/h3>\n\n\n\n<ul class=\"wp-block-list\">\n<li><strong>Nigeria:<\/strong> Despite its size and rich natural resources, challenges such as political instability and terrorist attacks have kept <a href=\"https:\/\/www.sisinternational.com\/fr\/couverture\/etude-de-marche-en-afrique\/etude-de-marche-au-nigeria\/\" title=\"\u00c9tude de march\u00e9 au Nig\u00e9ria\"  data-wpil-monitor-id=\"5362\">Nigeria in the frontier market<\/a> category.<\/li>\n\n\n\n<li><strong>Kenya:<\/strong> P\u00f4le technologique en pleine croissance en Afrique de l\u2019Est, le Kenya offre des opportunit\u00e9s uniques dans les domaines de la fintech et des t\u00e9l\u00e9communications.<\/li>\n\n\n\n<li><strong>Ghana:<\/strong> Avec une relative stabilit\u00e9 politique et de riches ressources, le Ghana est per\u00e7u favorablement par les investisseurs des march\u00e9s fronti\u00e8res.<\/li>\n<\/ul>\n\n\n\n<h3 class=\"wp-block-heading\">Asie:<\/h3>\n\n\n\n<ul class=\"wp-block-list\">\n<li><strong>Vi\u00eat Nam\u00a0:<\/strong> En croissance et en industrialisation rapides, le Vietnam est devenu un centre manufacturier, d\u2019autant plus que les entreprises diversifient leurs cha\u00eenes d\u2019approvisionnement en provenance de Chine.<\/li>\n\n\n\n<li><strong>Bangladesh\u00a0:<\/strong> Connu pour son industrie textile, le Bangladesh a connu une croissance \u00e9conomique constante ces derni\u00e8res ann\u00e9es.<\/li>\n\n\n\n<li><strong>Birmanie\u00a0:<\/strong> Despite its challenges, Myanmar&#8217;s large population and rich resources make it an interesting <a href=\"https:\/\/www.sisinternational.com\/fr\/couverture\/etude-de-marche-en-asie\/etude-de-marche-au-myanmar\/\" title=\"\u00c9tude de march\u00e9 au Myanmar\"  data-wpil-monitor-id=\"5363\">frontier<\/a> market.<\/li>\n<\/ul>\n\n\n\n<h3 class=\"wp-block-heading\">Moyen-Orient:<\/h3>\n\n\n\n<ul class=\"wp-block-list\">\n<li><strong>Oman:<\/strong> Avec une \u00e9conomie diversifi\u00e9e au-del\u00e0 du seul p\u00e9trole, Oman offre divers secteurs \u00e0 explorer.<\/li>\n<\/ul>\n\n\n\n<h3 class=\"wp-block-heading\">L&#039;Europe \uf0d7:<\/h3>\n\n\n\n<ul class=\"wp-block-list\">\n<li><strong>Roumanie:<\/strong> Avec son secteur technologique en croissance et sa situation strat\u00e9gique en Europe, la Roumanie pr\u00e9sente de nombreuses opportunit\u00e9s d&#039;investissement.<\/li>\n\n\n\n<li><strong>Serbie:<\/strong> B\u00e9n\u00e9ficiant de sa situation europ\u00e9enne et de ses industries en croissance, la Serbie attire l&#039;attention des investisseurs des march\u00e9s fronti\u00e8res.<\/li>\n<\/ul>\n\n\n\n<h3 class=\"wp-block-heading\">L&#039;Am\u00e9rique latine:<\/h3>\n\n\n\n<ul class=\"wp-block-list\">\n<li><strong>Paraguay\u00a0:<\/strong> Often overshadowed by its larger neighbors, Paraguay&#8217;s agricultural sector and consistent growth make it an interesting <a href=\"https:\/\/www.sisinternational.com\/fr\/couverture\/les-ameriques\/etude-de-marche-en-amerique-latine\/etude-de-marche-au-paraguay\/\" title=\"\u00c9tude de march\u00e9 au Paraguay\"  data-wpil-monitor-id=\"5314\">frontier<\/a> market.<\/li>\n<\/ul>\n\n\n\n<h2 class=\"wp-block-heading\">Les tendances qui fa\u00e7onnent les \u00e9tudes de march\u00e9 sur les pays fronti\u00e8res<\/h2>\n\n\n\n<figure class=\"gb-block-image gb-block-image-206b3e38\"><img loading=\"lazy\" decoding=\"async\" width=\"1456\" height=\"816\" class=\"gb-image gb-image-206b3e38\" src=\"https:\/\/www.sisinternational.com\/wp-content\/uploads\/2025\/08\/Global-5.jpg\" alt=\"\u00c9tudes de march\u00e9 et strat\u00e9gie internationales SIS\" title=\"Global (5)\" srcset=\"https:\/\/www.sisinternational.com\/wp-content\/uploads\/2025\/08\/Global-5.jpg 1456w, https:\/\/www.sisinternational.com\/wp-content\/uploads\/2025\/08\/Global-5-300x168.jpg 300w, https:\/\/www.sisinternational.com\/wp-content\/uploads\/2025\/08\/Global-5-1024x574.jpg 1024w, https:\/\/www.sisinternational.com\/wp-content\/uploads\/2025\/08\/Global-5-768x430.jpg 768w, https:\/\/www.sisinternational.com\/wp-content\/uploads\/2025\/08\/Global-5-18x10.jpg 18w\" sizes=\"auto, (max-width: 1456px) 100vw, 1456px\"><\/figure>\n\n\n\n<p><\/p>\n\n\n\n<p>Le monde des \u00e9tudes de march\u00e9 sur les pays fronti\u00e8res est en constante \u00e9volution, influenc\u00e9 \u00e0 la fois par les tendances macro\u00e9conomiques mondiales et par la dynamique du march\u00e9 local \u2013 et voici quelques-unes des tendances les plus marquantes\u00a0:<\/p>\n\n\n\n<ul class=\"wp-block-list\">\n<li><strong>P\u00e9n\u00e9tration croissante d\u2019Internet\u00a0:<\/strong> Alors que de plus en plus de personnes acc\u00e8dent \u00e0 Internet, notamment via des appareils mobiles, les march\u00e9s fronti\u00e8res assistent \u00e0 une r\u00e9volution num\u00e9rique. Cela offre aux chercheurs de nouvelles voies pour recueillir des donn\u00e9es et des informations.<\/li>\n\n\n\n<li><strong>Growing <\/strong><a href=\"https:\/\/www.sisinternational.com\/fr\/etude-de-marche-au-moyen-orient\/\" title=\"Etude de march\u00e9 au Moyen-Orient\"  data-wpil-monitor-id=\"7328\">Middle Class: Many frontier markets<\/a> are experiencing the rise of a more affluent middle class, changing consumption patterns and demanding more sophisticated products and services.<\/li>\n\n\n\n<li><strong>Urbanisation:<\/strong> \u00c0 mesure que de plus en plus de personnes migrent vers les zones urbaines, on assiste \u00e0 un changement dans les modes de vie, les habitudes de consommation et les priorit\u00e9s.<\/li>\n\n\n\n<li><strong>Durabilit\u00e9 et consid\u00e9rations \u00e9thiques\u00a0:<\/strong> Conscientes \u00e0 l\u2019\u00e9chelle mondiale des questions de d\u00e9veloppement durable, les entreprises souhaitent comprendre les consid\u00e9rations environnementales et sociales locales. Les \u00e9tudes de march\u00e9 dans les pays fronti\u00e8res se concentrent de plus en plus sur ces aspects pour \u00e9clairer les pratiques commerciales \u00e9thiques.<\/li>\n\n\n\n<li><strong>Int\u00e9gration de technologies avanc\u00e9es\u00a0:<\/strong> L\u2019utilisation de l\u2019intelligence artificielle (IA) et de l\u2019apprentissage automatique (ML) est en hausse pour analyser de grandes quantit\u00e9s de donn\u00e9es, identifier des mod\u00e8les et pr\u00e9voir les tendances du march\u00e9. La r\u00e9alit\u00e9 virtuelle (VR) et la r\u00e9alit\u00e9 augment\u00e9e (AR) sont utilis\u00e9es pour les visites de march\u00e9s virtuels et les \u00e9tudes immersives sur l&#039;exp\u00e9rience consommateur.<\/li>\n\n\n\n<li><strong>Nuances culturelles et strat\u00e9gies localis\u00e9es\u00a0:<\/strong> Il existe une appr\u00e9ciation croissante des diverses nuances culturelles qui existent au sein des march\u00e9s fronti\u00e8res. Des m\u00e9thodologies de recherche sur mesure prenant en compte les traditions, les langues et les comportements locaux sont de plus en plus demand\u00e9es.<\/li>\n\n\n\n<li><strong>Focus sur les \u00e9conomies informelles\u00a0:<\/strong> Conscients qu\u2019une part importante de l\u2019activit\u00e9 \u00e9conomique sur les march\u00e9s fronti\u00e8res se d\u00e9roule en dehors des circuits formels, les chercheurs consacrent des ressources \u00e0 la compr\u00e9hension de ces secteurs informels.<\/li>\n\n\n\n<li><strong>Gestion des risques:<\/strong> Compte tenu de la volatilit\u00e9 inh\u00e9rente aux march\u00e9s fronti\u00e8res, l\u2019accent est mis davantage sur l\u2019\u00e9valuation des risques, allant des risques politiques aux fluctuations mon\u00e9taires. Les chercheurs utilisent des outils et des m\u00e9thodologies plus sophistiqu\u00e9s pour \u00e9valuer et communiquer ces risques.<\/li>\n<\/ul>","protected":false},"excerpt":{"rendered":"<p>Le terme \u00ab march\u00e9 fronti\u00e8re \u00bb d\u00e9crit les pays qui se trouvent dans la phase de transition entre le statut de march\u00e9 en d\u00e9veloppement et celui de march\u00e9 \u00e9mergent.<\/p>","protected":false},"author":1,"featured_media":62416,"parent":14514,"menu_order":351,"comment_status":"closed","ping_status":"closed","template":"","meta":{"footnotes":""},"class_list":["post-43332","page","type-page","status-publish","has-post-thumbnail"],"_links":{"self":[{"href":"https:\/\/www.sisinternational.com\/fr\/wp-json\/wp\/v2\/pages\/43332","targetHints":{"allow":["GET"]}}],"collection":[{"href":"https:\/\/www.sisinternational.com\/fr\/wp-json\/wp\/v2\/pages"}],"about":[{"href":"https:\/\/www.sisinternational.com\/fr\/wp-json\/wp\/v2\/types\/page"}],"author":[{"embeddable":true,"href":"https:\/\/www.sisinternational.com\/fr\/wp-json\/wp\/v2\/users\/1"}],"replies":[{"embeddable":true,"href":"https:\/\/www.sisinternational.com\/fr\/wp-json\/wp\/v2\/comments?post=43332"}],"version-history":[{"count":7,"href":"https:\/\/www.sisinternational.com\/fr\/wp-json\/wp\/v2\/pages\/43332\/revisions"}],"predecessor-version":[{"id":81210,"href":"https:\/\/www.sisinternational.com\/fr\/wp-json\/wp\/v2\/pages\/43332\/revisions\/81210"}],"up":[{"embeddable":true,"href":"https:\/\/www.sisinternational.com\/fr\/wp-json\/wp\/v2\/pages\/14514"}],"wp:featuredmedia":[{"embeddable":true,"href":"https:\/\/www.sisinternational.com\/fr\/wp-json\/wp\/v2\/media\/62416"}],"wp:attachment":[{"href":"https:\/\/www.sisinternational.com\/fr\/wp-json\/wp\/v2\/media?parent=43332"}],"curies":[{"name":"wp","href":"https:\/\/api.w.org\/{rel}","templated":true}]}}