{"id":43329,"date":"2023-09-02T12:08:21","date_gmt":"2023-09-02T16:08:21","guid":{"rendered":"https:\/\/www.sisinternational.com\/?page_id=43329"},"modified":"2026-03-12T20:02:02","modified_gmt":"2026-03-13T00:02:02","slug":"etude-de-marche-de-la-charcuterie","status":"publish","type":"page","link":"https:\/\/www.sisinternational.com\/fr\/solutions\/etude-de-marche-sur-lindustrie-des-boissons-alimentaires\/etude-de-marche-de-la-charcuterie\/","title":{"rendered":"\u00c9tude de march\u00e9 sur la charcuterie"},"content":{"rendered":"<h1 class=\"wp-block-heading\">\u00c9tude de march\u00e9 sur la charcuterie<\/h1>\n\n\n\n<figure class=\"gb-block-image gb-block-image-4e3af304\"><img loading=\"lazy\" decoding=\"async\" width=\"1456\" height=\"816\" class=\"gb-image gb-image-4e3af304\" src=\"https:\/\/www.sisinternational.com\/wp-content\/uploads\/2025\/08\/Retail-26.jpg\" alt=\"\u00c9tudes de march\u00e9 et strat\u00e9gie internationales SIS\" title=\"Retail (26)\" srcset=\"https:\/\/www.sisinternational.com\/wp-content\/uploads\/2025\/08\/Retail-26.jpg 1456w, https:\/\/www.sisinternational.com\/wp-content\/uploads\/2025\/08\/Retail-26-300x168.jpg 300w, https:\/\/www.sisinternational.com\/wp-content\/uploads\/2025\/08\/Retail-26-1024x574.jpg 1024w, https:\/\/www.sisinternational.com\/wp-content\/uploads\/2025\/08\/Retail-26-768x430.jpg 768w, https:\/\/www.sisinternational.com\/wp-content\/uploads\/2025\/08\/Retail-26-18x10.jpg 18w\" sizes=\"auto, (max-width: 1456px) 100vw, 1456px\"><\/figure>\n\n\n\n<p><\/p>\n\n\n\n<p>Une \u00e9picerie fine est un \u00e9tablissement de vente au d\u00e9tail qui vend une s\u00e9lection d&#039;aliments raffin\u00e9s, inhabituels ou pr\u00e9par\u00e9s \u00e0 l&#039;\u00e9tranger. Mais le secteur de la charcuterie n\u2019est pas statique. Elle est influenc\u00e9e par l\u2019\u00e9volution des pr\u00e9f\u00e9rences des consommateurs, l\u2019\u00e9volution des tendances culinaires et des facteurs socio-\u00e9conomiques plus larges. Ce dynamisme souligne la n\u00e9cessit\u00e9 d\u2019une \u00e9tude de march\u00e9 compl\u00e8te de la charcuterie pour obtenir une compr\u00e9hension du march\u00e9 de la charcuterie pour les parties prenantes souhaitant s\u2019aventurer ou se d\u00e9velopper dans ce segment.<\/p>\n\n\n\n<h2 class=\"wp-block-heading\">Aper\u00e7u mondial du march\u00e9 de la charcuterie<\/h2>\n\n\n\n<p>Dans le monde interconnect\u00e9 d&#039;aujourd&#039;hui, le palais du consommateur moyen a \u00e9volu\u00e9 pour s&#039;ouvrir \u00e0 un large \u00e9ventail de saveurs \u2013 et le secteur de la charcuterie sert de pont entre tradition et innovation. Gr\u00e2ce \u00e0 des \u00e9tudes de march\u00e9 sur la charcuterie, les entreprises peuvent pleinement comprendre cette industrie afin de r\u00e9pondre aux demandes en constante \u00e9volution des consommateurs mondiaux.<\/p>\n\n\n\n<ul class=\"wp-block-list\">\n<li><a href=\"https:\/\/www.sisinternational.com\/fr\/transporteurs-low-cost-dans-lindustrie-aeronautique\/\" title=\"\u00c9tude de march\u00e9 sur les compagnies a\u00e9riennes \u00e0 bas prix\"  data-wpil-monitor-id=\"9912\">Market Size and Growth: The global<\/a> deli market has witnessed consistent growth over the past few years, with a current market valuation running into billions of dollars.<\/li>\n\n\n\n<li><strong>Distribution g\u00e9ographique:<\/strong> Deli <a href=\"https:\/\/www.sisinternational.com\/fr\/couverture\/leurope-%ef%83%97\/etude-de-marche-saint-marin-europe\/\" title=\"\u00c9tude de march\u00e9 \u00e0 Saint-Marin, Europe\"  data-wpil-monitor-id=\"3779\">market research reveals that while Europe<\/a> and North America have traditionally been dominant players due to their rich history of charcuterie and artisanal food culture, Asia-Pacific regions, particularly Japan and South Korea, are rapidly emerging as significant markets. This growth is fueled by a blend of Western influence and a deep-rooted appreciation for specialty foods.<\/li>\n\n\n\n<li><strong>Tendances de consommation\u00a0:<\/strong> Il existe une nette tendance vers les produits biologiques, locaux et artisanaux. De plus, avec la prise de conscience croissante de la sant\u00e9, il existe une demande croissante de charcuteries proposant des options fra\u00eeches, faibles en calories et sans conservateurs.<\/li>\n\n\n\n<li><strong>Influence num\u00e9rique\u00a0:<\/strong> Online deli stores and delivery services are gaining traction as consumers seek convenience along with quality. Additionally, delis are leveraging <a href=\"https:\/\/www.sisinternational.com\/fr\/solutions\/solutions-de-branding-et-de-recherche-client\/quest-ce-que-le-marketing-dinfluence\/\" title=\"Qu\u2019est-ce que le marketing d\u2019influence ? Marketing des m\u00e9dias sociaux?\"  data-wpil-monitor-id=\"9916\">social media platforms for marketing<\/a>, engaging with their customers, and even taking orders.<\/li>\n\n\n\n<li><strong>Durabilit\u00e9 et consid\u00e9rations \u00e9thiques\u00a0:<\/strong> Les consommateurs modernes ne se soucient pas seulement du go\u00fbt et de la qualit\u00e9, ils sont de plus en plus conscients des implications environnementales et \u00e9thiques de leurs choix alimentaires. Ainsi, les \u00e9tudes de march\u00e9 de la charcuterie montrent une demande croissante de produits issus de sources durables et de b\u00e9tail trait\u00e9 de mani\u00e8re \u00e9thique, poussant les charcuteries vers des pratiques plus transparentes et responsables.<\/li>\n<\/ul>\n\n\n\n<h2 class=\"wp-block-heading\">Avantages de mener une \u00e9tude de march\u00e9 sur la charcuterie<\/h2>\n\n\n\n<p>Mener une \u00e9tude de march\u00e9 sur la charcuterie peut fournir des informations inestimables, guidant les parties prenantes \u00e0 prendre des d\u00e9cisions \u00e9clair\u00e9es et \u00e0 se tailler une niche dans ce paysage concurrentiel. Voici quelques-uns des principaux avantages\u00a0:<\/p>\n\n\n\n<ul class=\"wp-block-list\">\n<li><strong>La connaissance des consommateurs:<\/strong> Les \u00e9tudes de march\u00e9 sur la charcuterie offrent une analyse approfondie des comportements, des pr\u00e9f\u00e9rences et des habitudes d\u2019achat des consommateurs. Il aide les entreprises \u00e0 adapter leurs offres, en s&#039;assurant qu&#039;elles r\u00e9pondent aux demandes changeantes de leur public cible.<\/li>\n\n\n\n<li><strong>Avantage comp\u00e9titif:<\/strong> Les entreprises peuvent identifier les lacunes du march\u00e9, les domaines de diff\u00e9renciation et les opportunit\u00e9s potentielles pour obtenir un avantage concurrentiel gr\u00e2ce \u00e0 des informations compl\u00e8tes sur les strat\u00e9gies et les performances des concurrents.<\/li>\n\n\n\n<li><strong>D\u00e9veloppement de produits\u00a0:<\/strong> Les \u00e9tudes de march\u00e9 sur la charcuterie peuvent mettre en \u00e9vidence les tendances alimentaires \u00e9mergentes, les ingr\u00e9dients populaires et les nouvelles techniques culinaires. Ces informations sont cruciales pour d\u00e9velopper des produits qui trouvent un \u00e9cho aupr\u00e8s des consommateurs modernes et anticipent les besoins futurs du march\u00e9.<\/li>\n\n\n\n<li><strong>Strat\u00e9gie de prix:<\/strong> En comprenant les sensibilit\u00e9s des consommateurs aux prix et en se comparant \u00e0 leurs concurrents, les entreprises peuvent d\u00e9velopper des strat\u00e9gies de tarification qui maximisent la rentabilit\u00e9 tout en offrant de la valeur aux clients.<\/li>\n\n\n\n<li><strong>Expansion et croissance\u00a0:<\/strong> Pour les entreprises qui cherchent \u00e0 se d\u00e9velopper, que ce soit g\u00e9ographiquement ou dans leur gamme de produits, les \u00e9tudes de march\u00e9 sur la charcuterie fournissent des informations sur les march\u00e9s potentiels, les pr\u00e9f\u00e9rences r\u00e9gionales et les segments d\u00e9mographiques pr\u00eats \u00e0 \u00eatre explor\u00e9s.<\/li>\n\n\n\n<li><a href=\"https:\/\/www.sisinternational.com\/fr\/solutions\/recherche-de-conseil-en-strategie-fintech\/etude-de-marche-sur-le-financement-de-la-chaine-dapprovisionnement\/\" title=\"\u00c9tude de march\u00e9 sur le financement de la cha\u00eene d\u2019approvisionnement\"  data-wpil-monitor-id=\"9923\">Supply Chain Optimization: Research<\/a> can help businesses identify reliable suppliers, understand fluctuations in raw material prices, and streamline their supply chain for efficiency and sustainability.<\/li>\n\n\n\n<li><strong>Gestion des risques:<\/strong> Les entreprises peuvent se pr\u00e9parer et \u00e9laborer des strat\u00e9gies pour att\u00e9nuer efficacement les risques en identifiant les d\u00e9fis potentiels tels que les changements r\u00e9glementaires, les nuances culturelles ou les changements de comportement des consommateurs.<\/li>\n\n\n\n<li><strong>Positionnement et marketing de la marque\u00a0:<\/strong> Les informations issues des \u00e9tudes de march\u00e9 sur la charcuterie peuvent guider les efforts de strat\u00e9gie de marque et de marketing, en garantissant qu&#039;ils trouvent un \u00e9cho aupr\u00e8s du public cible, am\u00e9liorent la m\u00e9morisation de la marque et fid\u00e9lisent la client\u00e8le.<\/li>\n\n\n\n<li><a href=\"https:\/\/www.sisinternational.com\/fr\/solutions\/recherche-de-conseil-en-strategie-fintech\/etudes-de-marche-sur-les-hedge-funds-et-les-investissements\/\" title=\"\u00c9tudes sur les hedge funds et les march\u00e9s d&#039;investissement\"  data-wpil-monitor-id=\"9919\">Investment Decisions: Market research<\/a> provides a comprehensive understanding of the industry&#8217;s health, growth prospects, and areas of potential return on investment.<\/li>\n\n\n\n<li><strong>R\u00e9troaction et am\u00e9lioration continue\u00a0:<\/strong> Des \u00e9tudes de march\u00e9 r\u00e9guli\u00e8res sur la charcuterie permettent aux entreprises de recueillir des commentaires sur leurs produits et services, leur permettant ainsi d&#039;affiner leur offre et de s&#039;adapter aux conditions changeantes du march\u00e9.<\/li>\n\n\n\n<li><strong>Conformit\u00e9 r\u00e9glementaire\u00a0:<\/strong> Comprendre les r\u00e9glementations r\u00e9gionales, les exigences en mati\u00e8re d&#039;\u00e9tiquetage et les normes sanitaires garantit que les entreprises restent conformes, \u00e9vitant ainsi les pi\u00e8ges juridiques potentiels.<\/li>\n<\/ul>\n\n\n\n<h2 class=\"wp-block-heading\">Opportunit\u00e9s dans les \u00e9tudes de march\u00e9 sur la charcuterie<\/h2>\n\n\n\n<p>Deli market research unveils several opportunities for various stakeholders \u2013 from businesses and investors to <a href=\"https:\/\/www.sisinternational.com\/fr\/solutions\/conseil-en-strategie\/etude-de-marche-sur-la-chaine-dapprovisionnement\/\" title=\"\u00c9tude de march\u00e9 sur la cha\u00eene d\u2019approvisionnement\"  data-wpil-monitor-id=\"9921\">marketers and supply chain<\/a> specialists. Here&#8217;s a closer look at some of these opportunities:<\/p>\n\n\n\n<ul class=\"wp-block-list\">\n<li><strong>Offres soucieuses de votre sant\u00e9\u00a0:<\/strong> Avec une tendance croissante en mati\u00e8re de sant\u00e9 et de bien-\u00eatre, il existe une opportunit\u00e9 significative de d\u00e9velopper et de promouvoir des produits de charcuterie qui r\u00e9pondent aux pr\u00e9f\u00e9rences alimentaires, comme les produits sans gluten, biologiques, faibles en calories ou \u00e0 base de plantes.<\/li>\n\n\n\n<li><strong>D\u00e9lices ethniques\u00a0:<\/strong> La mondialisation et les sch\u00e9mas migratoires ont entra\u00een\u00e9 une augmentation de la demande de sp\u00e9cialit\u00e9s de charcuterie ethniques et r\u00e9gionales en provenance de diff\u00e9rentes r\u00e9gions du monde.<\/li>\n\n\n\n<li><strong>March\u00e9s \u00e9mergents:<\/strong> While established <a href=\"https:\/\/www.sisinternational.com\/fr\/couverture\/leurope-%ef%83%97\/etude-de-marche-en-europe-de-lest\/\" title=\"\u00c9tude de march\u00e9 en Europe de l\u2019Est\"  data-wpil-monitor-id=\"6430\">markets like North America and Europe<\/a> continue to be lucrative, emerging markets in Asia, Africa, and South America present a vast untapped potential, given the rising middle class and their increasing disposable income.<\/li>\n\n\n\n<li><strong>E-\u00e9picerie fine\u00a0:<\/strong> La transformation num\u00e9rique offre des opportunit\u00e9s de cr\u00e9ation de plateformes ou d\u2019applications de charcuterie en ligne qui peuvent toucher un public plus large, offrir de la commodit\u00e9 et exploiter la tendance des livraisons \u00e0 domicile.<\/li>\n\n\n\n<li><strong>Initiatives de durabilit\u00e9\u00a0:<\/strong> \u00c0 mesure que les consommateurs deviennent plus soucieux de l\u2019environnement, il existe de plus en plus d\u2019opportunit\u00e9s d\u2019adopter et de promouvoir des pratiques durables, de l\u2019approvisionnement \u00e0 l\u2019emballage.<\/li>\n\n\n\n<li><strong>Vente au d\u00e9tail ax\u00e9e sur l&#039;exp\u00e9rience\u00a0:<\/strong> Modern <a href=\"https:\/\/www.sisinternational.com\/fr\/solutions\/solutions-de-branding-et-de-recherche-client\/etude-de-marche-sur-les-tests-de-produits\/product-testing-for-consumer-products\/\" title=\"Product Testing for Consumer Products\"  data-wpil-monitor-id=\"9914\">consumers often seek experiences along with products<\/a>. Integrating tasting sessions, workshops, or culinary classes within the deli space can enhance customer engagement and loyalty.<\/li>\n\n\n\n<li><strong>Partenariats et collaborations\u00a0:<\/strong> Collaborer avec des agriculteurs locaux, des producteurs artisanaux ou m\u00eame des marques non alimentaires pour des promotions crois\u00e9es peut ouvrir de nouvelles voies de croissance et de visibilit\u00e9 de la marque.<\/li>\n\n\n\n<li><strong>Analyse du consommateur\u00a0:<\/strong> Delving deep into consumer behavior, preferences, and feedback can not only guide <a href=\"https:\/\/www.sisinternational.com\/fr\/solutions\/conseil-en-strategie\/conseil-en-strategie-detude-de-marche-sur-la-responsabilite-du-fait-des-produits\/\" title=\"\u00c9tudes de march\u00e9 et conseil en strat\u00e9gie en mati\u00e8re de responsabilit\u00e9 du fait des produits\"  data-wpil-monitor-id=\"9924\">product development but also refine marketing strategies<\/a>, ensuring better ROI on promotional campaigns.<\/li>\n\n\n\n<li><strong>Informations r\u00e9glementaires\u00a0:<\/strong> \u00c0 mesure que les r\u00e9glementations en mati\u00e8re de s\u00e9curit\u00e9 alimentaire, d\u2019importation et d\u2019\u00e9tiquetage deviennent plus strictes, les \u00e9tudes de march\u00e9 dans le secteur de la charcuterie peuvent offrir des indications pour relever ces d\u00e9fis, garantir la conformit\u00e9 et \u00e9viter les obstacles juridiques potentiels.<\/li>\n<\/ul>\n\n\n\n<h2 class=\"wp-block-heading\">D\u00e9fis de l\u2019\u00e9tude de march\u00e9 sur la charcuterie<\/h2>\n\n\n\n<p><a href=\"https:\/\/www.sisinternational.com\/fr\/how-to-conduct-effective-quantitative-market-research\/\" title=\"How to Conduct Effective Quantitative Market Research\"  data-wpil-monitor-id=\"9918\">R\u00e9alisation d&#039;\u00e9tudes de march\u00e9<\/a> for any sector is a complex undertaking, and the deli industry poses its own set of unique challenges. Understanding these challenges can help stakeholders prepare better and design their research methodologies to be more effective. Here&#8217;s an exploration of the challenges faced when conducting deli market research:<\/p>\n\n\n\n<ul class=\"wp-block-list\">\n<li><strong>Gamme de produits diversifi\u00e9e\u00a0:<\/strong> Le secteur de la charcuterie englobe une grande vari\u00e9t\u00e9 de produits, depuis les viandes et fromages jusqu&#039;aux plats pr\u00e9par\u00e9s et aux produits de boulangerie. Capturer des donn\u00e9es compl\u00e8tes sur un spectre aussi large peut s\u2019av\u00e9rer difficile.<\/li>\n\n\n\n<li><strong>Variations locales\u00a0:<\/strong> Les \u00e9piceries fines r\u00e9pondent souvent aux go\u00fbts et pr\u00e9f\u00e9rences locaux, qui peuvent varier consid\u00e9rablement d&#039;une r\u00e9gion \u00e0 l&#039;autre. Cette variation r\u00e9gionale rend difficile la g\u00e9n\u00e9ralisation des r\u00e9sultats ou leur application universelle.<\/li>\n\n\n\n<li><strong>Complexit\u00e9s de la cha\u00eene d&#039;approvisionnement\u00a0:<\/strong> Les \u00e9piceries fines s&#039;appuient sur des cha\u00eenes d&#039;approvisionnement complexes en produits frais. Comprendre les nuances de ces cha\u00eenes, de l\u2019approvisionnement au transport, peut constituer un aspect difficile de la recherche.<\/li>\n\n\n\n<li><strong>Collecte de donn\u00e9es:<\/strong> Contrairement \u00e0 certains secteurs dans lesquels les donn\u00e9es num\u00e9riques peuvent \u00eatre facilement collect\u00e9es, de nombreuses \u00e9piceries fines traditionnelles n\u2019ont pas n\u00e9cessairement une forte pr\u00e9sence en ligne. Cela rend la collecte de donn\u00e9es davantage d\u00e9pendante d\u2019enqu\u00eates et d\u2019observations au niveau du terrain, qui n\u00e9cessitent beaucoup de ressources.<\/li>\n\n\n\n<li><strong>Diff\u00e9rences en mati\u00e8re de r\u00e9glementation et de conformit\u00e9\u00a0:<\/strong> Diff\u00e9rentes r\u00e9gions ont leurs r\u00e9glementations concernant la s\u00e9curit\u00e9 alimentaire, les normes d&#039;hygi\u00e8ne et les r\u00e8gles d&#039;import-export. Se tenir au courant de ces diff\u00e9rentes r\u00e9glementations et comprendre leur impact n\u00e9cessite des efforts continus.<\/li>\n\n\n\n<li><strong>Int\u00e9gration technologique\u00a0:<\/strong> \u00c0 mesure que l\u2019industrie de la charcuterie commence \u00e0 int\u00e9grer davantage de technologies, des syst\u00e8mes de point de vente aux plateformes en ligne, comprendre cette int\u00e9gration et ses implications devient un niveau de complexit\u00e9 suppl\u00e9mentaire.<\/li>\n\n\n\n<li><strong>Contr\u00f4le qualit\u00e9 et authenticit\u00e9\u00a0:<\/strong> Garantir que les donn\u00e9es collect\u00e9es sont authentiques et ne sont pas influenc\u00e9es par des pr\u00e9jug\u00e9s ou des facteurs externes est toujours un d\u00e9fi. Dans des secteurs comme celui de la charcuterie, o\u00f9 les perceptions concernant le go\u00fbt et la qualit\u00e9 peuvent \u00eatre subjectives, cela devient encore plus important.<\/li>\n<\/ul>","protected":false},"excerpt":{"rendered":"<p>Une \u00e9picerie fine est un \u00e9tablissement de vente au d\u00e9tail qui vend une s\u00e9lection d&#039;aliments raffin\u00e9s, inhabituels ou pr\u00e9par\u00e9s \u00e0 l&#039;\u00e9tranger, et leur offre varie avec le temps.<\/p>","protected":false},"author":1,"featured_media":62501,"parent":22018,"menu_order":350,"comment_status":"closed","ping_status":"closed","template":"","meta":{"footnotes":""},"class_list":["post-43329","page","type-page","status-publish","has-post-thumbnail"],"_links":{"self":[{"href":"https:\/\/www.sisinternational.com\/fr\/wp-json\/wp\/v2\/pages\/43329","targetHints":{"allow":["GET"]}}],"collection":[{"href":"https:\/\/www.sisinternational.com\/fr\/wp-json\/wp\/v2\/pages"}],"about":[{"href":"https:\/\/www.sisinternational.com\/fr\/wp-json\/wp\/v2\/types\/page"}],"author":[{"embeddable":true,"href":"https:\/\/www.sisinternational.com\/fr\/wp-json\/wp\/v2\/users\/1"}],"replies":[{"embeddable":true,"href":"https:\/\/www.sisinternational.com\/fr\/wp-json\/wp\/v2\/comments?post=43329"}],"version-history":[{"count":6,"href":"https:\/\/www.sisinternational.com\/fr\/wp-json\/wp\/v2\/pages\/43329\/revisions"}],"predecessor-version":[{"id":81645,"href":"https:\/\/www.sisinternational.com\/fr\/wp-json\/wp\/v2\/pages\/43329\/revisions\/81645"}],"up":[{"embeddable":true,"href":"https:\/\/www.sisinternational.com\/fr\/wp-json\/wp\/v2\/pages\/22018"}],"wp:featuredmedia":[{"embeddable":true,"href":"https:\/\/www.sisinternational.com\/fr\/wp-json\/wp\/v2\/media\/62501"}],"wp:attachment":[{"href":"https:\/\/www.sisinternational.com\/fr\/wp-json\/wp\/v2\/media?parent=43329"}],"curies":[{"name":"wp","href":"https:\/\/api.w.org\/{rel}","templated":true}]}}