{"id":43326,"date":"2023-09-02T11:57:23","date_gmt":"2023-09-02T15:57:23","guid":{"rendered":"https:\/\/www.sisinternational.com\/?page_id=43326"},"modified":"2026-01-26T16:49:25","modified_gmt":"2026-01-26T21:49:25","slug":"etude-de-marche-sur-les-technologies-propres","status":"publish","type":"page","link":"https:\/\/www.sisinternational.com\/fr\/competence\/etude-de-marche-sur-les-technologies-propres\/","title":{"rendered":"\u00c9tude de march\u00e9 sur les technologies propres"},"content":{"rendered":"<h1 class=\"wp-block-heading\">\u00c9tude de march\u00e9 sur les technologies propres<\/h1>\n\n\n\n<figure class=\"gb-block-image gb-block-image-d4d0da08\"><img loading=\"lazy\" decoding=\"async\" width=\"1456\" height=\"816\" class=\"gb-image gb-image-d4d0da08\" src=\"https:\/\/www.sisinternational.com\/wp-content\/uploads\/2025\/09\/FinTech-Terch-technology-AI-artificial-intelligence-28.jpg\" alt=\"\u00c9tudes de march\u00e9 et strat\u00e9gie internationales SIS\" title=\"FinTech Terch technology AI artificial intelligence (28)\" srcset=\"https:\/\/www.sisinternational.com\/wp-content\/uploads\/2025\/09\/FinTech-Terch-technology-AI-artificial-intelligence-28.jpg 1456w, https:\/\/www.sisinternational.com\/wp-content\/uploads\/2025\/09\/FinTech-Terch-technology-AI-artificial-intelligence-28-300x168.jpg 300w, https:\/\/www.sisinternational.com\/wp-content\/uploads\/2025\/09\/FinTech-Terch-technology-AI-artificial-intelligence-28-1024x574.jpg 1024w, https:\/\/www.sisinternational.com\/wp-content\/uploads\/2025\/09\/FinTech-Terch-technology-AI-artificial-intelligence-28-768x430.jpg 768w, https:\/\/www.sisinternational.com\/wp-content\/uploads\/2025\/09\/FinTech-Terch-technology-AI-artificial-intelligence-28-18x10.jpg 18w\" sizes=\"auto, (max-width: 1456px) 100vw, 1456px\"><\/figure>\n\n\n\n<p><\/p>\n\n\n\n<p>\u00c0 l\u2019\u00e8re des d\u00e9fis environnementaux pressants et du besoin urgent de r\u00e9duire l\u2019empreinte carbone, les technologies propres sont devenues au premier plan de l\u2019attention mondiale. Pour saisir ces opportunit\u00e9s et surmonter les complexit\u00e9s, les entreprises, les investisseurs et les d\u00e9cideurs politiques s\u2019appuient largement sur les \u00e9tudes de march\u00e9 sur les technologies propres.<\/p>\n\n\n\n<p>Les \u00e9tudes de march\u00e9 sur les technologies propres offrent une analyse approfondie des pr\u00e9f\u00e9rences des consommateurs, des avanc\u00e9es technologiques, des paysages r\u00e9glementaires et de la dynamique concurrentielle, fournissant ainsi aux parties prenantes les informations n\u00e9cessaires pour prendre des d\u00e9cisions \u00e9clair\u00e9es.<\/p>\n\n\n\n<h2 class=\"wp-block-heading\">Importance de l\u2019\u00e9tude de march\u00e9 sur les technologies propres<\/h2>\n\n\n\n<p>L\u2019objectif principal des technologies propres est de r\u00e9duire les dommages environnementaux. Ils contribuent \u00e0 r\u00e9duire la pollution, \u00e0 r\u00e9duire les \u00e9missions de gaz \u00e0 effet de serre et \u00e0 pr\u00e9server les \u00e9cosyst\u00e8mes, garantissant ainsi une plan\u00e8te plus saine.<\/p>\n\n\n\n<p>For this reason, clean <a href=\"https:\/\/www.sisinternational.com\/fr\/marche-de-la-technologie-automobile\/\" title=\"\u00c9tude de march\u00e9 sur la technologie automobile\"  data-wpil-monitor-id=\"3564\">technology market research<\/a> guides innovators, investors, businesses, and policymakers through the rapidly evolving landscape of clean technologies. Here&#8217;s a closer look at why this form of research is crucial in this industry:<\/p>\n\n\n\n<ul class=\"wp-block-list\">\n<li><strong>Investissement \u00e9clair\u00e9\u00a0:<\/strong> For investors, clean <a href=\"https:\/\/www.sisinternational.com\/fr\/competence\/les-industries\/technologie-medicale-etude-de-marche-sur-les-technologies-medicales\/\" title=\"\u00c9tude de march\u00e9 sur la technologie m\u00e9dicale (Med Tech)\"  data-wpil-monitor-id=\"3759\">technology market research<\/a> provides a roadmap. It helps in identifying which technologies are emerging, which markets are ripe for expansion, and where the most significant returns on investment lie.<\/li>\n\n\n\n<li><strong>Comprendre les sentiments des consommateurs\u00a0:<\/strong> As consumers grow more eco-conscious, their preferences shift. Clean <a href=\"https:\/\/www.sisinternational.com\/fr\/competence\/les-industries\/etude-de-marche-sur-les-technologies-de-la-mode\/\" title=\"\u00c9tude de march\u00e9 sur les technologies de la mode\"  data-wpil-monitor-id=\"5947\">technology market research<\/a> offers insights into what consumers want, enabling businesses to align their products and strategies accordingly.<\/li>\n\n\n\n<li><strong>Alignement r\u00e9glementaire\u00a0:<\/strong> With governments worldwide implementing regulations to combat climate change, businesses need to stay ahead of the curve. Clean <a href=\"https:\/\/www.sisinternational.com\/fr\/competence\/les-industries\/etude-de-marche-sur-les-technologies-du-voyage\/\" title=\"\u00c9tude de march\u00e9 sur la technologie du voyage\"  data-wpil-monitor-id=\"6219\">technology market research<\/a> provides insights into current and potential future regulatory landscapes, ensuring companies are well-prepared and compliant.<\/li>\n\n\n\n<li><a href=\"https:\/\/www.sisinternational.com\/fr\/europe-nouvelle-technologie-de-navigation-mondiale-gnss\/\" title=\"Qu\u2019est-ce que la technologie de navigation mondiale GNSS\u00a0?\"  data-wpil-monitor-id=\"1763\">Global Perspective: The clean technology<\/a> sector is global. Understanding regional nuances, opportunities, and challenges in various parts of the world can offer a more holistic view and open doors to international expansion.<\/li>\n\n\n\n<li><strong>Faciliter les partenariats\u00a0:<\/strong> Through clean <a href=\"https:\/\/www.sisinternational.com\/fr\/solutions\/solutions-edtech-de-technologie-educative\/etude-de-marche-sur-les-technologies-educatives\/\" title=\"\u00c9tude de march\u00e9 sur les technologies \u00e9ducatives\"  data-wpil-monitor-id=\"6518\">technology market research<\/a>, businesses can identify potential partners, whether they are technology providers, distribution channels, or research institutions, fostering collaborations that drive growth.<\/li>\n\n\n\n<li><strong>\u00c9tablir des r\u00e9f\u00e9rences\u00a0:<\/strong> Pour les entreprises d\u00e9j\u00e0 pr\u00e9sentes dans le secteur des technologies propres, les \u00e9tudes de march\u00e9 peuvent aider \u00e0 comparer leurs performances aux normes de l\u2019industrie, en mettant en \u00e9vidence les points forts et les domaines n\u00e9cessitant des am\u00e9liorations.<\/li>\n\n\n\n<li><strong>P\u00e9rennit\u00e9\u00a0:<\/strong> Le secteur des technologies propres est dynamique et conna\u00eet des progr\u00e8s continus. Les \u00e9tudes de march\u00e9 sur les technologies propres fournissent non seulement un aper\u00e7u du paysage actuel, mais proposent \u00e9galement des pr\u00e9visions et des tendances pour l&#039;avenir, garantissant ainsi que les entreprises restent pertinentes plus longtemps.<\/li>\n<\/ul>\n\n\n\n<h2 class=\"wp-block-heading\">Avantages de mener une \u00e9tude de march\u00e9 sur les technologies propres<\/h2>\n\n\n\n<figure class=\"gb-block-image gb-block-image-5e180a8b\"><img loading=\"lazy\" decoding=\"async\" width=\"1456\" height=\"816\" class=\"gb-image gb-image-5e180a8b\" src=\"https:\/\/www.sisinternational.com\/wp-content\/uploads\/2025\/09\/FinTech-Terch-technology-AI-artificial-intelligence-29.jpg\" alt=\"\u00c9tudes de march\u00e9 et strat\u00e9gie internationales SIS\" title=\"FinTech Terch technology AI artificial intelligence (29)\" srcset=\"https:\/\/www.sisinternational.com\/wp-content\/uploads\/2025\/09\/FinTech-Terch-technology-AI-artificial-intelligence-29.jpg 1456w, https:\/\/www.sisinternational.com\/wp-content\/uploads\/2025\/09\/FinTech-Terch-technology-AI-artificial-intelligence-29-300x168.jpg 300w, https:\/\/www.sisinternational.com\/wp-content\/uploads\/2025\/09\/FinTech-Terch-technology-AI-artificial-intelligence-29-1024x574.jpg 1024w, https:\/\/www.sisinternational.com\/wp-content\/uploads\/2025\/09\/FinTech-Terch-technology-AI-artificial-intelligence-29-768x430.jpg 768w, https:\/\/www.sisinternational.com\/wp-content\/uploads\/2025\/09\/FinTech-Terch-technology-AI-artificial-intelligence-29-18x10.jpg 18w\" sizes=\"auto, (max-width: 1456px) 100vw, 1456px\"><\/figure>\n\n\n\n<p><\/p>\n\n\n\n<p>Une \u00e9tude de march\u00e9 compl\u00e8te sur les technologies propres offre plusieurs avantages. En acqu\u00e9rant une compr\u00e9hension plus approfondie de la dynamique du march\u00e9, les parties prenantes peuvent prendre des d\u00e9cisions plus \u00e9clair\u00e9es et exploiter efficacement les opportunit\u00e9s\u00a0:<\/p>\n\n\n\n<ul class=\"wp-block-list\">\n<li><strong>Identifier le potentiel du march\u00e9\u00a0:<\/strong> Les \u00e9tudes de march\u00e9 r\u00e9v\u00e8lent la taille, le taux de croissance et le potentiel de segments sp\u00e9cifiques du secteur des technologies propres. Ces informations sont inestimables pour les entreprises qui cherchent \u00e0 p\u00e9n\u00e9trer de nouveaux march\u00e9s ou \u00e0 \u00e9largir leur gamme de produits.<\/li>\n\n\n\n<li><strong>Connaissance du client:<\/strong> Une meilleure compr\u00e9hension des besoins, des pr\u00e9f\u00e9rences et des probl\u00e8mes des clients permet aux entreprises d&#039;adapter leurs offres plus efficacement. Cela peut conduire \u00e0 une satisfaction et une fid\u00e9lit\u00e9 accrues des clients.<\/li>\n\n\n\n<li><strong>Analyse comp\u00e9titive:<\/strong> Gr\u00e2ce aux \u00e9tudes de march\u00e9 sur les technologies propres, les entreprises peuvent identifier leurs principaux concurrents, comprendre leurs strat\u00e9gies, leurs forces et leurs faiblesses, et trouver des moyens de se diff\u00e9rencier sur le march\u00e9.<\/li>\n\n\n\n<li><strong>Risques commerciaux r\u00e9duits\u00a0:<\/strong> Les entreprises peuvent \u00e9viter les pi\u00e8ges courants, pr\u00e9voir les d\u00e9fis potentiels et d\u00e9velopper des strat\u00e9gies d\u2019att\u00e9nuation, r\u00e9duisant ainsi le risque d\u2019erreurs co\u00fbteuses.<\/li>\n\n\n\n<li><strong>Pr\u00e9visions et analyse des tendances\u00a0:<\/strong> Les \u00e9tudes de march\u00e9 sur les technologies propres offrent une perspective prospective, aidant les parties prenantes \u00e0 anticiper les tendances \u00e9mergentes, les changements de comportement des consommateurs et les perc\u00e9es technologiques potentielles.<\/li>\n\n\n\n<li><strong>Strat\u00e9gies marketing optimis\u00e9es\u00a0:<\/strong> En comprenant quels canaux et quels messages trouvent le plus grand \u00e9cho aupr\u00e8s du public cible, les entreprises peuvent optimiser leurs d\u00e9penses et leurs campagnes marketing pour un meilleur retour sur investissement.<\/li>\n\n\n\n<li><strong>D\u00e9veloppement de produits et innovation\u00a0:<\/strong> <a href=\"https:\/\/www.sisinternational.com\/fr\/couverture\/etude-de-marche-en-australie\/\" title=\"Etude de march\u00e9 en Australie\"  data-wpil-monitor-id=\"2886\">Research can reveal gaps in the market<\/a>, leading to the development of innovative solutions that address unmet needs or improve upon existing technologies.<\/li>\n\n\n\n<li><strong>Conformit\u00e9 r\u00e9glementaire\u00a0:<\/strong> Se tenir au courant du paysage r\u00e9glementaire est crucial dans le secteur des technologies propres. Les \u00e9tudes de march\u00e9 garantissent que les entreprises sont inform\u00e9es des r\u00e9glementations actuelles et \u00e0 venir, ce qui leur permet de rester en conformit\u00e9 et d&#039;\u00e9viter d&#039;\u00e9ventuelles complications juridiques.<\/li>\n\n\n\n<li><strong>Attirer les investissements\u00a0:<\/strong> Les startups et les entreprises du secteur des technologies propres n\u00e9cessitent souvent des investissements importants. Disposer d\u2019\u00e9tudes de march\u00e9 solides sur les technologies propres peut \u00eatre convaincant pour susciter l\u2019int\u00e9r\u00eat et la confiance des investisseurs potentiels.<\/li>\n\n\n\n<li><strong>Comprendre les impacts socio-\u00e9conomiques\u00a0:<\/strong> Alors que les technologies propres recoupent des enjeux soci\u00e9taux et \u00e9conomiques, la compr\u00e9hension de ces interactions peut aider les entreprises \u00e0 relever les d\u00e9fis potentiels et \u00e0 tirer parti des opportunit\u00e9s pour avoir un impact positif.<\/li>\n<\/ul>\n\n\n\n<h2 class=\"wp-block-heading\">Les tendances actuelles<\/h2>\n\n\n\n<p>Les technologies propres ont connu diverses tendances au cours de leur trajectoire \u2013 et les \u00e9tudes de march\u00e9 sur les technologies propres ont jou\u00e9 un r\u00f4le crucial dans la d\u00e9termination des mod\u00e8les \u00e9mergents, des innovations r\u00e9volutionnaires et de la dynamique du march\u00e9. Voici quelques-unes des tendances les plus marquantes observ\u00e9es dans ce domaine\u00a0:<\/p>\n\n\n\n<ul class=\"wp-block-list\">\n<li><strong>Mont\u00e9e des solutions de stockage d\u2019\u00e9nergie\u00a0:<\/strong> Avec l\u2019adoption croissante des \u00e9nergies renouvelables, les solutions de stockage d\u2019\u00e9nergie suscitent un int\u00e9r\u00eat. Les technologies de batteries telles que les batteries lithium-ion et les alternatives plus r\u00e9centes font l\u2019objet de recherches et de d\u00e9veloppements approfondis.<\/li>\n\n\n\n<li><strong>Hydrog\u00e8ne vert\u00a0:<\/strong> Les \u00e9tudes de march\u00e9 sur les technologies propres mettent en \u00e9vidence l\u2019int\u00e9r\u00eat croissant pour l\u2019hydrog\u00e8ne vert en tant que carburant propre potentiel du futur, en particulier pour les secteurs difficiles \u00e0 \u00e9lectrifier, comme les transports lourds et l\u2019industrie.<\/li>\n\n\n\n<li><strong>Syst\u00e8mes \u00e9nerg\u00e9tiques d\u00e9centralis\u00e9s\u00a0:<\/strong> Les micro-r\u00e9seaux et les solutions \u00e9nerg\u00e9tiques d\u00e9centralis\u00e9es gagnent du terrain, permettant aux communaut\u00e9s et aux entreprises d&#039;\u00eatre plus autosuffisantes et r\u00e9silientes, r\u00e9duisant ainsi leur d\u00e9pendance aux r\u00e9seaux \u00e9nerg\u00e9tiques centraux.<\/li>\n\n\n\n<li><strong>Pratiques d\u2019\u00e9conomie circulaire\u00a0:<\/strong> Les technologies propres se concentrent de plus en plus sur le d\u00e9veloppement de solutions qui favorisent le recyclage, la r\u00e9utilisation et la r\u00e9duction, s&#039;\u00e9loignant du mod\u00e8le lin\u00e9aire traditionnel \u00ab\u00a0prendre-faire-jeter\u00a0\u00bb.<\/li>\n\n\n\n<li><strong>Captage et utilisation du carbone\u00a0:<\/strong> Les technologies visant \u00e0 capter les \u00e9missions de dioxyde de carbone et \u00e0 les convertir en produits utilisables font l\u2019objet d\u2019une recherche et d\u2019investissements accrus.<\/li>\n\n\n\n<li><strong>\u00c9lectrification des transports :<\/strong> Au-del\u00e0 des voitures \u00e9lectriques, il existe une tendance croissante \u00e0 l\u2019\u00e9lectrification des bus, des navires et m\u00eame des avions, gr\u00e2ce aux progr\u00e8s de la technologie des batteries et des transmissions \u00e9lectriques.<\/li>\n\n\n\n<li><strong>Traitement de l&#039;eau et dessalement\u00a0:<\/strong> \u00c0 mesure que les ressources en eau douce se rar\u00e9fient, les technologies ax\u00e9es sur la purification de l\u2019eau, le traitement des eaux us\u00e9es et le dessalement font l\u2019objet d\u2019une attention accrue.<\/li>\n\n\n\n<li><strong>IA et Big Data dans les technologies propres\u00a0:<\/strong> L&#039;int\u00e9gration de l&#039;intelligence artificielle et de l&#039;analyse des m\u00e9gadonn\u00e9es contribue \u00e0 optimiser la consommation d&#039;\u00e9nergie, \u00e0 pr\u00e9voir la maintenance des \u00e9quipements et \u00e0 rationaliser divers processus de technologies propres.<\/li>\n\n\n\n<li><strong>Technologies propres dans la construction\u00a0:<\/strong> Les mat\u00e9riaux de construction durables, l&#039;architecture verte et les pratiques de construction \u00e9conomes en \u00e9nergie repr\u00e9sentent des tendances croissantes dans cette industrie dynamique.<\/li>\n\n\n\n<li><strong>Investissement socialement responsable\u00a0:<\/strong> Les investisseurs tiennent de plus en plus compte de crit\u00e8res environnementaux, sociaux et de gouvernance, orientant les capitaux vers des entreprises de technologies propres durables et socialement responsables.<\/li>\n<\/ul>","protected":false},"excerpt":{"rendered":"<p>Les \u00e9tudes de march\u00e9 sur les technologies propres offrent des informations permettant de prendre des d\u00e9cisions \u00e9clair\u00e9es sur les pr\u00e9f\u00e9rences des consommateurs, la technologie, les r\u00e9glementations et les concurrents.<\/p>","protected":false},"author":1,"featured_media":69483,"parent":14514,"menu_order":349,"comment_status":"closed","ping_status":"closed","template":"","meta":{"footnotes":""},"class_list":["post-43326","page","type-page","status-publish","has-post-thumbnail"],"_links":{"self":[{"href":"https:\/\/www.sisinternational.com\/fr\/wp-json\/wp\/v2\/pages\/43326","targetHints":{"allow":["GET"]}}],"collection":[{"href":"https:\/\/www.sisinternational.com\/fr\/wp-json\/wp\/v2\/pages"}],"about":[{"href":"https:\/\/www.sisinternational.com\/fr\/wp-json\/wp\/v2\/types\/page"}],"author":[{"embeddable":true,"href":"https:\/\/www.sisinternational.com\/fr\/wp-json\/wp\/v2\/users\/1"}],"replies":[{"embeddable":true,"href":"https:\/\/www.sisinternational.com\/fr\/wp-json\/wp\/v2\/comments?post=43326"}],"version-history":[{"count":11,"href":"https:\/\/www.sisinternational.com\/fr\/wp-json\/wp\/v2\/pages\/43326\/revisions"}],"predecessor-version":[{"id":80101,"href":"https:\/\/www.sisinternational.com\/fr\/wp-json\/wp\/v2\/pages\/43326\/revisions\/80101"}],"up":[{"embeddable":true,"href":"https:\/\/www.sisinternational.com\/fr\/wp-json\/wp\/v2\/pages\/14514"}],"wp:featuredmedia":[{"embeddable":true,"href":"https:\/\/www.sisinternational.com\/fr\/wp-json\/wp\/v2\/media\/69483"}],"wp:attachment":[{"href":"https:\/\/www.sisinternational.com\/fr\/wp-json\/wp\/v2\/media?parent=43326"}],"curies":[{"name":"wp","href":"https:\/\/api.w.org\/{rel}","templated":true}]}}