{"id":43277,"date":"2023-09-01T14:10:22","date_gmt":"2023-09-01T18:10:22","guid":{"rendered":"https:\/\/www.sisinternational.com\/?page_id=43277"},"modified":"2026-01-26T14:31:23","modified_gmt":"2026-01-26T19:31:23","slug":"etude-de-marche-de-limmobilier-commercial","status":"publish","type":"page","link":"https:\/\/www.sisinternational.com\/fr\/competence\/etude-de-marche-de-limmobilier-commercial\/","title":{"rendered":"\u00c9tude de march\u00e9 de l\u2019immobilier commercial"},"content":{"rendered":"<h1 class=\"wp-block-heading\">\u00c9tude de march\u00e9 de l\u2019immobilier commercial<\/h1>\n\n\n\n<figure class=\"gb-block-image gb-block-image-b2f0e34c\"><img loading=\"lazy\" decoding=\"async\" width=\"1456\" height=\"816\" class=\"gb-image gb-image-b2f0e34c\" src=\"https:\/\/www.sisinternational.com\/wp-content\/uploads\/2025\/08\/Commercial-real-estate-business-comapny-6.jpg\" alt=\"\u00c9tudes de march\u00e9 et strat\u00e9gie internationales SIS\" title=\"Commercial real estate business comapny (6)\" srcset=\"https:\/\/www.sisinternational.com\/wp-content\/uploads\/2025\/08\/Commercial-real-estate-business-comapny-6.jpg 1456w, https:\/\/www.sisinternational.com\/wp-content\/uploads\/2025\/08\/Commercial-real-estate-business-comapny-6-300x168.jpg 300w, https:\/\/www.sisinternational.com\/wp-content\/uploads\/2025\/08\/Commercial-real-estate-business-comapny-6-1024x574.jpg 1024w, https:\/\/www.sisinternational.com\/wp-content\/uploads\/2025\/08\/Commercial-real-estate-business-comapny-6-768x430.jpg 768w, https:\/\/www.sisinternational.com\/wp-content\/uploads\/2025\/08\/Commercial-real-estate-business-comapny-6-18x10.jpg 18w\" sizes=\"auto, (max-width: 1456px) 100vw, 1456px\"><\/figure>\n\n\n\n<p><\/p>\n\n\n\n<p>L&#039;immobilier commercial est une vaste industrie qui comprend, entre autres infrastructures, des gratte-ciel, des centres commerciaux anim\u00e9s et des espaces de coworking innovants. Cependant, derri\u00e8re chaque entreprise immobili\u00e8re r\u00e9ussie se cache une analyse rigoureuse fond\u00e9e sur des \u00e9tudes de march\u00e9 de l\u2019immobilier commercial.<\/p>\n\n\n\n<p>Les \u00e9tudes de march\u00e9 de l&#039;immobilier commercial constituent la base permettant aux promoteurs, aux investisseurs et aux parties prenantes de naviguer dans les complexit\u00e9s des investissements immobiliers. Il offre un aper\u00e7u de la dynamique du march\u00e9, des flux de la demande et de l\u2019offre, des tendances \u00e9mergentes et des risques potentiels.<\/p>\n\n\n\n<h2 class=\"wp-block-heading\">Importance de l\u2019\u00e9tude de march\u00e9 de l\u2019immobilier commercial<\/h2>\n\n\n\n<p>Comprendre le paysage du march\u00e9 de l\u2019immobilier commercial est crucial pour prendre des d\u00e9cisions \u00e9clair\u00e9es \u2013 et voici les raisons pour lesquelles l\u2019\u00e9tude de march\u00e9 de l\u2019immobilier commercial est d\u2019une importance primordiale :<\/p>\n\n\n\n<ul class=\"wp-block-list\">\n<li><strong>Minimisation des risques\u00a0:<\/strong> Les investissements immobiliers, notamment commerciaux, sont \u00e0 forte intensit\u00e9 de capital. Gr\u00e2ce \u00e0 des \u00e9tudes m\u00e9ticuleuses du march\u00e9 de l\u2019immobilier commercial, les parties prenantes peuvent identifier les pi\u00e8ges potentiels, \u00e9valuer la stabilit\u00e9 \u00e9conomique et anticiper les \u00e9volutions du march\u00e9, att\u00e9nuant ainsi le risque d\u2019un mauvais investissement.<\/li>\n\n\n\n<li><strong>D\u00e9couvrir des opportunit\u00e9s\u00a0:<\/strong> Toutes les opportunit\u00e9s lucratives ne sont pas \u00e9videntes au premier coup d\u2019\u0153il. Gr\u00e2ce aux \u00e9tudes de march\u00e9 de l\u2019immobilier commercial, des joyaux cach\u00e9s dans les march\u00e9s \u00e9mergents ou des propri\u00e9t\u00e9s sous-\u00e9valu\u00e9es pr\u00e9sentant un potentiel important peuvent \u00eatre d\u00e9couverts.<\/li>\n\n\n\n<li><strong>Prise de d\u00e9cision \u00e9clair\u00e9e\u00a0:<\/strong> Avec des sommes d\u2019argent importantes en jeu, les d\u00e9cisions bas\u00e9es sur l\u2019intuition ou une analyse superficielle ne suffisent pas. Les \u00e9tudes de march\u00e9 de l\u2019immobilier commercial fournissent des informations factuelles bas\u00e9es sur des donn\u00e9es, garantissant que les choix effectu\u00e9s sont \u00e9tay\u00e9s par des preuves solides.<\/li>\n\n\n\n<li><strong>Pr\u00e9dire les tendances du march\u00e9\u00a0:<\/strong> L\u2019immobilier, comme la plupart des secteurs, est influenc\u00e9 par les tendances soci\u00e9tales, technologiques et \u00e9conomiques. Gr\u00e2ce \u00e0 des \u00e9tudes de march\u00e9 sur l&#039;immobilier commercial, les parties prenantes peuvent anticiper les changements, de l&#039;augmentation du travail \u00e0 distance ayant un impact sur les espaces de bureau \u00e0 la croissance du commerce \u00e9lectronique affectant les points de vente.<\/li>\n\n\n\n<li><strong>Strat\u00e9gies de tarification optimales\u00a0:<\/strong> Qu&#039;il s&#039;agisse de fixer les prix de location ou de d\u00e9terminer la valeur de vente d&#039;une propri\u00e9t\u00e9 commerciale, les \u00e9tudes de march\u00e9 garantissent que les prix sont comp\u00e9titifs, maximisant les rendements tout en garantissant l&#039;attractivit\u00e9 du march\u00e9.<\/li>\n\n\n\n<li><strong>Comprendre les r\u00e9glementations locales et les lois de zonage\u00a0:<\/strong> Les propri\u00e9t\u00e9s commerciales sont souvent li\u00e9es par les lois de zonage locales, les r\u00e9glementations et les \u00e9ventuels futurs plans d\u2019urbanisme. Les \u00e9tudes de march\u00e9 de l\u2019immobilier commercial aident les investisseurs et les promoteurs \u00e0 comprendre ces contraintes, \u00e9vitant ainsi les complications juridiques \u00e0 long terme.<\/li>\n\n\n\n<li><strong>Projections futures\u00a0:<\/strong> Au-del\u00e0 des tendances et des donn\u00e9es actuelles, les \u00e9tudes de march\u00e9 de l\u2019immobilier commercial fournissent des outils de pr\u00e9vision. De telles projections sont inestimables pour les investissements \u00e0 long terme, aidant les parties prenantes \u00e0 anticiper et \u00e0 se pr\u00e9parer aux futures conditions du march\u00e9.<\/li>\n\n\n\n<li><strong>S\u00e9lection du site:<\/strong> Pour les entreprises, l\u2019emplacement de leurs op\u00e9rations peut grandement influencer leur r\u00e9ussite. La recherche peut identifier des emplacements strat\u00e9giques en fonction du trafic, de l&#039;accessibilit\u00e9, des entreprises environnantes et des mod\u00e8les d\u00e9mographiques.<\/li>\n\n\n\n<li><strong>Financement et lev\u00e9e de capitaux\u00a0:<\/strong> Banks and financial institutions are more likely to finance projects that are backed by comprehensive <a href=\"https:\/\/www.sisinternational.com\/fr\/solutions\/recherche-de-conseil-en-strategie-fintech\/etude-de-marche-dun-conseiller-financier-independant\/\" title=\"\u00c9tude de march\u00e9 sur les conseillers financiers ind\u00e9pendants\"  data-wpil-monitor-id=\"6040\">\u00e9tude de march\u00e9<\/a>, as it reduces the perceived investment risk.<\/li>\n\n\n\n<li><strong>Indicateurs \u00e9conomiques:<\/strong> Des facteurs tels que les taux d\u2019emploi, la croissance du PIB et le climat des affaires peuvent influencer la demande d\u2019espaces commerciaux. Garder un \u0153il sur ces indicateurs gr\u00e2ce \u00e0 des \u00e9tudes de march\u00e9 peut fournir un aper\u00e7u des mouvements futurs du march\u00e9.<\/li>\n<\/ul>\n\n\n\n<h2 class=\"wp-block-heading\">Tendances \u00e9mergentes dans les \u00e9tudes de march\u00e9 sur l\u2019immobilier commercial<\/h2>\n\n\n\n<figure class=\"gb-block-image gb-block-image-5afab82c\"><img loading=\"lazy\" decoding=\"async\" width=\"1456\" height=\"816\" class=\"gb-image gb-image-5afab82c\" src=\"https:\/\/www.sisinternational.com\/wp-content\/uploads\/2025\/08\/Commercial-real-estate-business-comapny-3.jpg\" alt=\"\u00c9tudes de march\u00e9 et strat\u00e9gie internationales SIS\" title=\"Commercial real estate business comapny (3)\" srcset=\"https:\/\/www.sisinternational.com\/wp-content\/uploads\/2025\/08\/Commercial-real-estate-business-comapny-3.jpg 1456w, https:\/\/www.sisinternational.com\/wp-content\/uploads\/2025\/08\/Commercial-real-estate-business-comapny-3-300x168.jpg 300w, https:\/\/www.sisinternational.com\/wp-content\/uploads\/2025\/08\/Commercial-real-estate-business-comapny-3-1024x574.jpg 1024w, https:\/\/www.sisinternational.com\/wp-content\/uploads\/2025\/08\/Commercial-real-estate-business-comapny-3-768x430.jpg 768w, https:\/\/www.sisinternational.com\/wp-content\/uploads\/2025\/08\/Commercial-real-estate-business-comapny-3-18x10.jpg 18w\" sizes=\"auto, (max-width: 1456px) 100vw, 1456px\"><\/figure>\n\n\n\n<p><\/p>\n\n\n\n<p>The rapidly evolving world of commercial real estate is not just influenced by changing architectural designs or shifts in property values. The very methods and tools used in <a href=\"https:\/\/www.sisinternational.com\/fr\/methodes-de-recherche-alternatives-et-visites-a-domicile\/\" title=\"M\u00e9thodes de recherche alternatives et visites \u00e0 domicile\u00a0\"  data-wpil-monitor-id=\"852\">\u00e9tude de march\u00e9 de l&#039;immobilier commercial<\/a> are undergoing transformative changes, adapting to technological advancements and new societal norms.<\/p>\n\n\n\n<ul class=\"wp-block-list\">\n<li><strong>Visites en r\u00e9alit\u00e9 virtuelle et augment\u00e9e\u00a0:<\/strong> Les visites de sites traditionnelles sont d\u00e9sormais compl\u00e9t\u00e9es par des exp\u00e9riences VR et AR. Cela permet aux investisseurs et aux locataires potentiels de d\u00e9couvrir les propri\u00e9t\u00e9s \u00e0 distance, ce qui conduit souvent \u00e0 une prise de d\u00e9cision plus rapide et plus \u00e9clair\u00e9e.<\/li>\n\n\n\n<li><strong>T\u00e9l\u00e9d\u00e9tection et drones\u00a0:<\/strong> Les drones fournissent des vues a\u00e9riennes des propri\u00e9t\u00e9s, aidant ainsi \u00e0 tout \u00e9valuer, depuis l&#039;\u00e9tat de la propri\u00e9t\u00e9 jusqu&#039;aux d\u00e9veloppements des infrastructures environnantes. Les technologies de t\u00e9l\u00e9d\u00e9tection peuvent \u00e9galement donner un aper\u00e7u de la qualit\u00e9 des sols, particuli\u00e8rement utile pour les espaces industriels ou les nouveaux d\u00e9veloppements.<\/li>\n\n\n\n<li><strong>IoT (Internet des objets) dans l&#039;analyse immobili\u00e8re\u00a0:<\/strong> Les appareils intelligents et les capteurs install\u00e9s dans les propri\u00e9t\u00e9s collectent en permanence des donn\u00e9es sur la consommation d&#039;\u00e9nergie, la circulation pi\u00e9tonni\u00e8re et l&#039;utilisation de l&#039;espace. Ces donn\u00e9es en temps r\u00e9el sont inestimables pour les gestionnaires immobiliers et les chercheurs.<\/li>\n\n\n\n<li><strong>Accent sur les b\u00e2timents durables et verts\u00a0:<\/strong> Avec une pouss\u00e9e mondiale vers la durabilit\u00e9, les chercheurs se concentrent d\u00e9sormais sur la demande de b\u00e2timents verts, d&#039;infrastructures \u00e9conomes en \u00e9nergie et de d\u00e9veloppements immobiliers respectueux de l&#039;environnement.<\/li>\n\n\n\n<li><strong>Espaces flexibles et dynamique de coworking\u00a0:<\/strong> Alors que les fronti\u00e8res entre les configurations de bureau traditionnelles et les espaces de coworking flexibles s&#039;estompent, les \u00e9tudes de march\u00e9 de l&#039;immobilier commercial approfondissent la compr\u00e9hension de la viabilit\u00e9 et de la demande \u00e0 long terme pour de tels espaces hybrides.<\/li>\n\n\n\n<li><strong>L&#039;influence du commerce \u00e9lectronique sur les espaces de vente au d\u00e9tail\u00a0:<\/strong> Alors que les achats en ligne connaissent une croissance exponentielle, les \u00e9tudes de march\u00e9 sur l&#039;immobilier commercial se concentrent sur le r\u00f4le \u00e9volutif des espaces de vente au d\u00e9tail physiques, passant de simples destinations de shopping \u00e0 des centres d&#039;exp\u00e9rience.<\/li>\n\n\n\n<li><strong>Int\u00e9gration de la sant\u00e9 et du bien-\u00eatre\u00a0:<\/strong> Les espaces commerciaux modernes, en particulier dans l\u2019\u00e8re post-pand\u00e9mique, sont con\u00e7us en mettant la sant\u00e9 et le bien-\u00eatre au premier plan. Les \u00e9tudes de march\u00e9 cherchent d\u00e9sormais \u00e0 comprendre la demande pour de telles int\u00e9grations, des syst\u00e8mes de purification de l&#039;air aux \u00e9quipements ax\u00e9s sur le bien-\u00eatre.<\/li>\n<\/ul>\n\n\n\n<h2 class=\"wp-block-heading\">Opportunit\u00e9s de r\u00e9alisation d\u2019\u00e9tudes de march\u00e9 sur l\u2019immobilier commercial<\/h2>\n\n\n\n<figure class=\"gb-block-image gb-block-image-ba57f174\"><img loading=\"lazy\" decoding=\"async\" width=\"1456\" height=\"816\" class=\"gb-image gb-image-ba57f174\" src=\"https:\/\/www.sisinternational.com\/wp-content\/uploads\/2025\/08\/Commercial-real-estate-business-comapny-4.jpg\" alt=\"\u00c9tudes de march\u00e9 et strat\u00e9gie internationales SIS\" title=\"Commercial real estate business comapny (4)\" srcset=\"https:\/\/www.sisinternational.com\/wp-content\/uploads\/2025\/08\/Commercial-real-estate-business-comapny-4.jpg 1456w, https:\/\/www.sisinternational.com\/wp-content\/uploads\/2025\/08\/Commercial-real-estate-business-comapny-4-300x168.jpg 300w, https:\/\/www.sisinternational.com\/wp-content\/uploads\/2025\/08\/Commercial-real-estate-business-comapny-4-1024x574.jpg 1024w, https:\/\/www.sisinternational.com\/wp-content\/uploads\/2025\/08\/Commercial-real-estate-business-comapny-4-768x430.jpg 768w, https:\/\/www.sisinternational.com\/wp-content\/uploads\/2025\/08\/Commercial-real-estate-business-comapny-4-18x10.jpg 18w\" sizes=\"auto, (max-width: 1456px) 100vw, 1456px\"><\/figure>\n\n\n\n<p><\/p>\n\n\n\n<p>La r\u00e9alisation d\u2019\u00e9tudes de march\u00e9 de l\u2019immobilier commercial pr\u00e9sente de multiples opportunit\u00e9s pour diverses parties prenantes, des promoteurs et investisseurs aux courtiers et urbanistes. Voici un aper\u00e7u des opportunit\u00e9s qui se pr\u00e9sentent\u00a0:<\/p>\n\n\n\n<ul class=\"wp-block-list\">\n<li><strong>D\u00e9cisions d&#039;investissement strat\u00e9giques\u00a0:<\/strong> Une recherche de qualit\u00e9 r\u00e9v\u00e8le les principaux domaines d&#039;investissement, aidant les parties prenantes \u00e0 identifier les actifs sous-\u00e9valu\u00e9s ou les march\u00e9s \u00e9mergents qui promettent des rendements \u00e9lev\u00e9s.<\/li>\n\n\n\n<li><strong>D\u00e9veloppement immobilier sur mesure :<\/strong> En comprenant les pr\u00e9f\u00e9rences d\u00e9mographiques, les comportements des consommateurs et la demande localis\u00e9e, les promoteurs peuvent concevoir et construire des propri\u00e9t\u00e9s qui s&#039;adressent pr\u00e9cis\u00e9ment au public cible.<\/li>\n\n\n\n<li><strong>Diversification du portefeuille\u00a0:<\/strong> Une \u00e9tude solide du march\u00e9 de l\u2019immobilier commercial peut mettre en \u00e9vidence des secteurs ou des r\u00e9gions inexploit\u00e9s, permettant aux investisseurs de diversifier leurs portefeuilles immobiliers, d\u2019att\u00e9nuer les risques et d\u2019assurer des rendements stables.<\/li>\n\n\n\n<li><strong>Offres de produits innovants\u00a0:<\/strong> Pour les soci\u00e9t\u00e9s immobili\u00e8res commerciales, les enseignements de la recherche peuvent conduire \u00e0 la cr\u00e9ation de produits ou de services immobiliers innovants, leur donnant ainsi un avantage concurrentiel sur le march\u00e9.<\/li>\n\n\n\n<li><strong>Optimized <\/strong><a href=\"https:\/\/www.sisinternational.com\/fr\/developpement-de-la-ville-de-hartford-connecticut\/\" title=\"\u00c9tude de march\u00e9 \u00e0 Hartford, Connecticut\"  data-wpil-monitor-id=\"1759\">Marketing Strategies: Real estate<\/a> marketing can be fine-tuned based on research insights, ensuring promotional efforts are directed toward the right audience using the most effective channels.<\/li>\n\n\n\n<li><strong>Axe d\u00e9veloppement durable\u00a0:<\/strong> La durabilit\u00e9 devenant une priorit\u00e9 mondiale, la recherche peut guider les promoteurs vers des initiatives vertes qui profitent non seulement \u00e0 l\u2019environnement, mais qui r\u00e9pondent \u00e9galement \u00e0 la demande croissante d\u2019espaces commerciaux respectueux de l\u2019environnement.<\/li>\n\n\n\n<li><strong>Analyse pr\u00e9dictive\u00a0:<\/strong> Les m\u00e9thodologies de recherche avanc\u00e9es, en particulier celles int\u00e9grant l\u2019IA et le Big Data, peuvent fournir des informations pr\u00e9dictives, permettant aux parties prenantes d\u2019anticiper les \u00e9volutions du march\u00e9 et d\u2019ajuster leurs strat\u00e9gies de mani\u00e8re proactive.<\/li>\n\n\n\n<li><strong>R\u00e9tention am\u00e9lior\u00e9e des locataires\u00a0:<\/strong> Pour les gestionnaires immobiliers, la recherche peut mettre en lumi\u00e8re les pr\u00e9f\u00e9rences et les niveaux de satisfaction des locataires, conduisant \u00e0 de meilleures relations avec les locataires et \u00e0 des taux de r\u00e9tention plus \u00e9lev\u00e9s.<\/li>\n\n\n\n<li><strong>Collaborations intersectorielles\u00a0:<\/strong> Les informations issues des \u00e9tudes de march\u00e9 peuvent identifier des opportunit\u00e9s de collaboration potentielles dans tous les secteurs, telles que des partenariats avec des fournisseurs de mobilit\u00e9 pour les espaces commerciaux ou des entreprises technologiques pour des solutions de b\u00e2timents intelligents.<\/li>\n\n\n\n<li><strong>Planification financi\u00e8re am\u00e9lior\u00e9e\u00a0:<\/strong> Pour les investisseurs et les promoteurs, les informations financi\u00e8res d\u00e9riv\u00e9es des \u00e9tudes de march\u00e9 peuvent les aider \u00e0 am\u00e9liorer la budg\u00e9tisation, les pr\u00e9visions et la planification financi\u00e8re de leurs projets.<\/li>\n<\/ul>","protected":false},"excerpt":{"rendered":"<p>Les \u00e9tudes de march\u00e9 de l&#039;immobilier commercial sont cruciales pour les promoteurs, les investisseurs et les investisseurs immobiliers des parties prenantes.<\/p>","protected":false},"author":1,"featured_media":64067,"parent":14514,"menu_order":345,"comment_status":"closed","ping_status":"closed","template":"","meta":{"footnotes":""},"class_list":["post-43277","page","type-page","status-publish","has-post-thumbnail"],"_links":{"self":[{"href":"https:\/\/www.sisinternational.com\/fr\/wp-json\/wp\/v2\/pages\/43277","targetHints":{"allow":["GET"]}}],"collection":[{"href":"https:\/\/www.sisinternational.com\/fr\/wp-json\/wp\/v2\/pages"}],"about":[{"href":"https:\/\/www.sisinternational.com\/fr\/wp-json\/wp\/v2\/types\/page"}],"author":[{"embeddable":true,"href":"https:\/\/www.sisinternational.com\/fr\/wp-json\/wp\/v2\/users\/1"}],"replies":[{"embeddable":true,"href":"https:\/\/www.sisinternational.com\/fr\/wp-json\/wp\/v2\/comments?post=43277"}],"version-history":[{"count":6,"href":"https:\/\/www.sisinternational.com\/fr\/wp-json\/wp\/v2\/pages\/43277\/revisions"}],"predecessor-version":[{"id":79690,"href":"https:\/\/www.sisinternational.com\/fr\/wp-json\/wp\/v2\/pages\/43277\/revisions\/79690"}],"up":[{"embeddable":true,"href":"https:\/\/www.sisinternational.com\/fr\/wp-json\/wp\/v2\/pages\/14514"}],"wp:featuredmedia":[{"embeddable":true,"href":"https:\/\/www.sisinternational.com\/fr\/wp-json\/wp\/v2\/media\/64067"}],"wp:attachment":[{"href":"https:\/\/www.sisinternational.com\/fr\/wp-json\/wp\/v2\/media?parent=43277"}],"curies":[{"name":"wp","href":"https:\/\/api.w.org\/{rel}","templated":true}]}}