{"id":43273,"date":"2023-09-01T13:50:01","date_gmt":"2023-09-01T17:50:01","guid":{"rendered":"https:\/\/www.sisinternational.com\/?page_id=43273"},"modified":"2026-01-24T19:02:50","modified_gmt":"2026-01-25T00:02:50","slug":"etude-de-marche-a-key-west-en-floride","status":"publish","type":"page","link":"https:\/\/www.sisinternational.com\/fr\/couverture\/north-america\/couverture-des-etats-unis\/etude-de-marche-a-key-west-en-floride\/","title":{"rendered":"\u00c9tude de march\u00e9 \u00e0 Key West, Floride"},"content":{"rendered":"<h1 class=\"wp-block-heading\">\u00c9tude de march\u00e9 \u00e0 Key West, Floride<\/h1>\n\n\n<div class=\"wp-block-image\">\n<figure class=\"aligncenter size-large is-resized\"><img loading=\"lazy\" decoding=\"async\" width=\"1024\" height=\"574\" src=\"https:\/\/www.sisinternational.com\/wp-content\/uploads\/2025\/09\/Naples-Florida-2-1024x574.jpg\" alt=\"\u00c9tudes de march\u00e9 et strat\u00e9gie internationales SIS\" class=\"wp-image-66680\" style=\"width:1350px\" srcset=\"https:\/\/www.sisinternational.com\/wp-content\/uploads\/2025\/09\/Naples-Florida-2-1024x574.jpg 1024w, https:\/\/www.sisinternational.com\/wp-content\/uploads\/2025\/09\/Naples-Florida-2-300x168.jpg 300w, https:\/\/www.sisinternational.com\/wp-content\/uploads\/2025\/09\/Naples-Florida-2-768x430.jpg 768w, https:\/\/www.sisinternational.com\/wp-content\/uploads\/2025\/09\/Naples-Florida-2-18x10.jpg 18w, https:\/\/www.sisinternational.com\/wp-content\/uploads\/2025\/09\/Naples-Florida-2.jpg 1456w\" sizes=\"auto, (max-width: 1024px) 100vw, 1024px\" \/><\/figure>\n<\/div>\n\n\n<p><\/p>\n\n\n\n<p>Key West, une ville insulaire des Florida Keys, offre un m\u00e9lange unique d&#039;histoire, de charme et d&#039;aventure. Pour cette raison, Key West attire les touristes et les entrepreneurs \u2013 et les \u00e9tudes de march\u00e9 de Key West en Floride fournissent \u00e0 toutes les parties prenantes des informations \u00e9conomiques, sociales et comportementales approfondies sur les modes de consommation nuanc\u00e9s de Key West.<\/p>\n\n\n\n<h2 class=\"wp-block-heading\">Le r\u00f4le de l\u2019\u00e9tude de march\u00e9 \u00e0 Key West en Floride<\/h2>\n\n\n\n<p>Key West presents a distinct market condition, and by leveraging Key West Florida market research, businesses can tailor their strategies to cater to the unique demands and preferences of the island&#8217;s inhabitants and visitors. Here&#8217;s a breakdown of the role of <a href=\"https:\/\/www.sisinternational.com\/fr\/facteurs-cles-de-succes-dans-les-etudes-de-marche-automobile\/\" title=\"Facteurs cl\u00e9s de succ\u00e8s dans les \u00e9tudes de march\u00e9 automobile\"  data-wpil-monitor-id=\"2519\">market research in Key<\/a> Ouest:<\/p>\n\n\n\n<ul class=\"wp-block-list\">\n<li><strong>Compr\u00e9hension <\/strong><a href=\"https:\/\/www.sisinternational.com\/fr\/competence\/les-industries\/tourisme-de-voyage\/\" title=\"\u00c9tudes de march\u00e9 sur les voyages et le tourisme\"  data-wpil-monitor-id=\"10331\">Tourism Dynamics: Through market research<\/a>, businesses can gain insights into tourist demographics, preferences, and behaviors. Such insights are invaluable for businesses ranging from hospitality and dining to retail and entertainment, allowing them to align their offerings with the expectations of their clientele.<\/li>\n\n\n\n<li><strong>Perspectives immobili\u00e8res\u00a0:<\/strong> The demand for property in Key West is influenced by factors ranging from tourism to climate patterns. Comprehensive Key West <a href=\"https:\/\/www.sisinternational.com\/fr\/couverture\/les-ameriques\/couverture-des-etats-unis\/etude-de-marche-a-tampa-en-floride\/\" title=\"\u00c9tude de march\u00e9 \u00e0 Tampa, Floride\"  data-wpil-monitor-id=\"4128\">Florida market research<\/a> can provide real estate developers and investors with an understanding of property value trends, rental market dynamics, and potential growth areas.<\/li>\n\n\n\n<li><strong>Analyse du comportement des consommateurs\u00a0:<\/strong> Compte tenu de la diversit\u00e9 de la population de Key West, les entreprises doivent \u00eatre adapt\u00e9es aux pr\u00e9f\u00e9rences vari\u00e9es de leur public cible. Gr\u00e2ce aux \u00e9tudes de march\u00e9 de Key West en Floride, les entreprises peuvent discerner les mod\u00e8les de consommation, les pr\u00e9f\u00e9rences en mati\u00e8re de produits et les attentes en mati\u00e8re de service, optimisant ainsi leurs offres pour un attrait maximal.<\/li>\n\n\n\n<li><strong>Identifying <\/strong><a href=\"https:\/\/www.sisinternational.com\/fr\/publications\/etude-de-marche-sur-les-entreprises-evolutives-7-facons-de-creer-une-entreprise-evolutive\/\" title=\"\u00c9tude de march\u00e9 sur les entreprises \u00e9volutives\u00a0: 7 fa\u00e7ons de cr\u00e9er une entreprise \u00e9volutive\"  data-wpil-monitor-id=\"10332\">Business Opportunities: As with any market<\/a>, Key West has its share of untapped potentials and emerging trends. Key West Florida market research can spotlight gaps in the market, offering keen-eyed entrepreneurs opportunities for innovation and expansion.<\/li>\n\n\n\n<li><strong>Att\u00e9nuation des risques:<\/strong> With its unique socio-economic and environmental challenges, Key West presents certain risks to businesses. That\u2019s why Key West Florida market research can help identify and forecast these risks, from changing climate impacts to economic downturns, allowing businesses to preemptively <a href=\"https:\/\/www.sisinternational.com\/fr\/venezuela-oil-mining-industry-potential-strategic-forecast-2026-2036\/\" title=\"Venezuela Oil &amp; Mining Industry Potential: Strategic Forecast 2026-2036\"  data-wpil-monitor-id=\"10336\">strategize and minimize potential<\/a> setbacks.<\/li>\n\n\n\n<li><strong>Analyse comp\u00e9titive:<\/strong> Le paysage commercial dynamique de Key West regorge de concurrence. Cependant, en recourant \u00e0 des \u00e9tudes de march\u00e9, les entreprises peuvent \u00e9valuer leur position par rapport \u00e0 leurs concurrents, identifier leurs forces et leurs faiblesses et se tailler une niche distincte.<\/li>\n<\/ul>\n\n\n\n<h2 class=\"wp-block-heading\">\u00c9tude de march\u00e9 \u00e0 Key West en Floride\u00a0: tendances et opportunit\u00e9s \u00e9mergentes<\/h2>\n\n\n\n<ul class=\"wp-block-list\">\n<li><strong>Croissance de l\u2019\u00e9cotourisme\u00a0:<\/strong> Avec l\u2019importance croissante accord\u00e9e \u00e0 la durabilit\u00e9 \u00e0 l\u2019\u00e9chelle mondiale, l\u2019\u00e9cotourisme conna\u00eet un essor consid\u00e9rable. Key West, avec ses \u00e9cosyst\u00e8mes marins intacts et son environnement tropical, est bien plac\u00e9 pour tirer parti de cette tendance. Les opportunit\u00e9s r\u00e9sident dans le d\u00e9veloppement d\u2019h\u00e9bergements respectueux de l\u2019environnement, d\u2019\u00e9co-visites guid\u00e9es et dans la promotion d\u2019initiatives de conservation de l\u2019environnement.<\/li>\n\n\n\n<li><strong>Exp\u00e9riences de r\u00e9alit\u00e9 virtuelle (VR) et de r\u00e9alit\u00e9 augment\u00e9e (AR)\u00a0:<\/strong> Les touristes recherchent de plus en plus d\u2019exp\u00e9riences immersives. La r\u00e9alit\u00e9 virtuelle et la r\u00e9alit\u00e9 augment\u00e9e peuvent accro\u00eetre l&#039;attrait de Key West, en proposant des visites interactives ou des aventures sous-marines sans quitter le rivage.<\/li>\n\n\n\n<li><strong>Mouvement artisanal et artisanal local\u00a0:<\/strong> There is a growing demand for locally crafted products, from <a href=\"https:\/\/www.sisinternational.com\/fr\/competence\/cv-dexperience\/nourriture-et-boissons-en-asie-pacifique\/\" title=\"\u00c9tude de march\u00e9 sur les aliments et les boissons en Asie\"  data-wpil-monitor-id=\"10337\">nourriture et boissons<\/a> to arts and crafts. With its rich artistic heritage, Key West can capitalize on this by promoting local artisans, hosting craft markets, and integrating the artisanal touch in hospitality offerings.<\/li>\n\n\n\n<li><strong>Retraites sant\u00e9 et bien-\u00eatre :<\/strong> As wellness tourism gains traction, Key West can position itself as a premier destination for health and rejuvenation. Opportunities span from yoga <a href=\"https:\/\/www.sisinternational.com\/fr\/solutions\/conseil-en-tourisme-de-voyage-et-en-hotellerie\/conseil-en-rebranding-dhotel-en-retraite\/\" title=\"Conseil en rebranding d\u2019h\u00f4tel Retreat\"  data-wpil-monitor-id=\"10334\">retreats on the beach to wellness-focused hotels<\/a> and organic dining establishments.<\/li>\n\n\n\n<li><strong>H\u00e9bergements pour le travail \u00e0 distance\u00a0:<\/strong> L\u2019essor du travail \u00e0 distance a conduit au concept de \u00ab workcations \u00bb. Key West, avec son environnement serein, peut r\u00e9pondre \u00e0 cette population en proposant des espaces de coworking, des logements en location longue dur\u00e9e avec des \u00e9quipements de bureau et des forfaits d\u00e9di\u00e9s aux travailleurs \u00e0 distance.<\/li>\n\n\n\n<li><strong>Restauration de fruits de mer durables\u00a0:<\/strong> Il y a une conscience croissante de la restauration durable et \u00e9thique. Les restaurants de Key West peuvent exploiter cette tendance en collaborant avec les p\u00eacheries locales, en proposant des fruits de mer tra\u00e7ables et en promouvant des pratiques de p\u00eache durables.<\/li>\n\n\n\n<li><strong>Festivals et \u00e9v\u00e9nements culturels\u00a0:<\/strong> C\u00e9l\u00e9brer la diversit\u00e9 culturelle de Key West peut constituer un attrait majeur pour les touristes. Des festivals de litt\u00e9rature honorant l\u2019h\u00e9ritage de r\u00e9sidents comme Ernest Hemingway aux festivals de musique et d\u2019art, les opportunit\u00e9s sont vastes.<\/li>\n\n\n\n<li><strong>Sports nautiques d&#039;aventure\u00a0:<\/strong> Bien que les sports nautiques aient toujours \u00e9t\u00e9 populaires \u00e0 Key West, il est possible d&#039;introduire de nouvelles activit\u00e9s qui font monter l&#039;adr\u00e9naline comme le flyboard, les aventures en scooter sous-marin ou les exp\u00e9riences innovantes de plong\u00e9e en apn\u00e9e.<\/li>\n<\/ul>\n\n\n\n<h2 class=\"wp-block-heading\">\u00c9tude de march\u00e9 \u00e0 Key West en Floride\u00a0: d\u00e9fis<\/h2>\n\n\n\n<p>Key West offre \u00e0 la fois attrait et complexit\u00e9 aux chercheurs de march\u00e9. Par cons\u00e9quent, pour obtenir des informations pr\u00e9cises et exploitables, il faut relever un ensemble de d\u00e9fis sp\u00e9cifiques \u00e0 Key West \u2013 et voici quelques-uns des principaux d\u00e9fis lors de la r\u00e9alisation d\u2019une \u00e9tude de march\u00e9 \u00e0 Key West en Floride\u00a0:<\/p>\n\n\n\n<ul class=\"wp-block-list\">\n<li><strong>Variabilit\u00e9 saisonni\u00e8re\u00a0:<\/strong> L&#039;\u00e9conomie et la population de Key West pr\u00e9sentent d&#039;importantes fluctuations saisonni\u00e8res en raison de la nature touristique de la r\u00e9gion. Cela pose un d\u00e9fi pour obtenir des donn\u00e9es coh\u00e9rentes, car les tendances observ\u00e9es pendant les hautes saisons touristiques peuvent ne pas s&#039;appliquer aux heures creuses.<\/li>\n\n\n\n<li><strong>Population diversifi\u00e9e\u00a0:<\/strong> La combinaison de r\u00e9sidents de longue dur\u00e9e et de touristes rend difficile la d\u00e9finition et la segmentation pr\u00e9cise des donn\u00e9es d\u00e9mographiques cibles. Cette h\u00e9t\u00e9rog\u00e9n\u00e9it\u00e9 peut parfois obscurcir les informations claires et rendre l\u2019\u00e9chantillonnage d\u00e9licat.<\/li>\n\n\n\n<li><strong>Donn\u00e9es localis\u00e9es limit\u00e9es\u00a0:<\/strong> Compte tenu de sa zone g\u00e9ographique relativement petite et sp\u00e9cifique, il peut y avoir des ensembles de donn\u00e9es pr\u00e9existants limit\u00e9s ou des recherches secondaires sp\u00e9cifiquement adapt\u00e9es \u00e0 Key West, n\u00e9cessitant une collecte de donn\u00e9es primaires, ce qui peut prendre du temps.<\/li>\n\n\n\n<li><strong>Changements \u00e9conomiques rapides\u00a0:<\/strong> The island&#8217;s economy can be influenced by various factors, ranging from global economic conditions, climate events, or shifts in tourism patterns. This dynamic nature makes it challenging to <a href=\"https:\/\/www.sisinternational.com\/fr\/societe-de-prevision-des-principales-tendances-du-secteur-b2b\/\" title=\"Entreprise de pr\u00e9vision des principales tendances du secteur B2B\"  data-wpil-monitor-id=\"10335\">forecast long-term trends<\/a>.<\/li>\n\n\n\n<li><strong>Pr\u00e9occupations environnementales:<\/strong> The fragile ecosystem of Key West, especially its marine environments, can <a href=\"https:\/\/www.sisinternational.com\/fr\/solutions\/solutions-de-branding-et-de-recherche-client\/etude-de-marche-des-influenceurs\/\" title=\"\u00c9tude de march\u00e9 sur les influenceurs\"  data-wpil-monitor-id=\"10338\">influence certain types of research<\/a>. For instance, tourism-related research might need to factor in sustainability concerns.<\/li>\n\n\n\n<li><strong>S&#039;adapter aux tendances num\u00e9riques\u00a0:<\/strong> With the increasing role of digital platforms in commerce and tourism, traditional research methods might not capture the full picture. Adapting to include <a href=\"https:\/\/www.sisinternational.com\/fr\/sis-lance-de-nouvelles-solutions-de-recherche-numerique\/\" title=\"SIS lance de nouvelles solutions de recherche num\u00e9rique\"  data-wpil-monitor-id=\"10333\">digital behavior in research<\/a> is essential but can be challenging, given the rapid evolution of technology.<\/li>\n\n\n\n<li><strong>Facteurs externes:<\/strong> Des facteurs externes tels que les ouragans, qui ne sont pas rares dans les Keys de Floride, peuvent perturber les d\u00e9lais de recherche ou fausser les donn\u00e9es en raison de leur impact imm\u00e9diat important sur l&#039;\u00e9conomie et la population locales.<\/li>\n\n\n\n<li><strong>Implications financi\u00e8res\u00a0:<\/strong> Compte tenu de certains des d\u00e9fis mentionn\u00e9s ci-dessus, notamment le besoin de recherches primaires ou d\u2019expertise sp\u00e9cialis\u00e9e, mener une \u00e9tude de march\u00e9 compl\u00e8te \u00e0 Key West en Floride peut s\u2019av\u00e9rer plus co\u00fbteuse qu\u2019une recherche similaire dans des contextes urbains plus typiques.<\/li>\n<\/ul>\n\n\n\n<h2 class=\"wp-block-heading\">&nbsp;<\/h2>","protected":false},"excerpt":{"rendered":"<p>Key West, une ville insulaire des Florida Keys, allie de mani\u00e8re unique histoire, charme et aventure. C&#039;est un p\u00f4le d&#039;attraction pour les touristes et les entrepreneurs.<\/p>","protected":false},"author":1,"featured_media":66680,"parent":19303,"menu_order":73,"comment_status":"closed","ping_status":"closed","template":"","meta":{"footnotes":""},"class_list":["post-43273","page","type-page","status-publish","has-post-thumbnail"],"_links":{"self":[{"href":"https:\/\/www.sisinternational.com\/fr\/wp-json\/wp\/v2\/pages\/43273","targetHints":{"allow":["GET"]}}],"collection":[{"href":"https:\/\/www.sisinternational.com\/fr\/wp-json\/wp\/v2\/pages"}],"about":[{"href":"https:\/\/www.sisinternational.com\/fr\/wp-json\/wp\/v2\/types\/page"}],"author":[{"embeddable":true,"href":"https:\/\/www.sisinternational.com\/fr\/wp-json\/wp\/v2\/users\/1"}],"replies":[{"embeddable":true,"href":"https:\/\/www.sisinternational.com\/fr\/wp-json\/wp\/v2\/comments?post=43273"}],"version-history":[{"count":6,"href":"https:\/\/www.sisinternational.com\/fr\/wp-json\/wp\/v2\/pages\/43273\/revisions"}],"predecessor-version":[{"id":81703,"href":"https:\/\/www.sisinternational.com\/fr\/wp-json\/wp\/v2\/pages\/43273\/revisions\/81703"}],"up":[{"embeddable":true,"href":"https:\/\/www.sisinternational.com\/fr\/wp-json\/wp\/v2\/pages\/19303"}],"wp:featuredmedia":[{"embeddable":true,"href":"https:\/\/www.sisinternational.com\/fr\/wp-json\/wp\/v2\/media\/66680"}],"wp:attachment":[{"href":"https:\/\/www.sisinternational.com\/fr\/wp-json\/wp\/v2\/media?parent=43273"}],"curies":[{"name":"wp","href":"https:\/\/api.w.org\/{rel}","templated":true}]}}