{"id":43269,"date":"2023-09-01T12:30:16","date_gmt":"2023-09-01T16:30:16","guid":{"rendered":"https:\/\/www.sisinternational.com\/?page_id=43269"},"modified":"2026-01-26T14:21:52","modified_gmt":"2026-01-26T19:21:52","slug":"etude-de-marche-sur-les-franchises-de-restauration-rapide","status":"publish","type":"page","link":"https:\/\/www.sisinternational.com\/fr\/competence\/etude-de-marche-sur-les-franchises-de-restauration-rapide\/","title":{"rendered":"\u00c9tude de march\u00e9 sur les franchises de restauration rapide"},"content":{"rendered":"<h1 class=\"wp-block-heading\">\u00c9tude de march\u00e9 sur les franchises de restauration rapide<\/h1>\n\n\n\n<figure class=\"gb-block-image gb-block-image-e3552a42\"><img loading=\"lazy\" decoding=\"async\" width=\"1456\" height=\"816\" class=\"gb-image gb-image-e3552a42\" src=\"https:\/\/www.sisinternational.com\/wp-content\/uploads\/2025\/08\/Food-taste-testing-2.jpg\" alt=\"\u00c9tudes de march\u00e9 et strat\u00e9gie internationales SIS\" title=\"Food taste testing (2)\" srcset=\"https:\/\/www.sisinternational.com\/wp-content\/uploads\/2025\/08\/Food-taste-testing-2.jpg 1456w, https:\/\/www.sisinternational.com\/wp-content\/uploads\/2025\/08\/Food-taste-testing-2-300x168.jpg 300w, https:\/\/www.sisinternational.com\/wp-content\/uploads\/2025\/08\/Food-taste-testing-2-1024x574.jpg 1024w, https:\/\/www.sisinternational.com\/wp-content\/uploads\/2025\/08\/Food-taste-testing-2-768x430.jpg 768w, https:\/\/www.sisinternational.com\/wp-content\/uploads\/2025\/08\/Food-taste-testing-2-18x10.jpg 18w\" sizes=\"auto, (max-width: 1456px) 100vw, 1456px\"><\/figure>\n\n\n\n<p><\/p>\n\n\n\n<p>L\u2019industrie de la restauration rapide reste l\u2019un des secteurs qui \u00e9voluent le plus rapidement. Si sa croissance est \u00e9vidente dans le monde entier, sa trajectoire n\u2019est pas simplement le r\u00e9sultat de menus innovants ou de campagnes marketing accrocheuses. En coulisses, le processus m\u00e9ticuleux d\u2019\u00e9tude de march\u00e9 sur les franchises de restauration rapide joue un r\u00f4le cl\u00e9 dans l\u2019orientation de cette industrie.<\/p>\n\n\n\n<p>Ce <a href=\"https:\/\/www.sisinternational.com\/fr\/competence\/les-industries\/etude-de-marche-sur-le-changement-de-marque-de-moto\/\" title=\"\u00c9tude de march\u00e9 sur le changement de marque de moto\"  data-wpil-monitor-id=\"4716\">recherche<\/a> not only informs businesses about current market trends but also helps companies understand consumer preferences, regional tastes, and operational challenges, among other issues.<\/p>\n\n\n\n<h2 class=\"wp-block-heading\">Qu\u2019est-ce que l\u2019\u00e9tude de march\u00e9 sur les franchises de restauration rapide ?<\/h2>\n\n\n\n<p>Fast food <a class=\"wpil_keyword_link\" href=\"https:\/\/www.sisinternational.com\/fr\/competence\/les-industries\/etude-de-marche-des-franchises\/\"   title=\"Etude de march\u00e9 des franchises\" data-wpil-keyword-link=\"linked\"  data-wpil-monitor-id=\"330\">\u00e9tude de march\u00e9 des franchises<\/a> provides franchises, investors, and stakeholders with detailed knowledge about the industry&#8217;s current landscape, potential growth areas, challenges, and emerging trends. This research encompasses various facets such as:<\/p>\n\n\n\n<ul class=\"wp-block-list\">\n<li><strong>Analyse du consommateur\u00a0:<\/strong> Comprendre les pr\u00e9f\u00e9rences, les habitudes et les comportements des consommateurs. Cela peut inclure tout, depuis leurs plats pr\u00e9f\u00e9r\u00e9s et leurs habitudes de commande jusqu&#039;\u00e0 leur point de vue sur la durabilit\u00e9 et les choix li\u00e9s \u00e0 la sant\u00e9 dans la restauration rapide.<\/li>\n\n\n\n<li><strong>\u00c9valuation des concurrents\u00a0:<\/strong> Obtenir des informations sur ce que font les franchises concurrentes en termes d&#039;offres de menus, de strat\u00e9gies marketing, de prix et de tactiques op\u00e9rationnelles. Cela aide les franchis\u00e9s \u00e0 identifier les lacunes, les opportunit\u00e9s et les menaces potentielles.<\/li>\n\n\n\n<li><strong>Efficacit\u00e9 op\u00e9rationnelle\u00a0:<\/strong> \u00c9valuer les aspects op\u00e9rationnels de la gestion d&#039;une franchise de restauration rapide, de la gestion de la cha\u00eene d&#039;approvisionnement \u00e0 la formation des employ\u00e9s et aux protocoles de service client.<\/li>\n\n\n\n<li><strong>Rep\u00e9rage des tendances\u00a0:<\/strong> Identifier les mod\u00e8les \u00e9mergents dans l&#039;industrie, tels que les innovations technologiques dans le traitement des commandes, l&#039;\u00e9volution vers des options de menu \u00e0 base de plantes ou des pratiques de durabilit\u00e9.<\/li>\n\n\n\n<li><strong>Analyse g\u00e9ographique et d\u00e9mographique\u00a0:<\/strong> Comprendre les pr\u00e9f\u00e9rences r\u00e9gionales, les influences culturelles sur les choix alimentaires et cibler des segments d\u00e9mographiques sp\u00e9cifiques.<\/li>\n\n\n\n<li><strong>Indicateurs \u00e9conomiques:<\/strong> Examiner les facteurs \u00e9conomiques plus larges qui peuvent avoir un impact sur le secteur des franchises de restauration rapide, tels que les niveaux de revenu disponible, les taux d&#039;emploi et la sant\u00e9 \u00e9conomique globale.<\/li>\n\n\n\n<li><strong>Environnement r\u00e9glementaire:<\/strong> Se tenir au courant des r\u00e9glementations locales, r\u00e9gionales ou nationales susceptibles d&#039;avoir un impact sur le fonctionnement des franchises de restauration rapide, y compris les directives sanitaires, les mandats environnementaux et les lois du travail.<\/li>\n<\/ul>\n\n\n\n<h2 class=\"wp-block-heading\">Pourquoi l\u2019\u00e9tude de march\u00e9 sur les franchises de restauration rapide est cruciale dans le paysage commercial actuel<\/h2>\n\n\n\n<figure class=\"gb-block-image gb-block-image-6ee815d7\"><img loading=\"lazy\" decoding=\"async\" width=\"1456\" height=\"816\" class=\"gb-image gb-image-6ee815d7\" src=\"https:\/\/www.sisinternational.com\/wp-content\/uploads\/2025\/08\/Food-taste-testing-15.jpg\" alt=\"\u00c9tudes de march\u00e9 et strat\u00e9gie internationales SIS\" title=\"Food taste testing (15)\" srcset=\"https:\/\/www.sisinternational.com\/wp-content\/uploads\/2025\/08\/Food-taste-testing-15.jpg 1456w, https:\/\/www.sisinternational.com\/wp-content\/uploads\/2025\/08\/Food-taste-testing-15-300x168.jpg 300w, https:\/\/www.sisinternational.com\/wp-content\/uploads\/2025\/08\/Food-taste-testing-15-1024x574.jpg 1024w, https:\/\/www.sisinternational.com\/wp-content\/uploads\/2025\/08\/Food-taste-testing-15-768x430.jpg 768w, https:\/\/www.sisinternational.com\/wp-content\/uploads\/2025\/08\/Food-taste-testing-15-18x10.jpg 18w\" sizes=\"auto, (max-width: 1456px) 100vw, 1456px\"><\/figure>\n\n\n\n<p><\/p>\n\n\n\n<p>In an industry as dynamic as the fast food sector, possessing an in-depth understanding of the market can be vital \u2013 and <a href=\"https:\/\/www.sisinternational.com\/fr\/competence\/les-industries\/etude-de-marche-sur-les-restaurants-fast-casual\/\" title=\"\u00c9tude de march\u00e9 sur les restaurants rapides et d\u00e9contract\u00e9s\"  data-wpil-monitor-id=\"5936\">\u00e9tude de march\u00e9 sur les franchises de restauration rapide<\/a> offers a competitive edge that companies are capitalizing on such as:<\/p>\n\n\n\n<ul class=\"wp-block-list\">\n<li><strong>Prise de d\u00e9cision \u00e9clair\u00e9e\u00a0:<\/strong> Gr\u00e2ce \u00e0 des informations bas\u00e9es sur les donn\u00e9es, les franchises peuvent prendre des d\u00e9cisions strat\u00e9giques li\u00e9es \u00e0 l&#039;emplacement, aux offres de menu, aux prix et au marketing. En comprenant les pr\u00e9f\u00e9rences et les comportements des clients, les franchises peuvent adapter leurs services pour mieux r\u00e9pondre \u00e0 la demande.<\/li>\n\n\n\n<li><strong>R\u00e9duction de risque:<\/strong> Les \u00e9tudes de march\u00e9 sur les franchises de restauration rapide aident \u00e0 identifier les d\u00e9fis potentiels, des obstacles op\u00e9rationnels aux changements dans les pr\u00e9f\u00e9rences des consommateurs. En anticipant ces d\u00e9fis, les franchises peuvent concevoir des strat\u00e9gies pour att\u00e9nuer les risques.<\/li>\n\n\n\n<li><strong>Identifier les opportunit\u00e9s de croissance\u00a0:<\/strong> Gr\u00e2ce \u00e0 des \u00e9tudes de march\u00e9 sur les franchises de restauration rapide, les franchises peuvent identifier des r\u00e9gions ou des donn\u00e9es d\u00e9mographiques inexploit\u00e9es, de nouvelles opportunit\u00e9s de produits ou des am\u00e9liorations de services qui peuvent entra\u00eener une augmentation des revenus.<\/li>\n\n\n\n<li><strong>Analyse comparative concurrentielle\u00a0:<\/strong> En \u00e9valuant les strat\u00e9gies et les performances des concurrents, les franchises acqui\u00e8rent une vision plus claire de leur positionnement sur le march\u00e9. Cela leur permet d&#039;identifier leurs propositions de vente uniques et leurs domaines d&#039;am\u00e9lioration.<\/li>\n\n\n\n<li><strong>Allocation des ressources\u00a0:<\/strong> En comprenant quels produits ou services sont les plus populaires ou quelles strat\u00e9gies marketing g\u00e9n\u00e8rent le meilleur retour sur investissement, les franchises peuvent allouer efficacement les ressources.<\/li>\n\n\n\n<li><strong>S&#039;adapter aux tendances\u00a0:<\/strong> Les \u00e9tudes de march\u00e9 sur les franchises de restauration rapide aident les franchis\u00e9s \u00e0 garder une longueur d&#039;avance en identifiant et en s&#039;adaptant aux tendances \u00e9mergentes, qu&#039;il s&#039;agisse de changements de menus ax\u00e9s sur la sant\u00e9, d&#039;avanc\u00e9es technologiques ou de pratiques de d\u00e9veloppement durable.<\/li>\n\n\n\n<li><strong>Conformit\u00e9 r\u00e9glementaire\u00a0:<\/strong> Avec des r\u00e9glementations en constante \u00e9volution en mati\u00e8re de sant\u00e9, de s\u00e9curit\u00e9 et d\u2019environnement, il est essentiel de comprendre l\u2019environnement r\u00e9glementaire. Les \u00e9tudes de march\u00e9 sur les franchises de restauration rapide garantissent que les franchises restent conformes, \u00e9vitant ainsi les pi\u00e8ges juridiques potentiels.<\/li>\n\n\n\n<li><strong>Am\u00e9liorer la satisfaction des clients\u00a0:<\/strong> En comprenant et en r\u00e9pondant aux commentaires des clients, les franchises peuvent am\u00e9liorer l&#039;exp\u00e9rience client globale, conduisant \u00e0 une fid\u00e9lit\u00e9 accrue, un bouche-\u00e0-oreille positif et une fid\u00e9lisation des clients.<\/li>\n<\/ul>\n\n\n\n<h2 class=\"wp-block-heading\">Acteurs cl\u00e9s du secteur des franchises de restauration rapide<\/h2>\n\n\n\n<p>Le secteur des franchises de restauration rapide est vaste, avec de nombreux acteurs op\u00e9rant dans diverses r\u00e9gions du monde. Cependant, plusieurs acteurs cl\u00e9s ont r\u00e9ussi \u00e0 \u00e9tablir une pr\u00e9sence mondiale significative.<\/p>\n\n\n\n<ul class=\"wp-block-list\">\n<li><strong>McDonalds:<\/strong> Fond\u00e9 aux \u00c9tats-Unis, ce g\u00e9ant est devenu synonyme de restauration rapide et est pr\u00e9sent dans presque tous les coins du monde (\u00e0 quelques exceptions pr\u00e8s comme la Bolivie).<\/li>\n\n\n\n<li><strong>KFC (poulet frit du Kentucky)\u00a0:<\/strong> KFC est sp\u00e9cialis\u00e9 dans le poulet frit et op\u00e8re dans de nombreux pays \u00e0 travers le monde.<\/li>\n\n\n\n<li><strong>Burger King:<\/strong> Connu pour son burger Whopper, Burger King est un autre acteur mondial important du secteur de la restauration rapide.<\/li>\n\n\n\n<li><strong>M\u00e9tro:<\/strong> En se concentrant sur les sandwichs et les salades, Subway s&#039;est impos\u00e9e comme une marque mondiale disposant d&#039;un grand nombre de points de vente.<\/li>\n\n\n\n<li><strong>Domino&#039;s Pizza\u00a0:<\/strong> Sp\u00e9cialis\u00e9e dans la livraison de pizzas, Domino&#039;s est tr\u00e8s pr\u00e9sente dans de nombreux pays et continue son expansion.<\/li>\n\n\n\n<li><strong>Starbucks\u00a0:<\/strong> Bien que plus r\u00e9put\u00e9 pour son caf\u00e9, Starbucks propose \u00e9galement une gamme de produits alimentaires et est devenu une force dominante sur de nombreux march\u00e9s mondiaux.<\/li>\n<\/ul>\n\n\n\n<h2 class=\"wp-block-heading\">Opportunit\u00e9s et d\u00e9fis de l\u2019\u00e9tude de march\u00e9 sur les franchises de restauration rapide<\/h2>\n\n\n\n<figure class=\"gb-block-image gb-block-image-581bdc5d\"><img loading=\"lazy\" decoding=\"async\" width=\"1456\" height=\"816\" class=\"gb-image gb-image-581bdc5d\" src=\"https:\/\/www.sisinternational.com\/wp-content\/uploads\/2025\/08\/Burger-3.jpg\" alt=\"\u00c9tudes de march\u00e9 et strat\u00e9gie internationales SIS\" title=\"Burger (3)\" srcset=\"https:\/\/www.sisinternational.com\/wp-content\/uploads\/2025\/08\/Burger-3.jpg 1456w, https:\/\/www.sisinternational.com\/wp-content\/uploads\/2025\/08\/Burger-3-300x168.jpg 300w, https:\/\/www.sisinternational.com\/wp-content\/uploads\/2025\/08\/Burger-3-1024x574.jpg 1024w, https:\/\/www.sisinternational.com\/wp-content\/uploads\/2025\/08\/Burger-3-768x430.jpg 768w, https:\/\/www.sisinternational.com\/wp-content\/uploads\/2025\/08\/Burger-3-18x10.jpg 18w\" sizes=\"auto, (max-width: 1456px) 100vw, 1456px\"><\/figure>\n\n\n\n<p><\/p>\n\n\n\n<p>Les franchises de restauration rapide sont devenues un incontournable dans de nombreux pays du monde. Lorsque vous envisagez d\u2019investir dans ou de d\u00e9marrer une franchise de restauration rapide, une \u00e9tude de march\u00e9 est essentielle pour comprendre la dynamique du march\u00e9 local, la demande, la concurrence, etc. Vous trouverez ci-dessous les opportunit\u00e9s et les d\u00e9fis associ\u00e9s aux \u00e9tudes de march\u00e9 sur les franchises de restauration rapide\u00a0:<\/p>\n\n\n\n<h3 class=\"wp-block-heading\">Opportunit\u00e9s:<\/h3>\n\n\n\n<ul class=\"wp-block-list\">\n<li><strong>Identifier les march\u00e9s inexploit\u00e9s\u00a0:<\/strong> Gr\u00e2ce \u00e0 des \u00e9tudes de march\u00e9 approfondies, les entrepreneurs peuvent identifier les r\u00e9gions ou les localit\u00e9s o\u00f9 la demande existe, mais o\u00f9 l&#039;offre est limit\u00e9e, ce qui constitue une excellente opportunit\u00e9 d&#039;\u00e9tablir un point de restauration rapide.<\/li>\n\n\n\n<li><strong>Pr\u00e9f\u00e9rences des consommateurs\u00a0:<\/strong> Les \u00e9tudes de march\u00e9 sur les franchises de restauration rapide peuvent mettre en lumi\u00e8re les pr\u00e9f\u00e9rences alimentaires locales, les exigences alimentaires et les tendances \u00e9mergentes, permettant ainsi aux franchises d&#039;adapter leurs menus ou leurs strat\u00e9gies marketing en cons\u00e9quence.<\/li>\n\n\n\n<li><strong>Optimisation des prix\u00a0:<\/strong> En recherchant le revenu moyen, les habitudes de d\u00e9penses et la sensibilit\u00e9 aux prix d&#039;une r\u00e9gion particuli\u00e8re, les franchises peuvent optimiser leurs strat\u00e9gies de tarification pour maximiser la rentabilit\u00e9.<\/li>\n\n\n\n<li><strong>Avantage comp\u00e9titif:<\/strong> Une \u00e9tude de march\u00e9 compl\u00e8te sur les franchises de restauration rapide peut mettre en \u00e9vidence les forces et les faiblesses des concurrents, qui peuvent \u00eatre exploit\u00e9es pour acqu\u00e9rir un avantage concurrentiel.<\/li>\n\n\n\n<li><strong>\u00c9valuer l\u2019efficacit\u00e9 du marketing\u00a0:<\/strong> Les commentaires issus des \u00e9tudes de march\u00e9 peuvent aider les franchises \u00e0 affiner leurs campagnes publicitaires et leurs efforts promotionnels.<\/li>\n<\/ul>\n\n\n\n<h3 class=\"wp-block-heading\">D\u00e9fis:<\/h3>\n\n\n\n<figure class=\"gb-block-image gb-block-image-fa733508\"><img loading=\"lazy\" decoding=\"async\" width=\"1456\" height=\"816\" class=\"gb-image gb-image-fa733508\" src=\"https:\/\/www.sisinternational.com\/wp-content\/uploads\/2025\/08\/Food-taste-testing-13.jpg\" alt=\"\u00c9tudes de march\u00e9 et strat\u00e9gie internationales SIS\" title=\"Food taste testing (13)\" srcset=\"https:\/\/www.sisinternational.com\/wp-content\/uploads\/2025\/08\/Food-taste-testing-13.jpg 1456w, https:\/\/www.sisinternational.com\/wp-content\/uploads\/2025\/08\/Food-taste-testing-13-300x168.jpg 300w, https:\/\/www.sisinternational.com\/wp-content\/uploads\/2025\/08\/Food-taste-testing-13-1024x574.jpg 1024w, https:\/\/www.sisinternational.com\/wp-content\/uploads\/2025\/08\/Food-taste-testing-13-768x430.jpg 768w, https:\/\/www.sisinternational.com\/wp-content\/uploads\/2025\/08\/Food-taste-testing-13-18x10.jpg 18w\" sizes=\"auto, (max-width: 1456px) 100vw, 1456px\"><\/figure>\n\n\n\n<ul class=\"wp-block-list\">\n<li><strong>Tendances dynamiques\u00a0:<\/strong> Les pr\u00e9f\u00e9rences et les tendances en mati\u00e8re de restauration rapide peuvent changer rapidement, ce qui rend difficile la mise \u00e0 jour des \u00e9tudes de march\u00e9. Ce qui est populaire aujourd\u2019hui pourrait \u00eatre d\u00e9pass\u00e9 demain.<\/li>\n\n\n\n<li><strong>Les diff\u00e9rences culturelles:<\/strong> Dans les \u00e9tudes de march\u00e9 multinationales, comprendre les cultures, les go\u00fbts et les habitudes alimentaires locales peut \u00eatre un d\u00e9fi, n\u00e9cessitant souvent une expertise localis\u00e9e.<\/li>\n\n\n\n<li><strong>Sursaturation\u00a0:<\/strong> Dans les r\u00e9gions o\u00f9 les franchises de restauration rapide sont abondantes, il peut \u00eatre difficile de diff\u00e9rencier les marques et d&#039;identifier des arguments de vente uniques gr\u00e2ce \u00e0 des \u00e9tudes de march\u00e9.<\/li>\n\n\n\n<li><strong>Modifications l\u00e9gales et r\u00e9glementaires\u00a0:<\/strong> L&#039;industrie de la restauration rapide est confront\u00e9e \u00e0 des d\u00e9fis r\u00e9glementaires li\u00e9s \u00e0 la sant\u00e9, aux pr\u00e9occupations environnementales ou aux questions de travail. Garder une longueur d\u2019avance sur ces changements gr\u00e2ce \u00e0 des \u00e9tudes de march\u00e9 sur les franchises de restauration rapide est un d\u00e9fi mais essentiel.<\/li>\n\n\n\n<li><strong>Perceptions erron\u00e9es des consommateurs\u00a0:<\/strong> Il peut exister des pr\u00e9jug\u00e9s ou des id\u00e9es fausses \u00e0 propos de la restauration rapide, notamment en ce qui concerne la sant\u00e9 et la nutrition. Comprendre et dissiper ces perceptions erron\u00e9es n\u00e9cessite une \u00e9tude de march\u00e9 nuanc\u00e9e.<\/li>\n<\/ul>","protected":false},"excerpt":{"rendered":"<p>Les \u00e9tudes de march\u00e9 sur les franchises de restauration rapide donnent aux franchises, aux investisseurs et aux parties prenantes un aper\u00e7u du secteur qui \u00e9volue le plus rapidement.<\/p>","protected":false},"author":1,"featured_media":64705,"parent":14514,"menu_order":344,"comment_status":"closed","ping_status":"closed","template":"","meta":{"footnotes":""},"class_list":["post-43269","page","type-page","status-publish","has-post-thumbnail"],"_links":{"self":[{"href":"https:\/\/www.sisinternational.com\/fr\/wp-json\/wp\/v2\/pages\/43269","targetHints":{"allow":["GET"]}}],"collection":[{"href":"https:\/\/www.sisinternational.com\/fr\/wp-json\/wp\/v2\/pages"}],"about":[{"href":"https:\/\/www.sisinternational.com\/fr\/wp-json\/wp\/v2\/types\/page"}],"author":[{"embeddable":true,"href":"https:\/\/www.sisinternational.com\/fr\/wp-json\/wp\/v2\/users\/1"}],"replies":[{"embeddable":true,"href":"https:\/\/www.sisinternational.com\/fr\/wp-json\/wp\/v2\/comments?post=43269"}],"version-history":[{"count":6,"href":"https:\/\/www.sisinternational.com\/fr\/wp-json\/wp\/v2\/pages\/43269\/revisions"}],"predecessor-version":[{"id":79607,"href":"https:\/\/www.sisinternational.com\/fr\/wp-json\/wp\/v2\/pages\/43269\/revisions\/79607"}],"up":[{"embeddable":true,"href":"https:\/\/www.sisinternational.com\/fr\/wp-json\/wp\/v2\/pages\/14514"}],"wp:featuredmedia":[{"embeddable":true,"href":"https:\/\/www.sisinternational.com\/fr\/wp-json\/wp\/v2\/media\/64705"}],"wp:attachment":[{"href":"https:\/\/www.sisinternational.com\/fr\/wp-json\/wp\/v2\/media?parent=43269"}],"curies":[{"name":"wp","href":"https:\/\/api.w.org\/{rel}","templated":true}]}}