{"id":43184,"date":"2023-08-22T09:42:11","date_gmt":"2023-08-22T13:42:11","guid":{"rendered":"https:\/\/www.sisinternational.com\/?page_id=43184"},"modified":"2026-03-12T13:22:56","modified_gmt":"2026-03-12T17:22:56","slug":"etude-de-marche-du-whisky","status":"publish","type":"page","link":"https:\/\/www.sisinternational.com\/fr\/solutions\/etude-de-marche-sur-lindustrie-des-boissons-alimentaires\/etude-de-marche-du-whisky\/","title":{"rendered":"\u00c9tude de march\u00e9 sur le whisky"},"content":{"rendered":"<h1 class=\"wp-block-heading\">\u00c9tude de march\u00e9 sur le whisky<\/h1>\n\n\n\n<figure class=\"gb-block-image gb-block-image-67a2fadf\"><img loading=\"lazy\" decoding=\"async\" width=\"1456\" height=\"816\" class=\"gb-image gb-image-67a2fadf\" src=\"https:\/\/www.sisinternational.com\/wp-content\/uploads\/2025\/08\/Alcoholic-beverage-11.jpg\" alt=\"\u00c9tudes de march\u00e9 et strat\u00e9gie internationales SIS\" title=\"Alcoholic beverage (11)\" srcset=\"https:\/\/www.sisinternational.com\/wp-content\/uploads\/2025\/08\/Alcoholic-beverage-11.jpg 1456w, https:\/\/www.sisinternational.com\/wp-content\/uploads\/2025\/08\/Alcoholic-beverage-11-300x168.jpg 300w, https:\/\/www.sisinternational.com\/wp-content\/uploads\/2025\/08\/Alcoholic-beverage-11-1024x574.jpg 1024w, https:\/\/www.sisinternational.com\/wp-content\/uploads\/2025\/08\/Alcoholic-beverage-11-768x430.jpg 768w, https:\/\/www.sisinternational.com\/wp-content\/uploads\/2025\/08\/Alcoholic-beverage-11-18x10.jpg 18w\" sizes=\"auto, (max-width: 1456px) 100vw, 1456px\"><\/figure>\n\n\n\n<p><\/p>\n\n\n\n<p>Le whisky est un march\u00e9 qui existe depuis des si\u00e8cles et \u00e9tant donn\u00e9 un secteur tr\u00e8s mature, comprendre sa dynamique devient essentiel pour les parties prenantes.<\/p>\n\n\n\n<p>Par cons\u00e9quent, l\u2019importance des \u00e9tudes de march\u00e9 sur le whisky ne peut \u00eatre surestim\u00e9e. Dans une industrie caract\u00e9ris\u00e9e par des saveurs complexes, des processus de vieillissement et des variations r\u00e9gionales, il est essentiel de suivre le pouls des tendances du march\u00e9, des pr\u00e9f\u00e9rences des consommateurs et du positionnement concurrentiel. C&#039;est pourquoi, gr\u00e2ce aux \u00e9tudes de march\u00e9 sur le whisky, tous les acteurs du march\u00e9 s&#039;assurent que leurs offres restent pertinentes et demand\u00e9es.<\/p>\n\n\n\n<h2 class=\"wp-block-heading\">Qu\u2019est-ce qu\u2019une \u00e9tude de march\u00e9 sur le whisky ?<\/h2>\n\n\n\n<p>Whiskey market research refers to the systematic collection, analysis, and interpretation of data about the whiskey industry. This research seeks to understand various facets of the <a href=\"https:\/\/www.sisinternational.com\/fr\/competence\/les-industries\/etude-de-marche-des-petroliers\/\" title=\"\u00c9tude de march\u00e9 sur les p\u00e9troliers\"  data-wpil-monitor-id=\"4719\">whiskey<\/a> market such as consumer preferences, market size, growth potential, competitive landscape, distribution channels, and emerging trends.<\/p>\n\n\n\n<p>Les informations d\u00e9riv\u00e9es de ces recherches permettent aux parties prenantes de prendre des d\u00e9cisions \u00e9clair\u00e9es et d\u2019\u00e9laborer des strat\u00e9gies efficaces, augmentant ainsi leurs chances de succ\u00e8s sur le march\u00e9. Voici une description plus d\u00e9taill\u00e9e de ce qu\u2019implique une \u00e9tude de march\u00e9 sur le whisky\u00a0:<\/p>\n\n\n\n<ul class=\"wp-block-list\">\n<li><strong>La connaissance des consommateurs:<\/strong> Cela se concentre sur la compr\u00e9hension du comportement, des pr\u00e9f\u00e9rences et des mod\u00e8les d\u2019achat des consommateurs. Il cherche des r\u00e9ponses \u00e0 des questions telles que : Quels ar\u00f4mes ou types de whisky sont actuellement populaires ? Quel est le profil d\u00e9mographique du consommateur type de whisky ? Comment les habitudes de consommation \u00e9voluent-elles au fil du temps ?<\/li>\n\n\n\n<li><strong>Segmentation du march\u00e9\u00a0:<\/strong> Cela implique de diviser le march\u00e9 au sens large en segments distincts en fonction de crit\u00e8res tels que le type de whisky, l&#039;\u00e2ge du whisky, la fourchette de prix ou les r\u00e9gions g\u00e9ographiques. Comprendre chaque segment aide les marques \u00e0 adapter plus efficacement leurs produits et leurs efforts marketing.<\/li>\n\n\n\n<li><strong>Analyse comp\u00e9titive:<\/strong> An integral part of <a href=\"https:\/\/www.sisinternational.com\/fr\/solutions\/solutions-de-recherche-qualitative-et-quantitative\/etude-de-marche-sur-lanalyse-de-grappes\/\" title=\"\u00c9tude de march\u00e9 sur l\u2019analyse de cluster\"  data-wpil-monitor-id=\"7043\">\u00e9tude de march\u00e9 du whisky<\/a>, this examines the market positioning, product offerings, branding strategies, and strengths and weaknesses of competing whiskey brands in the local or global markets.<\/li>\n\n\n\n<li><strong>\u00c9lasticit\u00e9 des prix et pr\u00e9vision des ventes\u00a0:<\/strong> En analysant les donn\u00e9es de ventes historiques et les conditions du march\u00e9, les chercheurs peuvent pr\u00e9dire les ventes futures et comprendre l\u2019impact des changements de prix sur la demande.<\/li>\n\n\n\n<li><strong>Aper\u00e7us du march\u00e9 mondial\u00a0:<\/strong> Compte tenu de l\u2019attrait international du whisky, il est crucial de comprendre comment les diff\u00e9rentes cultures et r\u00e9gions interagissent avec ce produit. Cela peut impliquer d\u2019\u00e9tudier la dynamique du march\u00e9 dans les pays consommateurs de whisky \u00e9tablis et d\u2019identifier les march\u00e9s de croissance potentiels.<\/li>\n<\/ul>\n\n\n\n<h2 class=\"wp-block-heading\">Etude de march\u00e9 sur le whisky : un pilier du succ\u00e8s dans l&#039;industrie des spiritueux<\/h2>\n\n\n\n<p>The whiskey industry is subject to shifts and changes influenced by several internal and external factors. As whiskey has become a treasured commodity in both established and emerging markets, understanding these shifts are decisive. Here&#8217;s why whiskey&nbsp; market research stands as a necessary tool for the industry:<\/p>\n\n\n\n<ul class=\"wp-block-list\">\n<li><strong>Prise de d\u00e9cision \u00e9clair\u00e9e\u00a0:<\/strong> Les \u00e9tudes de march\u00e9 sur le whisky fournissent des informations bas\u00e9es sur des donn\u00e9es. Qu&#039;une distillerie envisage d&#039;introduire une nouvelle saveur ou qu&#039;un d\u00e9taillant d\u00e9cide quelles marques stocker, il offre les conseils fond\u00e9s sur des preuves n\u00e9cessaires pour prendre des d\u00e9cisions en toute confiance.<\/li>\n\n\n\n<li><strong>Comprendre les pr\u00e9f\u00e9rences des consommateurs\u00a0:<\/strong> Les go\u00fbts et les pr\u00e9f\u00e9rences des consommateurs \u00e9voluent et gr\u00e2ce aux \u00e9tudes de march\u00e9, les marques peuvent rester \u00e0 l&#039;\u00e9coute de ces changements, garantissant ainsi que leurs produits s&#039;alignent sur les demandes actuelles.<\/li>\n\n\n\n<li><strong>Positionnement strat\u00e9gique:<\/strong> Le march\u00e9 du whisky est encombr\u00e9 et les marques rivalisent pour attirer l&#039;attention. Ainsi, les \u00e9tudes de march\u00e9 sur le whisky permettent aux entreprises de comprendre leurs propositions de vente uniques et comment elles peuvent se diff\u00e9rencier de leurs concurrents.<\/li>\n\n\n\n<li><strong>Att\u00e9nuation des risques:<\/strong> L&#039;introduction d&#039;un nouveau produit ou l&#039;entr\u00e9e sur un nouveau march\u00e9 comporte des risques inh\u00e9rents. En \u00e9tudiant le march\u00e9 \u00e0 l\u2019avance, les entreprises peuvent anticiper les d\u00e9fis potentiels et \u00e9laborer des strat\u00e9gies pour les surmonter.<\/li>\n\n\n\n<li><strong>Identifier les opportunit\u00e9s\u00a0:<\/strong> Beyond risk mitigation, whiskey market research can uncover untapped opportunities. This might involve spotting emerging <a href=\"https:\/\/www.sisinternational.com\/fr\/etude-de-marche-au-moyen-orient\/\" title=\"Etude de march\u00e9 au Moyen-Orient\"  data-wpil-monitor-id=\"7330\">markets with a growing middle<\/a> class developing a taste for premium spirits, or identifying a trend toward craft or organic whiskeys.<\/li>\n\n\n\n<li><strong>Strat\u00e9gie de prix:<\/strong> Le prix peut \u00eatre un facteur important dans la d\u00e9cision d\u2019achat d\u2019un consommateur. La recherche aide les marques \u00e0 comprendre les niveaux de prix avec lesquels les consommateurs sont \u00e0 l&#039;aise, garantissant ainsi une tarification optimale qui maximise les profits sans ali\u00e9ner les acheteurs potentiels.<\/li>\n\n\n\n<li><strong>Pr\u00e9visions futures\u00a0:<\/strong> Les \u00e9tudes de march\u00e9 sur le whisky permettent aux entreprises d\u2019anticiper les tendances futures, en s\u2019assurant qu\u2019elles ne se contentent pas de r\u00e9agir au march\u00e9, mais qu\u2019elles fa\u00e7onnent de mani\u00e8re proactive leurs strat\u00e9gies pour l\u2019avenir.<\/li>\n\n\n\n<li><strong>Perspective globale:<\/strong> Le whisky est un produit mondial. Comprendre les nuances culturelles, les environnements r\u00e9glementaires et les pr\u00e9f\u00e9rences locales est crucial pour les marques qui cherchent \u00e0 \u00e9tablir ou \u00e0 \u00e9tendre leur pr\u00e9sence internationale.<\/li>\n\n\n\n<li><strong>Optimisation de la cha\u00eene d&#039;approvisionnement\u00a0:<\/strong> En comprenant les mod\u00e8les de demande et les pr\u00e9f\u00e9rences r\u00e9gionales, les entreprises peuvent optimiser leur cha\u00eene d&#039;approvisionnement, garantissant une production en temps opportun et minimisant le gaspillage.<\/li>\n<\/ul>\n\n\n\n<h2 class=\"wp-block-heading\">Acteurs cl\u00e9s de l&#039;industrie du whisky<\/h2>\n\n\n\n<figure class=\"gb-block-image gb-block-image-3bca50be\"><img loading=\"lazy\" decoding=\"async\" width=\"1456\" height=\"816\" class=\"gb-image gb-image-3bca50be\" src=\"https:\/\/www.sisinternational.com\/wp-content\/uploads\/2025\/08\/Alcoholic-beverage-9.jpg\" alt=\"\u00c9tudes de march\u00e9 et strat\u00e9gie internationales SIS\" title=\"Alcoholic beverage (9)\" srcset=\"https:\/\/www.sisinternational.com\/wp-content\/uploads\/2025\/08\/Alcoholic-beverage-9.jpg 1456w, https:\/\/www.sisinternational.com\/wp-content\/uploads\/2025\/08\/Alcoholic-beverage-9-300x168.jpg 300w, https:\/\/www.sisinternational.com\/wp-content\/uploads\/2025\/08\/Alcoholic-beverage-9-1024x574.jpg 1024w, https:\/\/www.sisinternational.com\/wp-content\/uploads\/2025\/08\/Alcoholic-beverage-9-768x430.jpg 768w, https:\/\/www.sisinternational.com\/wp-content\/uploads\/2025\/08\/Alcoholic-beverage-9-18x10.jpg 18w\" sizes=\"auto, (max-width: 1456px) 100vw, 1456px\"><\/figure>\n\n\n\n<p><\/p>\n\n\n\n<p>Le march\u00e9 du whisky \u00e9tant un march\u00e9 consolid\u00e9, plusieurs acteurs du secteur captent la plus grande base de consommateurs\u00a0:<\/p>\n\n\n\n<ul class=\"wp-block-list\">\n<li><strong>Diageo\u00a0:<\/strong> Diageo est l&#039;un des plus grands producteurs mondiaux de spiritueux et de bi\u00e8res et son portefeuille de marques de whisky est vaste, notamment Johnnie Walker, Crown Royal, Bulleit, Talisker, Lagavulin et bien d&#039;autres.<\/li>\n\n\n\n<li><strong>Pernod Ricard :<\/strong> Cette soci\u00e9t\u00e9 fran\u00e7aise est tr\u00e8s pr\u00e9sente sur le march\u00e9 des spiritueux et a r\u00e9alis\u00e9 des perc\u00e9es significatives dans le segment du whisky, notamment avec Jameson, Chivas Regal, Redbreast et Aberlour.<\/li>\n\n\n\n<li><strong>Brown-Forman\u00a0:<\/strong> Brown-Forman, une soci\u00e9t\u00e9 am\u00e9ricaine, est surtout connue pour Jack Daniel&#039;s, l&#039;une des marques de whisky les plus vendues au monde.<\/li>\n<\/ul>\n\n\n\n<h2 class=\"wp-block-heading\">Tendances actuelles et perspectives issues des \u00e9tudes de march\u00e9 sur le whisky<\/h2>\n\n\n\n<ul class=\"wp-block-list\">\n<li><strong>L&#039;essor des whiskies asiatiques\u00a0:<\/strong> Les whiskies japonais tels que ceux de Nikka et Suntory gagnent en popularit\u00e9 \u00e0 l&#039;\u00e9chelle internationale. Des marques comme Yamazaki et Hibiki sont \u00e9galement devenues tr\u00e8s recherch\u00e9es. De plus, des pays comme Ta\u00efwan, avec des marques comme Kavalan, font \u00e9galement des vagues dans le monde du whisky.<\/li>\n\n\n\n<li><strong>Distilleries artisanales\u00a0:<\/strong> Il y a eu une augmentation du nombre de distilleries artisanales, en particulier aux \u00c9tats-Unis. Ces petits producteurs privil\u00e9gient les saveurs uniques, les m\u00e9thodes traditionnelles et s&#039;approvisionnent souvent en ingr\u00e9dients locaux. De plus, les whiskies infus\u00e9s d&#039;ar\u00f4mes comme le miel, la pomme, la cannelle, etc. gagnent en popularit\u00e9, en particulier aupr\u00e8s des jeunes consommateurs.<\/li>\n\n\n\n<li><strong>Ventes en ligne et mod\u00e8les destin\u00e9s directement au consommateur\u00a0:<\/strong> Avec l&#039;essor du commerce \u00e9lectronique et l&#039;\u00e9volution des r\u00e9glementations, de plus en plus de marques vendent directement aux consommateurs en ligne, proposant des kits de d\u00e9gustation, des services d&#039;abonnement et des versions limit\u00e9es.<\/li>\n\n\n\n<li><strong>Expansion mondiale\u00a0:<\/strong> Traditionnellement, des r\u00e9gions comme l\u2019\u00c9cosse, l\u2019Irlande et les \u00c9tats-Unis dominent la sc\u00e8ne du whisky. Cependant, des pays comme l&#039;Inde (avec des marques comme Amrut et Paul John) sont de plus en plus reconnus pour leur whisky de qualit\u00e9.<\/li>\n\n\n\n<li><strong>Tourisme du whisky\u00a0:<\/strong> Les visites de distilleries, les sentiers du whisky et les exp\u00e9riences de d\u00e9gustation sont devenus des attractions touristiques majeures dans de nombreuses r\u00e9gions, stimulant les \u00e9conomies locales et renfor\u00e7ant la fid\u00e9lit\u00e9 \u00e0 la marque.<\/li>\n\n\n\n<li><strong>Base de consommateurs diversifi\u00e9e\u00a0:<\/strong> Le whisky est de plus en plus adopt\u00e9 par un public diversifi\u00e9, les marques reconnaissant l&#039;importance de s&#039;adresser aux femmes et aux divers groupes ethniques, s&#039;\u00e9loignant ainsi du marketing traditionnel qui \u00e9tait souvent centr\u00e9 sur les hommes.<\/li>\n<\/ul>\n\n\n\n<h2 class=\"wp-block-heading\">Analyse pr\u00e9dictive\u00a0: l&#039;avenir du whisky<\/h2>\n\n\n\n<figure class=\"gb-block-image gb-block-image-4baeb739\"><img loading=\"lazy\" decoding=\"async\" width=\"1456\" height=\"816\" class=\"gb-image gb-image-4baeb739\" src=\"https:\/\/www.sisinternational.com\/wp-content\/uploads\/2025\/08\/Alcoholic-beverage-7.jpg\" alt=\"\u00c9tudes de march\u00e9 et strat\u00e9gie internationales SIS\" title=\"Alcoholic beverage (7)\" srcset=\"https:\/\/www.sisinternational.com\/wp-content\/uploads\/2025\/08\/Alcoholic-beverage-7.jpg 1456w, https:\/\/www.sisinternational.com\/wp-content\/uploads\/2025\/08\/Alcoholic-beverage-7-300x168.jpg 300w, https:\/\/www.sisinternational.com\/wp-content\/uploads\/2025\/08\/Alcoholic-beverage-7-1024x574.jpg 1024w, https:\/\/www.sisinternational.com\/wp-content\/uploads\/2025\/08\/Alcoholic-beverage-7-768x430.jpg 768w, https:\/\/www.sisinternational.com\/wp-content\/uploads\/2025\/08\/Alcoholic-beverage-7-18x10.jpg 18w\" sizes=\"auto, (max-width: 1456px) 100vw, 1456px\"><\/figure>\n\n\n\n<ul class=\"wp-block-list\">\n<li><strong>Croissance continue sur les march\u00e9s asiatiques\u00a0:<\/strong> Given the rapid rise and global acclaim of <a href=\"https:\/\/www.sisinternational.com\/fr\/couverture\/etude-de-marche-en-asie\/etude-de-marche-a-taiwan\/\" title=\"\u00c9tude de march\u00e9 \u00e0 Ta\u00efwan\"  data-wpil-monitor-id=\"5630\">whiskeys<\/a> from countries like Japan and Taiwan, we can anticipate continued growth and innovation in the Asian whiskey sector. The growing middle class in countries like China and India might also boost demand for premium whiskey brands.<\/li>\n\n\n\n<li><strong>Focus sur la durabilit\u00e9\u00a0:<\/strong> Alors que les pr\u00e9occupations environnementales deviennent de plus en plus primordiales, de plus en plus de distilleries adopteront des pratiques respectueuses de l&#039;environnement. Cela pourrait aller de l\u2019approvisionnement durable en ingr\u00e9dients aux processus de distillation \u00e9conomes en \u00e9nergie. Les marques qui int\u00e8grent et communiquent avec succ\u00e8s des pratiques durables pourraient b\u00e9n\u00e9ficier d\u2019une fid\u00e9lit\u00e9 accrue des consommateurs.<\/li>\n\n\n\n<li><strong>Innovations technologiques\u00a0:<\/strong> Du profilage des ar\u00f4mes bas\u00e9 sur l&#039;IA au r\u00f4le de la blockchain pour garantir l&#039;authenticit\u00e9, l&#039;int\u00e9gration de la technologie dans la production et la commercialisation du whisky va probablement se d\u00e9velopper. Cela pourrait conduire \u00e0 des exp\u00e9riences de consommation plus personnalis\u00e9es et \u00e0 une meilleure pr\u00e9vention de la contrefa\u00e7on.<\/li>\n\n\n\n<li><strong>Marketing exp\u00e9rientiel\u00a0:<\/strong> Beyond just the product, brands will likely invest more in creating memorable experiences for consumers, from augmented reality whiskey tasting to immersive distillery tours. Such strategies can foster deeper brand <a href=\"https:\/\/www.sisinternational.com\/fr\/connecte_car_market_research\/\" title=\"\u00c9tude de march\u00e9 sur les voitures connect\u00e9es\"  data-wpil-monitor-id=\"2066\">connections according to whiskey market research<\/a>.<\/li>\n<\/ul>","protected":false},"excerpt":{"rendered":"<p>Le whisky est un secteur de march\u00e9 mature qui existe depuis des si\u00e8cles. Comprendre sa dynamique devient essentiel pour les parties prenantes.<\/p>","protected":false},"author":1,"featured_media":63165,"parent":22018,"menu_order":341,"comment_status":"closed","ping_status":"closed","template":"","meta":{"footnotes":""},"class_list":["post-43184","page","type-page","status-publish","has-post-thumbnail"],"_links":{"self":[{"href":"https:\/\/www.sisinternational.com\/fr\/wp-json\/wp\/v2\/pages\/43184","targetHints":{"allow":["GET"]}}],"collection":[{"href":"https:\/\/www.sisinternational.com\/fr\/wp-json\/wp\/v2\/pages"}],"about":[{"href":"https:\/\/www.sisinternational.com\/fr\/wp-json\/wp\/v2\/types\/page"}],"author":[{"embeddable":true,"href":"https:\/\/www.sisinternational.com\/fr\/wp-json\/wp\/v2\/users\/1"}],"replies":[{"embeddable":true,"href":"https:\/\/www.sisinternational.com\/fr\/wp-json\/wp\/v2\/comments?post=43184"}],"version-history":[{"count":8,"href":"https:\/\/www.sisinternational.com\/fr\/wp-json\/wp\/v2\/pages\/43184\/revisions"}],"predecessor-version":[{"id":80977,"href":"https:\/\/www.sisinternational.com\/fr\/wp-json\/wp\/v2\/pages\/43184\/revisions\/80977"}],"up":[{"embeddable":true,"href":"https:\/\/www.sisinternational.com\/fr\/wp-json\/wp\/v2\/pages\/22018"}],"wp:featuredmedia":[{"embeddable":true,"href":"https:\/\/www.sisinternational.com\/fr\/wp-json\/wp\/v2\/media\/63165"}],"wp:attachment":[{"href":"https:\/\/www.sisinternational.com\/fr\/wp-json\/wp\/v2\/media?parent=43184"}],"curies":[{"name":"wp","href":"https:\/\/api.w.org\/{rel}","templated":true}]}}