{"id":43182,"date":"2023-08-22T09:28:18","date_gmt":"2023-08-22T13:28:18","guid":{"rendered":"https:\/\/www.sisinternational.com\/?page_id=43182"},"modified":"2026-01-26T18:47:05","modified_gmt":"2026-01-26T23:47:05","slug":"etude-de-marche-sur-la-telemetrie","status":"publish","type":"page","link":"https:\/\/www.sisinternational.com\/fr\/competence\/etude-de-marche-sur-la-telemetrie\/","title":{"rendered":"\u00c9tude de march\u00e9 sur la t\u00e9l\u00e9m\u00e9trie"},"content":{"rendered":"<h1 class=\"wp-block-heading\">\u00c9tude de march\u00e9 sur la t\u00e9l\u00e9m\u00e9trie<\/h1>\n\n\n\n<figure class=\"gb-block-image gb-block-image-ab1c3e47\"><img loading=\"lazy\" decoding=\"async\" width=\"1456\" height=\"816\" class=\"gb-image gb-image-ab1c3e47\" src=\"https:\/\/www.sisinternational.com\/wp-content\/uploads\/2025\/08\/Medical-dewvice-1.jpg\" alt=\"\u00c9tudes de march\u00e9 et strat\u00e9gie internationales SIS\" title=\"Medical dewvice (1)\" srcset=\"https:\/\/www.sisinternational.com\/wp-content\/uploads\/2025\/08\/Medical-dewvice-1.jpg 1456w, https:\/\/www.sisinternational.com\/wp-content\/uploads\/2025\/08\/Medical-dewvice-1-300x168.jpg 300w, https:\/\/www.sisinternational.com\/wp-content\/uploads\/2025\/08\/Medical-dewvice-1-1024x574.jpg 1024w, https:\/\/www.sisinternational.com\/wp-content\/uploads\/2025\/08\/Medical-dewvice-1-768x430.jpg 768w, https:\/\/www.sisinternational.com\/wp-content\/uploads\/2025\/08\/Medical-dewvice-1-18x10.jpg 18w\" sizes=\"auto, (max-width: 1456px) 100vw, 1456px\"><\/figure>\n\n\n\n<p><\/p>\n\n\n\n<p>De nos jours, le besoin de transmission d&#039;informations et de donn\u00e9es en temps r\u00e9el est devenu primordial dans diverses industries \u2013 et la t\u00e9l\u00e9m\u00e9trie (le processus de collecte de donn\u00e9es \u00e0 partir d&#039;emplacements distants et de transmission \u00e0 des stations de r\u00e9ception \u00e0 des fins de surveillance et d&#039;analyse) est devenue l&#039;\u00e9pine dorsale du syst\u00e8me de donn\u00e9es d&#039;aujourd&#039;hui. monde pilot\u00e9.<\/p>\n\n\n\n<p>Par cons\u00e9quent, les \u00e9tudes de march\u00e9 sur la t\u00e9l\u00e9m\u00e9trie deviennent cruciales alors que les entreprises visent \u00e0 exploiter le potentiel de cette technologie tout en naviguant dans ses complexit\u00e9s et en tirant parti de tout le potentiel que cette technologie peut apporter aux entreprises.<\/p>\n\n\n\n<h2 class=\"wp-block-heading\">\u00c9tude de march\u00e9 sur la t\u00e9l\u00e9m\u00e9trie\u00a0: une exploration approfondie<\/h2>\n\n\n\n<p>L\u2019\u00e9tude de march\u00e9 sur la t\u00e9l\u00e9m\u00e9trie est le processus syst\u00e9matique de collecte, d\u2019analyse et d\u2019interpr\u00e9tation de donn\u00e9es sp\u00e9cifiquement li\u00e9es \u00e0 l\u2019industrie de la t\u00e9l\u00e9m\u00e9trie. La t\u00e9l\u00e9m\u00e9trie fait r\u00e9f\u00e9rence \u00e0 la mesure et \u00e0 la transmission automatiques de donn\u00e9es provenant de sources distantes ou inaccessibles vers des stations de r\u00e9ception \u00e0 des fins de surveillance et d&#039;analyse.<\/p>\n\n\n\n<p>\u00c0 mesure que les industries deviennent de plus en plus interconnect\u00e9es et d\u00e9pendantes des donn\u00e9es en temps r\u00e9el, la t\u00e9l\u00e9m\u00e9trie devient un outil essentiel pour diverses applications, des syst\u00e8mes de sant\u00e9 et automobiles aux services publics et \u00e0 l\u2019a\u00e9rospatiale \u2013 et compte tenu de ses diverses applications, les \u00e9tudes de march\u00e9 sur la t\u00e9l\u00e9m\u00e9trie cherchent \u00e0 comprendre\u00a0:<\/p>\n\n\n\n<ul class=\"wp-block-list\">\n<li><strong>Dynamique du march\u00e9\u00a0:<\/strong> Cela englobe la taille actuelle du march\u00e9 de la t\u00e9l\u00e9m\u00e9trie, la croissance projet\u00e9e, les principaux acteurs et les perturbateurs potentiels du march\u00e9.<\/li>\n\n\n\n<li><strong>\u00c9volution technologique\u00a0:<\/strong> Comprendre les progr\u00e8s de la technologie de t\u00e9l\u00e9m\u00e9trie, y compris le mat\u00e9riel, les logiciels et les protocoles de communication.<\/li>\n\n\n\n<li><strong>Applications industrielles\u00a0:<\/strong> D\u00e9terminer quels secteurs exploitent le plus la t\u00e9l\u00e9m\u00e9trie et identifier les secteurs \u00e9mergents qui pourraient b\u00e9n\u00e9ficier de son int\u00e9gration.<\/li>\n\n\n\n<li><strong>Demande et pr\u00e9f\u00e9rences des utilisateurs\u00a0:<\/strong> \u00c9valuer ce que les entreprises et les utilisateurs finaux recherchent dans les solutions de t\u00e9l\u00e9m\u00e9trie, notamment les fonctionnalit\u00e9s, la pr\u00e9cision et la fiabilit\u00e9.<\/li>\n\n\n\n<li><strong>D\u00e9fis et obstacles\u00a0:<\/strong> Identifying potential hurdles in the telemetry <a href=\"https:\/\/www.sisinternational.com\/fr\/solutions\/ai-etudes-de-marche-et-conseil-en-strategie\/technologie-industrie-automatisation-conseil-en-intelligence-artificielle\/\" title=\"Conseil en automatisation de l&#039;industrie technologique et en intelligence artificielle\"  data-wpil-monitor-id=\"9522\">industry such as technological<\/a> challenges, regulatory issues, or data security concerns.<\/li>\n\n\n\n<li><strong>Opportunit\u00e9s et potentiel de croissance\u00a0:<\/strong> Rep\u00e9rer les tendances \u00e9mergentes, les innovations et les domaines d&#039;expansion potentiels dans le secteur de la t\u00e9l\u00e9m\u00e9trie.<\/li>\n\n\n\n<li><strong>Paysage r\u00e9glementaire\u00a0:<\/strong> Comprendre les r\u00e9glementations mondiales et r\u00e9gionales concernant la confidentialit\u00e9, la s\u00e9curit\u00e9 et la conformit\u00e9 des donn\u00e9es devient essentiel.<\/li>\n\n\n\n<li><a href=\"https:\/\/www.sisinternational.com\/fr\/comment-effectuer-une-analyse-concurrentielle\/\" title=\"Analyse concurrentielle en marketing\"  data-wpil-monitor-id=\"9518\">Competitive Analysis: Surveying the market<\/a> to pinpoint major players, their offerings, market share, and strategic approaches.<\/li>\n\n\n\n<li><strong>Impact economique:<\/strong> \u00c9valuer la valeur \u00e9conomique g\u00e9n\u00e9r\u00e9e par l&#039;industrie de la t\u00e9l\u00e9m\u00e9trie, \u00e0 la fois en termes de revenus et d&#039;emplois.<\/li>\n<\/ul>\n\n\n\n<h2 class=\"wp-block-heading\">Avantages et importance de l\u2019\u00e9tude de march\u00e9 sur la t\u00e9l\u00e9m\u00e9trie<\/h2>\n\n\n\n<p>Market research specifically geared towards telemetry provides a wealth of insights that are invaluable to businesses and organizations. Here are the key <a href=\"https:\/\/www.sisinternational.com\/fr\/solutions\/solutions-de-recherche-qualitative-et-quantitative\/quantitative-research-benefits\/\" title=\"Quantitative Research Benefits\"  data-wpil-monitor-id=\"9523\">benefits and importance of such research<\/a>:<\/p>\n\n\n\n<ul class=\"wp-block-list\">\n<li><strong>Prise de d\u00e9cision \u00e9clair\u00e9e\u00a0:<\/strong> Les \u00e9tudes de march\u00e9 sur la t\u00e9l\u00e9m\u00e9trie offrent des donn\u00e9es pr\u00e9cises et actuelles sur la dynamique du march\u00e9, permettant aux entreprises de prendre des d\u00e9cisions strat\u00e9giques \u00e9clair\u00e9es qui s\u2019alignent sur les tendances du secteur et les pr\u00e9f\u00e9rences des consommateurs.<\/li>\n\n\n\n<li><strong>Identification des opportunit\u00e9s de croissance\u00a0:<\/strong> Une \u00e9tude approfondie sur ce sujet r\u00e9v\u00e8le des domaines pr\u00e9sentant un potentiel inexploit\u00e9 ou des applications \u00e9mergentes de la t\u00e9l\u00e9m\u00e9trie. C\u2019est un atout inestimable pour les entreprises qui cherchent \u00e0 se d\u00e9velopper ou \u00e0 se diversifier.<\/li>\n\n\n\n<li><strong>Comprendre les paysages concurrentiels\u00a0:<\/strong> Les \u00e9tudes de march\u00e9 sur la t\u00e9l\u00e9m\u00e9trie identifient les principaux acteurs, leurs forces, leurs strat\u00e9gies et leurs parts de march\u00e9, aidant ainsi les entreprises \u00e0 se positionner efficacement et \u00e0 reconna\u00eetre les menaces concurrentielles.<\/li>\n\n\n\n<li><strong>Les avanc\u00e9es technologiques:<\/strong> \u00c0 mesure que la technologie continue d&#039;\u00e9voluer, les \u00e9tudes de march\u00e9 identifient les derni\u00e8res innovations et avanc\u00e9es en mati\u00e8re de t\u00e9l\u00e9m\u00e9trie, permettant aux entreprises de rester \u00e0 l&#039;avant-garde et d&#039;adopter des solutions de pointe.<\/li>\n\n\n\n<li><strong>Att\u00e9nuation des risques:<\/strong> Les \u00e9tudes de march\u00e9 sur la t\u00e9l\u00e9m\u00e9trie peuvent mettre en lumi\u00e8re les d\u00e9fis potentiels, les changements r\u00e9glementaires ou les pi\u00e8ges. Cette prospective aide les entreprises \u00e0 r\u00e9soudre ces probl\u00e8mes de mani\u00e8re pr\u00e9ventive, en minimisant les risques.<\/li>\n\n\n\n<li><strong>Informations sur les consommateurs et les utilisateurs finaux\u00a0:<\/strong> Il examine les besoins, les pr\u00e9f\u00e9rences et les probl\u00e8mes des utilisateurs finaux. Ces informations sont essentielles pour que les entreprises am\u00e9liorent leurs offres de produits et adaptent leurs solutions.<\/li>\n\n\n\n<li><strong>Pr\u00e9visions financi\u00e8res\u00a0:<\/strong> Businesses can make more accurate financial predictions and set budgets accordingly with <a href=\"https:\/\/www.sisinternational.com\/fr\/global-beverage-market\/\" title=\"Global Beverage Market: Market Dynamics, Growth Projections &amp; Consumer Insights\"  data-wpil-monitor-id=\"9519\">insights into market growth<\/a>, potential revenue streams, and emerging sectors.<\/li>\n\n\n\n<li><strong>Informations sur la r\u00e9glementation et la conformit\u00e9\u00a0:<\/strong> La t\u00e9l\u00e9m\u00e9trie traite souvent des donn\u00e9es sensibles, les soumettant \u00e0 diverses r\u00e9glementations. Ainsi, les \u00e9tudes de march\u00e9 sur la t\u00e9l\u00e9m\u00e9trie peuvent fournir des informations sur les r\u00e9glementations actuelles et \u00e0 venir, garantissant ainsi que les entreprises restent conformes.<\/li>\n\n\n\n<li><strong>Tailored <a href=\"https:\/\/www.sisinternational.com\/fr\/solutions\/etude-de-marche-des-ventes-aux-entreprises-b2b\/\" title=\"\u00c9tude de march\u00e9 sur les ventes aux entreprises B2B\"  data-wpil-monitor-id=\"9520\">Marketing and Sales<\/a> Strategies:<\/strong> Avec une compr\u00e9hension claire du march\u00e9, les entreprises peuvent adapter plus efficacement leurs strat\u00e9gies de marketing et de vente, en ciblant le bon public avec le bon message.<\/li>\n<\/ul>\n\n\n\n<h2 class=\"wp-block-heading\">Opportunit\u00e9s et d\u00e9fis dans les \u00e9tudes de march\u00e9 sur la t\u00e9l\u00e9m\u00e9trie<\/h2>\n\n\n\n<p>La possibilit\u00e9 de collecter et de transmettre des donn\u00e9es \u00e0 distance a ouvert la porte \u00e0 d\u2019innombrables innovations et am\u00e9liorations dans tous les secteurs. Cependant, comme dans tout domaine en \u00e9volution rapide, le parcours des \u00e9tudes de march\u00e9 sur la t\u00e9l\u00e9m\u00e9trie comporte des opportunit\u00e9s et des d\u00e9fis \u2013 et la compr\u00e9hension de ces nuances peut offrir un avantage concurrentiel distinct aux entreprises et aux parties prenantes.<\/p>\n\n\n\n<h3 class=\"wp-block-heading\">Opportunit\u00e9s<\/h3>\n\n\n\n<ul class=\"wp-block-list\">\n<li><strong>Les avanc\u00e9es technologiques:<\/strong> La croissance exponentielle des appareils Internet des objets (IoT) offre une mine d\u2019or pour les applications de t\u00e9l\u00e9m\u00e9trie. Ces appareils s&#039;appuient largement sur la transmission de donn\u00e9es en temps r\u00e9el et la surveillance \u00e0 distance, ce qui rend la t\u00e9l\u00e9m\u00e9trie indispensable. De m\u00eame, les r\u00e9seaux 5G promettent une transmission de donn\u00e9es plus rapide et plus efficace. \u00c0 mesure que les pays d\u00e9ploient l\u2019infrastructure 5G, le march\u00e9 de la t\u00e9l\u00e9m\u00e9trie devrait en b\u00e9n\u00e9ficier \u00e9norm\u00e9ment.<\/li>\n\n\n\n<li><strong>Applications industrielles diverses\u00a0:<\/strong> Au-del\u00e0 des secteurs traditionnels comme l&#039;a\u00e9rospatiale et la d\u00e9fense, la t\u00e9l\u00e9m\u00e9trie trouve des applications dans les soins de sant\u00e9 (t\u00e9l\u00e9sant\u00e9), l&#039;automobile (voitures intelligentes), l&#039;agriculture (agriculture de pr\u00e9cision) et les services publics (r\u00e9seaux intelligents). De plus, les partenariats entre entreprises technologiques, fournisseurs de solutions de t\u00e9l\u00e9m\u00e9trie et entreprises sp\u00e9cifiques \u00e0 un secteur peuvent conduire \u00e0 des solutions sur mesure et plus efficaces.<\/li>\n\n\n\n<li><a href=\"https:\/\/www.sisinternational.com\/fr\/transporteurs-low-cost-dans-lindustrie-aeronautique\/\" title=\"\u00c9tude de march\u00e9 sur les compagnies a\u00e9riennes \u00e0 bas prix\"  data-wpil-monitor-id=\"9517\">Global Expansion: Emerging markets<\/a>, especially in the Asia-Pacific region, are mature enough for telemetry expansion, given their rapid industrialization and growing tech infrastructure.<\/li>\n<\/ul>\n\n\n\n<h3 class=\"wp-block-heading\">D\u00e9fis<\/h3>\n\n\n\n<ul class=\"wp-block-list\">\n<li><strong>Paysage r\u00e9glementaire\u00a0:<\/strong> Les gouvernements sont de plus en plus stricts en mati\u00e8re de transmission de donn\u00e9es et de confidentialit\u00e9 des utilisateurs. Les acteurs du march\u00e9 de la t\u00e9l\u00e9m\u00e9trie doivent constamment s\u2019adapter \u00e0 ces \u00e9volutions r\u00e9glementaires.<\/li>\n\n\n\n<li><strong>\u00c9volution technologique rapide\u00a0:<\/strong> Le rythme rapide des progr\u00e8s technologiques signifie que les solutions de t\u00e9l\u00e9m\u00e9trie peuvent devenir rapidement obsol\u00e8tes, n\u00e9cessitant des mises \u00e0 niveau et des recherches constantes. De plus, le d\u00e9ploiement de syst\u00e8mes de t\u00e9l\u00e9m\u00e9trie de pointe peut n\u00e9cessiter beaucoup de capitaux, ce qui peut emp\u00eacher les petites et moyennes entreprises d&#039;adopter les solutions les plus r\u00e9centes.<\/li>\n\n\n\n<li><strong>\u00c9cart de comp\u00e9tences\u00a0:<\/strong> The telemetry field requires specialized knowledge, and there is a growing need for skilled professionals who understand both the <a href=\"https:\/\/www.sisinternational.com\/fr\/competence\/les-industries\/etude-de-marche-sur-la-technologie-des-boissons-alimentaires\/\" title=\"\u00c9tude de march\u00e9 sur la technologie des aliments et des boissons | Technologie alimentaire\"  data-wpil-monitor-id=\"9521\">technology and its market<\/a> implications. Furthermore, for businesses with existing infrastructures, integrating telemetry solutions without disrupting current operations can be intricate and challenging.<\/li>\n<\/ul>\n\n\n\n<h2 class=\"wp-block-heading\">Perspectives d\u2019avenir\u00a0: pr\u00e9visions des \u00e9tudes de march\u00e9 sur la t\u00e9l\u00e9m\u00e9trie<\/h2>\n\n\n\n<ul class=\"wp-block-list\">\n<li><strong>Int\u00e9gration accrue avec l&#039;IoT\u00a0:<\/strong> \u00c0 mesure que le nombre d\u2019appareils IoT augmente, la t\u00e9l\u00e9m\u00e9trie deviendra l\u2019\u00e9pine dorsale de cet \u00e9cosyst\u00e8me, garantissant une communication et une transmission de donn\u00e9es fluides entre les appareils. Les entreprises peuvent s\u2019attendre \u00e0 une augmentation exponentielle des solutions int\u00e9gr\u00e9es de t\u00e9l\u00e9m\u00e9trie IoT.<\/li>\n\n\n\n<li><strong>Analyses avanc\u00e9es en temps r\u00e9el\u00a0:<\/strong> Gr\u00e2ce \u00e0 l&#039;int\u00e9gration de l&#039;IA et de l&#039;apprentissage automatique, les donn\u00e9es de t\u00e9l\u00e9m\u00e9trie seront trait\u00e9es en temps r\u00e9el, offrant des informations, des pr\u00e9dictions et une automatisation instantan\u00e9es, am\u00e9liorant ainsi l&#039;efficacit\u00e9 dans tous les secteurs.<\/li>\n\n\n\n<li><strong>Protocoles de s\u00e9curit\u00e9 am\u00e9lior\u00e9s\u00a0:<\/strong> Compte tenu des inqui\u00e9tudes concernant les violations de donn\u00e9es, le secteur de la t\u00e9l\u00e9m\u00e9trie sera t\u00e9moin de progr\u00e8s dans les protocoles de cryptage et de s\u00e9curit\u00e9, garantissant une transmission de donn\u00e9es plus s\u00fbre.<\/li>\n\n\n\n<li><strong>Croissance sur les march\u00e9s \u00e9mergents\u00a0:<\/strong> As technology infrastructure in regions like <a href=\"https:\/\/www.sisinternational.com\/fr\/etude-de-marche-sur-la-sante-emea\/\" title=\"Etude de march\u00e9 des soins de sant\u00e9 en Europe\"  data-wpil-monitor-id=\"7037\">Afrique<\/a> and parts of Asia improves, there will be a surge in demand for telemetry solutions tailored to these markets&#8217; unique needs.<\/li>\n\n\n\n<li><strong>\u00c9volution de la t\u00e9l\u00e9m\u00e9trie automobile\u00a0:<\/strong> With the rise of autonomous vehicles, telemetry will become crucial in vehicle-to-vehicle and vehicle-to-infrastructure communications, ensuring <a href=\"https:\/\/www.sisinternational.com\/fr\/competence\/les-industries\/etude-de-marche-sur-la-securite-routiere\/\" title=\"\u00c9tude de march\u00e9 sur la s\u00e9curit\u00e9 routi\u00e8re\"  data-wpil-monitor-id=\"9524\">safety and efficiency on roads<\/a>.<\/li>\n\n\n\n<li><strong>Solutions \u00e9cologiques\u00a0:<\/strong> Alors que la durabilit\u00e9 devient une priorit\u00e9 mondiale, la t\u00e9l\u00e9m\u00e9trie offrira des solutions pour surveiller et g\u00e9rer la consommation d&#039;\u00e9nergie, l&#039;utilisation de l&#039;eau et d&#039;autres ressources, promouvant ainsi des pratiques plus \u00e9cologiques.<\/li>\n<\/ul>","protected":false},"excerpt":{"rendered":"<p>L\u2019\u00e9tude de march\u00e9 sur la t\u00e9l\u00e9m\u00e9trie est la collecte et la transmission automatis\u00e9es de donn\u00e9es provenant de sources distantes \u00e0 des fins d\u2019analyse dans l\u2019industrie de la t\u00e9l\u00e9m\u00e9trie.<\/p>","protected":false},"author":1,"featured_media":63844,"parent":14514,"menu_order":340,"comment_status":"closed","ping_status":"closed","template":"","meta":{"footnotes":""},"class_list":["post-43182","page","type-page","status-publish","has-post-thumbnail"],"_links":{"self":[{"href":"https:\/\/www.sisinternational.com\/fr\/wp-json\/wp\/v2\/pages\/43182","targetHints":{"allow":["GET"]}}],"collection":[{"href":"https:\/\/www.sisinternational.com\/fr\/wp-json\/wp\/v2\/pages"}],"about":[{"href":"https:\/\/www.sisinternational.com\/fr\/wp-json\/wp\/v2\/types\/page"}],"author":[{"embeddable":true,"href":"https:\/\/www.sisinternational.com\/fr\/wp-json\/wp\/v2\/users\/1"}],"replies":[{"embeddable":true,"href":"https:\/\/www.sisinternational.com\/fr\/wp-json\/wp\/v2\/comments?post=43182"}],"version-history":[{"count":5,"href":"https:\/\/www.sisinternational.com\/fr\/wp-json\/wp\/v2\/pages\/43182\/revisions"}],"predecessor-version":[{"id":81587,"href":"https:\/\/www.sisinternational.com\/fr\/wp-json\/wp\/v2\/pages\/43182\/revisions\/81587"}],"up":[{"embeddable":true,"href":"https:\/\/www.sisinternational.com\/fr\/wp-json\/wp\/v2\/pages\/14514"}],"wp:featuredmedia":[{"embeddable":true,"href":"https:\/\/www.sisinternational.com\/fr\/wp-json\/wp\/v2\/media\/63844"}],"wp:attachment":[{"href":"https:\/\/www.sisinternational.com\/fr\/wp-json\/wp\/v2\/media?parent=43182"}],"curies":[{"name":"wp","href":"https:\/\/api.w.org\/{rel}","templated":true}]}}