{"id":43172,"date":"2023-08-21T23:46:03","date_gmt":"2023-08-22T03:46:03","guid":{"rendered":"https:\/\/www.sisinternational.com\/?page_id=43172"},"modified":"2026-03-25T01:15:59","modified_gmt":"2026-03-25T05:15:59","slug":"etude-de-marche-sur-la-securite-routiere","status":"publish","type":"page","link":"https:\/\/www.sisinternational.com\/fr\/competence\/etude-de-marche-automobile\/etude-de-marche-sur-la-securite-routiere\/","title":{"rendered":"\u00c9tude de march\u00e9 sur la s\u00e9curit\u00e9 routi\u00e8re"},"content":{"rendered":"<h1 class=\"wp-block-heading\">\u00c9tude de march\u00e9 sur la s\u00e9curit\u00e9 routi\u00e8re<\/h1>\n\n\n\n<figure class=\"gb-block-image gb-block-image-72ad0317\"><img loading=\"lazy\" decoding=\"async\" width=\"1456\" height=\"816\" class=\"gb-image gb-image-72ad0317\" src=\"https:\/\/www.sisinternational.com\/wp-content\/uploads\/2025\/08\/Road-Safety-2.jpg\" alt=\"\u00c9tudes de march\u00e9 et strat\u00e9gie internationales SIS\" title=\"Road Safety (2)\" srcset=\"https:\/\/www.sisinternational.com\/wp-content\/uploads\/2025\/08\/Road-Safety-2.jpg 1456w, https:\/\/www.sisinternational.com\/wp-content\/uploads\/2025\/08\/Road-Safety-2-300x168.jpg 300w, https:\/\/www.sisinternational.com\/wp-content\/uploads\/2025\/08\/Road-Safety-2-1024x574.jpg 1024w, https:\/\/www.sisinternational.com\/wp-content\/uploads\/2025\/08\/Road-Safety-2-768x430.jpg 768w, https:\/\/www.sisinternational.com\/wp-content\/uploads\/2025\/08\/Road-Safety-2-18x10.jpg 18w\" sizes=\"auto, (max-width: 1456px) 100vw, 1456px\"><\/figure>\n\n\n\n<p><\/p>\n\n\n\n<p>Dans les villes modernes, la circulation des v\u00e9hicules et des pi\u00e9tons, ainsi que les infrastructures et la technologie, cr\u00e9ent un \u00e9cosyst\u00e8me complexe qui n\u00e9cessite une surveillance attentive. L\u2019\u00e9tude de march\u00e9 sur la s\u00e9curit\u00e9 routi\u00e8re est \u00e0 l\u2019avant-garde de la compr\u00e9hension de cette dynamique.<\/p>\n\n\n\n<p>Il existe un r\u00e9seau complexe de facteurs qui influencent la s\u00e9curit\u00e9, c&#039;est pourquoi la s\u00e9curit\u00e9 routi\u00e8re est un domaine essentiel pour l&#039;investissement, l&#039;innovation et l&#039;\u00e9laboration des politiques. Malheureusement, les accidents de la route sont responsables d&#039;un nombre important de d\u00e9c\u00e8s chaque ann\u00e9e dans le monde, ce qui repr\u00e9sente une perte de vie tragique et entra\u00eene des co\u00fbts \u00e9conomiques importants. Par cons\u00e9quent, l\u2019accent mis sur la s\u00e9curit\u00e9 routi\u00e8re n\u2019a jamais \u00e9t\u00e9 aussi prononc\u00e9, et les \u00e9tudes de march\u00e9 sur la s\u00e9curit\u00e9 routi\u00e8re jouent un r\u00f4le indispensable dans l\u2019\u00e9laboration de cette orientation.<\/p>\n\n\n\n<h2 class=\"wp-block-heading\">D\u00e9finir une \u00e9tude de march\u00e9 sur la s\u00e9curit\u00e9 routi\u00e8re<\/h2>\n\n\n\n<p>L\u2019\u00e9tude de march\u00e9 sur la s\u00e9curit\u00e9 routi\u00e8re est un domaine de recherche sp\u00e9cialis\u00e9 d\u00e9di\u00e9 \u00e0 l\u2019\u00e9tude, \u00e0 l\u2019analyse et \u00e0 l\u2019interpr\u00e9tation des donn\u00e9es li\u00e9es \u00e0 la s\u00e9curit\u00e9 routi\u00e8re. Il englobe un large \u00e9ventail d\u2019\u00e9l\u00e9ments, depuis la technologie automobile et le d\u00e9veloppement des infrastructures jusqu\u2019aux campagnes de sensibilisation du public et aux politiques r\u00e9glementaires.<\/p>\n\n\n\n<p>In particular, these are some advantages of <a href=\"https:\/\/www.sisinternational.com\/fr\/comment-mener-une-recherche-documentaire-efficace\/\" title=\"Comment mener une recherche documentaire efficace\"  data-wpil-monitor-id=\"9514\">conducting this research<\/a>:<\/p>\n\n\n\n<ul class=\"wp-block-list\">\n<li>\u00c9valuer la conception, la qualit\u00e9 et l&#039;entretien des routes, des ponts, des sentiers pi\u00e9tonniers et d&#039;autres infrastructures connexes.<\/li>\n\n\n\n<li>Comprendre la conception, les caract\u00e9ristiques et les mesures de s\u00e9curit\u00e9 des v\u00e9hicules sur la route, des voitures et bus aux v\u00e9los et scooters \u00e9lectriques.<\/li>\n\n\n\n<li>Analyser les habitudes, pratiques et comportements des conducteurs et des pi\u00e9tons.<\/li>\n\n\n\n<li>\u00c9valuer l&#039;impact et le potentiel des outils technologiques, tels que les syst\u00e8mes de gestion du trafic, l&#039;analyse pr\u00e9dictive bas\u00e9e sur l&#039;IA et les solutions de transport intelligentes.<\/li>\n\n\n\n<li>\u00c9tudier le r\u00f4le de la gouvernance, de l\u2019application de la loi et des politiques dans l\u2019\u00e9laboration des r\u00e9sultats en mati\u00e8re de s\u00e9curit\u00e9 routi\u00e8re.<\/li>\n<\/ul>\n\n\n\n<h2 class=\"wp-block-heading\">Importance des \u00e9tudes de march\u00e9 sur la s\u00e9curit\u00e9 routi\u00e8re<\/h2>\n\n\n\n<figure class=\"gb-block-image gb-block-image-de3bfa1e\"><img loading=\"lazy\" decoding=\"async\" width=\"1456\" height=\"816\" class=\"gb-image gb-image-de3bfa1e\" src=\"https:\/\/www.sisinternational.com\/wp-content\/uploads\/2025\/08\/Road-Safety-1.jpg\" alt=\"\u00c9tudes de march\u00e9 et strat\u00e9gie internationales SIS\" title=\"Road Safety (1)\" srcset=\"https:\/\/www.sisinternational.com\/wp-content\/uploads\/2025\/08\/Road-Safety-1.jpg 1456w, https:\/\/www.sisinternational.com\/wp-content\/uploads\/2025\/08\/Road-Safety-1-300x168.jpg 300w, https:\/\/www.sisinternational.com\/wp-content\/uploads\/2025\/08\/Road-Safety-1-1024x574.jpg 1024w, https:\/\/www.sisinternational.com\/wp-content\/uploads\/2025\/08\/Road-Safety-1-768x430.jpg 768w, https:\/\/www.sisinternational.com\/wp-content\/uploads\/2025\/08\/Road-Safety-1-18x10.jpg 18w\" sizes=\"auto, (max-width: 1456px) 100vw, 1456px\"><\/figure>\n\n\n\n<p><\/p>\n\n\n\n<p>Les \u00e9tudes de march\u00e9 sur la s\u00e9curit\u00e9 routi\u00e8re fournissent une base bas\u00e9e sur les donn\u00e9es pour fa\u00e7onner les politiques, les interventions et les innovations. En fait, sur la base de cette recherche, les avantages suivants peuvent \u00eatre tir\u00e9s de cette recherche\u00a0:<\/p>\n\n\n\n<ul class=\"wp-block-list\">\n<li><strong>Prise de d\u00e9cision bas\u00e9e sur les donn\u00e9es\u00a0:<\/strong> Il permet aux d\u00e9cideurs politiques, aux urbanistes et aux leaders de l&#039;industrie de prendre des d\u00e9cisions \u00e9clair\u00e9es qui ont un impact direct sur la s\u00e9curit\u00e9 publique, sur la base de donn\u00e9es empiriques \u00e0 jour sur les \u00e9l\u00e9ments les plus importants \u00e0 analyser.<\/li>\n\n\n\n<li><strong>Implications \u00e9conomiques\u00a0:<\/strong> Les accidents de la route entra\u00eenent des pertes \u00e9conomiques importantes dues aux frais m\u00e9dicaux, \u00e0 la perte de productivit\u00e9 et aux dommages mat\u00e9riels. Les \u00e9tudes de march\u00e9 sur la s\u00e9curit\u00e9 routi\u00e8re aident \u00e0 comprendre et potentiellement \u00e0 minimiser ces r\u00e9percussions \u00e9conomiques.<\/li>\n\n\n\n<li><a href=\"https:\/\/www.sisinternational.com\/fr\/solutions\/conseil-en-tourisme-de-voyage-et-en-hotellerie\/conseil-en-technologie-hoteliere-intelligente\/\" title=\"Conseil en technologie h\u00f4teli\u00e8re intelligente\"  data-wpil-monitor-id=\"9513\">Technological Advancements: With the advent of smart<\/a> cities, AI, and IoT, there is an abundance of new applications of technology for road safety. Market research assists in gauging the efficacy, adoption rates, and public reception of these technologies.<\/li>\n\n\n\n<li><strong>Sensibilisation du public et analyse des comportements\u00a0:<\/strong> Les \u00e9tudes de march\u00e9 sur la s\u00e9curit\u00e9 routi\u00e8re examinent les comportements et les attitudes des usagers de la route, permettant ainsi la cr\u00e9ation de campagnes de sensibilisation cibl\u00e9es.<\/li>\n\n\n\n<li><strong>Informations r\u00e9glementaires et politiques\u00a0:<\/strong> Governments and regulatory bodies benefit from <a href=\"https:\/\/www.sisinternational.com\/fr\/competence\/les-industries\/etude-de-marche-du-gouvernement-federal\/\" title=\"\u00c9tude de march\u00e9 du gouvernement f\u00e9d\u00e9ral\"  data-wpil-monitor-id=\"7212\">\u00e9tude de march\u00e9<\/a> as it offers insights into the effectiveness of current road safety regulations, areas of improvement, and the potential need for new policies.<\/li>\n\n\n\n<li><strong>Le d\u00e9veloppement des infrastructures:<\/strong> Urban planners and developers utilize road safety <a href=\"https:\/\/www.sisinternational.com\/fr\/competence\/etude-de-marche-des-architectes-dinterieur-et-decorateurs\/\" title=\"\u00c9tude de march\u00e9 sur les architectes d\u2019int\u00e9rieur et d\u00e9corateurs\"  data-wpil-monitor-id=\"11475\">market research to design<\/a> roads, pedestrian areas, and transport networks that prioritize safety while catering to the needs of the population.<\/li>\n\n\n\n<li><strong>Comparaisons mondiales et pratiques d\u2019\u00e9laboration des politiques\u00a0:<\/strong> En \u00e9tudiant la s\u00e9curit\u00e9 routi\u00e8re dans diverses r\u00e9gions, les pays peuvent comparer leurs r\u00e9sultats en mati\u00e8re de s\u00e9curit\u00e9, adopter les meilleures pratiques et tirer les le\u00e7ons des succ\u00e8s et des \u00e9checs des autres.<\/li>\n\n\n\n<li><strong>Collaboration des parties prenantes\u00a0:<\/strong> Les \u00e9tudes de march\u00e9 sur la s\u00e9curit\u00e9 routi\u00e8re favorisent la collaboration entre diverses parties prenantes, depuis les constructeurs automobiles et les entreprises technologiques jusqu&#039;aux gouvernements et aux ONG. Les connaissances partag\u00e9es conduisent \u00e0 des efforts collectifs pour am\u00e9liorer la s\u00e9curit\u00e9 routi\u00e8re.<\/li>\n\n\n\n<li><strong>Pr\u00e9visions et planification future\u00a0:<\/strong> Gr\u00e2ce \u00e0 l\u2019analyse pr\u00e9dictive, les \u00e9tudes de march\u00e9 peuvent pr\u00e9voir les tendances et les d\u00e9fis futurs en mati\u00e8re de s\u00e9curit\u00e9 routi\u00e8re. Cette perspective prospective garantit que les strat\u00e9gies ne sont pas seulement r\u00e9actives mais \u00e9galement proactives.<\/li>\n<\/ul>\n\n\n\n<h2 class=\"wp-block-heading\">\u00c9tude de march\u00e9 sur la s\u00e9curit\u00e9 routi\u00e8re\u00a0: opportunit\u00e9s et d\u00e9fis<\/h2>\n\n\n\n<p>Le domaine de la s\u00e9curit\u00e9 routi\u00e8re a connu un int\u00e9r\u00eat croissant ces derni\u00e8res ann\u00e9es, en grande partie en raison du nombre croissant de v\u00e9hicules, des progr\u00e8s de la technologie automobile et d\u2019une prise de conscience accrue de l\u2019importance de prot\u00e9ger les vies sur la route. Par cons\u00e9quent, une \u00e9tude de march\u00e9 sur la s\u00e9curit\u00e9 routi\u00e8re devient indispensable pour analyser les nouvelles tendances, opportunit\u00e9s et d\u00e9fis dans ce domaine.<\/p>\n\n\n\n<h3 class=\"wp-block-heading\">Opportunit\u00e9s:<\/h3>\n\n\n\n<ul class=\"wp-block-list\">\n<li><strong>Sensibilisation croissante \u00e0 la s\u00e9curit\u00e9 routi\u00e8re\u00a0:<\/strong> Avec l\u2019urbanisation et l\u2019augmentation du parc automobile, les gouvernements et les organisations mettent de plus en plus l\u2019accent sur la s\u00e9curit\u00e9 routi\u00e8re, ce qui se traduit par une demande accrue de donn\u00e9es de recherche compl\u00e8tes.<\/li>\n\n\n\n<li><strong>Innovations technologiques\u00a0:<\/strong> The surge in autonomous vehicles, advanced driver assistance systems (ADAS), and <a href=\"https:\/\/www.sisinternational.com\/fr\/etude-de-marche-sur-la-maison-intelligente\/\" title=\"\u00c9tude de march\u00e9 sur la maison intelligente\"  data-wpil-monitor-id=\"9509\">smart traffic management solutions<\/a> present substantial opportunities for research on their implications for road safety.<\/li>\n\n\n\n<li><strong>Le d\u00e9veloppement des infrastructures:<\/strong> Developing economies are investing significantly in road infrastructure. <a href=\"https:\/\/www.sisinternational.com\/fr\/etude-de-cas-sis-sur-les-informations-en-magasin-dans-le-monde-entier\/\" title=\"Informations sur les acheteurs en magasin \u2014 \u00c9tude de cas d&#039;\u00e9tude de march\u00e9\"  data-wpil-monitor-id=\"9512\">Research in these regions can provide insights<\/a> into safety requirements and design optimizations. For example, in the development of service stations for electric cars.<\/li>\n\n\n\n<li><strong>Int\u00e9gration du Big Data et de l&#039;IoT\u00a0:<\/strong> The proliferation of sensors, traffic cameras, and connected vehicles are generating vast amounts of data. <a href=\"https:\/\/www.sisinternational.com\/fr\/couverture\/leurope-%ef%83%97\/etude-de-marche-liverpool-royaume-uni\/\" title=\"\u00c9tude de march\u00e9 \u00e0 Liverpool | Groupes de discussion et collecte de donn\u00e9es au Royaume-Uni\"  data-wpil-monitor-id=\"9511\">Research firms that can analyze this data<\/a> can extract meaningful insights related to road safety patterns and predictions.<\/li>\n<\/ul>\n\n\n\n<h3 class=\"wp-block-heading\">D\u00e9fis:<\/h3>\n\n\n\n<ul class=\"wp-block-list\">\n<li><strong>Paysages r\u00e9glementaires dynamiques\u00a0:<\/strong> Les r\u00e9glementations relatives \u00e0 la s\u00e9curit\u00e9 routi\u00e8re \u00e9voluent fr\u00e9quemment, ce qui rend difficile pour les chercheurs de se tenir au courant et de fournir des informations en temps opportun.<\/li>\n\n\n\n<li><strong>Divers besoins g\u00e9ographiques\u00a0:<\/strong> Road conditions, traffic patterns, and safety issues can vary dramatically across regions. A one-size-fits-all approach in <a href=\"https:\/\/www.sisinternational.com\/fr\/how-to-conduct-effective-quantitative-market-research\/\" title=\"How to Conduct Effective Quantitative Market Research\"  data-wpil-monitor-id=\"9515\">research may not be effective<\/a>.<\/li>\n\n\n\n<li><strong>Probl\u00e8mes de confidentialit\u00e9 des donn\u00e9es\u00a0:<\/strong> L\u2019int\u00e9gration de l\u2019IoT et du Big Data soul\u00e8ve des pr\u00e9occupations li\u00e9es \u00e0 la confidentialit\u00e9 et \u00e0 la s\u00e9curit\u00e9 des donn\u00e9es, ce qui pourrait entraver la collecte et l\u2019analyse approfondies de donn\u00e9es.<\/li>\n<\/ul>\n\n\n\n<h2 class=\"wp-block-heading\">Tendances futures issues des \u00e9tudes de march\u00e9 sur la s\u00e9curit\u00e9 routi\u00e8re<\/h2>\n\n\n\n<figure class=\"gb-block-image gb-block-image-a30a9d30\"><img loading=\"lazy\" decoding=\"async\" width=\"1456\" height=\"816\" class=\"gb-image gb-image-a30a9d30\" src=\"https:\/\/www.sisinternational.com\/wp-content\/uploads\/2025\/08\/Road-Safety-4.jpg\" alt=\"\u00c9tudes de march\u00e9 et strat\u00e9gie internationales SIS\" title=\"Road Safety (4)\" srcset=\"https:\/\/www.sisinternational.com\/wp-content\/uploads\/2025\/08\/Road-Safety-4.jpg 1456w, https:\/\/www.sisinternational.com\/wp-content\/uploads\/2025\/08\/Road-Safety-4-300x168.jpg 300w, https:\/\/www.sisinternational.com\/wp-content\/uploads\/2025\/08\/Road-Safety-4-1024x574.jpg 1024w, https:\/\/www.sisinternational.com\/wp-content\/uploads\/2025\/08\/Road-Safety-4-768x430.jpg 768w, https:\/\/www.sisinternational.com\/wp-content\/uploads\/2025\/08\/Road-Safety-4-18x10.jpg 18w\" sizes=\"auto, (max-width: 1456px) 100vw, 1456px\"><\/figure>\n\n\n\n<p><\/p>\n\n\n\n<p>En analysant les \u00e9tudes de march\u00e9 sur la s\u00e9curit\u00e9 routi\u00e8re, les parties prenantes peuvent identifier plusieurs tendances futures, les changements de comportement des consommateurs et l\u2019accent mis \u00e0 l\u2019\u00e9chelle mondiale sur la cr\u00e9ation d\u2019\u00e9cosyst\u00e8mes de transport plus s\u00fbrs.<\/p>\n\n\n\n<ul class=\"wp-block-list\">\n<li><strong>V\u00e9hicules autonomes\u00a0:<\/strong> Autonomous <a href=\"https:\/\/www.sisinternational.com\/fr\/competence\/les-industries\/etude-de-marche-automobile\/etude-de-consommation-automobile-pour-les-vehicules-electriques\/\" title=\"Pourquoi les \u00e9tudes de consommation sur le secteur automobile sont si vitales aujourd&#039;hui avec l&#039;avenir des v\u00e9hicules \u00e9lectriques\"  data-wpil-monitor-id=\"9516\">vehicles promise a future<\/a> with significantly reduced accidents, as many of these mishaps on roads today are due to human error.<\/li>\n\n\n\n<li><strong>Villes intelligentes:<\/strong> Urban areas worldwide are increasingly adopting digital solutions to <a href=\"https:\/\/www.sisinternational.com\/fr\/competence\/les-industries\/etude-de-marche-sur-la-gestion-de-la-securite\/\" title=\"\u00c9tude de march\u00e9 sur la gestion de la s\u00e9curit\u00e9\"  data-wpil-monitor-id=\"9510\">manage traffic and improve safety<\/a>. By using sensors, cameras, and real-time data analysis, cities can anticipate and manage traffic flow, reducing congestion and preventing accidents.<\/li>\n\n\n\n<li><strong>Communications v\u00e9hicule-vers-tout (V2X)\u00a0:<\/strong> Cette technologie innovante permet aux v\u00e9hicules de communiquer non seulement entre eux, mais \u00e9galement avec les feux de circulation, les passages pour pi\u00e9tons et d&#039;autres infrastructures.<\/li>\n\n\n\n<li><strong>Analyse de donn\u00e9es avanc\u00e9e\u00a0:<\/strong> Avec l\u2019essor du Big Data et la sophistication de l\u2019IA, les parties prenantes peuvent d\u00e9sormais pr\u00e9dire les zones sujettes aux accidents, analyser la circulation et anticiper les embouteillages, permettant ainsi aux autorit\u00e9s de prendre des mesures pr\u00e9ventives selon les \u00e9tudes de march\u00e9 sur la s\u00e9curit\u00e9 routi\u00e8re.<\/li>\n\n\n\n<li><strong>Mobilit\u00e9 verte\u00a0:<\/strong> Alors que le monde s\u2019oriente vers des modes de transport plus respectueux de l\u2019environnement, comme les voitures \u00e9lectriques, les scooters \u00e9lectriques et les v\u00e9los, il devient n\u00e9cessaire de relever de nouveaux d\u00e9fis en mati\u00e8re de s\u00e9curit\u00e9 et de garantir que ces modes peuvent coexister en toute s\u00e9curit\u00e9 sur les routes.<\/li>\n<\/ul>","protected":false},"excerpt":{"rendered":"<p>L\u2019\u00e9tude de march\u00e9 sur la s\u00e9curit\u00e9 routi\u00e8re est un domaine de recherche sp\u00e9cialis\u00e9 d\u00e9di\u00e9 \u00e0 l\u2019\u00e9tude, \u00e0 l\u2019analyse et \u00e0 l\u2019interpr\u00e9tation des donn\u00e9es li\u00e9es \u00e0 la s\u00e9curit\u00e9 routi\u00e8re.<\/p>","protected":false},"author":1,"featured_media":64870,"parent":11155,"menu_order":338,"comment_status":"closed","ping_status":"closed","template":"","meta":{"footnotes":""},"class_list":["post-43172","page","type-page","status-publish","has-post-thumbnail"],"_links":{"self":[{"href":"https:\/\/www.sisinternational.com\/fr\/wp-json\/wp\/v2\/pages\/43172","targetHints":{"allow":["GET"]}}],"collection":[{"href":"https:\/\/www.sisinternational.com\/fr\/wp-json\/wp\/v2\/pages"}],"about":[{"href":"https:\/\/www.sisinternational.com\/fr\/wp-json\/wp\/v2\/types\/page"}],"author":[{"embeddable":true,"href":"https:\/\/www.sisinternational.com\/fr\/wp-json\/wp\/v2\/users\/1"}],"replies":[{"embeddable":true,"href":"https:\/\/www.sisinternational.com\/fr\/wp-json\/wp\/v2\/comments?post=43172"}],"version-history":[{"count":6,"href":"https:\/\/www.sisinternational.com\/fr\/wp-json\/wp\/v2\/pages\/43172\/revisions"}],"predecessor-version":[{"id":85084,"href":"https:\/\/www.sisinternational.com\/fr\/wp-json\/wp\/v2\/pages\/43172\/revisions\/85084"}],"up":[{"embeddable":true,"href":"https:\/\/www.sisinternational.com\/fr\/wp-json\/wp\/v2\/pages\/11155"}],"wp:featuredmedia":[{"embeddable":true,"href":"https:\/\/www.sisinternational.com\/fr\/wp-json\/wp\/v2\/media\/64870"}],"wp:attachment":[{"href":"https:\/\/www.sisinternational.com\/fr\/wp-json\/wp\/v2\/media?parent=43172"}],"curies":[{"name":"wp","href":"https:\/\/api.w.org\/{rel}","templated":true}]}}