{"id":43160,"date":"2023-08-21T22:28:34","date_gmt":"2023-08-22T02:28:34","guid":{"rendered":"https:\/\/www.sisinternational.com\/?page_id=43160"},"modified":"2026-01-24T21:18:04","modified_gmt":"2026-01-25T02:18:04","slug":"etude-de-marche-sur-les-outils-electriques","status":"publish","type":"page","link":"https:\/\/www.sisinternational.com\/fr\/competence\/etude-de-marche-sur-les-outils-electriques\/","title":{"rendered":"\u00c9tude de march\u00e9 sur les outils \u00e9lectriques"},"content":{"rendered":"<h1 class=\"wp-block-heading\">\u00c9tude de march\u00e9 sur les outils \u00e9lectriques<\/h1>\n\n\n\n<figure class=\"gb-block-image gb-block-image-e5c948e4\"><img loading=\"lazy\" decoding=\"async\" width=\"1456\" height=\"816\" class=\"gb-image gb-image-e5c948e4\" src=\"https:\/\/www.sisinternational.com\/wp-content\/uploads\/2025\/08\/Power-tools-1.jpg\" alt=\"\u00c9tudes de march\u00e9 et strat\u00e9gie internationales SIS\" title=\"Power tools (1)\" srcset=\"https:\/\/www.sisinternational.com\/wp-content\/uploads\/2025\/08\/Power-tools-1.jpg 1456w, https:\/\/www.sisinternational.com\/wp-content\/uploads\/2025\/08\/Power-tools-1-300x168.jpg 300w, https:\/\/www.sisinternational.com\/wp-content\/uploads\/2025\/08\/Power-tools-1-1024x574.jpg 1024w, https:\/\/www.sisinternational.com\/wp-content\/uploads\/2025\/08\/Power-tools-1-768x430.jpg 768w, https:\/\/www.sisinternational.com\/wp-content\/uploads\/2025\/08\/Power-tools-1-18x10.jpg 18w\" sizes=\"auto, (max-width: 1456px) 100vw, 1456px\"><\/figure>\n\n\n\n<p><\/p>\n\n\n\n<p>Dans le paysage industriel moderne, les outils \u00e9lectriques sont devenus un alli\u00e9 indispensable, comblant le foss\u00e9 entre le travail manuel et l\u2019automatisation, et trouvant la place qui leur revient dans tous les domaines, des projets de bricolage domestique aux projets de construction \u00e0 grande \u00e9chelle. Leur polyvalence, leur efficacit\u00e9 et leurs capacit\u00e9s technologiques \u00e9volutives en font un point central d\u2019int\u00e9r\u00eat pour les entreprises, les innovateurs et les consommateurs.<\/p>\n\n\n\n<p>Pour cette raison, les \u00e9tudes de march\u00e9 sur les outils \u00e9lectriques approfondissent la compr\u00e9hension des pr\u00e9f\u00e9rences des consommateurs, des progr\u00e8s technologiques, de la dynamique du march\u00e9 r\u00e9gional, du paysage concurrentiel, des strat\u00e9gies de marketing et des investissements futurs, garantissant ainsi l\u2019alignement sur les besoins du march\u00e9 et maximisant les rendements.<\/p>\n\n\n\n<h2 class=\"wp-block-heading\">Pourquoi les entreprises effectuent-elles des \u00e9tudes de march\u00e9 sur les outils \u00e9lectriques ?<\/h2>\n\n\n\n<p>In the constantly evolving world of power tools, where technological leaps, changing consumer preferences, and global economic shifts can profoundly impact market dynamics \u2013 and <a href=\"https:\/\/www.sisinternational.com\/fr\/competence\/les-industries\/etude-de-marche-sur-la-production-delectricite\/\" title=\"\u00c9tude de march\u00e9 sur la production d\u2019\u00e9lectricit\u00e9\"  data-wpil-monitor-id=\"3060\">\u00e9tude de march\u00e9 sur les outils \u00e9lectriques<\/a> stands as a lighthouse, offering insights that go beyond surface-level understanding.<\/p>\n\n\n\n<p>Particularly, <a href=\"https:\/\/www.sisinternational.com\/fr\/competence\/les-industries\/etude-de-marche-sur-lenergie-nucleaire\/\" title=\"\u00c9tude de march\u00e9 sur l\u2019\u00e9nergie nucl\u00e9aire\"  data-wpil-monitor-id=\"3303\">\u00e9tude de march\u00e9 sur les outils \u00e9lectriques<\/a> helps to:<\/p>\n\n\n\n<ul class=\"wp-block-list\">\n<li><strong>Identifier la croissance et le potentiel du march\u00e9\u00a0:<\/strong> Les \u00e9tudes de march\u00e9 sur les outils \u00e9lectriques r\u00e9v\u00e8lent des segments de march\u00e9 inexploit\u00e9s, des \u00e9conomies \u00e9mergentes ou des demandes de produits de niche sur lesquels il est possible de capitaliser.<\/li>\n\n\n\n<li><strong>Tendances de pr\u00e9vision\u00a0:<\/strong> En analysant les donn\u00e9es historiques et les tendances actuelles, les \u00e9tudes de march\u00e9 sur les outils \u00e9lectriques peuvent pr\u00e9dire les zones de croissance futures et les d\u00e9clins potentiels, permettant ainsi de prendre des d\u00e9cisions commerciales proactives.<\/li>\n\n\n\n<li><strong>Comprendre les besoins et les pr\u00e9f\u00e9rences des clients\u00a0:<\/strong> It provides current insights into what <a href=\"https:\/\/www.sisinternational.com\/fr\/analyse-de-la-satisfaction-client\/\" title=\"8 fa\u00e7ons d&#039;augmenter la satisfaction des clients dans le commerce de d\u00e9tail\"  data-wpil-monitor-id=\"10104\">consumers<\/a> are looking for, guiding product development efforts.<\/li>\n\n\n\n<li><strong>Gagner un avantage concurrentiel\u00a0:<\/strong> L\u2019\u00e9tude de march\u00e9 sur les outils \u00e9lectriques fournit un aper\u00e7u d\u00e9taill\u00e9 des concurrents, de leurs forces, de leurs faiblesses et de leurs strat\u00e9gies de march\u00e9. Gr\u00e2ce \u00e0 lui, les entreprises peuvent \u00e9laborer des propositions de vente uniques, les distinguant ainsi sur un march\u00e9 encombr\u00e9.<\/li>\n\n\n\n<li><strong>Les normes de s\u00e9curit\u00e9:<\/strong> Different regions have varying safety standards for power tools. Comprehensive <a href=\"https:\/\/www.sisinternational.com\/fr\/competence\/cv-dexperience\/etude-de-marche-sur-les-produits-de-soins-personnels\/\" title=\"\u00c9tude de march\u00e9 sur les produits de soins personnels\"  data-wpil-monitor-id=\"10109\">market research ensures products<\/a> meet these criteria, avoiding costly recalls or legal issues.<\/li>\n\n\n\n<li><strong>Optimisation des prix\u00a0:<\/strong> Understanding consumer price sensitivities, competitor pricing, and <a href=\"https:\/\/www.sisinternational.com\/fr\/solutions\/recherche-de-conseil-en-strategie-fintech\/etude-de-marche-sur-les-prix\/\" title=\"\u00c9tude de march\u00e9 sur les prix\"  data-wpil-monitor-id=\"10114\">market demand can guide effective pricing<\/a> strategies, ensuring profitability without alienating customers. Engaging in regular power tools market research facilitates a feedback loop, enabling continuous product improvement and innovation.<\/li>\n<\/ul>\n\n\n\n<h2 class=\"wp-block-heading\">Acteurs cl\u00e9s et paysage concurrentiel sur le march\u00e9 des outils \u00e9lectriques<\/h2>\n\n\n\n<p>Le <a href=\"https:\/\/www.sisinternational.com\/fr\/competence\/les-industries\/etude-de-marche-sur-lenergie-au-charbon\/\" title=\"\u00c9tude de march\u00e9 sur l\u2019\u00e9nergie au charbon\"  data-wpil-monitor-id=\"10121\">power tools market<\/a> is characterized by robust competition and a mix of well-established players and emerging challengers. Here&#8217;s an overview of the key players and the broader competitive landscape:<\/p>\n\n\n\n<ul class=\"wp-block-list\">\n<li><strong>Stanley Black &amp; Decker\u00a0:<\/strong> L&#039;un des plus grands noms de l&#039;industrie, il compte sous son \u00e9gide des marques renomm\u00e9es telles que DeWALT, Black &amp; Decker et Porter-Cable.<\/li>\n\n\n\n<li><strong>Bosch\u00a0:<\/strong> Entreprise allemande d&#039;ing\u00e9nierie et de technologie, Bosch est reconnue pour sa gamme d&#039;outils \u00e9lectriques durables et innovants.<\/li>\n\n\n\n<li><strong>Soci\u00e9t\u00e9 Makita\u00a0:<\/strong> Un fabricant japonais connu pour ses outils \u00e9lectriques fiables et efficaces, notamment sur le segment sans fil.<\/li>\n\n\n\n<li><strong>Festool\u00a0:<\/strong> Connu pour ses outils haut de gamme et ses solutions d\u2019extraction de poussi\u00e8re, Festool s\u2019adresse en grande partie aux artisans professionnels.<\/li>\n\n\n\n<li><strong>M\u00e9tabo\u00a0:<\/strong> Cette entreprise allemande est r\u00e9put\u00e9e pour ses outils de qualit\u00e9 professionnelle, avec un accent particulier sur les fonctions de s\u00e9curit\u00e9.<\/li>\n<\/ul>\n\n\n\n<h2 class=\"wp-block-heading\">Tendances actuelles des \u00e9tudes de march\u00e9 sur les outils \u00e9lectriques<\/h2>\n\n\n\n<figure class=\"gb-block-image gb-block-image-0e88e704\"><img loading=\"lazy\" decoding=\"async\" width=\"1456\" height=\"816\" class=\"gb-image gb-image-0e88e704\" src=\"https:\/\/www.sisinternational.com\/wp-content\/uploads\/2025\/08\/Power-tools-3.jpg\" alt=\"\u00c9tudes de march\u00e9 et strat\u00e9gie internationales SIS\" title=\"Power tools (3)\" srcset=\"https:\/\/www.sisinternational.com\/wp-content\/uploads\/2025\/08\/Power-tools-3.jpg 1456w, https:\/\/www.sisinternational.com\/wp-content\/uploads\/2025\/08\/Power-tools-3-300x168.jpg 300w, https:\/\/www.sisinternational.com\/wp-content\/uploads\/2025\/08\/Power-tools-3-1024x574.jpg 1024w, https:\/\/www.sisinternational.com\/wp-content\/uploads\/2025\/08\/Power-tools-3-768x430.jpg 768w, https:\/\/www.sisinternational.com\/wp-content\/uploads\/2025\/08\/Power-tools-3-18x10.jpg 18w\" sizes=\"auto, (max-width: 1456px) 100vw, 1456px\"><\/figure>\n\n\n\n<p><\/p>\n\n\n\n<p>As the power tools industry continues to grow and evolve, <a href=\"https:\/\/www.sisinternational.com\/fr\/fintech-market-research-trends\/\" title=\"Tendances des \u00e9tudes de march\u00e9 Fintech\"  data-wpil-monitor-id=\"10112\">market research has identified several distinct trends<\/a> that are shaping the future of this sector. Here&#8217;s an overview of the current trends:<\/p>\n\n\n\n<ul class=\"wp-block-list\">\n<li><strong>R\u00e9volution sans fil\u00a0:<\/strong> La demande d\u2019outils \u00e9lectriques sans fil est stimul\u00e9e par les progr\u00e8s de la technologie des batteries, en particulier les batteries lithium-ion. Ces outils offrent une mobilit\u00e9 et une commodit\u00e9 am\u00e9lior\u00e9es.<\/li>\n\n\n\n<li><strong>IoT et outils intelligents\u00a0:<\/strong> Avec l&#039;int\u00e9gration de l&#039;IoT, les outils sont d\u00e9sormais dot\u00e9s de fonctionnalit\u00e9s telles que le suivi des performances, les alertes de maintenance et m\u00eame la protection contre le vol.<\/li>\n\n\n\n<li><strong>Surtension de bricolage\u00a0:<\/strong> La culture du bricolage, amplifi\u00e9e par les didacticiels en ligne et la tendance \u00e0 la r\u00e9novation domiciliaire, en particulier pendant les confinements mondiaux, a entra\u00een\u00e9 une demande accrue d\u2019outils \u00e9lectriques grand public.<\/li>\n\n\n\n<li><strong>Conceptions ergonomiques\u00a0:<\/strong> Les entreprises se concentrent de plus en plus sur l\u2019ergonomie pour r\u00e9duire la fatigue des utilisateurs et am\u00e9liorer la productivit\u00e9. Cela implique des mat\u00e9riaux plus l\u00e9gers, de meilleures adh\u00e9rences et des conceptions adapt\u00e9es \u00e0 la biom\u00e9canique humaine.<\/li>\n\n\n\n<li><strong>Pratiques \u00e9cologiques et durables\u00a0:<\/strong> Pouss\u00e9s par la demande des consommateurs et les exigences r\u00e9glementaires, les fabricants adoptent des pratiques durables, allant des mat\u00e9riaux respectueux de l&#039;environnement aux conceptions \u00e9conomes en \u00e9nergie.<\/li>\n\n\n\n<li><strong>Ventes num\u00e9riques et commerce \u00e9lectronique\u00a0:<\/strong> Le canal de vente en ligne d&#039;outils \u00e9lectriques a connu une croissance substantielle, tir\u00e9e par une p\u00e9n\u00e9tration accrue d&#039;Internet, le commerce mobile et un changement dans les habitudes d&#039;achat des consommateurs.<\/li>\n\n\n\n<li><strong>R\u00e9alit\u00e9 augment\u00e9e (RA) en formation\u00a0:<\/strong> Les entreprises utilisent la RA \u00e0 des fins de formation, pour aider les utilisateurs \u00e0 comprendre les fonctions des outils ou pour les aider \u00e0 la r\u00e9paration et \u00e0 la maintenance.<\/li>\n\n\n\n<li><strong>Robotic and <\/strong><a href=\"https:\/\/www.sisinternational.com\/fr\/competence\/les-industries\/etude-de-marche-sur-lautomatisation-industrielle\/\" title=\"\u00c9tude de march\u00e9 sur l\u2019automatisation industrielle\"  data-wpil-monitor-id=\"10117\">Automated Tools: Especially in industrial<\/a> settings, there is an increasing interest in robotic power tools that can automate repetitive tasks, enhancing precision and reducing human labor.<\/li>\n\n\n\n<li><strong>Outils compacts et multifonctions\u00a0:<\/strong> Il existe une demande croissante d\u2019outils compacts capables d\u2019effectuer plusieurs t\u00e2ches, s\u2019adressant \u00e0 la fois aux professionnels en qu\u00eate de commodit\u00e9 et aux bricoleurs disposant d\u2019un espace de stockage limit\u00e9.<\/li>\n<\/ul>\n\n\n\n<h2 class=\"wp-block-heading\">Facteurs cl\u00e9s \u00e0 l\u2019origine de l\u2019\u00e9tude de march\u00e9 sur les outils \u00e9lectriques<\/h2>\n\n\n\n<p>L\u2019int\u00e9r\u00eat pour les \u00e9tudes de march\u00e9 sur les outils \u00e9lectriques augmente en raison de facteurs tels que\u00a0:<\/p>\n\n\n\n<ul class=\"wp-block-list\">\n<li><strong>Diversit\u00e9 des produits et innovations\u00a0:<\/strong> Avec une vaste gamme d&#039;outils (avec ou sans fil, pneumatiques, hydrauliques, etc.) et leurs innombrables applications, il est crucial de comprendre les nuances de chaque segment. Les innovations, telles que les outils \u00e9lectriques intelligents, les avanc\u00e9es en mati\u00e8re de batterie ou les int\u00e9grations d\u2019IA, ajoutent des niveaux de complexit\u00e9 qui n\u00e9cessitent une \u00e9tude approfondie du march\u00e9 des outils \u00e9lectriques.<\/li>\n\n\n\n<li><strong>\u00c9volution des pr\u00e9f\u00e9rences des consommateurs\u00a0:<\/strong> La durabilit\u00e9, la durabilit\u00e9, la conception ergonomique et les fonctionnalit\u00e9s intelligentes influencent toutes les d\u00e9cisions d\u2019achat. La croissance de la culture du bricolage signifie que les consommateurs sont mieux inform\u00e9s, ce qui pousse les entreprises \u00e0 rester inform\u00e9es de l&#039;\u00e9volution des pr\u00e9f\u00e9rences et des besoins.<\/li>\n\n\n\n<li><strong>Paysage concurrentiel\u00a0:<\/strong> The power tools market is intensely competitive, with both established giants and innovative startups. Power tools market research helps companies identify gaps, opportunities, and threats. It also helps in understanding <a href=\"https:\/\/www.sisinternational.com\/fr\/solutions\/croissance-mondiale\/developpement-de-la-chaine-dapprovisionnement-mondiale\/\" title=\"Conseil en cha\u00eene d&#039;approvisionnement mondiale\"  data-wpil-monitor-id=\"10107\">global supply chain<\/a> intricacies, from raw material sourcing to distribution, especially given challenges like global pandemics or geopolitical tensions.<\/li>\n<\/ul>\n\n\n\n<h2 class=\"wp-block-heading\">D\u00e9fis de l\u2019\u00e9tude de march\u00e9 sur les outils \u00e9lectriques<\/h2>\n\n\n\n<figure class=\"gb-block-image gb-block-image-b07dddb7\"><img loading=\"lazy\" decoding=\"async\" width=\"1456\" height=\"816\" class=\"gb-image gb-image-b07dddb7\" src=\"https:\/\/www.sisinternational.com\/wp-content\/uploads\/2025\/08\/Power-tools-2.jpg\" alt=\"\u00c9tudes de march\u00e9 et strat\u00e9gie internationales SIS\" title=\"Power tools (2)\" srcset=\"https:\/\/www.sisinternational.com\/wp-content\/uploads\/2025\/08\/Power-tools-2.jpg 1456w, https:\/\/www.sisinternational.com\/wp-content\/uploads\/2025\/08\/Power-tools-2-300x168.jpg 300w, https:\/\/www.sisinternational.com\/wp-content\/uploads\/2025\/08\/Power-tools-2-1024x574.jpg 1024w, https:\/\/www.sisinternational.com\/wp-content\/uploads\/2025\/08\/Power-tools-2-768x430.jpg 768w, https:\/\/www.sisinternational.com\/wp-content\/uploads\/2025\/08\/Power-tools-2-18x10.jpg 18w\" sizes=\"auto, (max-width: 1456px) 100vw, 1456px\"><\/figure>\n\n\n\n<p><\/p>\n\n\n\n<p>Bien que les \u00e9tudes de march\u00e9 sur les outils \u00e9lectriques offrent des informations inestimables qui peuvent orienter les entreprises vers une prise de d\u00e9cision \u00e9clair\u00e9e, le processus n\u2019est pas sans d\u00e9fis \u2013 et ces d\u00e9fis peuvent affecter la recherche \u00e0 long terme.<\/p>\n\n\n\n<ul class=\"wp-block-list\">\n<li><strong>Avanc\u00e9es technologiques rapides\u00a0:<\/strong> Le rythme de l\u2019\u00e9volution technologique signifie que les donn\u00e9es peuvent devenir rapidement obsol\u00e8tes. Se tenir au courant des derni\u00e8res technologies en mati\u00e8re de batteries, d\u2019int\u00e9grations IoT et d\u2019autres innovations est un d\u00e9fi.<\/li>\n\n\n\n<li><strong>Divers segments de produits\u00a0:<\/strong> Les outils \u00e9lectriques englobent une large gamme de produits, chacun avec ses sp\u00e9cifications, ses applications et son public cible. Une \u00e9tude de march\u00e9 compl\u00e8te sur les outils \u00e9lectriques qui capture cette diversit\u00e9 n\u00e9cessite beaucoup de ressources.<\/li>\n\n\n\n<li><strong>Paysage concurrentiel et th\u00e9saurisation des donn\u00e9es\u00a0:<\/strong> Les entreprises peuvent \u00eatre r\u00e9ticentes \u00e0 partager des donn\u00e9es ou des informations, compte tenu de la concurrence f\u00e9roce. Cela peut entra\u00eener des lacunes dans la recherche.<\/li>\n\n\n\n<li><strong>Modifications r\u00e9glementaires et de conformit\u00e9\u00a0:<\/strong> Se tenir au courant des r\u00e9glementations vari\u00e9es et en constante \u00e9volution d&#039;un pays \u00e0 l&#039;autre est intimidant, en particulier en ce qui concerne les normes de s\u00e9curit\u00e9 et les normes environnementales.<\/li>\n\n\n\n<li><strong>Int\u00e9gration de donn\u00e9es qualitatives et quantitatives\u00a0:<\/strong> La fusion de donn\u00e9es concr\u00e8tes avec des informations plus douces et qualitatives pour former une image globale n\u00e9cessite des m\u00e9thodologies nuanc\u00e9es.<\/li>\n<\/ul>\n\n\n\n<p><\/p>","protected":false},"excerpt":{"rendered":"<p>Les \u00e9tudes de march\u00e9 sur les outils \u00e9lectriques fournissent des informations pr\u00e9cieuses au-del\u00e0 de la compr\u00e9hension superficielle dans une industrie en constante \u00e9volution.<\/p>","protected":false},"author":1,"featured_media":64827,"parent":14514,"menu_order":335,"comment_status":"closed","ping_status":"closed","template":"","meta":{"footnotes":""},"class_list":["post-43160","page","type-page","status-publish","has-post-thumbnail"],"_links":{"self":[{"href":"https:\/\/www.sisinternational.com\/fr\/wp-json\/wp\/v2\/pages\/43160","targetHints":{"allow":["GET"]}}],"collection":[{"href":"https:\/\/www.sisinternational.com\/fr\/wp-json\/wp\/v2\/pages"}],"about":[{"href":"https:\/\/www.sisinternational.com\/fr\/wp-json\/wp\/v2\/types\/page"}],"author":[{"embeddable":true,"href":"https:\/\/www.sisinternational.com\/fr\/wp-json\/wp\/v2\/users\/1"}],"replies":[{"embeddable":true,"href":"https:\/\/www.sisinternational.com\/fr\/wp-json\/wp\/v2\/comments?post=43160"}],"version-history":[{"count":6,"href":"https:\/\/www.sisinternational.com\/fr\/wp-json\/wp\/v2\/pages\/43160\/revisions"}],"predecessor-version":[{"id":81672,"href":"https:\/\/www.sisinternational.com\/fr\/wp-json\/wp\/v2\/pages\/43160\/revisions\/81672"}],"up":[{"embeddable":true,"href":"https:\/\/www.sisinternational.com\/fr\/wp-json\/wp\/v2\/pages\/14514"}],"wp:featuredmedia":[{"embeddable":true,"href":"https:\/\/www.sisinternational.com\/fr\/wp-json\/wp\/v2\/media\/64827"}],"wp:attachment":[{"href":"https:\/\/www.sisinternational.com\/fr\/wp-json\/wp\/v2\/media?parent=43160"}],"curies":[{"name":"wp","href":"https:\/\/api.w.org\/{rel}","templated":true}]}}