{"id":43152,"date":"2023-08-21T21:36:24","date_gmt":"2023-08-22T01:36:24","guid":{"rendered":"https:\/\/www.sisinternational.com\/?page_id=43152"},"modified":"2026-01-26T18:30:39","modified_gmt":"2026-01-26T23:30:39","slug":"etude-de-marche-sur-les-centres-commerciaux","status":"publish","type":"page","link":"https:\/\/www.sisinternational.com\/fr\/competence\/etude-de-marche-sur-les-centres-commerciaux\/","title":{"rendered":"Enqu\u00eate sur le march\u00e9 des centres commerciaux"},"content":{"rendered":"<h1 class=\"wp-block-heading\">Enqu\u00eate sur le march\u00e9 des centres commerciaux<\/h1>\n\n\n\n<figure class=\"gb-block-image gb-block-image-624d12d4\"><img loading=\"lazy\" decoding=\"async\" width=\"1456\" height=\"816\" class=\"gb-image gb-image-624d12d4\" src=\"https:\/\/www.sisinternational.com\/wp-content\/uploads\/2025\/08\/Mall-survey-4.jpg\" alt=\"\u00c9tudes de march\u00e9 et strat\u00e9gie internationales SIS\" title=\"Mall survey (4)\" srcset=\"https:\/\/www.sisinternational.com\/wp-content\/uploads\/2025\/08\/Mall-survey-4.jpg 1456w, https:\/\/www.sisinternational.com\/wp-content\/uploads\/2025\/08\/Mall-survey-4-300x168.jpg 300w, https:\/\/www.sisinternational.com\/wp-content\/uploads\/2025\/08\/Mall-survey-4-1024x574.jpg 1024w, https:\/\/www.sisinternational.com\/wp-content\/uploads\/2025\/08\/Mall-survey-4-768x430.jpg 768w, https:\/\/www.sisinternational.com\/wp-content\/uploads\/2025\/08\/Mall-survey-4-18x10.jpg 18w\" sizes=\"auto, (max-width: 1456px) 100vw, 1456px\"><\/figure>\n\n\n\n<hr class=\"wp-block-separator has-alpha-channel-opacity is-style-dots\"\/>\n\n\n\n<p>Les centres commerciaux sont des centres d\u2019interaction avec les consommateurs et le commerce. Ce ne sont pas seulement des lieux de shopping ; ce sont des centres exp\u00e9rientiels o\u00f9 les consommateurs interagissent avec les marques. Ainsi, comprendre le comportement, les pr\u00e9f\u00e9rences et les probl\u00e8mes des consommateurs au sein de ces \u00e9tablissements est primordial pour les exploitants de centres commerciaux, les d\u00e9taillants et les marques qui cherchent \u00e0 maximiser leur impact et leurs retours.<\/p>\n\n\n\n<p>That&#8217;s why stakeholders rely on mall <a class=\"wpil_keyword_link\" href=\"https:\/\/www.sisinternational.com\/fr\/solutions\/solutions-de-recherche-qualitative-et-quantitative\/etude-de-marche\/\"   title=\"\u00c9tude de march\u00e9 par sondage\" data-wpil-keyword-link=\"linked\"  data-wpil-monitor-id=\"335\">\u00e9tude de march\u00e9<\/a> to capture shoppers&#8217; motivations and desires. The feedback from these surveys helps in understanding the current state of affairs, forecasting emerging trends, and adapting to the ever-evolving retail landscape.<\/p>\n\n\n\n<h2 class=\"wp-block-heading\">Pourquoi les entreprises m\u00e8nent-elles une \u00e9tude de march\u00e9 sur les centres commerciaux ?<\/h2>\n\n\n\n<p>In the modern era of digitization and a significant shift towards online shopping, shopping malls are facing a real challenge. That&#8217;s why mall <a href=\"https:\/\/www.sisinternational.com\/fr\/etude-de-marche-aupres-des-membres\/\" title=\"\u00c9tude de march\u00e9 sur l\u2019enqu\u00eate aupr\u00e8s des membres\"  data-wpil-monitor-id=\"3590\">\u00e9tude de march\u00e9<\/a> becomes pivotal in ensuring that these physical spaces remain relevant, vibrant, and profitable. Some benefits of this research are:<\/p>\n\n\n\n<ul class=\"wp-block-list\">\n<li><strong>Comprendre le consommateur\u00a0:<\/strong> A deep understanding of the consumer lies at the heart of any successful retail strategy. What are their buying habits? Which amenities or services do they value most in a mall setting? By conducting mall surveys, businesses can tap into the mindset of their primary audience.<\/li>\n\n\n\n<li><strong>Optimiser l&#039;exp\u00e9rience d&#039;achat\u00a0:<\/strong> Feedback from surveys can help mall operators and retailers pinpoint areas for improvement. The insights gained can drive enhancements that directly uplift the shopper&#8217;s experience.<\/li>\n\n\n\n<li><strong>S&#039;adapter aux tendances changeantes\u00a0:<\/strong> The retail industry is dynamic. What&#8217;s trending today might become obsolete tomorrow. Mall <a href=\"https:\/\/www.sisinternational.com\/fr\/competence\/les-industries\/etude-de-marche-sur-les-hotels\/\" title=\"\u00c9tude de march\u00e9 sur les h\u00f4tels\"  data-wpil-monitor-id=\"6259\">\u00e9tude de march\u00e9<\/a> can help identify emerging trends, allowing businesses to stay ahead of the curve and adapt in real time.<\/li>\n\n\n\n<li><strong>\u00c9valuation des efforts de marketing\u00a0:<\/strong> Les enqu\u00eates peuvent \u00e9valuer l&#039;efficacit\u00e9 des efforts de marketing et de promotion, garantissant ainsi que les investissements dans ces domaines g\u00e9n\u00e8rent un retour substantiel.<\/li>\n\n\n\n<li><strong>Att\u00e9nuation des risques:<\/strong> En comprenant les probl\u00e8mes potentiels, les zones de m\u00e9contentement ou les inefficacit\u00e9s op\u00e9rationnelles gr\u00e2ce \u00e0 des \u00e9tudes de march\u00e9 dans les centres commerciaux, les centres commerciaux peuvent r\u00e9soudre les probl\u00e8mes de mani\u00e8re proactive, minimisant ainsi les risques li\u00e9s \u00e0 l&#039;insatisfaction des clients ou aux pertes op\u00e9rationnelles.<\/li>\n\n\n\n<li><strong>Rester comp\u00e9titif\u00a0:<\/strong> Differentiation is key in the competitive retail landscape. Through mall survey market research, malls can identify unique value propositions, tailor offerings, and curate experiences that set them apart from competitors.<\/li>\n\n\n\n<li><strong>Fid\u00e9liser\u00a0:<\/strong> S&#039;engager avec les consommateurs, valoriser leurs commentaires et apporter des changements visibles en fonction de leurs contributions peuvent favoriser un sentiment de fid\u00e9lit\u00e9. Les acheteurs sont plus susceptibles de retourner dans des espaces o\u00f9 ils se sentent entendus et valoris\u00e9s.<\/li>\n<\/ul>\n\n\n\n<h2 class=\"wp-block-heading\">Opportunit\u00e9s dans les \u00e9tudes de march\u00e9 sur les enqu\u00eates dans les centres commerciaux<\/h2>\n\n\n\n<figure class=\"gb-block-image gb-block-image-22c8c582\"><img loading=\"lazy\" decoding=\"async\" width=\"1456\" height=\"816\" class=\"gb-image gb-image-22c8c582\" src=\"https:\/\/www.sisinternational.com\/wp-content\/uploads\/2025\/08\/Mall-survey-2.jpg\" alt=\"\u00c9tudes de march\u00e9 et strat\u00e9gie internationales SIS\" title=\"Mall survey (2)\" srcset=\"https:\/\/www.sisinternational.com\/wp-content\/uploads\/2025\/08\/Mall-survey-2.jpg 1456w, https:\/\/www.sisinternational.com\/wp-content\/uploads\/2025\/08\/Mall-survey-2-300x168.jpg 300w, https:\/\/www.sisinternational.com\/wp-content\/uploads\/2025\/08\/Mall-survey-2-1024x574.jpg 1024w, https:\/\/www.sisinternational.com\/wp-content\/uploads\/2025\/08\/Mall-survey-2-768x430.jpg 768w, https:\/\/www.sisinternational.com\/wp-content\/uploads\/2025\/08\/Mall-survey-2-18x10.jpg 18w\" sizes=\"auto, (max-width: 1456px) 100vw, 1456px\"><\/figure>\n\n\n\n<p><\/p>\n\n\n\n<p>Le domaine des \u00e9tudes de march\u00e9 dans les centres commerciaux regorge d\u2019opportunit\u00e9s. \u00c0 mesure que le secteur de la vente au d\u00e9tail se transforme et que le r\u00f4le des centres commerciaux physiques \u00e9volue, il devient de plus en plus n\u00e9cessaire de disposer d\u2019informations approfondies pour naviguer dans ce paysage dynamique. Voici quelques-unes des opportunit\u00e9s sur lesquelles les parties prenantes peuvent capitaliser\u00a0:<\/p>\n\n\n\n<ul class=\"wp-block-list\">\n<li><strong>Int\u00e9gration technologique\u00a0:<\/strong> Avec les progr\u00e8s technologiques, il existe de nombreux outils et plates-formes num\u00e9riques \u00e0 int\u00e9grer dans les enqu\u00eates sur les centres commerciaux, tels que les analyses bas\u00e9es sur l&#039;IA, les enqu\u00eates de r\u00e9alit\u00e9 augment\u00e9e (AR), ou m\u00eame l&#039;utilisation de la r\u00e9alit\u00e9 virtuelle (VR) pour recr\u00e9er et \u00e9valuer les exp\u00e9riences potentielles dans les centres commerciaux.<\/li>\n\n\n\n<li><strong>M\u00e9canismes de r\u00e9troaction en temps r\u00e9el\u00a0:<\/strong> Les centres commerciaux peuvent introduire des syst\u00e8mes de feedback en temps r\u00e9el, permettant aux acheteurs de partager imm\u00e9diatement leurs exp\u00e9riences. Un retour instantan\u00e9 peut conduire \u00e0 des actions correctives rapides, am\u00e9liorant ainsi l&#039;exp\u00e9rience de l&#039;acheteur.<\/li>\n\n\n\n<li><strong>Opportunit\u00e9s de personnalisation\u00a0:<\/strong> En analysant les r\u00e9sultats de l&#039;enqu\u00eate, les centres commerciaux peuvent adapter les exp\u00e9riences aux pr\u00e9f\u00e9rences individuelles des acheteurs, telles que des promotions personnalis\u00e9es, des invitations \u00e0 des \u00e9v\u00e9nements ou des avantages li\u00e9s aux programmes de fid\u00e9lit\u00e9.<\/li>\n\n\n\n<li><strong>Analyse du shopping exp\u00e9rientiel\u00a0:<\/strong> Les centres commerciaux s\u2019efforcent de plus en plus d\u2019offrir des exp\u00e9riences allant au-del\u00e0 du simple shopping. Les enqu\u00eates peuvent \u00e9valuer l&#039;efficacit\u00e9 et l&#039;attrait de ces exp\u00e9riences, qu&#039;il s&#039;agisse d&#039;installations artistiques, d&#039;\u00e9v\u00e9nements \u00e9ph\u00e9m\u00e8res, d&#039;ateliers ou d&#039;autres activit\u00e9s immersives.<\/li>\n\n\n\n<li><strong>Int\u00e9gration en ligne et hors ligne\u00a0:<\/strong> Comprendre comment les acheteurs effectuent la transition entre les achats en ligne et hors ligne peut \u00eatre essentiel.<\/li>\n\n\n\n<li><strong>Opportunit\u00e9s de recherche collaborative\u00a0:<\/strong> Les centres commerciaux peuvent s&#039;associer \u00e0 des marques, des instituts de recherche ou m\u00eame des universit\u00e9s pour mener des \u00e9tudes conjointes. De telles collaborations peuvent apporter une expertise vari\u00e9e, conduisant \u00e0 des informations plus approfondies.<\/li>\n<\/ul>\n\n\n\n<h2 class=\"wp-block-heading\">D\u00e9fis li\u00e9s aux \u00e9tudes de march\u00e9 sur les enqu\u00eates dans les centres commerciaux<\/h2>\n\n\n\n<figure class=\"gb-block-image gb-block-image-0dafc84c\"><img loading=\"lazy\" decoding=\"async\" width=\"1456\" height=\"816\" class=\"gb-image gb-image-0dafc84c\" src=\"https:\/\/www.sisinternational.com\/wp-content\/uploads\/2025\/08\/Mall-survey-1.jpg\" alt=\"\u00c9tudes de march\u00e9 et strat\u00e9gie internationales SIS\" title=\"Mall survey (1)\" srcset=\"https:\/\/www.sisinternational.com\/wp-content\/uploads\/2025\/08\/Mall-survey-1.jpg 1456w, https:\/\/www.sisinternational.com\/wp-content\/uploads\/2025\/08\/Mall-survey-1-300x168.jpg 300w, https:\/\/www.sisinternational.com\/wp-content\/uploads\/2025\/08\/Mall-survey-1-1024x574.jpg 1024w, https:\/\/www.sisinternational.com\/wp-content\/uploads\/2025\/08\/Mall-survey-1-768x430.jpg 768w, https:\/\/www.sisinternational.com\/wp-content\/uploads\/2025\/08\/Mall-survey-1-18x10.jpg 18w\" sizes=\"auto, (max-width: 1456px) 100vw, 1456px\"><\/figure>\n\n\n\n<p><\/p>\n\n\n\n<p>\u00c0 mesure que le paysage du commerce de d\u00e9tail \u00e9volue et que le comportement des consommateurs \u00e9volue, les chercheurs sont confront\u00e9s \u00e0 plusieurs obstacles pour capturer et interpr\u00e9ter les donn\u00e9es dont ils ont besoin. Voici quelques-uns des principaux d\u00e9fis :<\/p>\n\n\n\n<ul class=\"wp-block-list\">\n<li><strong>Donn\u00e9es d\u00e9mographiques diverses\u00a0:<\/strong> Les centres commerciaux attirent une grande vari\u00e9t\u00e9 de visiteurs, d\u2019\u00e2ges, de milieux culturels, de classes \u00e9conomiques et de pr\u00e9f\u00e9rences d\u2019achat diff\u00e9rents. Concevoir une enqu\u00eate qui s\u2019adresse \u00e0 une population aussi diversifi\u00e9e peut s\u2019av\u00e9rer difficile.<\/li>\n\n\n\n<li><strong>Changer les comportements des consommateurs\u00a0:<\/strong> La fa\u00e7on dont les consommateurs ach\u00e8tent et ce qu\u2019ils attendent des espaces de vente physiques \u00e9voluent continuellement. Suivre ces changements et garantir que les enqu\u00eates restent pertinentes est un d\u00e9fi constant.<\/li>\n\n\n\n<li><strong>Fatigue li\u00e9e aux enqu\u00eates\u00a0:<\/strong> Les acheteurs sont souvent inond\u00e9s de demandes de commentaires sur diverses plateformes. Cela peut conduire \u00e0 une lassitude des enqu\u00eates, dans laquelle les r\u00e9pondants choisissent de ne pas participer ou de fournir des r\u00e9ponses pr\u00e9cipit\u00e9es et moins r\u00e9fl\u00e9chies.<\/li>\n\n\n\n<li><strong>Consid\u00e9rations \u00e9thiques:<\/strong> Prot\u00e9ger la vie priv\u00e9e des r\u00e9pondants, garantir la s\u00e9curit\u00e9 des donn\u00e9es et g\u00e9rer le consentement \u00e9clair\u00e9 peut poser des d\u00e9fis, en particulier avec les r\u00e9glementations strictes en mati\u00e8re de protection des donn\u00e9es dans de nombreuses r\u00e9gions.<\/li>\n\n\n\n<li><strong>Variations temporelles\u00a0:<\/strong> Les commentaires des consommateurs peuvent varier en fonction des saisons, des jours f\u00e9ri\u00e9s, des \u00e9v\u00e9nements promotionnels ou m\u00eame de l&#039;heure de la journ\u00e9e. Tenir compte de ces variations pour obtenir des informations pr\u00e9cises peut s\u2019av\u00e9rer d\u00e9licat.<\/li>\n\n\n\n<li><strong>Interpr\u00e9tation des donn\u00e9es qualitatives\u00a0:<\/strong> Alors que les donn\u00e9es quantitatives offrent une analyse plus simple, les commentaires qualitatifs tels que les r\u00e9ponses ouvertes peuvent \u00eatre subjectifs et difficiles \u00e0 interpr\u00e9ter et \u00e0 cat\u00e9goriser.<\/li>\n<\/ul>\n\n\n\n<div style=\"height:100px\" aria-hidden=\"true\" class=\"wp-block-spacer\"><\/div>\n\n\n<div class=\"gb-container gb-container-497dace3\">\n\n<div class=\"wp-block-group is-nowrap is-layout-flex wp-container-core-group-is-layout-ad2f72ca wp-block-group-is-layout-flex\"><div class=\"gb-container gb-container-5aed01c2\">\n\n<h3 class=\"gb-headline gb-headline-da10e16b gb-headline-text\">Ready to explore the insights that drive smarter decisions?<\/h3>\n\n\n\n<p class=\"has-base-3-color has-text-color has-link-color wp-elements-6feca161098eb3009a944b0807219eaf\">Contact our Research experts today.<\/p>\n\n\n\n<a class=\"gb-button gb-button-422680e1 smooth-scroll\" href=\"https:\/\/www.sisinternational.com\/fr\/contacter-sis-etude-de-marche-internationale\/\" target=\"_blank\" rel=\"noopener noreferrer\" aria-label=\"Notre couverture\"><span class=\"gb-button-text\">Contactez-nous<\/span><span class=\"gb-icon\"><svg aria-hidden=\"true\" role=\"img\" height=\"1em\" width=\"1em\" viewbox=\"0 0 256 512\" xmlns=\"http:\/\/www.w3.org\/2000\/svg\"><path fill=\"currentColor\" d=\"M224.3 273l-136 136c-9.4 9.4-24.6 9.4-33.9 0l-22.6-22.6c-9.4-9.4-9.4-24.6 0-33.9l96.4-96.4-96.4-96.4c-9.4-9.4-9.4-24.6 0-33.9L54.3 103c9.4-9.4 24.6-9.4 33.9 0l136 136c9.5 9.4 9.5 24.6.1 34z\"><\/path><\/svg><\/span><\/a>\n\n\n\n<p class=\"gb-headline gb-headline-c446f412 gb-headline-text\"><\/p>\n\n<\/div><\/div>\n\n<\/div>\n\n\n<div style=\"height:100px\" aria-hidden=\"true\" class=\"wp-block-spacer\"><\/div>\n\n\n\n<h2 class=\"wp-block-heading\">L&#039;avenir<\/h2>\n\n\n\n<p>Mall survey market research is influenced by evolving consumer behaviors, technological advancements, and global economic dynamics. Here&#8217;s a vision of what the future may hold for this type of <a href=\"https:\/\/www.sisinternational.com\/fr\/solutions\/ai-etudes-de-marche-et-conseil-en-strategie\/etude-de-marche-sur-lia-en-vision-par-ordinateur\/\" title=\"\u00c9tude de march\u00e9 sur l\u2019IA en vision par ordinateur\"  data-wpil-monitor-id=\"6909\">recherche<\/a> in the near future:<\/p>\n\n\n\n<ul class=\"wp-block-list\">\n<li><strong>Int\u00e9gration de technologies avanc\u00e9es\u00a0:<\/strong> L\u2019IA et l\u2019apprentissage automatique (ML) seront exploit\u00e9s pour analyser rapidement de vastes ensembles de donn\u00e9es, en d\u00e9river des mod\u00e8les et pr\u00e9dire les futurs comportements d\u2019achat. De plus, la r\u00e9alit\u00e9 augment\u00e9e et la r\u00e9alit\u00e9 virtuelle peuvent \u00eatre utilis\u00e9es dans des enqu\u00eates pour recr\u00e9er des sc\u00e9narios d&#039;achat sp\u00e9cifiques, recueillir des r\u00e9actions ou \u00e9valuer les am\u00e9liorations potentielles des centres commerciaux.<\/li>\n\n\n\n<li><strong>Analyse des donn\u00e9es en temps r\u00e9el\u00a0:<\/strong> \u00c0 mesure que les centres commerciaux int\u00e8grent des appareils IoT et des technologies intelligentes, la collecte et l\u2019analyse de donn\u00e9es en temps r\u00e9el deviendront plus r\u00e9pandues. Cela pourrait fournir des informations instantan\u00e9es sur les mouvements, les comportements et les pr\u00e9f\u00e9rences des acheteurs.<\/li>\n\n\n\n<li><strong>Collecte de commentaires omnicanal\u00a0:<\/strong> Au-del\u00e0 des enqu\u00eates physiques dans le centre commercial, il y aura une int\u00e9gration transparente des m\u00e9canismes de feedback en ligne et hors ligne, permettant d&#039;obtenir une vision plus globale du parcours d&#039;achat du client, ce qui facilitera grandement une \u00e9tude de march\u00e9 dans un centre commercial.<\/li>\n\n\n\n<li><strong>Enqu\u00eate personnalis\u00e9e\u00a0:<\/strong> Gr\u00e2ce \u00e0 l&#039;IA et \u00e0 l&#039;analyse des donn\u00e9es, les enqu\u00eates seront plus personnalis\u00e9es, ciblant des segments sp\u00e9cifiques d&#039;acheteurs avec des questions personnalis\u00e9es pour obtenir des informations plus significatives.<\/li>\n\n\n\n<li><strong>Initiatives de recherche collaborative\u00a0:<\/strong> Les centres commerciaux peuvent collaborer largement avec les marques, les universit\u00e9s et m\u00eame les urbanistes pour en tirer des informations qui profitent non seulement \u00e0 l\u2019\u00e9cosyst\u00e8me de la vente au d\u00e9tail, mais aussi \u00e0 la communaut\u00e9 dans son ensemble.<\/li>\n\n\n\n<li><strong>\u00c9tudes d\u00e9mographiques approfondies\u00a0:<\/strong> Comprendre les nuances de diverses donn\u00e9es d\u00e9mographiques, de la g\u00e9n\u00e9ration Z aux baby-boomers, des locaux aux touristes internationaux, sera crucial. Cela conduira \u00e0 des initiatives de recherche plus approfondies et segment\u00e9es.<\/li>\n<\/ul>\n\n\n<h2>Notre emplacement \u00e0 New York<\/h2>\n<p><!-- \/wp:post-content --> <!-- wp:html --> <iframe loading=\"lazy\" src=\"https:\/\/www.google.com\/maps\/embed?pb=!1m18!1m12!1m3!1d3022.976188376966!2d-73.99130312499956!3d40.740549471389315!2m3!1f0!2f0!3f0!3m2!1i1024!2i768!4f13.1!3m3!1m2!1s0x89c259a15798c731%3A0xd695d09bdd495f25!2s11%20E%2022nd%20St%20FL%202%2C%20New%20York%2C%20NY%2010010%2C%20USA!5e0!3m2!1sen!2spe!4v1726171763526!5m2!1sen!2spe\" width=\"600\" height=\"450\" allowfullscreen=\"allowfullscreen\" data-mce-fragment=\"1\"><\/iframe> <!-- \/wp:html --> <!-- wp:paragraph --><\/p>\n<h3 class=\"wp-block-heading\">11 E 22nd Street, \u00e9tage 2, New York, NY 10010 T\u00e9l. : +1(212) 505-6805<\/h3>\n<hr \/>\n<h2><span style=\"font-weight: 400;\">\u00c0 propos de SIS International<\/span><\/h2>\n<p><a href=\"https:\/\/www.sisinternational.com\/fr\/\"><span style=\"font-weight: 400;\">SIS International<\/span><\/a><span style=\"font-weight: 400;\"> propose des recherches quantitatives, qualitatives et strat\u00e9giques. Nous fournissons des donn\u00e9es, des outils, des strat\u00e9gies, des rapports et des informations pour la prise de d\u00e9cision. Nous menons \u00e9galement des entretiens, des enqu\u00eates, des groupes de discussion et d\u2019autres m\u00e9thodes et approches d\u2019\u00e9tudes de march\u00e9.<\/span><a href=\"https:\/\/www.sisinternational.com\/fr\/a-propos-de-la-recherche-internationale-sis\/contact-sis-international-market-research\/\"><span style=\"font-weight: 400;\"> Contactez nous<\/span><\/a><span style=\"font-weight: 400;\"> pour votre prochain projet d&#039;\u00e9tude de march\u00e9.<\/span><\/p>\n<h2>\u00a0<\/h2>","protected":false},"excerpt":{"rendered":"<p>Les \u00e9tudes de march\u00e9 sur les centres commerciaux sont essentielles pour garantir que les centres commerciaux restent pertinents, dynamiques et rentables.<\/p>","protected":false},"author":1,"featured_media":63378,"parent":14514,"menu_order":333,"comment_status":"closed","ping_status":"closed","template":"","meta":{"footnotes":""},"class_list":["post-43152","page","type-page","status-publish","has-post-thumbnail"],"_links":{"self":[{"href":"https:\/\/www.sisinternational.com\/fr\/wp-json\/wp\/v2\/pages\/43152","targetHints":{"allow":["GET"]}}],"collection":[{"href":"https:\/\/www.sisinternational.com\/fr\/wp-json\/wp\/v2\/pages"}],"about":[{"href":"https:\/\/www.sisinternational.com\/fr\/wp-json\/wp\/v2\/types\/page"}],"author":[{"embeddable":true,"href":"https:\/\/www.sisinternational.com\/fr\/wp-json\/wp\/v2\/users\/1"}],"replies":[{"embeddable":true,"href":"https:\/\/www.sisinternational.com\/fr\/wp-json\/wp\/v2\/comments?post=43152"}],"version-history":[{"count":9,"href":"https:\/\/www.sisinternational.com\/fr\/wp-json\/wp\/v2\/pages\/43152\/revisions"}],"predecessor-version":[{"id":80480,"href":"https:\/\/www.sisinternational.com\/fr\/wp-json\/wp\/v2\/pages\/43152\/revisions\/80480"}],"up":[{"embeddable":true,"href":"https:\/\/www.sisinternational.com\/fr\/wp-json\/wp\/v2\/pages\/14514"}],"wp:featuredmedia":[{"embeddable":true,"href":"https:\/\/www.sisinternational.com\/fr\/wp-json\/wp\/v2\/media\/63378"}],"wp:attachment":[{"href":"https:\/\/www.sisinternational.com\/fr\/wp-json\/wp\/v2\/media?parent=43152"}],"curies":[{"name":"wp","href":"https:\/\/api.w.org\/{rel}","templated":true}]}}