{"id":43144,"date":"2023-08-21T17:41:53","date_gmt":"2023-08-21T21:41:53","guid":{"rendered":"https:\/\/www.sisinternational.com\/?page_id=43144"},"modified":"2026-03-12T11:37:27","modified_gmt":"2026-03-12T15:37:27","slug":"etude-de-marche-sur-les-gaz-industriels","status":"publish","type":"page","link":"https:\/\/www.sisinternational.com\/fr\/competence\/etude-de-marche-industriel\/etude-de-marche-sur-les-gaz-industriels\/","title":{"rendered":"\u00c9tude de march\u00e9 du gaz industriel"},"content":{"rendered":"<h1 class=\"wp-block-heading\">\u00c9tude de march\u00e9 du gaz industriel<\/h1>\n\n\n\n<figure class=\"gb-block-image gb-block-image-2e0be489\"><img loading=\"lazy\" decoding=\"async\" width=\"1456\" height=\"816\" class=\"gb-image gb-image-2e0be489\" src=\"https:\/\/www.sisinternational.com\/wp-content\/uploads\/2025\/08\/Gas-station-4.jpg\" alt=\"\u00c9tudes de march\u00e9 et strat\u00e9gie internationales SIS\" title=\"Gas station (4)\" srcset=\"https:\/\/www.sisinternational.com\/wp-content\/uploads\/2025\/08\/Gas-station-4.jpg 1456w, https:\/\/www.sisinternational.com\/wp-content\/uploads\/2025\/08\/Gas-station-4-300x168.jpg 300w, https:\/\/www.sisinternational.com\/wp-content\/uploads\/2025\/08\/Gas-station-4-1024x574.jpg 1024w, https:\/\/www.sisinternational.com\/wp-content\/uploads\/2025\/08\/Gas-station-4-768x430.jpg 768w, https:\/\/www.sisinternational.com\/wp-content\/uploads\/2025\/08\/Gas-station-4-18x10.jpg 18w\" sizes=\"auto, (max-width: 1456px) 100vw, 1456px\"><\/figure>\n\n\n\n<hr class=\"wp-block-separator has-alpha-channel-opacity is-style-dots\"\/>\n\n\n\n<p>Naviguer dans l\u2019industrie gazi\u00e8re n\u2019a jamais \u00e9t\u00e9 facile et a \u00e9t\u00e9 \u00e0 la merci des hauts et des bas du march\u00e9. C&#039;est pourquoi la compr\u00e9hension de cette industrie n\u00e9cessite une compr\u00e9hension approfondie de son pouls, une t\u00e2che dans laquelle les \u00e9tudes de march\u00e9 sur le gaz industriel ont un r\u00f4le essentiel \u00e0 jouer.<\/p>\n\n\n\n<p>Cette recherche analyse non seulement le paysage actuel, mais anticipe \u00e9galement les trajectoires futures, donnant aux parties prenantes une vision claire pour \u00e9laborer des strat\u00e9gies, innover et exceller, ce qui en fait un outil essentiel pour toute entreprise souhaitant r\u00e9ussir dans ce secteur concurrentiel.<\/p>\n\n\n\n<h2 class=\"wp-block-heading\">Importance de l\u2019\u00e9tude de march\u00e9 sur le gaz industriel<\/h2>\n\n\n\n<p>The industrial gas sector stands as a prime source of such dynamism. This is where the essence of industrial <a href=\"https:\/\/www.sisinternational.com\/fr\/solutions\/etude-de-marche-sur-les-oleoducs-et-les-gazoducs\/\" title=\"\u00c9tude de march\u00e9 sur les ol\u00e9oducs et gazoducs\"  data-wpil-monitor-id=\"2145\">gas market research<\/a> comes into play, helping global companies to understand the ever-changing market and its possible future changes. In particular, some of its most important advantages include the following:<\/p>\n\n\n\n<ul class=\"wp-block-list\">\n<li><strong>Comprendre les tendances\u00a0:<\/strong> Comprehensive industrial <a href=\"https:\/\/www.sisinternational.com\/fr\/competence\/les-industries\/etude-de-marche-du-petrole-et-du-gaz\/\" title=\"\u00c9tudes de march\u00e9 sur le p\u00e9trole et le gaz\"  data-wpil-monitor-id=\"3081\">gas market research<\/a> helps in identifying and understanding both macro and micro trends. It offers these insights regarding the rising demand for a specific gas in a particular industry \u2013 or technological innovation that could disrupt traditional supply chains.<\/li>\n\n\n\n<li><strong>Att\u00e9nuation des risques:<\/strong> By providing a holistic view of the market, including potential challenges and barriers, <a href=\"https:\/\/www.sisinternational.com\/fr\/competence\/les-industries\/etude-de-marche-sur-lindustrie-de-la-photographie\/\" title=\"\u00c9tude de march\u00e9 sur l\u2019industrie de la photographie\"  data-wpil-monitor-id=\"3202\">\u00e9tude de march\u00e9 sur les gaz industriels<\/a> assists companies in risk assessment and mitigation strategies, making it easier for companies to assess their risks and invest in this sector.<\/li>\n\n\n\n<li><strong>Prise de d\u00e9cision strat\u00e9gique\u00a0:<\/strong> For businesses looking to invest, diversify, or even exit certain market segments, data-driven insights from <a href=\"https:\/\/www.sisinternational.com\/fr\/competence\/les-industries\/etude-de-marche-sur-le-design-industriel\/\" title=\"\u00c9tude de march\u00e9 sur le design industriel\"  data-wpil-monitor-id=\"4157\">\u00e9tude de march\u00e9 sur les gaz industriels<\/a> are vital. They provide the basis for strategic decision-making and give clear guidance for future investments.<\/li>\n\n\n\n<li><strong>Anticiper les besoins futurs\u00a0:<\/strong> Beyond understanding the current landscape, <a href=\"https:\/\/www.sisinternational.com\/fr\/venezuela-oil-mining-industry-potential-strategic-forecast-2026-2036\/\" title=\"Venezuela Oil &amp; Mining Industry Potential: Strategic Forecast 2026-2036\"  data-wpil-monitor-id=\"1299\">\u00e9tude de march\u00e9 sur les gaz industriels<\/a> provides projections and forecasts. This forward-looking perspective is crucial for businesses to stay ahead of the curve, be it in terms of capacity expansion, R&amp;D, or exploring new markets.<\/li>\n<\/ul>\n\n\n\n<h2 class=\"wp-block-heading\">Acteurs cl\u00e9s et paysage concurrentiel<\/h2>\n\n\n\n<p>Le march\u00e9 du gaz industriel b\u00e9n\u00e9ficie d\u2019un paysage concurrentiel dynamique. Cependant, quelques multinationales dominent une part significative \u2013 m\u00eame si l\u2019ar\u00e8ne offre \u00e9galement de la place \u00e0 des acteurs de niche, des g\u00e9ants r\u00e9gionaux et des startups innovantes.<\/p>\n\n\n\n<ul class=\"wp-block-list\">\n<li><strong>Air Liquide:<\/strong> G\u00e9ant mondial bas\u00e9 en France, Air Liquide est pr\u00e9sent dans plus de 80 pays et est sp\u00e9cialis\u00e9 dans les gaz, les technologies et les services pour les secteurs de l&#039;industrie et de la sant\u00e9.<\/li>\n\n\n\n<li><strong>Automate Linde\u00a0:<\/strong> Linde PLC est l&#039;une des plus grandes soci\u00e9t\u00e9s de gaz industriels au monde. Ils disposent d&#039;un portefeuille diversifi\u00e9 au service d&#039;une myriade de secteurs, de la sant\u00e9 \u00e0 la m\u00e9tallurgie.<\/li>\n\n\n\n<li><strong>Produits Air et Produits Chimiques Inc.\u00a0:<\/strong> Air Products est un nom leader dans le secteur des gaz industriels, dot\u00e9 de solutions innovantes et d&#039;un vaste r\u00e9seau de distribution.<\/li>\n\n\n\n<li><strong>Groupe Messer\u00a0:<\/strong> Nom important, notamment en Europe et en Asie, le groupe Messer est sp\u00e9cialis\u00e9 dans divers gaz, de l&#039;oxyg\u00e8ne m\u00e9dical aux gaz sp\u00e9ciaux pour l&#039;\u00e9lectronique.<\/li>\n\n\n\n<li><strong>Gaz Yingde\u00a0:<\/strong> Acteur dominant en Chine, Yingde Gases a connu une croissance exponentielle au cours des derni\u00e8res d\u00e9cennies, soulignant la croissance industrielle rapide de la r\u00e9gion Asie-Pacifique.<\/li>\n<\/ul>\n\n\n\n<h2 class=\"wp-block-heading\">Moteurs du march\u00e9 dans le secteur du gaz industriel<\/h2>\n\n\n\n<p>In the dynamic industrial gas sector, analyzing market drivers is critical to gauge current trajectories and forecast future trends. Among the most important ones to leverage in <a href=\"https:\/\/www.sisinternational.com\/fr\/competence\/les-industries\/etude-de-marche-sur-lautomatisation-industrielle\/\" title=\"\u00c9tude de march\u00e9 sur l\u2019automatisation industrielle\"  data-wpil-monitor-id=\"4814\">\u00e9tude de march\u00e9 sur les gaz industriels<\/a> are:<\/p>\n\n\n\n<ul class=\"wp-block-list\">\n<li><strong>Industrialisation rapide\u00a0:<\/strong> Des pays comme l\u2019Inde, la Chine, le Br\u00e9sil et certaines parties de l\u2019Asie du Sud-Est et de l\u2019Afrique connaissent une croissance industrielle acc\u00e9l\u00e9r\u00e9e. Cette augmentation se traduit par une demande amplifi\u00e9e de gaz industriels dans de multiples secteurs. Avec l\u2019urbanisation et les projets d\u2019infrastructures en hausse, il existe une demande importante de gaz dans les secteurs de la construction, de la m\u00e9tallurgie et des secteurs connexes.<\/li>\n\n\n\n<li><strong>Solutions de distribution et de stockage\u00a0:<\/strong> Les progr\u00e8s technologiques en mati\u00e8re de stockage, de transport et de distribution garantissent que les gaz conservent leur puret\u00e9 et soutiennent la croissance du march\u00e9.<\/li>\n\n\n\n<li><strong>Technologies respectueuses de l&#039;environnement\u00a0:<\/strong> La pouss\u00e9e mondiale en faveur de technologies plus vertes se traduit par une demande accrue de gaz industriels dans les secteurs des \u00e9nergies renouvelables, en particulier l\u2019hydrog\u00e8ne dans les piles \u00e0 combustible. Alors que les industries visent \u00e0 r\u00e9duire leur empreinte carbone, des gaz comme le CO2 sont captur\u00e9s et stock\u00e9s, offrant ainsi une autre voie de croissance du march\u00e9.<\/li>\n\n\n\n<li><strong>Logistique de la cha\u00eene du froid\u00a0:<\/strong> La croissance de l\u2019industrie alimentaire mondiale, en particulier des aliments surgel\u00e9s, a amplifi\u00e9 le besoin de gaz comme l\u2019azote et le CO2 pour la cong\u00e9lation et le transport.<\/li>\n<\/ul>\n\n\n\n<h2 class=\"wp-block-heading\">Avanc\u00e9es technologiques dans les \u00e9tudes de march\u00e9 sur le gaz industriel<\/h2>\n\n\n\n<p>Les \u00e9tudes de march\u00e9 sur les gaz industriels ont consid\u00e9rablement \u00e9volu\u00e9, gr\u00e2ce \u00e0 diverses innovations technologiques qui ont affin\u00e9 leurs m\u00e9thodologies et am\u00e9lior\u00e9 leurs r\u00e9sultats.<\/p>\n\n\n\n<ul class=\"wp-block-list\">\n<li><strong>Big Data et analyses avanc\u00e9es\u00a0:<\/strong> Avec de vastes volumes de donn\u00e9es disponibles provenant de plusieurs sources, les outils d\u2019analyse avanc\u00e9s sont devenus essentiels. Ces outils analysent les donn\u00e9es, mettent en \u00e9vidence les mod\u00e8les et pr\u00e9disent les tendances futures, garantissant ainsi que les \u00e9tudes de march\u00e9 sont plus pr\u00e9cises.<\/li>\n\n\n\n<li><strong>Intelligence artificielle (IA) et apprentissage automatique (ML)\u00a0:<\/strong> Ces technologies ont conf\u00e9r\u00e9 aux \u00e9tudes de march\u00e9 sur le gaz industriel une pr\u00e9voyance sans pr\u00e9c\u00e9dent. Les mod\u00e8les d&#039;IA et de ML peuvent interpr\u00e9ter les donn\u00e9es de mani\u00e8re autonome et pr\u00e9dire la dynamique du march\u00e9.<\/li>\n\n\n\n<li><strong>Technologie Blockchain\u00a0:<\/strong> Beyond cryptocurrencies, blockchain offers a layer of transparency and <a href=\"https:\/\/www.sisinternational.com\/fr\/competence\/les-industries\/etude-de-marche-sur-la-securite\/\" title=\"\u00c9tude de march\u00e9 sur la s\u00e9curit\u00e9\"  data-wpil-monitor-id=\"6536\">security to industrial gas market research<\/a>. It guarantees data authenticity, builds confidence in research findings, and allows a secure platform for data exchanges among various stakeholders.<\/li>\n\n\n\n<li><strong>Internet des objets (IoT)\u00a0:<\/strong> Les appareils IoT, int\u00e9gr\u00e9s aux infrastructures de gaz industriels, fournissent un flux continu de donn\u00e9es en temps r\u00e9el. Cette imm\u00e9diatet\u00e9 garantit que les \u00e9tudes de march\u00e9 restent \u00e0 jour, refl\u00e9tant les derni\u00e8res conditions et tendances du march\u00e9.<\/li>\n\n\n\n<li><strong>R\u00e9alit\u00e9 virtuelle (VR) et r\u00e9alit\u00e9 augment\u00e9e (AR)\u00a0:<\/strong> Les \u00e9tudes de march\u00e9 sur le gaz industriel exploitent la r\u00e9alit\u00e9 virtuelle et la r\u00e9alit\u00e9 augment\u00e9e pour une visualisation immersive des donn\u00e9es. En transformant des ensembles de donn\u00e9es complexes en repr\u00e9sentations 3D interactives, ces technologies am\u00e9liorent la compr\u00e9hension des donn\u00e9es et facilitent des informations plus riches.<\/li>\n\n\n\n<li><strong>Plateformes et outils collaboratifs\u00a0:<\/strong> \u00c9tant donn\u00e9 que la recherche n\u00e9cessite souvent des efforts de collaboration, des outils et des plateformes modernes qui permettent aux chercheurs de diff\u00e9rents endroits de travailler de mani\u00e8re coh\u00e9rente.<\/li>\n<\/ul>\n\n\n\n<h2 class=\"wp-block-heading\">Opportunit\u00e9s et d\u00e9fis de l\u2019\u00e9tude de march\u00e9 sur le gaz industriel<\/h2>\n\n\n\n<p>Les \u00e9tudes de march\u00e9 sur le gaz industriel regorgent de complexit\u00e9s et de possibilit\u00e9s. Alors que les entreprises s\u2019efforcent d\u2019exploiter leurs connaissances pour naviguer dans le secteur du gaz industriel, elles sont confront\u00e9es \u00e0 plusieurs opportunit\u00e9s et d\u00e9fis tels que\u00a0:<\/p>\n\n\n\n<h3 class=\"wp-block-heading\">Opportunit\u00e9s:<\/h3>\n\n\n\n<ul class=\"wp-block-list\">\n<li><a href=\"https:\/\/www.sisinternational.com\/fr\/opportunites-et-obstacles-bancaires-islamiques-pour-le-secteur-financier-americain\/\" title=\"Banque islamique\u00a0: opportunit\u00e9s et obstacles pour le secteur financier am\u00e9ricain\"  data-wpil-monitor-id=\"6701\">Emerging Markets: Rapid industrialization<\/a> in developing economies offers lucrative opportunities for the industrial gas sector. Industrial gas market research can identify these untapped markets, providing a blueprint for expansion and growth.<\/li>\n\n\n\n<li><strong>Durabilit\u00e9 et solutions vertes\u00a0:<\/strong> There is a growing global emphasis on sustainable practices. Research can guide <a href=\"https:\/\/www.sisinternational.com\/fr\/telephone-intelligent\/\" title=\"\u00c9tude de march\u00e9 sur les smartphones\"  data-wpil-monitor-id=\"2899\">industries in innovating eco-friendly gas solutions<\/a>, catering to this rising demand and creating a competitive edge.<\/li>\n\n\n\n<li><strong>Applications diversifi\u00e9es\u00a0:<\/strong> Les gaz industriels trouvent des applications dans des secteurs tels que la sant\u00e9, l\u2019alimentation et les boissons, ainsi que l\u2019\u00e9lectronique. Par cons\u00e9quent, une \u00e9tude de march\u00e9 approfondie peut d\u00e9couvrir de nouvelles applications, \u00e9largissant ainsi le march\u00e9 et augmentant la rentabilit\u00e9.<\/li>\n<\/ul>\n\n\n\n<h3 class=\"wp-block-heading\">D\u00e9fis:<\/h3>\n\n\n\n<ul class=\"wp-block-list\">\n<li><strong>Probl\u00e8mes de r\u00e9glementation et de conformit\u00e9\u00a0:<\/strong> Avec l\u2019\u00e9volution des r\u00e9glementations mondiales, rester en conformit\u00e9 devient un d\u00e9fi. Les \u00e9tudes de march\u00e9 sur le gaz industriel doivent se tenir au courant de ces changements, afin de garantir que les entreprises restent conformes tout en \u00e9tant rentables.<\/li>\n\n\n\n<li><strong>Dynamique du march\u00e9 volatile\u00a0:<\/strong> Des facteurs tels que les tensions g\u00e9opolitiques ou les ralentissements \u00e9conomiques peuvent avoir un impact significatif sur le march\u00e9 du gaz industriel. La recherche doit pr\u00e9voir ces fluctuations, en pr\u00e9parant les entreprises aux instabilit\u00e9s potentielles du march\u00e9.<\/li>\n\n\n\n<li><strong>Complexit\u00e9s de la cha\u00eene d&#039;approvisionnement\u00a0:<\/strong> The global nature of the industrial gas industry introduces supply chain intricacies. Market <a href=\"https:\/\/www.sisinternational.com\/fr\/competence\/les-industries\/etude-de-marche-sur-la-logistique-tierce\/\" title=\"\u00c9tude de march\u00e9 sur la logistique tierce\"  data-wpil-monitor-id=\"4771\">recherche<\/a> must strategize optimal supply chain logistics, minimizing disruptions and maximizing efficiency.<\/li>\n\n\n\n<li><strong>Les pr\u00e9occupations de s\u00e9curit\u00e9:<\/strong> Les gaz industriels pr\u00e9sentent souvent des risques pour la s\u00e9curit\u00e9 lors de la production, du stockage et du transport. La recherche doit englober les protocoles de s\u00e9curit\u00e9 et les innovations, garantissant le respect des normes industrielles et la minimisation des risques.<\/li>\n\n\n\n<li><strong>Saturation comp\u00e9titive\u00a0:<\/strong> Avec de nombreux acteurs sur le march\u00e9 des gaz industriels, la diff\u00e9renciation devient un enjeu. Les \u00e9tudes de march\u00e9 sur le gaz industriel doivent identifier des propositions de valeur uniques, aidant ainsi les entreprises \u00e0 se d\u00e9marquer sur un march\u00e9 satur\u00e9.<\/li>\n<\/ul>\n\n\n\n<p><\/p>","protected":false},"excerpt":{"rendered":"<p>Dans le secteur dynamique du gaz industriel, l\u2019analyse des moteurs du march\u00e9 est essentielle pour \u00e9valuer les trajectoires actuelles et pr\u00e9voir les tendances futures.<\/p>","protected":false},"author":1,"featured_media":63841,"parent":14181,"menu_order":332,"comment_status":"closed","ping_status":"closed","template":"","meta":{"footnotes":""},"class_list":["post-43144","page","type-page","status-publish","has-post-thumbnail"],"_links":{"self":[{"href":"https:\/\/www.sisinternational.com\/fr\/wp-json\/wp\/v2\/pages\/43144","targetHints":{"allow":["GET"]}}],"collection":[{"href":"https:\/\/www.sisinternational.com\/fr\/wp-json\/wp\/v2\/pages"}],"about":[{"href":"https:\/\/www.sisinternational.com\/fr\/wp-json\/wp\/v2\/types\/page"}],"author":[{"embeddable":true,"href":"https:\/\/www.sisinternational.com\/fr\/wp-json\/wp\/v2\/users\/1"}],"replies":[{"embeddable":true,"href":"https:\/\/www.sisinternational.com\/fr\/wp-json\/wp\/v2\/comments?post=43144"}],"version-history":[{"count":14,"href":"https:\/\/www.sisinternational.com\/fr\/wp-json\/wp\/v2\/pages\/43144\/revisions"}],"predecessor-version":[{"id":80281,"href":"https:\/\/www.sisinternational.com\/fr\/wp-json\/wp\/v2\/pages\/43144\/revisions\/80281"}],"up":[{"embeddable":true,"href":"https:\/\/www.sisinternational.com\/fr\/wp-json\/wp\/v2\/pages\/14181"}],"wp:featuredmedia":[{"embeddable":true,"href":"https:\/\/www.sisinternational.com\/fr\/wp-json\/wp\/v2\/media\/63841"}],"wp:attachment":[{"href":"https:\/\/www.sisinternational.com\/fr\/wp-json\/wp\/v2\/media?parent=43144"}],"curies":[{"name":"wp","href":"https:\/\/api.w.org\/{rel}","templated":true}]}}