{"id":43137,"date":"2023-08-21T16:56:11","date_gmt":"2023-08-21T20:56:11","guid":{"rendered":"https:\/\/www.sisinternational.com\/?page_id=43137"},"modified":"2026-02-15T16:49:52","modified_gmt":"2026-02-15T21:49:52","slug":"etude-de-marche-sur-le-rebranding-dhotels","status":"publish","type":"page","link":"https:\/\/www.sisinternational.com\/fr\/competence\/etude-de-marche-sur-le-rebranding-dhotels\/","title":{"rendered":"\u00c9tude de march\u00e9 sur le rebranding des h\u00f4tels"},"content":{"rendered":"<h1 class=\"wp-block-heading\">\u00c9tude de march\u00e9 sur le rebranding des h\u00f4tels<\/h1>\n\n\n\n<figure class=\"gb-block-image gb-block-image-f1da408e\"><img loading=\"lazy\" decoding=\"async\" width=\"1456\" height=\"816\" class=\"gb-image gb-image-f1da408e\" src=\"https:\/\/www.sisinternational.com\/wp-content\/uploads\/2025\/08\/Hotel-furniture-11.jpg\" alt=\"\u00c9tudes de march\u00e9 et strat\u00e9gie internationales SIS\" title=\"Hotel furniture (11)\" srcset=\"https:\/\/www.sisinternational.com\/wp-content\/uploads\/2025\/08\/Hotel-furniture-11.jpg 1456w, https:\/\/www.sisinternational.com\/wp-content\/uploads\/2025\/08\/Hotel-furniture-11-300x168.jpg 300w, https:\/\/www.sisinternational.com\/wp-content\/uploads\/2025\/08\/Hotel-furniture-11-1024x574.jpg 1024w, https:\/\/www.sisinternational.com\/wp-content\/uploads\/2025\/08\/Hotel-furniture-11-768x430.jpg 768w, https:\/\/www.sisinternational.com\/wp-content\/uploads\/2025\/08\/Hotel-furniture-11-18x10.jpg 18w\" sizes=\"auto, (max-width: 1456px) 100vw, 1456px\"><\/figure>\n\n\n\n<p><\/p>\n\n\n\n<hr class=\"wp-block-separator has-alpha-channel-opacity is-style-dots\"\/>\n\n\n\n<p>Le rebranding d\u2019un h\u00f4tel est plus qu\u2019un logo repens\u00e9 ; il s&#039;agit d&#039;une transformation strat\u00e9gique pour rendre la marque plus comp\u00e9titive et attractive pour ses consommateurs. C\u2019est l\u00e0 qu\u2019appara\u00eet le r\u00f4le essentiel des \u00e9tudes de march\u00e9 sur le rebranding des h\u00f4tels.<\/p>\n\n\n\n<p>Les \u00e9tudes de march\u00e9 sur le rebranding des h\u00f4tels aident les entreprises mondiales \u00e0 moderniser leur marque et \u00e0 cibler un nouveau public avec une refonte qui leur permet de rester au courant des mises \u00e0 jour du march\u00e9.<\/p>\n\n\n\n<h2 class=\"wp-block-heading\">Pourquoi l\u2019\u00e9tude de march\u00e9 sur le rebranding des h\u00f4tels est-elle si importante ?<\/h2>\n\n\n\n<figure class=\"gb-block-image gb-block-image-ed76ab28\"><img loading=\"lazy\" decoding=\"async\" width=\"1456\" height=\"816\" class=\"gb-image gb-image-ed76ab28\" src=\"https:\/\/www.sisinternational.com\/wp-content\/uploads\/2025\/08\/hotel-24.jpg\" alt=\"\u00c9tudes de march\u00e9 et strat\u00e9gie internationales SIS\" title=\"hotel (24)\" srcset=\"https:\/\/www.sisinternational.com\/wp-content\/uploads\/2025\/08\/hotel-24.jpg 1456w, https:\/\/www.sisinternational.com\/wp-content\/uploads\/2025\/08\/hotel-24-300x168.jpg 300w, https:\/\/www.sisinternational.com\/wp-content\/uploads\/2025\/08\/hotel-24-1024x574.jpg 1024w, https:\/\/www.sisinternational.com\/wp-content\/uploads\/2025\/08\/hotel-24-768x430.jpg 768w, https:\/\/www.sisinternational.com\/wp-content\/uploads\/2025\/08\/hotel-24-18x10.jpg 18w\" sizes=\"auto, (max-width: 1456px) 100vw, 1456px\"><\/figure>\n\n\n\n<p><\/p>\n\n\n\n<p>Le rebranding d&#039;un h\u00f4tel est une transformation strat\u00e9gique qui vise \u00e0 aligner l&#039;identit\u00e9 d&#039;un h\u00f4tel sur la dynamique actuelle du march\u00e9, les aspirations futures et l&#039;\u00e9volution des attentes des clients.<\/p>\n\n\n\n<p>However, beneath this transformation lies several considerations, risks, and opportunities, each of which holds the power to shape the trajectory and outcome of the rebranding endeavor. This is where hotel <a class=\"wpil_keyword_link\" href=\"https:\/\/www.sisinternational.com\/fr\/solutions\/solutions-de-branding-et-de-recherche-client\/etude-de-marche-sur-le-rebranding\/\" title=\"\u00c9tude de march\u00e9 sur le rebranding\" data-wpil-keyword-link=\"linked\" data-wpil-monitor-id=\"336\">\u00e9tude de march\u00e9 sur le rebranding<\/a> becomes an irreplaceable resource to take into account before making any modifications to the brand.<\/p>\n\n\n\n<p>Some of the elements that make hotel <a href=\"https:\/\/www.sisinternational.com\/fr\/competence\/les-industries\/etude-de-marche-sur-le-changement-de-marque-de-moto\/\" title=\"\u00c9tude de march\u00e9 sur le changement de marque de moto\" data-wpil-monitor-id=\"4700\">\u00e9tude de march\u00e9 sur le rebranding<\/a> an indispensable tool include:<\/p>\n\n\n\n<ul class=\"wp-block-list\">\n<li><strong>Des donn\u00e9es d\u00e9mographiques changeantes\u00a0:<\/strong> As the generational composition of travelers changes, so do their preferences, values, and expectations. <a href=\"https:\/\/www.sisinternational.com\/fr\/competence\/les-industries\/etude-de-marche-sur-le-mobilier-hotelier\/\" title=\"\u00c9tude de march\u00e9 sur le mobilier h\u00f4telier\" data-wpil-monitor-id=\"7202\">Hotel rebranding market research<\/a> provides valuable perspectives into these evolving dynamics, ensuring that rebranding resonates with both existing and emerging customer segments.<\/li>\n\n\n\n<li><strong>Boucle de r\u00e9troaction\u00a0:<\/strong> Les anciens clients fournissent de pr\u00e9cieux commentaires sur ce qu&#039;ils ont aim\u00e9 et ce qui leur a manqu\u00e9 dans leur exp\u00e9rience h\u00f4teli\u00e8re. Ces retours deviennent la base sur laquelle les strat\u00e9gies de rebranding sont formul\u00e9es dans les \u00e9tudes de march\u00e9.<\/li>\n\n\n\n<li><strong>Positionnement\u00a0:<\/strong> Understanding where the hotel currently stands in the market compared to competitors is crucial. <a href=\"https:\/\/www.sisinternational.com\/fr\/solutions\/conseil-en-tourisme-de-voyage-et-en-hotellerie\/refonte-de-limage-dun-hotel-boutique\/\" title=\"Rebranding des h\u00f4tels-boutiques\" data-wpil-monitor-id=\"2904\">hotel<\/a> rebranding market research can also spotlight areas where competitors are underperforming, providing an opportunity for the hotel to fill those gaps through its rebranding efforts.<\/li>\n\n\n\n<li><strong>Prise de d\u00e9cision \u00e9clair\u00e9e\u00a0:<\/strong> Rather than relying on intuition, decisions backed by concrete data minimize risks of missteps or oversights during the rebranding process. <\/li>\n\n\n\n<li><strong>Priorisation\u00a0:<\/strong> Les \u00e9tudes de march\u00e9 sur le rebranding des h\u00f4tels aident \u00e0 d\u00e9finir des priorit\u00e9s claires, garantissant que les \u00e9l\u00e9ments les plus impactants du processus de rebranding sont abord\u00e9s en premier. Comprendre quels aspects de la marque n\u00e9cessitent des refontes majeures et lesquels n\u00e9cessitent des ajustements mineurs garantit que les ressources sont allou\u00e9es de mani\u00e8re optimale.<\/li>\n\n\n\n<li><strong>Coh\u00e9rence:<\/strong> Une \u00e9tude de march\u00e9 compl\u00e8te sur le rebranding h\u00f4telier garantit que tous les \u00e9l\u00e9ments du rebranding, des \u00e9l\u00e9ments visuels aux exp\u00e9riences client, transmettent un message de marque coh\u00e9rent et coh\u00e9rent.<\/li>\n<\/ul>\n\n\n\n<p><\/p>","protected":false},"excerpt":{"rendered":"<p>Le rebranding d&#039;un h\u00f4tel est une transformation strat\u00e9gique qui aligne l&#039;identit\u00e9 d&#039;un h\u00f4tel sur la dynamique du march\u00e9, les aspirations et les attentes des clients.<\/p>","protected":false},"author":1,"featured_media":63584,"parent":14514,"menu_order":330,"comment_status":"closed","ping_status":"closed","template":"","meta":{"footnotes":""},"class_list":["post-43137","page","type-page","status-publish","has-post-thumbnail"],"_links":{"self":[{"href":"https:\/\/www.sisinternational.com\/fr\/wp-json\/wp\/v2\/pages\/43137","targetHints":{"allow":["GET"]}}],"collection":[{"href":"https:\/\/www.sisinternational.com\/fr\/wp-json\/wp\/v2\/pages"}],"about":[{"href":"https:\/\/www.sisinternational.com\/fr\/wp-json\/wp\/v2\/types\/page"}],"author":[{"embeddable":true,"href":"https:\/\/www.sisinternational.com\/fr\/wp-json\/wp\/v2\/users\/1"}],"replies":[{"embeddable":true,"href":"https:\/\/www.sisinternational.com\/fr\/wp-json\/wp\/v2\/comments?post=43137"}],"version-history":[{"count":10,"href":"https:\/\/www.sisinternational.com\/fr\/wp-json\/wp\/v2\/pages\/43137\/revisions"}],"predecessor-version":[{"id":82701,"href":"https:\/\/www.sisinternational.com\/fr\/wp-json\/wp\/v2\/pages\/43137\/revisions\/82701"}],"up":[{"embeddable":true,"href":"https:\/\/www.sisinternational.com\/fr\/wp-json\/wp\/v2\/pages\/14514"}],"wp:featuredmedia":[{"embeddable":true,"href":"https:\/\/www.sisinternational.com\/fr\/wp-json\/wp\/v2\/media\/63584"}],"wp:attachment":[{"href":"https:\/\/www.sisinternational.com\/fr\/wp-json\/wp\/v2\/media?parent=43137"}],"curies":[{"name":"wp","href":"https:\/\/api.w.org\/{rel}","templated":true}]}}