{"id":43119,"date":"2023-08-21T12:58:19","date_gmt":"2023-08-21T16:58:19","guid":{"rendered":"https:\/\/www.sisinternational.com\/?page_id=43119"},"modified":"2026-03-25T01:20:43","modified_gmt":"2026-03-25T05:20:43","slug":"etude-de-marche-sur-la-recherche-sensorielle-alimentaire","status":"publish","type":"page","link":"https:\/\/www.sisinternational.com\/fr\/solutions\/etude-de-marche-sur-lindustrie-des-boissons-alimentaires\/etude-de-marche-sur-la-recherche-sensorielle-alimentaire\/","title":{"rendered":"\u00c9tude de march\u00e9 sur la recherche sensorielle sur les aliments et les boissons"},"content":{"rendered":"<h1 class=\"wp-block-heading\">\u00c9tude de march\u00e9 sensorielle sur les aliments et les boissons<\/h1>\n\n\n\n<figure class=\"gb-block-image gb-block-image-ff47fa21\"><img loading=\"lazy\" decoding=\"async\" width=\"1456\" height=\"816\" class=\"gb-image gb-image-ff47fa21\" src=\"https:\/\/www.sisinternational.com\/wp-content\/uploads\/2025\/08\/Food-taste-testing-5.jpg\" alt=\"\u00c9tudes de march\u00e9 et strat\u00e9gie internationales SIS\" title=\"Food taste testing (5)\" srcset=\"https:\/\/www.sisinternational.com\/wp-content\/uploads\/2025\/08\/Food-taste-testing-5.jpg 1456w, https:\/\/www.sisinternational.com\/wp-content\/uploads\/2025\/08\/Food-taste-testing-5-300x168.jpg 300w, https:\/\/www.sisinternational.com\/wp-content\/uploads\/2025\/08\/Food-taste-testing-5-1024x574.jpg 1024w, https:\/\/www.sisinternational.com\/wp-content\/uploads\/2025\/08\/Food-taste-testing-5-768x430.jpg 768w, https:\/\/www.sisinternational.com\/wp-content\/uploads\/2025\/08\/Food-taste-testing-5-18x10.jpg 18w\" sizes=\"auto, (max-width: 1456px) 100vw, 1456px\"><\/figure>\n\n\n\n<p><\/p>\n\n\n\n<p>Les \u00e9tudes de march\u00e9 sur l&#039;analyse sensorielle des aliments et des boissons sont un outil essentiel pour les \u00e9tudes de march\u00e9, comblant le foss\u00e9 entre les attributs du produit et la perception du consommateur.<\/p>\n\n\n\n<p>Cette technique de recherche approfondit l&#039;exp\u00e9rience sensorielle fournie par les produits alimentaires, en analysant des aspects tels que le go\u00fbt, l&#039;ar\u00f4me, la texture et l&#039;apparence. Avec une base de consommateurs en constante \u00e9volution et des changements rapides dans les pr\u00e9f\u00e9rences alimentaires, le recours aux \u00e9tudes de march\u00e9 sur les aliments et les boissons n\u2019a jamais \u00e9t\u00e9 aussi crucial.<\/p>\n\n\n\n<h2 class=\"wp-block-heading\">Aper\u00e7u de l\u2019\u00e9tude de march\u00e9 sensorielle sur les aliments et les boissons<\/h2>\n\n\n\n<p>L&#039;analyse sensorielle est la discipline scientifique qui \u00e9voque, mesure, analyse et interpr\u00e8te les r\u00e9ponses humaines aux caract\u00e9ristiques des aliments et des mat\u00e9riaux telles qu&#039;elles sont per\u00e7ues par les sens de la vue, de l&#039;odorat, du go\u00fbt, du toucher et de l&#039;ou\u00efe. Son application est vaste, allant des \u00e9tapes de d\u00e9veloppement du produit aux \u00e9valuations post-lancement, garantissant que le produit alimentaire correspond aux attentes des consommateurs.<\/p>\n\n\n\n<p>Historiquement, les premiers signes d\u2019analyse sensorielle remontent aux civilisations anciennes, o\u00f9 la s\u00e9lection des aliments \u00e9tait principalement bas\u00e9e sur des attributs sensoriels. Il faudra cependant attendre le XXe si\u00e8cle pour que l\u2019analyse sensorielle commence \u00e0 prendre une forme structur\u00e9e. Avec l\u2019essor des biens de consommation et l\u2019industrialisation de l\u2019industrie alimentaire, il \u00e9tait absolument n\u00e9cessaire de comprendre et de quantifier les pr\u00e9f\u00e9rences des consommateurs afin de proposer des produits de plus en plus performants sur le march\u00e9.<\/p>\n\n\n\n<p>Currently, <a href=\"https:\/\/www.sisinternational.com\/fr\/solutions\/etude-de-marche-alimentaire-qsr\/\" title=\"\u00c9tude de march\u00e9 sur les produits alimentaires QSR\"  data-wpil-monitor-id=\"2306\">food and beverage market research<\/a> has become a highly sophisticated discipline \u2013 and as the global food market grows increasingly competitive, the spotlight on sensory analysis becomes brighter, marking its significance not just as a research tool, but as a vital component in a brand&#8217;s success strategy.<\/p>\n\n\n\n<h2 class=\"wp-block-heading\">L\u2019importance des \u00e9tudes de march\u00e9 sensorielles sur les aliments et les boissons aujourd\u2019hui<\/h2>\n\n\n\n<figure class=\"gb-block-image gb-block-image-929ede74\"><img loading=\"lazy\" decoding=\"async\" width=\"1456\" height=\"816\" class=\"gb-image gb-image-929ede74\" src=\"https:\/\/www.sisinternational.com\/wp-content\/uploads\/2025\/08\/Food-taste-testing-3.jpg\" alt=\"\u00c9tudes de march\u00e9 et strat\u00e9gie internationales SIS\" title=\"Food taste testing (3)\" srcset=\"https:\/\/www.sisinternational.com\/wp-content\/uploads\/2025\/08\/Food-taste-testing-3.jpg 1456w, https:\/\/www.sisinternational.com\/wp-content\/uploads\/2025\/08\/Food-taste-testing-3-300x168.jpg 300w, https:\/\/www.sisinternational.com\/wp-content\/uploads\/2025\/08\/Food-taste-testing-3-1024x574.jpg 1024w, https:\/\/www.sisinternational.com\/wp-content\/uploads\/2025\/08\/Food-taste-testing-3-768x430.jpg 768w, https:\/\/www.sisinternational.com\/wp-content\/uploads\/2025\/08\/Food-taste-testing-3-18x10.jpg 18w\" sizes=\"auto, (max-width: 1456px) 100vw, 1456px\"><\/figure>\n\n\n\n<p><\/p>\n\n\n\n<p>Understanding and satisfying consumer demands is a requirement in the competitive marketplace of the food industry. Therefore, food and beverage <a class=\"wpil_keyword_link\" href=\"https:\/\/www.sisinternational.com\/fr\/competence\/les-industries\/etude-de-marche-sensorielle\/\"   title=\"\u00c9tude de march\u00e9 sensorielle\" data-wpil-keyword-link=\"linked\"  data-wpil-monitor-id=\"338\">\u00e9tude de march\u00e9 sensorielle<\/a> has become a cornerstone of modern business strategies, ensuring alignment between product offerings and consumer expectations.<\/p>\n\n\n\n<p>Parmi les avantages les plus significatifs qu\u2019il apporte aux entreprises figurent les suivants :<\/p>\n\n\n\n<ul class=\"wp-block-list\">\n<li><strong>Informations approfondies sur les consommateurs\u00a0:<\/strong> Today\u2019s consumers are not just concerned with the basic attributes of taste and texture. They are also heavily influenced by elements such as aroma, appearance, and even the sound of the food product. <a href=\"https:\/\/www.sisinternational.com\/fr\/competence\/les-industries\/etude-de-marche-des-aliments-surgeles\/\" title=\"\u00c9tude de march\u00e9 des aliments surgel\u00e9s\"  data-wpil-monitor-id=\"3116\">Food and beverage market research<\/a> helps companies understand these elements, offering insights that are often intangible and complex to enable brands to craft products that resonate deeply with their target audience.<\/li>\n\n\n\n<li><strong>Diff\u00e9renciation concurrentielle\u00a0:<\/strong> Le march\u00e9 alimentaire est inond\u00e9 d\u2019une gamme de produits similaires. L&#039;analyse sensorielle fournit un diff\u00e9renciateur qui permet aux entreprises d&#039;identifier et d&#039;amplifier les attributs uniques d&#039;un produit, se taillant ainsi une position distincte sur le march\u00e9. En accentuant ces diff\u00e9renciateurs sensoriels, les marques peuvent \u00e9tablir un avantage concurrentiel, favorisant la fid\u00e9lit\u00e9 et g\u00e9n\u00e9rant des achats r\u00e9p\u00e9t\u00e9s.<\/li>\n\n\n\n<li><strong>Am\u00e9liorer la valeur de la marque\u00a0:<\/strong> Les consommateurs ont tendance \u00e0 associer les exp\u00e9riences sensorielles positives \u00e0 la qualit\u00e9 de la marque. Lorsqu&#039;un produit tient syst\u00e9matiquement ses promesses sensorielles, il augmente la valeur per\u00e7ue de la marque. Au fil du temps, cette image de marque renforc\u00e9e peut entra\u00eener des prix plus \u00e9lev\u00e9s, am\u00e9liorant ainsi la rentabilit\u00e9.<\/li>\n\n\n\n<li><strong>Att\u00e9nuation des risques dans le d\u00e9veloppement de nouveaux produits\u00a0:<\/strong> Le processus de lancement d\u2019un nouveau produit est \u00e0 la fois co\u00fbteux et risqu\u00e9. L&#039;analyse sensorielle agit comme une boussole, guidant le processus de d\u00e9veloppement du produit et mettant en \u00e9vidence les pi\u00e8ges potentiels, r\u00e9duisant ainsi consid\u00e9rablement le risque de d\u00e9faillance du produit apr\u00e8s le lancement.<\/li>\n\n\n\n<li><strong>Boucle de r\u00e9troaction pour une am\u00e9lioration continue\u00a0:<\/strong> Consumer preferences evolve, influenced by factors like cultural shifts, dietary trends, and innovations in food technology. Thus, <a href=\"https:\/\/www.sisinternational.com\/fr\/competence\/les-industries\/etude-de-marche-sur-les-franchises-de-restauration-rapide\/\" title=\"\u00c9tude de march\u00e9 sur les franchises de restauration rapide\"  data-wpil-monitor-id=\"3995\">food and beverage sensory analysis market research<\/a> offers an ongoing feedback mechanism, allowing businesses to adapt and evolve in tandem with market dynamics.<\/li>\n<\/ul>\n\n\n\n<h2 class=\"wp-block-heading\">Tendances mondiales des \u00e9tudes de march\u00e9 sur la sensorialit\u00e9 des aliments et des boissons<\/h2>\n\n\n\n<p>Le <a href=\"https:\/\/www.sisinternational.com\/fr\/competence\/les-industries\/etude-de-marche-sur-la-perte-de-poids-des-aliments-dietetiques\/\" title=\"\u00c9tude de march\u00e9 sur les aliments di\u00e9t\u00e9tiques et la perte de poids\"  data-wpil-monitor-id=\"5656\">food and beverage sensory market research<\/a> domain has experienced significant evolution over the years, propelled by technological advancements, changing consumer behaviors, and the intensified competitive landscape in the food industry \u2013 and some of the most notorious market trends are:<\/p>\n\n\n\n<ul class=\"wp-block-list\">\n<li><strong>IA et apprentissage automatique\u00a0:<\/strong> Ces technologies sont de plus en plus utilis\u00e9es pour analyser de grandes quantit\u00e9s de donn\u00e9es sensorielles, identifier des mod\u00e8les \u2013 et m\u00eame pr\u00e9dire les pr\u00e9f\u00e9rences des consommateurs sur la base de donn\u00e9es historiques.<\/li>\n\n\n\n<li><strong>Profilage sensoriel personnalis\u00e9\u00a0:<\/strong> With the rise of personalized nutrition and wellness trends, brands are leveraging <a href=\"https:\/\/www.sisinternational.com\/fr\/competence\/les-industries\/etude-de-marche-de-marque\/\" title=\"\u00c9tude de march\u00e9 de marque\"  data-wpil-monitor-id=\"7089\">food and beverage market research<\/a> to craft products tailored to niche market segments \u2013 or even individual preferences.<\/li>\n\n\n\n<li><strong>Exp\u00e9riences sensorielles holistiques\u00a0:<\/strong> Au-del\u00e0 du go\u00fbt et de la texture, les marques mettent l\u2019accent sur l\u2019ensemble de l\u2019exp\u00e9rience sensorielle, en prenant en compte des facteurs tels que l\u2019esth\u00e9tique de l\u2019emballage, les sons \u2013 et m\u00eame l\u2019exp\u00e9rience tactile de la manipulation d\u2019un produit.<\/li>\n\n\n\n<li><strong>Durabilit\u00e9 et analyse sensorielle\u00a0:<\/strong> As sustainability becomes a major consumer demand, <a href=\"https:\/\/www.sisinternational.com\/fr\/competence\/les-industries\/etude-de-marche-sur-les-boissons-et-les-aliments-pour-le-diner\/\" title=\"\u00c9tude de march\u00e9 sur les aliments et boissons pour le d\u00eener\"  data-wpil-monitor-id=\"7165\">food and beverage market research<\/a> is increasingly ensuring that its products are eco-friendly and meet consumer sensory expectations.<\/li>\n\n\n\n<li><strong>Palais mondialis\u00e9s et panels sensoriels r\u00e9gionaux\u00a0:<\/strong> Alors que le commerce et les voyages mondiaux exposent les consommateurs \u00e0 une myriade d\u2019exp\u00e9riences culinaires, les marques mondiales mettent en place des panels sensoriels r\u00e9gionaux pour garantir que les attributs des produits correspondent aux go\u00fbts et aux nuances culturelles localis\u00e9s.<\/li>\n\n\n\n<li><strong>Int\u00e9gration avec les techniques neuroscientifiques\u00a0:<\/strong> La neurogastronomie gagne du terrain et les marques explorent l&#039;int\u00e9gration de ces connaissances pour mieux s&#039;int\u00e9grer aux r\u00e9ponses de leurs consommateurs et comprendre la r\u00e9ponse du cerveau aux diff\u00e9rents stimuli alimentaires.<\/li>\n\n\n\n<li><strong>Focus sur la sant\u00e9 et le bien-\u00eatre\u00a0:<\/strong> With health and wellness trends at the forefront, food sensory <a href=\"https:\/\/www.sisinternational.com\/fr\/solutions\/solutions-de-recherche-qualitative-et-quantitative\/etude-de-marche-sur-lanalyse-de-grappes\/\" title=\"\u00c9tude de march\u00e9 sur l\u2019analyse de cluster\"  data-wpil-monitor-id=\"7045\">analysis market research<\/a> is being used to reformulate products, reducing sugar, salt, or fat without compromising on taste and overall sensory appeal.<\/li>\n\n\n\n<li><strong>Mont\u00e9e des cat\u00e9gories de produits non traditionnels\u00a0:<\/strong> Avec l\u2019essor des aliments alternatifs tels que les viandes cultiv\u00e9es en laboratoire ou les prot\u00e9ines d\u2019insectes, l\u2019analyse sensorielle joue un r\u00f4le essentiel pour garantir que ces nouveaux produits correspondent aux attentes sensorielles des consommateurs.<\/li>\n<\/ul>\n\n\n\n<h2 class=\"wp-block-heading\">Opportunit\u00e9s et d\u00e9fis dans les \u00e9tudes de march\u00e9 sensorielles sur les aliments et les boissons<\/h2>\n\n\n\n<figure class=\"gb-block-image gb-block-image-fced0f21\"><img loading=\"lazy\" decoding=\"async\" width=\"1456\" height=\"816\" class=\"gb-image gb-image-fced0f21\" src=\"https:\/\/www.sisinternational.com\/wp-content\/uploads\/2025\/08\/Food-taste-testing-20.jpg\" alt=\"\u00c9tudes de march\u00e9 et strat\u00e9gie internationales SIS\" title=\"Food taste testing (20)\" srcset=\"https:\/\/www.sisinternational.com\/wp-content\/uploads\/2025\/08\/Food-taste-testing-20.jpg 1456w, https:\/\/www.sisinternational.com\/wp-content\/uploads\/2025\/08\/Food-taste-testing-20-300x168.jpg 300w, https:\/\/www.sisinternational.com\/wp-content\/uploads\/2025\/08\/Food-taste-testing-20-1024x574.jpg 1024w, https:\/\/www.sisinternational.com\/wp-content\/uploads\/2025\/08\/Food-taste-testing-20-768x430.jpg 768w, https:\/\/www.sisinternational.com\/wp-content\/uploads\/2025\/08\/Food-taste-testing-20-18x10.jpg 18w\" sizes=\"auto, (max-width: 1456px) 100vw, 1456px\"><\/figure>\n\n\n\n<p><\/p>\n\n\n\n<p>Le paysage changeant de l\u2019industrie alimentaire a fourni une \u00e9tude de march\u00e9 de l\u2019analyse sensorielle des aliments comportant \u00e0 la fois des d\u00e9fis et des opportunit\u00e9s. Ces dynamiques fa\u00e7onnent les strat\u00e9gies et les m\u00e9thodologies adopt\u00e9es par les entreprises, guidant leur parcours vers le succ\u00e8s et l\u2019innovation.<\/p>\n\n\n\n<h3 class=\"wp-block-heading\">Opportunit\u00e9s:<\/h3>\n\n\n\n<ul class=\"wp-block-list\">\n<li><strong>Les avanc\u00e9es technologiques:<\/strong> Avec l\u2019essor de l\u2019IA, de l\u2019apprentissage automatique et d\u2019autres outils analytiques avanc\u00e9s, les entreprises disposent d\u2019une opportunit\u00e9 sans pr\u00e9c\u00e9dent de tirer des informations plus approfondies \u00e0 partir des donn\u00e9es sensorielles, de pr\u00e9dire les pr\u00e9f\u00e9rences des consommateurs et de rationaliser les processus de d\u00e9veloppement de produits.<\/li>\n\n\n\n<li><strong>Expansion du march\u00e9 mondialis\u00e9\u00a0:<\/strong> Brands expanding into new international <a href=\"https:\/\/www.sisinternational.com\/fr\/solutions\/etude-de-marche-sur-lindustrie-des-boissons-alimentaires\/etude-de-marche-sur-les-boissons-pretes-a-boire-pretes-a-boire\/\" title=\"\u00c9tude de march\u00e9 sur les boissons pr\u00eates \u00e0 boire (RTD)\"  data-wpil-monitor-id=\"11494\">markets can leverage food and beverage market research<\/a> to adapt products to local tastes and preferences, ensuring successful market entry and consumer acceptance.<\/li>\n\n\n\n<li><strong>Innovations de produits ax\u00e9es sur le consommateur\u00a0:<\/strong> Gr\u00e2ce aux boucles de r\u00e9troaction imm\u00e9diates issues de l\u2019analyse sensorielle, les entreprises peuvent rapidement it\u00e9rer et innover, en adaptant leurs produits aux demandes changeantes des consommateurs.<\/li>\n\n\n\n<li><strong>Focus sur la durabilit\u00e9 et la sant\u00e9\u00a0:<\/strong> L&#039;analyse sensorielle peut aider \u00e0 cr\u00e9er des produits \u00e0 la fois durables et ax\u00e9s sur la sant\u00e9, garantissant que m\u00eame si les produits sont respectueux de l&#039;environnement ou plus sains, ils ne compromettent pas le go\u00fbt ou l&#039;attrait sensoriel.<\/li>\n\n\n\n<li><strong>Int\u00e9gration avec d&#039;autres flux de donn\u00e9es\u00a0:<\/strong> Les donn\u00e9es sensorielles, lorsqu&#039;elles sont int\u00e9gr\u00e9es \u00e0 d&#039;autres m\u00e9canismes de feedback des consommateurs comme les avis en ligne ou les donn\u00e9es de vente, peuvent offrir une vue \u00e0 360 degr\u00e9s des performances du produit.<\/li>\n<\/ul>\n\n\n\n<h3 class=\"wp-block-heading\">D\u00e9fis:<\/h3>\n\n\n\n<ul class=\"wp-block-list\">\n<li><strong>Maintenir la coh\u00e9rence du panneau\u00a0:<\/strong> Garantir que les panels sensoriels restent coh\u00e9rents et impartiaux au fil du temps peut \u00eatre un d\u00e9fi, n\u00e9cessitant une formation et un \u00e9talonnage continus.<\/li>\n\n\n\n<li><strong>Co\u00fbts \u00e9lev\u00e9s\u00a0:<\/strong> Les techniques et outils sensoriels avanc\u00e9s, en particulier ceux impliquant des technologies ou des \u00e9quipements sp\u00e9cialis\u00e9s, peuvent \u00eatre co\u00fbteux pour les petites entreprises.<\/li>\n\n\n\n<li><strong>Les pr\u00e9f\u00e9rences des consommateurs en \u00e9volution rapide\u00a0:<\/strong> Le rythme auquel les pr\u00e9f\u00e9rences des consommateurs \u00e9voluent, influenc\u00e9 par des facteurs tels que les m\u00e9dias sociaux et les tendances mondiales, constitue un d\u00e9fi pour les entreprises qui tentent de garder une longueur d&#039;avance.<\/li>\n\n\n\n<li><strong>Nuances culturelles et r\u00e9gionales :<\/strong> Pour les marques mondiales, comprendre et r\u00e9pondre \u00e0 des pr\u00e9f\u00e9rences sensorielles culturelles et r\u00e9gionales complexes peut s\u2019av\u00e9rer complexe et n\u00e9cessite une connaissance approfondie du march\u00e9 malgr\u00e9 les progr\u00e8s technologiques et l\u2019\u00e9volution des techniques de collecte de donn\u00e9es.<\/li>\n<\/ul>","protected":false},"excerpt":{"rendered":"<p>L\u2019\u00e9tude de march\u00e9 sensorielle sur les aliments et les boissons est l\u2019\u00e9tude scientifique de la fa\u00e7on dont les humains r\u00e9agissent aux aliments et aux mat\u00e9riaux en fonction de leurs sens.<\/p>","protected":false},"author":1,"featured_media":64708,"parent":22018,"menu_order":328,"comment_status":"closed","ping_status":"closed","template":"","meta":{"footnotes":""},"class_list":["post-43119","page","type-page","status-publish","has-post-thumbnail"],"_links":{"self":[{"href":"https:\/\/www.sisinternational.com\/fr\/wp-json\/wp\/v2\/pages\/43119","targetHints":{"allow":["GET"]}}],"collection":[{"href":"https:\/\/www.sisinternational.com\/fr\/wp-json\/wp\/v2\/pages"}],"about":[{"href":"https:\/\/www.sisinternational.com\/fr\/wp-json\/wp\/v2\/types\/page"}],"author":[{"embeddable":true,"href":"https:\/\/www.sisinternational.com\/fr\/wp-json\/wp\/v2\/users\/1"}],"replies":[{"embeddable":true,"href":"https:\/\/www.sisinternational.com\/fr\/wp-json\/wp\/v2\/comments?post=43119"}],"version-history":[{"count":13,"href":"https:\/\/www.sisinternational.com\/fr\/wp-json\/wp\/v2\/pages\/43119\/revisions"}],"predecessor-version":[{"id":85102,"href":"https:\/\/www.sisinternational.com\/fr\/wp-json\/wp\/v2\/pages\/43119\/revisions\/85102"}],"up":[{"embeddable":true,"href":"https:\/\/www.sisinternational.com\/fr\/wp-json\/wp\/v2\/pages\/22018"}],"wp:featuredmedia":[{"embeddable":true,"href":"https:\/\/www.sisinternational.com\/fr\/wp-json\/wp\/v2\/media\/64708"}],"wp:attachment":[{"href":"https:\/\/www.sisinternational.com\/fr\/wp-json\/wp\/v2\/media?parent=43119"}],"curies":[{"name":"wp","href":"https:\/\/api.w.org\/{rel}","templated":true}]}}