{"id":43035,"date":"2023-08-10T18:53:29","date_gmt":"2023-08-10T22:53:29","guid":{"rendered":"https:\/\/www.sisinternational.com\/?page_id=43035"},"modified":"2026-01-27T16:38:50","modified_gmt":"2026-01-27T21:38:50","slug":"quest-ce-que-le-conseil-en-strategie","status":"publish","type":"page","link":"https:\/\/www.sisinternational.com\/fr\/solutions\/conseil-en-strategie\/quest-ce-que-le-conseil-en-strategie\/","title":{"rendered":"Qu\u2019est-ce que le conseil en strat\u00e9gie ?"},"content":{"rendered":"<h1 class=\"wp-block-heading\">Qu\u2019est-ce que le conseil en strat\u00e9gie ?<\/h1>\n\n\n\n<figure class=\"gb-block-image gb-block-image-0f87a777\"><img loading=\"lazy\" decoding=\"async\" width=\"1456\" height=\"816\" class=\"gb-image gb-image-0f87a777\" src=\"https:\/\/www.sisinternational.com\/wp-content\/uploads\/2025\/10\/Strategy-consulting-1.jpg\" alt=\"\u00c9tudes de march\u00e9 et strat\u00e9gie internationales SIS\" title=\"Strategy consulting (1)\" srcset=\"https:\/\/www.sisinternational.com\/wp-content\/uploads\/2025\/10\/Strategy-consulting-1.jpg 1456w, https:\/\/www.sisinternational.com\/wp-content\/uploads\/2025\/10\/Strategy-consulting-1-300x168.jpg 300w, https:\/\/www.sisinternational.com\/wp-content\/uploads\/2025\/10\/Strategy-consulting-1-1024x574.jpg 1024w, https:\/\/www.sisinternational.com\/wp-content\/uploads\/2025\/10\/Strategy-consulting-1-768x430.jpg 768w, https:\/\/www.sisinternational.com\/wp-content\/uploads\/2025\/10\/Strategy-consulting-1-18x10.jpg 18w\" sizes=\"auto, (max-width: 1456px) 100vw, 1456px\"><\/figure>\n\n\n\n<p><\/p>\n\n\n\n<p>Le conseil en strat\u00e9gie aide les organisations \u00e0 concevoir et \u00e0 mettre en \u0153uvre des strat\u00e9gies robustes qui rationalisent les op\u00e9rations, am\u00e9liorent les performances et atteignent les objectifs commerciaux.<\/p>\n\n\n\n<p>Elle se distingue dans le secteur du conseil par son orientation sp\u00e9cifique vers l&#039;accompagnement des entreprises dans des processus d\u00e9cisionnels de haut niveau qui d\u00e9finissent leur trajectoire de march\u00e9 et les aident \u00e0 surmonter tous les d\u00e9fis auxquels elles peuvent \u00eatre confront\u00e9es au cours de leur croissance, notamment en p\u00e9riode de r\u00e9cession \u00e9conomique et d&#039;instabilit\u00e9. march\u00e9s.<\/p>\n\n\n\n<h2 class=\"wp-block-heading\">Comprendre le conseil en strat\u00e9gie<\/h2>\n\n\n\n<p>Le conseil en strat\u00e9gie est un service professionnel visant \u00e0 aider les organisations \u00e0 prendre des d\u00e9cisions strat\u00e9giques de haut niveau.<\/p>\n\n\n\n<p>These decisions often involve defining the company&#8217;s direction, identifying potential growth opportunities, understanding market dynamics, and aligning business operations with strategic goals. In corporate strategy, for instance, <a href=\"https:\/\/www.sisinternational.com\/fr\/competence\/les-industries\/societe-de-conseil-en-etudes-de-marche-en-franchise\/\" title=\"Soci\u00e9t\u00e9 d&#039;\u00e9tudes de march\u00e9 et de conseil en franchise\"  data-wpil-monitor-id=\"9793\">consultants might help a company<\/a> determine which markets to enter or how to allocate resources effectively. In digital strategy, they might guide a firm on how to leverage technology for growth or optimize its digital presence.<\/p>\n\n\n\n<p>Ce qui distingue le conseil en strat\u00e9gie des autres formes de conseil, c&#039;est l&#039;accent mis sur une planification de haut niveau et \u00e0 long terme. Plut\u00f4t que d&#039;aborder des probl\u00e8mes fonctionnels sp\u00e9cifiques ou des d\u00e9fis imm\u00e9diats, les consultants en strat\u00e9gie se concentrent sur une vision plus large et d\u00e9veloppent des strat\u00e9gies qui peuvent fa\u00e7onner l&#039;avenir d&#039;une entreprise.<\/p>\n\n\n\n<h2 class=\"wp-block-heading\">Le r\u00f4le cl\u00e9 d\u2019un consultant en strat\u00e9gie<\/h2>\n\n\n\n<p>UN <a href=\"https:\/\/www.sisinternational.com\/fr\/solutions\/recherche-de-conseil-en-strategie-fintech\/conseil-en-strategie-detude-de-marche-sur-lassurance-contre-les-pertes-dexploitation\/\" title=\"Assurance contre les pertes d\u2019exploitation \u00c9tude de march\u00e9 et conseil en strat\u00e9gie\"  data-wpil-monitor-id=\"9788\">strategy consultant<\/a> assists organizations in analyzing their business models, identifying areas for improvement, and formulating strategies that align with their objectives and market dynamics.<\/p>\n\n\n\n<p>Ils effectuent des analyses approfondies de divers facteurs tels que les strat\u00e9gies actuelles de l&#039;entreprise, sa position sur le march\u00e9, la concurrence et les tendances du secteur. Cela implique de collecter et d\u2019examiner des donn\u00e9es, d\u2019interroger le personnel de l\u2019entreprise \u2013 et \u00e9ventuellement de dialoguer avec des clients ou des fournisseurs.<\/p>\n\n\n\n<p>Once they have a comprehensive understanding of the client&#8217;s business, <a href=\"https:\/\/www.sisinternational.com\/fr\/solutions\/conseil-en-strategie\/planification-dun-scenario\/\" title=\"Conseil en strat\u00e9gie de planification de sc\u00e9narios\"  data-wpil-monitor-id=\"7096\">strategy consultants formulate strategic plans<\/a> designed to achieve specific goals, such as market penetration, cost reduction, revenue growth, or digital transformation.<\/p>\n\n\n\n<h2 class=\"wp-block-heading\">Les comp\u00e9tences d&#039;un Consultant en Strat\u00e9gie<\/h2>\n\n\n\n<figure class=\"gb-block-image gb-block-image-1b02ca92\"><img loading=\"lazy\" decoding=\"async\" width=\"1456\" height=\"816\" class=\"gb-image gb-image-1b02ca92\" src=\"https:\/\/www.sisinternational.com\/wp-content\/uploads\/2025\/08\/Strategy-consulting-6.jpg\" alt=\"\u00c9tudes de march\u00e9 et strat\u00e9gie internationales SIS\" title=\"Strategy consulting (6)\" srcset=\"https:\/\/www.sisinternational.com\/wp-content\/uploads\/2025\/08\/Strategy-consulting-6.jpg 1456w, https:\/\/www.sisinternational.com\/wp-content\/uploads\/2025\/08\/Strategy-consulting-6-300x168.jpg 300w, https:\/\/www.sisinternational.com\/wp-content\/uploads\/2025\/08\/Strategy-consulting-6-1024x574.jpg 1024w, https:\/\/www.sisinternational.com\/wp-content\/uploads\/2025\/08\/Strategy-consulting-6-768x430.jpg 768w, https:\/\/www.sisinternational.com\/wp-content\/uploads\/2025\/08\/Strategy-consulting-6-18x10.jpg 18w\" sizes=\"auto, (max-width: 1456px) 100vw, 1456px\"><\/figure>\n\n\n\n<p><\/p>\n\n\n\n<p>Un consultant en strat\u00e9gie performant a besoin d\u2019un solide ensemble de comp\u00e9tences, notamment d\u2019une pens\u00e9e analytique, d\u2019une r\u00e9solution de probl\u00e8mes, d\u2019une excellente communication et d\u2019une compr\u00e9hension approfondie de la dynamique des entreprises et du march\u00e9, entre autres comp\u00e9tences.<\/p>\n\n\n\n<p>Certaines des comp\u00e9tences les plus importantes d\u2019un consultant en strat\u00e9gie sont\u00a0:<\/p>\n\n\n\n<ul class=\"wp-block-list\">\n<li><strong>Gestion des parties prenantes:<\/strong> Capacit\u00e9 \u00e0 interagir et \u00e0 g\u00e9rer les relations \u00e0 diff\u00e9rents niveaux d&#039;une organisation, des cadres sup\u00e9rieurs aux \u00e9quipes op\u00e9rationnelles.<\/li>\n\n\n\n<li><strong>Gestion de projet:<\/strong> Coordonner divers aspects d&#039;un projet strat\u00e9gique, en veillant \u00e0 ce que les d\u00e9lais soient respect\u00e9s et que les ressources soient utilis\u00e9es efficacement.<\/li>\n\n\n\n<li><strong>Comp\u00e9tences personnelles:<\/strong> Capacit\u00e9 \u00e0 travailler dans des \u00e9quipes diversifi\u00e9es, \u00e0 comprendre diff\u00e9rentes perspectives et \u00e0 motiver les membres de l&#039;\u00e9quipe.<\/li>\n\n\n\n<li><strong>Adaptabilit\u00e9 et flexibilit\u00e9\u00a0:<\/strong> Compte tenu de la nature rapide et dynamique des entreprises, la capacit\u00e9 de s\u2019adapter aux conditions changeantes et de modifier les strat\u00e9gies en cons\u00e9quence est cruciale.<\/li>\n\n\n\n<li><strong>Jugement \u00e9thique et int\u00e9grit\u00e9\u00a0:<\/strong> Offrez des recommandations impartiales qui correspondent \u00e0 la fois aux objectifs du client et aux consid\u00e9rations \u00e9thiques.<\/li>\n\n\n\n<li><strong>Perspicacit\u00e9 financi\u00e8re:<\/strong> Comprendre les \u00e9tats financiers, effectuer une mod\u00e9lisation financi\u00e8re et interpr\u00e9ter les indicateurs financiers pour guider les d\u00e9cisions strat\u00e9giques.<\/li>\n\n\n\n<li><strong>Comp\u00e9tence technologique\u00a0:<\/strong> Familiarit\u00e9 avec les derniers outils, logiciels et plates-formes analytiques qui aident \u00e0 la collecte, \u00e0 l&#039;analyse et \u00e0 la pr\u00e9sentation des donn\u00e9es.<\/li>\n\n\n\n<li><strong>Apprentissage continu\u00a0:<\/strong> Restez inform\u00e9 des derni\u00e8res tendances du secteur, des \u00e9volutions du march\u00e9 et des technologies \u00e9mergentes pour fournir des recommandations \u00e9clair\u00e9es.<\/li>\n\n\n\n<li><strong>Techniques de n\u00e9gociation:<\/strong> Capacit\u00e9 \u00e0 g\u00e9rer les d\u00e9saccords ou les conflits et \u00e0 parvenir \u00e0 des r\u00e9solutions mutuellement avantageuses.<\/li>\n\n\n\n<li><strong>Cr\u00e9ativit\u00e9 et innovation:<\/strong> Au-del\u00e0 de l\u2019analyse des donn\u00e9es et des processus existants, les consultants en strat\u00e9gie doivent souvent sortir des sentiers battus pour identifier de nouvelles solutions ou voies de croissance.<\/li>\n\n\n\n<li><strong>La sensibilisation culturelle:<\/strong> Pour les consultants travaillant avec des clients internationaux ou dans des contextes divers, comprendre les nuances et sensibilit\u00e9s culturelles peut \u00eatre crucial.<\/li>\n<\/ul>\n\n\n\n<h2 class=\"wp-block-heading\">Avantages du conseil en strat\u00e9gie<\/h2>\n\n\n\n<p>L&#039;un des avantages les plus pr\u00e9cieux du conseil en strat\u00e9gie est la capacit\u00e9 de prendre des d\u00e9cisions strat\u00e9giques \u00e9clair\u00e9es visant le succ\u00e8s \u00e0 long terme de l&#039;organisation et de g\u00e9n\u00e9rer un retour sur investissement consid\u00e9rable.<\/p>\n\n\n\n<ul class=\"wp-block-list\">\n<li>Le conseil en strat\u00e9gie fournit des informations qui pourraient \u00eatre n\u00e9glig\u00e9es en interne en raison de biais op\u00e9rationnels ou d\u2019un manque de ressources.<\/li>\n\n\n\n<li>Another benefit is the potential for improved business performance. By identifying gaps in current strategies and proposing optimal solutions, <a href=\"https:\/\/www.sisinternational.com\/fr\/couverture\/les-ameriques\/etude-de-marche-dans-les-caraibes\/societe-de-conseil-en-strategie-caribeenne\/\" title=\"Soci\u00e9t\u00e9 de conseil en strat\u00e9gie carib\u00e9enne\"  data-wpil-monitor-id=\"9779\">strategy consultants can help companies<\/a> enhance their operations, increase efficiency, and boost profitability. For instance, a well-devised <a href=\"https:\/\/www.sisinternational.com\/fr\/competence\/les-industries\/conseil-en-strategie-detude-de-marche-sur-lidentite-numerique\/\" title=\"Etude de march\u00e9 et conseil en strat\u00e9gie sur l&#039;identit\u00e9 num\u00e9rique\"  data-wpil-monitor-id=\"9791\">digital strategy<\/a> could lead to more effective online marketing, resulting in increased sales and customer engagement.<\/li>\n\n\n\n<li>Le conseil en strat\u00e9gie peut \u00e9galement favoriser l\u2019innovation. En apportant de nouvelles perspectives et en appliquant leurs connaissances approfondies de diff\u00e9rents secteurs et march\u00e9s, les consultants peuvent stimuler une r\u00e9flexion innovante, conduisant \u00e0 de nouveaux produits, services ou mod\u00e8les commerciaux.<\/li>\n\n\n\n<li>Cela peut aider \u00e0 g\u00e9rer le changement. Qu&#039;une entreprise fasse l&#039;objet d&#039;une fusion, d&#039;une acquisition ou d&#039;un changement important dans son mod\u00e8le \u00e9conomique, les consultants peuvent vous conseiller pour g\u00e9rer ces transitions en douceur et avec succ\u00e8s.<\/li>\n<\/ul>\n\n\n\n<h2 class=\"wp-block-heading\">Les d\u00e9fis du conseil en strat\u00e9gie<\/h2>\n\n\n\n<figure class=\"gb-block-image gb-block-image-9c0b4665\"><img loading=\"lazy\" decoding=\"async\" width=\"1456\" height=\"816\" class=\"gb-image gb-image-9c0b4665\" src=\"https:\/\/www.sisinternational.com\/wp-content\/uploads\/2025\/08\/Strategy-consulting-31.jpg\" alt=\"\u00c9tudes de march\u00e9 et strat\u00e9gie internationales SIS\" title=\"Strategy consulting (31)\" srcset=\"https:\/\/www.sisinternational.com\/wp-content\/uploads\/2025\/08\/Strategy-consulting-31.jpg 1456w, https:\/\/www.sisinternational.com\/wp-content\/uploads\/2025\/08\/Strategy-consulting-31-300x168.jpg 300w, https:\/\/www.sisinternational.com\/wp-content\/uploads\/2025\/08\/Strategy-consulting-31-1024x574.jpg 1024w, https:\/\/www.sisinternational.com\/wp-content\/uploads\/2025\/08\/Strategy-consulting-31-768x430.jpg 768w, https:\/\/www.sisinternational.com\/wp-content\/uploads\/2025\/08\/Strategy-consulting-31-18x10.jpg 18w\" sizes=\"auto, (max-width: 1456px) 100vw, 1456px\"><\/figure>\n\n\n\n<ul class=\"wp-block-list\">\n<li>La mise en \u0153uvre des plans strat\u00e9giques. M\u00eame les strat\u00e9gies les plus r\u00e9fl\u00e9chies peuvent \u00e9chouer si elles ne sont pas correctement ex\u00e9cut\u00e9es. Cela peut \u00eatre d\u00fb \u00e0 divers facteurs tels qu\u2019un manque d\u2019adh\u00e9sion des principales parties prenantes, des ressources insuffisantes ou des changements impr\u00e9vus du march\u00e9.<\/li>\n\n\n\n<li>Un autre d\u00e9fi est <a href=\"https:\/\/www.sisinternational.com\/fr\/solutions\/recherche-de-conseil-en-strategie-fintech\/services-financiers-gestion-du-changement-etudes-de-marche-conseil-en-strategie\/\" title=\"Gestion du changement dans les services financiers \u00c9tudes de march\u00e9 et conseil en strat\u00e9gie\"  data-wpil-monitor-id=\"9781\">managing the complexity of strategy consulting<\/a>. Formulating strategic plans often requires dealing with a high degree of uncertainty and making decisions based on incomplete information. Furthermore, consultants must consider a wide range of factors and potential scenarios, making the task complex and demanding.<\/li>\n\n\n\n<li>Maintenir l\u2019objectivit\u00e9 peut \u00e9galement poser un d\u00e9fi. Si les consultants en strat\u00e9gie sont externes \u00e0 l\u2019organisation et id\u00e9alement impartiaux, ils peuvent \u00eatre influenc\u00e9s par leurs exp\u00e9riences ant\u00e9rieures ou par des id\u00e9es pr\u00e9con\u00e7ues.<\/li>\n<\/ul>\n\n\n\n<h2 class=\"wp-block-heading\">Conseil en strat\u00e9gie\u00a0: tendances actuelles<\/h2>\n\n\n\n<p>Le monde du conseil en strat\u00e9gie n\u2019est pas statique et \u00e9volue continuellement en r\u00e9ponse aux changements de l\u2019environnement des affaires \u2013 et plusieurs tendances actuelles fa\u00e7onnent le domaine telles que\u00a0:<\/p>\n\n\n\n<ul class=\"wp-block-list\">\n<li><strong>Transformation num\u00e9rique\u00a0:<\/strong> Businesses across industries are leveraging digital technologies to improve their operations, customer experiences, and competitive positioning. Strategy consultants are increasingly helping companies navigate their digital transformation journeys, advising on the use of <a href=\"https:\/\/www.sisinternational.com\/fr\/solutions\/ai-etudes-de-marche-et-conseil-en-strategie\/technologie-industrie-automatisation-conseil-en-intelligence-artificielle\/\" title=\"Conseil en automatisation de l&#039;industrie technologique et en intelligence artificielle\"  data-wpil-monitor-id=\"9783\">technologies such as artificial intelligence<\/a>, data analytics, cloud computing, and blockchain.<\/li>\n\n\n\n<li><strong>Conseil en mati\u00e8re de d\u00e9veloppement durable et environnemental, social et de gouvernance (ESG)\u00a0:<\/strong> As the importance of ESG factors gains recognition, companies are seeking strategic guidance on integrating sustainability into their business models. <a href=\"https:\/\/www.sisinternational.com\/fr\/strategies-de-developpement-durable-dentreprise-une-etude-de-cas-siemens\/\" title=\"Strat\u00e9gies de d\u00e9veloppement durable des entreprises\u00a0: une \u00e9tude de cas Siemens\"  data-wpil-monitor-id=\"7500\">Strategy consultants<\/a> are offering ESG consulting to help businesses improve their sustainability performance and capitalize on related opportunities.<\/li>\n\n\n\n<li><strong>Strat\u00e9gies bas\u00e9es sur les donn\u00e9es\u00a0:<\/strong> L\u2019av\u00e8nement du Big Data et des outils d\u2019analyse avanc\u00e9s a permis aux entreprises de fonder leurs strat\u00e9gies sur des informations plus pr\u00e9cises et d\u00e9taill\u00e9es. Les consultants aident les entreprises \u00e0 tirer parti de ces outils pour formuler des strat\u00e9gies bas\u00e9es sur les donn\u00e9es et plus adapt\u00e9es \u00e0 la dynamique du march\u00e9.<\/li>\n\n\n\n<li><strong>Sp\u00e9cialisation accrue\u00a0:<\/strong> Le conseil en strat\u00e9gie devient de plus en plus sp\u00e9cialis\u00e9, avec des consultants offrant des conseils d&#039;experts dans des domaines de niche tels que la strat\u00e9gie num\u00e9rique, la strat\u00e9gie de cha\u00eene d&#039;approvisionnement ou les strat\u00e9gies sp\u00e9cifiques \u00e0 un secteur.<\/li>\n<\/ul>\n\n\n\n<h2 class=\"wp-block-heading\">L&#039;avenir du conseil en strat\u00e9gie<\/h2>\n\n\n\n<figure class=\"gb-block-image gb-block-image-7a0578b4\"><img loading=\"lazy\" decoding=\"async\" width=\"1456\" height=\"816\" class=\"gb-image gb-image-7a0578b4\" src=\"https:\/\/www.sisinternational.com\/wp-content\/uploads\/2025\/10\/AI-Strategy-Consulting-3.jpg\" alt=\"\u00c9tudes de march\u00e9 et strat\u00e9gie internationales SIS\" title=\"AI Strategy Consulting (3)\" srcset=\"https:\/\/www.sisinternational.com\/wp-content\/uploads\/2025\/10\/AI-Strategy-Consulting-3.jpg 1456w, https:\/\/www.sisinternational.com\/wp-content\/uploads\/2025\/10\/AI-Strategy-Consulting-3-300x168.jpg 300w, https:\/\/www.sisinternational.com\/wp-content\/uploads\/2025\/10\/AI-Strategy-Consulting-3-1024x574.jpg 1024w, https:\/\/www.sisinternational.com\/wp-content\/uploads\/2025\/10\/AI-Strategy-Consulting-3-768x430.jpg 768w, https:\/\/www.sisinternational.com\/wp-content\/uploads\/2025\/10\/AI-Strategy-Consulting-3-18x10.jpg 18w\" sizes=\"auto, (max-width: 1456px) 100vw, 1456px\"><\/figure>\n\n\n\n<p><\/p>\n\n\n\n<p>L\u2019avenir du conseil en strat\u00e9gie s\u2019annonce dynamique. Les tendances \u00e9mergentes et les progr\u00e8s technologiques devraient fa\u00e7onner ce domaine de plusieurs mani\u00e8res.<\/p>\n\n\n\n<p>One such trend is the increasing emphasis on digital transformation. As technology becomes more integrated into business operations, strategy consultants will play a critical role in guiding firms through digital strategy formulation and implementation. This could involve everything from advising on <a href=\"https:\/\/www.sisinternational.com\/fr\/solutions\/conseil-en-strategie\/analyse-des-donnees\/\" title=\"Soci\u00e9t\u00e9 d&#039;analyse de donn\u00e9es\"  data-wpil-monitor-id=\"9786\">Analyse des donn\u00e9es<\/a> for strategic decision-making to guiding companies on the use of AI or blockchain in their operations.<\/p>\n\n\n\n<p>Sustainability is another area that is likely to feature prominently in future strategy consulting. As businesses face growing pressure to reduce their environmental footprint, consultants will need to help them devise <a href=\"https:\/\/www.sisinternational.com\/fr\/meilleures-pratiques-dans-le-commerce-de-detail\/\" title=\"Meilleures pratiques dans le commerce de d\u00e9tail\"  data-wpil-monitor-id=\"9776\">strategies<\/a> that not only improve their sustainability performance but also capitalize on the opportunities that green practices can offer.<\/p>\n\n\n\n<p>Le r\u00f4le des donn\u00e9es dans le conseil en strat\u00e9gie est \u00e9galement appel\u00e9 \u00e0 cro\u00eetre. Avec l\u2019essor du Big Data et des analyses avanc\u00e9es, les consultants en strat\u00e9gie s\u2019appuieront de plus en plus sur des informations bas\u00e9es sur les donn\u00e9es pour \u00e9clairer leurs recommandations. Cela les obligera \u00e0 d\u00e9velopper de solides comp\u00e9tences en analyse de donn\u00e9es et une compr\u00e9hension approfondie des outils d\u2019analyse.<\/p>\n\n\n\n<p>Enfin, \u00e0 mesure que l\u2019\u00e9conomie mondiale devient de plus en plus interconnect\u00e9e, le conseil en strat\u00e9gie devra adopter une perspective plus globale. Cela signifie comprendre les nuances des diff\u00e9rents march\u00e9s et aider les entreprises \u00e0 naviguer dans les complexit\u00e9s des op\u00e9rations internationales.<\/p>","protected":false},"excerpt":{"rendered":"<p>Le conseil en strat\u00e9gie aide les organisations \u00e0 mettre en \u0153uvre des strat\u00e9gies qui rationalisent les op\u00e9rations, am\u00e9liorent les performances et atteignent leurs objectifs commerciaux.<\/p>","protected":false},"author":1,"featured_media":71983,"parent":14567,"menu_order":28,"comment_status":"closed","ping_status":"closed","template":"","meta":{"footnotes":""},"class_list":["post-43035","page","type-page","status-publish","has-post-thumbnail"],"_links":{"self":[{"href":"https:\/\/www.sisinternational.com\/fr\/wp-json\/wp\/v2\/pages\/43035","targetHints":{"allow":["GET"]}}],"collection":[{"href":"https:\/\/www.sisinternational.com\/fr\/wp-json\/wp\/v2\/pages"}],"about":[{"href":"https:\/\/www.sisinternational.com\/fr\/wp-json\/wp\/v2\/types\/page"}],"author":[{"embeddable":true,"href":"https:\/\/www.sisinternational.com\/fr\/wp-json\/wp\/v2\/users\/1"}],"replies":[{"embeddable":true,"href":"https:\/\/www.sisinternational.com\/fr\/wp-json\/wp\/v2\/comments?post=43035"}],"version-history":[{"count":6,"href":"https:\/\/www.sisinternational.com\/fr\/wp-json\/wp\/v2\/pages\/43035\/revisions"}],"predecessor-version":[{"id":81626,"href":"https:\/\/www.sisinternational.com\/fr\/wp-json\/wp\/v2\/pages\/43035\/revisions\/81626"}],"up":[{"embeddable":true,"href":"https:\/\/www.sisinternational.com\/fr\/wp-json\/wp\/v2\/pages\/14567"}],"wp:featuredmedia":[{"embeddable":true,"href":"https:\/\/www.sisinternational.com\/fr\/wp-json\/wp\/v2\/media\/71983"}],"wp:attachment":[{"href":"https:\/\/www.sisinternational.com\/fr\/wp-json\/wp\/v2\/media?parent=43035"}],"curies":[{"name":"wp","href":"https:\/\/api.w.org\/{rel}","templated":true}]}}