{"id":43022,"date":"2023-08-10T17:51:09","date_gmt":"2023-08-10T21:51:09","guid":{"rendered":"https:\/\/www.sisinternational.com\/?page_id=43022"},"modified":"2026-01-26T14:21:54","modified_gmt":"2026-01-26T19:21:54","slug":"etude-de-marche-sur-la-reputation","status":"publish","type":"page","link":"https:\/\/www.sisinternational.com\/fr\/competence\/etude-de-marche-sur-la-reputation\/","title":{"rendered":"\u00c9tude de march\u00e9 sur la r\u00e9putation"},"content":{"rendered":"<h1 class=\"wp-block-heading\">\u00c9tude de march\u00e9 sur la r\u00e9putation<\/h1>\n\n\n\n<figure class=\"gb-block-image gb-block-image-0b1c3435\"><img loading=\"lazy\" decoding=\"async\" width=\"1456\" height=\"816\" class=\"gb-image gb-image-0b1c3435\" src=\"https:\/\/www.sisinternational.com\/wp-content\/uploads\/2025\/08\/Non-profit-3-1.jpg\" alt=\"\u00c9tudes de march\u00e9 et strat\u00e9gie internationales SIS\" title=\"Non profit (3)\" srcset=\"https:\/\/www.sisinternational.com\/wp-content\/uploads\/2025\/08\/Non-profit-3-1.jpg 1456w, https:\/\/www.sisinternational.com\/wp-content\/uploads\/2025\/08\/Non-profit-3-1-300x168.jpg 300w, https:\/\/www.sisinternational.com\/wp-content\/uploads\/2025\/08\/Non-profit-3-1-1024x574.jpg 1024w, https:\/\/www.sisinternational.com\/wp-content\/uploads\/2025\/08\/Non-profit-3-1-768x430.jpg 768w, https:\/\/www.sisinternational.com\/wp-content\/uploads\/2025\/08\/Non-profit-3-1-18x10.jpg 18w\" sizes=\"auto, (max-width: 1456px) 100vw, 1456px\"><\/figure>\n\n\n\n<p><\/p>\n\n\n\n<p>L&#039;\u00e9tude de march\u00e9 sur la r\u00e9putation est une approche qui vise \u00e0 comprendre et \u00e0 \u00e9valuer la position d&#039;une entreprise aux yeux de ses parties prenantes (clients, employ\u00e9s ou investisseurs). Ce type de recherche fournit des informations essentielles sur la perception du public, aidant ainsi les entreprises \u00e0 \u00e9laborer efficacement des strat\u00e9gies pour leurs op\u00e9rations, leurs communications et leurs efforts de marketing.<\/p>\n\n\n\n<p>Les \u00e9tudes de march\u00e9 sur la r\u00e9putation ne concernent pas seulement la gestion de crise : c&#039;est une approche strat\u00e9gique qui donne aux entreprises une vision globale de leur perception du public. C&#039;est comme un bilan de sant\u00e9 de l&#039;image d&#039;une entreprise, en surveillant les \u00e9l\u00e9ments vitaux de l&#039;opinion publique et le sentiment des parties prenantes pour am\u00e9liorer la perception de l&#039;entreprise.<\/p>\n\n\n\n<h2 class=\"wp-block-heading\">L\u2019importance de l\u2019\u00e9tude de march\u00e9 sur la r\u00e9putation<\/h2>\n\n\n\n<p>L&#039;\u00e9tude de march\u00e9 sur la r\u00e9putation est un outil essentiel pour \u00e9valuer et g\u00e9rer l&#039;image et la perception d&#039;une entreprise. Elle permet aux organisations d&#039;identifier, de comprendre et de r\u00e9pondre de mani\u00e8re proactive aux sentiments de leurs parties prenantes. Cela contribue \u00e0 d\u00e9velopper une image de marque positive, \u00e0 fid\u00e9liser la client\u00e8le et \u00e0 g\u00e9n\u00e9rer un avantage concurrentiel, en particulier \u00e0 une \u00e9poque o\u00f9 la r\u00e9putation de l&#039;entreprise a \u00e9t\u00e9 endommag\u00e9e.<\/p>\n\n\n\n<p>Par exemple, Nike, le g\u00e9ant mondial du sportswear, a toujours donn\u00e9 la priorit\u00e9 \u00e0 sa r\u00e9putation. \u00c0 la fin des ann\u00e9es 1990 et au d\u00e9but des ann\u00e9es 2000, Nike a fait l\u2019objet d\u2019un examen public intense en raison d\u2019all\u00e9gations de mauvaises conditions de travail dans ses usines \u00e0 l\u2019\u00e9tranger. La r\u00e9putation de Nike en a pris un coup et ils ont r\u00e9alis\u00e9 l&#039;importance des \u00e9tudes de march\u00e9 sur la r\u00e9putation pour r\u00e9soudre ces probl\u00e8mes.<\/p>\n\n\n\n<p>Le <a href=\"https:\/\/www.sisinternational.com\/fr\/competence\/cv-dexperience\/recherche-de-marque\/\" title=\"Soci\u00e9t\u00e9 de recherche de marque\"  data-wpil-monitor-id=\"9472\">company conducted extensive research<\/a>, gathering feedback from various stakeholders, including employees, consumers, and rights activists. Based on these insights, Nike implemented significant changes in their supply chain, improved their factory conditions, and initiated transparency efforts by publicly sharing their factory list. These strategic decisions, driven by reputation market research, not only improved their public perception but also reinforced their commitment to corporate responsibility.<\/p>\n\n\n\n<h2 class=\"wp-block-heading\">Le processus de r\u00e9alisation d\u2019une \u00e9tude de march\u00e9 sur la r\u00e9putation<\/h2>\n\n\n\n<p>Le processus de r\u00e9alisation d\u2019une \u00e9tude de march\u00e9 sur la r\u00e9putation vise \u00e0 d\u00e9couvrir la fa\u00e7on dont une entreprise est per\u00e7ue par ses parties prenantes.<\/p>\n\n\n\n<p>La premi\u00e8re \u00e9tape de la recherche consiste \u00e0 d\u00e9finir la port\u00e9e de l\u2019ensemble de la recherche. Cela implique d\u2019identifier les principales parties prenantes, de d\u00e9finir les objectifs de la recherche et de d\u00e9cider quels aspects de la r\u00e9putation sont cruciaux \u00e0 prendre en compte.<\/p>\n\n\n\n<p>The next step is the selection of research methods. Reputation market research can employ both qualitative and quantitative methods. Qualitative methods, like in-depth interviews or focus groups, provide rich, detailed insights into stakeholder perceptions. On the other hand, <a href=\"https:\/\/www.sisinternational.com\/fr\/sis-application-of-quantitative-data-analytics-to-sensory-testing\/\" title=\"SIS Application of Quantitative Data Analytics to Sensory Testing\"  data-wpil-monitor-id=\"9475\">quantitative methods like surveys provide numerical data<\/a> that can be statistically analyzed.<\/p>\n\n\n\n<p>Later, <a href=\"https:\/\/www.sisinternational.com\/fr\/couverture\/leurope-%ef%83%97\/etude-de-marche-liverpool-royaume-uni\/\" title=\"\u00c9tude de march\u00e9 \u00e0 Liverpool | Groupes de discussion et collecte de donn\u00e9es au Royaume-Uni\"  data-wpil-monitor-id=\"9471\">researchers will focus on collecting data<\/a>, gathering information from various sources such as customer feedback, employee reviews, media coverage, and social media posts. At this stage, the <a href=\"https:\/\/www.sisinternational.com\/fr\/solutions\/conseil-en-strategie\/analyse-des-donnees\/\" title=\"Soci\u00e9t\u00e9 d&#039;analyse de donn\u00e9es\"  data-wpil-monitor-id=\"9478\">company must ensure that the data<\/a> collected is representative of its stakeholder groups.<\/p>\n\n\n\n<p>Then, researchers analyze the data to identify patterns, trends, and significant insights about the company&#8217;s reputation and compile the results in a comprehensive report. This report should not only present the findings but also offer strategic recommendations for reputation <a href=\"https:\/\/www.sisinternational.com\/fr\/la-gestion-de-marque-dans-les-tendances-et-enjeux-du-21eme-siecle\/\" title=\"Recherche sur la gestion de marque\"  data-wpil-monitor-id=\"9473\">management based on the research<\/a> results.<\/p>\n\n\n\n<h2 class=\"wp-block-heading\">Avantages<\/h2>\n\n\n\n<p>L\u2019importance strat\u00e9gique des \u00e9tudes de march\u00e9 sur la r\u00e9putation va au-del\u00e0 de la simple compr\u00e9hension de la perception du public. Elle contribue de mani\u00e8re significative au succ\u00e8s d\u2019une entreprise de diverses mani\u00e8res.<\/p>\n\n\n\n<ul class=\"wp-block-list\">\n<li><strong>Confiance et fid\u00e9lit\u00e9 am\u00e9lior\u00e9es des clients\u00a0:<\/strong> En comprenant les sentiments et les attentes des clients, les entreprises peuvent prendre des d\u00e9cisions \u00e9clair\u00e9es pour r\u00e9pondre \u00e0 leurs besoins et pr\u00e9occupations. Cette transparence favorise la confiance, construit des relations plus solides avec les clients et am\u00e9liore la fid\u00e9lit\u00e9 \u00e0 la marque.<\/li>\n\n\n\n<li><strong>Image publique am\u00e9lior\u00e9e et gestion des crises\u00a0:<\/strong> <a href=\"https:\/\/www.sisinternational.com\/fr\/competence\/les-industries\/etude-de-marche-en-quincaillerie\/\" title=\"\u00c9tude de march\u00e9 sur les quincailleries et la r\u00e9novation domiciliaire\"  data-wpil-monitor-id=\"5944\">Reputation market research<\/a> helps businesses understand their image in the public eye. By identifying potential threats and vulnerabilities in their reputation, companies can address these issues, mitigating risks and managing crises more effectively.<\/li>\n\n\n\n<li><strong>Augmentation des ventes et de la fid\u00e9lisation des clients\u00a0:<\/strong> A positive reputation can directly impact a company&#8217;s bottom line. Consumers are more likely to purchase from and remain loyal to, companies that they perceive positively. By utilizing Reputation market research, businesses can strategize to enhance their reputation and, subsequently, <a href=\"https:\/\/www.sisinternational.com\/fr\/analyse-de-la-satisfaction-client\/\" title=\"8 fa\u00e7ons d&#039;augmenter la satisfaction des clients dans le commerce de d\u00e9tail\"  data-wpil-monitor-id=\"9477\">boost sales and customer<\/a> retention.<\/li>\n\n\n\n<li><strong>De meilleures relations avec les investisseurs\u00a0:<\/strong> Les investisseurs sont attir\u00e9s par les entreprises jouissant d\u2019une solide r\u00e9putation. Ce type de recherche fournit des informations qui peuvent \u00eatre exploit\u00e9es pour b\u00e2tir une image forte aupr\u00e8s de la communaut\u00e9 des investisseurs, attirant davantage d&#039;investissements et soutenant la croissance de l&#039;entreprise.<\/li>\n<\/ul>\n\n\n\n<h2 class=\"wp-block-heading\">D\u00e9fis<\/h2>\n\n\n\n<p>Voici quelques d\u00e9fis cl\u00e9s que les entreprises peuvent rencontrer pour mener des \u00e9tudes de march\u00e9 sur la r\u00e9putation\u00a0:<\/p>\n\n\n\n<ul class=\"wp-block-list\">\n<li><strong>Mesurer les actifs incorporels\u00a0:<\/strong> La r\u00e9putation est difficile \u00e0 quantifier et \u00e0 mesurer avec pr\u00e9cision. Contrairement aux actifs corporels, il n\u2019existe pas de mesures standard pour \u00e9valuer la r\u00e9putation, ce qui en fait une entreprise complexe qui n\u00e9cessite une approche multidimensionnelle.<\/li>\n\n\n\n<li><strong>Assurer la repr\u00e9sentativit\u00e9 des donn\u00e9es\u00a0:<\/strong> Un d\u00e9fi important dans les \u00e9tudes de march\u00e9 sur la r\u00e9putation consiste \u00e0 garantir que les donn\u00e9es collect\u00e9es sont repr\u00e9sentatives de tous les groupes de parties prenantes. Tout biais dans les donn\u00e9es pourrait conduire \u00e0 des r\u00e9sultats fauss\u00e9s et \u00e0 des informations trompeuses.<\/li>\n\n\n\n<li><strong>La perception du public en \u00e9volution rapide\u00a0:<\/strong> L&#039;opinion publique n&#039;est pas statique ; il peut changer rapidement en r\u00e9ponse \u00e0 divers facteurs. Suivre ces changements et garantir que la recherche refl\u00e8te la perception la plus actuelle du public peut \u00eatre une entreprise difficile.<\/li>\n\n\n\n<li><strong>Surmonter les pr\u00e9jug\u00e9s n\u00e9gatifs\u00a0:<\/strong> Les exp\u00e9riences n\u00e9gatives g\u00e9n\u00e8rent souvent plus de r\u00e9ponses que les exp\u00e9riences positives. Ce biais n\u00e9gatif peut fausser les r\u00e9sultats de la recherche, rendant difficile une compr\u00e9hension \u00e9quilibr\u00e9e de la r\u00e9putation de l\u2019entreprise.<\/li>\n<\/ul>\n\n\n\n<h2 class=\"wp-block-heading\">Tendances actuelles des \u00e9tudes de march\u00e9 sur la r\u00e9putation<\/h2>\n\n\n\n<p>Alors que nous naviguons dans l\u2019\u00e8re num\u00e9rique, les \u00e9tudes de march\u00e9 sur la r\u00e9putation continuent d\u2019\u00e9voluer, en adoptant de nouvelles techniques et tendances pour suivre le rythme de l\u2019\u00e9volution rapide de l\u2019environnement commercial. Voici quelques tendances actuelles qui fa\u00e7onnent ce domaine\u00a0:<\/p>\n\n\n\n<ul class=\"wp-block-list\">\n<li><strong>Analyse des sentiments sur les r\u00e9seaux sociaux\u00a0:<\/strong> Avec l\u2019explosion des m\u00e9dias sociaux, les entreprises ont d\u00e9sormais acc\u00e8s \u00e0 une multitude d\u2019opinions publiques non filtr\u00e9es. L&#039;analyse des sentiments, ou le processus de d\u00e9termination du ton \u00e9motionnel derri\u00e8re les mots, est de plus en plus utilis\u00e9e pour analyser le contenu des m\u00e9dias sociaux et comprendre la perception du public d&#039;une marque.<\/li>\n\n\n\n<li><strong>Utilisation du Big Data et de l&#039;IA\u00a0:<\/strong> L\u2019\u00e9norme volume de donn\u00e9es disponibles peut \u00eatre \u00e9crasant. Par cons\u00e9quent, le recours \u00e0 l\u2019analyse du Big Data et \u00e0 l\u2019IA est en augmentation pour g\u00e9rer et analyser ces donn\u00e9es plus efficacement. Les algorithmes d\u2019apprentissage automatique peuvent passer au crible de grandes quantit\u00e9s de donn\u00e9es pour identifier des mod\u00e8les et des tendances, fournissant ainsi aux entreprises des informations pr\u00e9cieuses sur leur r\u00e9putation.<\/li>\n\n\n\n<li><strong>Surveillance en temps r\u00e9el:<\/strong> In today&#8217;s fast-paced world, a company&#8217;s reputation can change overnight. Real-time monitoring tools allow businesses to <a href=\"https:\/\/www.sisinternational.com\/fr\/competence\/les-industries\/etude-de-marche-sur-le-suivi-de-la-reputation\/\" title=\"\u00c9tude de march\u00e9 sur le suivi de la r\u00e9putation\"  data-wpil-monitor-id=\"9474\">track changes in their reputation<\/a> as they occur, enabling them to respond promptly to any potential threats or opportunities.<\/li>\n\n\n\n<li><strong>Int\u00e9gration des mesures de r\u00e9putation dans les KPI commerciaux\u00a0:<\/strong> De plus en plus d\u2019entreprises int\u00e8grent des mesures de r\u00e9putation dans leurs indicateurs cl\u00e9s de performance (KPI). Cela permet d\u2019aligner les efforts de gestion de la r\u00e9putation sur des objectifs commerciaux plus larges et souligne l\u2019importance d\u2019une bonne r\u00e9putation pour la r\u00e9ussite globale de l\u2019entreprise.<\/li>\n<\/ul>\n\n\n\n<h2 class=\"wp-block-heading\">Perspectives de l\u2019\u00e9tude de march\u00e9 sur la r\u00e9putation<\/h2>\n\n\n\n<p>L\u2019avenir des \u00e9tudes de march\u00e9 sur la r\u00e9putation s\u2019annonce prometteur \u00e0 mesure que les entreprises continuent de reconna\u00eetre son importance strat\u00e9gique. Voici un aper\u00e7u des tendances et opportunit\u00e9s futures que nous pouvons anticiper\u00a0:<\/p>\n\n\n\n<ul class=\"wp-block-list\">\n<li><strong>Une plus grande adoption de l\u2019IA et de l\u2019apprentissage automatique\u00a0:<\/strong> \u00c0 mesure que les entreprises obtiennent de plus grands volumes de donn\u00e9es, le r\u00f4le de l\u2019IA et de l\u2019apprentissage automatique dans l\u2019analyse de ces donn\u00e9es deviendra encore plus crucial. Ces technologies permettront une analyse plus sophistiqu\u00e9e, une d\u00e9tection pr\u00e9cise des sentiments et une pr\u00e9diction des tendances en mati\u00e8re de r\u00e9putation.<\/li>\n\n\n\n<li><strong>Importance croissante de la r\u00e9putation de l\u2019employeur\u00a0:<\/strong> As the <a href=\"https:\/\/www.sisinternational.com\/fr\/societe-de-veille-concurrentielle-de-premier-plan\/\" title=\"Meilleure soci\u00e9t\u00e9 de veille concurrentielle\"  data-wpil-monitor-id=\"9476\">competition for top<\/a> talent intensifies, employer reputation will become increasingly important. Businesses will use Reputation Market Research to understand and improve their reputation as employers, helping them attract and retain the best talent.<\/li>\n\n\n\n<li><strong>Accent accru sur les pratiques \u00e9thiques et durables\u00a0:<\/strong> \u00c0 mesure que les consommateurs deviennent plus socialement conscients, les pratiques \u00e9thiques et durables des entreprises joueront un r\u00f4le plus important dans l\u2019\u00e9laboration de leur r\u00e9putation. Les \u00e9tudes de march\u00e9 sur la r\u00e9putation seront essentielles pour comprendre et r\u00e9pondre \u00e0 ces attentes.<\/li>\n\n\n\n<li><strong>Int\u00e9gration avec d&#039;autres fonctions commerciales\u00a0:<\/strong> Les \u00e9tudes de march\u00e9 sur la r\u00e9putation seront davantage int\u00e9gr\u00e9es aux autres fonctions commerciales, \u00e9clairant ainsi les d\u00e9cisions dans des domaines tels que le d\u00e9veloppement de produits, le marketing et la responsabilit\u00e9 sociale des entreprises. Cela garantira une approche plus coordonn\u00e9e de la gestion de la r\u00e9putation dans l\u2019ensemble de l\u2019entreprise.<\/li>\n<\/ul>","protected":false},"excerpt":{"rendered":"<p>Les entreprises ont besoin d\u2019\u00e9tudes de march\u00e9 sur leur r\u00e9putation pour comprendre la perception du public. La fid\u00e9lit\u00e9 et l\u2019image de marque positive prot\u00e8gent la r\u00e9putation de l\u2019entreprise.<\/p>","protected":false},"author":1,"featured_media":62995,"parent":14514,"menu_order":323,"comment_status":"closed","ping_status":"closed","template":"","meta":{"footnotes":""},"class_list":["post-43022","page","type-page","status-publish","has-post-thumbnail"],"_links":{"self":[{"href":"https:\/\/www.sisinternational.com\/fr\/wp-json\/wp\/v2\/pages\/43022","targetHints":{"allow":["GET"]}}],"collection":[{"href":"https:\/\/www.sisinternational.com\/fr\/wp-json\/wp\/v2\/pages"}],"about":[{"href":"https:\/\/www.sisinternational.com\/fr\/wp-json\/wp\/v2\/types\/page"}],"author":[{"embeddable":true,"href":"https:\/\/www.sisinternational.com\/fr\/wp-json\/wp\/v2\/users\/1"}],"replies":[{"embeddable":true,"href":"https:\/\/www.sisinternational.com\/fr\/wp-json\/wp\/v2\/comments?post=43022"}],"version-history":[{"count":5,"href":"https:\/\/www.sisinternational.com\/fr\/wp-json\/wp\/v2\/pages\/43022\/revisions"}],"predecessor-version":[{"id":81582,"href":"https:\/\/www.sisinternational.com\/fr\/wp-json\/wp\/v2\/pages\/43022\/revisions\/81582"}],"up":[{"embeddable":true,"href":"https:\/\/www.sisinternational.com\/fr\/wp-json\/wp\/v2\/pages\/14514"}],"wp:featuredmedia":[{"embeddable":true,"href":"https:\/\/www.sisinternational.com\/fr\/wp-json\/wp\/v2\/media\/62995"}],"wp:attachment":[{"href":"https:\/\/www.sisinternational.com\/fr\/wp-json\/wp\/v2\/media?parent=43022"}],"curies":[{"name":"wp","href":"https:\/\/api.w.org\/{rel}","templated":true}]}}