{"id":43014,"date":"2023-08-10T16:09:31","date_gmt":"2023-08-10T20:09:31","guid":{"rendered":"https:\/\/www.sisinternational.com\/?page_id=43014"},"modified":"2026-01-25T19:30:53","modified_gmt":"2026-01-26T00:30:53","slug":"etude-de-marche-a-tallahassee-en-floride","status":"publish","type":"page","link":"https:\/\/www.sisinternational.com\/fr\/couverture\/north-america\/couverture-des-etats-unis\/etude-de-marche-a-tallahassee-en-floride\/","title":{"rendered":"\u00c9tude de march\u00e9 \u00e0 Tallahassee, Floride"},"content":{"rendered":"<h1 class=\"wp-block-heading\">\u00c9tude de march\u00e9 \u00e0 Tallahassee, Floride<\/h1>\n\n\n\n<figure class=\"gb-block-image gb-block-image-fc929c56\"><img loading=\"lazy\" decoding=\"async\" width=\"1456\" height=\"816\" class=\"gb-image gb-image-fc929c56\" src=\"https:\/\/www.sisinternational.com\/wp-content\/uploads\/2025\/09\/Tallahassee-Florida-3.jpg\" alt=\"\u00c9tudes de march\u00e9 et strat\u00e9gie internationales SIS\" title=\"Tallahassee, Florida (3)\" srcset=\"https:\/\/www.sisinternational.com\/wp-content\/uploads\/2025\/09\/Tallahassee-Florida-3.jpg 1456w, https:\/\/www.sisinternational.com\/wp-content\/uploads\/2025\/09\/Tallahassee-Florida-3-300x168.jpg 300w, https:\/\/www.sisinternational.com\/wp-content\/uploads\/2025\/09\/Tallahassee-Florida-3-1024x574.jpg 1024w, https:\/\/www.sisinternational.com\/wp-content\/uploads\/2025\/09\/Tallahassee-Florida-3-768x430.jpg 768w, https:\/\/www.sisinternational.com\/wp-content\/uploads\/2025\/09\/Tallahassee-Florida-3-18x10.jpg 18w\" sizes=\"auto, (max-width: 1456px) 100vw, 1456px\"><\/figure>\n\n\n\n<p><\/p>\n\n\n\n<hr class=\"wp-block-separator has-alpha-channel-opacity is-style-dots\"\/>\n\n\n\n<p>Tallahassee, la capitale de la Floride, offre un environnement commercial complexe qui exige une compr\u00e9hension nuanc\u00e9e. Par cons\u00e9quent, mener une \u00e9tude de march\u00e9 \u00e0 Tallahassee implique un m\u00e9lange de m\u00e9thodologies traditionnelles et d&#039;approches innovantes adapt\u00e9es au tissu d\u00e9mographique, \u00e9conomique et culturel distinctif de la r\u00e9gion.<\/p>\n\n\n\n<p>Alors que les entreprises cherchent \u00e0 prosp\u00e9rer, \u00e0 se d\u00e9velopper ou m\u00eame \u00e0 s&#039;implanter sur le march\u00e9 de Tallahassee, il devient imp\u00e9ratif de d\u00e9coder les subtilit\u00e9s de ses consommateurs, de ses industries et de son paysage concurrentiel.<\/p>\n\n\n\n<p><\/p>\n\n\n\n<div class=\"wp-block-columns has-global-color-9-color has-text-color has-background has-link-color wp-elements-d4049a4b74a0782b113f049cc7e6be00 is-layout-flex wp-container-core-columns-is-layout-9d6595d7 wp-block-columns-is-layout-flex\" style=\"background-color:#f7f9fa6e\">\n<div class=\"wp-block-column is-layout-flow wp-block-column-is-layout-flow\" style=\"flex-basis:18%\"><\/div>\n\n\n\n<div class=\"wp-block-column is-vertically-aligned-center is-layout-flow wp-block-column-is-layout-flow\" style=\"flex-basis:71.28%\">\n<div class=\"wp-block-rank-math-toc-block aligncenter has-global-color-9-color has-text-color has-link-color wp-elements-f397d3e4e1139b2003f0900a83e9a1be\" style=\"font-size:16px\" id=\"rank-math-toc\"><h2><br><strong>T<\/strong>able of Contents<\/h2><nav><ul><li class=\"\"><a href=\"#tallahassee-economic-overview\">Aper\u00e7u \u00e9conomique de Tallahassee<\/a><\/li><li class=\"\"><a href=\"#the-role-of-market-research-in-tallahassee\">Le r\u00f4le des \u00e9tudes de march\u00e9 \u00e0 Tallahassee<\/a><\/li><li class=\"\"><a href=\"#market-research-in-tallahassee-current-trends\">\u00c9tude de march\u00e9 \u00e0 Tallahassee\u00a0: tendances actuelles<\/a><\/li><li class=\"\"><a href=\"#prospects-of-market-research-in-tallahassee\">Perspectives des \u00e9tudes de march\u00e9 \u00e0 Tallahassee<\/a><\/li><\/ul><\/nav><\/div>\n<\/div>\n<\/div>\n\n\n\n<p><\/p>\n\n\n\n<h2 class=\"wp-block-heading\" id=\"tallahassee-economic-overview\">Aper\u00e7u \u00e9conomique de Tallahassee<\/h2>\n\n\n\n<p>Tallahassee pr\u00e9sente un paysage commercial dynamique marqu\u00e9 par un m\u00e9lange diversifi\u00e9 d&#039;industries. Les secteurs cl\u00e9s qui propulsent l&#039;\u00e9conomie de la ville comprennent le gouvernement, l&#039;\u00e9ducation, la sant\u00e9, le commerce, la construction et la technologie.<\/p>\n\n\n\n<p>Le secteur gouvernemental, en raison du statut de Tallahassee en tant que capitale de l&#039;\u00c9tat, contribue de mani\u00e8re significative \u00e0 l&#039;\u00e9conomie locale. La ville abrite plusieurs agences d&#039;\u00c9tat et organes l\u00e9gislatifs, faisant de l&#039;administration publique un secteur vital, notamment le minist\u00e8re de l&#039;\u00c9ducation de Floride et le minist\u00e8re de la Sant\u00e9 de Floride.<\/p>\n\n\n\n<p><a href=\"https:\/\/www.sisinternational.com\/fr\/augmentation-du-secteur-de-leducation-pendant-la-recession\/\" title=\"Augmentation du secteur de l&#039;\u00e9ducation pendant la r\u00e9cession\"  data-wpil-monitor-id=\"2003\">Education is another robust sector<\/a>, with Tallahassee hosting Florida State University, Florida A&amp;M University, and Tallahassee Community College. These institutions not only boost local employment but also contribute to the city&#8217;s educated workforce and innovation potential.<\/p>\n\n\n\n<p>Le secteur de la sant\u00e9, avec d&#039;importants employeurs comme Tallahassee Memorial Healthcare et Capital Regional Medical Center, joue \u00e9galement un r\u00f4le important dans l&#039;\u00e9conomie de la ville.<\/p>\n\n\n\n<p>Ces derni\u00e8res ann\u00e9es, Tallahassee a \u00e9galement connu une croissance dans le secteur technologique, avec une augmentation du nombre de startups technologiques et de p\u00f4les d&#039;innovation. La pr\u00e9sence du Laboratoire national des champs magn\u00e9tiques \u00e9lev\u00e9s et du Parc d&#039;innovation de Tallahassee souligne l&#039;engagement de la ville en faveur de l&#039;innovation technologique.<\/p>\n\n\n\n<p>L&#039;industrie touristique de Tallahassee est \u00e9galement un secteur important \u00e0 consid\u00e9rer avec de riches monuments historiques, culturels et naturels \u2013 et certaines de ses principales attractions touristiques sont le Capitole de l&#039;\u00c9tat de Floride et le Capitole de l&#039;\u00c9tat de Floride, la Mission San Luis de Apalachee, le Mus\u00e9e de Tallahassee, le Mus\u00e9e de Floride. Histoire, parc d&#039;\u00c9tat Alfred B. Maclay Gardens, mus\u00e9e automobile de Tallahassee, entre autres.<\/p>\n\n\n\n<p>Compte tenu de ce paysage commercial diversifi\u00e9, les \u00e9tudes de march\u00e9 \u00e0 Tallahassee constituent un instrument essentiel permettant aux entreprises de naviguer dans l&#039;\u00e9conomie locale, de comprendre les tendances du secteur et de prendre des d\u00e9cisions strat\u00e9giques \u00e9clair\u00e9es qui aident les entreprises \u00e0 consolider leur pr\u00e9sence dans cette ville en pleine croissance.<\/p>\n\n\n\n<h2 class=\"wp-block-heading\" id=\"the-role-of-market-research-in-tallahassee\">Le r\u00f4le des \u00e9tudes de march\u00e9 \u00e0 Tallahassee<\/h2>\n\n\n\n<figure class=\"gb-block-image gb-block-image-4c4a2284\"><img loading=\"lazy\" decoding=\"async\" width=\"1456\" height=\"816\" class=\"gb-image gb-image-4c4a2284\" src=\"https:\/\/www.sisinternational.com\/wp-content\/uploads\/2025\/09\/Tallahassee-Florida-4.jpg\" alt=\"\u00c9tude de march\u00e9 \u00e0 Tallahassee, Floride\" title=\"Tallahassee, Florida (4)\" srcset=\"https:\/\/www.sisinternational.com\/wp-content\/uploads\/2025\/09\/Tallahassee-Florida-4.jpg 1456w, https:\/\/www.sisinternational.com\/wp-content\/uploads\/2025\/09\/Tallahassee-Florida-4-300x168.jpg 300w, https:\/\/www.sisinternational.com\/wp-content\/uploads\/2025\/09\/Tallahassee-Florida-4-1024x574.jpg 1024w, https:\/\/www.sisinternational.com\/wp-content\/uploads\/2025\/09\/Tallahassee-Florida-4-768x430.jpg 768w, https:\/\/www.sisinternational.com\/wp-content\/uploads\/2025\/09\/Tallahassee-Florida-4-18x10.jpg 18w\" sizes=\"auto, (max-width: 1456px) 100vw, 1456px\" \/><\/figure>\n\n\n\n<p><\/p>\n\n\n\n<p>En fournissant des informations approfondies sur le comportement des consommateurs, les tendances du march\u00e9 et la dynamique du secteur, les \u00e9tudes de march\u00e9 \u00e0 Tallahassee aident les entreprises \u00e0 prendre des d\u00e9cisions fond\u00e9es sur les donn\u00e9es et \u00e0 \u00e9laborer des strat\u00e9gies efficaces.<\/p>\n\n\n\n<p>Here are some of the <a href=\"https:\/\/www.sisinternational.com\/fr\/couverture\/les-ameriques\/couverture-des-etats-unis\/etude-de-marche-a-key-west-en-floride\/\" title=\"\u00c9tude de march\u00e9 \u00e0 Key West, Floride\"  data-wpil-monitor-id=\"3996\">key ways market research<\/a> contributes to Tallahassee&#8217;s business landscape:<\/p>\n\n\n\n<ul class=\"wp-block-list\">\n<li><strong>Identifier les opportunit\u00e9s commerciales\u00a0:<\/strong> Les \u00e9tudes de march\u00e9 \u00e0 Tallahassee aident \u00e0 identifier les lacunes du march\u00e9, les besoins \u00e9mergents des consommateurs et les domaines de croissance potentielle au sein des industries de la ville. Ces informations peuvent guider les entreprises dans le lancement de nouveaux produits, la p\u00e9n\u00e9tration de nouveaux march\u00e9s ou l&#039;affinement de leurs offres \u00e0 Tallahassee.<\/li>\n\n\n\n<li><strong>Comprendre la concurrence\u00a0:<\/strong> Dans l&#039;environnement commercial concurrentiel de Tallahassee, comprendre les forces et les faiblesses des concurrents peut donner aux entreprises un avantage significatif. Les \u00e9tudes de march\u00e9 fournissent cette veille concurrentielle, permettant aux entreprises de diff\u00e9rencier leurs offres et de d\u00e9velopper des strat\u00e9gies concurrentielles.<\/li>\n\n\n\n<li><strong>Aper\u00e7u du comportement des consommateurs\u00a0:<\/strong> Comprendre les pr\u00e9f\u00e9rences, les comportements d\u2019achat et les attitudes des consommateurs est crucial pour les entreprises. Les \u00e9tudes de march\u00e9 \u00e0 Tallahassee offrent ces informations, permettant aux entreprises d&#039;adapter leurs produits, leurs strat\u00e9gies marketing et leur service client pour r\u00e9pondre aux attentes des consommateurs.<\/li>\n\n\n\n<li><strong>\u00c9valuation des performances de l&#039;entreprise\u00a0:<\/strong> Les entreprises peuvent utiliser les \u00e9tudes de march\u00e9 pour \u00e9valuer leurs performances, mesurer l\u2019impact de leurs strat\u00e9gies et \u00e9valuer la satisfaction des clients. Cela peut \u00e9clairer les am\u00e9liorations commerciales et les ajustements de strat\u00e9gie.<\/li>\n<\/ul>\n\n\n\n<p><\/p>\n\n\n\n<!DOCTYPE html>\n<html lang=\"en\">\n<head>\n    <meta charset=\"UTF-8\">\n    <meta name=\"viewport\" content=\"width=device-width, initial-scale=1.0\">\n    <title>Tallahassee, FL Market Data<\/title>\n    <style>\n        \/* Responsive Table & SIS International-inspired Styling\n          - Uses corporate blue and a clean, sans-serif font.\n          - Fully responsive design ensures no page distortion on any device.\n        *\/\n        \n        .sis-table-container {\n            font-family: -apple-system, BlinkMacSystemFont, \"Segoe UI\", Roboto, Helvetica, Arial, sans-serif;\n            margin: 2em 0;\n            width: 100%;\n            \/* Allows horizontal scroll on small screens to prevent page distortion *\/\n            overflow-x: auto;\n            -webkit-overflow-scrolling: touch; \/* Smooth scrolling on iOS *\/\n        }\n\n        .sis-table-container h3 {\n            font-size: 1.5rem; \/* 24px *\/\n            font-weight: 600;\n            color: #333;\n            margin-bottom: 0.75em;\n            padding: 0;\n        }\n\n        .sis-table {\n            width: 100%;\n            border-collapse: collapse;\n            min-width: 550px; \/* Ensures table structure holds, container scrolls if needed *\/\n        }\n\n        .sis-table th,\n        .sis-table td {\n            padding: 12px 15px;\n            text-align: left;\n            line-height: 1.5;\n        }\n\n        \/* Header Styling *\/\n        .sis-table thead th {\n            background-color: #005cbf; \/* SIS corporate blue *\/\n            color: #ffffff;\n            font-weight: 600;\n            font-size: 0.9rem; \n            text-transform: uppercase;\n            letter-spacing: 0.5px;\n        }\n\n        \/* Body Styling *\/\n        .sis-table tbody tr {\n            border-bottom: 1px solid #ddd;\n        }\n\n        .sis-table tbody tr:nth-of-type(even) {\n            background-color: #f8f8f8; \/* Light gray alternate rows *\/\n        }\n\n        .sis-table tbody tr:last-of-type {\n            border-bottom: 2px solid #005cbf; \/* Match header blue *\/\n        }\n\n        .sis-table td {\n            color: #444;\n            font-size: 0.95rem; \n            vertical-align: top;\n        }\n        \n        \/* Align data cells *\/\n        .sis-table td:nth-child(2) {\n            text-align: right;\n            white-space: nowrap; \/* Prevents long numbers from wrapping *\/\n        }\n         .sis-table th:nth-child(2) {\n            text-align: right;\n        }\n\n        .sis-table-container .source-caption {\n            margin-top: 10px;\n            font-size: 0.85rem; \n            color: #555;\n            font-style: italic;\n        }\n\n        .sis-table-container .source-caption a {\n            color: #005cbf; \/* Match brand blue *\/\n            text-decoration: none;\n        }\n\n        .sis-table-container .source-caption a:hover {\n            text-decoration: underline;\n        }\n    <\/style>\n<\/head>\n<body>\n\n    <!-- \n      HTML for WordPress:\n      Copy and paste the code from .sis-table-container start to end into a Custom HTML block.\n    -->\n    <div class=\"sis-table-container\">\n        \n        <h3>Tallahassee (Leon County) Key Economic and Demographic Indicators<\/h3>\n\n        <table class=\"sis-table\">\n            <thead>\n                <tr>\n                    <th>Indicator<\/th>\n                    <th>Value (Recent Estimate)<\/th>\n                <\/tr>\n            <\/thead>\n            <tbody>\n                <tr>\n                    <td>Leon County Population<\/td>\n                    <td>~300,000<\/td>\n                <\/tr>\n                <tr>\n                    <td>Population with Bachelor&#8217;s Degree or Higher<\/td>\n                    <td>~48%<\/td>\n                <\/tr>\n                <tr>\n                    <td>Median Household Income<\/td>\n                    <td>~$65,000<\/td>\n                <\/tr>\n                 <tr>\n                    <td>Employment in Government Sector<\/td>\n                    <td>~30% of Total Employment<\/td>\n                <\/tr>\n                 <tr>\n                    <td>Student Population (FSU &#038; FAMU)<\/td>\n                    <td>Exceeding 50,000<\/td>\n                <\/tr>\n            <\/tbody>\n        <\/table>\n\n        <p class=\"source-caption\">\n             Source: Data derived from the <a href=\"https:\/\/www.census.gov\/quickfacts\/fact\/table\/leoncountyflorida\/PST045223\" target=\"_blank\" rel=\"noopener noreferrer\">U.S. Census Bureau QuickFacts<\/a> et <a href=\"https:\/\/data.bls.gov\/pdq\/querytool.jsp?survey=la\" target=\"_blank\" rel=\"noopener noreferrer\">Bureau of Labor Statistics (BLS)<\/a>, focused on recent periods.\n        <\/p>\n\n    <\/div>\n\n<\/body>\n<\/html>\n\n\n\n<h2 class=\"wp-block-heading\" id=\"market-research-in-tallahassee-current-trends\">\u00c9tude de march\u00e9 \u00e0 Tallahassee\u00a0: tendances actuelles<\/h2>\n\n\n\n<ul class=\"wp-block-list\">\n<li><strong>Transformation num\u00e9rique\u00a0:<\/strong> Avec l&#039;essor des startups technologiques et l&#039;adoption de solutions num\u00e9riques dans tous les secteurs, les \u00e9tudes de march\u00e9 \u00e0 Tallahassee se concentrent de plus en plus sur la compr\u00e9hension des comportements des consommateurs num\u00e9riques, des march\u00e9s en ligne et de l&#039;impact de la transformation num\u00e9rique sur divers secteurs tels que la construction et la sant\u00e9.<\/li>\n\n\n\n<li><strong>Recherche sur la durabilit\u00e9\u00a0:<\/strong> Compte tenu de l&#039;int\u00e9r\u00eat croissant des consommateurs pour le d\u00e9veloppement durable et de la mont\u00e9e en puissance des entreprises respectueuses de l&#039;environnement \u00e0 Tallahassee, les \u00e9tudes de march\u00e9 s&#039;orientent vers la compr\u00e9hension des attitudes des consommateurs \u00e0 l&#039;\u00e9gard du d\u00e9veloppement durable, du potentiel commercial des produits respectueux de l&#039;environnement et de l&#039;impact des initiatives vertes sur la perception de la marque.<\/li>\n\n\n\n<li><strong>Aper\u00e7u du secteur de l\u2019\u00e9ducation\u00a0:<\/strong> Avec les grandes universit\u00e9s de la ville, la recherche sur les tendances des \u00e9tudiants, la viabilit\u00e9 commerciale des programmes universitaires et l&#039;avenir de l&#039;enseignement sup\u00e9rieur est tr\u00e8s demand\u00e9e.<\/li>\n\n\n\n<li><strong>Importance \u00e9cologique et agricole\u00a0:<\/strong> Avec de vastes espaces verts, des parcs et des r\u00e9gions c\u00f4ti\u00e8res \u00e0 proximit\u00e9, l&#039;accent est de plus en plus mis sur les pratiques durables, l&#039;agrotourisme et les produits et services respectueux de l&#039;environnement.<\/li>\n\n\n\n<li><strong>Recherche dans le secteur public\u00a0:<\/strong> Compte tenu du r\u00f4le de Tallahassee en tant que capitale de l&#039;\u00c9tat, il existe une demande constante de recherches li\u00e9es aux politiques publiques, aux services publics et \u00e0 l&#039;impact des changements l\u00e9gislatifs sur diverses industries.<\/li>\n\n\n\n<li><strong>Analyse du march\u00e9 immobilier\u00a0:<\/strong> With fluctuations in the housing market and development projects in the city, <a href=\"https:\/\/www.sisinternational.com\/fr\/competence\/les-industries\/etude-de-marche-de-limmobilier-commercial\/\" title=\"\u00c9tude de march\u00e9 de l\u2019immobilier commercial\" data-wpil-monitor-id=\"5686\">market research focusing on real estate<\/a> trends, housing demands, and the impact of urban development is prominent.<\/li>\n<\/ul>\n\n\n\n<h2 class=\"wp-block-heading\" id=\"prospects-of-market-research-in-tallahassee\">Perspectives des \u00e9tudes de march\u00e9 \u00e0 Tallahassee<\/h2>\n\n\n\n<figure class=\"gb-block-image gb-block-image-095bd72b\"><img loading=\"lazy\" decoding=\"async\" width=\"1456\" height=\"816\" class=\"gb-image gb-image-095bd72b\" src=\"https:\/\/www.sisinternational.com\/wp-content\/uploads\/2025\/09\/Tallahassee-Florida-5.jpg\" alt=\"\u00c9tude de march\u00e9 \u00e0 Tallahassee, Floride\" title=\"Tallahassee, Florida (5)\" srcset=\"https:\/\/www.sisinternational.com\/wp-content\/uploads\/2025\/09\/Tallahassee-Florida-5.jpg 1456w, https:\/\/www.sisinternational.com\/wp-content\/uploads\/2025\/09\/Tallahassee-Florida-5-300x168.jpg 300w, https:\/\/www.sisinternational.com\/wp-content\/uploads\/2025\/09\/Tallahassee-Florida-5-1024x574.jpg 1024w, https:\/\/www.sisinternational.com\/wp-content\/uploads\/2025\/09\/Tallahassee-Florida-5-768x430.jpg 768w, https:\/\/www.sisinternational.com\/wp-content\/uploads\/2025\/09\/Tallahassee-Florida-5-18x10.jpg 18w\" sizes=\"auto, (max-width: 1456px) 100vw, 1456px\" \/><\/figure>\n\n\n\n<p><\/p>\n\n\n\n<p>\u00c0 mesure que Tallahassee \u00e9volue, les entreprises prennent conscience des opportunit\u00e9s int\u00e9ressantes que la ville a \u00e0 offrir. Voici quelques-uns des aspects les plus prometteurs selon une \u00e9tude de march\u00e9 r\u00e9alis\u00e9e \u00e0 Tallahassee\u00a0:<\/p>\n\n\n\n<ul class=\"wp-block-list\">\n<li><strong>Tapisserie d\u00e9mographique diversifi\u00e9e\u00a0:<\/strong> Le m\u00e9lange unique d&#039;\u00e9tudiants, de professionnels, de retrait\u00e9s et de familles de Tallahassee offrira toujours une riche palette aux entreprises. La diversit\u00e9 d\u00e9mographique de la ville offre une grande marge de man\u0153uvre pour des strat\u00e9gies de ciblage et de segmentation de niche.<\/li>\n\n\n\n<li><strong>Educational and <a href=\"https:\/\/www.sisinternational.com\/fr\/couverture\/les-ameriques\/couverture-des-etats-unis\/etude-de-marche-a-tampa-en-floride\/\" title=\"\u00c9tude de march\u00e9 \u00e0 Tampa, Floride\" data-wpil-monitor-id=\"4134\">Recherche<\/a> Institutions:<\/strong> Abritant des institutions r\u00e9put\u00e9es comme la Florida State University et la Florida A&amp;M University, la ville est un creuset de recherche, d&#039;innovation et d&#039;une population mill\u00e9naire f\u00e9ru de technologie. Cela cr\u00e9e des perspectives pour les entreprises ciblant les outils p\u00e9dagogiques, les produits technologiques et les services centr\u00e9s sur les \u00e9tudiants.<\/li>\n\n\n\n<li><strong>Paysage commercial en \u00e9volution\u00a0:<\/strong> Avec l&#039;augmentation du nombre de startups, de p\u00f4les technologiques et d&#039;espaces de coworking, il existe une demande croissante de solutions B2B, de d\u00e9veloppement d&#039;infrastructures et de services au niveau de l&#039;entreprise.<\/li>\n\n\n\n<li><strong>Capitale culturelle:<\/strong> Des festivals de musique aux expositions d&#039;art, la sc\u00e8ne culturelle dynamique de Tallahassee constitue un march\u00e9 m\u00fbr pour les secteurs du divertissement, de l&#039;h\u00f4tellerie et du tourisme.<\/li>\n\n\n\n<li><strong>Emplacement strat\u00e9gique\u00a0:<\/strong> Situ\u00e9e dans le Florida Panhandle, l&#039;emplacement de Tallahassee en fait un point d&#039;entr\u00e9e strat\u00e9gique pour les entreprises souhaitant s&#039;\u00e9tendre davantage en Floride ou m\u00eame dans les \u00c9tats voisins.<\/li>\n\n\n\n<li><strong>Immobilier et d\u00e9veloppement urbain\u00a0:<\/strong> Avec une population croissante et l\u2019\u00e9talement urbain, la demande de logements, d\u2019espaces commerciaux et de d\u00e9veloppement d\u2019infrastructures augmente. Les \u00e9tudes de march\u00e9 peuvent r\u00e9v\u00e9ler les tendances, les pr\u00e9f\u00e9rences et les domaines de croissance potentiels dans ce secteur.<\/li>\n\n\n\n<li><strong>\u00c9picentre gouvernemental et politique\u00a0:<\/strong> En tant que capitale de l&#039;\u00c9tat, Tallahassee est le centre des op\u00e9rations gouvernementales. Cela offre des possibilit\u00e9s \u00e0 davantage d&#039;entreprises dans les domaines du conseil, des services juridiques et des relations publiques, en particulier celles qui se concentrent sur le plaidoyer politique.<\/li>\n<\/ul>\n\n\n<h2>Notre emplacement \u00e0 New York<\/h2>\n<p><!-- \/wp:post-content --> <!-- wp:html --> <iframe loading=\"lazy\" src=\"https:\/\/www.google.com\/maps\/embed?pb=!1m18!1m12!1m3!1d3022.976188376966!2d-73.99130312499956!3d40.740549471389315!2m3!1f0!2f0!3f0!3m2!1i1024!2i768!4f13.1!3m3!1m2!1s0x89c259a15798c731%3A0xd695d09bdd495f25!2s11%20E%2022nd%20St%20FL%202%2C%20New%20York%2C%20NY%2010010%2C%20USA!5e0!3m2!1sen!2spe!4v1726171763526!5m2!1sen!2spe\" width=\"600\" height=\"450\" allowfullscreen=\"allowfullscreen\" data-mce-fragment=\"1\"><\/iframe> <!-- \/wp:html --> <!-- wp:paragraph --><\/p>\n<h3 class=\"wp-block-heading\">11 E 22nd Street, \u00e9tage 2, New York, NY 10010 T\u00e9l. : +1(212) 505-6805<\/h3>\n<hr \/>\n<h2><span style=\"font-weight: 400;\">\u00c0 propos de SIS International<\/span><\/h2>\n<p><a href=\"https:\/\/www.sisinternational.com\/fr\/\"><span style=\"font-weight: 400;\">SIS International<\/span><\/a><span style=\"font-weight: 400;\"> propose des recherches quantitatives, qualitatives et strat\u00e9giques. Nous fournissons des donn\u00e9es, des outils, des strat\u00e9gies, des rapports et des informations pour la prise de d\u00e9cision. Nous menons \u00e9galement des entretiens, des enqu\u00eates, des groupes de discussion et d\u2019autres m\u00e9thodes et approches d\u2019\u00e9tudes de march\u00e9.<\/span><a href=\"https:\/\/www.sisinternational.com\/fr\/a-propos-de-la-recherche-internationale-sis\/contact-sis-international-market-research\/\"><span style=\"font-weight: 400;\"> Contactez nous<\/span><\/a><span style=\"font-weight: 400;\"> pour votre prochain projet d&#039;\u00e9tude de march\u00e9.<\/span><\/p>\n<p>\u00a0<\/p>","protected":false},"excerpt":{"rendered":"<p>Tallahassee compte un m\u00e9lange diversifi\u00e9 d&#039;industries, notamment le gouvernement, l&#039;\u00e9ducation, la sant\u00e9, le commerce, la construction et la technologie.<\/p>","protected":false},"author":1,"featured_media":66718,"parent":19303,"menu_order":71,"comment_status":"closed","ping_status":"closed","template":"","meta":{"footnotes":""},"class_list":["post-43014","page","type-page","status-publish","has-post-thumbnail"],"_links":{"self":[{"href":"https:\/\/www.sisinternational.com\/fr\/wp-json\/wp\/v2\/pages\/43014","targetHints":{"allow":["GET"]}}],"collection":[{"href":"https:\/\/www.sisinternational.com\/fr\/wp-json\/wp\/v2\/pages"}],"about":[{"href":"https:\/\/www.sisinternational.com\/fr\/wp-json\/wp\/v2\/types\/page"}],"author":[{"embeddable":true,"href":"https:\/\/www.sisinternational.com\/fr\/wp-json\/wp\/v2\/users\/1"}],"replies":[{"embeddable":true,"href":"https:\/\/www.sisinternational.com\/fr\/wp-json\/wp\/v2\/comments?post=43014"}],"version-history":[{"count":9,"href":"https:\/\/www.sisinternational.com\/fr\/wp-json\/wp\/v2\/pages\/43014\/revisions"}],"predecessor-version":[{"id":79386,"href":"https:\/\/www.sisinternational.com\/fr\/wp-json\/wp\/v2\/pages\/43014\/revisions\/79386"}],"up":[{"embeddable":true,"href":"https:\/\/www.sisinternational.com\/fr\/wp-json\/wp\/v2\/pages\/19303"}],"wp:featuredmedia":[{"embeddable":true,"href":"https:\/\/www.sisinternational.com\/fr\/wp-json\/wp\/v2\/media\/66718"}],"wp:attachment":[{"href":"https:\/\/www.sisinternational.com\/fr\/wp-json\/wp\/v2\/media?parent=43014"}],"curies":[{"name":"wp","href":"https:\/\/api.w.org\/{rel}","templated":true}]}}