{"id":43012,"date":"2023-08-10T15:56:50","date_gmt":"2023-08-10T19:56:50","guid":{"rendered":"https:\/\/www.sisinternational.com\/?page_id=43012"},"modified":"2026-01-26T17:44:52","modified_gmt":"2026-01-26T22:44:52","slug":"etude-de-marche-port-st-lucie-floride","status":"publish","type":"page","link":"https:\/\/www.sisinternational.com\/fr\/couverture\/north-america\/couverture-des-etats-unis\/etude-de-marche-port-st-lucie-floride\/","title":{"rendered":"\u00c9tude de march\u00e9 \u00e0 Port St. Lucie, Floride"},"content":{"rendered":"<h1 class=\"wp-block-heading\">\u00c9tude de march\u00e9 \u00e0 Port Sainte-Lucie<\/h1>\n\n\n\n<figure class=\"gb-block-image gb-block-image-b182bff0\"><img loading=\"lazy\" decoding=\"async\" width=\"1456\" height=\"816\" class=\"gb-image gb-image-b182bff0\" src=\"https:\/\/www.sisinternational.com\/wp-content\/uploads\/2025\/09\/Port-St.-Lucie-Florida-3.jpg\" alt=\"\u00c9tudes de march\u00e9 et strat\u00e9gie internationales SIS\" title=\"Port St. Lucie, Florida (3)\" srcset=\"https:\/\/www.sisinternational.com\/wp-content\/uploads\/2025\/09\/Port-St.-Lucie-Florida-3.jpg 1456w, https:\/\/www.sisinternational.com\/wp-content\/uploads\/2025\/09\/Port-St.-Lucie-Florida-3-300x168.jpg 300w, https:\/\/www.sisinternational.com\/wp-content\/uploads\/2025\/09\/Port-St.-Lucie-Florida-3-1024x574.jpg 1024w, https:\/\/www.sisinternational.com\/wp-content\/uploads\/2025\/09\/Port-St.-Lucie-Florida-3-768x430.jpg 768w, https:\/\/www.sisinternational.com\/wp-content\/uploads\/2025\/09\/Port-St.-Lucie-Florida-3-18x10.jpg 18w\" sizes=\"auto, (max-width: 1456px) 100vw, 1456px\"><\/figure>\n\n\n\n<p><\/p>\n\n\n\n<hr class=\"wp-block-separator has-alpha-channel-opacity is-style-dots\"\/>\n\n\n\n<p>Port Sainte-Lucie a connu une forte croissance \u00e9conomique, attirant diverses entreprises de divers secteurs. Alors que ces entreprises \u00e9voluent dans le paysage commercial local, les \u00e9tudes de march\u00e9 \u00e0 Port Sainte-Lucie sont devenues indispensables.<\/p>\n\n\n\n<p>&#8230; And now more than ever, <a href=\"https:\/\/www.sisinternational.com\/fr\/couverture\/les-ameriques\/etude-de-marche-dans-les-caraibes\/etude-de-marche-a-saint-kitts-nevis\/\" title=\"\u00c9tude de march\u00e9 \u00e0 Saint-Kitts-et-Nevis\"  data-wpil-monitor-id=\"3276\">market research in Port St.<\/a> Lucie is becoming more relevant due to the city&#8217;s rapid population and economic growth.<\/p>\n\n\n\n<p><\/p>\n\n\n\n<div class=\"wp-block-columns has-global-color-9-color has-text-color has-background has-link-color wp-elements-aaa816f65706a349405efb85d2659b70 is-layout-flex wp-container-core-columns-is-layout-9d6595d7 wp-block-columns-is-layout-flex\" style=\"background-color:#f7f9fa6e\">\n<div class=\"wp-block-column is-layout-flow wp-block-column-is-layout-flow\" style=\"flex-basis:18%\"><\/div>\n\n\n\n<div class=\"wp-block-column is-vertically-aligned-center is-layout-flow wp-block-column-is-layout-flow\" style=\"flex-basis:71.28%\">\n<div class=\"wp-block-rank-math-toc-block aligncenter has-global-color-9-color has-text-color has-link-color wp-elements-d681f0a1ce4ed07d9ec9f65e835b82bf\" style=\"font-size:16px\" id=\"rank-math-toc\"><h2><br><strong>T<\/strong>able of Contents<\/h2><nav><ul><li class=\"\"><a href=\"#importance-of-market-research-in-port-st-lucie\">Importance des \u00e9tudes de march\u00e9 \u00e0 Port Sainte-Lucie<\/a><\/li><li class=\"\"><a href=\"#main-landmarks-and-tourist-attractions-in-port-st-lucie\">Principaux monuments et attractions touristiques de Port Sainte-Lucie<\/a><\/li><li class=\"\"><a href=\"#market-research-in-port-st-lucie-current-trends\">\u00c9tude de march\u00e9 \u00e0 Port Sainte-Lucie\u00a0: tendances actuelles<\/a><\/li><li class=\"\"><a href=\"#the-future-of-market-research-in-port-st-lucie\">L&#039;avenir des \u00e9tudes de march\u00e9 \u00e0 Port Sainte-Lucie<\/a><\/li><li class=\"\"><a href=\"#about-sis-international\">\u00c0 propos de SIS International<\/a><\/li><\/ul><\/nav><\/div>\n<\/div>\n<\/div>\n\n\n\n<p><\/p>\n\n\n\n<h2 class=\"wp-block-heading\" id=\"importance-of-market-research-in-port-st-lucie\"><strong>Importance des \u00e9tudes de march\u00e9 \u00e0 Port Sainte-Lucie<\/strong><\/h2>\n\n\n\n<p>Port Sainte-Lucie poss\u00e8de un m\u00e9lange diversifi\u00e9 d&#039;industries qui contribuent \u00e0 la vitalit\u00e9 \u00e9conomique de la ville, les soins de sant\u00e9, le commerce de d\u00e9tail, la construction et les services \u00e9ducatifs \u00e9tant parmi les secteurs cl\u00e9s. De plus, l&#039;emplacement strat\u00e9gique de la ville, ses excellentes liaisons de transport et son acc\u00e8s aux grands march\u00e9s de consommation. en font une destination attractive pour les entreprises.<\/p>\n\n\n\n<p>However, the business landscape in Port St. Lucie is not without its challenges. Rapid population growth, shifting demographics, and changing consumer preferences are just a few of the factors that businesses must contend with. Understanding these dynamics is where <a href=\"https:\/\/www.sisinternational.com\/fr\/couverture\/les-ameriques\/etude-de-marche-dans-les-caraibes\/etude-de-marche-saint-barthelemy\/\" title=\"Etude de march\u00e9 \u00e0 Saint-Barth\u00e9lemy\"  data-wpil-monitor-id=\"3700\">market research in Port St.<\/a> Lucie comes into play.<\/p>\n\n\n\n<p>At the macro level, <a href=\"https:\/\/www.sisinternational.com\/fr\/competence\/les-industries\/etude-de-marche-sur-le-changement-climatique\/\" title=\"\u00c9tude de march\u00e9 sur le changement climatique\"  data-wpil-monitor-id=\"4998\">market research in Port St. Lucie<\/a> provides insights into the broader economic climate of the city, including trends in population growth, household income, employment rates, and other demographic factors. These insights enable businesses to understand the overall health of the local economy and identify market growth or contraction trends.<\/p>\n\n\n\n<p>At the micro level, market research in <a href=\"https:\/\/www.sisinternational.com\/fr\/etude-de-marche-sur-la-pop-coreenne-k-pop\/\" title=\"\u00c9tude de march\u00e9 sur la pop cor\u00e9enne | K-pop\"  data-wpil-monitor-id=\"2640\">Port St. Lucie helps businesses understand consumer<\/a> behavior within their specific market segments. This includes insights into customer needs, preferences, buying patterns, and attitudes toward various products and services. Such granular data aids businesses in tailoring their product offerings, pricing strategies, and marketing campaigns to better resonate with their target audience.<\/p>\n\n\n\n<h2 class=\"wp-block-heading\" id=\"main-landmarks-and-tourist-attractions-in-port-st-lucie\">Principaux monuments et attractions touristiques de Port Sainte-Lucie<\/h2>\n\n\n\n<figure class=\"gb-block-image gb-block-image-5a0e4986\"><img loading=\"lazy\" decoding=\"async\" width=\"1456\" height=\"816\" class=\"gb-image gb-image-5a0e4986\" src=\"https:\/\/www.sisinternational.com\/wp-content\/uploads\/2025\/09\/Port-St.-Lucie-Florida-1.jpg\" alt=\"\u00c9tudes de march\u00e9 et strat\u00e9gie internationales SIS\" title=\"Port St. Lucie, Florida (1)\" srcset=\"https:\/\/www.sisinternational.com\/wp-content\/uploads\/2025\/09\/Port-St.-Lucie-Florida-1.jpg 1456w, https:\/\/www.sisinternational.com\/wp-content\/uploads\/2025\/09\/Port-St.-Lucie-Florida-1-300x168.jpg 300w, https:\/\/www.sisinternational.com\/wp-content\/uploads\/2025\/09\/Port-St.-Lucie-Florida-1-1024x574.jpg 1024w, https:\/\/www.sisinternational.com\/wp-content\/uploads\/2025\/09\/Port-St.-Lucie-Florida-1-768x430.jpg 768w, https:\/\/www.sisinternational.com\/wp-content\/uploads\/2025\/09\/Port-St.-Lucie-Florida-1-18x10.jpg 18w\" sizes=\"auto, (max-width: 1456px) 100vw, 1456px\"><\/figure>\n\n\n\n<p><\/p>\n\n\n\n<p>Port Sainte-Lucie n&#039;est pas seulement un centre d&#039;affaires florissant ; c&#039;est aussi une ville regorgeant d&#039;attractions culturelles, de beaut\u00e9s naturelles et de monuments uniques. Ces attraits touristiques renforcent l&#039;attractivit\u00e9 de la ville et contribuent de mani\u00e8re significative \u00e0 l&#039;\u00e9conomie locale.<\/p>\n\n\n\n<ul class=\"wp-block-list\">\n<li><strong>Jardins botaniques de Port Sainte-Lucie\u00a0:<\/strong> Ce sanctuaire naturel de 20 acres offre de belles expositions de flore et de faune vari\u00e9es. C&#039;est une attraction populaire aupr\u00e8s des touristes et des r\u00e9sidents.<\/li>\n\n\n\n<li><strong>Premier champ de donn\u00e9es\u00a0:<\/strong> Abritant l&#039;entra\u00eenement de printemps des New York Mets et l&#039;\u00e9quipe de la St. Lucie Mets Florida State League, ce stade est une visite incontournable pour les amateurs de sport.<\/li>\n\n\n\n<li><strong>Parc d&#039;\u00c9tat de la r\u00e9serve de Savannas\u00a0:<\/strong> Couvrant plus de 5 000 acres, ce parc est la savane c\u00f4ti\u00e8re la plus grande et la plus intacte de Floride. C&#039;est un endroit id\u00e9al pour ceux qui aiment les activit\u00e9s de plein air comme la randonn\u00e9e, le cano\u00eb et l&#039;observation de la faune.<\/li>\n\n\n\n<li><strong>Club de golf de la PGA\u00a0:<\/strong> Ce club offre des installations de golf de classe mondiale, son complexe de 54 trous constituant un attrait majeur pour les amateurs de golf.<\/li>\n\n\n\n<li><strong>Croisi\u00e8res sur la rivi\u00e8re Lilly\u00a0:<\/strong> Cet \u00e9cotour offre aux visiteurs une exploration passionnante de la faune locale et de la magnifique rivi\u00e8re Sainte-Lucie.<\/li>\n<\/ul>\n\n\n\n<p><\/p>\n\n\n\n<!DOCTYPE html>\n<html lang=\"en\">\n<head>\n    <meta charset=\"UTF-8\">\n    <meta name=\"viewport\" content=\"width=device-width, initial-scale=1.0\">\n    <title>Port St. Lucie, FL Market Data<\/title>\n    <style>\n        \/* Responsive Table & SIS International-inspired Styling\n          - Uses corporate blue and a clean, sans-serif font.\n          - Fully responsive with horizontal scroll on small screens.\n        *\/\n        \n        .sis-table-container {\n            font-family: -apple-system, BlinkMacSystemFont, \"Segoe UI\", Roboto, Helvetica, Arial, sans-serif;\n            margin: 2em 0;\n            width: 100%;\n            \/* Allows horizontal scroll on small screens if the content exceeds viewport *\/\n            overflow-x: auto;\n            -webkit-overflow-scrolling: touch; \/* Smooth scrolling on iOS *\/\n        }\n\n        .sis-table-container h3 {\n            font-size: 1.5rem; \/* 24px *\/\n            font-weight: 600;\n            color: #333;\n            margin-bottom: 0.75em;\n            padding: 0;\n        }\n\n        .sis-table {\n            width: 100%;\n            border-collapse: collapse;\n            min-width: 550px; \/* Ensures table structure holds, container scrolls if needed *\/\n        }\n\n        .sis-table th,\n        .sis-table td {\n            padding: 12px 15px;\n            text-align: left;\n            line-height: 1.5;\n        }\n\n        \/* Header Styling *\/\n        .sis-table thead th {\n            background-color: #005cbf; \/* SIS corporate blue *\/\n            color: #ffffff;\n            font-weight: 600;\n            font-size: 0.9rem; \n            text-transform: uppercase;\n            letter-spacing: 0.5px;\n        }\n\n        \/* Body Styling *\/\n        .sis-table tbody tr {\n            border-bottom: 1px solid #ddd;\n        }\n\n        .sis-table tbody tr:nth-of-type(even) {\n            background-color: #f8f8f8; \/* Light gray alternate rows *\/\n        }\n\n        .sis-table tbody tr:last-of-type {\n            border-bottom: 2px solid #005cbf; \/* Match header blue *\/\n        }\n\n        .sis-table td {\n            color: #444;\n            font-size: 0.95rem; \n            vertical-align: top;\n        }\n        \n        \/* Align data cells *\/\n        .sis-table td:nth-child(2) {\n            text-align: right;\n            white-space: nowrap;\n        }\n         .sis-table th:nth-child(2) {\n            text-align: right;\n        }\n\n        .sis-table-container .source-caption {\n            margin-top: 10px;\n            font-size: 0.85rem; \n            color: #555;\n            font-style: italic;\n        }\n\n        .sis-table-container .source-caption a {\n            color: #005cbf; \/* Match brand blue *\/\n            text-decoration: none;\n        }\n\n        .sis-table-container .source-caption a:hover {\n            text-decoration: underline;\n        }\n    <\/style>\n<\/head>\n<body>\n\n    <!-- \n      HTML for WordPress:\n      Copy and paste the code from .sis-table-container start to end into a Custom HTML block.\n    -->\n    <div class=\"sis-table-container\">\n        \n        <h3>Port St. Lucie (St. Lucie County) Market Growth Metrics<\/h3>\n\n        <table class=\"sis-table\">\n            <thead>\n                <tr>\n                    <th>Indicator<\/th>\n                    <th>Value (Recent Estimate)<\/th>\n                <\/tr>\n            <\/thead>\n            <tbody>\n                <tr>\n                    <td>St. Lucie County Population<\/td>\n                    <td>~350,000<\/td>\n                <\/tr>\n                <tr>\n                    <td>Annual Population Growth Rate (City)<\/td>\n                    <td>Exceeding 2%<\/td>\n                <\/tr>\n                <tr>\n                    <td>Median Household Income (County)<\/td>\n                    <td>~$65,000<\/td>\n                <\/tr>\n                 <tr>\n                    <td>Median Home Value (County)<\/td>\n                    <td>~$330,000<\/td>\n                <\/tr>\n                 <tr>\n                    <td>Educational Attainment (High School Graduate or Higher)<\/td>\n                    <td>~89%<\/td>\n                <\/tr>\n            <\/tbody>\n        <\/table>\n\n        <p class=\"source-caption\">\n             Source: Data derived from the <a href=\"https:\/\/www.census.gov\/quickfacts\/fact\/table\/stluciecountyflorida\/PST045223\" target=\"_blank\" rel=\"noopener noreferrer\">U.S. Census Bureau QuickFacts<\/a> et <a href=\"https:\/\/data.bls.gov\/pdq\/querytool.jsp?survey=la\" target=\"_blank\" rel=\"noopener noreferrer\">Bureau of Labor Statistics (BLS)<\/a>, covering recent years.\n        <\/p>\n\n    <\/div>\n\n<\/body>\n<\/html>\n\n\n\n\n<p><\/p>\n\n\n\n<h2 class=\"wp-block-heading\" id=\"market-research-in-port-st-lucie-current-trends\">\u00c9tude de march\u00e9 \u00e0 Port Sainte-Lucie\u00a0: tendances actuelles<\/h2>\n\n\n\n<p>The city&#8217;s economic landscape, demography, and cultural environment have created specific trends in market research, reflecting the unique local conditions. Here are some of the current trends in <a href=\"https:\/\/www.sisinternational.com\/fr\/couverture\/les-ameriques\/etude-de-marche-dans-les-caraibes\/etude-de-marche-a-saint-vincent-et-les-grenadines\/\" title=\"Etude de march\u00e9 \u00e0 Saint-Vincent-et-les Grenadines\" data-wpil-monitor-id=\"5822\">market research in Port St.<\/a> Lucie:<\/p>\n\n\n\n<ul class=\"wp-block-list\">\n<li><strong>Perspectives immobili\u00e8res\u00a0:<\/strong> The growth in Port St. Lucie\u2019s population has led to a housing and real estate boom. <a href=\"https:\/\/www.sisinternational.com\/fr\/competence\/les-industries\/etude-de-marche-sur-lelectromenager\/\" title=\"\u00c9tude de march\u00e9 sur les appareils \u00e9lectrom\u00e9nagers\" data-wpil-monitor-id=\"6596\">Market research in Port St. Lucie<\/a> tracks trends in home ownership, rental markets, property values, and the demand for various residential and commercial properties.<\/li>\n\n\n\n<li><strong>Expansion du secteur de la sant\u00e9\u00a0:<\/strong> Avec une population vieillissante et une attention accrue port\u00e9e aux soins de sant\u00e9, des recherches approfondies sont men\u00e9es sur les \u00e9tablissements m\u00e9dicaux, les services de sant\u00e9, les soins aux personnes \u00e2g\u00e9es et les programmes de bien-\u00eatre.<\/li>\n\n\n\n<li><strong>La durabilit\u00e9 environnementale:<\/strong> En mettant l\u2019accent sur les pratiques respectueuses de l\u2019environnement et la durabilit\u00e9, la recherche examine les attitudes du public \u00e0 l\u2019\u00e9gard du recyclage, de la conservation, de la construction verte et de la r\u00e9silience climatique.<\/li>\n\n\n\n<li><strong>Engagement num\u00e9rique\u00a0:<\/strong> Comme dans de nombreuses villes, l\u2019accent est de plus en plus mis sur les achats en ligne, l\u2019utilisation des m\u00e9dias sociaux et des plateformes num\u00e9riques. Comprendre comment les consommateurs locaux interagissent avec la technologie est un domaine de recherche cl\u00e9.<\/li>\n\n\n\n<li><strong>Tourisme et loisirs\u00a0:<\/strong> La recherche explore les possibilit\u00e9s d&#039;am\u00e9liorer le tourisme et les activit\u00e9s r\u00e9cr\u00e9atives locales, compte tenu des terrains de golf, des parcs et de la proximit\u00e9 des attractions c\u00f4ti\u00e8res de la ville.<\/li>\n\n\n\n<li><strong>\u00c9ducation et d\u00e9veloppement de la main-d\u2019\u0153uvre\u00a0:<\/strong> Dans l\u2019optique de la croissance future, la recherche sur les besoins \u00e9ducatifs, la formation professionnelle, la pr\u00e9paration au march\u00e9 du travail et les tendances de l\u2019emploi est en augmentation. Cela comprend l&#039;\u00e9tude de l&#039;alignement entre les \u00e9tablissements d&#039;enseignement locaux et les exigences de l&#039;industrie.<\/li>\n\n\n\n<li><strong>Engagement culturel et communautaire\u00a0:<\/strong> Le sens de la communaut\u00e9 et la diversit\u00e9 culturelle de la ville constituent un domaine de recherche riche, notamment en \u00e9tudiant la participation communautaire, les \u00e9v\u00e9nements locaux, l&#039;inclusion culturelle et les liens communautaires.<\/li>\n<\/ul>\n\n\n\n<h2 class=\"wp-block-heading\" id=\"the-future-of-market-research-in-port-st-lucie\">L&#039;avenir des \u00e9tudes de march\u00e9 \u00e0 Port Sainte-Lucie<\/h2>\n\n\n\n<figure class=\"gb-block-image gb-block-image-12565dbd\"><img loading=\"lazy\" decoding=\"async\" width=\"1456\" height=\"816\" class=\"gb-image gb-image-12565dbd\" src=\"https:\/\/www.sisinternational.com\/wp-content\/uploads\/2025\/09\/Port-St.-Lucie-Florida-4.jpg\" alt=\"\u00c9tudes de march\u00e9 et strat\u00e9gie internationales SIS\" title=\"Port St. Lucie, Florida (4)\" srcset=\"https:\/\/www.sisinternational.com\/wp-content\/uploads\/2025\/09\/Port-St.-Lucie-Florida-4.jpg 1456w, https:\/\/www.sisinternational.com\/wp-content\/uploads\/2025\/09\/Port-St.-Lucie-Florida-4-300x168.jpg 300w, https:\/\/www.sisinternational.com\/wp-content\/uploads\/2025\/09\/Port-St.-Lucie-Florida-4-1024x574.jpg 1024w, https:\/\/www.sisinternational.com\/wp-content\/uploads\/2025\/09\/Port-St.-Lucie-Florida-4-768x430.jpg 768w, https:\/\/www.sisinternational.com\/wp-content\/uploads\/2025\/09\/Port-St.-Lucie-Florida-4-18x10.jpg 18w\" sizes=\"auto, (max-width: 1456px) 100vw, 1456px\"><\/figure>\n\n\n\n<p><\/p>\n\n\n\n<p>L&#039;avenir des \u00e9tudes de march\u00e9 \u00e0 Port Sainte-Lucie semble \u00eatre marqu\u00e9 par une sophistication croissante, tir\u00e9e par les progr\u00e8s technologiques et l&#039;accent croissant mis sur la prise de d\u00e9cision bas\u00e9e sur les donn\u00e9es.<\/p>\n\n\n\n<ul class=\"wp-block-list\">\n<li><strong>Intelligence artificielle et apprentissage automatique\u00a0:<\/strong> Ces technologies devraient jouer un r\u00f4le important dans l\u2019automatisation de l\u2019analyse des donn\u00e9es et dans la fourniture d\u2019informations plus approfondies et plus rapides. Ils am\u00e9lioreront les capacit\u00e9s d&#039;analyse pr\u00e9dictive des entreprises, facilitant ainsi des pr\u00e9visions plus pr\u00e9cises des tendances du march\u00e9 et du comportement des consommateurs.<\/li>\n\n\n\n<li><strong>Accent accru sur la recherche en temps r\u00e9el\u00a0:<\/strong> \u00c0 mesure que les entreprises cherchent \u00e0 devenir plus agiles, il y aura probablement une demande croissante de m\u00e9thodes de recherche en temps r\u00e9el \u00e0 Port Sainte-Lucie. Cela permettra aux entreprises de prendre des d\u00e9cisions rapides sur la base des donn\u00e9es actuelles.<\/li>\n\n\n\n<li><strong>Utilisation accrue des donn\u00e9es comportementales\u00a0:<\/strong> M\u00eame si les donn\u00e9es d\u00e9mographiques et psychographiques resteront importantes, les donn\u00e9es comportementales suscitent un int\u00e9r\u00eat croissant, car elles fournissent des informations plus nuanc\u00e9es sur le comportement des consommateurs dans cette ville. Des techniques telles que le suivi du comportement en ligne et l\u2019utilisation de r\u00e9ponses biom\u00e9triques devraient gagner en importance.<\/li>\n\n\n\n<li><strong>Personnalisation des \u00e9tudes de march\u00e9\u00a0:<\/strong> Alors que les entreprises s&#039;efforcent d&#039;offrir des exp\u00e9riences plus personnalis\u00e9es \u00e0 leurs clients de Port St. Lucie, les \u00e9tudes de march\u00e9 deviendront probablement plus centr\u00e9es sur l&#039;individu. Cela signifie une plus grande utilisation d\u2019enqu\u00eates personnalis\u00e9es, d\u2019entretiens et de groupes de discussion pour comprendre les besoins et les pr\u00e9f\u00e9rences des clients.<\/li>\n\n\n\n<li><strong>Recherche sur la durabilit\u00e9\u00a0:<\/strong> Avec une prise de conscience croissante des probl\u00e8mes environnementaux, les entreprises peuvent de plus en plus recourir aux \u00e9tudes de march\u00e9 pour comprendre les attitudes des consommateurs \u00e0 l&#039;\u00e9gard du d\u00e9veloppement durable et de la responsabilit\u00e9 sociale des entreprises.<\/li>\n<\/ul>\n\n\n\n<h2 class=\"wp-block-heading\" id=\"about-sis-international\"><span style=\"font-weight: 400;\">\u00c0 propos de SIS International<\/span><\/h2>\n\n\n\n<p><a href=\"https:\/\/www.sisinternational.com\/fr\/\"><span style=\"font-weight: 400;\">SIS International<\/span><\/a><span style=\"font-weight: 400;\"> propose des recherches quantitatives, qualitatives et strat\u00e9giques. Nous fournissons des donn\u00e9es, des outils, des strat\u00e9gies, des rapports et des informations pour la prise de d\u00e9cision. Nous menons \u00e9galement des entretiens, des enqu\u00eates, des groupes de discussion et d\u2019autres m\u00e9thodes et approches d\u2019\u00e9tudes de march\u00e9.<\/span><a href=\"https:\/\/www.sisinternational.com\/fr\/a-propos-de-la-recherche-internationale-sis\/contact-sis-international-market-research\/\"><span style=\"font-weight: 400;\"> Contactez nous<\/span><\/a><span style=\"font-weight: 400;\"> pour votre prochain projet d&#039;\u00e9tude de march\u00e9.<\/span><\/p>\n\n\n<h2>Notre emplacement \u00e0 New York<\/h2>\n<p><!-- \/wp:post-content --> <!-- wp:html --> <iframe loading=\"lazy\" src=\"https:\/\/www.google.com\/maps\/embed?pb=!1m18!1m12!1m3!1d3022.976188376966!2d-73.99130312499956!3d40.740549471389315!2m3!1f0!2f0!3f0!3m2!1i1024!2i768!4f13.1!3m3!1m2!1s0x89c259a15798c731%3A0xd695d09bdd495f25!2s11%20E%2022nd%20St%20FL%202%2C%20New%20York%2C%20NY%2010010%2C%20USA!5e0!3m2!1sen!2spe!4v1726171763526!5m2!1sen!2spe\" width=\"600\" height=\"450\" allowfullscreen=\"allowfullscreen\" data-mce-fragment=\"1\"><\/iframe> <!-- \/wp:html --> <!-- wp:paragraph --><\/p>\n<h3 class=\"wp-block-heading\">11 E 22nd Street, \u00e9tage 2, New York, NY 10010 T\u00e9l. : +1(212) 505-6805<\/h3>\n<hr \/>\n<h2><span style=\"font-weight: 400;\">\u00c0 propos de SIS International<\/span><\/h2>\n<p><a href=\"https:\/\/www.sisinternational.com\/fr\/\"><span style=\"font-weight: 400;\">SIS International<\/span><\/a><span style=\"font-weight: 400;\"> propose des recherches quantitatives, qualitatives et strat\u00e9giques. Nous fournissons des donn\u00e9es, des outils, des strat\u00e9gies, des rapports et des informations pour la prise de d\u00e9cision. Nous menons \u00e9galement des entretiens, des enqu\u00eates, des groupes de discussion et d\u2019autres m\u00e9thodes et approches d\u2019\u00e9tudes de march\u00e9.<\/span><a href=\"https:\/\/www.sisinternational.com\/fr\/a-propos-de-la-recherche-internationale-sis\/contact-sis-international-market-research\/\"><span style=\"font-weight: 400;\"> Contactez nous<\/span><\/a><span style=\"font-weight: 400;\"> pour votre prochain projet d&#039;\u00e9tude de march\u00e9.<\/span><\/p>\n<p><!-- wp:heading --><\/p>\n<h2 id=\"about-sis-international\" class=\"wp-block-heading\">\u00a0<\/h2>\n\n<!-- wp:heading -->\n<h2 class=\"wp-block-heading\"><\/h2>\n<!-- \/wp:heading --><!-- \/wp:heading -->","protected":false},"excerpt":{"rendered":"<p>L&#039;emplacement strat\u00e9gique de Port Sainte-Lucie, son excellent transport et ses vastes march\u00e9s de consommation en font une destination attrayante pour les entreprises.<\/p>","protected":false},"author":1,"featured_media":66704,"parent":19303,"menu_order":70,"comment_status":"closed","ping_status":"closed","template":"","meta":{"footnotes":""},"class_list":["post-43012","page","type-page","status-publish","has-post-thumbnail"],"_links":{"self":[{"href":"https:\/\/www.sisinternational.com\/fr\/wp-json\/wp\/v2\/pages\/43012","targetHints":{"allow":["GET"]}}],"collection":[{"href":"https:\/\/www.sisinternational.com\/fr\/wp-json\/wp\/v2\/pages"}],"about":[{"href":"https:\/\/www.sisinternational.com\/fr\/wp-json\/wp\/v2\/types\/page"}],"author":[{"embeddable":true,"href":"https:\/\/www.sisinternational.com\/fr\/wp-json\/wp\/v2\/users\/1"}],"replies":[{"embeddable":true,"href":"https:\/\/www.sisinternational.com\/fr\/wp-json\/wp\/v2\/comments?post=43012"}],"version-history":[{"count":11,"href":"https:\/\/www.sisinternational.com\/fr\/wp-json\/wp\/v2\/pages\/43012\/revisions"}],"predecessor-version":[{"id":80178,"href":"https:\/\/www.sisinternational.com\/fr\/wp-json\/wp\/v2\/pages\/43012\/revisions\/80178"}],"up":[{"embeddable":true,"href":"https:\/\/www.sisinternational.com\/fr\/wp-json\/wp\/v2\/pages\/19303"}],"wp:featuredmedia":[{"embeddable":true,"href":"https:\/\/www.sisinternational.com\/fr\/wp-json\/wp\/v2\/media\/66704"}],"wp:attachment":[{"href":"https:\/\/www.sisinternational.com\/fr\/wp-json\/wp\/v2\/media?parent=43012"}],"curies":[{"name":"wp","href":"https:\/\/api.w.org\/{rel}","templated":true}]}}