{"id":42977,"date":"2023-08-09T15:42:40","date_gmt":"2023-08-09T19:42:40","guid":{"rendered":"https:\/\/www.sisinternational.com\/?page_id=42977"},"modified":"2026-03-12T22:35:43","modified_gmt":"2026-03-13T02:35:43","slug":"etude-de-marche-concrete","status":"publish","type":"page","link":"https:\/\/www.sisinternational.com\/fr\/construction-market-research-solutions\/etude-de-marche-concrete\/","title":{"rendered":"Etude de march\u00e9 du b\u00e9ton"},"content":{"rendered":"<h1 class=\"wp-block-heading\">Etude de march\u00e9 du b\u00e9ton<\/h1>\n\n\n\n<figure class=\"gb-block-image gb-block-image-74fe41c2\"><img loading=\"lazy\" decoding=\"async\" width=\"1456\" height=\"816\" class=\"gb-image gb-image-74fe41c2\" src=\"https:\/\/www.sisinternational.com\/wp-content\/uploads\/2025\/08\/Concrete-4.jpg\" alt=\"\u00c9tudes de march\u00e9 et strat\u00e9gie internationales SIS\" title=\"Concrete (4)\" srcset=\"https:\/\/www.sisinternational.com\/wp-content\/uploads\/2025\/08\/Concrete-4.jpg 1456w, https:\/\/www.sisinternational.com\/wp-content\/uploads\/2025\/08\/Concrete-4-300x168.jpg 300w, https:\/\/www.sisinternational.com\/wp-content\/uploads\/2025\/08\/Concrete-4-1024x574.jpg 1024w, https:\/\/www.sisinternational.com\/wp-content\/uploads\/2025\/08\/Concrete-4-768x430.jpg 768w, https:\/\/www.sisinternational.com\/wp-content\/uploads\/2025\/08\/Concrete-4-18x10.jpg 18w\" sizes=\"auto, (max-width: 1456px) 100vw, 1456px\"><\/figure>\n\n\n\n<p><\/p>\n\n\n\n<p>L&#039;industrie du b\u00e9ton est un pilier essentiel du secteur mondial de la construction en raison de sa durabilit\u00e9, de sa r\u00e9sistance et de sa polyvalence. \u00c0 ce titre, comprendre la dynamique du march\u00e9 du b\u00e9ton est crucial pour les acteurs du secteur de la construction.<\/p>\n\n\n\n<p>Pour cette raison, des \u00e9tudes de march\u00e9 concr\u00e8tes permettent aux entreprises de se tenir au courant des innovations et des tendances du march\u00e9 et de profiter des opportunit\u00e9s en temps opportun.<\/p>\n\n\n\n<h2 class=\"wp-block-heading\">Comprendre le b\u00e9ton et ses utilisations<\/h2>\n\n\n\n<p>Des infrastructures telles que les ponts, les routes et les barrages aux b\u00e2timents, tant r\u00e9sidentiels que commerciaux, le b\u00e9ton est un \u00e9l\u00e9ment cl\u00e9 du secteur de la construction. Sa capacit\u00e9 \u00e0 r\u00e9sister \u00e0 des charges de compression \u00e9lev\u00e9es le rend id\u00e9al pour les \u00e9l\u00e9ments structurels tels que les fondations, les murs et les colonnes. De plus, en raison de sa r\u00e9sistance au feu et de son efficacit\u00e9 \u00e9nerg\u00e9tique, il constitue souvent le mat\u00e9riau de choix pour des raisons de s\u00e9curit\u00e9 et de durabilit\u00e9.<\/p>\n\n\n\n<p>China is the largest producer of concrete in the world, given its rapid urbanization and ongoing infrastructure development. Major Chinese concrete <a href=\"https:\/\/www.sisinternational.com\/fr\/couverture\/etude-de-marche-en-asie\/market-research-in-china-2\/enquete-sur-une-societe-detudes-de-marche-en-chine\/\" title=\"Soci\u00e9t\u00e9 d\u2019\u00e9tudes de march\u00e9 par sondage en Chine\"  data-wpil-monitor-id=\"9092\">companies include China<\/a> National Building Material Company and Anhui Conch Cement.<\/p>\n\n\n\n<p>Les \u00c9tats-Unis disposent \u00e9galement d\u2019un march\u00e9 du b\u00e9ton important, avec des soci\u00e9t\u00e9s comme CEMEX et Vulcan Materials qui sont des acteurs majeurs du secteur.<\/p>\n\n\n\n<p>En Europe, des pays comme l&#039;Allemagne, l&#039;Italie et la France sont d&#039;importants producteurs de b\u00e9ton, avec des soci\u00e9t\u00e9s telles que Heidelberg Cement et Lafarge Holcim.<\/p>\n\n\n\n<h2 class=\"wp-block-heading\">Facteurs et contraintes sur le march\u00e9 du b\u00e9ton<\/h2>\n\n\n\n<p>The growth and evolution of the concrete <a href=\"https:\/\/www.sisinternational.com\/fr\/solutions\/solutions-de-branding-et-de-recherche-client\/etude-de-marche-des-influenceurs\/\" title=\"\u00c9tude de march\u00e9 sur les influenceurs\"  data-wpil-monitor-id=\"9086\">market are influenced<\/a> by a variety of factors. On one hand, there are several drivers propelling the market forward, while on the other hand, some restraints are posing challenges to its growth according to concrete market research.<\/p>\n\n\n\n<h3 class=\"wp-block-heading\">Facteurs de march\u00e9:<\/h3>\n\n\n\n<ul class=\"wp-block-list\">\n<li><strong>Urbanisation et d\u00e9veloppement des infrastructures\u00a0:<\/strong> L\u2019urbanisation rapide, en particulier dans les \u00e9conomies \u00e9mergentes, cr\u00e9e une forte demande de nouvelles infrastructures, stimulant ainsi le march\u00e9 du b\u00e9ton.<\/li>\n\n\n\n<li><strong>Activit\u00e9s de r\u00e9novation et de r\u00e9paration\u00a0:<\/strong> De nombreuses \u00e9conomies d\u00e9velopp\u00e9es connaissent un besoin accru de r\u00e9paration et de r\u00e9novation d\u2019infrastructures vieillissantes, ce qui stimule encore davantage la demande de b\u00e9ton \u2013 et les entreprises peuvent profiter de cette opportunit\u00e9 gr\u00e2ce \u00e0 des \u00e9tudes de march\u00e9 sur le b\u00e9ton.<\/li>\n\n\n\n<li><strong>Les avanc\u00e9es technologiques:<\/strong> Les innovations dans les technologies du b\u00e9ton, telles que le d\u00e9veloppement de b\u00e9ton haute performance et \u00e9cologique, \u00e9largissent les applications du b\u00e9ton et stimulent la croissance du march\u00e9.<\/li>\n<\/ul>\n\n\n\n<h3 class=\"wp-block-heading\">Restrictions du march\u00e9\u00a0:<\/h3>\n\n\n\n<figure class=\"gb-block-image gb-block-image-f006c66a\"><img loading=\"lazy\" decoding=\"async\" width=\"1456\" height=\"816\" class=\"gb-image gb-image-f006c66a\" src=\"https:\/\/www.sisinternational.com\/wp-content\/uploads\/2025\/08\/Concrete-2.jpg\" alt=\"\u00c9tudes de march\u00e9 et strat\u00e9gie internationales SIS\" title=\"Concrete (2)\" srcset=\"https:\/\/www.sisinternational.com\/wp-content\/uploads\/2025\/08\/Concrete-2.jpg 1456w, https:\/\/www.sisinternational.com\/wp-content\/uploads\/2025\/08\/Concrete-2-300x168.jpg 300w, https:\/\/www.sisinternational.com\/wp-content\/uploads\/2025\/08\/Concrete-2-1024x574.jpg 1024w, https:\/\/www.sisinternational.com\/wp-content\/uploads\/2025\/08\/Concrete-2-768x430.jpg 768w, https:\/\/www.sisinternational.com\/wp-content\/uploads\/2025\/08\/Concrete-2-18x10.jpg 18w\" sizes=\"auto, (max-width: 1456px) 100vw, 1456px\"><\/figure>\n\n\n\n<ul class=\"wp-block-list\">\n<li><strong>Pr\u00e9occupations environnementales:<\/strong> La production de ciment, composant principal du b\u00e9ton, contribue de mani\u00e8re significative aux \u00e9missions de CO2, ce qui pose un probl\u00e8me environnemental majeur qui pourrait potentiellement entraver la croissance du march\u00e9.<\/li>\n\n\n\n<li><strong>Volatilit\u00e9 des prix des mati\u00e8res premi\u00e8res\u00a0:<\/strong> Les fluctuations des prix des mati\u00e8res premi\u00e8res, en particulier du ciment, peuvent constituer un d\u00e9fi important pour l&#039;industrie du b\u00e9ton.<\/li>\n\n\n\n<li><strong>P\u00e9nuries de main d\u2019\u0153uvre\u00a0:<\/strong> Le secteur de la construction, en g\u00e9n\u00e9ral, est confront\u00e9 \u00e0 des p\u00e9nuries de main-d\u2019\u0153uvre qui pourraient affecter le rythme de croissance du march\u00e9 du b\u00e9ton.<\/li>\n<\/ul>\n\n\n\n<h2 class=\"wp-block-heading\">Opportunit\u00e9s sur le march\u00e9 du b\u00e9ton<\/h2>\n\n\n\n<p>Le march\u00e9 du b\u00e9ton pr\u00e9sente plusieurs opportunit\u00e9s de croissance et d\u2019innovation qui peuvent facilement \u00eatre d\u00e9couvertes gr\u00e2ce \u00e0 une \u00e9tude de march\u00e9 concr\u00e8te.<\/p>\n\n\n\n<ul class=\"wp-block-list\">\n<li><strong>B\u00e9ton vert et durable :<\/strong> Avec les pr\u00e9occupations environnementales croissantes et les r\u00e9glementations plus strictes, il existe une demande croissante de solutions concr\u00e8tes vertes et durables. Il s\u2019agit notamment de l\u2019utilisation de mat\u00e9riaux cimentaires suppl\u00e9mentaires (SCM) et de granulats recycl\u00e9s, ainsi que du d\u00e9veloppement de technologies de captage et de stockage du carbone (CSC) dans la production de ciment.<\/li>\n\n\n\n<li><strong>B\u00e9ton Haute Performance :<\/strong> Le b\u00e9ton \u00e0 haute performance, connu pour sa durabilit\u00e9, sa r\u00e9sistance et sa maniabilit\u00e9 sup\u00e9rieures, offre des opportunit\u00e9s consid\u00e9rables. Son utilisation peut prolonger la dur\u00e9e de vie de la structure et r\u00e9duire les co\u00fbts de maintenance, ce qui en fait un choix attrayant pour de nombreux projets de construction.<\/li>\n\n\n\n<li><strong>March\u00e9s \u00e9mergents:<\/strong> Rapid urbanization in emerging economies such as China, India, and Brazil presents significant opportunities. These <a href=\"https:\/\/www.sisinternational.com\/fr\/competence\/les-industries\/etude-de-marche-du-batiment\/\" title=\"\u00c9tudes de march\u00e9 dans le secteur de la construction\"  data-wpil-monitor-id=\"9087\">markets are experiencing increased construction<\/a> activities, both in terms of new infrastructure development and renovation of existing structures.<\/li>\n<\/ul>\n\n\n\n<h2 class=\"wp-block-heading\">Les d\u00e9fis auxquels est confront\u00e9 le march\u00e9 du b\u00e9ton<\/h2>\n\n\n\n<p>While the concrete <a href=\"https:\/\/www.sisinternational.com\/fr\/solutions\/conseil-en-strategie\/recherche-dopportunites-de-marche\/\" title=\"Recherche d&#039;opportunit\u00e9s de march\u00e9\"  data-wpil-monitor-id=\"9088\">market offers promising opportunities<\/a>, it is also facing several challenges that could influence its growth trajectory, which can be overcome with concrete market research.<\/p>\n\n\n\n<ul class=\"wp-block-list\">\n<li><strong>Impact environnemental:<\/strong> La production de b\u00e9ton, en particulier de ciment, contribue \u00e0 une quantit\u00e9 importante d&#039;\u00e9missions de CO2, posant un d\u00e9fi environnemental consid\u00e9rable. Cela a conduit \u00e0 une surveillance et une r\u00e9glementation accrues, poussant l\u2019industrie \u00e0 rechercher des m\u00e9thodes de production plus durables.<\/li>\n\n\n\n<li><strong>Volatilit\u00e9 des prix des mati\u00e8res premi\u00e8res\u00a0:<\/strong> The costs of key components such as cement and aggregate, often experience price fluctuations due to changes in demand and supply, transport costs, and geopolitical events. This volatility can impact profit <a href=\"https:\/\/www.sisinternational.com\/fr\/solutions\/recherche-de-conseil-en-strategie-fintech\/etude-de-marche-sur-la-marge-de-prix\/\" title=\"\u00c9tude de march\u00e9 sur la marge de prix\"  data-wpil-monitor-id=\"9091\">margins and create unpredictability in the market<\/a>.<\/li>\n\n\n\n<li><strong>P\u00e9nuries de main d\u2019\u0153uvre\u00a0:<\/strong> Like many sectors within the construction industry, the concrete <a href=\"https:\/\/www.sisinternational.com\/fr\/competence\/les-industries\/etude-du-marche-du-travail\/\" title=\"Recherche sur le march\u00e9 du travail\"  data-wpil-monitor-id=\"9089\">market faces labor<\/a> shortages. Difficulty in attracting and retaining skilled labor can affect production rates and the timely completion of projects.<\/li>\n\n\n\n<li><strong>Production \u00e0 forte intensit\u00e9 \u00e9nerg\u00e9tique\u00a0:<\/strong> La production de b\u00e9ton, en particulier la fabrication de ciment, est gourmande en \u00e9nergie, ce qui contribue aux co\u00fbts d&#039;exploitation et aux impacts environnementaux. La hausse des prix de l\u2019\u00e9nergie et la n\u00e9cessit\u00e9 de r\u00e9duire les \u00e9missions poussent l\u2019industrie \u00e0 am\u00e9liorer l\u2019efficacit\u00e9 \u00e9nerg\u00e9tique.<\/li>\n<\/ul>\n\n\n\n<h2 class=\"wp-block-heading\">Innovations technologiques dans l&#039;industrie du b\u00e9ton<\/h2>\n\n\n\n<figure class=\"gb-block-image gb-block-image-35a46a88\"><img loading=\"lazy\" decoding=\"async\" width=\"1456\" height=\"816\" class=\"gb-image gb-image-35a46a88\" src=\"https:\/\/www.sisinternational.com\/wp-content\/uploads\/2025\/08\/Concrete-5.jpg\" alt=\"\u00c9tudes de march\u00e9 et strat\u00e9gie internationales SIS\" title=\"Concrete (5)\" srcset=\"https:\/\/www.sisinternational.com\/wp-content\/uploads\/2025\/08\/Concrete-5.jpg 1456w, https:\/\/www.sisinternational.com\/wp-content\/uploads\/2025\/08\/Concrete-5-300x168.jpg 300w, https:\/\/www.sisinternational.com\/wp-content\/uploads\/2025\/08\/Concrete-5-1024x574.jpg 1024w, https:\/\/www.sisinternational.com\/wp-content\/uploads\/2025\/08\/Concrete-5-768x430.jpg 768w, https:\/\/www.sisinternational.com\/wp-content\/uploads\/2025\/08\/Concrete-5-18x10.jpg 18w\" sizes=\"auto, (max-width: 1456px) 100vw, 1456px\"><\/figure>\n\n\n\n<p><\/p>\n\n\n\n<p>The concrete <a href=\"https:\/\/www.sisinternational.com\/fr\/solutions\/ai-etudes-de-marche-et-conseil-en-strategie\/technologie-industrie-automatisation-conseil-en-intelligence-artificielle\/\" title=\"Conseil en automatisation de l&#039;industrie technologique et en intelligence artificielle\"  data-wpil-monitor-id=\"9090\">industry is increasingly turning to technology<\/a> and innovation to address its challenges, drive efficiency, and unlock new opportunities. Here are some of the key technological innovations shaping the concrete market that have previously been unveiled through concrete market research:<\/p>\n\n\n\n<ul class=\"wp-block-list\">\n<li><strong>impression en 3D:<\/strong> L\u2019utilisation de l\u2019impression 3D dans le b\u00e9ton est une tendance croissante. Il permet la cr\u00e9ation de formes et de structures complexes et peut r\u00e9duire consid\u00e9rablement le temps et les d\u00e9chets de construction. Gr\u00e2ce \u00e0 des \u00e9tudes de march\u00e9 concr\u00e8tes, les entreprises mondiales peuvent tirer parti de cette tendance.<\/li>\n\n\n\n<li><strong>B\u00e9ton intelligent\u00a0:<\/strong> Ce type de b\u00e9ton contient des capteurs capables de surveiller des aspects tels que les contraintes, la temp\u00e9rature et les vibrations, fournissant ainsi des donn\u00e9es en temps r\u00e9el sur la sant\u00e9 structurelle d&#039;un b\u00e2timent ou d&#039;une infrastructure.<\/li>\n\n\n\n<li><strong>Captage et stockage du carbone (CSC)\u00a0:<\/strong> En r\u00e9ponse \u00e0 l\u2019impact environnemental de la production de ciment, l\u2019industrie explore les technologies CSC. Celles-ci captent les \u00e9missions de CO2 des cimenteries et les stockent sous terre, r\u00e9duisant ainsi consid\u00e9rablement l\u2019empreinte carbone de l\u2019industrie.<\/li>\n<\/ul>\n\n\n\n<h2 class=\"wp-block-heading\">L&#039;avenir du march\u00e9 du b\u00e9ton<\/h2>\n\n\n\n<p>Through concrete market research, it is possible to determine some of the <a href=\"https:\/\/www.sisinternational.com\/fr\/tendances-futures-des-etudes-de-marche-qualitatives\/\" title=\"Tendances futures en mati\u00e8re d&#039;\u00e9tudes de march\u00e9 qualitatives\"  data-wpil-monitor-id=\"9085\">future trends in this market<\/a>. Some of the most evident trends are the following:<\/p>\n\n\n\n<ul class=\"wp-block-list\">\n<li><strong>Demande croissante:<\/strong> La demande de b\u00e9ton devrait augmenter, sous l\u2019effet de l\u2019urbanisation croissante, en particulier dans les \u00e9conomies \u00e9mergentes. La demande sera \u00e9galement soutenue dans les \u00e9conomies d\u00e9velopp\u00e9es en raison de la n\u00e9cessit\u00e9 d\u2019entretenir et de remplacer les infrastructures vieillissantes.<\/li>\n\n\n\n<li><strong>Durabilit\u00e9:<\/strong> La qu\u00eate de durabilit\u00e9 sera une tendance majeure qui fa\u00e7onnera l\u2019avenir de l\u2019industrie du b\u00e9ton. \u00c0 mesure que les r\u00e9glementations environnementales deviendront plus strictes, l\u2019adoption de b\u00e9ton \u00e9cologique, de pratiques de recyclage et de technologies de captage du carbone augmentera.<\/li>\n\n\n\n<li><strong>Innovations technologiques\u00a0:<\/strong> L\u2019avenir de l\u2019industrie du b\u00e9ton sera \u00e9galement fa\u00e7onn\u00e9 par les innovations technologiques. Les progr\u00e8s dans le domaine du b\u00e9ton auto-cicatrisant, du b\u00e9ton intelligent et de l\u2019impression 3D du b\u00e9ton offriront de nouvelles opportunit\u00e9s \u00e0 l\u2019industrie.<\/li>\n\n\n\n<li><strong>R\u00e9silience:<\/strong> La pand\u00e9mie de COVID-19 a mis en \u00e9vidence la n\u00e9cessit\u00e9 de faire preuve de r\u00e9silience face aux perturbations mondiales. \u00c0 l\u2019avenir, les entreprises du march\u00e9 du b\u00e9ton devront d\u00e9velopper des cha\u00eenes d\u2019approvisionnement et des mod\u00e8les commerciaux plus r\u00e9silients pour att\u00e9nuer les risques futurs, selon des \u00e9tudes de march\u00e9 concr\u00e8tes.<\/li>\n<\/ul>","protected":false},"excerpt":{"rendered":"<p>Des \u00e9tudes de march\u00e9 concr\u00e8tes permettent aux entreprises de se tenir au courant des innovations et des tendances du march\u00e9 et de profiter des opportunit\u00e9s.<\/p>","protected":false},"author":1,"featured_media":64243,"parent":84498,"menu_order":318,"comment_status":"closed","ping_status":"closed","template":"","meta":{"footnotes":""},"class_list":["post-42977","page","type-page","status-publish","has-post-thumbnail"],"_links":{"self":[{"href":"https:\/\/www.sisinternational.com\/fr\/wp-json\/wp\/v2\/pages\/42977","targetHints":{"allow":["GET"]}}],"collection":[{"href":"https:\/\/www.sisinternational.com\/fr\/wp-json\/wp\/v2\/pages"}],"about":[{"href":"https:\/\/www.sisinternational.com\/fr\/wp-json\/wp\/v2\/types\/page"}],"author":[{"embeddable":true,"href":"https:\/\/www.sisinternational.com\/fr\/wp-json\/wp\/v2\/users\/1"}],"replies":[{"embeddable":true,"href":"https:\/\/www.sisinternational.com\/fr\/wp-json\/wp\/v2\/comments?post=42977"}],"version-history":[{"count":4,"href":"https:\/\/www.sisinternational.com\/fr\/wp-json\/wp\/v2\/pages\/42977\/revisions"}],"predecessor-version":[{"id":81521,"href":"https:\/\/www.sisinternational.com\/fr\/wp-json\/wp\/v2\/pages\/42977\/revisions\/81521"}],"up":[{"embeddable":true,"href":"https:\/\/www.sisinternational.com\/fr\/wp-json\/wp\/v2\/pages\/84498"}],"wp:featuredmedia":[{"embeddable":true,"href":"https:\/\/www.sisinternational.com\/fr\/wp-json\/wp\/v2\/media\/64243"}],"wp:attachment":[{"href":"https:\/\/www.sisinternational.com\/fr\/wp-json\/wp\/v2\/media?parent=42977"}],"curies":[{"name":"wp","href":"https:\/\/api.w.org\/{rel}","templated":true}]}}