{"id":42926,"date":"2023-07-26T14:37:01","date_gmt":"2023-07-26T18:37:01","guid":{"rendered":"https:\/\/www.sisinternational.com\/?page_id=42926"},"modified":"2025-10-29T23:56:31","modified_gmt":"2025-10-30T03:56:31","slug":"etude-de-marche-a-tampa-en-floride","status":"publish","type":"page","link":"https:\/\/www.sisinternational.com\/fr\/couverture\/north-america\/couverture-des-etats-unis\/etude-de-marche-a-tampa-en-floride\/","title":{"rendered":"\u00c9tude de march\u00e9 \u00e0 Tampa, Floride"},"content":{"rendered":"<h1 class=\"wp-block-heading\">\u00c9tude de march\u00e9 \u00e0 Tampa, Floride<\/h1>\n\n\n\n<figure class=\"gb-block-image gb-block-image-8c63ec84\"><img loading=\"lazy\" decoding=\"async\" width=\"1456\" height=\"816\" class=\"gb-image gb-image-8c63ec84\" src=\"https:\/\/www.sisinternational.com\/wp-content\/uploads\/2025\/09\/Jacksonville-Florida-2.jpg\" alt=\"\u00c9tudes de march\u00e9 et strat\u00e9gie internationales SIS\" title=\"Jacksonville Florida (2)\" srcset=\"https:\/\/www.sisinternational.com\/wp-content\/uploads\/2025\/09\/Jacksonville-Florida-2.jpg 1456w, https:\/\/www.sisinternational.com\/wp-content\/uploads\/2025\/09\/Jacksonville-Florida-2-300x168.jpg 300w, https:\/\/www.sisinternational.com\/wp-content\/uploads\/2025\/09\/Jacksonville-Florida-2-1024x574.jpg 1024w, https:\/\/www.sisinternational.com\/wp-content\/uploads\/2025\/09\/Jacksonville-Florida-2-768x430.jpg 768w, https:\/\/www.sisinternational.com\/wp-content\/uploads\/2025\/09\/Jacksonville-Florida-2-18x10.jpg 18w\" sizes=\"auto, (max-width: 1456px) 100vw, 1456px\"><\/figure>\n\n\n\n<p><\/p>\n\n\n\n<hr class=\"wp-block-separator has-alpha-channel-opacity is-style-dots\"\/>\n\n\n\n<p>La ville de Tampa a une \u00e9conomie en plein essor et une population diversifi\u00e9e \u2013 et les \u00e9tudes de march\u00e9 jouent un r\u00f4le crucial pour obtenir des informations approfondies sur la dynamique du march\u00e9, le comportement des consommateurs, la concurrence et les tendances du secteur de Tampa.<\/p>\n\n\n\n<p>Pour cette raison, comprendre le march\u00e9 de Tampa (ses consommateurs, ses caract\u00e9ristiques uniques, ses d\u00e9fis et opportunit\u00e9s) n\u00e9cessite une approche solide et globale que poss\u00e8dent d\u00e9j\u00e0 les experts de ce march\u00e9. Cette approche doit non seulement saisir les grandes tendances du march\u00e9, mais \u00e9galement r\u00e9v\u00e9ler les d\u00e9tails nuanc\u00e9s qui peuvent faire la diff\u00e9rence dans un environnement commercial hautement concurrentiel.<\/p>\n\n\n\n<p><\/p>\n\n\n\n<div class=\"wp-block-columns has-global-color-9-color has-text-color has-background has-link-color wp-elements-b942dd1e4cb4ad704b2a5f8b5947cdf5 is-layout-flex wp-container-core-columns-is-layout-9d6595d7 wp-block-columns-is-layout-flex\" style=\"background-color:#f7f9fa6e\">\n<div class=\"wp-block-column is-layout-flow wp-block-column-is-layout-flow\" style=\"flex-basis:18%\"><\/div>\n\n\n\n<div class=\"wp-block-column is-vertically-aligned-center is-layout-flow wp-block-column-is-layout-flow\" style=\"flex-basis:71.28%\">\n<div class=\"wp-block-rank-math-toc-block aligncenter has-global-color-9-color has-text-color has-link-color wp-elements-ee889757fe9c4eb434e2b529c6c61512\" style=\"font-size:16px\" id=\"rank-math-toc\"><h2><br><strong>T<\/strong>able of Contents<\/h2><nav><ul><li class=\"\"><a href=\"#tampas-market-profile\">Profil du march\u00e9 de Tampa<\/a><\/li><li class=\"\"><a href=\"#digital-market-research-in-tampa-florida\">\u00c9tude de march\u00e9 num\u00e9rique \u00e0 Tampa, Floride<\/a><\/li><li class=\"\"><a href=\"#opportunities-in-conducting-market-research-in-tampa-florida\">Opportunit\u00e9s de r\u00e9alisation d&#039;\u00e9tudes de march\u00e9 \u00e0 Tampa, en Floride<\/a><\/li><li class=\"\"><a href=\"#challenges-in-conducting-market-research-in-tampa\">D\u00e9fis li\u00e9s \u00e0 la r\u00e9alisation d\u2019\u00e9tudes de march\u00e9 \u00e0 Tampa<\/a><\/li><\/ul><\/nav><\/div>\n<\/div>\n<\/div>\n\n\n\n<p><\/p>\n\n\n\n<h2 class=\"wp-block-heading\" id=\"tampas-market-profile\">Profil du march\u00e9 de Tampa<\/h2>\n\n\n\n<p>L&#039;\u00e9conomie de Tampa est diversifi\u00e9e et offre un m\u00e9lange de secteurs traditionnels et \u00e9mergents tels que la finance, la sant\u00e9, le tourisme et l&#039;immobilier. Cependant, au cours des derni\u00e8res ann\u00e9es, Tampa a connu une croissance impressionnante dans le secteur de la technologie et de l&#039;innovation, avec une augmentation du nombre de startups technologiques et le d\u00e9veloppement de p\u00f4les d&#039;innovation.<\/p>\n\n\n\n<p>D&#039;un autre c\u00f4t\u00e9, les consommateurs de Tampa sont connus pour leur sophistication et leur adaptabilit\u00e9. Ils adoptent rapidement les nouvelles technologies, produits et services, faisant de Tampa un terrain d&#039;essai id\u00e9al pour les offres innovantes. Dans le m\u00eame temps, les consommateurs de Tampa appr\u00e9cient la qualit\u00e9 et l&#039;authenticit\u00e9, favorisant les entreprises qui proposent des produits de qualit\u00e9 sup\u00e9rieure et d\u00e9montrent un engagement envers la communaut\u00e9 locale.<\/p>\n\n\n\n<h3 class=\"wp-block-heading\">L&#039;importance des \u00e9tudes de march\u00e9 \u00e0 Tampa pour se d\u00e9marquer<\/h3>\n\n\n\n<figure class=\"gb-block-image gb-block-image-82faff04\"><img loading=\"lazy\" decoding=\"async\" width=\"1456\" height=\"816\" class=\"gb-image gb-image-82faff04\" src=\"https:\/\/www.sisinternational.com\/wp-content\/uploads\/2025\/09\/Jacksonville-Florida-1.jpg\" alt=\"\u00c9tudes de march\u00e9 et strat\u00e9gie internationales SIS\" title=\"Jacksonville Florida (1)\" srcset=\"https:\/\/www.sisinternational.com\/wp-content\/uploads\/2025\/09\/Jacksonville-Florida-1.jpg 1456w, https:\/\/www.sisinternational.com\/wp-content\/uploads\/2025\/09\/Jacksonville-Florida-1-300x168.jpg 300w, https:\/\/www.sisinternational.com\/wp-content\/uploads\/2025\/09\/Jacksonville-Florida-1-1024x574.jpg 1024w, https:\/\/www.sisinternational.com\/wp-content\/uploads\/2025\/09\/Jacksonville-Florida-1-768x430.jpg 768w, https:\/\/www.sisinternational.com\/wp-content\/uploads\/2025\/09\/Jacksonville-Florida-1-18x10.jpg 18w\" sizes=\"auto, (max-width: 1456px) 100vw, 1456px\"><\/figure>\n\n\n\n<p><\/p>\n\n\n\n<p>Les \u00e9tudes de march\u00e9 \u00e0 Tampa peuvent fournir aux entreprises les informations essentielles dont elles ont besoin pour comprendre le march\u00e9 \u2013 et finalement r\u00e9ussir dans cette ville dynamique. Par cons\u00e9quent, certains des avantages les plus remarquables sont\u00a0:<\/p>\n\n\n\n<ul class=\"wp-block-list\">\n<li><strong>Comprendre le march\u00e9 diversifi\u00e9\u00a0:<\/strong> Le profil \u00e9conomique et d\u00e9mographique diversifi\u00e9 de Tampa signifie que les entreprises doivent comprendre un large \u00e9ventail de comportements et de pr\u00e9f\u00e9rences des consommateurs. Par cons\u00e9quent, les \u00e9tudes de march\u00e9 r\u00e9alis\u00e9es \u00e0 Tampa fournissent un aper\u00e7u de ces aspects, permettant aux entreprises d\u2019adapter leurs produits ou services pour r\u00e9pondre aux besoins sp\u00e9cifiques des diff\u00e9rents groupes d\u00e9mographiques de consommateurs.<\/li>\n\n\n\n<li><strong>Garder une longueur d&#039;avance sur la concurrence\u00a0:<\/strong> Les \u00e9tudes de march\u00e9 \u00e0 Tampa offrent une compr\u00e9hension compl\u00e8te du paysage concurrentiel, y compris les strat\u00e9gies, les forces et les faiblesses des concurrents. Ces connaissances peuvent aider les entreprises \u00e0 identifier les opportunit\u00e9s de diff\u00e9renciation et d\u2019avantage concurrentiel dans un environnement commercial hautement comp\u00e9titif (qui devient encore plus comp\u00e9titif).<\/li>\n\n\n\n<li><strong>Identifier les opportunit\u00e9s et les risques du march\u00e9\u00a0:<\/strong> Les \u00e9tudes de march\u00e9 \u00e0 Tampa aident les entreprises \u00e0 identifier les tendances \u00e9mergentes, les opportunit\u00e9s potentielles et les risques sur le march\u00e9. Ces \u00e9tudes peuvent rapidement identifier une demande croissante pour un produit particulier, des changements dans les habitudes de consommation des consommateurs, des changements \u00e9conomiques ou l&#039;impact de nouvelles r\u00e9glementations.<\/li>\n\n\n\n<li><strong>Test de nouveaux produits et services\u00a0:<\/strong> Compte tenu de la nature adaptative et sophistiqu\u00e9e des consommateurs de Tampa, la ville offre un environnement id\u00e9al pour tester de nouveaux produits, services et strat\u00e9gies marketing. C&#039;est pourquoi les \u00e9tudes de march\u00e9 r\u00e9alis\u00e9es \u00e0 Tampa aident les entreprises \u00e0 \u00e9valuer les r\u00e9actions des consommateurs \u00e0 ces nouvelles id\u00e9es avant un lancement \u00e0 grande \u00e9chelle, r\u00e9duisant ainsi le risque d&#039;\u00e9checs co\u00fbteux.<\/li>\n<\/ul>\n\n\n\n<p><\/p>\n\n\n\n<!DOCTYPE html>\n<html lang=\"en\">\n<head>\n    <meta charset=\"UTF-8\">\n    <meta name=\"viewport\" content=\"width=device-width, initial-scale=1.0\">\n    <title>Tampa, FL Market Data<\/title>\n    <style>\n        \/* Responsive Table & SIS International-inspired Styling\n          - Uses corporate blue and a clean, sans-serif font.\n          - Fully responsive design ensures no page distortion on any device.\n        *\/\n        \n        .sis-table-container {\n            font-family: -apple-system, BlinkMacSystemFont, \"Segoe UI\", Roboto, Helvetica, Arial, sans-serif;\n            margin: 2em 0;\n            width: 100%;\n            \/* Allows horizontal scroll on small screens to prevent page distortion *\/\n            overflow-x: auto;\n            -webkit-overflow-scrolling: touch; \/* Smooth scrolling on iOS *\/\n        }\n\n        .sis-table-container h3 {\n            font-size: 1.5rem; \/* 24px *\/\n            font-weight: 600;\n            color: #333;\n            margin-bottom: 0.75em;\n            padding: 0;\n        }\n\n        .sis-table {\n            width: 100%;\n            border-collapse: collapse;\n            min-width: 550px; \/* Ensures table structure holds, container scrolls if needed *\/\n        }\n\n        .sis-table th,\n        .sis-table td {\n            padding: 12px 15px;\n            text-align: left;\n            line-height: 1.5;\n        }\n\n        \/* Header Styling *\/\n        .sis-table thead th {\n            background-color: #005cbf; \/* SIS corporate blue *\/\n            color: #ffffff;\n            font-weight: 600;\n            font-size: 0.9rem; \n            text-transform: uppercase;\n            letter-spacing: 0.5px;\n        }\n\n        \/* Body Styling *\/\n        .sis-table tbody tr {\n            border-bottom: 1px solid #ddd;\n        }\n\n        .sis-table tbody tr:nth-of-type(even) {\n            background-color: #f8f8f8; \/* Light gray alternate rows *\/\n        }\n\n        .sis-table tbody tr:last-of-type {\n            border-bottom: 2px solid #005cbf; \/* Match header blue *\/\n        }\n\n        .sis-table td {\n            color: #444;\n            font-size: 0.95rem; \n            vertical-align: top;\n        }\n        \n        \/* Align data cells *\/\n        .sis-table td:nth-child(2) {\n            text-align: right;\n            white-space: nowrap; \/* Prevents long numbers from wrapping *\/\n        }\n         .sis-table th:nth-child(2) {\n            text-align: right;\n        }\n\n        .sis-table-container .source-caption {\n            margin-top: 10px;\n            font-size: 0.85rem; \n            color: #555;\n            font-style: italic;\n        }\n\n        .sis-table-container .source-caption a {\n            color: #005cbf; \/* Match brand blue *\/\n            text-decoration: none;\n        }\n\n        .sis-table-container .source-caption a:hover {\n            text-decoration: underline;\n        }\n    <\/style>\n<\/head>\n<body>\n\n    <!-- \n      HTML for WordPress:\n      Copy and paste the code from .sis-table-container start to end into a Custom HTML block.\n    -->\n    <div class=\"sis-table-container\">\n        \n        <h3>Tampa, Florida Key Economic and Market Indicators<\/h3>\n\n        <table class=\"sis-table\">\n            <thead>\n                <tr>\n                    <th>Indicator<\/th>\n                    <th>Value (Recent Estimate)<\/th>\n                <\/tr>\n            <\/thead>\n            <tbody>\n                <tr>\n                    <td>Tampa Metro Area (MSA) Population<\/td>\n                    <td>~3.2 Million<\/td>\n                <\/tr>\n                <tr>\n                    <td>Median Household Income<\/td>\n                    <td>~$65,000<\/td>\n                <\/tr>\n                <tr>\n                    <td>Secteurs \u00e9conomiques cl\u00e9s<\/td>\n                    <td>Financial Services, Healthcare, Logistics\/Trade<\/td>\n                <\/tr>\n                 <tr>\n                    <td>Annualized GDP Growth Rate (Metro)<\/td>\n                    <td>Consistent Positive Growth Rate<\/td>\n                <\/tr>\n                 <tr>\n                    <td>Unemployment Rate<\/td>\n                    <td>Consistently Below National Average<\/td>\n                <\/tr>\n            <\/tbody>\n        <\/table>\n\n        <p class=\"source-caption\">\n             Source: Data derived from the <a href=\"https:\/\/data.census.gov\/cedsci\/\" target=\"_blank\" rel=\"noopener noreferrer\">U.S. Census Bureau<\/a> et <a href=\"https:\/\/www.bls.gov\/eag\/eag.fl_tampa_msa.htm\" target=\"_blank\" rel=\"noopener noreferrer\">Bureau of Labor Statistics (BLS)<\/a> reports from recent periods.\n        <\/p>\n\n    <\/div>\n\n<\/body>\n<\/html>\n\n\n\n<p><\/p>\n\n\n\n<h2 class=\"wp-block-heading\" id=\"digital-market-research-in-tampa-florida\">\u00c9tude de march\u00e9 num\u00e9rique \u00e0 Tampa, Floride<\/h2>\n\n\n\n<p>In the digital age, market research has evolved significantly and traditional methods are complemented by digital techniques that leverage the vast amounts of data available online. Tampa, with its tech-savvy population and growing digital economy, is an ideal environment for <a href=\"https:\/\/www.sisinternational.com\/fr\/sis-lance-de-nouvelles-solutions-de-recherche-numerique\/\" title=\"SIS lance de nouvelles solutions de recherche num\u00e9rique\" data-wpil-monitor-id=\"9773\">digital market research<\/a>.<\/p>\n\n\n\n<ul class=\"wp-block-list\">\n<li><strong>Enqu\u00eates et sondages en ligne\u00a0:<\/strong> Il s\u2019agit de l\u2019une des m\u00e9thodes d\u2019\u00e9tude de march\u00e9 num\u00e9rique les plus courantes \u00e0 Tampa. Ces outils fournissent des informations essentielles sur les pr\u00e9f\u00e9rences, les attitudes et les comportements des consommateurs. Ils permettent \u00e9galement aux entreprises d&#039;atteindre un groupe large et diversifi\u00e9 de r\u00e9pondants de mani\u00e8re rentable et efficace.<\/li>\n\n\n\n<li><strong>Analyse des m\u00e9dias sociaux\u00a0:<\/strong> Social media platforms are rich sources of consumer data nowadays. By analyzing likes, shares, comments, and other forms of engagement, businesses can gain insights into consumer sentiment and trends. Social media analytics can also help businesses monitor their <a href=\"https:\/\/www.sisinternational.com\/fr\/publicite-choc-et-marketing-choc\/\" title=\"Shockvertising et marketing de choc\" data-wpil-monitor-id=\"9777\">brand<\/a> reputation and understand the impact of their marketing campaigns.<\/li>\n\n\n\n<li><strong>Analyses d&#039;audience Internet:<\/strong> Web analytics can provide detailed insights into how consumers interact with a business&#8217;s online presence. This can include metrics such as website visit duration, bounce rates, and conversion rates. Such data can help businesses optimize their websites and <a href=\"https:\/\/www.sisinternational.com\/fr\/strategie-marketing-complete-pour-une-societe-americaine-de-finances-personnelles-en-ligne\/\" title=\"Strat\u00e9gie marketing compl\u00e8te pour une soci\u00e9t\u00e9 am\u00e9ricaine de finances personnelles en ligne\" data-wpil-monitor-id=\"9795\">online marketing strategies<\/a> to better serve their customers and achieve their business objectives.<\/li>\n\n\n\n<li><strong>Intelligence artificielle (IA) et Big Data\u00a0:<\/strong> These technologies can process vast amounts of data from diverse sources to uncover patterns and trends that might be missed by traditional <a href=\"https:\/\/www.sisinternational.com\/fr\/quantitative-market-research-methods-and-techniques\/\" title=\"Quantitative Market Research Methods and Techniques\" data-wpil-monitor-id=\"9780\">market research methods<\/a>. They can also provide predictive analytics and a level of automation never seen before, enabling companies to forecast <a href=\"https:\/\/www.sisinternational.com\/fr\/tendances-futures-des-etudes-de-marche-qualitatives\/\" title=\"Tendances futures en mati\u00e8re d&#039;\u00e9tudes de march\u00e9 qualitatives\" data-wpil-monitor-id=\"9792\">future market trends<\/a> and consumer behaviors.<\/li>\n\n\n\n<li><strong><a href=\"https:\/\/www.sisinternational.com\/fr\/solutions\/solutions-de-recherche-qualitative-et-quantitative\/groupes-de-discussion-en-ligne-2\/\" title=\"Groupes de discussion en ligne\" data-wpil-monitor-id=\"9782\">Groupes de discussion en ligne<\/a> and Interviews:<\/strong> Les groupes de discussion et les entretiens en ligne peuvent fournir des informations qualitatives sur les attitudes et les comportements des consommateurs. Ces m\u00e9thodes num\u00e9riques permettent un format plus flexible et plus pratique tant pour les entreprises que pour les participants par rapport aux m\u00e9thodes traditionnelles en face \u00e0 face.<\/li>\n<\/ul>\n\n\n\n<h2 class=\"wp-block-heading\" id=\"opportunities-in-conducting-market-research-in-tampa-florida\">Opportunit\u00e9s de r\u00e9alisation d&#039;\u00e9tudes de march\u00e9 \u00e0 Tampa, en Floride<\/h2>\n\n\n\n<figure class=\"gb-block-image gb-block-image-717c215b\"><img loading=\"lazy\" decoding=\"async\" width=\"1456\" height=\"816\" class=\"gb-image gb-image-717c215b\" src=\"https:\/\/www.sisinternational.com\/wp-content\/uploads\/2025\/09\/Tallahassee-Florida-5.jpg\" alt=\"\u00c9tudes de march\u00e9 et strat\u00e9gie internationales SIS\" title=\"Tallahassee, Florida (5)\" srcset=\"https:\/\/www.sisinternational.com\/wp-content\/uploads\/2025\/09\/Tallahassee-Florida-5.jpg 1456w, https:\/\/www.sisinternational.com\/wp-content\/uploads\/2025\/09\/Tallahassee-Florida-5-300x168.jpg 300w, https:\/\/www.sisinternational.com\/wp-content\/uploads\/2025\/09\/Tallahassee-Florida-5-1024x574.jpg 1024w, https:\/\/www.sisinternational.com\/wp-content\/uploads\/2025\/09\/Tallahassee-Florida-5-768x430.jpg 768w, https:\/\/www.sisinternational.com\/wp-content\/uploads\/2025\/09\/Tallahassee-Florida-5-18x10.jpg 18w\" sizes=\"auto, (max-width: 1456px) 100vw, 1456px\"><\/figure>\n\n\n\n<p><\/p>\n\n\n\n<p>R\u00e9aliser des \u00e9tudes de march\u00e9 \u00e0 Tampa offre aux entreprises une gamme d&#039;opportunit\u00e9s pour comprendre la dynamique du march\u00e9, optimiser leurs op\u00e9rations et garder une longueur d&#039;avance sur la concurrence. Voici quelques opportunit\u00e9s remarquables\u00a0:<\/p>\n\n\n\n<ul class=\"wp-block-list\">\n<li><strong>Capitaliser sur le secteur technologique en croissance de Tampa\u00a0:<\/strong> Le secteur technologique de Tampa conna\u00eet une croissance rapide, attirant des consommateurs f\u00e9rus de technologie et favorisant une culture de l&#039;innovation. Il s&#039;agit d&#039;une situation favorable pour les nouvelles entreprises et les entreprises \u00e9tablies sur le march\u00e9 qui souhaitent p\u00e9n\u00e9trer \u00e0 Tampa.<\/li>\n\n\n\n<li><strong>Acc\u00e8s \u00e0 des sources de donn\u00e9es riches\u00a0:<\/strong> L&#039;infrastructure num\u00e9rique avanc\u00e9e de Tampa et l&#039;utilisation g\u00e9n\u00e9ralis\u00e9e des plateformes num\u00e9riques par les consommateurs permettent aux entreprises d&#039;acc\u00e9der \u00e0 une multitude de donn\u00e9es. Ces donn\u00e9es peuvent fournir des informations en temps r\u00e9el sur le comportement des consommateurs, les tendances du march\u00e9 et la dynamique concurrentielle, offrant ainsi aux entreprises de pr\u00e9cieuses opportunit\u00e9s d&#039;acqu\u00e9rir un avantage concurrentiel.<\/li>\n\n\n\n<li><strong>Tirer parti de la croissance \u00e9conomique de Tampa\u00a0:<\/strong> L&#039;\u00e9conomie de Tampa conna\u00eet une croissance rapide, cr\u00e9ant de nouvelles opportunit\u00e9s pour les entreprises de divers secteurs. Les \u00e9tudes de march\u00e9 peuvent aider les entreprises \u00e0 rester inform\u00e9es des tendances \u00e9conomiques, \u00e0 identifier les opportunit\u00e9s \u00e9mergentes et \u00e0 d\u00e9velopper des strat\u00e9gies pour tirer parti de cette croissance.<\/li>\n<\/ul>\n\n\n\n<h2 class=\"wp-block-heading\" id=\"challenges-in-conducting-market-research-in-tampa\">D\u00e9fis li\u00e9s \u00e0 la r\u00e9alisation d\u2019\u00e9tudes de march\u00e9 \u00e0 Tampa<\/h2>\n\n\n\n<p>Si la r\u00e9alisation d&#039;\u00e9tudes de march\u00e9 \u00e0 Tampa offre de nombreux avantages et opportunit\u00e9s, elle pr\u00e9sente \u00e9galement plusieurs d\u00e9fis que les entreprises doivent prendre en compte avant d&#039;investir dans cette ville.<\/p>\n\n\n\n<ul class=\"wp-block-list\">\n<li><strong>Suivre les changements rapides\u00a0:<\/strong> Tampa&#8217;s market is dynamic, with consumer preferences, market trends, and competitive dynamics changing rapidly. Thus, keeping up with these changes and ensuring that <a href=\"https:\/\/www.sisinternational.com\/fr\/competence\/les-industries\/etude-de-marche-sur-les-donnees-de-formation\/\" title=\"\u00c9tude de march\u00e9 sur les donn\u00e9es de formation\" data-wpil-monitor-id=\"9785\">market research data<\/a> remains current and relevant can be a challenging task.<\/li>\n\n\n\n<li><strong>Naviguer dans un paysage concurrentiel\u00a0:<\/strong> L&#039;environnement commercial \u00e0 Tampa est tr\u00e8s comp\u00e9titif, avec de nombreuses entreprises se disputant une part de march\u00e9 dans divers secteurs. Par cons\u00e9quent, obtenir des informations pr\u00e9cises et d\u00e9taill\u00e9es sur la concurrence peut s\u2019av\u00e9rer difficile, mais il est crucial pour d\u00e9velopper des strat\u00e9gies commerciales efficaces.<\/li>\n\n\n\n<li><strong>Gestion de gros volumes de donn\u00e9es\u00a0:<\/strong> L\u2019\u00e8re num\u00e9rique a g\u00e9n\u00e9r\u00e9 une abondance de donn\u00e9es disponibles pour les \u00e9tudes de march\u00e9. Cependant, g\u00e9rer et donner un sens \u00e0 ces grands volumes de donn\u00e9es peut s\u2019av\u00e9rer difficile. Les entreprises ont besoin de comp\u00e9tences et d\u2019outils avanc\u00e9s en mati\u00e8re d\u2019analyse de donn\u00e9es pour extraire des informations significatives de ces donn\u00e9es.<\/li>\n<\/ul>\n\n\n\n<p><\/p>\n\n\n<h2>Notre emplacement \u00e0 New York<\/h2>\n<p><!-- \/wp:post-content --> <!-- wp:html --> <iframe loading=\"lazy\" src=\"https:\/\/www.google.com\/maps\/embed?pb=!1m18!1m12!1m3!1d3022.976188376966!2d-73.99130312499956!3d40.740549471389315!2m3!1f0!2f0!3f0!3m2!1i1024!2i768!4f13.1!3m3!1m2!1s0x89c259a15798c731%3A0xd695d09bdd495f25!2s11%20E%2022nd%20St%20FL%202%2C%20New%20York%2C%20NY%2010010%2C%20USA!5e0!3m2!1sen!2spe!4v1726171763526!5m2!1sen!2spe\" width=\"600\" height=\"450\" allowfullscreen=\"allowfullscreen\" data-mce-fragment=\"1\"><\/iframe> <!-- \/wp:html --> <!-- wp:paragraph --><\/p>\n<h3 class=\"wp-block-heading\">11 E 22nd Street, \u00e9tage 2, New York, NY 10010 T\u00e9l. : +1(212) 505-6805<\/h3>\n<hr \/>\n<h2><span style=\"font-weight: 400;\">\u00c0 propos de SIS International<\/span><\/h2>\n<p><a href=\"https:\/\/www.sisinternational.com\/fr\/\"><span style=\"font-weight: 400;\">SIS International<\/span><\/a><span style=\"font-weight: 400;\"> offers Quantitative, Qualitative, and Strategy Research. We provide data, tools, strategies, reports, and insights for decision-making. We also conduct interviews, surveys, focus groups, and other <a href=\"https:\/\/www.sisinternational.com\/fr\/competence\/les-industries\/etude-de-marche-automobile\/cliniques-automobiles-statiques-et-dynamiques\/\" title=\"Market Research Methods for Automotive Research &#8211; Static vs Dynamic Car Clinics\" data-wpil-monitor-id=\"9789\">Market Research methods<\/a> and approaches.<\/span><a href=\"https:\/\/www.sisinternational.com\/fr\/a-propos-de-la-recherche-internationale-sis\/contact-sis-international-market-research\/\"><span style=\"font-weight: 400;\"> Contactez nous<\/span><\/a><span style=\"font-weight: 400;\"> pour votre prochain projet d&#039;\u00e9tude de march\u00e9.<\/span><\/p>\n<p><!-- wp:heading --><\/p>\n<h2 id=\"about-sis-international\" class=\"wp-block-heading\">\u00a0<\/h2>\n<p><!-- \/wp:heading --><\/p>","protected":false},"excerpt":{"rendered":"<p>Lorsqu&#039;elles effectuent des \u00e9tudes de march\u00e9 \u00e0 Tampa, les entreprises peuvent utiliser leurs informations sur le march\u00e9 pour am\u00e9liorer leurs op\u00e9rations et acqu\u00e9rir un avantage concurrentiel.<\/p>","protected":false},"author":1,"featured_media":66579,"parent":19303,"menu_order":66,"comment_status":"closed","ping_status":"closed","template":"","meta":{"footnotes":""},"class_list":["post-42926","page","type-page","status-publish","has-post-thumbnail"],"_links":{"self":[{"href":"https:\/\/www.sisinternational.com\/fr\/wp-json\/wp\/v2\/pages\/42926","targetHints":{"allow":["GET"]}}],"collection":[{"href":"https:\/\/www.sisinternational.com\/fr\/wp-json\/wp\/v2\/pages"}],"about":[{"href":"https:\/\/www.sisinternational.com\/fr\/wp-json\/wp\/v2\/types\/page"}],"author":[{"embeddable":true,"href":"https:\/\/www.sisinternational.com\/fr\/wp-json\/wp\/v2\/users\/1"}],"replies":[{"embeddable":true,"href":"https:\/\/www.sisinternational.com\/fr\/wp-json\/wp\/v2\/comments?post=42926"}],"version-history":[{"count":6,"href":"https:\/\/www.sisinternational.com\/fr\/wp-json\/wp\/v2\/pages\/42926\/revisions"}],"predecessor-version":[{"id":81628,"href":"https:\/\/www.sisinternational.com\/fr\/wp-json\/wp\/v2\/pages\/42926\/revisions\/81628"}],"up":[{"embeddable":true,"href":"https:\/\/www.sisinternational.com\/fr\/wp-json\/wp\/v2\/pages\/19303"}],"wp:featuredmedia":[{"embeddable":true,"href":"https:\/\/www.sisinternational.com\/fr\/wp-json\/wp\/v2\/media\/66579"}],"wp:attachment":[{"href":"https:\/\/www.sisinternational.com\/fr\/wp-json\/wp\/v2\/media?parent=42926"}],"curies":[{"name":"wp","href":"https:\/\/api.w.org\/{rel}","templated":true}]}}