{"id":42915,"date":"2023-07-26T12:00:52","date_gmt":"2023-07-26T16:00:52","guid":{"rendered":"https:\/\/www.sisinternational.com\/?page_id=42915"},"modified":"2025-10-29T17:35:22","modified_gmt":"2025-10-29T21:35:22","slug":"etude-de-marche-naples-floride","status":"publish","type":"page","link":"https:\/\/www.sisinternational.com\/fr\/couverture\/north-america\/couverture-des-etats-unis\/etude-de-marche-naples-floride\/","title":{"rendered":"\u00c9tude de march\u00e9 \u00e0 Naples, Floride"},"content":{"rendered":"<h1 class=\"wp-block-heading\">\u00c9tude de march\u00e9 \u00e0 Naples, Floride<\/h1>\n\n\n\n<figure class=\"gb-block-image gb-block-image-b35bdb69\"><img loading=\"lazy\" decoding=\"async\" width=\"1456\" height=\"816\" class=\"gb-image gb-image-b35bdb69\" src=\"https:\/\/www.sisinternational.com\/wp-content\/uploads\/2025\/09\/Naples-Florida-4.jpg\" alt=\"\u00c9tudes de march\u00e9 et strat\u00e9gie internationales SIS\" title=\"Naples, Florida (4)\" srcset=\"https:\/\/www.sisinternational.com\/wp-content\/uploads\/2025\/09\/Naples-Florida-4.jpg 1456w, https:\/\/www.sisinternational.com\/wp-content\/uploads\/2025\/09\/Naples-Florida-4-300x168.jpg 300w, https:\/\/www.sisinternational.com\/wp-content\/uploads\/2025\/09\/Naples-Florida-4-1024x574.jpg 1024w, https:\/\/www.sisinternational.com\/wp-content\/uploads\/2025\/09\/Naples-Florida-4-768x430.jpg 768w, https:\/\/www.sisinternational.com\/wp-content\/uploads\/2025\/09\/Naples-Florida-4-18x10.jpg 18w\" sizes=\"auto, (max-width: 1456px) 100vw, 1456px\"><\/figure>\n\n\n\n<p><\/p>\n\n\n\n<hr class=\"wp-block-separator has-alpha-channel-opacity is-style-dots\"\/>\n\n\n\n<p>Le paysage de la strat\u00e9gie commerciale et de la prise de d\u00e9cision est de plus en plus ax\u00e9 sur les donn\u00e9es \u2013 et Naples, en Floride, ne fait pas exception.<\/p>\n\n\n\n<p>Des PME locales aux conglom\u00e9rats mondiaux, les organisations comprennent l\u2019importance d\u2019analyser le march\u00e9 pour naviguer dans ses complexit\u00e9s. Pour cette raison, l\u2019\u00e9tude de march\u00e9 \u00e0 Naples est devenue plus qu\u2019un simple outil strat\u00e9gique indispensable \u2013 et constitue d\u00e9sormais un \u00e9l\u00e9ment essentiel de tout plan d\u2019affaires solide.<\/p>\n\n\n\n<p><\/p>\n\n\n\n<div class=\"wp-block-columns has-global-color-9-color has-text-color has-background has-link-color wp-elements-6256118dcc002a9f44d8a3fbd925de12 is-layout-flex wp-container-core-columns-is-layout-9d6595d7 wp-block-columns-is-layout-flex\" style=\"background-color:#f7f9fa6e\">\n<div class=\"wp-block-column is-layout-flow wp-block-column-is-layout-flow\" style=\"flex-basis:18%\"><\/div>\n\n\n\n<div class=\"wp-block-column is-vertically-aligned-center is-layout-flow wp-block-column-is-layout-flow\" style=\"flex-basis:71.28%\">\n<div class=\"wp-block-rank-math-toc-block aligncenter has-global-color-9-color has-text-color has-link-color wp-elements-1263cee8700e281a83730e501110397b\" style=\"font-size:16px\" id=\"rank-math-toc\"><h2><br><strong>T<\/strong>able of Contents<\/h2><nav><ul><li class=\"\"><a href=\"#overview-of-naples-economy\">Aper\u00e7u de l&#039;\u00e9conomie de Naples<\/a><\/li><li class=\"\"><a href=\"#why-is-it-crucial-to-conduct-market-research-in-naples\">Pourquoi est-il crucial de mener une \u00e9tude de march\u00e9 \u00e0 Naples ?<\/a><\/li><li class=\"\"><a href=\"#market-research-in-naples-its-current-trends\">\u00c9tude de march\u00e9 \u00e0 Naples : ses tendances actuelles<\/a><\/li><li class=\"\"><a href=\"#opportunities-and-challenges-in-conducting-market-research-in-naples\">Opportunit\u00e9s et d\u00e9fis li\u00e9s \u00e0 la r\u00e9alisation d\u2019\u00e9tudes de march\u00e9 \u00e0 Naples<\/a><\/li><li class=\"\"><a href=\"#future-prospects-of-market-research-in-naples\">Perspectives futures des \u00e9tudes de march\u00e9 \u00e0 Naples<\/a><\/li><\/ul><\/nav><\/div>\n<\/div>\n<\/div>\n\n\n\n<p><\/p>\n\n\n\n<h2 class=\"wp-block-heading\" id=\"overview-of-naples-economy\">Aper\u00e7u de l&#039;\u00e9conomie de Naples<\/h2>\n\n\n\n<p>L&#039;industrie du tourisme est l&#039;un des \u00e9l\u00e9ments cl\u00e9s de la structure \u00e9conomique de la ville. Les plages uniques et populaires de Naples, les terrains de golf et les boutiques de luxe en font une destination populaire aupr\u00e8s des touristes. La croissance saisonni\u00e8re de la population qui accompagne ce tourisme a un impact majeur sur l&#039;\u00e9conomie locale et affecte le comportement des consommateurs.<\/p>\n\n\n\n<p>Naples accueille \u00e9galement un nombre croissant de retrait\u00e9s. Ce vieillissement de la population a un impact significatif sur le secteur de la sant\u00e9, qui constitue un autre secteur cl\u00e9 de la ville. Les prestataires de soins de sant\u00e9, allant des h\u00f4pitaux aux services de soins \u00e0 domicile, repr\u00e9sentent une part importante de l&#039;\u00e9conomie locale.<\/p>\n\n\n\n<p>Similarly, real estate is another significant contributor to Naples&#8217; economy, fueled by the city&#8217;s attractiveness as a retirement destination and a vacation hotspot. The high-end <a href=\"https:\/\/www.sisinternational.com\/fr\/competence\/les-industries\/etude-de-marche-de-limmobilier-commercial\/\" title=\"\u00c9tude de march\u00e9 de l\u2019immobilier commercial\"  data-wpil-monitor-id=\"9798\">real estate market<\/a> caters to affluent residents and second-home buyers, influencing the retail sector, particularly luxury goods and services.<\/p>\n\n\n\n<h2 class=\"wp-block-heading\" id=\"why-is-it-crucial-to-conduct-market-research-in-naples\">Pourquoi est-il crucial de mener une \u00e9tude de march\u00e9 \u00e0 Naples ?<\/h2>\n\n\n\n<figure class=\"gb-block-image gb-block-image-d62b6d00\"><img loading=\"lazy\" decoding=\"async\" width=\"1456\" height=\"816\" class=\"gb-image gb-image-d62b6d00\" src=\"https:\/\/www.sisinternational.com\/wp-content\/uploads\/2025\/09\/Naples-Florida-2.jpg\" alt=\"\u00c9tudes de march\u00e9 et strat\u00e9gie internationales SIS\" title=\"Naples, Florida (2)\" srcset=\"https:\/\/www.sisinternational.com\/wp-content\/uploads\/2025\/09\/Naples-Florida-2.jpg 1456w, https:\/\/www.sisinternational.com\/wp-content\/uploads\/2025\/09\/Naples-Florida-2-300x168.jpg 300w, https:\/\/www.sisinternational.com\/wp-content\/uploads\/2025\/09\/Naples-Florida-2-1024x574.jpg 1024w, https:\/\/www.sisinternational.com\/wp-content\/uploads\/2025\/09\/Naples-Florida-2-768x430.jpg 768w, https:\/\/www.sisinternational.com\/wp-content\/uploads\/2025\/09\/Naples-Florida-2-18x10.jpg 18w\" sizes=\"auto, (max-width: 1456px) 100vw, 1456px\"><\/figure>\n\n\n\n<p><\/p>\n\n\n\n<p>Les \u00e9tudes de march\u00e9 sont essentielles pour bien comprendre le paysage commercial de n\u2019importe quelle ville. Mais \u00e0 Naples, la situation est encore plus critique pour plusieurs raisons :<\/p>\n\n\n\n<ul class=\"wp-block-list\">\n<li><strong>Comprendre les pr\u00e9f\u00e9rences des clients de Naples\u00a0:<\/strong> Avec une \u00e9conomie fa\u00e7onn\u00e9e par des r\u00e9sidents locaux ais\u00e9s, une importante population de retrait\u00e9s et des touristes saisonniers, Naples poss\u00e8de une diversit\u00e9 de consommateurs unique. C&#039;est pourquoi les \u00e9tudes de march\u00e9 \u00e0 Naples sont essentielles pour comprendre les diverses pr\u00e9f\u00e9rences, comportements et besoins de ces diff\u00e9rents segments de client\u00e8le.<\/li>\n\n\n\n<li><strong>Naviguer dans le paysage concurrentiel\u00a0:<\/strong> Compte tenu de la diversit\u00e9 des secteurs \u00e0 Naples \u2013 des soins de sant\u00e9 et de l\u2019immobilier au tourisme et \u00e0 la technologie \u2013 les entreprises sont confront\u00e9es \u00e0 une concurrence sous diff\u00e9rents angles. Cependant, les \u00e9tudes de march\u00e9 \u00e0 Naples aident les entreprises \u00e0 comprendre leurs concurrents, \u00e0 identifier leurs propositions de vente uniques et \u00e0 d\u00e9terminer leur positionnement sur le march\u00e9.<\/li>\n\n\n\n<li><strong>Enhancing <\/strong><a href=\"https:\/\/www.sisinternational.com\/fr\/competence\/les-industries\/etude-de-marche-sur-les-boissons-alimentaires-et-la-voix-du-client\/\" title=\"\u00c9tude de march\u00e9 sur la voix du client dans le secteur des aliments et des boissons\"  data-wpil-monitor-id=\"9801\">Customer Satisfaction: Through market research<\/a>, businesses can gain a deeper understanding of their customer&#8217;s needs and preferences. This knowledge can guide efforts to improve product offerings, customer service, and overall customer experience, leading to increased customer satisfaction and loyalty.<\/li>\n\n\n\n<li><strong>Prendre des d\u00e9cisions commerciales \u00e9clair\u00e9es\u00a0:<\/strong> By providing robust and reliable data, market research can support informed decision-making. Whether it&#8217;s determining the viability of a new product or choosing the best location for a new store, <a href=\"https:\/\/www.sisinternational.com\/fr\/publications\/etude-de-marche-sur-les-entreprises-evolutives-7-facons-de-creer-une-entreprise-evolutive\/\" title=\"\u00c9tude de march\u00e9 sur les entreprises \u00e9volutives\u00a0: 7 fa\u00e7ons de cr\u00e9er une entreprise \u00e9volutive\"  data-wpil-monitor-id=\"9802\">market research can help businesses<\/a> make decisions that are grounded in data rather than guesswork.<\/li>\n<\/ul>\n\n\n\n<p><\/p>\n\n\n\n<!DOCTYPE html>\n<html lang=\"en\">\n<head>\n    <meta charset=\"UTF-8\">\n    <meta name=\"viewport\" content=\"width=device-width, initial-scale=1.0\">\n    <title>Naples, FL Market Data<\/title>\n    <style>\n        \/* Responsive Table & SIS International-inspired Styling\n          - Uses a corporate blue and clean, sans-serif fonts.\n          - Fully responsive with horizontal scroll on small screens to prevent page distortion.\n        *\/\n        \n        .sis-table-container {\n            font-family: -apple-system, BlinkMacSystemFont, \"Segoe UI\", Roboto, Helvetica, Arial, sans-serif;\n            margin: 2em 0;\n            width: 100%;\n            \/* Allows horizontal scroll on small screens if needed *\/\n            overflow-x: auto;\n            -webkit-overflow-scrolling: touch; \/* Smooth scrolling on iOS *\/\n        }\n\n        .sis-table-container h3 {\n            font-size: 1.5rem; \/* 24px *\/\n            font-weight: 600;\n            color: #333;\n            margin-bottom: 0.75em;\n            padding: 0;\n        }\n\n        .sis-table {\n            width: 100%;\n            border-collapse: collapse;\n            min-width: 550px; \/* Ensures layout preservation, container scrolls if needed *\/\n        }\n\n        .sis-table th,\n        .sis-table td {\n            padding: 12px 15px;\n            text-align: left;\n            line-height: 1.5;\n        }\n\n        \/* Header Styling *\/\n        .sis-table thead th {\n            background-color: #005cbf; \/* SIS corporate blue *\/\n            color: #ffffff;\n            font-weight: 600;\n            font-size: 0.9rem; \/* 14.4px *\/\n            text-transform: uppercase;\n            letter-spacing: 0.5px;\n        }\n\n        \/* Body Styling *\/\n        .sis-table tbody tr {\n            border-bottom: 1px solid #ddd;\n        }\n\n        .sis-table tbody tr:nth-of-type(even) {\n            background-color: #f8f8f8; \/* Light gray alternate rows *\/\n        }\n\n        .sis-table tbody tr:last-of-type {\n            border-bottom: 2px solid #005cbf; \/* Match header blue *\/\n        }\n\n        .sis-table td {\n            color: #444;\n            font-size: 0.95rem; \/* 15.2px *\/\n            vertical-align: top;\n        }\n        \n        \/* Align data cells *\/\n        .sis-table td:nth-child(2) {\n            text-align: right;\n            white-space: nowrap;\n        }\n         .sis-table th:nth-child(2) {\n            text-align: right;\n        }\n\n\n        .sis-table-container .source-caption {\n            margin-top: 10px;\n            font-size: 0.85rem; \/* 13.6px *\/\n            color: #555;\n            font-style: italic;\n        }\n\n        .sis-table-container .source-caption a {\n            color: #005cbf; \/* Match brand blue *\/\n            text-decoration: none;\n        }\n\n        .sis-table-container .source-caption a:hover {\n            text-decoration: underline;\n        }\n    <\/style>\n<\/head>\n<body>\n\n    <!-- \n      HTML for WordPress:\n      Copy and paste the code from .sis-table-container start to end into a Custom HTML block.\n    -->\n    <div class=\"sis-table-container\">\n        \n        <h3>Naples, Florida (Collier County) Key Market Demographics<\/h3>\n\n        <table class=\"sis-table\">\n            <thead>\n                <tr>\n                    <th>Indicator<\/th>\n                    <th>Value (Recent Estimate)<\/th>\n                <\/tr>\n            <\/thead>\n            <tbody>\n                <tr>\n                    <td>County Population (Collier)<\/td>\n                    <td>~390,000<\/td>\n                <\/tr>\n                <tr>\n                    <td>Median Household Income<\/td>\n                    <td>~$81,000<\/td>\n                <\/tr>\n                <tr>\n                    <td>Median Home Value<\/td>\n                    <td>~$410,000<\/td>\n                <\/tr>\n                 <tr>\n                    <td>Population aged 65 years and over<\/td>\n                    <td>~30%<\/td>\n                <\/tr>\n                 <tr>\n                    <td>Unemployment Rate (Collier County)<\/td>\n                    <td>~3.5%<\/td>\n                <\/tr>\n            <\/tbody>\n        <\/table>\n\n        <p class=\"source-caption\">\n             Source: Data derived from the <a href=\"https:\/\/www.census.gov\/quickfacts\/fact\/table\/colliercountyflorida\/PST045223\" target=\"_blank\" rel=\"noopener noreferrer\">U.S. Census Bureau QuickFacts<\/a> et <a href=\"https:\/\/www.bls.gov\/eag\/eag.fl_naples_md.htm\" target=\"_blank\" rel=\"noopener noreferrer\">Bureau of Labor Statistics (BLS)<\/a>, covering recent years.\n        <\/p>\n\n    <\/div>\n\n<\/body>\n<\/html>\n\n\n\n\n<p><\/p>\n\n\n\n<h2 class=\"wp-block-heading\" id=\"market-research-in-naples-its-current-trends\">\u00c9tude de march\u00e9 \u00e0 Naples : ses tendances actuelles<\/h2>\n\n\n\n<p>Alors que le paysage commercial de Naples continue d&#039;\u00e9voluer, les entreprises tirent parti de ces tendances pour mieux comprendre leurs clients, leurs march\u00e9s et leurs concurrents. Voici quelques-unes des tendances actuelles en mati\u00e8re d\u2019\u00e9tudes de march\u00e9 \u00e0 Naples\u00a0:<\/p>\n\n\n\n<ul class=\"wp-block-list\">\n<li><strong>Digitalisation\u00a0:<\/strong> Alors que la technologie num\u00e9rique continue d\u2019impr\u00e9gner toutes les facettes de l\u2019entreprise, les \u00e9tudes de march\u00e9 \u00e0 Naples deviennent de plus en plus num\u00e9riques. Les entreprises utilisent des outils num\u00e9riques pour mener des enqu\u00eates, des sondages et \u00e9couter les r\u00e9seaux sociaux afin de recueillir des informations sur le comportement des clients et les tendances du march\u00e9.<\/li>\n\n\n\n<li><strong>Analyse pr\u00e9dictive\u00a0:<\/strong> \u00c0 l\u2019aide de donn\u00e9es et d\u2019analyses avanc\u00e9es, les entreprises peuvent pr\u00e9dire les tendances futures et les comportements des clients. Cette approche prospective permet aux entreprises d\u2019\u00eatre proactives et de prendre des d\u00e9cisions strat\u00e9giques bas\u00e9es sur des pr\u00e9visions futures.<\/li>\n\n\n\n<li><strong><a href=\"https:\/\/www.sisinternational.com\/fr\/le-commerce-de-detail-physique-et-la-revolution-mobile\/\" title=\"\u00c9tude de march\u00e9 sur la vente au d\u00e9tail mobile\" data-wpil-monitor-id=\"9800\">mobile market research<\/a>:<\/strong> La majorit\u00e9 de la navigation Internet s\u2019effectuant d\u00e9sormais sur des appareils mobiles, les \u00e9tudes de march\u00e9 mobiles sont en hausse. Les entreprises utilisent des enqu\u00eates mobiles, des recherches g\u00e9olocalis\u00e9es et des donn\u00e9es d&#039;utilisation mobile pour obtenir des informations sur le comportement des clients.<\/li>\n<\/ul>\n\n\n\n<h2 class=\"wp-block-heading\" id=\"opportunities-and-challenges-in-conducting-market-research-in-naples\">Opportunit\u00e9s et d\u00e9fis li\u00e9s \u00e0 la r\u00e9alisation d\u2019\u00e9tudes de march\u00e9 \u00e0 Naples<\/h2>\n\n\n\n<figure class=\"gb-block-image gb-block-image-65ef9f55\"><img loading=\"lazy\" decoding=\"async\" width=\"1456\" height=\"816\" class=\"gb-image gb-image-65ef9f55\" src=\"https:\/\/www.sisinternational.com\/wp-content\/uploads\/2025\/09\/Naples-Florida-1.jpg\" alt=\"\u00c9tudes de march\u00e9 et strat\u00e9gie internationales SIS\" title=\"Naples, Florida (1)\" srcset=\"https:\/\/www.sisinternational.com\/wp-content\/uploads\/2025\/09\/Naples-Florida-1.jpg 1456w, https:\/\/www.sisinternational.com\/wp-content\/uploads\/2025\/09\/Naples-Florida-1-300x168.jpg 300w, https:\/\/www.sisinternational.com\/wp-content\/uploads\/2025\/09\/Naples-Florida-1-1024x574.jpg 1024w, https:\/\/www.sisinternational.com\/wp-content\/uploads\/2025\/09\/Naples-Florida-1-768x430.jpg 768w, https:\/\/www.sisinternational.com\/wp-content\/uploads\/2025\/09\/Naples-Florida-1-18x10.jpg 18w\" sizes=\"auto, (max-width: 1456px) 100vw, 1456px\"><\/figure>\n\n\n\n<p><\/p>\n\n\n\n<p>Comme toute activit\u00e9 commerciale, mener des \u00e9tudes de march\u00e9 \u00e0 Naples pr\u00e9sente son propre ensemble de d\u00e9fis et d&#039;opportunit\u00e9s uniques.<\/p>\n\n\n\n<h3 class=\"wp-block-heading\">Opportunit\u00e9s:<\/h3>\n\n\n\n<ul class=\"wp-block-list\">\n<li><strong>Paysage commercial florissant\u00a0:<\/strong> Naples abrite un paysage commercial florissant avec un large \u00e9ventail d\u2019industries. Cela offre aux entreprises de nombreuses opportunit\u00e9s de s\u2019engager dans divers types d\u2019\u00e9tudes de march\u00e9.<\/li>\n\n\n\n<li><strong>Accent croissant sur l&#039;exp\u00e9rience client\u00a0:<\/strong> Alors que les entreprises de Naples se concentrent de plus en plus sur l\u2019am\u00e9lioration de l\u2019exp\u00e9rience client, il existe des opportunit\u00e9s pour des \u00e9tudes de march\u00e9 plus approfondies et sp\u00e9cialis\u00e9es centr\u00e9es sur le client.<\/li>\n\n\n\n<li><strong>Acc\u00e8s \u00e0 la richesse des donn\u00e9es\u00a0:<\/strong> Avec la prolif\u00e9ration des technologies num\u00e9riques, les entreprises ont acc\u00e8s \u00e0 une multitude de donn\u00e9es, offrant des opportunit\u00e9s pour des \u00e9tudes de march\u00e9 plus compl\u00e8tes et plus granulaires.<\/li>\n<\/ul>\n\n\n\n<h3 class=\"wp-block-heading\">D\u00e9fis:<\/h3>\n\n\n\n<ul class=\"wp-block-list\">\n<li><strong>Changements saisonniers de la population\u00a0:<\/strong> Naples is known for its fluctuating population, with a significant increase in residents during the winter months. This presents a challenge for <a href=\"https:\/\/www.sisinternational.com\/fr\/strategies-et-techniques-detudes-de-marche-b2b\/\" title=\"Strat\u00e9gies et techniques d&#039;\u00e9tudes de march\u00e9 B2B\" data-wpil-monitor-id=\"9803\">market research as it requires strategies<\/a> to accurately account for these variations.<\/li>\n\n\n\n<li><strong>Donn\u00e9es d\u00e9mographiques diverses\u00a0:<\/strong> Naples accueille une population diversifi\u00e9e, des retrait\u00e9s aux jeunes familles et aux professionnels en activit\u00e9. Comprendre les divers besoins et pr\u00e9f\u00e9rences de ces groupes distincts peut s\u2019av\u00e9rer complexe.<\/li>\n\n\n\n<li><strong>Changements rapides du march\u00e9\u00a0:<\/strong> Avec la croissance de l\u2019industrie technologique et l\u2019\u00e9volution rapide des habitudes des consommateurs, les entreprises doivent rester \u00e0 jour et s\u2019adapter rapidement. Cela n\u00e9cessite une \u00e9tude de march\u00e9 continue et \u00e0 jour.<\/li>\n<\/ul>\n\n\n\n<h2 class=\"wp-block-heading\" id=\"future-prospects-of-market-research-in-naples\">Perspectives futures des \u00e9tudes de march\u00e9 \u00e0 Naples<\/h2>\n\n\n\n<figure class=\"gb-block-image gb-block-image-61384dc3\"><img loading=\"lazy\" decoding=\"async\" width=\"1456\" height=\"816\" class=\"gb-image gb-image-61384dc3\" src=\"https:\/\/www.sisinternational.com\/wp-content\/uploads\/2025\/09\/Naples-Florida-5.jpg\" alt=\"\u00c9tudes de march\u00e9 et strat\u00e9gie internationales SIS\" title=\"Naples, Florida (5)\" srcset=\"https:\/\/www.sisinternational.com\/wp-content\/uploads\/2025\/09\/Naples-Florida-5.jpg 1456w, https:\/\/www.sisinternational.com\/wp-content\/uploads\/2025\/09\/Naples-Florida-5-300x168.jpg 300w, https:\/\/www.sisinternational.com\/wp-content\/uploads\/2025\/09\/Naples-Florida-5-1024x574.jpg 1024w, https:\/\/www.sisinternational.com\/wp-content\/uploads\/2025\/09\/Naples-Florida-5-768x430.jpg 768w, https:\/\/www.sisinternational.com\/wp-content\/uploads\/2025\/09\/Naples-Florida-5-18x10.jpg 18w\" sizes=\"auto, (max-width: 1456px) 100vw, 1456px\"><\/figure>\n\n\n\n<p><\/p>\n\n\n\n<p>Les \u00e9tudes de march\u00e9 \u00e0 Naples sont en passe de poursuivre leur trajectoire de croissance et d&#039;innovation. Pouss\u00e9 par les progr\u00e8s technologiques, l\u2019\u00e9volution du comportement des consommateurs et le besoin d\u2019informations plus exploitables, l\u2019avenir des \u00e9tudes de march\u00e9 dans cette r\u00e9gion pr\u00e9sente une multitude de perspectives prometteuses\u00a0:<\/p>\n\n\n\n<ul class=\"wp-block-list\">\n<li><strong>Int\u00e9gration de l&#039;IA et de l&#039;apprentissage automatique\u00a0:<\/strong> AI and machine learning will increasingly become a part of <a href=\"https:\/\/www.sisinternational.com\/fr\/solutions\/ai-etudes-de-marche-et-conseil-en-strategie\/etude-de-marche-sur-le-traitement-du-langage-naturel-par-ia\/\" title=\"\u00c9tude de march\u00e9 sur l\u2019IA pour le traitement du langage naturel\" data-wpil-monitor-id=\"9799\">market research processes<\/a>, from data collection to analysis. These technologies can process large data sets quickly, recognize patterns, and offer predictive insights, all of which can dramatically enhance the quality of market research outcomes.<\/li>\n\n\n\n<li><strong>Accent sur l&#039;exp\u00e9rience client\u00a0:<\/strong> As businesses seek to differentiate themselves in a crowded marketplace, there will be a growing focus on improving the customer experience. Market research in Naples is essential to understand local customer needs and preferences, <a href=\"https:\/\/www.sisinternational.com\/fr\/solutions\/solutions-de-branding-et-de-recherche-client\/cartographie-du-parcours-client\/\" title=\"Cartographie du parcours client\" data-wpil-monitor-id=\"9796\">mapping customer journeys<\/a>, and enhancing customer satisfaction.<\/li>\n\n\n\n<li><strong>Recherche multicanal\u00a0:<\/strong> Alors que les clients interagissent avec les entreprises sur diff\u00e9rents canaux, le besoin de recherche multicanal va s&#039;intensifier. Ce type de recherche fournit une vue globale de l&#039;exp\u00e9rience client sur tous les points de contact, aidant ainsi les entreprises \u00e0 am\u00e9liorer leur strat\u00e9gie globale.<\/li>\n\n\n\n<li><strong>Focus sur la durabilit\u00e9\u00a0:<\/strong> \u00c0 mesure que la soci\u00e9t\u00e9 prend de plus en plus conscience de l\u2019importance du d\u00e9veloppement durable, les entreprises auront recours aux \u00e9tudes de march\u00e9 pour comprendre les attitudes des clients \u00e0 l\u2019\u00e9gard des pratiques et des produits respectueux de l\u2019environnement. Ces informations guideront les entreprises dans le d\u00e9veloppement de pratiques et de produits plus durables.<\/li>\n<\/ul>\n\n\n<h2>Notre emplacement \u00e0 New York<\/h2>\n<p><!-- \/wp:post-content --> <!-- wp:html --> <iframe loading=\"lazy\" src=\"https:\/\/www.google.com\/maps\/embed?pb=!1m18!1m12!1m3!1d3022.976188376966!2d-73.99130312499956!3d40.740549471389315!2m3!1f0!2f0!3f0!3m2!1i1024!2i768!4f13.1!3m3!1m2!1s0x89c259a15798c731%3A0xd695d09bdd495f25!2s11%20E%2022nd%20St%20FL%202%2C%20New%20York%2C%20NY%2010010%2C%20USA!5e0!3m2!1sen!2spe!4v1726171763526!5m2!1sen!2spe\" width=\"600\" height=\"450\" allowfullscreen=\"allowfullscreen\" data-mce-fragment=\"1\"><\/iframe> <!-- \/wp:html --> <!-- wp:paragraph --><\/p>\n<h3 class=\"wp-block-heading\">11 E 22nd Street, \u00e9tage 2, New York, NY 10010 T\u00e9l. : +1(212) 505-6805<\/h3>\n<hr \/>\n<h2><span style=\"font-weight: 400;\">\u00c0 propos de SIS International<\/span><\/h2>\n<p><a href=\"https:\/\/www.sisinternational.com\/fr\/\"><span style=\"font-weight: 400;\">SIS International<\/span><\/a><span style=\"font-weight: 400;\"> offers Quantitative, Qualitative, and Strategy Research. We provide data, tools, strategies, reports, and insights for decision-making. We also conduct interviews, surveys, focus groups, and other <a href=\"https:\/\/www.sisinternational.com\/fr\/quantitative-market-research-methods-and-techniques\/\" title=\"Quantitative Market Research Methods and Techniques\" data-wpil-monitor-id=\"9797\">Market Research methods<\/a> and approaches.<\/span><a href=\"https:\/\/www.sisinternational.com\/fr\/a-propos-de-la-recherche-internationale-sis\/contact-sis-international-market-research\/\"><span style=\"font-weight: 400;\"> Contactez nous<\/span><\/a><span style=\"font-weight: 400;\"> pour votre prochain projet d&#039;\u00e9tude de march\u00e9.<\/span><\/p>\n<p><!-- wp:heading --><\/p>\n<h2 id=\"about-sis-international\" class=\"wp-block-heading\">\u00a0<\/h2>\n\n<!-- \/wp:heading -->","protected":false},"excerpt":{"rendered":"<p>Les \u00e9tudes de march\u00e9 r\u00e9alis\u00e9es \u00e0 Naples montrent de brillantes perspectives de croissance et d&#039;innovation. La technologie, le comportement des consommateurs et les connaissances fa\u00e7onnent l&#039;avenir de Naples.<\/p>","protected":false},"author":1,"featured_media":66682,"parent":19303,"menu_order":63,"comment_status":"closed","ping_status":"closed","template":"","meta":{"footnotes":""},"class_list":["post-42915","page","type-page","status-publish","has-post-thumbnail"],"_links":{"self":[{"href":"https:\/\/www.sisinternational.com\/fr\/wp-json\/wp\/v2\/pages\/42915","targetHints":{"allow":["GET"]}}],"collection":[{"href":"https:\/\/www.sisinternational.com\/fr\/wp-json\/wp\/v2\/pages"}],"about":[{"href":"https:\/\/www.sisinternational.com\/fr\/wp-json\/wp\/v2\/types\/page"}],"author":[{"embeddable":true,"href":"https:\/\/www.sisinternational.com\/fr\/wp-json\/wp\/v2\/users\/1"}],"replies":[{"embeddable":true,"href":"https:\/\/www.sisinternational.com\/fr\/wp-json\/wp\/v2\/comments?post=42915"}],"version-history":[{"count":5,"href":"https:\/\/www.sisinternational.com\/fr\/wp-json\/wp\/v2\/pages\/42915\/revisions"}],"predecessor-version":[{"id":81629,"href":"https:\/\/www.sisinternational.com\/fr\/wp-json\/wp\/v2\/pages\/42915\/revisions\/81629"}],"up":[{"embeddable":true,"href":"https:\/\/www.sisinternational.com\/fr\/wp-json\/wp\/v2\/pages\/19303"}],"wp:featuredmedia":[{"embeddable":true,"href":"https:\/\/www.sisinternational.com\/fr\/wp-json\/wp\/v2\/media\/66682"}],"wp:attachment":[{"href":"https:\/\/www.sisinternational.com\/fr\/wp-json\/wp\/v2\/media?parent=42915"}],"curies":[{"name":"wp","href":"https:\/\/api.w.org\/{rel}","templated":true}]}}