{"id":42901,"date":"2023-07-20T21:58:54","date_gmt":"2023-07-21T01:58:54","guid":{"rendered":"https:\/\/www.sisinternational.com\/?page_id=42901"},"modified":"2026-01-27T16:36:33","modified_gmt":"2026-01-27T21:36:33","slug":"societe-de-conseil-en-strategie-caribeenne","status":"publish","type":"page","link":"https:\/\/www.sisinternational.com\/fr\/couverture\/etude-de-marche-dans-les-caraibes\/societe-de-conseil-en-strategie-caribeenne\/","title":{"rendered":"Soci\u00e9t\u00e9 de conseil en strat\u00e9gie carib\u00e9enne"},"content":{"rendered":"<h1 class=\"wp-block-heading\">Soci\u00e9t\u00e9 de conseil en strat\u00e9gie carib\u00e9enne<\/h1>\n\n\n\n<figure class=\"gb-block-image gb-block-image-64a3f1bb\"><img loading=\"lazy\" decoding=\"async\" width=\"1456\" height=\"816\" class=\"gb-image gb-image-64a3f1bb\" src=\"https:\/\/www.sisinternational.com\/wp-content\/uploads\/2025\/09\/Dutch-Caribbean-4.jpg\" alt=\"\u00c9tudes de march\u00e9 et strat\u00e9gie internationales SIS\" title=\"Dutch Caribbean (4)\" srcset=\"https:\/\/www.sisinternational.com\/wp-content\/uploads\/2025\/09\/Dutch-Caribbean-4.jpg 1456w, https:\/\/www.sisinternational.com\/wp-content\/uploads\/2025\/09\/Dutch-Caribbean-4-300x168.jpg 300w, https:\/\/www.sisinternational.com\/wp-content\/uploads\/2025\/09\/Dutch-Caribbean-4-1024x574.jpg 1024w, https:\/\/www.sisinternational.com\/wp-content\/uploads\/2025\/09\/Dutch-Caribbean-4-768x430.jpg 768w, https:\/\/www.sisinternational.com\/wp-content\/uploads\/2025\/09\/Dutch-Caribbean-4-18x10.jpg 18w\" sizes=\"auto, (max-width: 1456px) 100vw, 1456px\"><\/figure>\n\n\n\n<p><\/p>\n\n\n\n<hr class=\"wp-block-separator has-alpha-channel-opacity is-style-dots\"\/>\n\n\n\n<p><\/p>\n\n\n\n<p>Have you considered working with a Caribbean strategy consulting company? In today&#8217;s rapidly evolving global economy, every business environment poses its unique set of opportunities and challenges. This holds true for the Caribbean, an underexplored region with substantial economic potential for investors due to its strategic location and emerging sectors with high growth prospects.<\/p>\n\n\n\n<p>However, to navigate this complex landscape and unlock its full potential, companies need a specialized approach guided by a deep understanding of the market and an innovative mindset focused exclusively on the Caribbean region.<\/p>\n\n\n\n<p>That&#8217;s why it is key to combine global vision with local expertise to deliver solutions that are tailored to the cultural and economic nuances of the region \u2013 and a Caribbean <a href=\"https:\/\/www.sisinternational.com\/fr\/etre-vert-ameliore-les-performances-en-cas-de-recession\/\" title=\"Comment r\u00e9duire les co\u00fbts dans votre entreprise\"  data-wpil-monitor-id=\"7456\">strategy consulting company<\/a> offers a full suite of services tailored to the Caribbean business landscape.<\/p>\n\n\n\n<div class=\"wp-block-columns has-global-color-9-color has-text-color has-background has-link-color wp-elements-bcccbd9093f3c14ba472613cee9b7f03 is-layout-flex wp-container-core-columns-is-layout-9d6595d7 wp-block-columns-is-layout-flex\" style=\"background-color:#f7f9fa6e\">\n<div class=\"wp-block-column is-layout-flow wp-block-column-is-layout-flow\" style=\"flex-basis:18%\"><\/div>\n\n\n\n<div class=\"wp-block-column is-vertically-aligned-center is-layout-flow wp-block-column-is-layout-flow\" style=\"flex-basis:71.28%\">\n<div class=\"wp-block-rank-math-toc-block aligncenter has-global-color-9-color has-text-color has-link-color wp-elements-06c7b59e16c4d16df2ea6fdd65454d3d\" style=\"font-size:16px\" id=\"rank-math-toc\"><h2><br><strong>T<\/strong>able of Contents<\/h2><nav><ul><li class=\"\"><a href=\"#importance-of-hiring-the-right-caribbean-strategy-consulting-company\">Importance d\u2019embaucher la bonne soci\u00e9t\u00e9 de conseil en strat\u00e9gie carib\u00e9enne<\/a><\/li><li class=\"\"><a href=\"#caribbean-strategy-consulting-company-and-its-research-approach\">Caribbean Strategy Consulting Company et sa d\u00e9marche de recherche<\/a><\/li><li class=\"\"><a href=\"#caribbean-strategy-consulting-company-opportunities-and-challenges\">Soci\u00e9t\u00e9 carib\u00e9enne de conseil en strat\u00e9gie\u00a0: opportunit\u00e9s et d\u00e9fis<\/a><\/li><li class=\"\"><a href=\"#main-countries-to-analyze-for-a-caribbean-strategy-consulting-company\">Principaux pays \u00e0 analyser pour une soci\u00e9t\u00e9 de conseil en strat\u00e9gie carib\u00e9enne<\/a><\/li><\/ul><\/nav><\/div>\n<\/div>\n<\/div>\n\n\n\n<h2 class=\"wp-block-heading\" id=\"importance-of-hiring-the-right-caribbean-strategy-consulting-company\">Importance d\u2019embaucher la bonne soci\u00e9t\u00e9 de conseil en strat\u00e9gie carib\u00e9enne<\/h2>\n\n\n\n<p>The Caribbean is increasingly gaining recognition as a hub of economic activity. With its diverse mix of industries \u2013 from tourism and agriculture to emerging sectors such as fintech and renewable energy \u2013 it offers several opportunities for businesses.<\/p>\n\n\n\n<p>But businesses operating in the Caribbean also face unique challenges, including the region&#8217;s geographic dispersion, socio-cultural diversity, regulatory complexities, political instability, and vulnerability to climate-related disruptions. As a result, strategies that work in other markets may not translate effectively in the Caribbean context.<\/p>\n\n\n\n<p>Par cons\u00e9quent, les entreprises ont besoin des connaissances et des conseils d\u2019une soci\u00e9t\u00e9 de conseil en strat\u00e9gie carib\u00e9enne capable d\u2019\u00e9laborer des strat\u00e9gies personnalis\u00e9es align\u00e9es sur leurs objectifs sp\u00e9cifiques. Il s&#039;agit de garantir que les entreprises soient \u00e9quip\u00e9es pour faire face aux complexit\u00e9s du march\u00e9 carib\u00e9en tout en exploitant son potentiel de croissance et d&#039;innovation.<\/p>\n\n\n\n<h2 class=\"wp-block-heading\" id=\"caribbean-strategy-consulting-company-and-its-research-approach\">Caribbean Strategy Consulting Company et sa d\u00e9marche de recherche<\/h2>\n\n\n\n<p>A Caribbean Strategy Consulting Company operates at the intersection of local knowledge and global strategic thinking, advising businesses on strategic decisions to achieve their goals in this dynamic region. Particularly, these are some of the elements it takes into account when supporting global companies entering the Caribbean market:<\/p>\n\n\n\n<ul class=\"wp-block-list\">\n<li><strong>Expertise sectorielle\u00a0:<\/strong> Une soci\u00e9t\u00e9 de conseil en strat\u00e9gie carib\u00e9enne sp\u00e9cialis\u00e9e poss\u00e8de l&#039;expertise n\u00e9cessaire dans les secteurs cl\u00e9s des Cara\u00efbes tels que le tourisme, les services financiers, l&#039;industrie manufacturi\u00e8re, l&#039;agriculture et les industries \u00e9mergentes comme les services num\u00e9riques et les \u00e9nergies renouvelables. Elle utilise ces connaissances sectorielles pour fournir des conseils strat\u00e9giques adapt\u00e9s au secteur d&#039;activit\u00e9 de chaque client.<\/li>\n\n\n\n<li><strong>D\u00e9cisions bas\u00e9es sur les donn\u00e9es\u00a0:<\/strong> The company leverages data analytics and market research to inform its strategic advice. It uses various research methods, including surveys, interviews, and focus groups to gather primary data. It also analyzes secondary data from sources like government reports and industry <a class=\"wpil_keyword_link\" href=\"https:\/\/www.sisinternational.com\/fr\/publications\/\"   title=\"Publications\" data-wpil-keyword-link=\"linked\"  data-wpil-monitor-id=\"679\">publications<\/a>.<\/li>\n\n\n\n<li><strong>Perspective \u00e0 long terme\u00a0:<\/strong> A Caribbean Strategy <a href=\"https:\/\/www.sisinternational.com\/fr\/solutions\/conseil-en-strategie\/planification-dun-scenario\/\" title=\"Conseil en strat\u00e9gie de planification de sc\u00e9narios\"  data-wpil-monitor-id=\"7099\">Consulting Company<\/a> takes a long-term view of strategic planning. It helps clients develop strategies that are not only effective in the short term but also sustainable in the long term. It addresses factors such as environmental sustainability and social responsibility, helping clients to build businesses that succeed according to the requirements and expectations of consumers in each market.<\/li>\n<\/ul>\n\n\n\n<h2 class=\"wp-block-heading\" id=\"caribbean-strategy-consulting-company-opportunities-and-challenges\">Soci\u00e9t\u00e9 carib\u00e9enne de conseil en strat\u00e9gie\u00a0: opportunit\u00e9s et d\u00e9fis<\/h2>\n\n\n\n<p>Operating as a Caribbean <a href=\"https:\/\/www.sisinternational.com\/fr\/les-medias-sociaux-dans-les-petites-entreprises\/\" title=\"Strat\u00e9gies de m\u00e9dias sociaux pour les petites entreprises\"  data-wpil-monitor-id=\"7521\">Strategy Consulting company<\/a> presents a unique mix of opportunities and challenges that mirror the dynamism and complexity of the Caribbean business landscape.<\/p>\n\n\n\n<h3 class=\"wp-block-heading\">Opportunit\u00e9s:<\/h3>\n\n\n\n<figure class=\"gb-block-image gb-block-image-c0b7d43c\"><img loading=\"lazy\" decoding=\"async\" width=\"1456\" height=\"816\" class=\"gb-image gb-image-c0b7d43c\" src=\"https:\/\/www.sisinternational.com\/wp-content\/uploads\/2025\/09\/Caribbran-1.jpg\" alt=\"\u00c9tudes de march\u00e9 et strat\u00e9gie internationales SIS\" title=\"Caribbran (1)\" srcset=\"https:\/\/www.sisinternational.com\/wp-content\/uploads\/2025\/09\/Caribbran-1.jpg 1456w, https:\/\/www.sisinternational.com\/wp-content\/uploads\/2025\/09\/Caribbran-1-300x168.jpg 300w, https:\/\/www.sisinternational.com\/wp-content\/uploads\/2025\/09\/Caribbran-1-1024x574.jpg 1024w, https:\/\/www.sisinternational.com\/wp-content\/uploads\/2025\/09\/Caribbran-1-768x430.jpg 768w, https:\/\/www.sisinternational.com\/wp-content\/uploads\/2025\/09\/Caribbran-1-18x10.jpg 18w\" sizes=\"auto, (max-width: 1456px) 100vw, 1456px\"><\/figure>\n\n\n\n<p><\/p>\n\n\n\n<p><\/p>\n\n\n\n<ul class=\"wp-block-list\">\n<li><strong>Secteurs \u00e9mergents\u00a0:<\/strong> Les Cara\u00efbes connaissent une croissance dans plusieurs secteurs \u00e9mergents comme les \u00e9nergies renouvelables et l\u2019agrotechnologie. Ces industries repr\u00e9sentent des domaines prometteurs pour les services de conseil strat\u00e9gique, car elles fa\u00e7onnent l&#039;avenir \u00e9conomique de la r\u00e9gion.<\/li>\n\n\n\n<li><strong>Transformation num\u00e9rique\u00a0:<\/strong> La num\u00e9risation croissante des entreprises constitue une opportunit\u00e9 substantielle pour les entreprises cherchant \u00e0 \u00e9tendre leurs op\u00e9rations dans les Cara\u00efbes. De la num\u00e9risation des op\u00e9rations \u00e0 la mise en \u0153uvre de technologies innovantes, les opportunit\u00e9s de cr\u00e9ation ou de d\u00e9veloppement d\u2019entreprises dans la r\u00e9gion sont infinies.<\/li>\n\n\n\n<li><strong>L&#039;expansion du march\u00e9:<\/strong> The Caribbean&#8217;s strategic geographic location, between North and South America, offers businesses opportunities to expand their market reach. A Caribbean Strategy Consulting company plays a crucial role in facilitating this expansion and offering services not only in the region but also, in the future, in South or North America.<\/li>\n<\/ul>\n\n\n\n<h3 class=\"wp-block-heading\">D\u00e9fis:<\/h3>\n\n\n\n<ul class=\"wp-block-list\">\n<li><strong>Diversit\u00e9 g\u00e9ographique et culturelle :<\/strong> The Caribbean comprises dozens of markets, each with its own cultural nuances and business practices. Thus, for any business willing to establish itself in the region, having a <a href=\"https:\/\/www.sisinternational.com\/fr\/couverture\/les-ameriques\/etude-de-marche-dans-les-caraibes\/etude-de-marche-caraibes-neerlandaises\/\" title=\"\u00c9tude de march\u00e9 dans les Cara\u00efbes n\u00e9erlandaises\"  data-wpil-monitor-id=\"5828\">Caribbean Strategy Consulting company<\/a> by its side is fundamental to developing customized strategies that address the specific needs of the market.<\/li>\n\n\n\n<li><strong>Obstacles r\u00e9glementaires\u00a0:<\/strong> The regulatory environment in the region is complex. Consequently, guiding companies through these regulations and securing compliance can be challenging. Some islands such as the Bahamas or Cura\u00e7ao may have flexible financial regulations, but some other <a href=\"https:\/\/www.sisinternational.com\/fr\/couverture\/les-ameriques\/etude-de-marche-dans-les-caraibes\/etude-de-marche-en-jamaique\/\" title=\"\u00c9tude de march\u00e9 en Jama\u00efque\"  data-wpil-monitor-id=\"6455\">markets such as Jamaica<\/a> may have more stringent requirements.<\/li>\n\n\n\n<li><strong>Volatilit\u00e9 \u00e9conomique\u00a0:<\/strong> Des facteurs externes tels que les pressions commerciales mondiales, les fluctuations du tourisme dues \u00e0 des crises g\u00e9opolitiques ou sanitaires et l\u2019impact des catastrophes naturelles peuvent cr\u00e9er une instabilit\u00e9 \u00e9conomique. Cette volatilit\u00e9 n\u00e9cessite des strat\u00e9gies commerciales dynamiques et flexibles qui incluent une compr\u00e9hension de la situation et des perspectives de chaque march\u00e9 pour anticiper toute \u00e9ventualit\u00e9.<\/li>\n<\/ul>\n\n\n\n<p><\/p>\n\n\n\n<!DOCTYPE html>\n<html lang=\"en\">\n<head>\n    <meta charset=\"UTF-8\">\n    <meta name=\"viewport\" content=\"width=device-width, initial-scale=1.0\">\n    <title>Caribbean Economic Data<\/title>\n    <style>\n        \/* Responsive Table & SIS International-inspired Styling\n          - Uses a corporate blue and clean, sans-serif fonts.\n          - Fully responsive with horizontal scroll on small screens to prevent page distortion.\n        *\/\n        \n        .sis-table-container {\n            font-family: -apple-system, BlinkMacSystemFont, \"Segoe UI\", Roboto, Helvetica, Arial, sans-serif;\n            margin: 2em 0;\n            width: 100%;\n            \/* This is the key to mobile-friendliness: it allows the table to be scrolled horizontally\n               if it's too wide, without breaking the rest of the page layout. *\/\n            overflow-x: auto;\n            -webkit-overflow-scrolling: touch; \/* Smooth scrolling on iOS *\/\n        }\n\n        .sis-table-container h3 {\n            font-size: 1.5rem; \/* 24px *\/\n            font-weight: 600;\n            color: #333;\n            margin-bottom: 0.75em;\n            padding: 0;\n        }\n\n        .sis-table {\n            width: 100%;\n            border-collapse: collapse;\n            min-width: 600px; \/* Ensures table layout is preserved, container will scroll if needed *\/\n        }\n\n        .sis-table th,\n        .sis-table td {\n            padding: 12px 15px;\n            text-align: left;\n            line-height: 1.5;\n            \/* Prevent line breaks within cells on smaller screens *\/\n            white-space: nowrap; \n        }\n\n        \/* Header Styling - Inspired by SIS corporate blue *\/\n        .sis-table thead th {\n            background-color: #005cbf; \/* A strong corporate blue *\/\n            color: #ffffff;\n            font-weight: 600;\n            font-size: 0.9rem; \/* 14.4px *\/\n            text-transform: uppercase;\n            letter-spacing: 0.5px;\n        }\n\n        \/* Body Styling - Clean and readable *\/\n        .sis-table tbody tr {\n            border-bottom: 1px solid #ddd;\n        }\n\n        .sis-table tbody tr:nth-of-type(even) {\n            background-color: #f8f8f8; \/* Light gray for alternate rows *\/\n        }\n\n        .sis-table tbody tr:last-of-type {\n            border-bottom: 2px solid #005cbf; \/* Match header blue for the final border *\/\n        }\n\n        .sis-table td {\n            color: #444;\n            font-size: 0.95rem; \/* 15.2px *\/\n        }\n        \n        \/* Specific alignment for numerical data *\/\n        .sis-table td:nth-child(2),\n        .sis-table td:nth-child(3) {\n            text-align: right;\n        }\n        .sis-table th:nth-child(2),\n        .sis-table th:nth-child(3) {\n             text-align: right;\n        }\n\n\n        .sis-table-container .source-caption {\n            margin-top: 10px;\n            font-size: 0.85rem; \/* 13.6px *\/\n            color: #555;\n            font-style: italic;\n        }\n\n        .sis-table-container .source-caption a {\n            color: #005cbf; \/* Match brand blue *\/\n            text-decoration: none;\n        }\n\n        .sis-table-container .source-caption a:hover {\n            text-decoration: underline;\n        }\n    <\/style>\n<\/head>\n<body>\n\n    <!-- \n      HTML for WordPress:\n      Copy and paste the code from .sis-table-container start to end.\n    -->\n    <div class=\"sis-table-container\">\n        \n        <h3>Key Economic Indicators in the Caribbean (2023 Data)<\/h3>\n\n        <table class=\"sis-table\">\n            <thead>\n                <tr>\n                    <th>Country<\/th>\n                    <th>GDP (Nominal, Current US$ B)<\/th>\n                    <th>GDP per capita (Current US$)<\/th>\n                <\/tr>\n            <\/thead>\n            <tbody>\n                <tr>\n                    <td>Dominican Republic<\/td>\n                    <td>121.44<\/td>\n                    <td>10,718<\/td>\n                <\/tr>\n                <tr>\n                    <td>Jama\u00efque<\/td>\n                    <td>17.75<\/td>\n                    <td>6,840<\/td>\n                <\/tr>\n                <tr>\n                    <td>Les Bahamas<\/td>\n                    <td>14.16<\/td>\n                    <td>35,896<\/td>\n                <\/tr>\n                 <tr>\n                    <td><a href=\"https:\/\/www.sisinternational.com\/fr\/couverture\/les-ameriques\/etude-de-marche-dans-les-caraibes\/etude-de-marche-trinite-tobago\/\" title=\"\u00c9tude de march\u00e9 \u00e0 Trinit\u00e9-et-Tobago\"  data-wpil-monitor-id=\"6206\">Trinit\u00e9-et-Tobago<\/a><\/td>\n                    <td>30.06<\/td>\n                    <td>16,960<\/td>\n                <\/tr>\n                 <tr>\n                    <td>Barbade<\/td>\n                    <td>6.45<\/td>\n                    <td>23,804<\/td>\n                <\/tr>\n            <\/tbody>\n        <\/table>\n\n        <p class=\"source-caption\">\n             Source: United Nations data as compiled by Wikipedia (<a href=\"https:\/\/en.wikipedia.org\/wiki\/List_of_countries_by_GDP_(nominal)\" target=\"_blank\" rel=\"noopener noreferrer\">GDP Nominal<\/a>, <a href=\"https:\/\/en.wikipedia.org\/wiki\/List_of_countries_by_GDP_(nominal)_per_capita\" target=\"_blank\" rel=\"noopener noreferrer\">GDP per capita<\/a>), accessed October 2025.\n        <\/p>\n\n    <\/div>\n\n<\/body>\n<\/html>\n\n\n\n<p><\/p>\n\n\n\n<h2 class=\"wp-block-heading\" id=\"main-countries-to-analyze-for-a-caribbean-strategy-consulting-company\">Principaux pays \u00e0 analyser pour une soci\u00e9t\u00e9 de conseil en strat\u00e9gie carib\u00e9enne<\/h2>\n\n\n\n<p>Pour une soci\u00e9t\u00e9 de conseil en strat\u00e9gie dans les Cara\u00efbes, il est essentiel de comprendre les environnements commerciaux uniques des pays cl\u00e9s de la r\u00e9gion. Et certains des march\u00e9s les plus importants \u00e0 analyser sont les suivants\u00a0:<\/p>\n\n\n\n<ul class=\"wp-block-list\">\n<li><strong>Jama\u00efque:<\/strong> L&#039;\u00e9conomie jama\u00efcaine repose principalement sur les services, en particulier le tourisme et la finance. Cependant, elle poss\u00e8de \u00e9galement un secteur manufacturier dynamique, ce qui en fait une destination importante pour le conseil en strat\u00e9gie.<\/li>\n\n\n\n<li><strong>Les Bahamas:<\/strong> Les Bahamas disposent d&#039;un important secteur de services financiers. Mais \u00e0 mesure que le pays continue de diversifier son \u00e9conomie, les consultants en strat\u00e9gie ont la possibilit\u00e9 de fournir des conseils en mati\u00e8re d\u2019entr\u00e9e et d\u2019expansion sur le march\u00e9, ce qui peut profiter \u00e0 des milliers d\u2019investisseurs \u00e0 travers le monde disposant de conseils appropri\u00e9s et de connaissances approfondies.<\/li>\n\n\n\n<li><strong>Trinit\u00e9-et-Tobago:<\/strong> Trinit\u00e9-et-Tobago est l&#039;un des principaux producteurs de p\u00e9trole et de gaz des Cara\u00efbes, contribuant \u00e0 une part importante de son PIB. Le pays poss\u00e8de \u00e9galement des secteurs manufacturiers et des TIC florissants, ce qui cr\u00e9e un certain nombre d&#039;opportunit\u00e9s pour les entreprises mondiales d\u00e9sireuses d&#039;investir dans ces secteurs.<\/li>\n\n\n\n<li><strong>Sainte-Lucie:<\/strong> Sainte-Lucie se diversifie \u00e9galement dans d&#039;autres secteurs comme l&#039;agriculture, l&#039;industrie manufacturi\u00e8re et les banques offshore. Le pays pr\u00e9sente une opportunit\u00e9 dynamique en mati\u00e8re de conseil en strat\u00e9gie, notamment pour aider les entreprises \u00e0 capitaliser sur les opportunit\u00e9s de croissance tout en pr\u00e9servant la beaut\u00e9 naturelle et le patrimoine culturel de l&#039;\u00eele.<\/li>\n\n\n\n<li><strong>Saint-Martin\u00a0:<\/strong> En tant que pays autonome au sein du Royaume des Pays-Bas, l&#039;\u00e9conomie de Sint Maarten tourne autour du tourisme. Cependant, le pays abrite \u00e9galement un secteur de services financiers en pleine croissance.<\/li>\n<\/ul>\n\n\n<h2>Notre emplacement \u00e0 New York<\/h2>\n<p><!-- \/wp:post-content --> <!-- wp:html --> <iframe loading=\"lazy\" src=\"https:\/\/www.google.com\/maps\/embed?pb=!1m18!1m12!1m3!1d3022.976188376966!2d-73.99130312499956!3d40.740549471389315!2m3!1f0!2f0!3f0!3m2!1i1024!2i768!4f13.1!3m3!1m2!1s0x89c259a15798c731%3A0xd695d09bdd495f25!2s11%20E%2022nd%20St%20FL%202%2C%20New%20York%2C%20NY%2010010%2C%20USA!5e0!3m2!1sen!2spe!4v1726171763526!5m2!1sen!2spe\" width=\"600\" height=\"450\" allowfullscreen=\"allowfullscreen\" data-mce-fragment=\"1\"><\/iframe> <!-- \/wp:html --> <!-- wp:paragraph --><\/p>\n<h3 class=\"wp-block-heading\">11 E 22nd Street, \u00e9tage 2, New York, NY 10010 T\u00e9l. : +1(212) 505-6805<\/h3>\n<hr \/>\n<h2><span style=\"font-weight: 400;\">\u00c0 propos de SIS International<\/span><\/h2>\n<p><a href=\"https:\/\/www.sisinternational.com\/fr\/\"><span style=\"font-weight: 400;\">SIS International<\/span><\/a><span style=\"font-weight: 400;\"> propose des recherches quantitatives, qualitatives et strat\u00e9giques. Nous fournissons des donn\u00e9es, des outils, des strat\u00e9gies, des rapports et des informations pour la prise de d\u00e9cision. Nous menons \u00e9galement des entretiens, des enqu\u00eates, des groupes de discussion et d\u2019autres m\u00e9thodes et approches d\u2019\u00e9tudes de march\u00e9.<\/span><a href=\"https:\/\/www.sisinternational.com\/fr\/a-propos-de-la-recherche-internationale-sis\/contact-sis-international-market-research\/\"><span style=\"font-weight: 400;\"> Contactez nous<\/span><\/a><span style=\"font-weight: 400;\"> pour votre prochain projet d&#039;\u00e9tude de march\u00e9.<\/span><\/p>\n<p><!-- wp:heading --><\/p>\n<h2 id=\"about-sis-international\" class=\"wp-block-heading\">\u00a0<\/h2>\n<p><!-- \/wp:heading --><\/p>","protected":false},"excerpt":{"rendered":"<p>Une soci\u00e9t\u00e9 carib\u00e9enne de conseil en strat\u00e9gie propose des conseils aux entreprises mondiales en s&#039;appuyant sur l&#039;expertise locale et la r\u00e9flexion strat\u00e9gique mondiale.<\/p>","protected":false},"author":1,"featured_media":66258,"parent":33287,"menu_order":25,"comment_status":"closed","ping_status":"closed","template":"","meta":{"footnotes":""},"class_list":["post-42901","page","type-page","status-publish","has-post-thumbnail"],"_links":{"self":[{"href":"https:\/\/www.sisinternational.com\/fr\/wp-json\/wp\/v2\/pages\/42901","targetHints":{"allow":["GET"]}}],"collection":[{"href":"https:\/\/www.sisinternational.com\/fr\/wp-json\/wp\/v2\/pages"}],"about":[{"href":"https:\/\/www.sisinternational.com\/fr\/wp-json\/wp\/v2\/types\/page"}],"author":[{"embeddable":true,"href":"https:\/\/www.sisinternational.com\/fr\/wp-json\/wp\/v2\/users\/1"}],"replies":[{"embeddable":true,"href":"https:\/\/www.sisinternational.com\/fr\/wp-json\/wp\/v2\/comments?post=42901"}],"version-history":[{"count":11,"href":"https:\/\/www.sisinternational.com\/fr\/wp-json\/wp\/v2\/pages\/42901\/revisions"}],"predecessor-version":[{"id":81147,"href":"https:\/\/www.sisinternational.com\/fr\/wp-json\/wp\/v2\/pages\/42901\/revisions\/81147"}],"up":[{"embeddable":true,"href":"https:\/\/www.sisinternational.com\/fr\/wp-json\/wp\/v2\/pages\/33287"}],"wp:featuredmedia":[{"embeddable":true,"href":"https:\/\/www.sisinternational.com\/fr\/wp-json\/wp\/v2\/media\/66258"}],"wp:attachment":[{"href":"https:\/\/www.sisinternational.com\/fr\/wp-json\/wp\/v2\/media?parent=42901"}],"curies":[{"name":"wp","href":"https:\/\/api.w.org\/{rel}","templated":true}]}}