{"id":42898,"date":"2023-07-20T21:24:06","date_gmt":"2023-07-21T01:24:06","guid":{"rendered":"https:\/\/www.sisinternational.com\/?page_id=42898"},"modified":"2026-01-27T16:35:02","modified_gmt":"2026-01-27T21:35:02","slug":"societe-detudes-de-marche-des-caraibes","status":"publish","type":"page","link":"https:\/\/www.sisinternational.com\/fr\/couverture\/etude-de-marche-dans-les-caraibes\/societe-detudes-de-marche-des-caraibes\/","title":{"rendered":"Soci\u00e9t\u00e9 d\u2019\u00e9tudes de march\u00e9 des Cara\u00efbes"},"content":{"rendered":"<h1 class=\"wp-block-heading\">Soci\u00e9t\u00e9 d\u2019\u00e9tudes de march\u00e9 des Cara\u00efbes<\/h1>\n\n\n\n<figure class=\"gb-block-image gb-block-image-2a7df5bf\"><img loading=\"lazy\" decoding=\"async\" width=\"1456\" height=\"816\" class=\"gb-image gb-image-2a7df5bf\" src=\"https:\/\/www.sisinternational.com\/wp-content\/uploads\/2025\/09\/Dutch-Caribbean-1.jpg\" alt=\"\u00c9tudes de march\u00e9 et strat\u00e9gie internationales SIS\" title=\"Dutch Caribbean (1)\" srcset=\"https:\/\/www.sisinternational.com\/wp-content\/uploads\/2025\/09\/Dutch-Caribbean-1.jpg 1456w, https:\/\/www.sisinternational.com\/wp-content\/uploads\/2025\/09\/Dutch-Caribbean-1-300x168.jpg 300w, https:\/\/www.sisinternational.com\/wp-content\/uploads\/2025\/09\/Dutch-Caribbean-1-1024x574.jpg 1024w, https:\/\/www.sisinternational.com\/wp-content\/uploads\/2025\/09\/Dutch-Caribbean-1-768x430.jpg 768w, https:\/\/www.sisinternational.com\/wp-content\/uploads\/2025\/09\/Dutch-Caribbean-1-18x10.jpg 18w\" sizes=\"auto, (max-width: 1456px) 100vw, 1456px\"><\/figure>\n\n\n\n<p><\/p>\n\n\n\n<hr class=\"wp-block-separator has-alpha-channel-opacity is-style-dots\"\/>\n\n\n\n<p>Les Cara\u00efbes offrent un ensemble unique d\u2019opportunit\u00e9s aux entreprises. Cependant, pour tirer parti de ces perspectives, il faut une compr\u00e9hension profonde et nuanc\u00e9e de la dynamique du march\u00e9 de la r\u00e9gion que seul le personnel d\u00e9vou\u00e9 d&#039;une soci\u00e9t\u00e9 d&#039;\u00e9tudes de march\u00e9 des Cara\u00efbes peut fournir.<\/p>\n\n\n\n<p>Avec une assistance qualifi\u00e9e, une entreprise mondiale peut disposer d\u2019une connaissance essentielle du march\u00e9 carib\u00e9en bas\u00e9e sur une recherche syst\u00e9matique, objective et exhaustive.<\/p>\n\n\n\n<h2 class=\"wp-block-heading\">Que fait une soci\u00e9t\u00e9 d\u2019\u00e9tudes de march\u00e9 carib\u00e9enne ?<\/h2>\n\n\n\n<p>UN <a href=\"https:\/\/www.sisinternational.com\/fr\/couverture\/les-ameriques\/etude-de-marche-dans-les-caraibes\/etude-de-marche-caraibes-neerlandaises\/\" title=\"\u00c9tude de march\u00e9 dans les Cara\u00efbes n\u00e9erlandaises\"  data-wpil-monitor-id=\"5818\">\u00c9tude de march\u00e9 des Cara\u00efbes<\/a> Company provides customized services that enable businesses to understand the region&#8217;s complex market environment, with an emphasis on the markets that best fit the company&#8217;s needs and have the greatest potential for future growth.<\/p>\n\n\n\n<p>En menant des recherches approfondies et personnalis\u00e9es, ces entreprises fournissent des informations pr\u00e9cieuses sur le comportement des consommateurs, les tendances du march\u00e9, le paysage concurrentiel et les nuances r\u00e9glementaires sp\u00e9cifiques aux Cara\u00efbes.<\/p>\n\n\n\n<h2 class=\"wp-block-heading\">L\u2019importance des \u00e9tudes de march\u00e9 dans les Cara\u00efbes<\/h2>\n\n\n\n<figure class=\"gb-block-image gb-block-image-a03178db\"><img loading=\"lazy\" decoding=\"async\" width=\"1456\" height=\"816\" class=\"gb-image gb-image-a03178db\" src=\"https:\/\/www.sisinternational.com\/wp-content\/uploads\/2025\/09\/Dutch-Caribbean-4.jpg\" alt=\"\u00c9tudes de march\u00e9 et strat\u00e9gie internationales SIS\" title=\"Dutch Caribbean (4)\" srcset=\"https:\/\/www.sisinternational.com\/wp-content\/uploads\/2025\/09\/Dutch-Caribbean-4.jpg 1456w, https:\/\/www.sisinternational.com\/wp-content\/uploads\/2025\/09\/Dutch-Caribbean-4-300x168.jpg 300w, https:\/\/www.sisinternational.com\/wp-content\/uploads\/2025\/09\/Dutch-Caribbean-4-1024x574.jpg 1024w, https:\/\/www.sisinternational.com\/wp-content\/uploads\/2025\/09\/Dutch-Caribbean-4-768x430.jpg 768w, https:\/\/www.sisinternational.com\/wp-content\/uploads\/2025\/09\/Dutch-Caribbean-4-18x10.jpg 18w\" sizes=\"auto, (max-width: 1456px) 100vw, 1456px\"><\/figure>\n\n\n\n<p><\/p>\n\n\n\n<p>Market research is a fundamental pillar for any business seeking to succeed in a competitive environment \u2013 and the Caribbean region is no exception. A Caribbean <a href=\"https:\/\/www.sisinternational.com\/fr\/couverture\/les-ameriques\/couverture-des-etats-unis\/societe-detudes-de-marche-atlanta\/\" title=\"Soci\u00e9t\u00e9 d\u2019\u00e9tudes de march\u00e9 \u00e0 Atlanta\"  data-wpil-monitor-id=\"6418\">Market Research Company<\/a> plays an essential role in helping businesses understand the intricacies of this diverse market.<\/p>\n\n\n\n<h3 class=\"wp-block-heading\">Par exemple, certains des \u00e9l\u00e9ments les plus critiques qu\u2019une entreprise peut obtenir sont les suivants :<\/h3>\n\n\n\n<ul class=\"wp-block-list\">\n<li><strong>Compr\u00e9hension approfondie du march\u00e9\u00a0:<\/strong> Une soci\u00e9t\u00e9 d&#039;\u00e9tudes de march\u00e9 des Cara\u00efbes fournit aux entreprises une image claire de ces march\u00e9s uniques. Il identifie les principales caract\u00e9ristiques d\u00e9mographiques et socio-\u00e9conomiques, les pr\u00e9f\u00e9rences des consommateurs et les tendances qui influencent la dynamique du march\u00e9.<\/li>\n\n\n\n<li><strong>Orienter la strat\u00e9gie commerciale\u00a0:<\/strong> The insights <a href=\"https:\/\/www.sisinternational.com\/fr\/solutions\/ai-etudes-de-marche-et-conseil-en-strategie\/etude-de-marche-generative-sur-lia\/\" title=\"\u00c9tude de march\u00e9 sur l\u2019IA g\u00e9n\u00e9rative\"  data-wpil-monitor-id=\"2044\">generated by a Caribbean Market Research<\/a> Company can significantly influence a business&#8217;s strategic decisions. These insights can guide aspects like product development, pricing, marketing and sales strategies \u2013 and even business expansion plans in the Caribbean region.<\/li>\n\n\n\n<li><strong>Att\u00e9nuation des risques\u00a0:<\/strong> Entrer sur un nouveau march\u00e9 ou lancer un nouveau produit comporte toujours des risques. Par cons\u00e9quent, une \u00e9tude de march\u00e9 compl\u00e8te peut contribuer \u00e0 att\u00e9nuer ces risques en fournissant des informations bas\u00e9es sur des donn\u00e9es sur les d\u00e9fis et opportunit\u00e9s potentiels. Il peut aider les entreprises mondiales \u00e0 comprendre le paysage concurrentiel, l\u2019environnement r\u00e9glementaire et les barri\u00e8res potentielles \u00e0 l\u2019entr\u00e9e.<\/li>\n\n\n\n<li><strong>Identifier les opportunit\u00e9s\u00a0:<\/strong> Une soci\u00e9t\u00e9 d\u2019\u00e9tudes de march\u00e9 des Cara\u00efbes peut identifier et quantifier les opportunit\u00e9s de march\u00e9 que les entreprises pourraient n\u00e9gliger. Cela inclut de nouveaux segments de client\u00e8le, des zones g\u00e9ographiques inexploit\u00e9es, des march\u00e9s de niche et des tendances \u00e9mergentes qui pourraient \u00eatre exploit\u00e9es pour la croissance.<\/li>\n\n\n\n<li><strong>D\u00e9velopper la compr\u00e9hension du client\u00a0:<\/strong> Comprendre le comportement, les pr\u00e9f\u00e9rences et les besoins des clients est essentiel pour proposer des produits et des services qui trouvent un \u00e9cho aupr\u00e8s des publics cibles sur n&#039;importe quel march\u00e9 des Cara\u00efbes. Les soci\u00e9t\u00e9s d&#039;\u00e9tudes de march\u00e9 fournissent des informations d\u00e9taill\u00e9es sur les clients, leur parcours d&#039;achat et les facteurs qui influencent leurs d\u00e9cisions d&#039;achat.<\/li>\n\n\n\n<li><strong>Surveillance des changements du march\u00e9\u00a0:<\/strong> Like any other, the Caribbean market is dynamic and subject to change. Regular market <a href=\"https:\/\/www.sisinternational.com\/fr\/competence\/cv-dexperience\/recherche-de-marque\/\" title=\"Soci\u00e9t\u00e9 de recherche de marque\"  data-wpil-monitor-id=\"6315\">research helps companies<\/a> keep track of market trends, competitors&#8217; strategies, changes in consumer behavior, and other factors that could affect the business, ensuring positive long-term performance.<\/li>\n<\/ul>\n\n\n\n<h2 class=\"wp-block-heading\">Opportunit\u00e9s et d\u00e9fis pour une soci\u00e9t\u00e9 d\u2019\u00e9tudes de march\u00e9 des Cara\u00efbes<\/h2>\n\n\n\n<h3 class=\"wp-block-heading\">Opportunit\u00e9s:<\/h3>\n\n\n\n<ul class=\"wp-block-list\">\n<li><strong>March\u00e9 diversifi\u00e9\u00a0:<\/strong> Le march\u00e9 diversifi\u00e9 des Cara\u00efbes offre de multiples opportunit\u00e9s d&#039;investissement, en particulier dans des secteurs tels que la finance et le tourisme, mais aussi dans d&#039;autres secteurs qui n&#039;ont pas atteint leur plein potentiel et offrent d&#039;importantes opportunit\u00e9s de croissance gr\u00e2ce \u00e0 la num\u00e9risation et \u00e0 l&#039;automatisation op\u00e9rationnelle.<\/li>\n\n\n\n<li><strong>Industrie du tourisme:<\/strong> La forte industrie touristique de la r\u00e9gion offre des opportunit\u00e9s d&#039;\u00e9tudes de march\u00e9 li\u00e9es aux comportements, pr\u00e9f\u00e9rences et habitudes de d\u00e9penses des touristes. Comprendre ces dynamiques peut \u00eatre crucial pour les entreprises op\u00e9rant dans ou ciblant ce secteur.<\/li>\n\n\n\n<li><strong>Secteurs \u00e9mergents\u00a0:<\/strong> \u00c0 mesure que l\u2019\u00e9conomie des Cara\u00efbes \u00e9volue, des secteurs \u00e9mergents tels que les \u00e9nergies renouvelables, les services num\u00e9riques et l\u2019agro-industrie ouvrent de nouvelles voies de recherche et d\u2019analyse.<\/li>\n<\/ul>\n\n\n\n<p><\/p>\n\n\n\n<!DOCTYPE html>\n<html lang=\"en\">\n<head>\n    <meta charset=\"UTF-8\">\n    <meta name=\"viewport\" content=\"width=device-width, initial-scale=1.0\">\n    <title>Caribbean Key Market Sector Data<\/title>\n    <style>\n        \/* Responsive Table & SIS International-inspired Styling\n          - Uses a corporate blue and clean, sans-serif fonts.\n          - Fully responsive with horizontal scroll on small screens to prevent page distortion.\n        *\/\n        \n        .sis-table-container {\n            font-family: -apple-system, BlinkMacSystemFont, \"Segoe UI\", Roboto, Helvetica, Arial, sans-serif;\n            margin: 2em 0;\n            width: 100%;\n            \/* Allows horizontal scroll on small screens *\/\n            overflow-x: auto;\n            -webkit-overflow-scrolling: touch; \/* Smooth scrolling on iOS *\/\n        }\n\n        .sis-table-container h3 {\n            font-size: 1.5rem; \/* 24px *\/\n            font-weight: 600;\n            color: #333;\n            margin-bottom: 0.75em;\n            padding: 0;\n        }\n\n        .sis-table {\n            width: 100%;\n            border-collapse: collapse;\n            min-width: 650px; \/* Ensures layout preservation, container scrolls if needed *\/\n        }\n\n        .sis-table th,\n        .sis-table td {\n            padding: 12px 15px;\n            text-align: left;\n            line-height: 1.5;\n        }\n        \n        \/* Make country names visible without wrapping on mobile *\/\n        .sis-table td:first-child,\n        .sis-table th:first-child {\n            white-space: nowrap; \n        }\n\n        \/* Header Styling *\/\n        .sis-table thead th {\n            background-color: #005cbf; \/* SIS corporate blue *\/\n            color: #ffffff;\n            font-weight: 600;\n            font-size: 0.9rem; \/* 14.4px *\/\n            text-transform: uppercase;\n            letter-spacing: 0.5px;\n        }\n\n        \/* Body Styling *\/\n        .sis-table tbody tr {\n            border-bottom: 1px solid #ddd;\n        }\n\n        .sis-table tbody tr:nth-of-type(even) {\n            background-color: #f8f8f8; \/* Light gray alternate rows *\/\n        }\n\n        .sis-table tbody tr:last-of-type {\n            border-bottom: 2px solid #005cbf; \/* Match header blue *\/\n        }\n\n        .sis-table td {\n            color: #444;\n            font-size: 0.95rem; \/* 15.2px *\/\n            vertical-align: top;\n        }\n        \n        \/* Center-align data for better comparison *\/\n        .sis-table td:not(:first-child) {\n            text-align: center;\n        }\n        .sis-table th:not(:first-child) {\n            text-align: center;\n        }\n\n\n        .sis-table-container .source-caption {\n            margin-top: 10px;\n            font-size: 0.85rem; \/* 13.6px *\/\n            color: #555;\n            font-style: italic;\n        }\n\n        .sis-table-container .source-caption a {\n            color: #005cbf; \/* Match brand blue *\/\n            text-decoration: none;\n        }\n\n        .sis-table-container .source-caption a:hover {\n            text-decoration: underline;\n        }\n    <\/style>\n<\/head>\n<body>\n\n    <!-- \n      HTML for WordPress:\n      Copy and paste the code from .sis-table-container start to end into a Custom HTML block.\n    -->\n    <div class=\"sis-table-container\">\n        \n        <h3>Economic Sector Dependence in Major Caribbean Markets<\/h3>\n\n        <table class=\"sis-table\">\n            <thead>\n                <tr>\n                    <th>Major Economic Sector<\/th>\n                    <th>Barbados (Tourism-Led)<\/th>\n                    <th>Jamaica (Diversifying Economy)<\/th> \n                    <th><a href=\"https:\/\/www.sisinternational.com\/fr\/couverture\/les-ameriques\/etude-de-marche-dans-les-caraibes\/etude-de-marche-trinite-tobago\/\" title=\"\u00c9tude de march\u00e9 \u00e0 Trinit\u00e9-et-Tobago\"  data-wpil-monitor-id=\"6200\">Trinidad &#038; Tobago<\/a> (Energy-Led)<\/th> \n                <\/tr>\n            <\/thead>\n            <tbody>\n                <tr>\n                    <td>Tourism &#038; Travel Contribution to GDP<\/td>\n                    <td>Very High (Over 35% direct\/indirect)<\/td>\n                    <td>High (Approx. 20-25% direct\/indirect)<\/td>\n                    <td>Low (Under 8%)<\/td>\n                <\/tr>\n                <tr>\n                    <td>Financial &#038; Business Services<\/td>\n                    <td>Medium (Key offshore sector)<\/td>\n                    <td>Medium (Focus on BPOs and logistics)<\/td>\n                    <td>Medium (Regional banking hub)<\/td>\n                <\/tr>\n                <tr>\n                    <td>Hydrocarbons (Oil &#038; Gas)<\/td>\n                    <td>Minimal (Focus on renewables)<\/td>\n                    <td>Minimal<\/td>\n                    <td>Very High (Dominant sector)<\/td>\n                <\/tr>\n                <tr>\n                    <td>Manufacturing &#038; Industry<\/td>\n                    <td>Low<\/td>\n                    <td>Medium (Food processing, construction)<\/td>\n                    <td>High (Petrochemicals, steel)<\/td>\n                <\/tr>\n            <\/tbody>\n        <\/table>\n\n        <p class=\"source-caption\">\n             Source: Data derived from recent economic assessments by the <a href=\"https:\/\/www.worldbank.org\/\" target=\"_blank\" rel=\"noopener noreferrer\">World Bank<\/a> et le <a href=\"https:\/\/www.caribank.org\/\" target=\"_blank\" rel=\"noopener noreferrer\">Caribbean Development Bank (CDB)<\/a> on GDP sectoral contributions and national account statistics.\n        <\/p>\n\n    <\/div>\n\n<\/body>\n<\/html>\n\n\n\n\n<p><\/p>\n\n\n\n<h3 class=\"wp-block-heading\">D\u00e9fis:<\/h3>\n\n\n\n<ul class=\"wp-block-list\">\n<li><strong>Fragmentation du march\u00e9\u00a0:<\/strong> The Caribbean is formed by several independent nations, each with its own characteristics. This fragmentation of the <a href=\"https:\/\/www.sisinternational.com\/fr\/competence\/les-industries\/etude-de-marche-du-butane\/\" title=\"\u00c9tude de march\u00e9 sur le butane\" data-wpil-monitor-id=\"3038\">market can make comprehensive research<\/a> more complex and time-consuming. In addition, the multiplicity of languages and cultures spoken in the Caribbean can make successful market entry difficult.<\/li>\n\n\n\n<li><strong>Accessibilit\u00e9 des donn\u00e9es\u00a0:<\/strong> Des donn\u00e9es fiables et \u00e0 jour peuvent parfois \u00eatre difficiles \u00e0 obtenir, en particulier pour les petites \u00eeles et les zones moins d\u00e9velopp\u00e9es o\u00f9 les donn\u00e9es ne sont pas fr\u00e9quemment mises \u00e0 jour ou o\u00f9 les informations publiques ne sont pas enti\u00e8rement fiables.<\/li>\n\n\n\n<li><strong>Fracture num\u00e9rique:<\/strong> M\u00eame si la transformation num\u00e9rique offre de nouveaux outils de recherche, une fracture num\u00e9rique existe toujours dans certaines r\u00e9gions des Cara\u00efbes. Cela peut limiter la port\u00e9e et l\u2019efficacit\u00e9 des m\u00e9thodes de recherche num\u00e9rique.<\/li>\n<\/ul>\n\n\n\n<h2 class=\"wp-block-heading\">March\u00e9s cl\u00e9s pour la recherche<\/h2>\n\n\n\n<ul class=\"wp-block-list\">\n<li><strong>\u00celes Vierges britanniques:<\/strong> The British Virgin Islands boast an economy driven predominantly by tourism and financial services, contributing the largest shares of the territory&#8217;s GDP. The British Virgin Islands also have a growing offshore incorporation sector, attracting international businesses. Therefore, a Caribbean <a href=\"https:\/\/www.sisinternational.com\/fr\/journee-mondiale-de-lautisme\/\" title=\"\u00c9tudes de recherche sur le march\u00e9 de l\u2019autisme\" data-wpil-monitor-id=\"7439\">Market Research Company could focus on studying<\/a> trends and behaviors related to these sectors.<\/li>\n\n\n\n<li><strong>\u00celes Ca\u00efmans:<\/strong> Connues comme l\u2019un des principaux paradis fiscaux mondiaux, les \u00eeles Ca\u00efmans disposent d\u2019un secteur de services financiers sophistiqu\u00e9, ainsi que d\u2019une industrie touristique florissante. Les \u00e9tudes de march\u00e9 pourraient ici se concentrer sur les tendances des services financiers, notamment les fonds d\u2019investissement, la banque et l\u2019assurance.<\/li>\n\n\n\n<li><strong>Cara\u00efbes n\u00e9erlandaises\u00a0:<\/strong> Les Cara\u00efbes n\u00e9erlandaises, qui comprennent des march\u00e9s tels qu&#039;Aruba, Bonaire et Cura\u00e7ao, pr\u00e9sentent un \u00e9ventail d&#039;opportunit\u00e9s en mati\u00e8re d&#039;\u00e9tudes de march\u00e9. Chaque \u00eele a ses caract\u00e9ristiques uniques, mais le tourisme, le transport maritime et le raffinage du p\u00e9trole sont des secteurs communs \u00e0 toute la r\u00e9gion. Par exemple, des march\u00e9s comme Cura\u00e7ao se sp\u00e9cialisent dans les services financiers tandis qu\u2019Aruba est une puissance dans le secteur du tourisme, et disposer de donn\u00e9es et d\u2019informations locales d\u2019experts peut faire la diff\u00e9rence entre une entr\u00e9e r\u00e9ussie sur le march\u00e9 et un investissement non rentable.<\/li>\n\n\n\n<li><strong>\u00celes Turques-et-Ca\u00efques:<\/strong> L&#039;\u00e9conomie des \u00eeles Turques et Ca\u00efques d\u00e9pend fortement du tourisme, du d\u00e9veloppement immobilier et des services financiers offshore. Dans ce contexte, les \u00e9tudes de march\u00e9 peuvent impliquer l\u2019\u00e9tude du comportement des touristes et des investisseurs immobiliers, des tendances du secteur de la construction et des pratiques bancaires offshore. Les \u00eeles connaissent \u00e9galement un essor du tourisme de luxe, ce qui en fait une r\u00e9gion pr\u00e9cieuse \u00e0 explorer.<\/li>\n\n\n\n<li><strong>\u00celes Vierges am\u00e9ricaines:<\/strong> Le tourisme est un secteur crucial dans les \u00eeles Vierges am\u00e9ricaines, mais l&#039;industrie manufacturi\u00e8re, notamment le raffinage du p\u00e9trole et la distillation du rhum, joue \u00e9galement un r\u00f4le important. Une soci\u00e9t\u00e9 d\u2019\u00e9tudes de march\u00e9 des Cara\u00efbes peut \u00e9tudier divers domaines\u00a0: des tendances touristiques et des comportements de l\u2019industrie h\u00f4teli\u00e8re aux pratiques de l\u2019industrie manufacturi\u00e8re et \u00e0 la dynamique du march\u00e9.<\/li>\n\n\n\n<li><strong>Trinit\u00e9-et-Tobago:<\/strong> L&#039;\u00e9conomie de Trinit\u00e9-et-Tobago est l&#039;une des plus diversifi\u00e9es des Cara\u00efbes, avec des secteurs solides dans les domaines du p\u00e9trole et du gaz, de l&#039;industrie manufacturi\u00e8re, du tourisme et des industries cr\u00e9atives. Les \u00e9tudes de march\u00e9 peuvent aller de l\u2019\u00e9tude des tendances de l\u2019industrie p\u00e9troli\u00e8re et gazi\u00e8re \u00e0 la compr\u00e9hension de la dynamique du march\u00e9 manufacturier, des comportements des touristes et du secteur cr\u00e9atif et culturel en plein essor.<\/li>\n<\/ul>\n\n\n\n<h2 class=\"wp-block-heading\">Perspectives d&#039;avenir pour une soci\u00e9t\u00e9 d&#039;\u00e9tudes de march\u00e9 des Cara\u00efbes<\/h2>\n\n\n\n<figure class=\"gb-block-image gb-block-image-152e925c\"><img loading=\"lazy\" decoding=\"async\" width=\"1456\" height=\"816\" class=\"gb-image gb-image-152e925c\" src=\"https:\/\/www.sisinternational.com\/wp-content\/uploads\/2025\/09\/Dutch-Caribbean-4-1.jpg\" alt=\"\u00c9tudes de march\u00e9 et strat\u00e9gie internationales SIS\" title=\"Dutch Caribbean 4\" srcset=\"https:\/\/www.sisinternational.com\/wp-content\/uploads\/2025\/09\/Dutch-Caribbean-4-1.jpg 1456w, https:\/\/www.sisinternational.com\/wp-content\/uploads\/2025\/09\/Dutch-Caribbean-4-1-300x168.jpg 300w, https:\/\/www.sisinternational.com\/wp-content\/uploads\/2025\/09\/Dutch-Caribbean-4-1-1024x574.jpg 1024w, https:\/\/www.sisinternational.com\/wp-content\/uploads\/2025\/09\/Dutch-Caribbean-4-1-768x430.jpg 768w, https:\/\/www.sisinternational.com\/wp-content\/uploads\/2025\/09\/Dutch-Caribbean-4-1-18x10.jpg 18w\" sizes=\"auto, (max-width: 1456px) 100vw, 1456px\"><\/figure>\n\n\n\n<ul class=\"wp-block-list\">\n<li><strong>Demande croissante d\u2019informations sur le march\u00e9\u00a0:<\/strong> \u00c0 mesure que de plus en plus d\u2019entreprises reconnaissent le potentiel du march\u00e9 carib\u00e9en, la demande d\u2019informations d\u00e9taill\u00e9es sur le march\u00e9 va augmenter. Les entreprises de tous secteurs chercheront \u00e0 comprendre les aspects uniques du march\u00e9 carib\u00e9en, stimulant ainsi la croissance des soci\u00e9t\u00e9s d\u2019\u00e9tudes de march\u00e9 de la r\u00e9gion.<\/li>\n\n\n\n<li><strong>Transformation num\u00e9rique\u00a0:<\/strong> Le rythme acc\u00e9l\u00e9r\u00e9 de la transformation num\u00e9rique dans les Cara\u00efbes pr\u00e9sente une opportunit\u00e9 significative. \u00c0 mesure que de plus en plus de consommateurs se connectent \u00e0 Internet, une multitude de donn\u00e9es deviennent disponibles pour analyse. Les m\u00e9thodes de recherche num\u00e9rique deviendront de plus en plus essentielles, car elles fourniront des informations riches et en temps r\u00e9el sur les comportements des consommateurs et les tendances du march\u00e9.<\/li>\n\n\n\n<li><strong>March\u00e9s et secteurs \u00e9mergents\u00a0:<\/strong> The Caribbean economy is diversifying, with sectors such as renewable energy, digital services, and agri-business showing strong growth potential. As a result, a Caribbean Market <a href=\"https:\/\/www.sisinternational.com\/fr\/marche-des-produits-de-grande-consommation-au-vietnam\/\" title=\"March\u00e9 des produits de grande consommation au Vietnam\" data-wpil-monitor-id=\"2446\">Research Company<\/a> helps in understanding these emerging markets and guiding businesses to tap into these opportunities.<\/li>\n<\/ul>","protected":false},"excerpt":{"rendered":"<p>Une soci\u00e9t\u00e9 d&#039;\u00e9tudes de march\u00e9 des Cara\u00efbes aide les entreprises \u00e0 comprendre leurs march\u00e9s cibles uniques et complexes en vue d&#039;une expansion future.<\/p>","protected":false},"author":1,"featured_media":66255,"parent":33287,"menu_order":24,"comment_status":"closed","ping_status":"closed","template":"","meta":{"footnotes":""},"class_list":["post-42898","page","type-page","status-publish","has-post-thumbnail"],"_links":{"self":[{"href":"https:\/\/www.sisinternational.com\/fr\/wp-json\/wp\/v2\/pages\/42898","targetHints":{"allow":["GET"]}}],"collection":[{"href":"https:\/\/www.sisinternational.com\/fr\/wp-json\/wp\/v2\/pages"}],"about":[{"href":"https:\/\/www.sisinternational.com\/fr\/wp-json\/wp\/v2\/types\/page"}],"author":[{"embeddable":true,"href":"https:\/\/www.sisinternational.com\/fr\/wp-json\/wp\/v2\/users\/1"}],"replies":[{"embeddable":true,"href":"https:\/\/www.sisinternational.com\/fr\/wp-json\/wp\/v2\/comments?post=42898"}],"version-history":[{"count":12,"href":"https:\/\/www.sisinternational.com\/fr\/wp-json\/wp\/v2\/pages\/42898\/revisions"}],"predecessor-version":[{"id":81070,"href":"https:\/\/www.sisinternational.com\/fr\/wp-json\/wp\/v2\/pages\/42898\/revisions\/81070"}],"up":[{"embeddable":true,"href":"https:\/\/www.sisinternational.com\/fr\/wp-json\/wp\/v2\/pages\/33287"}],"wp:featuredmedia":[{"embeddable":true,"href":"https:\/\/www.sisinternational.com\/fr\/wp-json\/wp\/v2\/media\/66255"}],"wp:attachment":[{"href":"https:\/\/www.sisinternational.com\/fr\/wp-json\/wp\/v2\/media?parent=42898"}],"curies":[{"name":"wp","href":"https:\/\/api.w.org\/{rel}","templated":true}]}}