{"id":42893,"date":"2023-07-20T20:43:58","date_gmt":"2023-07-21T00:43:58","guid":{"rendered":"https:\/\/www.sisinternational.com\/?page_id=42893"},"modified":"2026-01-26T16:47:54","modified_gmt":"2026-01-26T21:47:54","slug":"societe-de-conseil-en-gestion-des-caraibes","status":"publish","type":"page","link":"https:\/\/www.sisinternational.com\/fr\/couverture\/etude-de-marche-dans-les-caraibes\/societe-de-conseil-en-gestion-des-caraibes\/","title":{"rendered":"Soci\u00e9t\u00e9 carib\u00e9enne de conseil en gestion"},"content":{"rendered":"<h1 class=\"wp-block-heading\">Soci\u00e9t\u00e9 carib\u00e9enne de conseil en gestion<\/h1>\n\n\n\n<figure class=\"gb-block-image gb-block-image-60aca058\"><img loading=\"lazy\" decoding=\"async\" width=\"1456\" height=\"816\" class=\"gb-image gb-image-60aca058\" src=\"https:\/\/www.sisinternational.com\/wp-content\/uploads\/2025\/09\/Dutch-Caribbean-2.jpg\" alt=\"\u00c9tudes de march\u00e9 et strat\u00e9gie internationales SIS\" title=\"Dutch Caribbean (2)\" srcset=\"https:\/\/www.sisinternational.com\/wp-content\/uploads\/2025\/09\/Dutch-Caribbean-2.jpg 1456w, https:\/\/www.sisinternational.com\/wp-content\/uploads\/2025\/09\/Dutch-Caribbean-2-300x168.jpg 300w, https:\/\/www.sisinternational.com\/wp-content\/uploads\/2025\/09\/Dutch-Caribbean-2-1024x574.jpg 1024w, https:\/\/www.sisinternational.com\/wp-content\/uploads\/2025\/09\/Dutch-Caribbean-2-768x430.jpg 768w, https:\/\/www.sisinternational.com\/wp-content\/uploads\/2025\/09\/Dutch-Caribbean-2-18x10.jpg 18w\" sizes=\"auto, (max-width: 1456px) 100vw, 1456px\"><\/figure>\n\n\n\n<p><\/p>\n\n\n\n<hr class=\"wp-block-separator has-alpha-channel-opacity is-style-dots\"\/>\n\n\n\n<p>Avec son m\u00e9lange unique de march\u00e9s \u00e9mergents et \u00e9tablis, les Cara\u00efbes offrent de nombreuses opportunit\u00e9s aux entreprises d\u00e9sireuses de s&#039;adapter \u00e0 son paysage \u00e9conomique, culturel et r\u00e9glementaire distinctif.<\/p>\n\n\n\n<p>Cependant, pour d\u00e9bloquer ces opportunit\u00e9s et surmonter les d\u00e9fis qui y sont associ\u00e9s, les entreprises ont souvent besoin de l&#039;aide d&#039;un partenaire expert qui comprend les complexit\u00e9s de cette r\u00e9gion dynamique. Pour cette raison, un partenaire tel qu\u2019une soci\u00e9t\u00e9 carib\u00e9enne experte de conseil en gestion peut faire la diff\u00e9rence entre avoir une entreprise stable dans la r\u00e9gion ou une entr\u00e9e rat\u00e9e sur l\u2019un de ces march\u00e9s.<\/p>\n\n\n\n<div class=\"wp-block-columns has-global-color-9-color has-text-color has-background has-link-color wp-elements-74a36e93fa5bf71a7063821cfc357653 is-layout-flex wp-container-core-columns-is-layout-9d6595d7 wp-block-columns-is-layout-flex\" style=\"background-color:#f7f9fa6e\">\n<div class=\"wp-block-column is-layout-flow wp-block-column-is-layout-flow\" style=\"flex-basis:18%\"><\/div>\n\n\n\n<div class=\"wp-block-column is-vertically-aligned-center is-layout-flow wp-block-column-is-layout-flow\" style=\"flex-basis:71.28%\">\n<div class=\"wp-block-rank-math-toc-block aligncenter has-global-color-9-color has-text-color has-link-color wp-elements-74bafc36ad6b0773fda60c2e0b78f1bc\" style=\"font-size:16px\" id=\"rank-math-toc\"><h2><br><strong>T<\/strong>able of Contents<\/h2><nav><ul><li class=\"\"><a href=\"#the-significance-of-a-caribbean-management-consulting-company\">L\u2019importance d\u2019une soci\u00e9t\u00e9 carib\u00e9enne de conseil en gestion<\/a><\/li><li class=\"\"><a href=\"#what-kind-of-services-does-a-caribbean-management-consulting-company-provide\">Quels types de services une soci\u00e9t\u00e9 carib\u00e9enne de conseil en gestion fournit-elle\u00a0?<\/a><\/li><li class=\"\"><a href=\"#leveraging-opportunities-in-the-caribbean\">Tirer parti des opportunit\u00e9s dans les Cara\u00efbes<\/a><\/li><li class=\"\"><a href=\"#challenges-of-the-caribbean-markets\">Les d\u00e9fis des march\u00e9s carib\u00e9ens<\/a><\/li><\/ul><\/nav><\/div>\n<\/div>\n<\/div>\n\n\n\n<h2 class=\"wp-block-heading\" id=\"the-significance-of-a-caribbean-management-consulting-company\">L\u2019importance d\u2019une soci\u00e9t\u00e9 carib\u00e9enne de conseil en gestion<\/h2>\n\n\n\n<figure class=\"gb-block-image gb-block-image-18a7d35c\"><img loading=\"lazy\" decoding=\"async\" width=\"1456\" height=\"816\" class=\"gb-image gb-image-18a7d35c\" src=\"https:\/\/www.sisinternational.com\/wp-content\/uploads\/2025\/09\/Caribbran-5.jpg\" alt=\"\u00c9tudes de march\u00e9 et strat\u00e9gie internationales SIS\" title=\"Caribbran (5)\" srcset=\"https:\/\/www.sisinternational.com\/wp-content\/uploads\/2025\/09\/Caribbran-5.jpg 1456w, https:\/\/www.sisinternational.com\/wp-content\/uploads\/2025\/09\/Caribbran-5-300x168.jpg 300w, https:\/\/www.sisinternational.com\/wp-content\/uploads\/2025\/09\/Caribbran-5-1024x574.jpg 1024w, https:\/\/www.sisinternational.com\/wp-content\/uploads\/2025\/09\/Caribbran-5-768x430.jpg 768w, https:\/\/www.sisinternational.com\/wp-content\/uploads\/2025\/09\/Caribbran-5-18x10.jpg 18w\" sizes=\"auto, (max-width: 1456px) 100vw, 1456px\"><\/figure>\n\n\n\n<p><\/p>\n\n\n\n<p class=\"p1\">\u00c0 mesure que le paysage commercial se mondialise de plus en plus, il est essentiel d\u2019acqu\u00e9rir autant d\u2019informations locales que possible pour personnaliser les produits et services selon les normes locales. C\u2019est l\u00e0 qu\u2019intervient une soci\u00e9t\u00e9 carib\u00e9enne de conseil en gestion.<\/p>\n\n\n\n<p>Une soci\u00e9t\u00e9 carib\u00e9enne de conseil en gestion fournit aux entreprises des conseils strat\u00e9giques et des solutions concr\u00e8tes adapt\u00e9es \u00e0 l&#039;environnement unique de la r\u00e9gion. Leurs services vont du d\u00e9veloppement de strat\u00e9gie commerciale et de l\u2019am\u00e9lioration de l\u2019efficacit\u00e9 op\u00e9rationnelle \u00e0 la strat\u00e9gie technologique et num\u00e9rique \u2013 tous visant \u00e0 permettre aux entreprises de prosp\u00e9rer sur les march\u00e9s des Cara\u00efbes.<\/p>\n\n\n\n<p>De plus, \u00e0 mesure que l\u2019\u00e9conomie des Cara\u00efbes se diversifie et que de nouveaux secteurs \u00e9mergent, les entreprises se tournent vers des cabinets de conseil en gestion pour les aider \u00e0 explorer ces nouvelles opportunit\u00e9s\u2026 Et une soci\u00e9t\u00e9 de conseil en gestion des Cara\u00efbes fournit l\u2019expertise n\u00e9cessaire pour identifier les domaines de croissance potentiels, \u00e9valuer les risques et concevoir strat\u00e9gies d\u2019entr\u00e9e ou d\u2019expansion.<\/p>\n\n\n\n<h2 class=\"wp-block-heading\" id=\"what-kind-of-services-does-a-caribbean-management-consulting-company-provide\">Quels types de services une soci\u00e9t\u00e9 carib\u00e9enne de conseil en gestion fournit-elle\u00a0?<\/h2>\n\n\n\n<p>Les services d\u2019une soci\u00e9t\u00e9 carib\u00e9enne de conseil en gestion sont diversifi\u00e9s et englobent divers aspects des op\u00e9rations commerciales, de la strat\u00e9gie et de la gestion. L\u2019objectif est de fournir des solutions compl\u00e8tes et sur mesure qui r\u00e9pondent aux besoins et d\u00e9fis sp\u00e9cifiques de l\u2019activit\u00e9 dans l\u2019environnement commercial des Cara\u00efbes.<\/p>\n\n\n\n<p><\/p>\n\n\n\n<!DOCTYPE html>\n<html lang=\"en\">\n<head>\n    <meta charset=\"UTF-8\">\n    <meta name=\"viewport\" content=\"width=device-width, initial-scale=1.0\">\n    <title>Caribbean Economic &#038; Investment Indicators<\/title>\n    <style>\n        \/* Responsive Table & SIS International-inspired Styling\n          - Uses a corporate blue and clean, sans-serif fonts.\n          - Fully responsive with horizontal scroll on small screens to prevent page distortion.\n        *\/\n        \n        .sis-table-container {\n            font-family: -apple-system, BlinkMacSystemFont, \"Segoe UI\", Roboto, Helvetica, Arial, sans-serif;\n            margin: 2em 0;\n            width: 100%;\n            \/* Allows horizontal scroll on small screens *\/\n            overflow-x: auto;\n            -webkit-overflow-scrolling: touch; \/* Smooth scrolling on iOS *\/\n        }\n\n        .sis-table-container h3 {\n            font-size: 1.5rem; \/* 24px *\/\n            font-weight: 600;\n            color: #333;\n            margin-bottom: 0.75em;\n            padding: 0;\n        }\n\n        .sis-table {\n            width: 100%;\n            border-collapse: collapse;\n            min-width: 600px; \/* Ensures layout preservation, container scrolls if needed *\/\n        }\n\n        .sis-table th,\n        .sis-table td {\n            padding: 12px 15px;\n            text-align: left;\n            line-height: 1.5;\n             \/* Prevent line breaks within cells *\/\n            white-space: nowrap;\n        }\n\n        \/* Header Styling *\/\n        .sis-table thead th {\n            background-color: #005cbf; \/* SIS corporate blue *\/\n            color: #ffffff;\n            font-weight: 600;\n            font-size: 0.9rem; \/* 14.4px *\/\n            text-transform: uppercase;\n            letter-spacing: 0.5px;\n        }\n\n        \/* Body Styling *\/\n        .sis-table tbody tr {\n            border-bottom: 1px solid #ddd;\n        }\n\n        .sis-table tbody tr:nth-of-type(even) {\n            background-color: #f8f8f8; \/* Light gray alternate rows *\/\n        }\n\n        .sis-table tbody tr:last-of-type {\n            border-bottom: 2px solid #005cbf; \/* Match header blue *\/\n        }\n\n        .sis-table td {\n            color: #444;\n            font-size: 0.95rem; \/* 15.2px *\/\n        }\n        \n        \/* Right-align numerical data *\/\n        .sis-table td:nth-child(2),\n        .sis-table td:nth-child(3) {\n            text-align: right;\n        }\n         .sis-table th:nth-child(2),\n         .sis-table th:nth-child(3) {\n            text-align: right;\n        }\n\n\n        .sis-table-container .source-caption {\n            margin-top: 10px;\n            font-size: 0.85rem; \/* 13.6px *\/\n            color: #555;\n            font-style: italic;\n        }\n\n        .sis-table-container .source-caption a {\n            color: #005cbf; \/* Match brand blue *\/\n            text-decoration: none;\n        }\n\n        .sis-table-container .source-caption a:hover {\n            text-decoration: underline;\n        }\n    <\/style>\n<\/head>\n<body>\n\n    <!-- \n      HTML for WordPress:\n      Copy and paste the code from .sis-table-container start to end into a Custom HTML block.\n    -->\n    <div class=\"sis-table-container\">\n        \n        <h3>Caribbean Economic Growth &#038; Investment Indicators<\/h3>\n\n        <table class=\"sis-table\">\n            <thead>\n                <tr>\n                    <th>Country<\/th>\n                    <th>Recent GDP Growth (Annual %)<\/th>\n                    <th>FDI, Net Inflows (% of GDP)<\/th> \n                <\/tr>\n            <\/thead>\n            <tbody>\n                <tr>\n                    <td>Dominican Republic<\/td>\n                    <td>2.4%<\/td>\n                    <td>3.5%<\/td>\n                <\/tr>\n                <tr>\n                    <td>Jama\u00efque<\/td>\n                    <td>1.9%<\/td>\n                    <td>4.1%<\/td>\n                <\/tr>\n                <tr>\n                    <td>Les Bahamas<\/td>\n                    <td>4.3%<\/td>\n                    <td>3.9%<\/td>\n                <\/tr>\n                 <tr>\n                    <td><a href=\"https:\/\/www.sisinternational.com\/fr\/couverture\/les-ameriques\/etude-de-marche-dans-les-caraibes\/etude-de-marche-trinite-tobago\/\" title=\"\u00c9tude de march\u00e9 \u00e0 Trinit\u00e9-et-Tobago\"  data-wpil-monitor-id=\"6208\">Trinit\u00e9-et-Tobago<\/a><\/td>\n                    <td>2.1%<\/td>\n                    <td>2.8%<\/td>\n                <\/tr>\n                 <tr>\n                    <td>Barbade<\/td>\n                    <td>4.4%<\/td>\n                    <td>3.1%<\/td>\n                <\/tr>\n            <\/tbody>\n        <\/table>\n\n        <p class=\"source-caption\">\n             Note: Data reflects figures for 2023. Source: <a href=\"https:\/\/data.worldbank.org\/indicator\/\" target=\"_blank\" rel=\"noopener noreferrer\">World Bank Data<\/a> (Indicators: NY.GDP.MKTP.KD.ZG, BX.KLT.DINV.WD.GD.ZS), accessed October 2025.\n        <\/p>\n\n    <\/div>\n\n<\/body>\n<\/html>\n\n\n\n\n<p><\/p>\n\n\n\n<h3 class=\"wp-block-heading\">Voici quelques services cl\u00e9s offerts par ces entreprises\u00a0:<\/h3>\n\n\n\n<ul class=\"wp-block-list\">\n<li><strong>D\u00e9veloppement de la strat\u00e9gie commerciale\u00a0:<\/strong> Ce service implique la cr\u00e9ation de strat\u00e9gies commerciales solides qui correspondent aux objectifs de l&#039;entreprise et aux r\u00e9alit\u00e9s du march\u00e9 carib\u00e9en. Cela peut impliquer une analyse concurrentielle, une segmentation du march\u00e9, des strat\u00e9gies de croissance et une planification d\u2019urgence visant \u00e0 tirer parti des opportunit\u00e9s et des d\u00e9fis du march\u00e9 sp\u00e9cifique cibl\u00e9 par l\u2019entreprise.<\/li>\n\n\n\n<li><strong>Am\u00e9liorations de l&#039;efficacit\u00e9 op\u00e9rationnelle\u00a0:<\/strong> Une soci\u00e9t\u00e9 carib\u00e9enne de conseil en gestion aide les entreprises \u00e0 rationaliser leurs op\u00e9rations pour accro\u00eetre l&#039;efficacit\u00e9 et la productivit\u00e9 sur la base d&#039;une connaissance approfondie de la culture locale et des pr\u00e9f\u00e9rences des consommateurs. Cela peut inclure une refonte des processus, la gestion de la cha\u00eene d&#039;approvisionnement, des strat\u00e9gies de r\u00e9duction des co\u00fbts et des mesures de contr\u00f4le de la qualit\u00e9 tout en respectant toutes les r\u00e9glementations locales.<\/li>\n\n\n\n<li><strong>Gestion des ressources humaines:<\/strong> Une soci\u00e9t\u00e9 carib\u00e9enne de conseil en gestion propose des strat\u00e9gies de gestion efficace des ressources humaines, reconnaissant que les march\u00e9s carib\u00e9ens sont beaucoup plus petits que ce qui est propos\u00e9 sur les principaux march\u00e9s mondiaux. C&#039;est pourquoi un savoir-faire et une expertise sp\u00e9cialis\u00e9s sont n\u00e9cessaires pour obtenir des talents sp\u00e9cialis\u00e9s adapt\u00e9s \u00e0 la main-d&#039;\u0153uvre mondiale.<\/li>\n\n\n\n<li><strong>Technologie et strat\u00e9gie num\u00e9rique\u00a0:<\/strong> \u00c0 une \u00e9poque de transformation num\u00e9rique rapide, une soci\u00e9t\u00e9 carib\u00e9enne de conseil en gestion aide les entreprises mondiales \u00e0 tirer parti de la technologie pour am\u00e9liorer leurs op\u00e9rations. Les services peuvent inclure des \u00e9valuations de l&#039;\u00e9tat de pr\u00e9paration au num\u00e9rique, des strat\u00e9gies de transformation num\u00e9rique, la planification de l&#039;infrastructure informatique et des mesures de cybers\u00e9curit\u00e9.<\/li>\n\n\n\n<li><strong>Gestion des risques:<\/strong> Compte tenu de la volatilit\u00e9 de l&#039;environnement commercial mondial, les soci\u00e9t\u00e9s de conseil en gestion des Cara\u00efbes fournissent des services en mati\u00e8re de strat\u00e9gies d&#039;identification, d&#039;\u00e9valuation et d&#039;att\u00e9nuation des risques. Cela englobe diff\u00e9rents types de risques, notamment financiers, op\u00e9rationnels, politiques et de r\u00e9putation. Cela garantit \u00e9galement que les strat\u00e9gies adopt\u00e9es sont durables \u00e0 long terme et peuvent surmonter les d\u00e9fis qui se posent sur les march\u00e9s carib\u00e9ens.<\/li>\n\n\n\n<li><strong>Conformit\u00e9 r\u00e9glementaire\u00a0:<\/strong> Compte tenu de la diversit\u00e9 des r\u00e9glementations dans les pays des Cara\u00efbes, ces cabinets de conseil aident les entreprises \u00e0 garantir leur conformit\u00e9, att\u00e9nuant ainsi les risques juridiques.<\/li>\n<\/ul>\n\n\n\n<h2 class=\"wp-block-heading\" id=\"leveraging-opportunities-in-the-caribbean\">Tirer parti des opportunit\u00e9s dans les Cara\u00efbes<\/h2>\n\n\n\n<ul class=\"wp-block-list\">\n<li><strong>Le tourisme et l&#039;hospitalit\u00e9:<\/strong> La beaut\u00e9 naturelle et la richesse culturelle des Cara\u00efbes en font une destination touristique de choix. Les nouvelles tendances telles que l\u2019\u00e9cotourisme, le tourisme patrimonial et le tourisme de bien-\u00eatre offrent des opportunit\u00e9s de diversification et d\u2019innovation au sein de ce secteur, dont de nombreuses entreprises mondiales peuvent profiter pour diversifier leurs activit\u00e9s dans les Cara\u00efbes.<\/li>\n\n\n\n<li><strong>Services financiers:<\/strong> De nombreux pays des Cara\u00efbes sont largement reconnus comme d\u2019importants centres financiers offshore. Les entreprises qui cherchent \u00e0 naviguer dans ce secteur complexe peuvent b\u00e9n\u00e9ficier de l\u2019expertise sectorielle d\u2019une soci\u00e9t\u00e9 de conseil en gestion des Cara\u00efbes, en particulier sur des march\u00e9s tels que les \u00eeles Vierges ou les Bahamas qui disposent de r\u00e9glementations financi\u00e8res favorables aux investisseurs offshore.<\/li>\n\n\n\n<li><strong>Transformation num\u00e9rique\u00a0:<\/strong> Les Cara\u00efbes connaissent une pouss\u00e9e de transformation num\u00e9rique dans divers secteurs, du commerce \u00e9lectronique et de la fintech aux soins de sant\u00e9 num\u00e9riques et au travail \u00e0 distance. Ce changement pr\u00e9sente des opportunit\u00e9s pour les entreprises d&#039;innover, d&#039;atteindre de nouveaux clients et de rationaliser leurs op\u00e9rations dans une r\u00e9gion \u00e0 fort potentiel de croissance.<\/li>\n\n\n\n<li><strong>\u00c9nergie verte:<\/strong> Avec un ensoleillement et un vent abondants, les Cara\u00efbes disposent d\u2019un vaste potentiel en mati\u00e8re d\u2019\u00e9nergie renouvelable. Alors que les tendances mondiales \u00e9voluent vers le d\u00e9veloppement durable, des opportunit\u00e9s majeures apparaissent pour les entreprises de technologies solaires, \u00e9oliennes et autres \u00e9nergies renouvelables sur un march\u00e9 presque inexplor\u00e9.<\/li>\n\n\n\n<li><strong>Secteur agroalimentaire:<\/strong> Le climat diversifi\u00e9 et le sol fertile des Cara\u00efbes les rendent propices \u00e0 diverses activit\u00e9s agricoles. Il existe un potentiel de croissance et d&#039;innovation dans des domaines tels que l&#039;agriculture biologique, les cultures sp\u00e9cialis\u00e9es et l&#039;agroalimentaire.<\/li>\n\n\n\n<li><strong>Fabrication et exportation\u00a0:<\/strong> Caribbean countries offer opportunities for manufacturing, particularly in sectors like textiles, food processing, and pharmaceuticals. The proximity to major <a href=\"https:\/\/www.sisinternational.com\/fr\/couverture\/etude-de-marche-en-afrique\/etude-de-marche-en-afrique-du-sud\/\" title=\"Etude de march\u00e9 en Afrique du Sud\" data-wpil-monitor-id=\"6835\">markets in North and South<\/a> America is an advantage for companies seeking to manufacture products for export at reasonable prices.<\/li>\n<\/ul>\n\n\n\n<h2 class=\"wp-block-heading\" id=\"challenges-of-the-caribbean-markets\">Les d\u00e9fis des march\u00e9s carib\u00e9ens<\/h2>\n\n\n\n<figure class=\"gb-block-image gb-block-image-b13420ff\"><img loading=\"lazy\" decoding=\"async\" width=\"1456\" height=\"816\" class=\"gb-image gb-image-b13420ff\" src=\"https:\/\/www.sisinternational.com\/wp-content\/uploads\/2025\/09\/Dutch-Caribbean-5.jpg\" alt=\"\u00c9tudes de march\u00e9 et strat\u00e9gie internationales SIS\" title=\"Dutch Caribbean (5)\" srcset=\"https:\/\/www.sisinternational.com\/wp-content\/uploads\/2025\/09\/Dutch-Caribbean-5.jpg 1456w, https:\/\/www.sisinternational.com\/wp-content\/uploads\/2025\/09\/Dutch-Caribbean-5-300x168.jpg 300w, https:\/\/www.sisinternational.com\/wp-content\/uploads\/2025\/09\/Dutch-Caribbean-5-1024x574.jpg 1024w, https:\/\/www.sisinternational.com\/wp-content\/uploads\/2025\/09\/Dutch-Caribbean-5-768x430.jpg 768w, https:\/\/www.sisinternational.com\/wp-content\/uploads\/2025\/09\/Dutch-Caribbean-5-18x10.jpg 18w\" sizes=\"auto, (max-width: 1456px) 100vw, 1456px\"><\/figure>\n\n\n\n<p><\/p>\n\n\n\n<p>Si les Cara\u00efbes rec\u00e8lent un immense potentiel commercial, elles pr\u00e9sentent \u00e9galement un ensemble unique de d\u00e9fis que les entreprises doivent relever pour r\u00e9ussir. Une soci\u00e9t\u00e9 carib\u00e9enne de conseil en gestion joue un r\u00f4le crucial en aidant les entreprises \u00e0 relever efficacement ces d\u00e9fis, tels que\u00a0:<\/p>\n\n\n\n<ul class=\"wp-block-list\">\n<li><strong>Environnement r\u00e9glementaire:<\/strong> Les Cara\u00efbes comprennent de nombreuses nations ind\u00e9pendantes, chacune avec son propre paysage r\u00e9glementaire. Ces cabinets de conseil peuvent guider les entreprises dans cet ensemble complexe de r\u00e9glementations, en garantissant la conformit\u00e9 tout en optimisant l\u2019efficacit\u00e9 op\u00e9rationnelle. Par exemple, ils peuvent aider \u00e0 faire face \u00e0 des changements politiques tels que la sortie de plusieurs de ces pays du Commonwealth ou \u00e0 g\u00e9rer les changements politiques et \u00e9conomiques que cela implique, en profitant de toutes les opportunit\u00e9s d&#039;investissement qui se pr\u00e9sentent en cours de route.<\/li>\n\n\n\n<li><strong>Logistique et infrastructures\u00a0:<\/strong> Des infrastructures et une logistique limit\u00e9es peuvent poser des d\u00e9fis aux cha\u00eenes d\u2019approvisionnement et aux op\u00e9rations. La plupart de ces march\u00e9s entretiennent une infrastructure sous-d\u00e9velopp\u00e9e qui peut g\u00eaner les op\u00e9rations. Ces cabinets de conseil aident les entreprises \u00e0 concevoir des solutions et des strat\u00e9gies innovantes pour att\u00e9nuer ces d\u00e9fis.<\/li>\n\n\n\n<li><strong>Vuln\u00e9rabilit\u00e9 climatique\u00a0:<\/strong> La vuln\u00e9rabilit\u00e9 des Cara\u00efbes aux catastrophes naturelles telles que les ouragans peut perturber les activit\u00e9s commerciales. Gr\u00e2ce \u00e0 la planification strat\u00e9gique et \u00e0 la gestion des risques, ces soci\u00e9t\u00e9s de conseil aident les entreprises \u00e0 \u00e9laborer des plans de r\u00e9silience et de continuit\u00e9.<\/li>\n\n\n\n<li><strong>Gestion des ressources humaines:<\/strong> Attirer et retenir les talents peut s\u2019av\u00e9rer difficile dans certaines r\u00e9gions des Cara\u00efbes. Ces entreprises proposent des strat\u00e9gies pour g\u00e9rer efficacement les ressources humaines, de l&#039;acquisition de talents au d\u00e9veloppement et \u00e0 la r\u00e9tention.<\/li>\n\n\n\n<li><strong>Durabilit\u00e9 et RSE\u00a0:<\/strong> On attend de plus en plus des entreprises qu\u2019elles soient socialement responsables et durables. En particulier sur les march\u00e9s des Cara\u00efbes o\u00f9 le taux de pauvret\u00e9 est \u00e9lev\u00e9 et o\u00f9 les communaut\u00e9s attendent une RSE forte.\u00a0<\/li>\n<\/ul>\n\n\n\n<p><\/p>\n\n\n<h2>Notre emplacement \u00e0 New York<\/h2>\n<p><!-- \/wp:post-content --> <!-- wp:html --> <iframe loading=\"lazy\" src=\"https:\/\/www.google.com\/maps\/embed?pb=!1m18!1m12!1m3!1d3022.976188376966!2d-73.99130312499956!3d40.740549471389315!2m3!1f0!2f0!3f0!3m2!1i1024!2i768!4f13.1!3m3!1m2!1s0x89c259a15798c731%3A0xd695d09bdd495f25!2s11%20E%2022nd%20St%20FL%202%2C%20New%20York%2C%20NY%2010010%2C%20USA!5e0!3m2!1sen!2spe!4v1726171763526!5m2!1sen!2spe\" width=\"600\" height=\"450\" allowfullscreen=\"allowfullscreen\" data-mce-fragment=\"1\"><\/iframe> <!-- \/wp:html --> <!-- wp:paragraph --><\/p>\n<h3 class=\"wp-block-heading\">11 E 22nd Street, \u00e9tage 2, New York, NY 10010 T\u00e9l. : +1(212) 505-6805<\/h3>\n<hr \/>\n<h2><span style=\"font-weight: 400;\">\u00c0 propos de SIS International<\/span><\/h2>\n<p><a href=\"https:\/\/www.sisinternational.com\/fr\/\"><span style=\"font-weight: 400;\">SIS International<\/span><\/a><span style=\"font-weight: 400;\"> propose des recherches quantitatives, qualitatives et strat\u00e9giques. Nous fournissons des donn\u00e9es, des outils, des strat\u00e9gies, des rapports et des informations pour la prise de d\u00e9cision. Nous menons \u00e9galement des entretiens, des enqu\u00eates, des groupes de discussion et d\u2019autres m\u00e9thodes et approches d\u2019\u00e9tudes de march\u00e9.<\/span><a href=\"https:\/\/www.sisinternational.com\/fr\/a-propos-de-la-recherche-internationale-sis\/contact-sis-international-market-research\/\"><span style=\"font-weight: 400;\"> Contactez nous<\/span><\/a><span style=\"font-weight: 400;\"> pour votre prochain projet d&#039;\u00e9tude de march\u00e9.<\/span><\/p>\n<p><!-- wp:heading --><\/p>\n<h2 id=\"about-sis-international\" class=\"wp-block-heading\">\u00a0<\/h2><!-- \/wp:heading -->","protected":false},"excerpt":{"rendered":"<p>Une soci\u00e9t\u00e9 carib\u00e9enne de conseil en gestion propose une strat\u00e9gie, des op\u00e9rations, une technologie et des conseils num\u00e9riques sur mesure pour aider les entreprises r\u00e9gionales.<\/p>","protected":false},"author":1,"featured_media":66256,"parent":33287,"menu_order":23,"comment_status":"closed","ping_status":"closed","template":"","meta":{"footnotes":""},"class_list":["post-42893","page","type-page","status-publish","has-post-thumbnail"],"_links":{"self":[{"href":"https:\/\/www.sisinternational.com\/fr\/wp-json\/wp\/v2\/pages\/42893","targetHints":{"allow":["GET"]}}],"collection":[{"href":"https:\/\/www.sisinternational.com\/fr\/wp-json\/wp\/v2\/pages"}],"about":[{"href":"https:\/\/www.sisinternational.com\/fr\/wp-json\/wp\/v2\/types\/page"}],"author":[{"embeddable":true,"href":"https:\/\/www.sisinternational.com\/fr\/wp-json\/wp\/v2\/users\/1"}],"replies":[{"embeddable":true,"href":"https:\/\/www.sisinternational.com\/fr\/wp-json\/wp\/v2\/comments?post=42893"}],"version-history":[{"count":8,"href":"https:\/\/www.sisinternational.com\/fr\/wp-json\/wp\/v2\/pages\/42893\/revisions"}],"predecessor-version":[{"id":80411,"href":"https:\/\/www.sisinternational.com\/fr\/wp-json\/wp\/v2\/pages\/42893\/revisions\/80411"}],"up":[{"embeddable":true,"href":"https:\/\/www.sisinternational.com\/fr\/wp-json\/wp\/v2\/pages\/33287"}],"wp:featuredmedia":[{"embeddable":true,"href":"https:\/\/www.sisinternational.com\/fr\/wp-json\/wp\/v2\/media\/66256"}],"wp:attachment":[{"href":"https:\/\/www.sisinternational.com\/fr\/wp-json\/wp\/v2\/media?parent=42893"}],"curies":[{"name":"wp","href":"https:\/\/api.w.org\/{rel}","templated":true}]}}