{"id":42840,"date":"2023-05-08T13:58:14","date_gmt":"2023-05-08T17:58:14","guid":{"rendered":"https:\/\/www.sisinternational.com\/?page_id=42840"},"modified":"2026-01-26T18:50:41","modified_gmt":"2026-01-26T23:50:41","slug":"etude-de-marche-sur-la-crevette","status":"publish","type":"page","link":"https:\/\/www.sisinternational.com\/fr\/competence\/etude-de-marche-sur-la-crevette\/","title":{"rendered":"\u00c9tude de march\u00e9 sur les crevettes"},"content":{"rendered":"<h1 class=\"wp-block-heading\">\u00c9tude de march\u00e9 sur les crevettes<\/h1>\n\n\n\n<figure class=\"gb-block-image gb-block-image-81e2307a\"><img loading=\"lazy\" decoding=\"async\" width=\"1456\" height=\"816\" class=\"gb-image gb-image-81e2307a\" src=\"https:\/\/www.sisinternational.com\/wp-content\/uploads\/2025\/08\/Shrimp-9.jpg\" alt=\"\u00c9tudes de march\u00e9 et strat\u00e9gie internationales SIS\" title=\"Shrimp (9)\" srcset=\"https:\/\/www.sisinternational.com\/wp-content\/uploads\/2025\/08\/Shrimp-9.jpg 1456w, https:\/\/www.sisinternational.com\/wp-content\/uploads\/2025\/08\/Shrimp-9-300x168.jpg 300w, https:\/\/www.sisinternational.com\/wp-content\/uploads\/2025\/08\/Shrimp-9-1024x574.jpg 1024w, https:\/\/www.sisinternational.com\/wp-content\/uploads\/2025\/08\/Shrimp-9-768x430.jpg 768w, https:\/\/www.sisinternational.com\/wp-content\/uploads\/2025\/08\/Shrimp-9-18x10.jpg 18w\" sizes=\"auto, (max-width: 1456px) 100vw, 1456px\"><\/figure>\n\n\n\n<p><\/p>\n\n\n\n<p>L\u2019\u00e9tude de march\u00e9 sur la crevette examine en profondeur la dynamique de l\u2019offre et de la demande du march\u00e9 de l\u2019industrie de la crevette, le comportement des consommateurs, les syst\u00e8mes de production et de distribution, le paysage concurrentiel et l\u2019environnement r\u00e9glementaire. L&#039;\u00e9tude vise \u00e0 collecter des donn\u00e9es et des strat\u00e9gies d&#039;\u00e9tudes de march\u00e9 sur la crevette qui aideront les entreprises \u00e0 prendre des d\u00e9cisions \u00e9clair\u00e9es en mati\u00e8re de marketing, de d\u00e9veloppement de produits, de strat\u00e9gies de prix et de planification commerciale globale dans l&#039;industrie de la crevette. Cette recherche peut \u00eatre r\u00e9alis\u00e9e \u00e0 l\u2019aide de diverses m\u00e9thodologies, notamment des enqu\u00eates, des entretiens et l\u2019analyse de donn\u00e9es de sources secondaires.<\/p>\n\n\n\n<h2 class=\"wp-block-heading\">Aper\u00e7u du march\u00e9<\/h2>\n\n\n\n<p>Shrimp is a famous shellfish in high demand worldwide due to its exquisite flavor and nutritional content. As a result, the shrimp market is a thriving industry that will continue to expand in the following years. Market research provides insights into factors driving the shrimp market include rising consumer health awareness, increased seafood demand, and expansion of aquaculture. The Asia-Pacific area leads the shrimp industry, with key producers and exporters including China, Thailand, and Indonesia. Other regions with significant market shares in the <a href=\"https:\/\/www.sisinternational.com\/fr\/couverture\/leurope-%ef%83%97\/etude-de-marche-jersey-europe\/\" title=\"Etude de march\u00e9 \u00e0 Jersey, Europe\"  data-wpil-monitor-id=\"7076\">shrimp<\/a> industry include North America and Europe.<\/p>\n\n\n\n<h2 class=\"wp-block-heading\">Segments d&#039;\u00e9tudes de march\u00e9<\/h2>\n\n\n\n<h3 class=\"wp-block-heading\">Les crevettes sont class\u00e9es en de nombreuses cat\u00e9gories dans l&#039;industrie de la crevette en fonction de leur taille, de leur esp\u00e8ce et de leur transformation. Vous trouverez ci-dessous quelques-uns des types de crevettes les plus r\u00e9pandus\u00a0:<\/h3>\n\n\n\n<ul class=\"wp-block-list\">\n<li>Les crevettes sont class\u00e9es selon qu&#039;elles sont captur\u00e9es en eau douce ou en eau sal\u00e9e.<\/li>\n\n\n\n<li>Les crevettes peuvent \u00eatre captur\u00e9es dans la nature ou cultiv\u00e9es dans des fermes, et elles sont class\u00e9es en fonction de leur mode de production.<\/li>\n\n\n\n<li>Selon les pr\u00e9f\u00e9rences des consommateurs et la demande du march\u00e9, les crevettes peuvent \u00eatre propos\u00e9es avec ou sans t\u00eate.<\/li>\n\n\n\n<li>Les crevettes peuvent \u00eatre commercialis\u00e9es crues ou cuites et sont g\u00e9n\u00e9ralement transform\u00e9es et emball\u00e9es diff\u00e9remment selon leur m\u00e9thode.<\/li>\n\n\n\n<li>Selon les pr\u00e9f\u00e9rences des consommateurs et la demande du march\u00e9, les crevettes peuvent \u00eatre propos\u00e9es avec ou sans carapace.<\/li>\n\n\n\n<li>Les crevettes sont \u00e9galement class\u00e9es en fonction de leur taille, les crevettes g\u00e9antes \u00e9tant les plus grosses et les petites crevettes les plus petites.<\/li>\n<\/ul>\n\n\n\n<h2 class=\"wp-block-heading\">Facteurs du march\u00e9 dans l\u2019industrie de la crevette<\/h2>\n\n\n\n<figure class=\"gb-block-image gb-block-image-4b435443\"><img loading=\"lazy\" decoding=\"async\" width=\"1456\" height=\"816\" class=\"gb-image gb-image-4b435443\" src=\"https:\/\/www.sisinternational.com\/wp-content\/uploads\/2025\/08\/Shrimp-2.jpg\" alt=\"\u00c9tudes de march\u00e9 et strat\u00e9gie internationales SIS\" title=\"Shrimp (2)\" srcset=\"https:\/\/www.sisinternational.com\/wp-content\/uploads\/2025\/08\/Shrimp-2.jpg 1456w, https:\/\/www.sisinternational.com\/wp-content\/uploads\/2025\/08\/Shrimp-2-300x168.jpg 300w, https:\/\/www.sisinternational.com\/wp-content\/uploads\/2025\/08\/Shrimp-2-1024x574.jpg 1024w, https:\/\/www.sisinternational.com\/wp-content\/uploads\/2025\/08\/Shrimp-2-768x430.jpg 768w, https:\/\/www.sisinternational.com\/wp-content\/uploads\/2025\/08\/Shrimp-2-18x10.jpg 18w\" sizes=\"auto, (max-width: 1456px) 100vw, 1456px\"><\/figure>\n\n\n\n<p><\/p>\n\n\n\n<h3 class=\"wp-block-heading\">Plusieurs facteurs influencent l\u2019offre et la demande dans l\u2019industrie de la crevette. Parmi les moteurs du march\u00e9 figurent :<\/h3>\n\n\n\n<ul class=\"wp-block-list\">\n<li><strong>Avantages pour la sant\u00e9 \u2013<\/strong> Les crevettes sont une collation faible en calories et riche en prot\u00e9ines contenant des min\u00e9raux comme la vitamine D, le s\u00e9l\u00e9nium et les acides gras om\u00e9ga-3. En cons\u00e9quence, il est consid\u00e9r\u00e9 comme un aliment nutritif qui s\u00e9duit les consommateurs soucieux de leur sant\u00e9.<\/li>\n\n\n\n<li><strong>Demande en hausse -<\/strong> La demande augmente. La croissance d\u00e9mographique, l\u2019augmentation des niveaux de revenus et l\u2019\u00e9volution des go\u00fbts culinaires stimulent la demande mondiale de crevettes.<\/li>\n\n\n\n<li><strong>Industrie aquacole \u2013<\/strong> L&#039;aquaculture est un secteur en pleine croissance. La production de crevettes a augment\u00e9 \u00e0 mesure que l&#039;activit\u00e9 aquacole s&#039;est d\u00e9velopp\u00e9e, ce qui la rend plus largement disponible et plus abordable pour les clients.<\/li>\n\n\n\n<li><strong>Durabilit\u00e9 -<\/strong> L&#039;industrie de la crevette devient de plus en plus respectueuse de l&#039;environnement, les entreprises utilisant des m\u00e9thodes d&#039;approvisionnement responsable, de tra\u00e7abilit\u00e9 et de minimisation des d\u00e9chets.<\/li>\n<\/ul>\n\n\n\n<p>\u00c0 mesure que l\u2019industrie \u00e9volue, les entreprises doivent se tenir au courant des derni\u00e8res tendances et d\u00e9veloppements pour rester comp\u00e9titives.<\/p>\n\n\n\n<h2 class=\"wp-block-heading\">R\u00e9aliser une \u00e9tude de march\u00e9 sur les crevettes<\/h2>\n\n\n\n<h3 class=\"wp-block-heading\">Il existe deux approches pour collecter des donn\u00e9es et des strat\u00e9gies dans les \u00e9tudes de march\u00e9 sur la crevette : les m\u00e9thodes de recherche quantitatives et qualitatives.<\/h3>\n\n\n\n<p>La recherche quantitative est une approche organis\u00e9e et objective qui analyse les tendances, les mod\u00e8les et les relations \u00e0 l&#039;aide de donn\u00e9es statistiques et num\u00e9riques. Les enqu\u00eates, sondages et analyses statistiques sont couramment utilis\u00e9s pour mesurer et quantifier le comportement, les opinions et les pr\u00e9f\u00e9rences des clients. Une m\u00e9thode de recherche quantitative, par exemple, peut \u00eatre utilis\u00e9e pour \u00e9valuer la taille du march\u00e9 des crevettes, d\u00e9finir le segment de march\u00e9 cible ou \u00e9valuer la satisfaction des clients \u00e0 l&#039;\u00e9gard des produits \u00e0 base de crevettes.<\/p>\n\n\n\n<p>En revanche, la recherche qualitative est une strat\u00e9gie subjective et exploratoire qui utilise des donn\u00e9es non num\u00e9riques pour obtenir des informations et comprendre le comportement des clients. Les groupes de discussion, les entretiens et l&#039;observation sont des approches courantes pour recueillir des informations d\u00e9taill\u00e9es sur les perceptions, les attitudes et les exp\u00e9riences des consommateurs. Une m\u00e9thode de recherche qualitative, par exemple, peut \u00eatre utilis\u00e9e pour d\u00e9terminer pourquoi les clients pr\u00e9f\u00e8rent certains produits \u00e0 base de crevettes, comprendre la valeur culturelle des crevettes sur un march\u00e9 sp\u00e9cifique ou identifier les obstacles \u00e0 l&#039;acceptation de nouveaux produits \u00e0 base de crevettes.<\/p>\n\n\n\n<p>To acquire a full insight into the market, both quantitative and qualitative research methodologies can be used when doing <a href=\"https:\/\/www.sisinternational.com\/fr\/couverture\/etude-de-marche-en-asie\/etude-de-marche-au-timor\/\" title=\"\u00c9tude de march\u00e9 au Timor\"  data-wpil-monitor-id=\"4733\">shrimp<\/a> market research. A quantitative research approach, for example, can be used to gather numerical data on the size of the shrimp market, whilst a qualitative research method can be used to get insights into customer attitudes and preferences regarding shrimp products. Online surveys or market reports are further instances of quantitative <a href=\"https:\/\/www.sisinternational.com\/fr\/competence\/les-industries\/etude-de-marche-du-metaverse\/\" title=\"\u00c9tude de march\u00e9 sur le m\u00e9taverse\"  data-wpil-monitor-id=\"4759\">recherche<\/a> methods in shrimp market research, whereas focus groups or in-depth interviews with shrimp industry specialists are examples of qualitative research methods.<\/p>\n\n\n\n<h2 class=\"wp-block-heading\">Avantages<\/h2>\n\n\n\n<figure class=\"gb-block-image gb-block-image-86abf324\"><img loading=\"lazy\" decoding=\"async\" width=\"1456\" height=\"816\" class=\"gb-image gb-image-86abf324\" src=\"https:\/\/www.sisinternational.com\/wp-content\/uploads\/2025\/08\/Shrimp-3.jpg\" alt=\"\u00c9tudes de march\u00e9 et strat\u00e9gie internationales SIS\" title=\"Shrimp (3)\" srcset=\"https:\/\/www.sisinternational.com\/wp-content\/uploads\/2025\/08\/Shrimp-3.jpg 1456w, https:\/\/www.sisinternational.com\/wp-content\/uploads\/2025\/08\/Shrimp-3-300x168.jpg 300w, https:\/\/www.sisinternational.com\/wp-content\/uploads\/2025\/08\/Shrimp-3-1024x574.jpg 1024w, https:\/\/www.sisinternational.com\/wp-content\/uploads\/2025\/08\/Shrimp-3-768x430.jpg 768w, https:\/\/www.sisinternational.com\/wp-content\/uploads\/2025\/08\/Shrimp-3-18x10.jpg 18w\" sizes=\"auto, (max-width: 1456px) 100vw, 1456px\"><\/figure>\n\n\n\n<p><\/p>\n\n\n\n<p>Les \u00e9tudes de march\u00e9 sont un outil essentiel pour les entreprises du secteur de la crevette. Voici les raisons pour lesquelles tout acteur majeur ou toute personne int\u00e9ress\u00e9e \u00e0 faire partie du march\u00e9 de la crevette devrait mener une \u00e9tude de march\u00e9 :<\/p>\n\n\n\n<ul class=\"wp-block-list\">\n<li>Identifiez la taille du march\u00e9 et le potentiel de croissance. Les \u00e9tudes de march\u00e9 sur les crevettes peuvent aider les entreprises \u00e0 comprendre la taille du march\u00e9, son potentiel de croissance et les principaux moteurs qui stimulent ou entravent la croissance.<\/li>\n\n\n\n<li>Reconna\u00eetre le comportement et les pr\u00e9f\u00e9rences des consommateurs. Les \u00e9tudes de march\u00e9 fournissent des informations sur les attitudes, les comportements et les pr\u00e9f\u00e9rences des consommateurs en mati\u00e8re de produits \u00e0 base de crevettes, permettant aux entreprises de personnaliser leurs offres pour r\u00e9pondre aux exigences et aux d\u00e9sirs de leurs clients.<\/li>\n\n\n\n<li>Recognize and capitalize on market trends and opportunities. Businesses may remain ahead of their competitors and capitalize on new <a href=\"https:\/\/www.sisinternational.com\/fr\/competence\/les-industries\/etude-de-marche-du-butane\/\" title=\"\u00c9tude de march\u00e9 sur le butane\"  data-wpil-monitor-id=\"3041\">market niches by researching<\/a> market trends and recognizing emerging possibilities.<\/li>\n\n\n\n<li>Examiner la comp\u00e9titivit\u00e9 du march\u00e9. Les \u00e9tudes de march\u00e9 peuvent aider les entreprises \u00e0 comprendre les forces, les faiblesses et les projets de leurs concurrents, ainsi qu&#039;\u00e0 concevoir des strat\u00e9gies de marketing et de marque efficaces pour se diff\u00e9rencier.<\/li>\n\n\n\n<li>Les techniques de tarification et de promotion doivent \u00eatre \u00e9valu\u00e9es. Les entreprises peuvent trouver les tactiques de tarification et les activit\u00e9s promotionnelles les plus efficaces pour maximiser leurs revenus et leur rentabilit\u00e9 en recherchant des m\u00e9thodes de tarification et de promotion.<\/li>\n\n\n\n<li>Cr\u00e9er des produits et services innovants. Les \u00e9tudes de march\u00e9 fournissent des informations sur les exigences et les pr\u00e9f\u00e9rences des consommateurs, permettant aux entreprises de d\u00e9velopper de nouveaux produits et services adapt\u00e9s aux besoins changeants de leurs clients.<\/li>\n\n\n\n<li>D\u00e9terminer les canaux de distribution. Les \u00e9tudes de march\u00e9 peuvent aider les entreprises \u00e0 d\u00e9terminer les m\u00e9thodes de distribution les plus efficaces pour leurs produits, telles que les magasins en ligne ou physiques, les grossistes ou les canaux de vente directe au consommateur.<\/li>\n\n\n\n<li>Faites des plans pour une expansion future. Les entreprises peuvent planifier leur croissance future, prendre des d\u00e9cisions d\u2019investissement \u00e9clair\u00e9es et \u00e9tablir des strat\u00e9gies strat\u00e9giques \u00e0 long terme en analysant la dynamique et les tendances du march\u00e9.<\/li>\n<\/ul>\n\n\n\n<h2 class=\"wp-block-heading\">\u00c0 propos de l\u2019\u00e9tude de march\u00e9 sur les crevettes<\/h2>\n\n\n\n<p>Shrimp market research is the act of collecting and evaluating data and strategies in shrimp market research in order to get insights into market trends, customer behavior, and competition. Surveys, focus groups, and data analysis are examples of quantitative and qualitative research methodologies. Shrimp market research is done&nbsp;to assist businesses in making informed decisions based on trustworthy data, identifying new opportunities, and remaining competitive in the industry. Businesses may build efficient marketing and branding strategies, introduce new products and services, and plan for future growth by investing in shrimp market research.<\/p>","protected":false},"excerpt":{"rendered":"<p>L\u2019\u00e9tude de march\u00e9 sur les crevettes analyse l\u2019offre et la demande de l\u2019industrie, le comportement des consommateurs, la production, la distribution, la concurrence et les r\u00e9glementations.<\/p>","protected":false},"author":1,"featured_media":64538,"parent":14514,"menu_order":314,"comment_status":"closed","ping_status":"closed","template":"","meta":{"footnotes":""},"class_list":["post-42840","page","type-page","status-publish","has-post-thumbnail"],"_links":{"self":[{"href":"https:\/\/www.sisinternational.com\/fr\/wp-json\/wp\/v2\/pages\/42840","targetHints":{"allow":["GET"]}}],"collection":[{"href":"https:\/\/www.sisinternational.com\/fr\/wp-json\/wp\/v2\/pages"}],"about":[{"href":"https:\/\/www.sisinternational.com\/fr\/wp-json\/wp\/v2\/types\/page"}],"author":[{"embeddable":true,"href":"https:\/\/www.sisinternational.com\/fr\/wp-json\/wp\/v2\/users\/1"}],"replies":[{"embeddable":true,"href":"https:\/\/www.sisinternational.com\/fr\/wp-json\/wp\/v2\/comments?post=42840"}],"version-history":[{"count":8,"href":"https:\/\/www.sisinternational.com\/fr\/wp-json\/wp\/v2\/pages\/42840\/revisions"}],"predecessor-version":[{"id":80639,"href":"https:\/\/www.sisinternational.com\/fr\/wp-json\/wp\/v2\/pages\/42840\/revisions\/80639"}],"up":[{"embeddable":true,"href":"https:\/\/www.sisinternational.com\/fr\/wp-json\/wp\/v2\/pages\/14514"}],"wp:featuredmedia":[{"embeddable":true,"href":"https:\/\/www.sisinternational.com\/fr\/wp-json\/wp\/v2\/media\/64538"}],"wp:attachment":[{"href":"https:\/\/www.sisinternational.com\/fr\/wp-json\/wp\/v2\/media?parent=42840"}],"curies":[{"name":"wp","href":"https:\/\/api.w.org\/{rel}","templated":true}]}}