{"id":42836,"date":"2023-05-08T13:15:26","date_gmt":"2023-05-08T17:15:26","guid":{"rendered":"https:\/\/www.sisinternational.com\/?page_id=42836"},"modified":"2026-01-27T15:19:56","modified_gmt":"2026-01-27T20:19:56","slug":"etude-de-marche-sur-les-snacks-sales","status":"publish","type":"page","link":"https:\/\/www.sisinternational.com\/fr\/competence\/etude-de-marche-sur-les-snacks-sales\/","title":{"rendered":"\u00c9tude de march\u00e9 sur les collations sal\u00e9es"},"content":{"rendered":"<h1 class=\"wp-block-heading\">\u00c9tude de march\u00e9 sur les collations sal\u00e9es<\/h1>\n\n\n\n<figure class=\"gb-block-image gb-block-image-e5c7f0ef\"><img loading=\"lazy\" decoding=\"async\" width=\"1456\" height=\"816\" class=\"gb-image gb-image-e5c7f0ef\" src=\"https:\/\/www.sisinternational.com\/wp-content\/uploads\/2025\/08\/Snacks-4.jpg\" alt=\"\u00c9tudes de march\u00e9 et strat\u00e9gie internationales SIS\" title=\"Snacks (4)\" srcset=\"https:\/\/www.sisinternational.com\/wp-content\/uploads\/2025\/08\/Snacks-4.jpg 1456w, https:\/\/www.sisinternational.com\/wp-content\/uploads\/2025\/08\/Snacks-4-300x168.jpg 300w, https:\/\/www.sisinternational.com\/wp-content\/uploads\/2025\/08\/Snacks-4-1024x574.jpg 1024w, https:\/\/www.sisinternational.com\/wp-content\/uploads\/2025\/08\/Snacks-4-768x430.jpg 768w, https:\/\/www.sisinternational.com\/wp-content\/uploads\/2025\/08\/Snacks-4-18x10.jpg 18w\" sizes=\"auto, (max-width: 1456px) 100vw, 1456px\"><\/figure>\n\n\n\n<p><\/p>\n\n\n\n<p>L\u2019\u00e9tude de march\u00e9 sur les collations sal\u00e9es est le processus d\u2019acquisition et d\u2019analyse d\u2019informations sur l\u2019industrie des collations sal\u00e9es, telles que les pr\u00e9f\u00e9rences des clients, les tendances du march\u00e9, l\u2019activit\u00e9 des concurrents et d\u2019autres aspects pouvant avoir un impact sur l\u2019industrie. Les entreprises peuvent acqu\u00e9rir une compr\u00e9hension plus approfondie et plus pr\u00e9cise du secteur en utilisant de nombreuses m\u00e9thodologies de recherche, qui peuvent aider \u00e0 influencer les d\u00e9cisions commerciales et \u00e0 r\u00e9duire le risque d&#039;erreurs co\u00fbteuses.<\/p>\n\n\n\n<h2 class=\"wp-block-heading\">Aper\u00e7u du march\u00e9<\/h2>\n\n\n\n<p>Le march\u00e9 des collations sal\u00e9es est une industrie hautement comp\u00e9titive et dynamique qui est motiv\u00e9e par une combinaison d\u2019\u00e9volution des pr\u00e9f\u00e9rences des consommateurs, d\u2019innovation et de strat\u00e9gies de marketing. Ce march\u00e9 est compos\u00e9 d&#039;une gamme diversifi\u00e9e de produits consomm\u00e9s comme collations et qui sont g\u00e9n\u00e9ralement riches en sodium et en mati\u00e8res grasses. Ces produits font d\u00e9sormais partie int\u00e9grante de la routine quotidienne de nombreux consommateurs, ce qui en fait un \u00e9l\u00e9ment cl\u00e9 de l\u2019industrie alimentaire dans son ensemble.<\/p>\n\n\n\n<h2 class=\"wp-block-heading\">Produits sur le march\u00e9 des collations sal\u00e9es<\/h2>\n\n\n\n<h3 class=\"wp-block-heading\">Les consommateurs peuvent choisir parmi divers produits de l\u2019industrie des collations sal\u00e9es. Parmi les articles les plus populaires figurent :<\/h3>\n\n\n\n<ul class=\"wp-block-list\">\n<li>Les chips sont des pommes de terre tranch\u00e9es finement qui ont \u00e9t\u00e9 frites jusqu&#039;\u00e0 ce qu&#039;elles soient croustillantes et se d\u00e9clinent dans une large gamme de saveurs, notamment nature, sal\u00e9es, barbecue, ainsi que de la cr\u00e8me sure et de l&#039;oignon.<\/li>\n\n\n\n<li>Les chips tortilla sont g\u00e9n\u00e9ralement consomm\u00e9es avec de la salsa, du guacamole ou une trempette au fromage et sont fabriqu\u00e9es \u00e0 partir de tortillas de ma\u00efs. Ils sont disponibles sous diff\u00e9rentes formes et saveurs.<\/li>\n\n\n\n<li>Le pop-corn est une forme de ma\u00efs qui gonfle et gonfle lorsqu&#039;il est chauff\u00e9. Il s&#039;agit d&#039;une collation populaire propos\u00e9e dans diff\u00e9rentes saveurs, comme le beurre, le fromage et le caramel.<\/li>\n\n\n\n<li>Les bretzels sont des produits de pain cuits au four qui sont g\u00e9n\u00e9ralement tordus en une structure en forme de n\u0153ud et sont disponibles dans des saveurs assorties, notamment de la moutarde sal\u00e9e, \u00e0 l&#039;ail et au miel.<\/li>\n\n\n\n<li>Les crackers sont des biscuits fins et croustillants compos\u00e9s principalement de farine, d&#039;eau et d&#039;huile et peuvent \u00eatre achet\u00e9s sous diff\u00e9rents types, notamment nature, au fromage et au s\u00e9same.<\/li>\n\n\n\n<li>Les noix sont un aliment qui contient beaucoup de prot\u00e9ines et de bonnes graisses. Ces collations sal\u00e9es comprennent les cacahu\u00e8tes, les amandes et les noix de cajou.<\/li>\n<\/ul>\n\n\n\n<h2 class=\"wp-block-heading\">M\u00e9thodologie d\u2019\u00e9tude de march\u00e9<\/h2>\n\n\n\n<figure class=\"gb-block-image gb-block-image-1b681ca9\"><img loading=\"lazy\" decoding=\"async\" width=\"1456\" height=\"816\" class=\"gb-image gb-image-1b681ca9\" src=\"https:\/\/www.sisinternational.com\/wp-content\/uploads\/2025\/08\/Snacks-3.jpg\" alt=\"\u00c9tudes de march\u00e9 et strat\u00e9gie internationales SIS\" title=\"Snacks (3)\" srcset=\"https:\/\/www.sisinternational.com\/wp-content\/uploads\/2025\/08\/Snacks-3.jpg 1456w, https:\/\/www.sisinternational.com\/wp-content\/uploads\/2025\/08\/Snacks-3-300x168.jpg 300w, https:\/\/www.sisinternational.com\/wp-content\/uploads\/2025\/08\/Snacks-3-1024x574.jpg 1024w, https:\/\/www.sisinternational.com\/wp-content\/uploads\/2025\/08\/Snacks-3-768x430.jpg 768w, https:\/\/www.sisinternational.com\/wp-content\/uploads\/2025\/08\/Snacks-3-18x10.jpg 18w\" sizes=\"auto, (max-width: 1456px) 100vw, 1456px\"><\/figure>\n\n\n\n<p><\/p>\n\n\n\n<p>Using various methods to perform Salty <a class=\"wpil_keyword_link\" href=\"https:\/\/www.sisinternational.com\/fr\/competence\/les-industries\/etude-de-marche-des-snacks\/\"   title=\"\u00c9tude de march\u00e9 sur les collations\" data-wpil-keyword-link=\"linked\"  data-wpil-monitor-id=\"346\">\u00c9tude de march\u00e9 sur les collations<\/a> provides insights into a more comprehensive and precise market overview. Each research method has advantages and disadvantages, and combining techniques can help overcome any single approach&#8217;s limitations.<\/p>\n\n\n\n<h3 class=\"wp-block-heading\">Voici quelques exemples de m\u00e9thodes de recherche utilis\u00e9es pour recueillir des donn\u00e9es et des strat\u00e9gies dans le cadre d\u2019\u00e9tudes de march\u00e9 sur les collations sal\u00e9es\u00a0:<\/h3>\n\n\n\n<p><strong>M\u00e9thodes de recherche quantitatives<\/strong><\/p>\n\n\n\n<ul class=\"wp-block-list\">\n<li>Les enqu\u00eates peuvent collecter des volumes importants de donn\u00e9es aupr\u00e8s d&#039;un \u00e9chantillon de la population cible \u00e0 l&#039;aide de m\u00e9thodes de recherche quantitatives. Une entreprise de collations sal\u00e9es, par exemple, peut entreprendre une enqu\u00eate pour conna\u00eetre les pr\u00e9f\u00e9rences des consommateurs, telles que leurs saveurs pr\u00e9f\u00e9r\u00e9es, leur emballage et leurs prix.<\/li>\n\n\n\n<li>La pr\u00e9vision des ventes est une strat\u00e9gie de recherche quantitative qui utilise des donn\u00e9es historiques et des mod\u00e8les statistiques pour pr\u00e9dire les ventes futures. Un fabricant de collations sal\u00e9es pourrait utiliser la pr\u00e9vision des ventes pour pr\u00e9dire la demande pour un nouveau produit.<\/li>\n\n\n\n<li>Des donn\u00e9es quantitatives sur les attitudes et le comportement des clients peuvent \u00eatre collect\u00e9es gr\u00e2ce \u00e0 l&#039;analyse des m\u00e9dias sociaux. Une entreprise, par exemple, pourrait utiliser l\u2019analyse des m\u00e9dias sociaux pour suivre le nombre de mentions et les sentiments favorables ou n\u00e9gatifs \u00e0 l\u2019\u00e9gard de sa marque ou de ses produits.<\/li>\n\n\n\n<li>Les exp\u00e9riences peuvent \u00eatre utilis\u00e9es pour tester des hypoth\u00e8ses et \u00e9valuer l\u2019effet de diverses variables sur le comportement des consommateurs. Les entreprises peuvent mener des exp\u00e9riences pour voir comment la conception des emballages affecte les d\u00e9cisions d&#039;achat des consommateurs.<\/li>\n<\/ul>\n\n\n\n<p><strong>M\u00e9thodes de recherche qualitatives<\/strong><\/p>\n\n\n\n<ul class=\"wp-block-list\">\n<li>Les entretiens approfondis sont des interactions individuelles avec les consommateurs pour acqu\u00e9rir des informations approfondies sur leurs croyances et leurs comportements. Les entreprises peuvent entreprendre des entretiens approfondis avec les consommateurs pour conna\u00eetre leurs habitudes et pr\u00e9f\u00e9rences alimentaires.<\/li>\n\n\n\n<li>Des donn\u00e9es qualitatives sur les pr\u00e9f\u00e9rences et les comportements des clients peuvent \u00eatre collect\u00e9es via des forums et des communaut\u00e9s en ligne. Une entreprise de collations sal\u00e9es, par exemple, peut consulter des forums et des communaut\u00e9s Internet pour recueillir des informations sur les attitudes des consommateurs \u00e0 l&#039;\u00e9gard de leurs produits ou pour rep\u00e9rer les tendances \u00e9mergentes.<\/li>\n\n\n\n<li>Les observations en magasin consistent \u00e0 observer les clients dans des magasins de vente au d\u00e9tail pour obtenir des donn\u00e9es qualitatives sur leur comportement et leurs pr\u00e9f\u00e9rences. Par exemple, une entreprise pourrait effectuer des observations en magasin pour mieux comprendre comment les clients interagissent avec leurs produits et identifier les domaines de d\u00e9veloppement.<\/li>\n\n\n\n<li>La recherche ethnographique consiste \u00e0 observer et \u00e0 interagir avec les consommateurs dans leur contexte naturel pour en savoir plus sur leurs comportements et leurs pr\u00e9f\u00e9rences. Un fabricant de collations sal\u00e9es pourrait effectuer une recherche ethnographique en observant les consommateurs dans un d\u00e9panneur pour voir comment ils prennent leurs d\u00e9cisions d&#039;achat de collations sal\u00e9es.<\/li>\n<\/ul>\n\n\n\n<p>Combining these methods can help to triangulate the findings and provide a more nuanced understanding of the market. Additionally, using multiple methods can help validate the findings and ensure the data and strategies in <a href=\"https:\/\/www.sisinternational.com\/fr\/methodes-de-recherche-alternatives-et-visites-a-domicile\/\" title=\"M\u00e9thodes de recherche alternatives et visites \u00e0 domicile\u00a0\"  data-wpil-monitor-id=\"853\">\u00e9tude de march\u00e9 sur les snacks sal\u00e9s<\/a> are reliable and accurate.<\/p>\n\n\n\n<h2 class=\"wp-block-heading\">Qui doit mener l\u2019\u00e9tude de march\u00e9 sur les collations sal\u00e9es ?<\/h2>\n\n\n\n<figure class=\"gb-block-image gb-block-image-3d53b0ae\"><img loading=\"lazy\" decoding=\"async\" width=\"1456\" height=\"816\" class=\"gb-image gb-image-3d53b0ae\" src=\"https:\/\/www.sisinternational.com\/wp-content\/uploads\/2025\/08\/Snacks-1.jpg\" alt=\"\u00c9tudes de march\u00e9 et strat\u00e9gie internationales SIS\" title=\"Snacks (1)\" srcset=\"https:\/\/www.sisinternational.com\/wp-content\/uploads\/2025\/08\/Snacks-1.jpg 1456w, https:\/\/www.sisinternational.com\/wp-content\/uploads\/2025\/08\/Snacks-1-300x168.jpg 300w, https:\/\/www.sisinternational.com\/wp-content\/uploads\/2025\/08\/Snacks-1-1024x574.jpg 1024w, https:\/\/www.sisinternational.com\/wp-content\/uploads\/2025\/08\/Snacks-1-768x430.jpg 768w, https:\/\/www.sisinternational.com\/wp-content\/uploads\/2025\/08\/Snacks-1-18x10.jpg 18w\" sizes=\"auto, (max-width: 1456px) 100vw, 1456px\"><\/figure>\n\n\n\n<ul class=\"wp-block-list\">\n<li>Fabricants et producteurs de produits de collations sal\u00e9es qui doivent comprendre les go\u00fbts des consommateurs et les tendances du march\u00e9 afin de d\u00e9velopper de nouveaux produits et d&#039;am\u00e9liorer ceux existants.<\/li>\n\n\n\n<li>Les \u00e9tudes de march\u00e9 fournissent des informations permettant aux distributeurs et aux d\u00e9taillants de produits de collations sal\u00e9es d&#039;optimiser leurs strat\u00e9gies d&#039;inventaire et de tarification en comprenant la demande pour diff\u00e9rents types de collations.<\/li>\n\n\n\n<li>Les soci\u00e9t\u00e9s de marketing et de publicit\u00e9 qui commercialisent des collations sal\u00e9es doivent comprendre le comportement et les go\u00fbts des consommateurs afin de concevoir des campagnes efficaces.<\/li>\n\n\n\n<li>Packaging firms that build packaging for <a href=\"https:\/\/www.sisinternational.com\/fr\/solutions\/conseil-en-strategie\/techniques-de-generation-de-leads\/\" title=\"Entreprise de g\u00e9n\u00e9ration de leads\"  data-wpil-monitor-id=\"6754\">salty snack<\/a> goods must understand consumer preferences and industry trends in order to generate new and appealing packaging designs.<\/li>\n\n\n\n<li>Fournisseurs de mati\u00e8res premi\u00e8res et d&#039;ingr\u00e9dients utilis\u00e9s dans les produits de collations sal\u00e9es qui doivent \u00e9valuer la demande et les prix de diff\u00e9rents types de composants afin d&#039;am\u00e9liorer leur cha\u00eene d&#039;approvisionnement.<\/li>\n\n\n\n<li>Les organismes de r\u00e9glementation charg\u00e9s de la s\u00e9curit\u00e9 et de l&#039;\u00e9tiquetage des produits de collations sal\u00e9es doivent comprendre les pratiques de l&#039;industrie et les tendances de consommation afin de formuler des r\u00e9glementations et des normes appropri\u00e9es.<\/li>\n\n\n\n<li>Investisseurs et actionnaires du secteur des collations sal\u00e9es qui souhaitent prendre des d\u00e9cisions d&#039;investissement \u00e9clair\u00e9es en comprenant les tendances du march\u00e9 et le comportement des consommateurs.<\/li>\n<\/ul>\n\n\n\n<h2 class=\"wp-block-heading\">\u00c0 propos de l\u2019\u00e9tude de march\u00e9 sur les collations sal\u00e9es<\/h2>\n\n\n\n<p>Conducting Salty Snacks Market Research can provide numerous advantages to businesses in the industry. Companies can produce goods that better match the needs of their target market by acquiring a better understanding of consumer preferences and behavior. Data and <a href=\"https:\/\/www.sisinternational.com\/fr\/comment-developper-votre-entreprise\/\" title=\"Comment d\u00e9velopper votre entreprise\"  data-wpil-monitor-id=\"7272\">strategies in salty snacks market research<\/a> can also assist businesses in identifying new trends and staying ahead of the competition. Furthermore, market research can guide pricing and marketing strategies, allowing businesses to maximize sales and profits.<\/p>\n\n\n\n<p>Dans le paysage commercial hautement concurrentiel d\u2019aujourd\u2019hui, il est crucial pour les entreprises d\u2019\u00eatre \u00e0 la pointe et de r\u00e9agir rapidement aux changements du march\u00e9. L\u2019\u00e9tude de march\u00e9 sur les collations sal\u00e9es fournit des informations qui peuvent aider les entreprises \u00e0 y parvenir. En r\u00e9alisant des \u00e9tudes de march\u00e9, les entreprises peuvent mieux comprendre les besoins et les pr\u00e9f\u00e9rences des consommateurs et adapter leurs produits et services en cons\u00e9quence.<\/p>","protected":false},"excerpt":{"rendered":"<p>Nous analysons les pr\u00e9f\u00e9rences des clients, les tendances du march\u00e9 et l\u2019activit\u00e9 des concurrents pour mener une \u00e9tude de march\u00e9 sur les collations sal\u00e9es.<\/p>","protected":false},"author":1,"featured_media":63861,"parent":14514,"menu_order":313,"comment_status":"closed","ping_status":"closed","template":"","meta":{"footnotes":""},"class_list":["post-42836","page","type-page","status-publish","has-post-thumbnail"],"_links":{"self":[{"href":"https:\/\/www.sisinternational.com\/fr\/wp-json\/wp\/v2\/pages\/42836","targetHints":{"allow":["GET"]}}],"collection":[{"href":"https:\/\/www.sisinternational.com\/fr\/wp-json\/wp\/v2\/pages"}],"about":[{"href":"https:\/\/www.sisinternational.com\/fr\/wp-json\/wp\/v2\/types\/page"}],"author":[{"embeddable":true,"href":"https:\/\/www.sisinternational.com\/fr\/wp-json\/wp\/v2\/users\/1"}],"replies":[{"embeddable":true,"href":"https:\/\/www.sisinternational.com\/fr\/wp-json\/wp\/v2\/comments?post=42836"}],"version-history":[{"count":7,"href":"https:\/\/www.sisinternational.com\/fr\/wp-json\/wp\/v2\/pages\/42836\/revisions"}],"predecessor-version":[{"id":80919,"href":"https:\/\/www.sisinternational.com\/fr\/wp-json\/wp\/v2\/pages\/42836\/revisions\/80919"}],"up":[{"embeddable":true,"href":"https:\/\/www.sisinternational.com\/fr\/wp-json\/wp\/v2\/pages\/14514"}],"wp:featuredmedia":[{"embeddable":true,"href":"https:\/\/www.sisinternational.com\/fr\/wp-json\/wp\/v2\/media\/63861"}],"wp:attachment":[{"href":"https:\/\/www.sisinternational.com\/fr\/wp-json\/wp\/v2\/media?parent=42836"}],"curies":[{"name":"wp","href":"https:\/\/api.w.org\/{rel}","templated":true}]}}