{"id":42833,"date":"2023-05-08T12:54:20","date_gmt":"2023-05-08T16:54:20","guid":{"rendered":"https:\/\/www.sisinternational.com\/?page_id=42833"},"modified":"2026-01-27T15:25:52","modified_gmt":"2026-01-27T20:25:52","slug":"etude-de-marche-sur-le-poulet-frit","status":"publish","type":"page","link":"https:\/\/www.sisinternational.com\/fr\/competence\/etude-de-marche-sur-le-poulet-frit\/","title":{"rendered":"\u00c9tude de march\u00e9 sur le poulet frit"},"content":{"rendered":"<h1 class=\"wp-block-heading\">\u00c9tude de march\u00e9 sur le poulet frit<\/h1>\n\n\n\n<figure class=\"gb-block-image gb-block-image-448d0dfe\"><img loading=\"lazy\" decoding=\"async\" width=\"1456\" height=\"816\" class=\"gb-image gb-image-448d0dfe\" src=\"https:\/\/www.sisinternational.com\/wp-content\/uploads\/2025\/08\/Fried-chicken-2.jpg\" alt=\"\u00c9tudes de march\u00e9 et strat\u00e9gie internationales SIS\" title=\"Fried chicken (2)\" srcset=\"https:\/\/www.sisinternational.com\/wp-content\/uploads\/2025\/08\/Fried-chicken-2.jpg 1456w, https:\/\/www.sisinternational.com\/wp-content\/uploads\/2025\/08\/Fried-chicken-2-300x168.jpg 300w, https:\/\/www.sisinternational.com\/wp-content\/uploads\/2025\/08\/Fried-chicken-2-1024x574.jpg 1024w, https:\/\/www.sisinternational.com\/wp-content\/uploads\/2025\/08\/Fried-chicken-2-768x430.jpg 768w, https:\/\/www.sisinternational.com\/wp-content\/uploads\/2025\/08\/Fried-chicken-2-18x10.jpg 18w\" sizes=\"auto, (max-width: 1456px) 100vw, 1456px\"><\/figure>\n\n\n\n<p><\/p>\n\n\n\n<p>L\u2019\u00e9tude de march\u00e9 sur le poulet frit est un type particulier d\u2019\u00e9tude de march\u00e9 qui vise \u00e0 collecter des donn\u00e9es et des informations sur les pr\u00e9f\u00e9rences, les habitudes et les tendances des clients sur le march\u00e9 du poulet frit afin d\u2019orienter les d\u00e9cisions de l\u2019entreprise concernant le d\u00e9veloppement de produits, les strat\u00e9gies marketing et le positionnement global sur le march\u00e9.<\/p>\n\n\n\n<p>Le poulet frit est un plat populaire appr\u00e9ci\u00e9 par de nombreuses personnes depuis des g\u00e9n\u00e9rations. C&#039;est un plat que l&#039;on retrouve dans les restaurants, les cha\u00eenes de restauration rapide et m\u00eame dans les cuisines familiales. Le march\u00e9 du poulet frit a connu une croissance fulgurante ces derni\u00e8res ann\u00e9es, les consommateurs exigeant davantage d&#039;options et de vari\u00e9t\u00e9s de poulet frit. Le march\u00e9 du poulet frit a \u00e9galement b\u00e9n\u00e9fici\u00e9 de la popularit\u00e9 des cha\u00eenes de restauration rapide et de la commodit\u00e9 qu\u2019elles offrent.<\/p>\n\n\n\n<h2 class=\"wp-block-heading\">Segment de march\u00e9<\/h2>\n\n\n\n<p>Le march\u00e9 du poulet frit peut \u00eatre segment\u00e9 en fonction du type de produit, du canal de distribution et de la r\u00e9gion. En fonction du type de produit, le march\u00e9 peut \u00eatre class\u00e9 comme recette originale, piquante et \u00e9pic\u00e9e, et autres. La recette originale est le type de poulet frit le plus populaire. Le poulet chaud et \u00e9pic\u00e9 est le deuxi\u00e8me type de poulet frit le plus populaire.<\/p>\n\n\n\n<p>En fonction du canal de distribution, le march\u00e9 du poulet frit peut \u00eatre class\u00e9 en restaurants \u00e0 service rapide (QSR), restaurants \u00e0 service complet et autres. Les restaurants de restauration rapide repr\u00e9sentent la plus grande part du march\u00e9, suivis par les restaurants \u00e0 service complet.<\/p>\n\n\n\n<p><strong>Offres de produits<\/strong><\/p>\n\n\n\n<p>Le march\u00e9 du poulet frit propose une vari\u00e9t\u00e9 de produits, notamment des ailes de poulet, des filets de poulet, des sandwichs au poulet et autres. Les ailes de poulet sont le produit le plus populaire, suivies par les filets de poulet. Les sandwichs au poulet frit gagnent \u00e9galement en popularit\u00e9, de nombreuses cha\u00eenes de restauration rapide introduisant de nouveaux sandwichs innovants dans leurs menus.<\/p>\n\n\n\n<h2 class=\"wp-block-heading\">Moteurs de l\u2019industrie des \u00e9tudes de march\u00e9 sur le poulet frit<\/h2>\n\n\n\n<figure class=\"gb-block-image gb-block-image-c2d4c4fe\"><img loading=\"lazy\" decoding=\"async\" width=\"1456\" height=\"816\" class=\"gb-image gb-image-c2d4c4fe\" src=\"https:\/\/www.sisinternational.com\/wp-content\/uploads\/2025\/08\/Fried-chicken-4.jpg\" alt=\"\u00c9tudes de march\u00e9 et strat\u00e9gie internationales SIS\" title=\"Fried chicken (4)\" srcset=\"https:\/\/www.sisinternational.com\/wp-content\/uploads\/2025\/08\/Fried-chicken-4.jpg 1456w, https:\/\/www.sisinternational.com\/wp-content\/uploads\/2025\/08\/Fried-chicken-4-300x168.jpg 300w, https:\/\/www.sisinternational.com\/wp-content\/uploads\/2025\/08\/Fried-chicken-4-1024x574.jpg 1024w, https:\/\/www.sisinternational.com\/wp-content\/uploads\/2025\/08\/Fried-chicken-4-768x430.jpg 768w, https:\/\/www.sisinternational.com\/wp-content\/uploads\/2025\/08\/Fried-chicken-4-18x10.jpg 18w\" sizes=\"auto, (max-width: 1456px) 100vw, 1456px\"><\/figure>\n\n\n\n<p><\/p>\n\n\n\n<h3 class=\"wp-block-heading\">Les \u00e9tudes de march\u00e9 sur le poulet frit donnent un aper\u00e7u des nombreux facteurs qui ont un impact sur la croissance de l\u2019industrie. Ceux-ci incluent les \u00e9l\u00e9ments suivants\u00a0:<\/h3>\n\n\n\n<ul class=\"wp-block-list\">\n<li>Les consommateurs recherchent des aliments plus pratiques et plus faciles \u00e0 manger, et le poulet frit r\u00e9pond \u00e0 cette exigence.<\/li>\n\n\n\n<li>Avec l\u2019augmentation des revenus disponibles, les consommateurs sont pr\u00eats \u00e0 d\u00e9penser davantage en nourriture, ce qui a conduit \u00e0 la croissance du march\u00e9 du poulet frit.<\/li>\n\n\n\n<li>Le march\u00e9 du poulet frit est tr\u00e8s concurrentiel et les entreprises innovent constamment pour attirer les consommateurs.<\/li>\n\n\n\n<li>De nombreuses cha\u00eenes de restauration rapide ont introduit des produits nouveaux et innovants dans leurs menus, tels que des sandwichs au poulet avec des garnitures et des sauces uniques.<\/li>\n<\/ul>\n\n\n\n<p>\u00c0 mesure que le march\u00e9 continue de cro\u00eetre, nous nous attendons \u00e0 voir des produits nouveaux et innovants lanc\u00e9s pour r\u00e9pondre aux besoins changeants des consommateurs.<\/p>\n\n\n\n<h2 class=\"wp-block-heading\">M\u00e9thodologie d\u2019\u00e9tude de march\u00e9<\/h2>\n\n\n\n<p><strong>M\u00e9thodes de recherche quantitative<\/strong><\/p>\n\n\n\n<p>Quantitative research is about collecting and analyzing numerical data. This type of research typically involves surveys, experiments, or the analysis of large datasets to identify trends and patterns. Quantitative research is beneficial for <a href=\"https:\/\/www.sisinternational.com\/fr\/competence\/les-industries\/etude-de-marche-sur-les-nouilles\/\" title=\"\u00c9tude de march\u00e9 sur les nouilles\"  data-wpil-monitor-id=\"3047\">market<\/a> research as it allows businesses to collect large amounts of data quickly and efficiently, which can help them make data-driven decisions about their product offerings, pricing, and marketing strategies.<\/p>\n\n\n\n<p><strong>Voici quelques exemples\u00a0:<\/strong><\/p>\n\n\n\n<p>Sur le march\u00e9 du poulet frit, une enqu\u00eate peut \u00eatre men\u00e9e pour comprendre la fr\u00e9quence de consommation, les marques pr\u00e9f\u00e9r\u00e9es, les pr\u00e9f\u00e9rences gustatives, la sensibilit\u00e9 au prix et d\u2019autres facteurs qui influencent la prise de d\u00e9cision des consommateurs. Par exemple, une enqu\u00eate peut \u00eatre men\u00e9e aupr\u00e8s des consommateurs d\u2019une ville ou d\u2019une r\u00e9gion particuli\u00e8re pour comprendre leurs habitudes de consommation de poulet frit.<\/p>\n\n\n\n<p>L&#039;analyse des donn\u00e9es de vente peut aider les entreprises \u00e0 comprendre le volume des ventes, les revenus et la rentabilit\u00e9 de divers produits, marques et emplacements. L&#039;analyse des donn\u00e9es de vente peut aider les entreprises \u00e0 identifier les produits de poulet frit les plus vendus et le moment de la journ\u00e9e ou le jour de la semaine le plus populaire pour les ventes de poulet frit.<\/p>\n\n\n\n<p>La recherche exp\u00e9rimentale peut \u00eatre utilis\u00e9e pour comprendre l\u2019impact de divers facteurs, tels que le prix, l\u2019emballage et la publicit\u00e9, sur le comportement des consommateurs. Une exp\u00e9rience peut \u00eatre men\u00e9e pour comprendre comment les consommateurs r\u00e9agissent aux diff\u00e9rentes strat\u00e9gies de prix pour les produits \u00e0 base de poulet frit.<\/p>\n\n\n\n<p><strong>M\u00e9thodes de recherche qualitative<\/strong><\/p>\n\n\n\n<p>Qualitative research is a method that involves collecting and analyzing non-numerical data, such as personal experiences, opinions, and attitudes. Qualitative research is beneficial for <a href=\"https:\/\/www.sisinternational.com\/fr\/competence\/les-industries\/etude-de-marche-sur-les-plastiques\/\" title=\"\u00c9tude de march\u00e9 sur les plastiques\"  data-wpil-monitor-id=\"3079\">market<\/a> research as it allows businesses to gain a deeper understanding of consumer preferences and attitudes, which can inform their product development and marketing strategies. Below are some examples:<\/p>\n\n\n\n<ul class=\"wp-block-list\">\n<li>Les groupes de discussion peuvent \u00eatre utilis\u00e9s pour comprendre les pr\u00e9f\u00e9rences, les perceptions et les attitudes des consommateurs \u00e0 l\u2019\u00e9gard des produits \u00e0 base de poulet frit. Par exemple, un groupe de discussion peut \u00eatre organis\u00e9 pour comprendre pourquoi les consommateurs pr\u00e9f\u00e8rent certains types de poulet frit, comme \u00e9pic\u00e9 ou doux.<\/li>\n\n\n\n<li>Les donn\u00e9es et les strat\u00e9gies des \u00e9tudes de march\u00e9 sur le poulet frit peuvent \u00eatre recueillies au moyen d\u2019entretiens. Des entretiens approfondis peuvent \u00eatre utilis\u00e9s pour comprendre les pr\u00e9f\u00e9rences des consommateurs fr\u00e9quents de poulet frit. Ces entretiens peuvent \u00eatre men\u00e9s aupr\u00e8s de consommateurs qui ach\u00e8tent du poulet frit plus d&#039;une fois par semaine pour comprendre pourquoi ils choisissent le poulet frit plut\u00f4t que d&#039;autres types d&#039;aliments.<\/li>\n\n\n\n<li>L\u2019observation peut \u00eatre utilis\u00e9e pour comprendre comment les consommateurs interagissent avec les produits \u00e0 base de poulet frit dans les restaurants ou les cha\u00eenes de restauration rapide.<\/li>\n\n\n\n<li>L&#039;observation peut \u00eatre men\u00e9e dans une cha\u00eene de restauration rapide pour comprendre comment les clients choisissent leurs produits \u00e0 base de poulet frit, s&#039;ils pr\u00e9f\u00e8rent certains types de sauces ou d&#039;accompagnements, et comment ils consomment leur poulet frit.<\/li>\n<\/ul>\n\n\n\n<h2 class=\"wp-block-heading\">Avantages<\/h2>\n\n\n\n<figure class=\"gb-block-image gb-block-image-4def258f\"><img loading=\"lazy\" decoding=\"async\" width=\"1456\" height=\"816\" class=\"gb-image gb-image-4def258f\" src=\"https:\/\/www.sisinternational.com\/wp-content\/uploads\/2025\/08\/Fried-chicken-1.jpg\" alt=\"\u00c9tudes de march\u00e9 et strat\u00e9gie internationales SIS\" title=\"Fried chicken (1)\" srcset=\"https:\/\/www.sisinternational.com\/wp-content\/uploads\/2025\/08\/Fried-chicken-1.jpg 1456w, https:\/\/www.sisinternational.com\/wp-content\/uploads\/2025\/08\/Fried-chicken-1-300x168.jpg 300w, https:\/\/www.sisinternational.com\/wp-content\/uploads\/2025\/08\/Fried-chicken-1-1024x574.jpg 1024w, https:\/\/www.sisinternational.com\/wp-content\/uploads\/2025\/08\/Fried-chicken-1-768x430.jpg 768w, https:\/\/www.sisinternational.com\/wp-content\/uploads\/2025\/08\/Fried-chicken-1-18x10.jpg 18w\" sizes=\"auto, (max-width: 1456px) 100vw, 1456px\"><\/figure>\n\n\n\n<p><\/p>\n\n\n\n<h3 class=\"wp-block-heading\">Voici dix raisons principales pour lesquelles toute personne impliqu\u00e9e dans l\u2019industrie du poulet devrait mener une \u00e9tude de march\u00e9 sur le poulet frit :<\/h3>\n\n\n\n<ul class=\"wp-block-list\">\n<li>Market research provides insights into current <a href=\"https:\/\/www.sisinternational.com\/fr\/etude-de-marche-sur-la-pop-coreenne-k-pop\/\" title=\"\u00c9tude de march\u00e9 sur la pop cor\u00e9enne | K-pop\"  data-wpil-monitor-id=\"2645\">fried chicken market trends and consumer<\/a> preferences.<\/li>\n\n\n\n<li>Reconnaissez vos concurrents et la mani\u00e8re dont ils pr\u00e9sentent leurs offres de poulet frit.<\/li>\n\n\n\n<li>D\u00e9couvrez quelles m\u00e9thodes de marketing sont les plus efficaces pour promouvoir les produits \u00e0 base de poulet frit.<\/li>\n\n\n\n<li>D\u00e9terminez les perspectives de croissance potentielles dans le secteur du poulet frit.<\/li>\n\n\n\n<li>Identifiez quels produits de poulet frit sont les plus populaires et pourquoi.<\/li>\n\n\n\n<li>Data and <a href=\"https:\/\/www.sisinternational.com\/fr\/comment-developper-votre-entreprise\/\" title=\"Comment d\u00e9velopper votre entreprise\"  data-wpil-monitor-id=\"7275\">strategies in fried chicken market research<\/a> can help determine potential hurdles when getting into the fried chicken business.<\/li>\n\n\n\n<li>Trouvez les voies de distribution les plus efficaces pour vendre des produits \u00e0 base de poulet frit.<\/li>\n\n\n\n<li>Comprenez comment les nouvelles technologies et innovations affectent le march\u00e9 du poulet frit.<\/li>\n\n\n\n<li>\u00c9tablir des strat\u00e9gies pour optimiser les offres de produits afin de mieux r\u00e9pondre aux besoins des consommateurs.<\/li>\n\n\n\n<li>D\u00e9couvrez les dangers et les d\u00e9fis potentiels du march\u00e9 du poulet frit, tels que les pr\u00e9occupations concernant la s\u00e9curit\u00e9 alimentaire ou les changements r\u00e9glementaires.<\/li>\n<\/ul>\n\n\n\n<h2 class=\"wp-block-heading\">\u00c0 propos de l\u2019\u00e9tude de march\u00e9 sur le poulet frit<\/h2>\n\n\n\n<figure class=\"gb-block-image gb-block-image-3abecc54\"><img loading=\"lazy\" decoding=\"async\" width=\"1456\" height=\"816\" class=\"gb-image gb-image-3abecc54\" src=\"https:\/\/www.sisinternational.com\/wp-content\/uploads\/2025\/08\/Fried-chicken-5.jpg\" alt=\"\u00c9tudes de march\u00e9 et strat\u00e9gie internationales SIS\" title=\"Fried chicken (5)\" srcset=\"https:\/\/www.sisinternational.com\/wp-content\/uploads\/2025\/08\/Fried-chicken-5.jpg 1456w, https:\/\/www.sisinternational.com\/wp-content\/uploads\/2025\/08\/Fried-chicken-5-300x168.jpg 300w, https:\/\/www.sisinternational.com\/wp-content\/uploads\/2025\/08\/Fried-chicken-5-1024x574.jpg 1024w, https:\/\/www.sisinternational.com\/wp-content\/uploads\/2025\/08\/Fried-chicken-5-768x430.jpg 768w, https:\/\/www.sisinternational.com\/wp-content\/uploads\/2025\/08\/Fried-chicken-5-18x10.jpg 18w\" sizes=\"auto, (max-width: 1456px) 100vw, 1456px\"><\/figure>\n\n\n\n<p><\/p>\n\n\n\n<p>Les \u00e9tudes de march\u00e9 sur le poulet frit fournissent des informations et constituent un outil essentiel permettant aux entreprises du secteur de mieux comprendre les besoins, les pr\u00e9f\u00e9rences et les comportements des consommateurs. En effectuant des recherches, les entreprises peuvent identifier les tendances actuelles du march\u00e9, d\u00e9velopper des strat\u00e9gies de marketing cibl\u00e9es, cr\u00e9er de nouveaux produits et prendre des d\u00e9cisions \u00e9clair\u00e9es en mati\u00e8re de tarification et de gestion de la cha\u00eene d&#039;approvisionnement.<\/p>\n\n\n\n<p>Quantitative research methods, such as surveys and sales data analysis, can provide valuable insights into consumer behavior, while qualitative research methods, such as focus groups and in-depth interviews, can help businesses&#8217; data and <a href=\"https:\/\/www.sisinternational.com\/fr\/plusieurs-groupes-dinfluenceurs-indirects-dans-les-achats-des-consommateurs\/\" title=\"Plusieurs influenceurs dans les achats des consommateurs\"  data-wpil-monitor-id=\"7375\">strategies in fried chicken market research<\/a> and gain a deeper understanding of consumer motivations and attitudes. Ultimately, businesses can better position themselves to meet the needs of their customers, improve their bottom line, and stay competitive in a rapidly evolving industry.<\/p>","protected":false},"excerpt":{"rendered":"<p>Le march\u00e9 du poulet frit a connu une croissance fulgurante ces derni\u00e8res ann\u00e9es, les consommateurs exigeant plus d&#039;options et de vari\u00e9t\u00e9s de poulet frit.<\/p>","protected":false},"author":1,"featured_media":63823,"parent":14514,"menu_order":312,"comment_status":"closed","ping_status":"closed","template":"","meta":{"footnotes":""},"class_list":["post-42833","page","type-page","status-publish","has-post-thumbnail"],"_links":{"self":[{"href":"https:\/\/www.sisinternational.com\/fr\/wp-json\/wp\/v2\/pages\/42833","targetHints":{"allow":["GET"]}}],"collection":[{"href":"https:\/\/www.sisinternational.com\/fr\/wp-json\/wp\/v2\/pages"}],"about":[{"href":"https:\/\/www.sisinternational.com\/fr\/wp-json\/wp\/v2\/types\/page"}],"author":[{"embeddable":true,"href":"https:\/\/www.sisinternational.com\/fr\/wp-json\/wp\/v2\/users\/1"}],"replies":[{"embeddable":true,"href":"https:\/\/www.sisinternational.com\/fr\/wp-json\/wp\/v2\/comments?post=42833"}],"version-history":[{"count":8,"href":"https:\/\/www.sisinternational.com\/fr\/wp-json\/wp\/v2\/pages\/42833\/revisions"}],"predecessor-version":[{"id":81019,"href":"https:\/\/www.sisinternational.com\/fr\/wp-json\/wp\/v2\/pages\/42833\/revisions\/81019"}],"up":[{"embeddable":true,"href":"https:\/\/www.sisinternational.com\/fr\/wp-json\/wp\/v2\/pages\/14514"}],"wp:featuredmedia":[{"embeddable":true,"href":"https:\/\/www.sisinternational.com\/fr\/wp-json\/wp\/v2\/media\/63823"}],"wp:attachment":[{"href":"https:\/\/www.sisinternational.com\/fr\/wp-json\/wp\/v2\/media?parent=42833"}],"curies":[{"name":"wp","href":"https:\/\/api.w.org\/{rel}","templated":true}]}}