{"id":42701,"date":"2023-05-03T21:54:13","date_gmt":"2023-05-04T01:54:13","guid":{"rendered":"https:\/\/www.sisinternational.com\/?page_id=42701"},"modified":"2026-01-27T15:22:06","modified_gmt":"2026-01-27T20:22:06","slug":"etudes-de-marche-sur-les-triades-et-les-groupes-de-discussion","status":"publish","type":"page","link":"https:\/\/www.sisinternational.com\/fr\/competence\/etudes-de-marche-sur-les-triades-et-les-groupes-de-discussion\/","title":{"rendered":"\u00c9tudes de march\u00e9 sur les triades et les groupes de discussion"},"content":{"rendered":"<h1 class=\"wp-block-heading\">\u00c9tudes de march\u00e9 sur les triades et les groupes de discussion<\/h1>\n\n\n\n<figure class=\"gb-block-image gb-block-image-c917177e\"><img loading=\"lazy\" decoding=\"async\" width=\"1456\" height=\"816\" class=\"gb-image gb-image-c917177e\" src=\"https:\/\/www.sisinternational.com\/wp-content\/uploads\/2025\/09\/Focus-group-recruitment-13.jpg\" alt=\"\u00c9tudes de march\u00e9 et strat\u00e9gie internationales SIS\" title=\"Focus group recruitment (13)\" srcset=\"https:\/\/www.sisinternational.com\/wp-content\/uploads\/2025\/09\/Focus-group-recruitment-13.jpg 1456w, https:\/\/www.sisinternational.com\/wp-content\/uploads\/2025\/09\/Focus-group-recruitment-13-300x168.jpg 300w, https:\/\/www.sisinternational.com\/wp-content\/uploads\/2025\/09\/Focus-group-recruitment-13-1024x574.jpg 1024w, https:\/\/www.sisinternational.com\/wp-content\/uploads\/2025\/09\/Focus-group-recruitment-13-768x430.jpg 768w, https:\/\/www.sisinternational.com\/wp-content\/uploads\/2025\/09\/Focus-group-recruitment-13-18x10.jpg 18w\" sizes=\"auto, (max-width: 1456px) 100vw, 1456px\"><\/figure>\n\n\n\n<p><\/p>\n\n\n\n<p>Comprendre le comportement des consommateurs est crucial avant de lancer un produit ou un service sur le march\u00e9. Cependant, la diff\u00e9rence entre obtenir des r\u00e9sultats pr\u00e9cis ou inexacts r\u00e9side dans le choix d\u2019une m\u00e9thodologie de recherche ad\u00e9quate. Pour mieux comprendre les attitudes et les opinions des consommateurs gr\u00e2ce \u00e0 des m\u00e9thodes de recherche qualitatives, les chercheurs se tournent souvent vers des techniques populaires telles que les triades ou les groupes de discussion. Les deux m\u00e9thodes ont leurs avantages et leurs inconv\u00e9nients uniques. Par cons\u00e9quent, le choix entre une \u00e9tude de march\u00e9 en triades ou en groupes de discussion d\u00e9pendra en grande partie des objectifs de la recherche et du budget disponible.<\/p>\n\n\n\n<h2 class=\"wp-block-heading\">\u00c9tude de march\u00e9 sur les triades et les groupes de discussion\u00a0: un aper\u00e7u<\/h2>\n\n\n\n<p>Pour recueillir des informations aupr\u00e8s de petits groupes de participants, les chercheurs ont souvent recours \u00e0 des m\u00e9thodologies de triades ou de groupes de discussion. Mais les deux pr\u00e9sentent quelques diff\u00e9rences qui les rendent plus utiles dans certaines situations, et certaines d&#039;entre elles sont les suivantes\u00a0:<\/p>\n\n\n\n<h3 class=\"wp-block-heading\">Triades\u00a0:<\/h3>\n\n\n\n<p>L&#039;utilisation de triades dans la recherche qualitative implique que 3 personnes discutent de sujets sp\u00e9cifiques sous mod\u00e9ration professionnelle.<\/p>\n\n\n\n<p>Avec les triades, il est facile d&#039;approfondir les sujets discut\u00e9s, car le fait d&#039;avoir un groupe plus petit permet aux chercheurs d&#039;examiner des sujets complexes ou d\u00e9licats n\u00e9cessitant une attention plus personnalis\u00e9e et une implication accrue des participants.<\/p>\n\n\n\n<ul class=\"wp-block-list\">\n<li><strong>Composition et structure\u00a0:<\/strong> Dans les triades, il y a trois participants accompagn\u00e9s d&#039;un mod\u00e9rateur qualifi\u00e9 qui contribue \u00e0 cr\u00e9er une dynamique de groupe plus petite et plus intime. Ils sont g\u00e9n\u00e9ralement structur\u00e9s autour de sujets ou de questions pr\u00e9d\u00e9termin\u00e9s.<\/li>\n\n\n\n<li><strong>Objectif et applications\u00a0:<\/strong> Les triades sont particuli\u00e8rement utiles pour explorer des questions complexes ou sensibles qui peuvent n\u00e9cessiter un niveau plus \u00e9lev\u00e9 d\u2019attention individuelle. Ils sont souvent utilis\u00e9s pour tester des concepts, \u00e9valuer des produits et explorer en profondeur les motivations et les pr\u00e9f\u00e9rences des consommateurs.<\/li>\n<\/ul>\n\n\n\n<p><strong>Avantages des triades\u00a0:<\/strong><\/p>\n\n\n\n<p>Triads offer several advantages as a <a href=\"https:\/\/www.sisinternational.com\/fr\/sampling-techniques-in-qualitative-research-the-complete-guide-to-choosing-the-right-method\/\" title=\"Sampling Techniques in Qualitative Research: The Complete Guide to Choosing the Right Method\"  data-wpil-monitor-id=\"9806\">qualitative research method<\/a>, particularly when in-depth and focused discussions are desired. Some of the key benefits of triads include:<\/p>\n\n\n\n<ul class=\"wp-block-list\">\n<li><strong>Discussion plus approfondie\u00a0:<\/strong> Un groupe plus petit favorise des conversations plus intimes et d\u00e9taill\u00e9es. Dans de telles situations o\u00f9 il est possible d\u2019explorer au-del\u00e0 des discussions superficielles, les participants se sentent suffisamment libres pour exprimer ce qui se passe au cours de ces sessions.<\/li>\n\n\n\n<li><strong>Une plus grande flexibilit\u00e9 dans la s\u00e9lection des participants\u00a0:<\/strong> En ce qui concerne le processus de s\u00e9lection des participants, le recours \u00e0 des s\u00e9ances de triade de plus petite taille offre des niveaux accrus d&#039;adaptabilit\u00e9 par rapport aux r\u00e9unions de groupe cibl\u00e9es \u00e0 grande \u00e9chelle. En n&#039;exigeant que trois participants pour chaque session, il devient plus simple de les recruter, ce qui permet d&#039;avoir une perspective plus large sur les diff\u00e9rents horizons dont ils sont issus.<\/li>\n\n\n\n<li><strong>Rentabilit\u00e9 accrue\u00a0:<\/strong> La taille r\u00e9duite de l&#039;\u00e9chantillon et la dur\u00e9e des sessions raccourcies dans les triades en font un choix \u00e9conomique par rapport aux groupes de discussion plus importants. Ceci est tr\u00e8s avantageux pour les entreprises et les \u00e9tudes qui sont financi\u00e8rement limit\u00e9es.<\/li>\n\n\n\n<li><strong>Am\u00e9lioration de la pr\u00e9cision et de la fiabilit\u00e9 des r\u00e9sultats\u00a0:<\/strong> Pour \u00e9viter la pens\u00e9e de groupe qui conduit \u00e0 des pr\u00e9jug\u00e9s et \u00e0 une conformit\u00e9 parmi les participants, des triades peuvent \u00eatre utilis\u00e9es car elles contribuent \u00e0 att\u00e9nuer ces risques.<\/li>\n\n\n\n<li><strong>Gestion facilit\u00e9e des sujets sensibles :<\/strong> Pour assurer une meilleure compr\u00e9hension de sujets d\u00e9licats ou compliqu\u00e9s n\u00e9cessitant une attention plus personnalis\u00e9e, le recours aux discussions en triade est fortement recommand\u00e9. Des groupes plus petits permettent aux participants de se sentir plus \u00e0 l&#039;aise pour partager leurs pens\u00e9es et leurs exp\u00e9riences, ce qui donne lieu \u00e0 des commentaires de qualit\u00e9.<\/li>\n<\/ul>\n\n\n\n<h3 class=\"wp-block-heading\">Groupes de discussion:<\/h3>\n\n\n\n<figure class=\"gb-block-image gb-block-image-37839aa9\"><img loading=\"lazy\" decoding=\"async\" width=\"1456\" height=\"816\" class=\"gb-image gb-image-37839aa9\" src=\"https:\/\/www.sisinternational.com\/wp-content\/uploads\/2025\/09\/Focus-group-recruitment-6.jpg\" alt=\"\u00c9tudes de march\u00e9 et strat\u00e9gie internationales SIS\" title=\"Focus group recruitment (6)\" srcset=\"https:\/\/www.sisinternational.com\/wp-content\/uploads\/2025\/09\/Focus-group-recruitment-6.jpg 1456w, https:\/\/www.sisinternational.com\/wp-content\/uploads\/2025\/09\/Focus-group-recruitment-6-300x168.jpg 300w, https:\/\/www.sisinternational.com\/wp-content\/uploads\/2025\/09\/Focus-group-recruitment-6-1024x574.jpg 1024w, https:\/\/www.sisinternational.com\/wp-content\/uploads\/2025\/09\/Focus-group-recruitment-6-768x430.jpg 768w, https:\/\/www.sisinternational.com\/wp-content\/uploads\/2025\/09\/Focus-group-recruitment-6-18x10.jpg 18w\" sizes=\"auto, (max-width: 1456px) 100vw, 1456px\"><\/figure>\n\n\n\n<p><\/p>\n\n\n\n<p>En r\u00e8gle g\u00e9n\u00e9rale, les groupes de discussion impliquent plus de personnes que les entretiens ou enqu\u00eates individuels. Les groupes de discussion comptent environ 6 \u00e0 12 membres mod\u00e9r\u00e9s par des professionnels.<\/p>\n\n\n\n<p>By encouraging group discussions and interactions, focus groups seek to generate a diverse array of perspectives and opinions. It helps <a href=\"https:\/\/www.sisinternational.com\/fr\/solutions\/etude-de-consommation-internationale\/\" title=\"Recherche internationale sur la consommation\"  data-wpil-monitor-id=\"9810\">researchers to evaluate general consumer<\/a> preferences while also exploring broader themes and identifying patterns in their behavior.<\/p>\n\n\n\n<ul class=\"wp-block-list\">\n<li><strong>Composition et structure\u00a0:<\/strong> <a href=\"https:\/\/www.sisinternational.com\/fr\/solutions\/groupes-de-discussion\/rejoindre-des-groupes-de-discussion\/\" title=\"Participer \u00e0 des groupes de discussion\"  data-wpil-monitor-id=\"9804\">Groupes de discussion<\/a> are generally led by a trained moderator with participation ranging from six to twelve individuals in the group. By guiding conversations through open-ended questioning techniques while also prompting for additional information when necessary, the moderator aims to encourage dialogue among participants during these discussions.<\/li>\n\n\n\n<li><strong>Objectif et applications\u00a0:<\/strong> En utilisant des groupes de discussion, les chercheurs acqui\u00e8rent de nouvelles perspectives et opinions tout en reconnaissant les tendances et les mod\u00e8les de comportement des consommateurs. Son utilisation s&#039;\u00e9tend \u00e0 l&#039;\u00e9valuation des campagnes publicitaires et \u00e0 la compr\u00e9hension des attitudes des clients \u00e0 l&#039;\u00e9gard de divers produits ou marques.<\/li>\n<\/ul>\n\n\n\n<p><strong>Avantages des groupes de discussion\u00a0:<\/strong><\/p>\n\n\n\n<p><a href=\"https:\/\/www.sisinternational.com\/fr\/couverture\/etude-de-marche-en-asie\/etude-de-marche-dun-groupe-de-discussion-au-japon\/\" title=\"\u00c9tude de march\u00e9 de groupe de discussion au Japon\"  data-wpil-monitor-id=\"9809\">Groupes de discussion<\/a> are a widely used qualitative research method that offers several advantages, particularly when the objective is to gather diverse perspectives and opinions. Some of the key benefits of focus groups include:<\/p>\n\n\n\n<ul class=\"wp-block-list\">\n<li><strong>Des perspectives plus riches :<\/strong> With their capability to include numerous people at once. Focus groups offer an expansive selection and diversity of opinions. It helps <a href=\"https:\/\/www.sisinternational.com\/fr\/publications\/comportement-de-lacheteur-apres-le-nouveau-consommateur-du-coronavirus\/\" title=\"Comportement des acheteurs apr\u00e8s le coronavirus \u2013 \u00c9tude de march\u00e9 de consommation\"  data-wpil-monitor-id=\"9811\">researchers understand consumer preferences and behavioral<\/a> tendencies comprehensively.<\/li>\n\n\n\n<li><strong>Observer les interactions de groupe\u00a0:<\/strong> L&#039;observation dynamique de groupe offre des avantages significatifs. Les chercheurs peuvent obtenir des informations pr\u00e9cieuses sur les influences sociales sur les opinions et les processus d\u00e9cisionnels en examinant la mani\u00e8re dont les participants affectent le comportement des autres.<\/li>\n\n\n\n<li><strong>Efficient <\/strong><a href=\"https:\/\/www.sisinternational.com\/fr\/couverture\/leurope-%ef%83%97\/etude-de-marche-liverpool-royaume-uni\/\" title=\"\u00c9tude de march\u00e9 \u00e0 Liverpool | Groupes de discussion et collecte de donn\u00e9es au Royaume-Uni\"  data-wpil-monitor-id=\"9805\">data collection: Group<\/a> interactions can uncover fresh ideas and perspectives that might not arise in individual interviews or small-group conversations.<\/li>\n\n\n\n<li><strong>Possibilit\u00e9 d&#039;interventions du mod\u00e9rateur en temps r\u00e9el\u00a0:<\/strong> Les mod\u00e9rateurs des groupes de discussion ont la possibilit\u00e9 d&#039;intervenir au cours d&#039;une session pour guider les conversations avec des questions approfondies ou des clarifications de points au fur et \u00e0 mesure qu&#039;ils se produisent. La session couvre tous les sujets pertinents en encourageant des discussions dynamiques.<\/li>\n\n\n\n<li><strong>Concepts de test et d\u2019affinement\u00a0:<\/strong> <a href=\"https:\/\/www.sisinternational.com\/fr\/solutions\/etude-de-marche-en-groupe-de-discussion\/\" title=\"\u00c9tude de march\u00e9 par groupe de discussion\"  data-wpil-monitor-id=\"9807\">Focus groups enable researchers<\/a> to test and refine new product ideas or marketing messages effectively.<\/li>\n\n\n\n<li><strong>Identifier les tendances et les points communs\u00a0:<\/strong> Recognizing commonalities along with trends and patterns among consumer opinions and behavior becomes less challenging when there are larger group sizes present during <a href=\"https:\/\/www.sisinternational.com\/fr\/solutions\/groupes-de-discussion\/focus-groups-in-the-uk\/\" title=\"Focus Groups in the uk\"  data-wpil-monitor-id=\"1358\">focus<\/a> groups.<\/li>\n<\/ul>\n\n\n\n<h2 class=\"wp-block-heading\">Choisir entre les triades et les groupes de discussion \u00c9tude de march\u00e9<\/h2>\n\n\n\n<figure class=\"gb-block-image gb-block-image-d508271f\"><img loading=\"lazy\" decoding=\"async\" width=\"1456\" height=\"816\" class=\"gb-image gb-image-d508271f\" src=\"https:\/\/www.sisinternational.com\/wp-content\/uploads\/2025\/09\/Focus-group-recruitment-1.jpg\" alt=\"\u00c9tudes de march\u00e9 et strat\u00e9gie internationales SIS\" title=\"Focus group recruitment (1)\" srcset=\"https:\/\/www.sisinternational.com\/wp-content\/uploads\/2025\/09\/Focus-group-recruitment-1.jpg 1456w, https:\/\/www.sisinternational.com\/wp-content\/uploads\/2025\/09\/Focus-group-recruitment-1-300x168.jpg 300w, https:\/\/www.sisinternational.com\/wp-content\/uploads\/2025\/09\/Focus-group-recruitment-1-1024x574.jpg 1024w, https:\/\/www.sisinternational.com\/wp-content\/uploads\/2025\/09\/Focus-group-recruitment-1-768x430.jpg 768w, https:\/\/www.sisinternational.com\/wp-content\/uploads\/2025\/09\/Focus-group-recruitment-1-18x10.jpg 18w\" sizes=\"auto, (max-width: 1456px) 100vw, 1456px\"><\/figure>\n\n\n\n<p><\/p>\n\n\n\n<p>Le choix entre les \u00e9tudes de march\u00e9 des triades et des groupes de discussion d\u00e9pend de plusieurs facteurs, notamment les objectifs de la recherche, le budget, les contraintes de temps et les caract\u00e9ristiques du public cible.<\/p>\n\n\n\n<p>Voici quelques lignes directrices pour vous aider \u00e0 d\u00e9terminer si les triades ou les groupes de discussion sont les mieux adapt\u00e9s au projet de recherche\u00a0:<\/p>\n\n\n\n<ul class=\"wp-block-list\">\n<li><strong>Objectifs de recherche:<\/strong> Pour parvenir \u00e0 des discussions approfondies sur des sujets complexes ou aborder facilement des questions d\u00e9licates, il est conseill\u00e9 d&#039;opter pour des triades car elles permettent un cadre plus intime avec moins de participants, conduisant \u00e0 une implication accrue. Pour obtenir des perspectives diff\u00e9rentes ou \u00e9valuer et am\u00e9liorer des concepts aupr\u00e8s d\u2019un public plus large, les entreprises devraient plut\u00f4t envisager d\u2019utiliser des groupes de discussion.<\/li>\n\n\n\n<li><strong>Contraintes de budget et de temps :<\/strong> L\u2019une des raisons pour lesquelles de nombreux chercheurs pr\u00e9f\u00e8rent utiliser les m\u00e9thodologies de recherche triadiques est qu\u2019elles n\u00e9cessitent g\u00e9n\u00e9ralement moins de financement et ont des d\u00e9lais d\u2019ex\u00e9cution plus rapides.<\/li>\n\n\n\n<li><strong>Profondeur et d\u00e9tails requis\u00a0:<\/strong> Depending on how much depth and detail is required in the insights obtained, triads are suitable for concentrated and refined discussions, while <a href=\"https:\/\/www.sisinternational.com\/fr\/focus-groups-that-deliver-real-voices-real-insight-real-advantage\/\" title=\"Focus Groups That Deliver Real Voices, Real Insight, Real Advantage\"  data-wpil-monitor-id=\"9808\">focus groups can deliver<\/a> an extensive array of outlooks and thoughts.<\/li>\n<\/ul>\n\n\n\n<p>As a result, choosing between triads vs focus groups <a href=\"https:\/\/www.sisinternational.com\/fr\/solutions\/ai-etudes-de-marche-et-conseil-en-strategie\/etude-de-marche-sur-la-detection-dobjets-par-ia\/\" title=\"\u00c9tude de march\u00e9 sur l\u2019IA de d\u00e9tection d\u2019objets\"  data-wpil-monitor-id=\"7309\">market research only depends on the objective<\/a> of the research, and neither methodology is better than the other in itself. One methodology is perfect for obtaining results with in-depth perspectives, while the other can obtain more general results.<\/p>","protected":false},"excerpt":{"rendered":"<p>Le choix entre une \u00e9tude de march\u00e9 en triades ou en groupes de discussion d\u00e9pendra en grande partie des objectifs de la recherche et du budget disponible.<\/p>","protected":false},"author":1,"featured_media":66939,"parent":14514,"menu_order":311,"comment_status":"closed","ping_status":"closed","template":"","meta":{"footnotes":""},"class_list":["post-42701","page","type-page","status-publish","has-post-thumbnail"],"_links":{"self":[{"href":"https:\/\/www.sisinternational.com\/fr\/wp-json\/wp\/v2\/pages\/42701","targetHints":{"allow":["GET"]}}],"collection":[{"href":"https:\/\/www.sisinternational.com\/fr\/wp-json\/wp\/v2\/pages"}],"about":[{"href":"https:\/\/www.sisinternational.com\/fr\/wp-json\/wp\/v2\/types\/page"}],"author":[{"embeddable":true,"href":"https:\/\/www.sisinternational.com\/fr\/wp-json\/wp\/v2\/users\/1"}],"replies":[{"embeddable":true,"href":"https:\/\/www.sisinternational.com\/fr\/wp-json\/wp\/v2\/comments?post=42701"}],"version-history":[{"count":6,"href":"https:\/\/www.sisinternational.com\/fr\/wp-json\/wp\/v2\/pages\/42701\/revisions"}],"predecessor-version":[{"id":81630,"href":"https:\/\/www.sisinternational.com\/fr\/wp-json\/wp\/v2\/pages\/42701\/revisions\/81630"}],"up":[{"embeddable":true,"href":"https:\/\/www.sisinternational.com\/fr\/wp-json\/wp\/v2\/pages\/14514"}],"wp:featuredmedia":[{"embeddable":true,"href":"https:\/\/www.sisinternational.com\/fr\/wp-json\/wp\/v2\/media\/66939"}],"wp:attachment":[{"href":"https:\/\/www.sisinternational.com\/fr\/wp-json\/wp\/v2\/media?parent=42701"}],"curies":[{"name":"wp","href":"https:\/\/api.w.org\/{rel}","templated":true}]}}