{"id":42696,"date":"2023-05-03T21:23:06","date_gmt":"2023-05-04T01:23:06","guid":{"rendered":"https:\/\/www.sisinternational.com\/?page_id=42696"},"modified":"2026-01-24T20:52:43","modified_gmt":"2026-01-25T01:52:43","slug":"etude-de-marche-sur-la-diversite-des-fournisseurs","status":"publish","type":"page","link":"https:\/\/www.sisinternational.com\/fr\/competence\/etude-de-marche-sur-la-diversite-des-fournisseurs\/","title":{"rendered":"\u00c9tude de march\u00e9 sur la diversit\u00e9 des fournisseurs"},"content":{"rendered":"<h1 class=\"wp-block-heading\">\u00c9tude de march\u00e9 sur la diversit\u00e9 des fournisseurs<\/h1>\n\n\n\n<figure class=\"gb-block-image gb-block-image-48311580\"><img loading=\"lazy\" decoding=\"async\" width=\"1456\" height=\"816\" class=\"gb-image gb-image-48311580\" src=\"https:\/\/www.sisinternational.com\/wp-content\/uploads\/2025\/08\/Retail-18.jpg\" alt=\"\u00c9tudes de march\u00e9 et strat\u00e9gie internationales SIS\" title=\"Retail (18)\" srcset=\"https:\/\/www.sisinternational.com\/wp-content\/uploads\/2025\/08\/Retail-18.jpg 1456w, https:\/\/www.sisinternational.com\/wp-content\/uploads\/2025\/08\/Retail-18-300x168.jpg 300w, https:\/\/www.sisinternational.com\/wp-content\/uploads\/2025\/08\/Retail-18-1024x574.jpg 1024w, https:\/\/www.sisinternational.com\/wp-content\/uploads\/2025\/08\/Retail-18-768x430.jpg 768w, https:\/\/www.sisinternational.com\/wp-content\/uploads\/2025\/08\/Retail-18-18x10.jpg 18w\" sizes=\"auto, (max-width: 1456px) 100vw, 1456px\"><\/figure>\n\n\n\n<p><\/p>\n\n\n\n<p>An organization&#8217;s supplier sourcing process should prioritize the inclusion of diverse suppliers. Companies that take this approach engage with suppliers from diverse backgrounds, including minority-owned businesses and women-owned businesses, among others. Incorporating diverse suppliers into business operations enhances organizational competitiveness while demonstrating corporate social responsibility. In addition, it helps <a href=\"https:\/\/www.sisinternational.com\/fr\/solutions\/conseil-en-tourisme-de-voyage-et-en-hotellerie\/etude-de-marche-dune-entreprise-de-guides-touristiques\/\" title=\"\u00c9tude de march\u00e9 sur les soci\u00e9t\u00e9s de guides touristiques\"  data-wpil-monitor-id=\"9815\">companies tap into previously overlooked markets<\/a>. This requires an exhaustive study with Supplier <a class=\"wpil_keyword_link\" href=\"https:\/\/www.sisinternational.com\/fr\/competence\/les-industries\/etude-de-marche-sur-la-diversite\/\"   title=\"\u00c9tude de march\u00e9 sur la diversit\u00e9\" data-wpil-keyword-link=\"linked\"  data-wpil-monitor-id=\"347\">\u00c9tude de march\u00e9 sur la diversit\u00e9<\/a>, focusing on all elements, including product\/service offerings from varied supplier groups.<\/p>\n\n\n\n<h2 class=\"wp-block-heading\">Qu\u2019est-ce que l\u2019\u00e9tude de march\u00e9 sur la diversit\u00e9 des fournisseurs ?<\/h2>\n\n\n\n<p>Supplier diversity market research involves procuring goods and services from businesses that are operated by individuals belonging to underrepresented groups like women or veterans. By <a href=\"https:\/\/www.sisinternational.com\/fr\/how-to-conduct-effective-quantitative-market-research\/\" title=\"How to Conduct Effective Quantitative Market Research\"  data-wpil-monitor-id=\"9819\">conducting this research<\/a> on potential suppliers, businesses ensure they adhere to ethical business practices and have a good reputation to mitigate supplier risks.<\/p>\n\n\n\n<p>G\u00e9n\u00e9ralement, cette recherche est effectu\u00e9e pour d\u00e9montrer une responsabilit\u00e9 sociale et maintenir une r\u00e9putation irr\u00e9prochable aupr\u00e8s des futurs clients.<\/p>\n\n\n\n<h2 class=\"wp-block-heading\">Importance de l\u2019\u00e9tude de march\u00e9 sur la diversit\u00e9 des fournisseurs pour les entreprises<\/h2>\n\n\n\n<h3 class=\"wp-block-heading\">L\u2019\u00e9tude de march\u00e9 sur la diversit\u00e9 des fournisseurs est un \u00e9l\u00e9ment important d\u2019un programme r\u00e9ussi de diversit\u00e9 des fournisseurs pour les entreprises. Voici quelques raisons:<\/h3>\n\n\n\n<p><strong>Identification de fournisseurs diversifi\u00e9s potentiels\u00a0:<\/strong> Divers fournisseurs proposant des produits ou des services uniques peuvent \u00eatre identifi\u00e9s gr\u00e2ce \u00e0 des \u00e9tudes de march\u00e9. Il aide les entreprises \u00e0 acqu\u00e9rir un avantage concurrentiel sur le march\u00e9 et \u00e0 inclure des produits innovants\/diff\u00e9renci\u00e9s dans leurs offres.<\/p>\n\n\n\n<p><strong>Att\u00e9nuation des risques fournisseurs\u00a0:<\/strong> L&#039;identification des risques potentiels associ\u00e9s \u00e0 la diversit\u00e9 des fournisseurs peut aider les entreprises \u00e0 att\u00e9nuer les risques li\u00e9s aux fournisseurs gr\u00e2ce \u00e0 des \u00e9tudes de march\u00e9 sur la diversit\u00e9 des fournisseurs. Il v\u00e9rifie la stabilit\u00e9 financi\u00e8re des fournisseurs potentiels et s&#039;assure qu&#039;ils adh\u00e8rent \u00e0 des pratiques commerciales \u00e9thiques.<\/p>\n\n\n\n<p><strong>Compliance with regulations and <\/strong><a href=\"https:\/\/www.sisinternational.com\/fr\/venezuela-oil-mining-industry-potential-strategic-forecast-2026-2036\/\" title=\"Venezuela Oil &amp; Mining Industry Potential: Strategic Forecast 2026-2036\"  data-wpil-monitor-id=\"9817\">industry standards: To prevent potential<\/a> legal and reputational risks, businesses should conduct market research and comply with the new business standards regarding diversity.<\/p>\n\n\n\n<p><strong>Responsabilit\u00e9 sociale des entreprises renforc\u00e9e :<\/strong> L&#039;engagement d&#039;une entreprise \u00e0 promouvoir la diversit\u00e9 et l&#039;inclusion peut \u00eatre d\u00e9montr\u00e9 par les programmes de diversit\u00e9 des fournisseurs, qui deviennent de plus en plus importants pour les consommateurs et les investisseurs. Ainsi, une \u00e9tude de march\u00e9 compl\u00e8te sur les pratiques de diversit\u00e9 des fournisseurs est cruciale pour les entreprises qui cherchent \u00e0 am\u00e9liorer leur programme actuel tout en apportant une contribution significative aux efforts de responsabilit\u00e9 sociale.<\/p>\n\n\n\n<h2 class=\"wp-block-heading\">Les avantages de l\u2019\u00e9tude de march\u00e9 sur la diversit\u00e9 des fournisseurs<\/h2>\n\n\n\n<figure class=\"gb-block-image gb-block-image-a947d54e\"><img loading=\"lazy\" decoding=\"async\" width=\"1456\" height=\"816\" class=\"gb-image gb-image-a947d54e\" src=\"https:\/\/www.sisinternational.com\/wp-content\/uploads\/2025\/08\/Retail-19.jpg\" alt=\"\u00c9tudes de march\u00e9 et strat\u00e9gie internationales SIS\" title=\"Retail (19)\" srcset=\"https:\/\/www.sisinternational.com\/wp-content\/uploads\/2025\/08\/Retail-19.jpg 1456w, https:\/\/www.sisinternational.com\/wp-content\/uploads\/2025\/08\/Retail-19-300x168.jpg 300w, https:\/\/www.sisinternational.com\/wp-content\/uploads\/2025\/08\/Retail-19-1024x574.jpg 1024w, https:\/\/www.sisinternational.com\/wp-content\/uploads\/2025\/08\/Retail-19-768x430.jpg 768w, https:\/\/www.sisinternational.com\/wp-content\/uploads\/2025\/08\/Retail-19-18x10.jpg 18w\" sizes=\"auto, (max-width: 1456px) 100vw, 1456px\"><\/figure>\n\n\n\n<p><\/p>\n\n\n\n<h3 class=\"wp-block-heading\">Les \u00e9tudes de march\u00e9 sur la diversit\u00e9 des fournisseurs offrent plusieurs avantages aux entreprises qui s&#039;engagent \u00e0 promouvoir la diversit\u00e9 et l&#039;inclusion au sein de leur base de fournisseurs. Certains des principaux avantages comprennent\u00a0:<\/h3>\n\n\n\n<ul class=\"wp-block-list\">\n<li><strong>Meilleure compr\u00e9hension des tendances et opportunit\u00e9s du march\u00e9\u00a0:<\/strong> By conducting <a href=\"https:\/\/www.sisinternational.com\/fr\/how-to-conduct-effective-quantitative-market-research\/\" title=\"How to Conduct Effective Quantitative Market Research\"  data-wpil-monitor-id=\"9813\">\u00e9tude de march\u00e9<\/a>, businesses can enhance their comprehension of the latest trends and opportunities within their respective industries. <a href=\"https:\/\/www.sisinternational.com\/fr\/solutions\/solutions-de-recherche-qualitative-et-quantitative\/etude-de-marche-danalyse-chaid\/\" title=\"CHAID Analyse \u00c9tude de march\u00e9\"  data-wpil-monitor-id=\"9816\">Market data analysis<\/a> provides businesses with the opportunity to identify previously unnoticed suppliers and target markets. This particular resource offers companies an opportunity not only to keep up but also to surpass their competition.<\/li>\n\n\n\n<li><strong>Identification de fournisseurs diversifi\u00e9s potentiels\u00a0:<\/strong> En effectuant des \u00e9tudes de march\u00e9 sur la diversit\u00e9 des fournisseurs, les entreprises peuvent identifier des fournisseurs diversifi\u00e9s proposant des produits ou des services distincts. Gr\u00e2ce \u00e0 cette fonctionnalit\u00e9, les entreprises sont en mesure de sauvegarder diverses cultures tout en les promouvant \u00e0 tous les niveaux de fournisseurs.<\/li>\n\n\n\n<li><strong>Conformit\u00e9 aux r\u00e9glementations et normes de l\u2019industrie :<\/strong> Supplier diversity regulations and industry standards are growing rapidly. Therefore, meeting these requirements while avoiding any possible legal or reputational risks is achievable through conducting <a href=\"https:\/\/www.sisinternational.com\/fr\/solutions\/legal-market-research\/\" title=\"Legal Market Research\"  data-wpil-monitor-id=\"2975\">\u00e9tude de march\u00e9<\/a>.<\/li>\n\n\n\n<li><strong>Responsabilit\u00e9 sociale des entreprises renforc\u00e9e :<\/strong> D\u00e9montrer l&#039;engagement d&#039;une entreprise \u00e0 favoriser l&#039;inclusion et la repr\u00e9sentation diversifi\u00e9e est d\u00e9sormais un facteur cl\u00e9 pour les consommateurs et les investisseurs. Les \u00e9tudes de march\u00e9 sur la diversit\u00e9 des fournisseurs aident les entreprises \u00e0 am\u00e9liorer leurs programmes de diversit\u00e9 des fournisseurs et \u00e0 remplir leurs engagements en mati\u00e8re de responsabilit\u00e9 sociale tout en am\u00e9liorant la r\u00e9putation d&#039;une entreprise aupr\u00e8s du public.<\/li>\n<\/ul>\n\n\n\n<h2 class=\"wp-block-heading\">Opportunit\u00e9s<\/h2>\n\n\n\n<h3 class=\"wp-block-heading\">Certaines des opportunit\u00e9s cl\u00e9s comprennent\u00a0:<\/h3>\n\n\n\n<p><strong>Acc\u00e8s \u00e0 de nouveaux march\u00e9s :<\/strong> Par <a href=\"https:\/\/www.sisinternational.com\/fr\/comment-mener-une-recherche-documentaire-efficace\/\" title=\"Comment mener une recherche documentaire efficace\"  data-wpil-monitor-id=\"9814\">conducting market research<\/a>, businesses can uncover potential new suppliers and previously overlooked target markets.<\/p>\n\n\n\n<p><strong>Avantage comp\u00e9titif:<\/strong> Diverse supplier identification could provide companies with an opportunity to outcompete others within their industry. By innovating and differentiating their products or services <a href=\"https:\/\/www.sisinternational.com\/fr\/couverture\/etude-de-marche-en-asie\/societe-de-veille-concurrentielle-en-asie\/\" title=\"Soci\u00e9t\u00e9 de veille concurrentielle en Asie\"  data-wpil-monitor-id=\"9818\">companies can increase their competitiveness<\/a>.<\/p>\n\n\n\n<p><strong>Am\u00e9lioration de la r\u00e9silience de la cha\u00eene d\u2019approvisionnement\u00a0:<\/strong> Pour offrir des alternatives \u00e0 l&#039;approvisionnement en mat\u00e9riaux ou produits aupr\u00e8s de fournisseurs uniques, la diversification de la base de fournisseurs est essentielle et peut aider les entreprises \u00e0 g\u00e9rer les circonstances impr\u00e9vues li\u00e9es aux op\u00e9rations.<\/p>\n\n\n\n<p><strong>Innovation et cr\u00e9ativit\u00e9 am\u00e9lior\u00e9es\u00a0:<\/strong> La diversit\u00e9 des fournisseurs peut conduire \u00e0 une innovation et une cr\u00e9ativit\u00e9 accrues au sein d\u2019une entreprise. Divers fournisseurs peuvent apporter de nouvelles id\u00e9es et perspectives, conduisant \u00e0 des produits ou services nouveaux et innovants.<\/p>\n\n\n\n<h2 class=\"wp-block-heading\">D\u00e9fis<\/h2>\n\n\n\n<h3 class=\"wp-block-heading\">Si les \u00e9tudes de march\u00e9 offrent de nombreux avantages, les entreprises peuvent \u00e9galement \u00eatre confront\u00e9es \u00e0 certains d\u00e9fis. Certains des principaux d\u00e9fis des \u00e9tudes de march\u00e9 sur la diversit\u00e9 des fournisseurs comprennent\u00a0:<\/h3>\n\n\n\n<p><strong>Donn\u00e9es fournisseurs limit\u00e9es\u00a0:<\/strong> En raison de donn\u00e9es insuffisantes sur la diversit\u00e9 des fournisseurs, les chercheurs en marketing de diversit\u00e9 des fournisseurs sont confront\u00e9s \u00e0 des d\u00e9fis importants pour identifier les commer\u00e7ants prometteurs tout en examinant simultan\u00e9ment leur exp\u00e9rience.<\/p>\n\n\n\n<p><strong>Absence de reporting standardis\u00e9\u00a0:<\/strong> Les \u00e9tudes de march\u00e9 sur la diversit\u00e9 des fournisseurs manquent de m\u00e9thodologies de reporting standardis\u00e9es, et les \u00e9valuations de la diversit\u00e9 sur les performances des fournisseurs sont souvent des t\u00e2ches difficiles pour la plupart des entreprises.<\/p>\n\n\n\n<p><strong>Difficult\u00e9 \u00e0 mesurer le ROI\u00a0:<\/strong> La mesure du retour sur investissement des programmes de diversit\u00e9 des fournisseurs peut poser des d\u00e9fis aux entreprises, car ces fournisseurs peuvent avoir des entreprises plus petites.<\/p>\n\n\n\n<p><strong>R\u00e9sistance des fournisseurs\u00a0:<\/strong> Les programmes de diversit\u00e9 des fournisseurs peuvent se heurter \u00e0 l&#039;opposition de certaines parties prenantes qui y voient une responsabilit\u00e9 suppl\u00e9mentaire et non une activit\u00e9 potentiellement rentable. Des d\u00e9fis peuvent \u00e9galement provenir des parties prenantes internes qui r\u00e9sistent au changement au sein de l&#039;entreprise, retardant ainsi les programmes de diversit\u00e9 qui pourraient am\u00e9liorer consid\u00e9rablement la rentabilit\u00e9 \u00e0 long terme.<\/p>\n\n\n\n<h2 class=\"wp-block-heading\">Perspectives d&#039;avenir<\/h2>\n\n\n\n<figure class=\"gb-block-image gb-block-image-a065f548\"><img loading=\"lazy\" decoding=\"async\" width=\"1456\" height=\"816\" class=\"gb-image gb-image-a065f548\" src=\"https:\/\/www.sisinternational.com\/wp-content\/uploads\/2025\/08\/Retail-20.jpg\" alt=\"\u00c9tudes de march\u00e9 et strat\u00e9gie internationales SIS\" title=\"Retail (20)\" srcset=\"https:\/\/www.sisinternational.com\/wp-content\/uploads\/2025\/08\/Retail-20.jpg 1456w, https:\/\/www.sisinternational.com\/wp-content\/uploads\/2025\/08\/Retail-20-300x168.jpg 300w, https:\/\/www.sisinternational.com\/wp-content\/uploads\/2025\/08\/Retail-20-1024x574.jpg 1024w, https:\/\/www.sisinternational.com\/wp-content\/uploads\/2025\/08\/Retail-20-768x430.jpg 768w, https:\/\/www.sisinternational.com\/wp-content\/uploads\/2025\/08\/Retail-20-18x10.jpg 18w\" sizes=\"auto, (max-width: 1456px) 100vw, 1456px\"><\/figure>\n\n\n\n<p><\/p>\n\n\n\n<p>Les \u00e9tudes de march\u00e9 sur la diversit\u00e9 des fournisseurs semblent avoir un brillant avenir, car les entreprises et les organisations du monde entier reconnaissent l\u2019importance de disposer de cha\u00eenes d\u2019approvisionnement diversifi\u00e9es.<\/p>\n\n\n\n<p>Cette branche des \u00e9tudes de march\u00e9 devrait b\u00e9n\u00e9ficier de mani\u00e8re significative des avanc\u00e9es technologiques qui se traduisent par des outils et des plates-formes avanc\u00e9s capables d&#039;am\u00e9liorer l&#039;efficacit\u00e9 de la collecte de donn\u00e9es tout en am\u00e9liorant les capacit\u00e9s d&#039;analyse et de surveillance et les entreprises qui exploitent l&#039;intelligence artificielle (IA), l&#039;apprentissage automatique (ML) et analyse des m\u00e9gadonn\u00e9es.<\/p>\n\n\n\n<p>To navigate the complexities of <a href=\"https:\/\/www.sisinternational.com\/fr\/solutions\/croissance-mondiale\/developpement-de-la-chaine-dapprovisionnement-mondiale\/\" title=\"Conseil en cha\u00eene d&#039;approvisionnement mondiale\"  data-wpil-monitor-id=\"9812\">global supply chains<\/a> resulting from expanding international business operations and cross-border collaborations, it is increasingly important to conduct supplier diversity market research to foster cross-border collaboration and promote inclusive growth on a global scale.<\/p>\n\n\n\n<p>Des \u00e9tudes de march\u00e9 sur la diversit\u00e9 des fournisseurs resteront n\u00e9cessaires en raison de l\u2019accent croissant mis sur la durabilit\u00e9 et l\u2019impact social afin de r\u00e9duire les disparit\u00e9s socio-\u00e9conomiques.<\/p>","protected":false},"excerpt":{"rendered":"<p>L\u2019\u00e9tude de march\u00e9 sur la diversit\u00e9 des fournisseurs consiste \u00e0 acheter des biens et des services aupr\u00e8s d\u2019entreprises g\u00e9r\u00e9es par des individus issus de groupes sous-repr\u00e9sent\u00e9s.<\/p>","protected":false},"author":1,"featured_media":62493,"parent":14514,"menu_order":310,"comment_status":"closed","ping_status":"closed","template":"","meta":{"footnotes":""},"class_list":["post-42696","page","type-page","status-publish","has-post-thumbnail"],"_links":{"self":[{"href":"https:\/\/www.sisinternational.com\/fr\/wp-json\/wp\/v2\/pages\/42696","targetHints":{"allow":["GET"]}}],"collection":[{"href":"https:\/\/www.sisinternational.com\/fr\/wp-json\/wp\/v2\/pages"}],"about":[{"href":"https:\/\/www.sisinternational.com\/fr\/wp-json\/wp\/v2\/types\/page"}],"author":[{"embeddable":true,"href":"https:\/\/www.sisinternational.com\/fr\/wp-json\/wp\/v2\/users\/1"}],"replies":[{"embeddable":true,"href":"https:\/\/www.sisinternational.com\/fr\/wp-json\/wp\/v2\/comments?post=42696"}],"version-history":[{"count":6,"href":"https:\/\/www.sisinternational.com\/fr\/wp-json\/wp\/v2\/pages\/42696\/revisions"}],"predecessor-version":[{"id":81631,"href":"https:\/\/www.sisinternational.com\/fr\/wp-json\/wp\/v2\/pages\/42696\/revisions\/81631"}],"up":[{"embeddable":true,"href":"https:\/\/www.sisinternational.com\/fr\/wp-json\/wp\/v2\/pages\/14514"}],"wp:featuredmedia":[{"embeddable":true,"href":"https:\/\/www.sisinternational.com\/fr\/wp-json\/wp\/v2\/media\/62493"}],"wp:attachment":[{"href":"https:\/\/www.sisinternational.com\/fr\/wp-json\/wp\/v2\/media?parent=42696"}],"curies":[{"name":"wp","href":"https:\/\/api.w.org\/{rel}","templated":true}]}}