{"id":42693,"date":"2023-05-03T20:52:04","date_gmt":"2023-05-04T00:52:04","guid":{"rendered":"https:\/\/www.sisinternational.com\/?page_id=42693"},"modified":"2026-01-25T16:37:05","modified_gmt":"2026-01-25T21:37:05","slug":"etude-de-marche-sur-les-capteurs-intelligents","status":"publish","type":"page","link":"https:\/\/www.sisinternational.com\/fr\/competence\/etude-de-marche-sur-les-capteurs-intelligents\/","title":{"rendered":"\u00c9tude de march\u00e9 sur les capteurs intelligents"},"content":{"rendered":"<h1 class=\"wp-block-heading\">\u00c9tude de march\u00e9 sur les capteurs intelligents<\/h1>\n\n\n\n<figure class=\"gb-block-image gb-block-image-6cc9a0b6\"><img loading=\"lazy\" decoding=\"async\" width=\"1456\" height=\"816\" class=\"gb-image gb-image-6cc9a0b6\" src=\"https:\/\/www.sisinternational.com\/wp-content\/uploads\/2025\/08\/Smart-sensor-2.jpg\" alt=\"\u00c9tudes de march\u00e9 et strat\u00e9gie internationales SIS\" title=\"Smart sensor (2)\" srcset=\"https:\/\/www.sisinternational.com\/wp-content\/uploads\/2025\/08\/Smart-sensor-2.jpg 1456w, https:\/\/www.sisinternational.com\/wp-content\/uploads\/2025\/08\/Smart-sensor-2-300x168.jpg 300w, https:\/\/www.sisinternational.com\/wp-content\/uploads\/2025\/08\/Smart-sensor-2-1024x574.jpg 1024w, https:\/\/www.sisinternational.com\/wp-content\/uploads\/2025\/08\/Smart-sensor-2-768x430.jpg 768w, https:\/\/www.sisinternational.com\/wp-content\/uploads\/2025\/08\/Smart-sensor-2-18x10.jpg 18w\" sizes=\"auto, (max-width: 1456px) 100vw, 1456px\"><\/figure>\n\n\n\n<p><\/p>\n\n\n\n<p>L\u2019introduction de nouvelles technologies et de nouveaux appareils sur le march\u00e9 continue de cro\u00eetre, aliment\u00e9e par la concurrence et la n\u00e9cessit\u00e9. Par cons\u00e9quent, cela a eu un impact positif sur l\u2019industrie manufacturi\u00e8re charg\u00e9e de produire des pi\u00e8ces sp\u00e9cifiques pour chaque appareil. Un march\u00e9 qui a \u00e9t\u00e9 positivement touch\u00e9 est celui des capteurs intelligents. Alors que l\u2019innovation continue de devenir un facteur important de croissance technologique, la demande de capteurs intelligents suit \u00e9galement. Gr\u00e2ce \u00e0 lui, il devrait conna\u00eetre une croissance de plus de 10% au cours des cinq prochaines ann\u00e9es.<\/p>\n\n\n\n<p>The need for smart sensors and <a href=\"https:\/\/www.sisinternational.com\/fr\/etude-de-marche-sur-la-mobilite-intelligente\/\" title=\"\u00c9tude de march\u00e9 sur la mobilit\u00e9 intelligente\"  data-wpil-monitor-id=\"1915\">\u00e9tude de march\u00e9 sur les capteurs intelligents<\/a> exists not only in IT but also in security, weather forecasting, water resource management, agriculture, and others.<\/p>\n\n\n\n<p>Les capteurs intelligents ont r\u00e9volutionn\u00e9 tous les secteurs, simplifiant les t\u00e2ches et offrant un confort \u00e0 tous leurs utilisateurs. Avec l\u2019utilisation dominante des capteurs intelligents, il est pr\u00e9vu que la demande de maintenance et de r\u00e9paration suivra \u00e9galement.<\/p>\n\n\n\n<p>However, despite unprecedented growth, the <a href=\"https:\/\/www.sisinternational.com\/fr\/competence\/les-industries\/etude-de-marche-sur-les-villes-intelligentes\/\" title=\"\u00c9tude de march\u00e9 sur les villes intelligentes\"  data-wpil-monitor-id=\"3408\">smart sensor market<\/a> also faces challenges.<\/p>\n\n\n\n<h2 class=\"wp-block-heading\">Que sont les capteurs intelligents<\/h2>\n\n\n\n<p>Les capteurs intelligents sont des dispositifs technologiques qui utilisent des transducteurs pour collecter des informations sp\u00e9cifiques provenant d&#039;un environnement physique. Les donn\u00e9es collect\u00e9es seront utilis\u00e9es par les capteurs intelligents pour effectuer une t\u00e2che sp\u00e9cifique sur ces informations particuli\u00e8res. Le r\u00e9sultat sera transmis via une connexion r\u00e9seau, modifiant les propri\u00e9t\u00e9s physiques des donn\u00e9es en signaux \u00e9lectriques calculables.<\/p>\n\n\n\n<h3 class=\"wp-block-heading\">Il existe diff\u00e9rents capteurs intelligents sur le march\u00e9, \u00e0 savoir :<\/h3>\n\n\n\n<ul class=\"wp-block-list\">\n<li><strong>Capteur de niveau:<\/strong> Utilisez un signal \u00e9lectrique pour aider \u00e0 maintenir et \u00e0 mesurer les niveaux de liquide.<\/li>\n\n\n\n<li><strong>Capteur de pression:<\/strong> Un dispositif qui convertit la pression m\u00e9canique en sortie de signal \u00e9lectrique, g\u00e9n\u00e9ralement utilis\u00e9 dans les pipelines.<\/li>\n\n\n\n<li><strong>Capteur de temp\u00e9rature:<\/strong> Comme son nom l\u2019indique, il mesure les temp\u00e9ratures de l\u2019air au liquide en passant par le solide.<\/li>\n\n\n\n<li><strong>Capteur de proximit\u00e9\u00a0:<\/strong> Utiliser pour d\u00e9tecter sans toucher physiquement aucun objet existant dans la zone de proximit\u00e9.<\/li>\n\n\n\n<li><strong>Capteur infrarouge:<\/strong> Remarque les objets, les mesure et d\u00e9tecte les mouvements dans son environnement en \u00e9mettant de la lumi\u00e8re<\/li>\n\n\n\n<li><strong>Capteur climatique intelligent\u00a0:<\/strong> Recueille des informations sur la pression barom\u00e9trique, l\u2019humidit\u00e9 et la temp\u00e9rature, utiles pour \u00e9valuer les conditions m\u00e9t\u00e9orologiques.<\/li>\n\n\n\n<li><strong>Capteur de plante intelligent\u00a0:<\/strong> Effectue en fournissant des donn\u00e9es sur les soins et la nutrition d\u2019une plante.<\/li>\n\n\n\n<li><strong>Capteur de mouvement:<\/strong> Couramment utilis\u00e9 dans les maisons pour d\u00e9tecter tout mouvement \u00e0 l&#039;int\u00e9rieur et \u00e0 l&#039;ext\u00e9rieur, puis donner un signal \u00e0 l&#039;utilisateur.<\/li>\n\n\n\n<li><strong>Capteur de d\u00e9tection de la qualit\u00e9 de l&#039;air\u00a0:<\/strong> Surveille et d\u00e9tecte la qualit\u00e9 de l\u2019air dans la zone voisine.<\/li>\n<\/ul>\n\n\n\n<h3 class=\"wp-block-heading\">Il existe des types plus sp\u00e9cifiques de capteurs intelligents disponibles sur le march\u00e9. Les \u00e9l\u00e9ments mentionn\u00e9s ci-dessous sont les plus courants et les plus populaires.<\/h3>\n\n\n\n<figure class=\"gb-block-image gb-block-image-860bed0c\"><img loading=\"lazy\" decoding=\"async\" width=\"1456\" height=\"816\" class=\"gb-image gb-image-860bed0c\" src=\"https:\/\/www.sisinternational.com\/wp-content\/uploads\/2025\/08\/Smart-sensor-6.jpg\" alt=\"\u00c9tudes de march\u00e9 et strat\u00e9gie internationales SIS\" title=\"Smart sensor (6)\" srcset=\"https:\/\/www.sisinternational.com\/wp-content\/uploads\/2025\/08\/Smart-sensor-6.jpg 1456w, https:\/\/www.sisinternational.com\/wp-content\/uploads\/2025\/08\/Smart-sensor-6-300x168.jpg 300w, https:\/\/www.sisinternational.com\/wp-content\/uploads\/2025\/08\/Smart-sensor-6-1024x574.jpg 1024w, https:\/\/www.sisinternational.com\/wp-content\/uploads\/2025\/08\/Smart-sensor-6-768x430.jpg 768w, https:\/\/www.sisinternational.com\/wp-content\/uploads\/2025\/08\/Smart-sensor-6-18x10.jpg 18w\" sizes=\"auto, (max-width: 1456px) 100vw, 1456px\"><\/figure>\n\n\n\n<p><\/p>\n\n\n\n<h2 class=\"wp-block-heading\">Acteurs cl\u00e9s du march\u00e9<\/h2>\n\n\n\n<p>Valued in tens of billions, the <a href=\"https:\/\/www.sisinternational.com\/fr\/etude-de-marche-sur-la-fabrication-intelligente\/\" title=\"\u00c9tude de march\u00e9 sur la fabrication intelligente\"  data-wpil-monitor-id=\"3617\">smart sensors market<\/a> attracted a ton of market players. In a decade, it is expected to hit hundreds of billions in compound annual growth (CAGR).<\/p>\n\n\n\n<h2 class=\"wp-block-heading\">Apprenez \u00e0 conna\u00eetre les principaux acteurs du march\u00e9 qui dirigent l\u2019industrie mondiale\u00a0:<\/h2>\n\n\n\n<ul class=\"wp-block-list\">\n<li><strong>ABB SA\u00a0:<\/strong> Cette entreprise su\u00e9doise a pour objectif de fournir des solutions innovantes utilisant la robotique, l&#039;automatisation des machines et les services num\u00e9riques. Leur capteur intelligent Ability transforme les moteurs traditionnels en appareils sans fil intelligents pour une meilleure surveillance et une efficacit\u00e9 optimis\u00e9e.<\/li>\n\n\n\n<li><strong>Appareil analogique inc.\u00a0:<\/strong> Fond\u00e9e aux \u00c9tats-Unis, cette soci\u00e9t\u00e9 de semi-conducteurs se concentre sur la technologie de gestion de l&#039;\u00e9nergie, de traitement du signal et de conversion de donn\u00e9es. Ils utilisent leurs sous-syst\u00e8mes iSensor MEMS pour l&#039;int\u00e9gration sur une vari\u00e9t\u00e9 d&#039;appareils, tels que des gyroscopes et des capteurs de pression.<\/li>\n\n\n\n<li><strong>Honeywell International Inc.\u00a0:<\/strong> Ce conglom\u00e9rat \u0153uvre dans quatre secteurs : les technologies du b\u00e2timent, les mat\u00e9riaux et technologies performants et les solutions de s\u00e9curit\u00e9 et de productivit\u00e9. Ils offrent une vari\u00e9t\u00e9 de capteurs, des capteurs de qualit\u00e9 de l&#039;air aux d\u00e9tecteurs de chaleur.<\/li>\n\n\n\n<li><strong>Texas Instruments Inc.\u00a0:<\/strong> Texas Instruments con\u00e7oit et fabrique des semi-conducteurs et des circuits int\u00e9gr\u00e9s. Disposant de plusieurs soci\u00e9t\u00e9s de production dans le monde entier, elles peuvent produire plusieurs types de capteurs, tels que des capteurs magn\u00e9tiques, des capteurs de lumi\u00e8re et des capteurs de temp\u00e9rature.<\/li>\n\n\n\n<li><strong>Soci\u00e9t\u00e9 \u00e9lectrique Yokogawa\u00a0:<\/strong> Cette soci\u00e9t\u00e9 japonaise travaille principalement dans le domaine des logiciels et de l&#039;ing\u00e9nierie \u00e9lectrique. Ils se diff\u00e9rencient des autres acteurs gr\u00e2ce \u00e0 leurs capteurs intelligents SENCOM. Yokogawa affirme que son capteur intelligent SENCOM simplifie la maintenance sur le terrain de l&#039;appareil, r\u00e9duit le temps de configuration et am\u00e9liore l&#039;\u00e9talonnage.<\/li>\n<\/ul>\n\n\n\n<p>Il existe d\u2019autres acteurs cl\u00e9s sur le march\u00e9 en plus des suivants. Ils apportent \u00e9galement des millions de dollars au march\u00e9, chacun introduisant sa propre conception de capteurs intelligents.<\/p>\n\n\n\n<h2 class=\"wp-block-heading\">D\u00e9veloppement et tendances du march\u00e9 des capteurs intelligents<\/h2>\n\n\n\n<figure class=\"gb-block-image gb-block-image-0d674e79\"><img loading=\"lazy\" decoding=\"async\" width=\"1456\" height=\"816\" class=\"gb-image gb-image-0d674e79\" src=\"https:\/\/www.sisinternational.com\/wp-content\/uploads\/2025\/08\/Smart-sensor-3.jpg\" alt=\"\u00c9tudes de march\u00e9 et strat\u00e9gie internationales SIS\" title=\"Smart sensor (3)\" srcset=\"https:\/\/www.sisinternational.com\/wp-content\/uploads\/2025\/08\/Smart-sensor-3.jpg 1456w, https:\/\/www.sisinternational.com\/wp-content\/uploads\/2025\/08\/Smart-sensor-3-300x168.jpg 300w, https:\/\/www.sisinternational.com\/wp-content\/uploads\/2025\/08\/Smart-sensor-3-1024x574.jpg 1024w, https:\/\/www.sisinternational.com\/wp-content\/uploads\/2025\/08\/Smart-sensor-3-768x430.jpg 768w, https:\/\/www.sisinternational.com\/wp-content\/uploads\/2025\/08\/Smart-sensor-3-18x10.jpg 18w\" sizes=\"auto, (max-width: 1456px) 100vw, 1456px\"><\/figure>\n\n\n\n<p><\/p>\n\n\n\n<p>The smart sensor market maintains its growth with new opportunities based on <a href=\"https:\/\/www.sisinternational.com\/fr\/sante-intelligente\/\" title=\"\u00c9tude de march\u00e9 sur la sant\u00e9 intelligente\"  data-wpil-monitor-id=\"1946\">innovative<\/a> designs and the Internet of Things that rely on them. All of this help innovate the smart sensor landscape and improve automation.<\/p>\n\n\n\n<h3 class=\"wp-block-heading\">Certains de ces d\u00e9veloppements et tendances sont les suivants\u00a0:<\/h3>\n\n\n\n<ul class=\"wp-block-list\">\n<li><strong>Les syst\u00e8mes micro\u00e9lectrom\u00e9caniques (MEMS) dominent le march\u00e9\u00a0:<\/strong> Les capteurs bas\u00e9s sur la technologie MEMS constituent la majorit\u00e9 du march\u00e9 des capteurs intelligents. Une technologie \u00e0 croissance rapide est introduite r\u00e9guli\u00e8rement, ce qui garantit la domination continue du MEMS pour les ann\u00e9es \u00e0 venir. Le MEMS consolide \u00e9galement sa position gr\u00e2ce \u00e0 son utilisation avantageuse, telle qu\u2019une pr\u00e9cision am\u00e9lior\u00e9e, une fiabilit\u00e9 \u00e9lev\u00e9e, des op\u00e9rations rapides, une maintenance facile et une consommation d\u2019\u00e9nergie minimale.<\/li>\n\n\n\n<li><strong>Demande d\u2019appareils portables dot\u00e9s de capteurs intelligents\u00a0:<\/strong> Les consommateurs adaptent de plus en plus d\u2019appareils portables pour les aider \u00e0 suivre leurs donn\u00e9es biom\u00e9triques, notamment \u00e0 des fins sportives et m\u00e9dicales. Ces capteurs intelligents ont \u00e9galement commenc\u00e9 \u00e0 \u00eatre int\u00e9gr\u00e9s \u00e0 d\u2019autres objets, tels que des chaussures, des montres et des lunettes intelligentes.<\/li>\n\n\n\n<li><strong>Capteurs de CO2 et capteurs de gaz d&#039;Infineon\u00a0:<\/strong> Infineon a pr\u00e9sent\u00e9 ses nouveaux capteurs de CO2, une solution innovante pour r\u00e9pondre \u00e0 la demande d&#039;une qualit\u00e9 pr\u00e9cise de l&#039;air int\u00e9rieur. Ils se sont \u00e9galement associ\u00e9s \u00e0 Rainforest Connection (RFXc) pour sauvegarder et surveiller la biodiversit\u00e9, \u00e0 l&#039;aide des capteurs de gaz d&#039;Infineon.<\/li>\n\n\n\n<li><strong>Croissance du march\u00e9 de l\u2019\u00e9lectronique grand public\u00a0:<\/strong> Le march\u00e9 de l&#039;\u00e9lectronique est domin\u00e9 par l&#039;\u00e9lectronique grand public, qui comprend les smartphones, les ordinateurs portables et les PC. Cependant, de nouvelles avanc\u00e9es sont introduites pour diversifier le march\u00e9, telles que les t\u00e9l\u00e9viseurs intelligents et les appareils \u00e9lectrom\u00e9nagers intelligents, tous deux n\u00e9cessitant l&#039;utilisation de capteurs intelligents.<\/li>\n<\/ul>\n\n\n\n<h2 class=\"wp-block-heading\">D\u00e9fis et probl\u00e8mes avec le march\u00e9 des capteurs intelligents<\/h2>\n\n\n\n<figure class=\"gb-block-image gb-block-image-e08b0226\"><img loading=\"lazy\" decoding=\"async\" width=\"1456\" height=\"816\" class=\"gb-image gb-image-e08b0226\" src=\"https:\/\/www.sisinternational.com\/wp-content\/uploads\/2025\/08\/Smart-sensor-8.jpg\" alt=\"\u00c9tudes de march\u00e9 et strat\u00e9gie internationales SIS\" title=\"Smart sensor (8)\" srcset=\"https:\/\/www.sisinternational.com\/wp-content\/uploads\/2025\/08\/Smart-sensor-8.jpg 1456w, https:\/\/www.sisinternational.com\/wp-content\/uploads\/2025\/08\/Smart-sensor-8-300x168.jpg 300w, https:\/\/www.sisinternational.com\/wp-content\/uploads\/2025\/08\/Smart-sensor-8-1024x574.jpg 1024w, https:\/\/www.sisinternational.com\/wp-content\/uploads\/2025\/08\/Smart-sensor-8-768x430.jpg 768w, https:\/\/www.sisinternational.com\/wp-content\/uploads\/2025\/08\/Smart-sensor-8-18x10.jpg 18w\" sizes=\"auto, (max-width: 1456px) 100vw, 1456px\"><\/figure>\n\n\n\n<p><\/p>\n\n\n\n<h3 class=\"wp-block-heading\">Le march\u00e9 des capteurs intelligents peut rencontrer des obstacles dus aux d\u00e9fis suivants\u00a0:<\/h3>\n\n\n\n<ul class=\"wp-block-list\">\n<li><strong>Une exigence essentielle pour des performances pr\u00e9cises des capteurs intelligents\u00a0:<\/strong> Les capteurs intelligents sont tr\u00e8s pr\u00e9cieux pour leurs mesures pr\u00e9cises. Les industries automatis\u00e9es d\u00e9pendent fortement de leur efficacit\u00e9, la pr\u00e9cision est donc consid\u00e9r\u00e9e comme de la plus haute importance. Tout faux pas ou erreur de calcul de la part du capteur intelligent peut entra\u00eener une erreur co\u00fbteuse.<\/li>\n\n\n\n<li><strong>Course aux prix, \u00e0 l\u2019\u00e9nergie et \u00e0 la r\u00e9duction de la taille\u00a0:<\/strong> <a href=\"https:\/\/www.sisinternational.com\/fr\/marche-mondial-des-capteurs-automobiles\/\" title=\"\u00c9tude de march\u00e9 sur les capteurs automobiles\"  data-wpil-monitor-id=\"7520\">Researchers aim to make smart sensors<\/a> more accessible. Efforts are made to create ones at the nanoscale while improving device performance. To achieve this, it was already proposed to use 0D, 1D, and 2D materials with bio-inspired concepts.<\/li>\n\n\n\n<li><strong>La difficult\u00e9 de pr\u00e9dire l\u2019\u00e9volution en temps r\u00e9el\u00a0:<\/strong> Manufacturers are challenged to expect and foresee the trends. Many industries are affected by the smart sensor market, and to cater to each of these industries&#8217; needs might require more than hindsight with <a href=\"https:\/\/www.sisinternational.com\/fr\/etude-de-marche-de-vente-au-detail-intelligente\/\" title=\"\u00c9tude de march\u00e9 de vente au d\u00e9tail intelligente\"  data-wpil-monitor-id=\"2535\">\u00e9tude de march\u00e9 sur les capteurs intelligents<\/a>.<\/li>\n<\/ul>","protected":false},"excerpt":{"rendered":"<p>Alors que l\u2019innovation continue de devenir un facteur important de croissance technologique, la demande de capteurs intelligents suit \u00e9galement.<\/p>","protected":false},"author":1,"featured_media":64571,"parent":14514,"menu_order":309,"comment_status":"closed","ping_status":"closed","template":"","meta":{"footnotes":""},"class_list":["post-42693","page","type-page","status-publish","has-post-thumbnail"],"_links":{"self":[{"href":"https:\/\/www.sisinternational.com\/fr\/wp-json\/wp\/v2\/pages\/42693","targetHints":{"allow":["GET"]}}],"collection":[{"href":"https:\/\/www.sisinternational.com\/fr\/wp-json\/wp\/v2\/pages"}],"about":[{"href":"https:\/\/www.sisinternational.com\/fr\/wp-json\/wp\/v2\/types\/page"}],"author":[{"embeddable":true,"href":"https:\/\/www.sisinternational.com\/fr\/wp-json\/wp\/v2\/users\/1"}],"replies":[{"embeddable":true,"href":"https:\/\/www.sisinternational.com\/fr\/wp-json\/wp\/v2\/comments?post=42693"}],"version-history":[{"count":9,"href":"https:\/\/www.sisinternational.com\/fr\/wp-json\/wp\/v2\/pages\/42693\/revisions"}],"predecessor-version":[{"id":81146,"href":"https:\/\/www.sisinternational.com\/fr\/wp-json\/wp\/v2\/pages\/42693\/revisions\/81146"}],"up":[{"embeddable":true,"href":"https:\/\/www.sisinternational.com\/fr\/wp-json\/wp\/v2\/pages\/14514"}],"wp:featuredmedia":[{"embeddable":true,"href":"https:\/\/www.sisinternational.com\/fr\/wp-json\/wp\/v2\/media\/64571"}],"wp:attachment":[{"href":"https:\/\/www.sisinternational.com\/fr\/wp-json\/wp\/v2\/media?parent=42693"}],"curies":[{"name":"wp","href":"https:\/\/api.w.org\/{rel}","templated":true}]}}