{"id":42688,"date":"2023-05-03T16:21:11","date_gmt":"2023-05-03T20:21:11","guid":{"rendered":"https:\/\/www.sisinternational.com\/?page_id=42688"},"modified":"2026-01-25T18:15:24","modified_gmt":"2026-01-25T23:15:24","slug":"etude-de-marche-sur-la-superiorite-des-produits","status":"publish","type":"page","link":"https:\/\/www.sisinternational.com\/fr\/competence\/etude-de-marche-sur-la-superiorite-des-produits\/","title":{"rendered":"\u00c9tude de march\u00e9 sur la sup\u00e9riorit\u00e9 des produits"},"content":{"rendered":"<h1 class=\"wp-block-heading\">\u00c9tude de march\u00e9 sur la sup\u00e9riorit\u00e9 des produits<\/h1>\n\n\n\n<figure class=\"gb-block-image gb-block-image-4d8211a6\"><img loading=\"lazy\" decoding=\"async\" width=\"1456\" height=\"816\" class=\"gb-image gb-image-4d8211a6\" src=\"https:\/\/www.sisinternational.com\/wp-content\/uploads\/2025\/09\/Beauty-product-3.jpg\" alt=\"\u00c9tudes de march\u00e9 et strat\u00e9gie internationales SIS\" title=\"Beauty product (3)\" srcset=\"https:\/\/www.sisinternational.com\/wp-content\/uploads\/2025\/09\/Beauty-product-3.jpg 1456w, https:\/\/www.sisinternational.com\/wp-content\/uploads\/2025\/09\/Beauty-product-3-300x168.jpg 300w, https:\/\/www.sisinternational.com\/wp-content\/uploads\/2025\/09\/Beauty-product-3-1024x574.jpg 1024w, https:\/\/www.sisinternational.com\/wp-content\/uploads\/2025\/09\/Beauty-product-3-768x430.jpg 768w, https:\/\/www.sisinternational.com\/wp-content\/uploads\/2025\/09\/Beauty-product-3-18x10.jpg 18w\" sizes=\"auto, (max-width: 1456px) 100vw, 1456px\"><\/figure>\n\n\n\n<p><\/p>\n\n\n\n<p>Les \u00e9tudes de march\u00e9 sur la sup\u00e9riorit\u00e9 des produits permettent aux entreprises de fournir un support bas\u00e9 sur des donn\u00e9es pour leurs affirmations et affirmations audacieuses dans le paysage commercial contemporain.<\/p>\n\n\n\n<p>Pour soutenir leur leadership sur le march\u00e9, les entreprises utilisent des \u00e9tudes de march\u00e9 sur la sup\u00e9riorit\u00e9 des produits pour \u00e9tayer leurs produits avec des donn\u00e9es de recherche fiables.<\/p>\n\n\n\n<h2 class=\"wp-block-heading\">Qu\u2019est-ce que l\u2019\u00e9tude de march\u00e9 sur la sup\u00e9riorit\u00e9 des produits ?<\/h2>\n\n\n\n<p>The act of studying the competition and assessing its own performance against competitors while sustaining product superiority with accurate data constitutes product superiority market research. By doing this, companies can acquire valuable insights into their own strengths and weaknesses and improve their <a href=\"https:\/\/www.sisinternational.com\/fr\/solutions\/conseil-en-tourisme-de-voyage-et-en-hotellerie\/societe-de-gestion-hoteliere-etude-de-marche-conseil-en-strategie\/\" title=\"Soci\u00e9t\u00e9 de gestion h\u00f4teli\u00e8re \u00c9tudes de march\u00e9 et conseil en strat\u00e9gie\"  data-wpil-monitor-id=\"9498\">strat\u00e9gies marketing<\/a> to outperform competitors.<\/p>\n\n\n\n<p>De plus, les entreprises peuvent am\u00e9liorer consid\u00e9rablement leur fiabilit\u00e9 en \u00e9tayant par des donn\u00e9es leurs affirmations expliquant pourquoi leurs produits sont sup\u00e9rieurs sur le march\u00e9.<\/p>\n\n\n\n<p>Customer preferences and behavior may also be revealed through product superiority market research. Similarly, companies can improve their understanding of the target audience and customize their offerings by analyzing the competition and their own products. Therefore, this method has the potential to <a href=\"https:\/\/www.sisinternational.com\/fr\/analyse-de-la-satisfaction-client\/\" title=\"8 fa\u00e7ons d&#039;augmenter la satisfaction des clients dans le commerce de d\u00e9tail\"  data-wpil-monitor-id=\"9493\">boost customer satisfaction<\/a> and loyalty for companies, which can translate into increased earnings.<\/p>\n\n\n\n<p>De plus, le recours aux \u00e9tudes de march\u00e9 peut identifier les tendances \u00e9mergentes au sein de leur secteur. Pour rester comp\u00e9titives sur un march\u00e9 en \u00e9volution rapide, les entreprises peuvent utiliser ces informations pour modifier leurs strat\u00e9gies et leurs offres afin de se positionner en tant que leaders du secteur et d&#039;acqu\u00e9rir un avantage concurrentiel.<\/p>\n\n\n\n<h2 class=\"wp-block-heading\">Avantages de la mise en \u0153uvre d\u2019une \u00e9tude de march\u00e9 sur la sup\u00e9riorit\u00e9 des produits<\/h2>\n\n\n\n<ul class=\"wp-block-list\">\n<li>Product superiority market research provides companies with a competitive advantage, offering valuable insights and facilitating informed decision-making about their products and the reasons why they lead the <a href=\"https:\/\/www.sisinternational.com\/fr\/solutions\/etude-de-marche-des-produits-de-beaute\/etude-de-marche-sur-le-bien-etre-des-baby-boomers\/\" title=\"\u00c9tude de march\u00e9 sur le bien-\u00eatre des baby-boomers\"  data-wpil-monitor-id=\"9500\">market and perform so well<\/a> for their consumers.<\/li>\n\n\n\n<li>Reliable data and insights enable businesses to make better decisions regarding <a href=\"https:\/\/www.sisinternational.com\/fr\/solutions\/conseil-en-strategie\/conseil-en-strategie-detude-de-marche-sur-la-responsabilite-du-fait-des-produits\/\" title=\"\u00c9tudes de march\u00e9 et conseil en strat\u00e9gie en mati\u00e8re de responsabilit\u00e9 du fait des produits\"  data-wpil-monitor-id=\"9495\">product development and marketing strategies<\/a> as well as pricing and expansion into new markets.<\/li>\n\n\n\n<li>D\u00e9velopper des produits et des services adapt\u00e9s au public cible est r\u00e9alisable gr\u00e2ce \u00e0 la compr\u00e9hension des besoins et des pr\u00e9f\u00e9rences des clients. Pour r\u00e9ussir \u00e0 long terme, il faut accro\u00eetre la satisfaction et la fid\u00e9lit\u00e9 des clients.<\/li>\n\n\n\n<li>Les entreprises peuvent rester en contact avec les pr\u00e9f\u00e9rences des clients et les tendances du march\u00e9 en effectuant des \u00e9tudes de march\u00e9 sur la sup\u00e9riorit\u00e9 des produits et en am\u00e9liorant leurs campagnes marketing pour les produits existants et les lancements futurs.<\/li>\n\n\n\n<li>Il r\u00e9v\u00e8le des d\u00e9couvertes sur les nouvelles tendances et progressions technologiques ainsi que les pr\u00e9f\u00e9rences des clients. Ceux-ci peuvent \u00eatre utilis\u00e9s pour alimenter l\u2019innovation et aider les entreprises \u00e0 se diff\u00e9rencier de leurs concurrents, g\u00e9n\u00e9rant ainsi des id\u00e9es uniques auxquelles les chercheurs n\u2019avaient probablement m\u00eame pas pens\u00e9.<\/li>\n\n\n\n<li>Les entreprises peuvent augmenter leurs chances de r\u00e9ussite en d\u00e9veloppant des strat\u00e9gies bas\u00e9es sur les donn\u00e9es et en int\u00e9grant des informations dans la planification strat\u00e9gique. L\u2019allocation efficace des ressources garantit un retour sur investissement optimis\u00e9.<\/li>\n<\/ul>\n\n\n\n<h2 class=\"wp-block-heading\">D\u00e9fis<\/h2>\n\n\n\n<p>Bien que ce type de recherche puisse fournir des informations pr\u00e9cieuses aux entreprises, sa r\u00e9alisation pr\u00e9sente \u00e9galement certains d\u00e9fis. Voici quelques-uns des d\u00e9fis li\u00e9s \u00e0 la r\u00e9alisation d\u2019\u00e9tudes de march\u00e9 sur la sup\u00e9riorit\u00e9 des produits\u00a0:<\/p>\n\n\n\n<ul class=\"wp-block-list\">\n<li>Obtaining accurate and reliable data can be challenging, particularly when evaluating multiple products across different categories. If the research includes subjective factors like user <a href=\"https:\/\/www.sisinternational.com\/fr\/recherche-qualitative-pour-ameliorer-lexperience-client\/\" title=\"Recherche qualitative pour am\u00e9liorer l&#039;exp\u00e9rience client\"  data-wpil-monitor-id=\"9499\">experience and customer<\/a> satisfaction, it can become even more complex.<\/li>\n\n\n\n<li>Choisir des concurrents appropri\u00e9s \u00e0 des fins de comparaison peut s&#039;av\u00e9rer difficile en raison de la pr\u00e9sence de plusieurs produits similaires ou distincts sur le march\u00e9. Il peut \u00eatre difficile de d\u00e9cider quels produits comparer et comment quantifier les variations.<\/li>\n\n\n\n<li>L\u2019exactitude et la fiabilit\u00e9 des r\u00e9sultats de la recherche peuvent \u00eatre consid\u00e9rablement affect\u00e9es par la taille et la repr\u00e9sentation de l\u2019\u00e9chantillon. Obtenir un \u00e9chantillon repr\u00e9sentatif du march\u00e9 cible peut \u00eatre difficile, ce qui peut entra\u00eener des r\u00e9sultats biais\u00e9s.<\/li>\n\n\n\n<li>Mener des recherches sur la sup\u00e9riorit\u00e9 des produits peut s\u2019av\u00e9rer co\u00fbteux, en particulier lorsqu\u2019il s\u2019agit d\u2019\u00e9valuer plusieurs produits et de n\u00e9cessiter un \u00e9chantillon de grande taille. Les petites entreprises ou les startups aux ressources limit\u00e9es peuvent trouver cela difficile.<\/li>\n\n\n\n<li>L&#039;\u00e9valuation de plusieurs produits dans diff\u00e9rentes cat\u00e9gories peut prendre beaucoup de temps lorsqu&#039;il s&#039;agit de mener des recherches pour d\u00e9terminer la sup\u00e9riorit\u00e9 d&#039;un produit. Le lancement d&#039;un nouveau produit ou d&#039;une nouvelle fonctionnalit\u00e9 peut \u00eatre retard\u00e9, ce qui peut avoir un impact sur la comp\u00e9titivit\u00e9 de l&#039;entreprise.<\/li>\n<\/ul>\n\n\n\n<h2 class=\"wp-block-heading\">Consid\u00e9rations li\u00e9es \u00e0 l\u2019ex\u00e9cution d\u2019une \u00e9tude de march\u00e9 sur la sup\u00e9riorit\u00e9 des produits<\/h2>\n\n\n\n<p>Les \u00e9tudes de march\u00e9 sur la sup\u00e9riorit\u00e9 des produits offrent aux entreprises des informations importantes et un avantage concurrentiel. Cependant, cela pose \u00e9galement certains d\u00e9fis et n\u00e9cessite un examen attentif. Lorsque vous effectuez une \u00e9tude de march\u00e9 pour la sup\u00e9riorit\u00e9, tenez compte de ces facteurs cl\u00e9s\u00a0:<\/p>\n\n\n\n<ul class=\"wp-block-list\">\n<li>Pour garantir une \u00e9tude de march\u00e9 r\u00e9ussie, il est essentiel de garantir la qualit\u00e9 et l\u2019exactitude des donn\u00e9es collect\u00e9es. Pour minimiser les erreurs et les biais dans leurs donn\u00e9es, les entreprises doivent s\u00e9lectionner des sources d&#039;informations fiables et utiliser des m\u00e9thodes d&#039;\u00e9chantillonnage appropri\u00e9es.<\/li>\n\n\n\n<li>Mener une \u00e9tude de march\u00e9 sur la sup\u00e9riorit\u00e9 d\u2019un produit peut s\u2019av\u00e9rer co\u00fbteux en termes de ressources. Cela n\u00e9cessite un investissement consid\u00e9rable en temps, en technologie et en personnel. Pour r\u00e9ussir l\u2019allocation des ressources et la gestion des co\u00fbts dans les op\u00e9rations commerciales, il faut trouver le bon \u00e9quilibre entre l\u2019obtention d\u2019informations utiles et la pr\u00e9servation d\u2019un budget optimal.<\/li>\n\n\n\n<li>Maintenir l&#039;objectivit\u00e9 et \u00e9viter les pr\u00e9jug\u00e9s est crucial pour les chercheurs qui doivent \u00e9viter toute influence potentielle sur leurs r\u00e9sultats de recherche. Pour garantir que la recherche conserve son int\u00e9grit\u00e9, il est n\u00e9cessaire de prendre en compte les biais de confirmation et de s\u00e9lection, ainsi que d\u2019autres pi\u00e8ges possibles.<\/li>\n\n\n\n<li>To stay relevant in today&#8217;s rapidly changing markets, <a href=\"https:\/\/www.sisinternational.com\/fr\/solutions\/recherche-de-conseil-en-strategie-fintech\/conseil-en-strategie-detude-de-marche-sur-lassurance-contre-les-pertes-dexploitation\/\" title=\"Assurance contre les pertes d\u2019exploitation \u00c9tude de march\u00e9 et conseil en strat\u00e9gie\"  data-wpil-monitor-id=\"9496\">businesses need to adjust their research strategies<\/a> and methodologies quickly. Updating <a href=\"https:\/\/www.sisinternational.com\/fr\/couverture\/leurope-%ef%83%97\/etude-de-marche-liverpool-royaume-uni\/\" title=\"\u00c9tude de march\u00e9 \u00e0 Liverpool | Groupes de discussion et collecte de donn\u00e9es au Royaume-Uni\"  data-wpil-monitor-id=\"9494\">research questions or refining data collection<\/a> methods along with incorporating new technologies can help in staying relevant.<\/li>\n\n\n\n<li>Achieving a comprehensive understanding of the market involves balancing both quantitative and qualitative <a href=\"https:\/\/www.sisinternational.com\/fr\/couverture\/etude-de-marche-en-asie\/etude-de-marche-au-timor\/\" title=\"\u00c9tude de march\u00e9 au Timor\"  data-wpil-monitor-id=\"4737\">recherche<\/a> methods in product superiority market research. A complete and accurate perception of their target audience and <a href=\"https:\/\/www.sisinternational.com\/fr\/competence\/les-industries\/etude-de-marche-automobile\/cliniques-automobiles-statiques-et-dynamiques\/\" title=\"Market Research Methods for Automotive Research &#8211; Static vs Dynamic Car Clinics\"  data-wpil-monitor-id=\"9497\">market dynamics<\/a> can be achieved through careful selection and balance of these methods.<\/li>\n\n\n\n<li>Maximiser l\u2019impact des r\u00e9sultats de la recherche sur les d\u00e9cisions commerciales n\u00e9cessite une interpr\u00e9tation et une communication efficaces. Il est n\u00e9cessaire d\u2019avoir la capacit\u00e9 de transformer des donn\u00e9es et des informations complexes en suggestions simples que les d\u00e9cideurs peuvent comprendre sans difficult\u00e9.<\/li>\n\n\n\n<li>L\u2019un des principaux d\u00e9fis rencontr\u00e9s lors des \u00e9tudes de march\u00e9 sur la sup\u00e9riorit\u00e9 des produits est l\u2019indisponibilit\u00e9 de donn\u00e9es ad\u00e9quates. Dans certains secteurs, il peut y avoir un manque d\u2019informations facilement disponibles ou les donn\u00e9es existantes peuvent ne pas \u00eatre fiables ou pr\u00e9cises.<\/li>\n\n\n\n<li>La comparaison des donn\u00e9es provenant de plusieurs sources est essentielle pour effectuer des comparaisons pr\u00e9cises entre entreprises dans le cadre d\u2019\u00e9tudes de march\u00e9 sur la sup\u00e9riorit\u00e9 des produits. Le d\u00e9fi survient lorsque les donn\u00e9es ne sont pas coh\u00e9rentes ou standardis\u00e9es dans toutes les sources.<\/li>\n\n\n\n<li>Dans certaines situations, obtenir un \u00e9chantillon suffisamment grand pour mener une \u00e9tude de march\u00e9 efficace sur la sup\u00e9riorit\u00e9 des produits peut s\u2019av\u00e9rer difficile.<\/li>\n<\/ul>","protected":false},"excerpt":{"rendered":"<p>Pour soutenir leur leadership sur le march\u00e9, les entreprises utilisent des \u00e9tudes de march\u00e9 sur la sup\u00e9riorit\u00e9 des produits pour \u00e9tayer leurs produits avec des donn\u00e9es de recherche fiables.<\/p>","protected":false},"author":1,"featured_media":68806,"parent":14514,"menu_order":308,"comment_status":"closed","ping_status":"closed","template":"","meta":{"footnotes":""},"class_list":["post-42688","page","type-page","status-publish","has-post-thumbnail"],"_links":{"self":[{"href":"https:\/\/www.sisinternational.com\/fr\/wp-json\/wp\/v2\/pages\/42688","targetHints":{"allow":["GET"]}}],"collection":[{"href":"https:\/\/www.sisinternational.com\/fr\/wp-json\/wp\/v2\/pages"}],"about":[{"href":"https:\/\/www.sisinternational.com\/fr\/wp-json\/wp\/v2\/types\/page"}],"author":[{"embeddable":true,"href":"https:\/\/www.sisinternational.com\/fr\/wp-json\/wp\/v2\/users\/1"}],"replies":[{"embeddable":true,"href":"https:\/\/www.sisinternational.com\/fr\/wp-json\/wp\/v2\/comments?post=42688"}],"version-history":[{"count":5,"href":"https:\/\/www.sisinternational.com\/fr\/wp-json\/wp\/v2\/pages\/42688\/revisions"}],"predecessor-version":[{"id":81585,"href":"https:\/\/www.sisinternational.com\/fr\/wp-json\/wp\/v2\/pages\/42688\/revisions\/81585"}],"up":[{"embeddable":true,"href":"https:\/\/www.sisinternational.com\/fr\/wp-json\/wp\/v2\/pages\/14514"}],"wp:featuredmedia":[{"embeddable":true,"href":"https:\/\/www.sisinternational.com\/fr\/wp-json\/wp\/v2\/media\/68806"}],"wp:attachment":[{"href":"https:\/\/www.sisinternational.com\/fr\/wp-json\/wp\/v2\/media?parent=42688"}],"curies":[{"name":"wp","href":"https:\/\/api.w.org\/{rel}","templated":true}]}}