{"id":42686,"date":"2023-05-03T15:49:01","date_gmt":"2023-05-03T19:49:01","guid":{"rendered":"https:\/\/www.sisinternational.com\/?page_id=42686"},"modified":"2026-01-26T17:13:45","modified_gmt":"2026-01-26T22:13:45","slug":"responsable-des-prestations-pharmaceutiques-etude-de-marche-pbm","status":"publish","type":"page","link":"https:\/\/www.sisinternational.com\/fr\/competence\/responsable-des-prestations-pharmaceutiques-etude-de-marche-pbm\/","title":{"rendered":"\u00c9tude de march\u00e9 sur les gestionnaires de prestations pharmaceutiques (PBM)"},"content":{"rendered":"<h1 class=\"wp-block-heading\">\u00c9tude de march\u00e9 sur les gestionnaires de prestations pharmaceutiques (PBM)<\/h1>\n\n\n\n<figure class=\"gb-block-image gb-block-image-581ee796\"><img loading=\"lazy\" decoding=\"async\" width=\"1456\" height=\"816\" class=\"gb-image gb-image-581ee796\" src=\"https:\/\/www.sisinternational.com\/wp-content\/uploads\/2025\/08\/Pharmaceutical-6.jpg\" alt=\"\u00c9tudes de march\u00e9 et strat\u00e9gie internationales SIS\" title=\"Pharmaceutical (6)\" srcset=\"https:\/\/www.sisinternational.com\/wp-content\/uploads\/2025\/08\/Pharmaceutical-6.jpg 1456w, https:\/\/www.sisinternational.com\/wp-content\/uploads\/2025\/08\/Pharmaceutical-6-300x168.jpg 300w, https:\/\/www.sisinternational.com\/wp-content\/uploads\/2025\/08\/Pharmaceutical-6-1024x574.jpg 1024w, https:\/\/www.sisinternational.com\/wp-content\/uploads\/2025\/08\/Pharmaceutical-6-768x430.jpg 768w, https:\/\/www.sisinternational.com\/wp-content\/uploads\/2025\/08\/Pharmaceutical-6-18x10.jpg 18w\" sizes=\"auto, (max-width: 1456px) 100vw, 1456px\"><\/figure>\n\n\n\n<p><\/p>\n\n\n\n<p>L\u2019\u00e9tude de march\u00e9 PBM est un outil crucial pour comprendre la dynamique et les tendances de cette industrie. Les PBM agissent comme interm\u00e9diaires dans le syst\u00e8me de sant\u00e9, assumant la responsabilit\u00e9 de g\u00e9rer les prestations de m\u00e9dicaments sur ordonnance pour les r\u00e9gimes de sant\u00e9, les employeurs et les programmes gouvernementaux.<\/p>\n\n\n\n<p>Ils n\u00e9gocient avec les fabricants de m\u00e9dicaments pour fixer les prix des m\u00e9dicaments, cr\u00e9ent des formulaires de m\u00e9dicaments et supervisent les r\u00e9seaux de pharmacies pour garantir une livraison efficace et rentable des m\u00e9dicaments aux patients. Par cons\u00e9quent, alors que la demande de services de sant\u00e9 continue d\u2019augmenter, les parties prenantes et les investisseurs se sont vivement int\u00e9ress\u00e9s \u00e0 l\u2019\u00e9tude de march\u00e9 PBM.<\/p>\n\n\n\n<h2 class=\"wp-block-heading\">Qu\u2019est-ce que l\u2019\u00e9tude de march\u00e9 sur le Pharmacy Benefit Manager (PBM) ?<\/h2>\n\n\n\n<p>L\u2019\u00e9tude de march\u00e9 PBM comprend une approche m\u00e9thodique pour acqu\u00e9rir, analyser et comprendre les donn\u00e9es associ\u00e9es \u00e0 l\u2019industrie pharmaceutique. La recherche vise \u00e0 offrir des informations utiles sur l\u2019\u00e9tat actuel du march\u00e9, notamment la taille, les tendances, le potentiel de croissance, les exigences r\u00e9glementaires, le paysage concurrentiel et les pr\u00e9f\u00e9rences des consommateurs. En outre, il aide \u00e0 identifier les nouvelles opportunit\u00e9s et les obstacles qui soutiennent l&#039;industrie, permettant ainsi aux d\u00e9cideurs de faire des choix \u00e9clair\u00e9s et d&#039;\u00e9laborer des strat\u00e9gies de croissance efficaces qui garantissent un succ\u00e8s continu.<\/p>\n\n\n\n<p>Pour cette raison, les organisations peuvent acqu\u00e9rir une compr\u00e9hension approfondie des facteurs \u00e0 l\u2019origine du changement dans le secteur du PBM et obtenir des informations pr\u00e9cieuses sur l\u2019avenir du march\u00e9. Cette recherche peut \u00eatre particuli\u00e8rement utile pour les r\u00e9gimes de sant\u00e9, les employeurs, les agences gouvernementales, les fabricants de produits pharmaceutiques et d\u2019autres parties prenantes de l\u2019industrie qui naviguent dans le paysage complexe et concurrentiel du march\u00e9 du PBM.<\/p>\n\n\n\n<h2 class=\"wp-block-heading\">Le r\u00f4le crucial de l\u2019\u00e9tude de march\u00e9 Pharmacy Benefit Manager (PBM) pour les entreprises<\/h2>\n\n\n\n<figure class=\"gb-block-image gb-block-image-3fac324b\"><img loading=\"lazy\" decoding=\"async\" width=\"1456\" height=\"816\" class=\"gb-image gb-image-3fac324b\" src=\"https:\/\/www.sisinternational.com\/wp-content\/uploads\/2025\/08\/Pharmaceutical-22.jpg\" alt=\"\u00c9tudes de march\u00e9 et strat\u00e9gie internationales SIS\" title=\"Pharmaceutical (22)\" srcset=\"https:\/\/www.sisinternational.com\/wp-content\/uploads\/2025\/08\/Pharmaceutical-22.jpg 1456w, https:\/\/www.sisinternational.com\/wp-content\/uploads\/2025\/08\/Pharmaceutical-22-300x168.jpg 300w, https:\/\/www.sisinternational.com\/wp-content\/uploads\/2025\/08\/Pharmaceutical-22-1024x574.jpg 1024w, https:\/\/www.sisinternational.com\/wp-content\/uploads\/2025\/08\/Pharmaceutical-22-768x430.jpg 768w, https:\/\/www.sisinternational.com\/wp-content\/uploads\/2025\/08\/Pharmaceutical-22-18x10.jpg 18w\" sizes=\"auto, (max-width: 1456px) 100vw, 1456px\"><\/figure>\n\n\n\n<p><\/p>\n\n\n\n<p>PBM market research empowers stakeholders to make informed decisions, devise effective strategies, and attain sustainable growth. Essentially, it equips businesses with the necessary tools to stay ahead of the curve and succeed in a highly competitive market. The following points highlight the importance of <a href=\"https:\/\/www.sisinternational.com\/fr\/competence\/les-industries\/etude-de-marche-sur-les-points-de-vente-2\/\" title=\"\u00c9tude de march\u00e9 sur les points de vente\"  data-wpil-monitor-id=\"4917\">PBM market research<\/a> for businesses:<\/p>\n\n\n\n<ul class=\"wp-block-list\">\n<li><strong>Prise de d\u00e9cision \u00e9clair\u00e9e\u00a0:<\/strong> En menant des \u00e9tudes de march\u00e9 approfondies, les entreprises obtiennent des informations pr\u00e9cieuses sur l\u2019\u00e9tat actuel du secteur PBM et pr\u00e9disent les d\u00e9veloppements futurs.<\/li>\n\n\n\n<li><strong>Identifier les opportunit\u00e9s et les menaces\u00a0:<\/strong> En analysant les tendances et les donn\u00e9es, les entreprises peuvent identifier de nouveaux march\u00e9s, les avanc\u00e9es technologiques et les offres de services innovantes susceptibles de renforcer leur avantage concurrentiel. Ces informations permettent aux entreprises de capitaliser sur ces perspectives et de maintenir leur avantage sur le march\u00e9.<\/li>\n\n\n\n<li><strong>Avantage comp\u00e9titif:<\/strong> En menant des \u00e9tudes de march\u00e9 PBM, les entreprises peuvent acqu\u00e9rir des connaissances pr\u00e9cieuses sur les tactiques et les r\u00e9alisations de leurs concurrents afin d\u2019acqu\u00e9rir un avantage concurrentiel.<\/li>\n\n\n\n<li><strong>Conformit\u00e9 r\u00e9glementaire\u00a0:<\/strong> L&#039;industrie du PBM op\u00e8re dans un environnement fortement r\u00e9glement\u00e9. Les changements de r\u00e9glementation peuvent avoir un impact significatif sur la dynamique du march\u00e9 et perturber les op\u00e9rations des entreprises du secteur. Pour garder une longueur d&#039;avance, les \u00e9tudes de march\u00e9 PBM sont essentielles pour rester inform\u00e9 et s&#039;adapter aux nouvelles exigences \u00e0 temps.<\/li>\n\n\n\n<li><strong>Gestion des risques:<\/strong> Les \u00e9tudes de march\u00e9 PBM offrent aux entreprises une perspective holistique du march\u00e9, leur permettant d\u2019identifier les dangers potentiels et de concevoir des strat\u00e9gies efficaces pour y faire face. Cette approche proactive de gestion des risques contribue \u00e0 garantir la viabilit\u00e9 \u00e0 long terme d\u2019une entreprise.<\/li>\n<\/ul>\n\n\n\n<h2 class=\"wp-block-heading\">Opportunit\u00e9s cl\u00e9s<\/h2>\n\n\n\n<ul class=\"wp-block-list\">\n<li><strong>Identifier les segments de croissance :<\/strong> Mener des \u00e9tudes de march\u00e9 au sein de l\u2019industrie du PBM peut \u00eatre un moyen efficace d\u2019identifier les segments \u00e0 forte croissance, notamment les services pharmaceutiques sp\u00e9cialis\u00e9s, les mod\u00e8les de soins bas\u00e9s sur la valeur et les plateformes num\u00e9riques de sant\u00e9. En acqu\u00e9rant une compr\u00e9hension globale de ces tendances \u00e9mergentes, les entreprises peuvent allouer leurs ressources et concevoir des strat\u00e9gies pour capitaliser sur les domaines pr\u00e9sentant le plus grand potentiel d&#039;expansion et de rentabilit\u00e9.<\/li>\n\n\n\n<li><strong>Am\u00e9liorer les exp\u00e9riences client\u00a0:<\/strong> En effectuant des \u00e9tudes de march\u00e9 PBM, les entreprises peuvent obtenir des informations pr\u00e9cieuses sur les pr\u00e9f\u00e9rences, les comportements et les domaines d&#039;insatisfaction des clients. Ces connaissances peuvent \u00eatre utilis\u00e9es pour personnaliser et am\u00e9liorer les services commerciaux, ce qui se traduit par une plus grande satisfaction et fid\u00e9lit\u00e9 des clients et une am\u00e9lioration globale des performances financi\u00e8res de l&#039;entreprise.<\/li>\n\n\n\n<li><strong>Optimizing cost <\/strong><a href=\"https:\/\/www.sisinternational.com\/fr\/le-talent-mondial-croque-un-livre-blanc-par-ruth-stanat\/\" title=\"\u00c9tude de march\u00e9 sur la gestion des talents\"  data-wpil-monitor-id=\"2198\">management strategies: By undertaking comprehensive market research<\/a>, businesses can uncover valuable insights that can be leveraged to identify cost-saving opportunities and optimize their operations. Some of the strategies that can be adopted to achieve this end include implementing more efficient drug utilization review processes, negotiating better pricing with manufacturers, and using data analytics to identify and address cost drivers.<\/li>\n\n\n\n<li><strong>Tirer parti de l\u2019analyse des donn\u00e9es et de la technologie\u00a0:<\/strong> Les \u00e9tudes de march\u00e9 PBM ont le potentiel de lib\u00e9rer des informations inexploit\u00e9es pour exploiter l\u2019analyse et la technologie de pointe afin de rationaliser les op\u00e9rations, d\u2019augmenter les niveaux de satisfaction des clients et d\u2019optimiser les r\u00e9sultats nets. Par exemple, l\u2019intelligence artificielle et l\u2019apprentissage automatique peuvent \u00eatre exploit\u00e9s pour une gestion efficace de l\u2019utilisation des m\u00e9dicaments, tandis que les outils de sant\u00e9 num\u00e9riques peuvent faciliter l\u2019engagement personnalis\u00e9 des patients.<\/li>\n\n\n\n<li><strong>Expansion vers de nouveaux march\u00e9s et partenariats\u00a0:<\/strong> R\u00e9aliser une \u00e9tude de march\u00e9 PBM dans l\u2019industrie du PBM peut s\u2019av\u00e9rer \u00eatre un atout pr\u00e9cieux pour les entreprises cherchant \u00e0 \u00e9largir leurs horizons. En analysant les tendances du march\u00e9 et les pr\u00e9f\u00e9rences des clients, les entreprises peuvent d\u00e9couvrir des opportunit\u00e9s potentielles telles que s&#039;aventurer sur les march\u00e9s mondiaux, former des alliances avec des prestataires de soins de sant\u00e9 ou collaborer avec des startups de sant\u00e9 num\u00e9rique.<\/li>\n\n\n\n<li><strong>Favoriser l\u2019innovation dans l\u2019industrie du PBM\u00a0:<\/strong> Les \u00e9tudes de march\u00e9 PBM peuvent r\u00e9v\u00e9ler des besoins non satisfaits et des lacunes sur le march\u00e9, stimulant ainsi l\u2019innovation dans les produits et services. En identifiant ces opportunit\u00e9s, les entreprises peuvent d\u00e9velopper des solutions innovantes qui r\u00e9pondent aux probl\u00e8mes des clients et les distinguent de la concurrence.<\/li>\n\n\n\n<li><strong>Am\u00e9liorer la transparence et la confiance\u00a0:<\/strong> Le recours aux \u00e9tudes de march\u00e9 PBM constitue une strat\u00e9gie efficace pour les entreprises recherchant des opportunit\u00e9s d&#039;accro\u00eetre la transparence de leurs op\u00e9rations, en particulier dans des domaines tels que le prix des m\u00e9dicaments, les remises et la gestion des formulaires. Une transparence accrue peut renforcer la confiance entre les clients, les patients et les r\u00e9gulateurs, conduisant finalement \u00e0 une part de march\u00e9 accrue ainsi qu&#039;\u00e0 une croissance et une prosp\u00e9rit\u00e9 \u00e0 long terme.<\/li>\n<\/ul>\n\n\n\n<h2 class=\"wp-block-heading\">Principaux d\u00e9fis de l\u2019\u00e9tude de march\u00e9 PBM<\/h2>\n\n\n\n<figure class=\"gb-block-image gb-block-image-ff1df4fb\"><img loading=\"lazy\" decoding=\"async\" width=\"1456\" height=\"816\" class=\"gb-image gb-image-ff1df4fb\" src=\"https:\/\/www.sisinternational.com\/wp-content\/uploads\/2025\/08\/Pharmaceutical-14.jpg\" alt=\"\u00c9tudes de march\u00e9 et strat\u00e9gie internationales SIS\" title=\"Pharmaceutical (14)\" srcset=\"https:\/\/www.sisinternational.com\/wp-content\/uploads\/2025\/08\/Pharmaceutical-14.jpg 1456w, https:\/\/www.sisinternational.com\/wp-content\/uploads\/2025\/08\/Pharmaceutical-14-300x168.jpg 300w, https:\/\/www.sisinternational.com\/wp-content\/uploads\/2025\/08\/Pharmaceutical-14-1024x574.jpg 1024w, https:\/\/www.sisinternational.com\/wp-content\/uploads\/2025\/08\/Pharmaceutical-14-768x430.jpg 768w, https:\/\/www.sisinternational.com\/wp-content\/uploads\/2025\/08\/Pharmaceutical-14-18x10.jpg 18w\" sizes=\"auto, (max-width: 1456px) 100vw, 1456px\"><\/figure>\n\n\n\n<ul class=\"wp-block-list\">\n<li><strong>Acc\u00e8s limit\u00e9 aux donn\u00e9es\u00a0:<\/strong> Le domaine des \u00e9tudes de march\u00e9 PBM est confront\u00e9 \u00e0 plusieurs d\u00e9fis lorsqu&#039;il s&#039;agit d&#039;acqu\u00e9rir des donn\u00e9es pertinentes, car les lois sur la confidentialit\u00e9, la protection des donn\u00e9es et la concurrence peuvent limiter l&#039;acc\u00e8s \u00e0 ces informations pr\u00e9cieuses. Les chercheurs peuvent rencontrer des obstacles lorsqu\u2019ils tentent de collecter des donn\u00e9es relatives aux tendances d\u2019utilisation des m\u00e9dicaments, aux remises, \u00e0 la conception des formulaires et \u00e0 d\u2019autres aspects essentiels des \u00e9tudes de march\u00e9 PBM.<\/li>\n\n\n\n<li><strong>Environnement de march\u00e9 dynamique\u00a0:<\/strong> The dynamic PBM industry is constantly transforming due to shifts in legislation, regulations, drug pricing, and healthcare consumer behavior. These ongoing changes pose a challenge for <a href=\"https:\/\/www.sisinternational.com\/fr\/competence\/les-industries\/etude-de-marche-sur-les-nouilles\/\" title=\"\u00c9tude de march\u00e9 sur les nouilles\"  data-wpil-monitor-id=\"3055\">researchers seeking to obtain up-to-date market<\/a> data, as outdated information can result in flawed market analyses.<\/li>\n\n\n\n<li><strong>Concurrence et saturation du march\u00e9\u00a0:<\/strong> Le march\u00e9 du PBM est tr\u00e8s comp\u00e9titif, avec plusieurs grands acteurs dominant le march\u00e9. Les chercheurs peuvent rencontrer des difficult\u00e9s pour acc\u00e9der aux informations sur les strat\u00e9gies, les mod\u00e8les commerciaux et les strat\u00e9gies de tarification des concurrents.<\/li>\n\n\n\n<li><strong>Ressources limit\u00e9es:<\/strong> Conducting PBM market <a href=\"https:\/\/www.sisinternational.com\/fr\/competence\/les-industries\/etude-de-marche-sur-la-gestion-des-dechets\/\" title=\"\u00c9tude de march\u00e9 sur la gestion des d\u00e9chets\"  data-wpil-monitor-id=\"5979\">recherche<\/a> can be costly and require significant resources such as data management and analytics tools. Limited resources can lead to compromised research quality and incomplete data analysis.<\/li>\n<\/ul>\n\n\n\n<h2 class=\"wp-block-heading\">Perspectives futures du march\u00e9 et opportunit\u00e9s de croissance<\/h2>\n\n\n\n<figure class=\"gb-block-image gb-block-image-27ec4735\"><img loading=\"lazy\" decoding=\"async\" width=\"1456\" height=\"816\" class=\"gb-image gb-image-27ec4735\" src=\"https:\/\/www.sisinternational.com\/wp-content\/uploads\/2025\/08\/Pharmaceutical-29.jpg\" alt=\"\u00c9tudes de march\u00e9 et strat\u00e9gie internationales SIS\" title=\"Pharmaceutical (29)\" srcset=\"https:\/\/www.sisinternational.com\/wp-content\/uploads\/2025\/08\/Pharmaceutical-29.jpg 1456w, https:\/\/www.sisinternational.com\/wp-content\/uploads\/2025\/08\/Pharmaceutical-29-300x168.jpg 300w, https:\/\/www.sisinternational.com\/wp-content\/uploads\/2025\/08\/Pharmaceutical-29-1024x574.jpg 1024w, https:\/\/www.sisinternational.com\/wp-content\/uploads\/2025\/08\/Pharmaceutical-29-768x430.jpg 768w, https:\/\/www.sisinternational.com\/wp-content\/uploads\/2025\/08\/Pharmaceutical-29-18x10.jpg 18w\" sizes=\"auto, (max-width: 1456px) 100vw, 1456px\"><\/figure>\n\n\n\n<ul class=\"wp-block-list\">\n<li>Le march\u00e9 du PBM devrait continuer de cro\u00eetre \u00e0 l\u2019avenir, sous l\u2019effet de facteurs tels que le vieillissement de la population, la pr\u00e9valence croissante des maladies chroniques et la demande croissante de solutions de sant\u00e9 rentables.<\/li>\n\n\n\n<li>As healthcare systems in developing countries continue to improve, PBMs have the opportunity to enter these <a href=\"https:\/\/www.sisinternational.com\/fr\/solutions\/solutions-de-recherche-qualitative-et-quantitative\/etude-de-marche-sur-la-gestion-des-installations\/\" title=\"\u00c9tude de march\u00e9 sur la gestion des installations\"  data-wpil-monitor-id=\"6453\">markets and provide cost-effective prescription drug management<\/a> services.<\/li>\n\n\n\n<li>L&#039;adoption de technologies innovantes telles que l&#039;IA, l&#039;analyse des m\u00e9gadonn\u00e9es et la t\u00e9l\u00e9m\u00e9decine peuvent am\u00e9liorer les op\u00e9rations PBM, am\u00e9liorer les soins aux patients et r\u00e9duire les co\u00fbts.<\/li>\n\n\n\n<li>\u00c0 mesure que l\u2019accent est mis de plus en plus sur la m\u00e9decine personnalis\u00e9e et les m\u00e9dicaments sp\u00e9cialis\u00e9s, les PBM peuvent capitaliser sur cette tendance en proposant des services et des solutions cibl\u00e9s pour g\u00e9rer ces th\u00e9rapies complexes.<\/li>\n<\/ul>\n\n\n\n<p>SIS International propose des recherches quantitatives, qualitatives et strat\u00e9giques. Nous fournissons des donn\u00e9es, des outils, des strat\u00e9gies, des rapports et des informations pour la prise de d\u00e9cision. Nous menons des entretiens, des enqu\u00eates, des groupes de discussion et de nombreuses autres m\u00e9thodes et approches d&#039;\u00e9tudes de march\u00e9. Contactez-nous pour votre prochain projet d&#039;\u00e9tude de march\u00e9.<\/p>","protected":false},"excerpt":{"rendered":"<p>L\u2019\u00e9tude de march\u00e9 PBM comprend une approche m\u00e9thodique pour acqu\u00e9rir, analyser et comprendre les donn\u00e9es de l\u2019industrie pharmaceutique.<\/p>","protected":false},"author":1,"featured_media":62853,"parent":14514,"menu_order":307,"comment_status":"closed","ping_status":"closed","template":"","meta":{"footnotes":""},"class_list":["post-42686","page","type-page","status-publish","has-post-thumbnail"],"_links":{"self":[{"href":"https:\/\/www.sisinternational.com\/fr\/wp-json\/wp\/v2\/pages\/42686","targetHints":{"allow":["GET"]}}],"collection":[{"href":"https:\/\/www.sisinternational.com\/fr\/wp-json\/wp\/v2\/pages"}],"about":[{"href":"https:\/\/www.sisinternational.com\/fr\/wp-json\/wp\/v2\/types\/page"}],"author":[{"embeddable":true,"href":"https:\/\/www.sisinternational.com\/fr\/wp-json\/wp\/v2\/users\/1"}],"replies":[{"embeddable":true,"href":"https:\/\/www.sisinternational.com\/fr\/wp-json\/wp\/v2\/comments?post=42686"}],"version-history":[{"count":8,"href":"https:\/\/www.sisinternational.com\/fr\/wp-json\/wp\/v2\/pages\/42686\/revisions"}],"predecessor-version":[{"id":80036,"href":"https:\/\/www.sisinternational.com\/fr\/wp-json\/wp\/v2\/pages\/42686\/revisions\/80036"}],"up":[{"embeddable":true,"href":"https:\/\/www.sisinternational.com\/fr\/wp-json\/wp\/v2\/pages\/14514"}],"wp:featuredmedia":[{"embeddable":true,"href":"https:\/\/www.sisinternational.com\/fr\/wp-json\/wp\/v2\/media\/62853"}],"wp:attachment":[{"href":"https:\/\/www.sisinternational.com\/fr\/wp-json\/wp\/v2\/media?parent=42686"}],"curies":[{"name":"wp","href":"https:\/\/api.w.org\/{rel}","templated":true}]}}