{"id":42682,"date":"2023-05-03T14:39:50","date_gmt":"2023-05-03T18:39:50","guid":{"rendered":"https:\/\/www.sisinternational.com\/?page_id=42682"},"modified":"2026-01-27T15:25:54","modified_gmt":"2026-01-27T20:25:54","slug":"etude-de-marche-des-patisseries","status":"publish","type":"page","link":"https:\/\/www.sisinternational.com\/fr\/competence\/etude-de-marche-des-patisseries\/","title":{"rendered":"Etude de march\u00e9 des p\u00e2tisseries"},"content":{"rendered":"<h1 class=\"wp-block-heading\">Etude de march\u00e9 des p\u00e2tisseries<\/h1>\n\n\n\n<figure class=\"gb-block-image gb-block-image-5b3f6317\"><img loading=\"lazy\" decoding=\"async\" width=\"1456\" height=\"816\" class=\"gb-image gb-image-5b3f6317\" src=\"https:\/\/www.sisinternational.com\/wp-content\/uploads\/2025\/08\/Pastries-4.jpg\" alt=\"\u00c9tudes de march\u00e9 et strat\u00e9gie internationales SIS\" title=\"Pastries (4)\" srcset=\"https:\/\/www.sisinternational.com\/wp-content\/uploads\/2025\/08\/Pastries-4.jpg 1456w, https:\/\/www.sisinternational.com\/wp-content\/uploads\/2025\/08\/Pastries-4-300x168.jpg 300w, https:\/\/www.sisinternational.com\/wp-content\/uploads\/2025\/08\/Pastries-4-1024x574.jpg 1024w, https:\/\/www.sisinternational.com\/wp-content\/uploads\/2025\/08\/Pastries-4-768x430.jpg 768w, https:\/\/www.sisinternational.com\/wp-content\/uploads\/2025\/08\/Pastries-4-18x10.jpg 18w\" sizes=\"auto, (max-width: 1456px) 100vw, 1456px\"><\/figure>\n\n\n\n<p><\/p>\n\n\n\n<p>Les \u00e9tudes de march\u00e9 sur les p\u00e2tisseries consistent \u00e0 accumuler et \u00e0 analyser des donn\u00e9es relatives \u00e0 l\u2019industrie. L&#039;objectif principal de cette recherche est de comprendre les pr\u00e9f\u00e9rences des consommateurs, les tendances du march\u00e9 et la concurrence afin que les entreprises puissent prendre des d\u00e9cisions \u00e9clair\u00e9es. Les \u00e9tudes de march\u00e9 sur les p\u00e2tisseries fournissent un aper\u00e7u de nombreuses facettes de l\u2019industrie, telles que les types de produits, le comportement des consommateurs et la dynamique du march\u00e9.<\/p>\n\n\n\n<h2 class=\"wp-block-heading\">Pr\u00e9sentation du produit de l\u2019\u00e9tude de march\u00e9 sur les p\u00e2tisseries<\/h2>\n\n\n\n<p>La p\u00e2tisserie est une forme d\u2019aliment cuit au four compos\u00e9 de farine, de graisse et d\u2019eau. Avant la cuisson, le m\u00e9lange est \u00e9tal\u00e9 et fa\u00e7onn\u00e9 sous diff\u00e9rentes formes, ce qui donne une texture feuillet\u00e9e et cassante. Les p\u00e2tisseries peuvent \u00eatre sucr\u00e9es ou sal\u00e9es et sont souvent remplies de fruits, de produits laitiers ou de viande.<\/p>\n\n\n\n<h2 class=\"wp-block-heading\">Types de p\u00e2tisseries :<\/h2>\n\n\n\n<h3 class=\"wp-block-heading\">L\u2019industrie de la p\u00e2tisserie offre une grande vari\u00e9t\u00e9 de produits, chacun ayant des caract\u00e9ristiques et des go\u00fbts distinctifs. Voici des descriptions de certaines des vari\u00e9t\u00e9s de p\u00e2tisseries les plus populaires :<\/h3>\n\n\n\n<ul class=\"wp-block-list\">\n<li>Les croissants sont des p\u00e2tisseries fran\u00e7aises compos\u00e9es de couches de p\u00e2te beurr\u00e9es et feuillet\u00e9es.<\/li>\n\n\n\n<li>Les beignets sont une confiserie ronde \u00e0 base de p\u00e2te qui est g\u00e9n\u00e9ralement enrob\u00e9e de sucre ou de gla\u00e7age et frite.<\/li>\n\n\n\n<li>Les g\u00e2teaux sont de d\u00e9licieuses friandises cuites \u00e0 base de farine, de sucre, d&#039;\u0153ufs et de beurre ou d&#039;huile.<\/li>\n\n\n\n<li>Les tartes sont des p\u00e2tisseries compos\u00e9es de p\u00e2te \u00e0 p\u00e2tisserie remplie de fruits, de cr\u00e8me ou de composants sal\u00e9s.<\/li>\n\n\n\n<li>Les muffins sont de minuscules p\u00e2tisseries sucr\u00e9es cuites au four, compos\u00e9es de farine, de sucre, d&#039;\u0153ufs et de beurre ou d&#039;huile.<\/li>\n<\/ul>\n\n\n\n<h2 class=\"wp-block-heading\">Port\u00e9e de l\u2019\u00e9tude de march\u00e9 sur les p\u00e2tisseries<\/h2>\n\n\n\n<p>L\u2019\u00e9tude de march\u00e9 sur les p\u00e2tisseries fournit des informations sur les pr\u00e9f\u00e9rences des consommateurs, les tendances du march\u00e9, l\u2019analyse de la concurrence et le d\u00e9veloppement de produits. Chacune de ces cat\u00e9gories est examin\u00e9e plus en d\u00e9tail ci-dessous.<\/p>\n\n\n\n<p><strong>Pr\u00e9f\u00e9rences des consommateurs \u2013<\/strong> Comprendre ce que veulent et exigent les consommateurs est essentiel au succ\u00e8s de toute entreprise. Les \u00e9tudes de march\u00e9 sur les p\u00e2tisseries peuvent fournir des informations pr\u00e9cieuses sur les pr\u00e9f\u00e9rences des consommateurs, telles que leurs vari\u00e9t\u00e9s pr\u00e9f\u00e9r\u00e9es de p\u00e2tisseries, leurs saveurs, leurs ingr\u00e9dients et leurs emballages.<\/p>\n\n\n\n<p><strong>Facteurs de march\u00e9 -<\/strong> Le march\u00e9 de la p\u00e2tisserie est en constante \u00e9volution et de nouvelles tendances apparaissent fr\u00e9quemment. Les \u00e9tudes de march\u00e9 sur les p\u00e2tisseries peuvent aider les entreprises \u00e0 se tenir au courant des d\u00e9veloppements les plus r\u00e9cents du secteur, y compris les tendances \u00e9mergentes telles que la demande croissante de p\u00e2tisseries sans gluten et v\u00e9g\u00e9taliennes.<\/p>\n\n\n\n<p><strong>Analyse comp\u00e9titive -<\/strong> Comprendre le paysage concurrentiel est essentiel pour les entreprises du secteur de la p\u00e2tisserie. Les \u00e9tudes de march\u00e9 sur les p\u00e2tisseries peuvent fournir des informations pr\u00e9cieuses sur la part de march\u00e9 des principaux acteurs, leurs strat\u00e9gies de prix et la perception que les consommateurs ont de leurs marques.<\/p>\n\n\n\n<p><strong>D\u00e9veloppement de produits \u2013<\/strong> Pour que les entreprises restent comp\u00e9titives, il est essentiel de d\u00e9velopper de nouveaux produits de p\u00e2tisserie qui r\u00e9pondent aux pr\u00e9f\u00e9rences des consommateurs. Les \u00e9tudes de march\u00e9 sur les p\u00e2tisseries peuvent fournir des informations pr\u00e9cieuses sur les vari\u00e9t\u00e9s de p\u00e2tisseries souhait\u00e9es par les consommateurs, leurs ingr\u00e9dients et saveurs pr\u00e9f\u00e9r\u00e9s, ainsi que leurs pr\u00e9f\u00e9rences en mati\u00e8re d&#039;emballage.<\/p>\n\n\n\n<h2 class=\"wp-block-heading\">Principaux moteurs des \u00e9tudes de march\u00e9 sur les p\u00e2tisseries<\/h2>\n\n\n\n<figure class=\"gb-block-image gb-block-image-3067d281\"><img loading=\"lazy\" decoding=\"async\" width=\"1456\" height=\"816\" class=\"gb-image gb-image-3067d281\" src=\"https:\/\/www.sisinternational.com\/wp-content\/uploads\/2025\/08\/pastries-4-2.jpg\" alt=\"\u00c9tudes de march\u00e9 et strat\u00e9gie internationales SIS\" title=\"pastries 4 (2)\" srcset=\"https:\/\/www.sisinternational.com\/wp-content\/uploads\/2025\/08\/pastries-4-2.jpg 1456w, https:\/\/www.sisinternational.com\/wp-content\/uploads\/2025\/08\/pastries-4-2-300x168.jpg 300w, https:\/\/www.sisinternational.com\/wp-content\/uploads\/2025\/08\/pastries-4-2-1024x574.jpg 1024w, https:\/\/www.sisinternational.com\/wp-content\/uploads\/2025\/08\/pastries-4-2-768x430.jpg 768w, https:\/\/www.sisinternational.com\/wp-content\/uploads\/2025\/08\/pastries-4-2-18x10.jpg 18w\" sizes=\"auto, (max-width: 1456px) 100vw, 1456px\"><\/figure>\n\n\n\n<p><\/p>\n\n\n\n<p>Les \u00e9tudes de march\u00e9 sur les p\u00e2tisseries fournissent un aper\u00e7u du paysage de l\u2019industrie. Le secteur de la p\u00e2tisserie est en constante \u00e9volution et de nouvelles tendances \u00e9mergent r\u00e9guli\u00e8rement. Voici quelques-unes des tendances les plus significatives du march\u00e9 de la p\u00e2tisserie\u00a0:<\/p>\n\n\n\n<p><strong>Sant\u00e9 et bien-\u00eatre -<\/strong> Lorsqu\u2019il s\u2019agit de choisir des p\u00e2tisseries, la sant\u00e9 et le bien-\u00eatre sont devenus des d\u00e9terminants cruciaux du choix du consommateur. Les p\u00e2tisseries sans gluten et v\u00e9g\u00e9taliennes, ainsi que les produits \u00e0 base d&#039;ingr\u00e9dients biologiques et sans OGM, sont recherch\u00e9s par les consommateurs.<\/p>\n\n\n\n<p><strong>Commodit\u00e9 -<\/strong> Les consommateurs recherchent des p\u00e2tisseries pratiques et simples \u00e0 consommer. Les p\u00e2tisseries emball\u00e9es individuellement deviennent de plus en plus populaires comme options \u00e0 emporter.<\/p>\n\n\n\n<p><strong>Localisation \u2013<\/strong> Les consommateurs s&#039;int\u00e9ressent de plus en plus aux p\u00e2tisseries d&#039;origine locale. Cette tendance est motiv\u00e9e par le d\u00e9sir des consommateurs de soutenir les entreprises locales et de r\u00e9duire l&#039;impact environnemental des transports.<\/p>\n\n\n\n<p><strong>Innovation -<\/strong> Le march\u00e9 de la p\u00e2tisserie est en constante \u00e9volution et la demande de produits de p\u00e2tisserie nouveaux et innovants augmente. Les cr\u00e9ateurs de produits de p\u00e2tisserie uniques et inventifs sont susceptibles de prosp\u00e9rer sur le march\u00e9.<\/p>\n\n\n\n<h2 class=\"wp-block-heading\">P\u00e2tisseries march\u00e9 M\u00e9thodologies de recherche<\/h2>\n\n\n\n<p>Lorsqu\u2019elles r\u00e9alisent des \u00e9tudes de march\u00e9 sur les p\u00e2tisseries, les entreprises peuvent utiliser des m\u00e9thodes \u00e0 la fois quantitatives et qualitatives pour acqu\u00e9rir des donn\u00e9es de march\u00e9 et les pr\u00e9f\u00e9rences des consommateurs. Vous trouverez ci-dessous des exemples de m\u00e9thodologies de recherche quantitatives et qualitatives qui peuvent \u00eatre utilis\u00e9es dans l&#039;industrie de la p\u00e2tisserie\u00a0:<\/p>\n\n\n\n<h2 class=\"wp-block-heading\">M\u00e9thodes de recherche quantitative :<\/h2>\n\n\n\n<figure class=\"gb-block-image gb-block-image-2174eaa2\"><img loading=\"lazy\" decoding=\"async\" width=\"1456\" height=\"816\" class=\"gb-image gb-image-2174eaa2\" src=\"https:\/\/www.sisinternational.com\/wp-content\/uploads\/2025\/08\/Pastries-5.jpg\" alt=\"\u00c9tudes de march\u00e9 et strat\u00e9gie internationales SIS\" title=\"Pastries (5)\" srcset=\"https:\/\/www.sisinternational.com\/wp-content\/uploads\/2025\/08\/Pastries-5.jpg 1456w, https:\/\/www.sisinternational.com\/wp-content\/uploads\/2025\/08\/Pastries-5-300x168.jpg 300w, https:\/\/www.sisinternational.com\/wp-content\/uploads\/2025\/08\/Pastries-5-1024x574.jpg 1024w, https:\/\/www.sisinternational.com\/wp-content\/uploads\/2025\/08\/Pastries-5-768x430.jpg 768w, https:\/\/www.sisinternational.com\/wp-content\/uploads\/2025\/08\/Pastries-5-18x10.jpg 18w\" sizes=\"auto, (max-width: 1456px) 100vw, 1456px\"><\/figure>\n\n\n\n<p><\/p>\n\n\n\n<p>Surveys provide quantitative data and <a href=\"https:\/\/www.sisinternational.com\/fr\/plusieurs-groupes-dinfluenceurs-indirects-dans-les-achats-des-consommateurs\/\" title=\"Plusieurs influenceurs dans les achats des consommateurs\"  data-wpil-monitor-id=\"7377\">strategies in pastries market research<\/a> that can be used to collect information regarding consumer preferences, attitudes, and behaviors. For instance, a food service company could conduct a survey to determine the most popular varieties of pastries or to collect demographic information about its customers.<\/p>\n\n\n\n<p>L&#039;analyse des donn\u00e9es de vente est une autre technique de recherche quantitative qui peut fournir des informations pr\u00e9cieuses sur les pr\u00e9f\u00e9rences des consommateurs et leurs habitudes d&#039;achat. Par exemple, une p\u00e2tisserie pourrait analyser les donn\u00e9es de vente pour d\u00e9terminer quels produits se vendent le plus, quelles saveurs sont les plus populaires et quels canaux de marketing sont les plus efficaces pour stimuler les ventes.<\/p>\n\n\n\n<h2 class=\"wp-block-heading\">M\u00e9thodes de recherche qualitative :<\/h2>\n\n\n\n<p>Les groupes de discussion consistent \u00e0 r\u00e9unir un groupe de consommateurs pour discuter de leurs r\u00e9flexions et opinions sur les produits de confiserie. Les groupes de discussion peuvent \u00eatre utilis\u00e9s pour rassembler des informations qualitatives sur les attitudes et les pr\u00e9f\u00e9rences des consommateurs. Par exemple, une entreprise pourrait organiser un groupe de discussion pour recueillir des commentaires sur un nouveau produit qu&#039;elle envisage de lancer.<\/p>\n\n\n\n<p><a class=\"wpil_keyword_link\" href=\"https:\/\/www.sisinternational.com\/fr\/solutions\/solutions-de-recherche-qualitative-et-quantitative\/entretiens-approfondis\/\"   title=\"Entretiens approfondis\" data-wpil-keyword-link=\"linked\"  data-wpil-monitor-id=\"683\">Entretiens approfondis<\/a> are another qualitative research method that can be used to collect detailed information regarding consumer attitudes and preferences. For instance, a business that sells pastries could conduct in-depth interviews with consumers to collect feedback on their products.<\/p>\n\n\n\n<p>Social media monitoring is a qualitative research technique that entails tracking mentions of a business or its products on social media platforms. This can be an effective method for collecting data and <a href=\"https:\/\/www.sisinternational.com\/fr\/comment-poursuivre-votre-expansion-sur-les-marches-emergents-dans-cette-recession\/\" title=\"Comment poursuivre votre expansion sur les march\u00e9s \u00e9mergents pendant cette r\u00e9cession\"  data-wpil-monitor-id=\"2146\">strategies in pastries market research<\/a> on consumer sentiment toward a brand or product and identifying emerging market trends. For instance, a bakery could use social media monitoring to track brand mentions and identify opportunities to engage with consumers or address negative feedback.<\/p>\n\n\n\n<p>En employant des techniques de recherche quantitatives et qualitatives, les entreprises du secteur de la confiserie peuvent collecter des informations pr\u00e9cieuses sur les pr\u00e9f\u00e9rences des consommateurs, les tendances du march\u00e9 et la concurrence. Ces informations peuvent \u00eatre utilis\u00e9es pour \u00e9clairer la strat\u00e9gie commerciale, cr\u00e9er de nouveaux produits et rester comp\u00e9titif sur un march\u00e9 en constante \u00e9volution.<\/p>\n\n\n\n<h2 class=\"wp-block-heading\">\u00c0 propos de l\u2019\u00e9tude de march\u00e9 sur les p\u00e2tisseries<\/h2>\n\n\n\n<figure class=\"gb-block-image gb-block-image-36bc6c90\"><img loading=\"lazy\" decoding=\"async\" width=\"1456\" height=\"816\" class=\"gb-image gb-image-36bc6c90\" src=\"https:\/\/www.sisinternational.com\/wp-content\/uploads\/2025\/08\/Pastries-1.jpg\" alt=\"\u00c9tudes de march\u00e9 et strat\u00e9gie internationales SIS\" title=\"Pastries (1)\" srcset=\"https:\/\/www.sisinternational.com\/wp-content\/uploads\/2025\/08\/Pastries-1.jpg 1456w, https:\/\/www.sisinternational.com\/wp-content\/uploads\/2025\/08\/Pastries-1-300x168.jpg 300w, https:\/\/www.sisinternational.com\/wp-content\/uploads\/2025\/08\/Pastries-1-1024x574.jpg 1024w, https:\/\/www.sisinternational.com\/wp-content\/uploads\/2025\/08\/Pastries-1-768x430.jpg 768w, https:\/\/www.sisinternational.com\/wp-content\/uploads\/2025\/08\/Pastries-1-18x10.jpg 18w\" sizes=\"auto, (max-width: 1456px) 100vw, 1456px\"><\/figure>\n\n\n\n<p><\/p>\n\n\n\n<p>L\u2019\u00e9tude de march\u00e9 pour la p\u00e2tisserie est essentielle \u00e0 toute strat\u00e9gie commerciale dans le secteur de la p\u00e2tisserie. Il offre des informations pr\u00e9cieuses sur les pr\u00e9f\u00e9rences des consommateurs, les tendances du march\u00e9 et la concurrence, permettant aux entreprises de prendre des d\u00e9cisions \u00e9clair\u00e9es et de conserver un avantage concurrentiel. Les donn\u00e9es et les strat\u00e9gies des \u00e9tudes de march\u00e9 sur les p\u00e2tisseries peuvent aider les principaux acteurs du secteur \u00e0 identifier \u00e9galement les lacunes potentielles du march\u00e9 et \u00e0 d\u00e9velopper des strat\u00e9gies de marketing cibl\u00e9es. Cela peut les aider \u00e0 cr\u00e9er des produits ou \u00e0 am\u00e9liorer ceux existants qui peuvent trouver un \u00e9cho aupr\u00e8s de leur public cible, accro\u00eetre la fid\u00e9lit\u00e9 des clients et, en fin de compte, stimuler la croissance des ventes et des revenus.<\/p>","protected":false},"excerpt":{"rendered":"<p>Les \u00e9tudes de march\u00e9 sur les p\u00e2tisseries fournissent un aper\u00e7u de nombreuses facettes de l\u2019industrie, telles que les types de produits, le comportement des consommateurs et la dynamique du march\u00e9.<\/p>","protected":false},"author":1,"featured_media":64298,"parent":14514,"menu_order":305,"comment_status":"closed","ping_status":"closed","template":"","meta":{"footnotes":""},"class_list":["post-42682","page","type-page","status-publish","has-post-thumbnail"],"_links":{"self":[{"href":"https:\/\/www.sisinternational.com\/fr\/wp-json\/wp\/v2\/pages\/42682","targetHints":{"allow":["GET"]}}],"collection":[{"href":"https:\/\/www.sisinternational.com\/fr\/wp-json\/wp\/v2\/pages"}],"about":[{"href":"https:\/\/www.sisinternational.com\/fr\/wp-json\/wp\/v2\/types\/page"}],"author":[{"embeddable":true,"href":"https:\/\/www.sisinternational.com\/fr\/wp-json\/wp\/v2\/users\/1"}],"replies":[{"embeddable":true,"href":"https:\/\/www.sisinternational.com\/fr\/wp-json\/wp\/v2\/comments?post=42682"}],"version-history":[{"count":6,"href":"https:\/\/www.sisinternational.com\/fr\/wp-json\/wp\/v2\/pages\/42682\/revisions"}],"predecessor-version":[{"id":81021,"href":"https:\/\/www.sisinternational.com\/fr\/wp-json\/wp\/v2\/pages\/42682\/revisions\/81021"}],"up":[{"embeddable":true,"href":"https:\/\/www.sisinternational.com\/fr\/wp-json\/wp\/v2\/pages\/14514"}],"wp:featuredmedia":[{"embeddable":true,"href":"https:\/\/www.sisinternational.com\/fr\/wp-json\/wp\/v2\/media\/64298"}],"wp:attachment":[{"href":"https:\/\/www.sisinternational.com\/fr\/wp-json\/wp\/v2\/media?parent=42682"}],"curies":[{"name":"wp","href":"https:\/\/api.w.org\/{rel}","templated":true}]}}